{"id":2888,"date":"2021-12-01T12:02:59","date_gmt":"2021-12-01T10:02:59","guid":{"rendered":"https:\/\/blogs.uef.fi\/karjalanelvytys\/?page_id=2888"},"modified":"2021-12-02T20:40:46","modified_gmt":"2021-12-02T18:40:46","slug":"opassu-netalinpaivat-ta-lehmien-nimet-vienankarjalaksi","status":"publish","type":"page","link":"https:\/\/blogs.uef.fi\/karjalanelvytys\/opassu-netalinpaivat-ta-lehmien-nimet-vienankarjalaksi\/","title":{"rendered":"Opa\u0161\u0161u net\u00e4linp\u00e4iv\u00e4t ta lehmien nimet vienankarjalak\u0161i"},"content":{"rendered":"<div style=\"width: 304px\" class=\"wp-caption alignnone\"><img loading=\"lazy\" decoding=\"async\" src=\"https:\/\/cdn.pixabay.com\/photo\/2015\/05\/31\/14\/23\/organizer-791939_960_720.jpg\" alt=\"J\u00e4rjest\u00e4j\u00e4, Kalenteri, Ajoittaa, Tapaamiset, P\u00e4iv\u00e4kirja\" width=\"294\" height=\"196\" \/><p class=\"wp-caption-text\">Min\u00e4 net\u00e4linp\u00e4iv\u00e4n\u00e4 n\u00e4keyvymm\u00e4?<\/p><\/div>\n<p>Kuva: Pixabay<\/p>\n<p>************<\/p>\n<p style=\"text-align: left\">En\u0161imm\u00e4isarkena En\u010dikkie e\u010din.<\/p>\n<p style=\"text-align: left\">Toisarkena Toi\u010dikin tokatin.<\/p>\n<p style=\"text-align: left\">Serotana Serokkie \u0161epy\u00e4n.<\/p>\n<p style=\"text-align: left\">Nell\u00e4n\u00e4pi\u00e4n\u00e4 N\u2019etko neron nieklou.<\/p>\n<p style=\"text-align: left\">Pi\u00e4tin\u010d\u010d\u00e4n\u00e4 Pi\u00e4kk\u00f6 pluanit pi\u00e4tt\u00e4y.<\/p>\n<p style=\"text-align: left\">\u0160uovattana \u0160uopo \u0161ul\u010d\u010dinalla kostittau.<\/p>\n<p style=\"text-align: left\">Pyh\u00e4n\u00e4pi\u00e4n\u00e4 Pyhikki kostih py\u00f6r\u00e4ht\u00e4y.<\/p>\n<p>\u0160anavakkani: <em>net\u00e4linp\u00e4iv\u00e4 \u2013 viikonp\u00e4iv\u00e4, en\u0161imm\u00e4isarki \/ en\u0161iarki \u2013 maanantai, toiniarki \u2013 tiistai, serota \u2013 keskiviikko, nell\u00e4\u0161p\u00e4iv\u00e4 \u2013 torstai, pi\u00e4tin\u010d\u010d\u00e4 \u2013 perjantai, \u0161uovatta \u2013 lauantai, pyh\u00e4p\u00e4iv\u00e4 \u2013 sunnuntai, e\u010d\u010die \u2013 etsi\u00e4, tokatie \u2013 huomata, hoksata, \u0161ev\u00e4t\u00e4 \u2013 halata, nero \u2013 taito, kyky, \u00e4ly, niekluo \u2013 neuloa, pluani \u2013 suunnitelma, pi\u00e4tty\u00e4 \u2013 p\u00e4\u00e4tt\u00e4\u00e4, \u0161ul\u010d\u010dina \u2013 sultsina, kostittua \u2013 kestitt\u00e4\u00e4, kostih \u2013 kyl\u00e4\u00e4n, py\u00f6r\u00e4hty\u00e4 \u2013 py\u00f6r\u00e4ht\u00e4\u00e4, piipahtaa<\/em>.<\/p>\n<p>Net\u00e4linp\u00e4iv\u00e4n mukah annetut perintehiset karjalaiset lehmien nimet: <em>En\u010dikki<\/em> (=en\u0161imm\u00e4isarkena \u0161yntynyt), <em>Toi\u010dikki, Serokki, N\u2019etko, Pi\u00e4kk\u00f6, \u0160uopo, Pyhikki<\/em>.<\/p>\n<div id=\"attachment_2891\" style=\"width: 310px\" class=\"wp-caption alignleft\"><img loading=\"lazy\" decoding=\"async\" aria-describedby=\"caption-attachment-2891\" class=\"wp-image-2891 size-medium\" src=\"https:\/\/blogs.uef.fi\/karjalanelvytys\/wp-content\/uploads\/sites\/155\/2021\/12\/Sohjanankosen-vasikat-300x225.jpg\" alt=\"Kuvassa on vasikoita\" width=\"300\" height=\"225\" srcset=\"https:\/\/blogs.uef.fi\/karjalanelvytys\/wp-content\/uploads\/sites\/155\/2021\/12\/Sohjanankosen-vasikat-300x225.jpg 300w, https:\/\/blogs.uef.fi\/karjalanelvytys\/wp-content\/uploads\/sites\/155\/2021\/12\/Sohjanankosen-vasikat.jpg 742w\" sizes=\"auto, (max-width: 300px) 100vw, 300px\" \/><p id=\"caption-attachment-2891\" class=\"wp-caption-text\">Sohjananko\u0161en kyl\u00e4n vasikat kisuama\u0161\u0161a<\/p><\/div>\n<p>&nbsp;<\/p>\n<p>&nbsp;<\/p>\n<p>&nbsp;<\/p>\n<p>&nbsp;<\/p>\n<p>&nbsp;<\/p>\n<p>&nbsp;<\/p>\n<p>Ainehiston luatija: Olga Karlova<\/p>\n","protected":false},"excerpt":{"rendered":"<p>Kuva: Pixabay ************ En\u0161imm\u00e4isarkena En\u010dikkie e\u010din. Toisarkena Toi\u010dikin tokatin. Serotana Serokkie \u0161epy\u00e4n. Nell\u00e4n\u00e4pi\u00e4n\u00e4 N\u2019etko neron nieklou. Pi\u00e4tin\u010d\u010d\u00e4n\u00e4 Pi\u00e4kk\u00f6 pluanit pi\u00e4tt\u00e4y. \u0160uovattana \u0160uopo \u0161ul\u010d\u010dinalla kostittau. Pyh\u00e4n\u00e4pi\u00e4n\u00e4 Pyhikki kostih py\u00f6r\u00e4ht\u00e4y. \u0160anavakkani: net\u00e4linp\u00e4iv\u00e4 \u2013 viikonp\u00e4iv\u00e4, en\u0161imm\u00e4isarki \/ en\u0161iarki \u2013 maanantai, toiniarki \u2013 tiistai, serota \u2013 keskiviikko, nell\u00e4\u0161p\u00e4iv\u00e4 \u2013 torstai, pi\u00e4tin\u010d\u010d\u00e4 \u2013 perjantai, \u0161uovatta \u2013 lauantai, pyh\u00e4p\u00e4iv\u00e4 \u2013 sunnuntai, [&hellip;]<\/p>\n","protected":false},"author":480,"featured_media":0,"parent":0,"menu_order":0,"comment_status":"closed","ping_status":"closed","template":"","meta":{"_acf_changed":false,"footnotes":""},"class_list":["post-2888","page","type-page","status-publish","hentry"],"acf":[],"yoast_head":"<!-- This site is optimized with the Yoast SEO plugin v27.3 - https:\/\/yoast.com\/product\/yoast-seo-wordpress\/ -->\n<title>Opa\u0161\u0161u net\u00e4linp\u00e4iv\u00e4t ta lehmien nimet vienankarjalak\u0161i - Karjalan kielen elvytt\u00e4minen<\/title>\n<meta name=\"robots\" content=\"index, follow, max-snippet:-1, max-image-preview:large, max-video-preview:-1\" \/>\n<link rel=\"canonical\" href=\"https:\/\/blogs.uef.fi\/karjalanelvytys\/opassu-netalinpaivat-ta-lehmien-nimet-vienankarjalaksi\/\" \/>\n<meta property=\"og:locale\" content=\"fi_FI\" \/>\n<meta property=\"og:type\" content=\"article\" \/>\n<meta property=\"og:title\" content=\"Opa\u0161\u0161u net\u00e4linp\u00e4iv\u00e4t ta lehmien nimet vienankarjalak\u0161i - Karjalan kielen elvytt\u00e4minen\" \/>\n<meta property=\"og:description\" content=\"Kuva: Pixabay ************ En\u0161imm\u00e4isarkena En\u010dikkie e\u010din. Toisarkena Toi\u010dikin tokatin. Serotana Serokkie \u0161epy\u00e4n. Nell\u00e4n\u00e4pi\u00e4n\u00e4 N\u2019etko neron nieklou. Pi\u00e4tin\u010d\u010d\u00e4n\u00e4 Pi\u00e4kk\u00f6 pluanit pi\u00e4tt\u00e4y. \u0160uovattana \u0160uopo \u0161ul\u010d\u010dinalla kostittau. Pyh\u00e4n\u00e4pi\u00e4n\u00e4 Pyhikki kostih py\u00f6r\u00e4ht\u00e4y. \u0160anavakkani: net\u00e4linp\u00e4iv\u00e4 \u2013 viikonp\u00e4iv\u00e4, en\u0161imm\u00e4isarki \/ en\u0161iarki \u2013 maanantai, toiniarki \u2013 tiistai, serota \u2013 keskiviikko, nell\u00e4\u0161p\u00e4iv\u00e4 \u2013 torstai, pi\u00e4tin\u010d\u010d\u00e4 \u2013 perjantai, \u0161uovatta \u2013 lauantai, pyh\u00e4p\u00e4iv\u00e4 \u2013 sunnuntai, [&hellip;]\" \/>\n<meta property=\"og:url\" content=\"https:\/\/blogs.uef.fi\/karjalanelvytys\/opassu-netalinpaivat-ta-lehmien-nimet-vienankarjalaksi\/\" \/>\n<meta property=\"og:site_name\" content=\"Karjalan kielen elvytt\u00e4minen\" \/>\n<meta property=\"article:modified_time\" content=\"2021-12-02T18:40:46+00:00\" \/>\n<meta property=\"og:image\" content=\"https:\/\/cdn.pixabay.com\/photo\/2015\/05\/31\/14\/23\/organizer-791939_960_720.jpg\" \/>\n<meta name=\"twitter:card\" content=\"summary_large_image\" \/>\n<meta name=\"twitter:label1\" content=\"Arvioitu lukuaika\" \/>\n\t<meta name=\"twitter:data1\" content=\"1 minuutti\" \/>\n<script type=\"application\/ld+json\" class=\"yoast-schema-graph\">{\"@context\":\"https:\\\/\\\/schema.org\",\"@graph\":[{\"@type\":\"WebPage\",\"@id\":\"https:\\\/\\\/blogs.uef.fi\\\/karjalanelvytys\\\/opassu-netalinpaivat-ta-lehmien-nimet-vienankarjalaksi\\\/\",\"url\":\"https:\\\/\\\/blogs.uef.fi\\\/karjalanelvytys\\\/opassu-netalinpaivat-ta-lehmien-nimet-vienankarjalaksi\\\/\",\"name\":\"Opa\u0161\u0161u net\u00e4linp\u00e4iv\u00e4t ta lehmien nimet vienankarjalak\u0161i - Karjalan kielen elvytt\u00e4minen\",\"isPartOf\":{\"@id\":\"https:\\\/\\\/blogs.uef.fi\\\/karjalanelvytys\\\/#website\"},\"primaryImageOfPage\":{\"@id\":\"https:\\\/\\\/blogs.uef.fi\\\/karjalanelvytys\\\/opassu-netalinpaivat-ta-lehmien-nimet-vienankarjalaksi\\\/#primaryimage\"},\"image\":{\"@id\":\"https:\\\/\\\/blogs.uef.fi\\\/karjalanelvytys\\\/opassu-netalinpaivat-ta-lehmien-nimet-vienankarjalaksi\\\/#primaryimage\"},\"thumbnailUrl\":\"https:\\\/\\\/cdn.pixabay.com\\\/photo\\\/2015\\\/05\\\/31\\\/14\\\/23\\\/organizer-791939_960_720.jpg\",\"datePublished\":\"2021-12-01T10:02:59+00:00\",\"dateModified\":\"2021-12-02T18:40:46+00:00\",\"breadcrumb\":{\"@id\":\"https:\\\/\\\/blogs.uef.fi\\\/karjalanelvytys\\\/opassu-netalinpaivat-ta-lehmien-nimet-vienankarjalaksi\\\/#breadcrumb\"},\"inLanguage\":\"fi\",\"potentialAction\":[{\"@type\":\"ReadAction\",\"target\":[\"https:\\\/\\\/blogs.uef.fi\\\/karjalanelvytys\\\/opassu-netalinpaivat-ta-lehmien-nimet-vienankarjalaksi\\\/\"]}]},{\"@type\":\"ImageObject\",\"inLanguage\":\"fi\",\"@id\":\"https:\\\/\\\/blogs.uef.fi\\\/karjalanelvytys\\\/opassu-netalinpaivat-ta-lehmien-nimet-vienankarjalaksi\\\/#primaryimage\",\"url\":\"https:\\\/\\\/cdn.pixabay.com\\\/photo\\\/2015\\\/05\\\/31\\\/14\\\/23\\\/organizer-791939_960_720.jpg\",\"contentUrl\":\"https:\\\/\\\/cdn.pixabay.com\\\/photo\\\/2015\\\/05\\\/31\\\/14\\\/23\\\/organizer-791939_960_720.jpg\"},{\"@type\":\"BreadcrumbList\",\"@id\":\"https:\\\/\\\/blogs.uef.fi\\\/karjalanelvytys\\\/opassu-netalinpaivat-ta-lehmien-nimet-vienankarjalaksi\\\/#breadcrumb\",\"itemListElement\":[{\"@type\":\"ListItem\",\"position\":1,\"name\":\"Home\",\"item\":\"https:\\\/\\\/blogs.uef.fi\\\/karjalanelvytys\\\/\"},{\"@type\":\"ListItem\",\"position\":2,\"name\":\"Opa\u0161\u0161u net\u00e4linp\u00e4iv\u00e4t ta lehmien nimet vienankarjalak\u0161i\"}]},{\"@type\":\"WebSite\",\"@id\":\"https:\\\/\\\/blogs.uef.fi\\\/karjalanelvytys\\\/#website\",\"url\":\"https:\\\/\\\/blogs.uef.fi\\\/karjalanelvytys\\\/\",\"name\":\"Karjalan kielen elvytt\u00e4minen\",\"description\":\"\",\"potentialAction\":[{\"@type\":\"SearchAction\",\"target\":{\"@type\":\"EntryPoint\",\"urlTemplate\":\"https:\\\/\\\/blogs.uef.fi\\\/karjalanelvytys\\\/?s={search_term_string}\"},\"query-input\":{\"@type\":\"PropertyValueSpecification\",\"valueRequired\":true,\"valueName\":\"search_term_string\"}}],\"inLanguage\":\"fi\"}]}<\/script>\n<!-- \/ Yoast SEO plugin. -->","yoast_head_json":{"title":"Opa\u0161\u0161u net\u00e4linp\u00e4iv\u00e4t ta lehmien nimet vienankarjalak\u0161i - Karjalan kielen elvytt\u00e4minen","robots":{"index":"index","follow":"follow","max-snippet":"max-snippet:-1","max-image-preview":"max-image-preview:large","max-video-preview":"max-video-preview:-1"},"canonical":"https:\/\/blogs.uef.fi\/karjalanelvytys\/opassu-netalinpaivat-ta-lehmien-nimet-vienankarjalaksi\/","og_locale":"fi_FI","og_type":"article","og_title":"Opa\u0161\u0161u net\u00e4linp\u00e4iv\u00e4t ta lehmien nimet vienankarjalak\u0161i - Karjalan kielen elvytt\u00e4minen","og_description":"Kuva: Pixabay ************ En\u0161imm\u00e4isarkena En\u010dikkie e\u010din. Toisarkena Toi\u010dikin tokatin. Serotana Serokkie \u0161epy\u00e4n. Nell\u00e4n\u00e4pi\u00e4n\u00e4 N\u2019etko neron nieklou. Pi\u00e4tin\u010d\u010d\u00e4n\u00e4 Pi\u00e4kk\u00f6 pluanit pi\u00e4tt\u00e4y. \u0160uovattana \u0160uopo \u0161ul\u010d\u010dinalla kostittau. Pyh\u00e4n\u00e4pi\u00e4n\u00e4 Pyhikki kostih py\u00f6r\u00e4ht\u00e4y. \u0160anavakkani: net\u00e4linp\u00e4iv\u00e4 \u2013 viikonp\u00e4iv\u00e4, en\u0161imm\u00e4isarki \/ en\u0161iarki \u2013 maanantai, toiniarki \u2013 tiistai, serota \u2013 keskiviikko, nell\u00e4\u0161p\u00e4iv\u00e4 \u2013 torstai, pi\u00e4tin\u010d\u010d\u00e4 \u2013 perjantai, \u0161uovatta \u2013 lauantai, pyh\u00e4p\u00e4iv\u00e4 \u2013 sunnuntai, [&hellip;]","og_url":"https:\/\/blogs.uef.fi\/karjalanelvytys\/opassu-netalinpaivat-ta-lehmien-nimet-vienankarjalaksi\/","og_site_name":"Karjalan kielen elvytt\u00e4minen","article_modified_time":"2021-12-02T18:40:46+00:00","og_image":[{"url":"https:\/\/cdn.pixabay.com\/photo\/2015\/05\/31\/14\/23\/organizer-791939_960_720.jpg","type":"","width":"","height":""}],"twitter_card":"summary_large_image","twitter_misc":{"Arvioitu lukuaika":"1 minuutti"},"schema":{"@context":"https:\/\/schema.org","@graph":[{"@type":"WebPage","@id":"https:\/\/blogs.uef.fi\/karjalanelvytys\/opassu-netalinpaivat-ta-lehmien-nimet-vienankarjalaksi\/","url":"https:\/\/blogs.uef.fi\/karjalanelvytys\/opassu-netalinpaivat-ta-lehmien-nimet-vienankarjalaksi\/","name":"Opa\u0161\u0161u net\u00e4linp\u00e4iv\u00e4t ta lehmien nimet vienankarjalak\u0161i - Karjalan kielen elvytt\u00e4minen","isPartOf":{"@id":"https:\/\/blogs.uef.fi\/karjalanelvytys\/#website"},"primaryImageOfPage":{"@id":"https:\/\/blogs.uef.fi\/karjalanelvytys\/opassu-netalinpaivat-ta-lehmien-nimet-vienankarjalaksi\/#primaryimage"},"image":{"@id":"https:\/\/blogs.uef.fi\/karjalanelvytys\/opassu-netalinpaivat-ta-lehmien-nimet-vienankarjalaksi\/#primaryimage"},"thumbnailUrl":"https:\/\/cdn.pixabay.com\/photo\/2015\/05\/31\/14\/23\/organizer-791939_960_720.jpg","datePublished":"2021-12-01T10:02:59+00:00","dateModified":"2021-12-02T18:40:46+00:00","breadcrumb":{"@id":"https:\/\/blogs.uef.fi\/karjalanelvytys\/opassu-netalinpaivat-ta-lehmien-nimet-vienankarjalaksi\/#breadcrumb"},"inLanguage":"fi","potentialAction":[{"@type":"ReadAction","target":["https:\/\/blogs.uef.fi\/karjalanelvytys\/opassu-netalinpaivat-ta-lehmien-nimet-vienankarjalaksi\/"]}]},{"@type":"ImageObject","inLanguage":"fi","@id":"https:\/\/blogs.uef.fi\/karjalanelvytys\/opassu-netalinpaivat-ta-lehmien-nimet-vienankarjalaksi\/#primaryimage","url":"https:\/\/cdn.pixabay.com\/photo\/2015\/05\/31\/14\/23\/organizer-791939_960_720.jpg","contentUrl":"https:\/\/cdn.pixabay.com\/photo\/2015\/05\/31\/14\/23\/organizer-791939_960_720.jpg"},{"@type":"BreadcrumbList","@id":"https:\/\/blogs.uef.fi\/karjalanelvytys\/opassu-netalinpaivat-ta-lehmien-nimet-vienankarjalaksi\/#breadcrumb","itemListElement":[{"@type":"ListItem","position":1,"name":"Home","item":"https:\/\/blogs.uef.fi\/karjalanelvytys\/"},{"@type":"ListItem","position":2,"name":"Opa\u0161\u0161u net\u00e4linp\u00e4iv\u00e4t ta lehmien nimet vienankarjalak\u0161i"}]},{"@type":"WebSite","@id":"https:\/\/blogs.uef.fi\/karjalanelvytys\/#website","url":"https:\/\/blogs.uef.fi\/karjalanelvytys\/","name":"Karjalan kielen elvytt\u00e4minen","description":"","potentialAction":[{"@type":"SearchAction","target":{"@type":"EntryPoint","urlTemplate":"https:\/\/blogs.uef.fi\/karjalanelvytys\/?s={search_term_string}"},"query-input":{"@type":"PropertyValueSpecification","valueRequired":true,"valueName":"search_term_string"}}],"inLanguage":"fi"}]}},"_links":{"self":[{"href":"https:\/\/blogs.uef.fi\/karjalanelvytys\/wp-json\/wp\/v2\/pages\/2888","targetHints":{"allow":["GET"]}}],"collection":[{"href":"https:\/\/blogs.uef.fi\/karjalanelvytys\/wp-json\/wp\/v2\/pages"}],"about":[{"href":"https:\/\/blogs.uef.fi\/karjalanelvytys\/wp-json\/wp\/v2\/types\/page"}],"author":[{"embeddable":true,"href":"https:\/\/blogs.uef.fi\/karjalanelvytys\/wp-json\/wp\/v2\/users\/480"}],"replies":[{"embeddable":true,"href":"https:\/\/blogs.uef.fi\/karjalanelvytys\/wp-json\/wp\/v2\/comments?post=2888"}],"version-history":[{"count":3,"href":"https:\/\/blogs.uef.fi\/karjalanelvytys\/wp-json\/wp\/v2\/pages\/2888\/revisions"}],"predecessor-version":[{"id":2922,"href":"https:\/\/blogs.uef.fi\/karjalanelvytys\/wp-json\/wp\/v2\/pages\/2888\/revisions\/2922"}],"wp:attachment":[{"href":"https:\/\/blogs.uef.fi\/karjalanelvytys\/wp-json\/wp\/v2\/media?parent=2888"}],"curies":[{"name":"wp","href":"https:\/\/api.w.org\/{rel}","templated":true}]}}