{"id":2861,"date":"2021-12-01T11:37:50","date_gmt":"2021-12-01T09:37:50","guid":{"rendered":"https:\/\/blogs.uef.fi\/karjalanelvytys\/?page_id=2861"},"modified":"2021-12-01T13:53:42","modified_gmt":"2021-12-01T11:53:42","slug":"pirjo-liisa-kotiranta-muurahaini-vihmalla","status":"publish","type":"page","link":"https:\/\/blogs.uef.fi\/karjalanelvytys\/pirjo-liisa-kotiranta-muurahaini-vihmalla\/","title":{"rendered":"Pirjo-Liisa Kotiranta: Muurahaini vihmalla"},"content":{"rendered":"<p><strong>1.12.2021<\/strong><\/p>\n<p>Elvyty\u0161projektin po\u0161ti vain plinkuttau ta \u0161e hyv\u00e4! Kalliolan rahvahanopiston vienankarjalan opa\u0161tuja <strong>Pirjo-Liisa Kotiranta<\/strong> kek\u0161i <strong>Muurahaini vihmalla<\/strong> -starinalla hyv\u00e4\u010d\u010d\u00e4isen lopun \u0161uatuo opa\u0161tajaltah viijen virkkehen pituvuisen alun.<\/p>\n<p>Kerran \u0161uuri vihma yll\u00e4tti Muurahaisen pihalla. Kunne peitt\u00e4yty\u00f6? N\u00e4ki Muurahaini niityll\u00e4\u00a0pikkaraisen \u0161ienen ta m\u00e4ni \u0161en \u0161li\u00e4p\u00e4n alla. Istuu \u0161ienen alla,\u00a0vuottau kuni vihma vakautuu.<\/p>\n<p>Vain vihma ei vakauvu. Pikkaraisen \u0161ienen lakki niise on pikkaraini. Antau Muurahaisella vain pikkaraisen \u0161uojan. \u0160uuret pisarehet l\u00e4\u010dk\u00e4het\u00e4h \u0161ienen \u0161li\u00e4pp\u00e4seh. Muurahaini vapisou \u0161ienen kanna\u0161\u0161a. Vesi lotisou lakin pintua pitin ala\u0161. Patoutuu vesik\u00f6k\u0161i, mi kiert\u00e4y \u0161ienen, leviey uomak\u0161i. Muurahaisen kaikki kuu\u0161i jalkua ollah uha\u0161\u0161a ka\u0161tuo. \u0160e smiettiy ruton kautti, mitein \u0161elvit\u00e4. \u0160arvet kopeloijah, \u0161ilm\u00e4t valvotah. &#8221;Kuin mie pi\u00e4\u0161en kotih, kotikekoh? Mie t\u00e4h uppuon kohta! Mahanko mie uija?&#8221;<\/p>\n<p>H\u00e4t\u00e4hisen\u00e4 Muurahaini kapusi pitin \u0161ienen jalkua yl\u00f6\u0161. Kurkisti hil\u2019l\u2019akkaiseh ala\u0161. Lujah vesi pulppusi \u0161ienen jalan ymp\u00e4rill\u00e4. Voi hirvie! Muurahaini varasi! &#8221;Mit\u00e4 mie ruan? Mitein mie pi\u00e4\u0161en pois?&#8221;<\/p>\n<p>P\u00f6l\u00e4\u0161\u0161yk\u0161iss\u00e4h Muurahaini ei n\u00e4hnyn nimit\u00e4 muuta kun vain ualtuojan vejen. Muurahaini oli t\u00e4ytt\u00e4n \u0161ienen lakkah. Kun lakki oli pikkaraini, muurahaisen \u0161arvi kopeloije\u0161\u0161ah lakin alapintua \u0161attu i pisareheh. Muurahaini kavahti. Juuri ta juuri pisy kiini jala\u0161\u0161a. T\u00e4risi. &#8221;Henkit\u00e4! Henkit\u00e4!&#8221; \u0161anou i\u010dell\u00e4h. &#8221;Rauhotu! Muissa, mit\u00e4 muamo aina \u0161anou! Muamo \u0161anou, jotta pit\u00e4y vety\u00e4 henkie, kon\u0161a varauttau! Niin \u0161anou muamo!&#8221; \u0160iit\u00e4 Muurahaini veti henkie. Vot, \u0161e autto.<\/p>\n<p>Muurahaini puisti pisarehen \u0161arve\u0161ta, paino nelly\u00e4 \u010dorppuah luja\u0161ti \u0161ienen jalkah, ka\u010d\u010do ymp\u00e4rill\u00e4h. Lakin reunalla k\u00e4veli k\u00e4rp\u00e4ni. \u0160e ei vihma\u0161ta v\u00e4litt\u00e4n, ruokua vain e\u010d\u010di. Muurahaini ka\u010d\u010do k\u00e4rp\u00e4sen \u0161iipij\u00e4. &#8221;Miksi mie en ole lentomuurahaini? Voisin lenty\u00e4 ti\u00e4lt\u00e4 pois!&#8221; \u0161e \u0161aneli i\u00e4neh.<\/p>\n<p>K\u00e4rp\u00e4ni kuuli \u0161en. \u0160e pietty, ka\u010d\u010do Muurahaiseh ta ky\u0161y: &#8221;Mint\u00e4h \u0161ie tahot vihmalla lenty\u00e4? Nyt on hyv\u00e4 aika olla \u0161uoja\u0161\u0161a ta \u0161yyvv\u00e4 p\u00f6\u010d\u010d\u00f6h t\u00e4yteh. \u0160iivet ei vihma\u0161i\u00e4ll\u00e4 kanna!&#8221; \u00a0K\u00e4rp\u00e4ni kierti i\u010d\u010deh toisella puolella jalkua ta jatko \u0161y\u00f6ntie.<\/p>\n<p>Muurahaini tahtomattah niise i ki\u00e4nty. Huomasi, jotta \u0161uattau iell\u00e4h k\u00e4vell\u00e4. \u0160e no\u0161ti yhen jalan, \u0161iirti \u0161it\u00e4 ta no\u0161ti toisen jalan. Maltto, jotta voipi liikkuo \u0161ienen jalkua pitin, vaikka i niityll\u00e4 vihmuu! Voipi \u0161yyvv\u00e4 p\u00f6p\u00f6kk\u00f6j\u00e4. Voipi ka\u010d\u010duo pisarehien kisuamista, purojen virtua. Niise voipi kotvan ni lev\u00e4hty\u00e4. Vaikka i muurahaiset kaiki\u010d\u010di piettym\u00e4tt\u00e4 ruatah!<\/p>\n<p>J\u00e4lkimm\u00e4ini pisareh \u0161ienen lakkih l\u00e4\u010dk\u00e4hti. Vesiuoma ruohikkoh painu. K\u00e4rp\u00e4ni \u0161iipij\u00e4h levitti. Ka\u010do\u0161 mit\u00e4 ruato Muurahaini?<\/p>\n<p>Muurahaini! \u0160e \u0161arvijah kohotti, juo\u0161\u0161a kopitti jalkua pitin ala\u0161, a\u0161tu niityll\u00e4 ta ka\u010d\u010do ymp\u00e4rihis: &#8221;Vot, lup\u0161akka elo, lup\u0161akka muailma!&#8221;<\/p>\n<div style=\"width: 389px\" class=\"wp-caption alignleft\"><img loading=\"lazy\" decoding=\"async\" src=\"https:\/\/cdn.pixabay.com\/photo\/2012\/04\/30\/10\/00\/stick-44577_960_720.png\" alt=\"Tikku, Turvallisuus, Vaara, Muurahainen, Sade\" width=\"379\" height=\"295\" \/><p class=\"wp-caption-text\">Muurahaini vihmalla<\/p><\/div>\n<p>&nbsp;<\/p>\n<p>&nbsp;<\/p>\n<p>&nbsp;<\/p>\n<p>&nbsp;<\/p>\n<p>&nbsp;<\/p>\n<p>&nbsp;<\/p>\n<p>&nbsp;<\/p>\n<p style=\"text-align: left\">Kuva: Pixabay<\/p>\n","protected":false},"excerpt":{"rendered":"<p>1.12.2021 Elvyty\u0161projektin po\u0161ti vain plinkuttau ta \u0161e hyv\u00e4! Kalliolan rahvahanopiston vienankarjalan opa\u0161tuja Pirjo-Liisa Kotiranta kek\u0161i Muurahaini vihmalla -starinalla hyv\u00e4\u010d\u010d\u00e4isen lopun \u0161uatuo opa\u0161tajaltah viijen virkkehen pituvuisen alun. Kerran \u0161uuri vihma yll\u00e4tti Muurahaisen pihalla. Kunne peitt\u00e4yty\u00f6? N\u00e4ki Muurahaini niityll\u00e4\u00a0pikkaraisen \u0161ienen ta m\u00e4ni \u0161en \u0161li\u00e4p\u00e4n alla. Istuu \u0161ienen alla,\u00a0vuottau kuni vihma vakautuu. Vain vihma ei vakauvu. Pikkaraisen \u0161ienen [&hellip;]<\/p>\n","protected":false},"author":480,"featured_media":0,"parent":0,"menu_order":0,"comment_status":"closed","ping_status":"closed","template":"","meta":{"_acf_changed":false,"footnotes":""},"class_list":["post-2861","page","type-page","status-publish","hentry"],"acf":[],"yoast_head":"<!-- This site is optimized with the Yoast SEO plugin v27.1.1 - https:\/\/yoast.com\/product\/yoast-seo-wordpress\/ -->\n<title>Pirjo-Liisa Kotiranta: Muurahaini vihmalla - Karjalan kielen elvytt\u00e4minen<\/title>\n<meta name=\"robots\" content=\"index, follow, max-snippet:-1, max-image-preview:large, max-video-preview:-1\" \/>\n<link rel=\"canonical\" href=\"https:\/\/blogs.uef.fi\/karjalanelvytys\/pirjo-liisa-kotiranta-muurahaini-vihmalla\/\" \/>\n<meta property=\"og:locale\" content=\"fi_FI\" \/>\n<meta property=\"og:type\" content=\"article\" \/>\n<meta property=\"og:title\" content=\"Pirjo-Liisa Kotiranta: Muurahaini vihmalla - Karjalan kielen elvytt\u00e4minen\" \/>\n<meta property=\"og:description\" content=\"1.12.2021 Elvyty\u0161projektin po\u0161ti vain plinkuttau ta \u0161e hyv\u00e4! Kalliolan rahvahanopiston vienankarjalan opa\u0161tuja Pirjo-Liisa Kotiranta kek\u0161i Muurahaini vihmalla -starinalla hyv\u00e4\u010d\u010d\u00e4isen lopun \u0161uatuo opa\u0161tajaltah viijen virkkehen pituvuisen alun. Kerran \u0161uuri vihma yll\u00e4tti Muurahaisen pihalla. Kunne peitt\u00e4yty\u00f6? N\u00e4ki Muurahaini niityll\u00e4\u00a0pikkaraisen \u0161ienen ta m\u00e4ni \u0161en \u0161li\u00e4p\u00e4n alla. Istuu \u0161ienen alla,\u00a0vuottau kuni vihma vakautuu. Vain vihma ei vakauvu. Pikkaraisen \u0161ienen [&hellip;]\" \/>\n<meta property=\"og:url\" content=\"https:\/\/blogs.uef.fi\/karjalanelvytys\/pirjo-liisa-kotiranta-muurahaini-vihmalla\/\" \/>\n<meta property=\"og:site_name\" content=\"Karjalan kielen elvytt\u00e4minen\" \/>\n<meta property=\"article:modified_time\" content=\"2021-12-01T11:53:42+00:00\" \/>\n<meta property=\"og:image\" content=\"https:\/\/cdn.pixabay.com\/photo\/2012\/04\/30\/10\/00\/stick-44577_960_720.png\" \/>\n<meta name=\"twitter:card\" content=\"summary_large_image\" \/>\n<meta name=\"twitter:label1\" content=\"Arvioitu lukuaika\" \/>\n\t<meta name=\"twitter:data1\" content=\"2 minuuttia\" \/>\n<script type=\"application\/ld+json\" class=\"yoast-schema-graph\">{\"@context\":\"https:\/\/schema.org\",\"@graph\":[{\"@type\":\"WebPage\",\"@id\":\"https:\/\/blogs.uef.fi\/karjalanelvytys\/pirjo-liisa-kotiranta-muurahaini-vihmalla\/\",\"url\":\"https:\/\/blogs.uef.fi\/karjalanelvytys\/pirjo-liisa-kotiranta-muurahaini-vihmalla\/\",\"name\":\"Pirjo-Liisa Kotiranta: Muurahaini vihmalla - Karjalan kielen elvytt\u00e4minen\",\"isPartOf\":{\"@id\":\"https:\/\/blogs.uef.fi\/karjalanelvytys\/#website\"},\"primaryImageOfPage\":{\"@id\":\"https:\/\/blogs.uef.fi\/karjalanelvytys\/pirjo-liisa-kotiranta-muurahaini-vihmalla\/#primaryimage\"},\"image\":{\"@id\":\"https:\/\/blogs.uef.fi\/karjalanelvytys\/pirjo-liisa-kotiranta-muurahaini-vihmalla\/#primaryimage\"},\"thumbnailUrl\":\"https:\/\/cdn.pixabay.com\/photo\/2012\/04\/30\/10\/00\/stick-44577_960_720.png\",\"datePublished\":\"2021-12-01T09:37:50+00:00\",\"dateModified\":\"2021-12-01T11:53:42+00:00\",\"breadcrumb\":{\"@id\":\"https:\/\/blogs.uef.fi\/karjalanelvytys\/pirjo-liisa-kotiranta-muurahaini-vihmalla\/#breadcrumb\"},\"inLanguage\":\"fi\",\"potentialAction\":[{\"@type\":\"ReadAction\",\"target\":[\"https:\/\/blogs.uef.fi\/karjalanelvytys\/pirjo-liisa-kotiranta-muurahaini-vihmalla\/\"]}]},{\"@type\":\"ImageObject\",\"inLanguage\":\"fi\",\"@id\":\"https:\/\/blogs.uef.fi\/karjalanelvytys\/pirjo-liisa-kotiranta-muurahaini-vihmalla\/#primaryimage\",\"url\":\"https:\/\/cdn.pixabay.com\/photo\/2012\/04\/30\/10\/00\/stick-44577_960_720.png\",\"contentUrl\":\"https:\/\/cdn.pixabay.com\/photo\/2012\/04\/30\/10\/00\/stick-44577_960_720.png\"},{\"@type\":\"BreadcrumbList\",\"@id\":\"https:\/\/blogs.uef.fi\/karjalanelvytys\/pirjo-liisa-kotiranta-muurahaini-vihmalla\/#breadcrumb\",\"itemListElement\":[{\"@type\":\"ListItem\",\"position\":1,\"name\":\"Home\",\"item\":\"https:\/\/blogs.uef.fi\/karjalanelvytys\/\"},{\"@type\":\"ListItem\",\"position\":2,\"name\":\"Pirjo-Liisa Kotiranta: Muurahaini vihmalla\"}]},{\"@type\":\"WebSite\",\"@id\":\"https:\/\/blogs.uef.fi\/karjalanelvytys\/#website\",\"url\":\"https:\/\/blogs.uef.fi\/karjalanelvytys\/\",\"name\":\"Karjalan kielen elvytt\u00e4minen\",\"description\":\"\",\"potentialAction\":[{\"@type\":\"SearchAction\",\"target\":{\"@type\":\"EntryPoint\",\"urlTemplate\":\"https:\/\/blogs.uef.fi\/karjalanelvytys\/?s={search_term_string}\"},\"query-input\":{\"@type\":\"PropertyValueSpecification\",\"valueRequired\":true,\"valueName\":\"search_term_string\"}}],\"inLanguage\":\"fi\"}]}<\/script>\n<!-- \/ Yoast SEO plugin. -->","yoast_head_json":{"title":"Pirjo-Liisa Kotiranta: Muurahaini vihmalla - Karjalan kielen elvytt\u00e4minen","robots":{"index":"index","follow":"follow","max-snippet":"max-snippet:-1","max-image-preview":"max-image-preview:large","max-video-preview":"max-video-preview:-1"},"canonical":"https:\/\/blogs.uef.fi\/karjalanelvytys\/pirjo-liisa-kotiranta-muurahaini-vihmalla\/","og_locale":"fi_FI","og_type":"article","og_title":"Pirjo-Liisa Kotiranta: Muurahaini vihmalla - Karjalan kielen elvytt\u00e4minen","og_description":"1.12.2021 Elvyty\u0161projektin po\u0161ti vain plinkuttau ta \u0161e hyv\u00e4! Kalliolan rahvahanopiston vienankarjalan opa\u0161tuja Pirjo-Liisa Kotiranta kek\u0161i Muurahaini vihmalla -starinalla hyv\u00e4\u010d\u010d\u00e4isen lopun \u0161uatuo opa\u0161tajaltah viijen virkkehen pituvuisen alun. Kerran \u0161uuri vihma yll\u00e4tti Muurahaisen pihalla. Kunne peitt\u00e4yty\u00f6? N\u00e4ki Muurahaini niityll\u00e4\u00a0pikkaraisen \u0161ienen ta m\u00e4ni \u0161en \u0161li\u00e4p\u00e4n alla. Istuu \u0161ienen alla,\u00a0vuottau kuni vihma vakautuu. Vain vihma ei vakauvu. Pikkaraisen \u0161ienen [&hellip;]","og_url":"https:\/\/blogs.uef.fi\/karjalanelvytys\/pirjo-liisa-kotiranta-muurahaini-vihmalla\/","og_site_name":"Karjalan kielen elvytt\u00e4minen","article_modified_time":"2021-12-01T11:53:42+00:00","og_image":[{"url":"https:\/\/cdn.pixabay.com\/photo\/2012\/04\/30\/10\/00\/stick-44577_960_720.png","type":"","width":"","height":""}],"twitter_card":"summary_large_image","twitter_misc":{"Arvioitu lukuaika":"2 minuuttia"},"schema":{"@context":"https:\/\/schema.org","@graph":[{"@type":"WebPage","@id":"https:\/\/blogs.uef.fi\/karjalanelvytys\/pirjo-liisa-kotiranta-muurahaini-vihmalla\/","url":"https:\/\/blogs.uef.fi\/karjalanelvytys\/pirjo-liisa-kotiranta-muurahaini-vihmalla\/","name":"Pirjo-Liisa Kotiranta: Muurahaini vihmalla - Karjalan kielen elvytt\u00e4minen","isPartOf":{"@id":"https:\/\/blogs.uef.fi\/karjalanelvytys\/#website"},"primaryImageOfPage":{"@id":"https:\/\/blogs.uef.fi\/karjalanelvytys\/pirjo-liisa-kotiranta-muurahaini-vihmalla\/#primaryimage"},"image":{"@id":"https:\/\/blogs.uef.fi\/karjalanelvytys\/pirjo-liisa-kotiranta-muurahaini-vihmalla\/#primaryimage"},"thumbnailUrl":"https:\/\/cdn.pixabay.com\/photo\/2012\/04\/30\/10\/00\/stick-44577_960_720.png","datePublished":"2021-12-01T09:37:50+00:00","dateModified":"2021-12-01T11:53:42+00:00","breadcrumb":{"@id":"https:\/\/blogs.uef.fi\/karjalanelvytys\/pirjo-liisa-kotiranta-muurahaini-vihmalla\/#breadcrumb"},"inLanguage":"fi","potentialAction":[{"@type":"ReadAction","target":["https:\/\/blogs.uef.fi\/karjalanelvytys\/pirjo-liisa-kotiranta-muurahaini-vihmalla\/"]}]},{"@type":"ImageObject","inLanguage":"fi","@id":"https:\/\/blogs.uef.fi\/karjalanelvytys\/pirjo-liisa-kotiranta-muurahaini-vihmalla\/#primaryimage","url":"https:\/\/cdn.pixabay.com\/photo\/2012\/04\/30\/10\/00\/stick-44577_960_720.png","contentUrl":"https:\/\/cdn.pixabay.com\/photo\/2012\/04\/30\/10\/00\/stick-44577_960_720.png"},{"@type":"BreadcrumbList","@id":"https:\/\/blogs.uef.fi\/karjalanelvytys\/pirjo-liisa-kotiranta-muurahaini-vihmalla\/#breadcrumb","itemListElement":[{"@type":"ListItem","position":1,"name":"Home","item":"https:\/\/blogs.uef.fi\/karjalanelvytys\/"},{"@type":"ListItem","position":2,"name":"Pirjo-Liisa Kotiranta: Muurahaini vihmalla"}]},{"@type":"WebSite","@id":"https:\/\/blogs.uef.fi\/karjalanelvytys\/#website","url":"https:\/\/blogs.uef.fi\/karjalanelvytys\/","name":"Karjalan kielen elvytt\u00e4minen","description":"","potentialAction":[{"@type":"SearchAction","target":{"@type":"EntryPoint","urlTemplate":"https:\/\/blogs.uef.fi\/karjalanelvytys\/?s={search_term_string}"},"query-input":{"@type":"PropertyValueSpecification","valueRequired":true,"valueName":"search_term_string"}}],"inLanguage":"fi"}]}},"_links":{"self":[{"href":"https:\/\/blogs.uef.fi\/karjalanelvytys\/wp-json\/wp\/v2\/pages\/2861","targetHints":{"allow":["GET"]}}],"collection":[{"href":"https:\/\/blogs.uef.fi\/karjalanelvytys\/wp-json\/wp\/v2\/pages"}],"about":[{"href":"https:\/\/blogs.uef.fi\/karjalanelvytys\/wp-json\/wp\/v2\/types\/page"}],"author":[{"embeddable":true,"href":"https:\/\/blogs.uef.fi\/karjalanelvytys\/wp-json\/wp\/v2\/users\/480"}],"replies":[{"embeddable":true,"href":"https:\/\/blogs.uef.fi\/karjalanelvytys\/wp-json\/wp\/v2\/comments?post=2861"}],"version-history":[{"count":2,"href":"https:\/\/blogs.uef.fi\/karjalanelvytys\/wp-json\/wp\/v2\/pages\/2861\/revisions"}],"predecessor-version":[{"id":2916,"href":"https:\/\/blogs.uef.fi\/karjalanelvytys\/wp-json\/wp\/v2\/pages\/2861\/revisions\/2916"}],"wp:attachment":[{"href":"https:\/\/blogs.uef.fi\/karjalanelvytys\/wp-json\/wp\/v2\/media?parent=2861"}],"curies":[{"name":"wp","href":"https:\/\/api.w.org\/{rel}","templated":true}]}}