{"id":23134,"date":"2026-01-19T14:33:22","date_gmt":"2026-01-19T12:33:22","guid":{"rendered":"https:\/\/blogs.uef.fi\/karjalanelvytys\/?page_id=23134"},"modified":"2026-01-19T14:59:56","modified_gmt":"2026-01-19T12:59:56","slug":"sarkan-linna","status":"publish","type":"page","link":"https:\/\/blogs.uef.fi\/karjalanelvytys\/sarkan-linna\/","title":{"rendered":"S\u00e4rk\u00e4n linna da sen nimist\u00f6"},"content":{"rendered":"\n<p>Luadin Karjalane nimiss\u00f6ntutkimus -kurssan opastuja <strong>Eeva Manni<\/strong><\/p>\n\n\n\n<p>P\u00e4iv\u00e4nnouzu-Suomen yliopisto 2025<\/p>\n\n\n\n<figure class=\"wp-block-image size-large\"><img loading=\"lazy\" decoding=\"async\" width=\"1024\" height=\"724\" src=\"https:\/\/blogs.uef.fi\/karjalanelvytys\/wp-content\/uploads\/sites\/155\/2026\/01\/kartta-1024x724.jpg\" alt=\"Kartta. Karjalainen kaupunki. Karjalainen nimist\u00f6.\" class=\"wp-image-23135\" srcset=\"https:\/\/blogs.uef.fi\/karjalanelvytys\/wp-content\/uploads\/sites\/155\/2026\/01\/kartta-1024x724.jpg 1024w, https:\/\/blogs.uef.fi\/karjalanelvytys\/wp-content\/uploads\/sites\/155\/2026\/01\/kartta-300x212.jpg 300w, https:\/\/blogs.uef.fi\/karjalanelvytys\/wp-content\/uploads\/sites\/155\/2026\/01\/kartta-768x543.jpg 768w, https:\/\/blogs.uef.fi\/karjalanelvytys\/wp-content\/uploads\/sites\/155\/2026\/01\/kartta-1536x1087.jpg 1536w, https:\/\/blogs.uef.fi\/karjalanelvytys\/wp-content\/uploads\/sites\/155\/2026\/01\/kartta-2048x1449.jpg 2048w\" sizes=\"auto, (max-width: 1024px) 100vw, 1024px\" \/><figcaption class=\"wp-element-caption\">S\u00e4rk\u00e4n linna. Kartta: Matti Manni<\/figcaption><\/figure>\n\n\n\n<p><strong>S\u00e4rk\u00e4n linna<\/strong><\/p>\n\n\n\n<p><em>S\u00e4rkk\u00e4<\/em> on pieni linna Suomen Karjalassa. Se on kazvan ravieh kyl\u00e4st\u00e4 linnaksi sen j\u00e4lgeh kun sen l\u00e4hill\u00e4 perussettih sobafuabrikka <em>S\u00e4rk\u00e4n Trikoo<\/em>. Rahvas paissah enimy\u00f6lleh suvikarjalua. Toizien karjalan murdehien pagizijoidagi on seg\u00e4 er\u00e4hie suomelazie da muudama muahmuuttaja. Paikkoin nimet ollah enimy\u00f6lleh suvikarjalaksi, \u00e4ij\u00e4v\u00e4h\u00e4 muilla murdehilla.<\/p>\n\n\n\n<p>Linnan nimi on <em>S\u00e4rkk\u00e4,<\/em> sent\u00e4h kun sen keskilinna on kahen j\u00e4rven v\u00e4liss\u00e4 olijalla harjulla libo s\u00e4rk\u00e4ll\u00e4.<\/p>\n\n\n\n<p><strong>Linnan nimist\u00f6<\/strong><\/p>\n\n\n\n<p><em>Selgiej\u00e4rvi<\/em>: Keskilinnan pohjaispuolella olija kirkasvedine j\u00e4rvi<\/p>\n\n\n\n<p><em>Haukundavuarandoroga: Mu\u010dinhaukundavuaralda <\/em>keskilinnah tulija doroga<\/p>\n\n\n\n<p><em>Jehkil\u00e4ndoroga: Jehkil\u00e4n <\/em>tilan siiri\u010d\u010di keskilinnah tulija doroga<\/p>\n\n\n\n<p><em>Randadoroga<\/em>: Ri\u00e4pp\u00f6izen rannalla kulkija doroga<\/p>\n\n\n\n<p><em>Koskikadu<\/em>: Lohikossen rinnalla olija kadu<\/p>\n\n\n\n<p><em>S\u00e4rkk\u00e4kadu<\/em>: Pi\u00e4kadu, kumbane kulgou harjuo my\u00f6den<\/p>\n\n\n\n<p><em>\u0160kolakadu<\/em>: \u0160kolan siiri\u010d\u010di viej\u00e4 kadu<\/p>\n\n\n\n<p><em>Miikkulanuuli\u010d\u010da<\/em>: Kirik\u00f6n siiri\u010d\u010di kulgija kadu<\/p>\n\n\n\n<p><em>Ri\u00e4pp\u00f6ine<\/em>: Keskilinnan suvipuolella olija j\u00e4rvi, mist\u00e4 suau hyvin mujehta<\/p>\n\n\n\n<p><em>Lohikoski<\/em>: Lohi nouzi kossessa Mujehj\u00e4rvest\u00e4 Selgiej\u00e4rveh ennen voimalaitoksen luadimista.<\/p>\n\n\n\n<p><em>Mujeh-Fed\u2019an abaja<\/em>: <em>Mujeh-Fed\u2019a<\/em> oli tunnettu kalamies, kumbane sai \u00e4ij\u00e4n kalua, liijatengi mujehta, nuotalla. Fed\u2019an virralline nimi oli <em>Feodor Iivananpoiga Patrakka<\/em>.<\/p>\n\n\n\n<p><em>Kapussanuuli\u010d\u010da<\/em>: Kapustaniemeh viej\u00e4 kadu<\/p>\n\n\n\n<p><em>Kokonjovenlahti<\/em>: Kokonjogi heittyy lahteh<\/p>\n\n\n\n<p><em>Kokonjogi<\/em>: Joven rannalla oli ammuin kokon pez\u00e4<\/p>\n\n\n\n<p><em>M\u00e4nnikk\u00f6<\/em>: Kalmismua<\/p>\n\n\n\n<ol class=\"wp-block-list\">\n<li><em>Mu\u010d\u010di-Iivanankodi<\/em>: Muatila<em> Mu\u010dinhaukundavuaralla<\/em>, vuara da tila ollah suadu nimet tilan enzim\u00e4zen i\u00e4nekk\u00e4h\u00e4n vahtikoira <em>Mu\u010din<\/em> mugah. Se haukku \u00e4ij\u00e4n melgi kogo aijan.<\/li>\n<\/ol>\n\n\n\n<p>Tilan enzim\u00e4ne iz\u00e4nd\u00e4 oli <em>Ivan Brelo,<\/em> <em>Jyrrin Iivana, Mu\u010d\u010di-Iivana<\/em>. H\u00e4nen tuatto oli <em>Jegor Grigorinpoiga Brelo<\/em>, <em>Rigon Jyrgi<\/em>.<\/p>\n\n\n\n<p>Tilan nygyne iz\u00e4nd\u00e4 on <em>Artemei Brelo, Mu\u010d\u010di-Iivanan Artemei.<\/em> Tilan em\u00e4nd\u00e4 on <em>Kol\u2019an Darja<\/em>. H\u00e4nen tuatto oli <em>Nikolai Lindu<\/em>. Perehen lapset ollah <em>Artemein Jehki, Jeudokia<\/em> da <em>Jyrgi<\/em>. Lapset ei tahota, jotta koiran nimi s\u00e4ilyis heij\u00e4n nimiss\u00e4 viel\u00e4gi. Enimy\u00f6lleh rahvas uskotahgi. Tilan nygyne koira on <em>\u010cibi<\/em> da kazi <em>Kus\u2019ka<\/em>.<\/p>\n\n\n\n<p>2. <em>Jehkil\u00e4<\/em>: Muatila, kumbazen enzim\u00e4ne is\u00e4nd\u00e4 oli <em>Pun\u2019un Jehki.<\/em> Nygyne iz\u00e4nd\u00e4 on <em>Feodor Iivinpoiga Pun&#8217;u<\/em>, <em>Jehkin Huoti<\/em>. Em\u00e4nd\u00e4 on <em>Natalia Pun\u2019u<\/em>, <em>Jehkin Huotin Natoi<\/em>.<\/p>\n\n\n\n<p>3. <em>S\u00e4rk\u00e4n Trikoo<\/em>: Sobafuabrikka<\/p>\n\n\n\n<p>4. <em>Mezipuan kentt\u00e4<\/em>: Kyykk\u00e4stadion, kumbane on suanun nimen edehp\u00e4i hyp\u00e4nny\u00f6n kyyk\u00e4n mugah. Ka\u010do KKS: mezipada, <a href=\"https:\/\/kaino.kotus.fi\/kks\/?p=qs-article&amp;kks_id=KKS_d683388d0191763cc0643d3e5534002d&amp;list_id=1&amp;keyword=mesipata&amp;word=mesipata\" target=\"_blank\" rel=\"noreferrer noopener\">linkki<\/a><\/p>\n\n\n\n<p>5. <em>Teatrapuisto<\/em>: Puissossa on ezityslava, da <em>S\u00e4rk\u00e4n nuorizosebran<\/em> teatrajoukko \u201d<em>Ilozet ozuttelijat<\/em>\u201d ozuttelou kez\u00e4ll\u00e4 siel\u00e4. Siel\u00e4 on i muuzikkaezityksie. Linnan oma yhtyveh on <em>Linduzet<\/em>. Viizi vuotta tagaperin siel\u00e4 ozutteli <em>Santtu Karhu da Talvisovat<\/em>, mulloin <em>Loimolan Voima<\/em>.<\/p>\n\n\n\n<p>6. <em>S\u00e4rk\u00e4n S\u00e4hk\u00f6<\/em>: Voimalaitos, rahvahan paginassa <em>Lohisein\u00e4<\/em><\/p>\n\n\n\n<p>7. <em>S\u00e4rk\u00e4n Yhysbankka<\/em>: Bankan virralline nimi on <em>S\u00e4rk\u00e4n Yhysbankka<\/em>, ga rahvahan paginassa se on <em>Van\u2019an bankka<\/em> sen johtajan <em>Ivan Karhun<\/em> mugah.<\/p>\n\n\n\n<p>8. <em>Melli\u010d\u010d\u00e4kessus<\/em>: Uuzi ossos- da kulttuurakessus srojittih vanhan melli\u010d\u00e4n tilalla. Siel\u00e4 on muijen kessess\u00e4:<\/p>\n\n\n\n<p><em>Melli\u010d\u00e4n Einehet<\/em>: Einehlaukka, laukan omistaja on <em>Lidia \u010cokki, Laukka-Lyyli.<\/em><\/p>\n\n\n\n<p><em>S\u00e4rk\u00e4n linnankirjasto<\/em>: Kirjasson virralline nimi on <em>\u0160\u00e4rk\u00e4n linnankirjasto<\/em>, ga rahvahan annettu nimi on <em>Kniiga\u010d\u010du<\/em>. Kirjassonhoidaja on <em>Timofei \u0160mura<\/em>, <em>Kniiga-Timoi<\/em>.<\/p>\n\n\n\n<p><em>Taido\u010duppu<\/em>: Kirjasson tagapertiss\u00e4 olija pikkarane ozuttelutila<\/p>\n\n\n\n<p><em>Kol\u2019an Kino<\/em>: Kinon perustaja oli <em>Va\u0161lein Kol\u2019a<\/em>, kumbasen virralline nimi oli <em>Nikolai Truhpone<\/em>. H\u00e4nen tuatto oli <em>Va\u0161lei<\/em>. Kino muutti <em>Melli\u010d\u010d\u00e4kessukseh<\/em> bol\u2019ni\u010dan rinnalda. Kinon nygyne omistaja on <em>Stepan Truhpone<\/em>, <em>Kino-Teppana<\/em>.<\/p>\n\n\n\n<p><em>Koufila Rouza<\/em>: Koufila oli aiembah puisson rinnalla, da puissossa kazvau \u00e4ij\u00e4 rouzua. Rouzan omistaja on <em>Maria Kannarvo<\/em> (<em>Rouza-Maria<\/em>).<\/p>\n\n\n\n<p><em>Pietron Pitsa<\/em>: Pitsarestoranan omistau <em>Jeudokia Agapoff<\/em> (<em>Pitsa-Oudi<\/em>), kumbazen mies on italialane Pietro Rossi da <em>Oudi<\/em> tahtou k\u00e4ytti\u00e4 h\u00e4nen nimie restoranan nimess\u00e4. Nuoret ku\u010dutah sid\u00e4 <em>Pe\u0161an paikaksi<\/em> (k\u00e4ymm\u00e4 <em>Pe\u0161ah<\/em> pitsalla).<\/p>\n\n\n\n<p><em>Po\u0161ta<\/em><\/p>\n\n\n\n<p>9. <em>Kapustaniemi<\/em>: Kapussan muodone niemi, kussa on uimala. Uimalah m\u00e4nij\u00e4t sanotah, jotta hy\u00f6 k\u00e4yv\u00e4h <em>Kapustah<\/em>.<\/p>\n\n\n\n<p>10. <em>S\u00e4rk\u00e4n perus\u0161kola<\/em>: \u0160kolan virralline nimi on <em>S\u00e4rk\u00e4n perus\u0161kola<\/em>, ga rahvahan paginassa se on <em>Uuzi<\/em> <em>\u0161kola.<\/em> Se sroijittih kaksi vuotta tagaperin.<\/p>\n\n\n\n<p>11. <em>Pyh\u00e4n Miikkulan kirikk\u00f6<\/em>: Kirik\u00f6n pappi on <em>Dorofei Iivinpoiga Pun\u2019u<\/em>, <em>Buatu\u0161ka Toroi<\/em>. Hi\u00e4n on <em>Jehkin Huotin<\/em> velli.<\/p>\n\n\n\n<p>12. <em>S\u00e4rk\u00e4n bol\u2019ni\u010d\u010da<\/em>: Bol\u2019ni\u010dan virralline nimi on <em>S\u00e4rk\u00e4n bol\u2019ni\u010d\u010da<\/em>, ga rahvas k\u00e4ytet\u00e4h nimi\u00e4 <em>Kokonjovensuun bol\u2019ni\u010d\u010da<\/em> libo <em>Jovensuun bol\u2019ni\u010d\u010da,<\/em> sent\u00e4h kun se on <em>Kokonjoven<\/em> suulla.<\/p>\n\n\n\n<p><\/p>\n","protected":false},"excerpt":{"rendered":"<p>Luadin Karjalane nimiss\u00f6ntutkimus -kurssan opastuja Eeva Manni P\u00e4iv\u00e4nnouzu-Suomen yliopisto 2025 S\u00e4rk\u00e4n linna S\u00e4rkk\u00e4 on pieni linna Suomen Karjalassa. Se on kazvan ravieh kyl\u00e4st\u00e4 linnaksi sen j\u00e4lgeh kun sen l\u00e4hill\u00e4 perussettih sobafuabrikka S\u00e4rk\u00e4n Trikoo. Rahvas paissah enimy\u00f6lleh suvikarjalua. Toizien karjalan murdehien pagizijoidagi on seg\u00e4 er\u00e4hie suomelazie da muudama muahmuuttaja. Paikkoin nimet ollah enimy\u00f6lleh suvikarjalaksi, \u00e4ij\u00e4v\u00e4h\u00e4 muilla [&hellip;]<\/p>\n","protected":false},"author":480,"featured_media":0,"parent":0,"menu_order":0,"comment_status":"closed","ping_status":"closed","template":"","meta":{"_acf_changed":false,"footnotes":""},"class_list":["post-23134","page","type-page","status-publish","hentry"],"acf":[],"yoast_head":"<!-- This site is optimized with the Yoast SEO plugin v27.1.1 - https:\/\/yoast.com\/product\/yoast-seo-wordpress\/ -->\n<title>S\u00e4rk\u00e4n linna da sen nimist\u00f6 - Karjalan kielen elvytt\u00e4minen<\/title>\n<meta name=\"robots\" content=\"index, follow, max-snippet:-1, max-image-preview:large, max-video-preview:-1\" \/>\n<link rel=\"canonical\" href=\"https:\/\/blogs.uef.fi\/karjalanelvytys\/sarkan-linna\/\" \/>\n<meta property=\"og:locale\" content=\"fi_FI\" \/>\n<meta property=\"og:type\" content=\"article\" \/>\n<meta property=\"og:title\" content=\"S\u00e4rk\u00e4n linna da sen nimist\u00f6 - Karjalan kielen elvytt\u00e4minen\" \/>\n<meta property=\"og:description\" content=\"Luadin Karjalane nimiss\u00f6ntutkimus -kurssan opastuja Eeva Manni P\u00e4iv\u00e4nnouzu-Suomen yliopisto 2025 S\u00e4rk\u00e4n linna S\u00e4rkk\u00e4 on pieni linna Suomen Karjalassa. Se on kazvan ravieh kyl\u00e4st\u00e4 linnaksi sen j\u00e4lgeh kun sen l\u00e4hill\u00e4 perussettih sobafuabrikka S\u00e4rk\u00e4n Trikoo. Rahvas paissah enimy\u00f6lleh suvikarjalua. Toizien karjalan murdehien pagizijoidagi on seg\u00e4 er\u00e4hie suomelazie da muudama muahmuuttaja. Paikkoin nimet ollah enimy\u00f6lleh suvikarjalaksi, \u00e4ij\u00e4v\u00e4h\u00e4 muilla [&hellip;]\" \/>\n<meta property=\"og:url\" content=\"https:\/\/blogs.uef.fi\/karjalanelvytys\/sarkan-linna\/\" \/>\n<meta property=\"og:site_name\" content=\"Karjalan kielen elvytt\u00e4minen\" \/>\n<meta property=\"article:modified_time\" content=\"2026-01-19T12:59:56+00:00\" \/>\n<meta property=\"og:image\" content=\"https:\/\/blogs.uef.fi\/karjalanelvytys\/wp-content\/uploads\/sites\/155\/2026\/01\/kartta-scaled.jpg\" \/>\n\t<meta property=\"og:image:width\" content=\"2560\" \/>\n\t<meta property=\"og:image:height\" content=\"1811\" \/>\n\t<meta property=\"og:image:type\" content=\"image\/jpeg\" \/>\n<meta name=\"twitter:card\" content=\"summary_large_image\" \/>\n<meta name=\"twitter:label1\" content=\"Arvioitu lukuaika\" \/>\n\t<meta name=\"twitter:data1\" content=\"4 minuuttia\" \/>\n<script type=\"application\/ld+json\" class=\"yoast-schema-graph\">{\"@context\":\"https:\/\/schema.org\",\"@graph\":[{\"@type\":\"WebPage\",\"@id\":\"https:\/\/blogs.uef.fi\/karjalanelvytys\/sarkan-linna\/\",\"url\":\"https:\/\/blogs.uef.fi\/karjalanelvytys\/sarkan-linna\/\",\"name\":\"S\u00e4rk\u00e4n linna da sen nimist\u00f6 - Karjalan kielen elvytt\u00e4minen\",\"isPartOf\":{\"@id\":\"https:\/\/blogs.uef.fi\/karjalanelvytys\/#website\"},\"primaryImageOfPage\":{\"@id\":\"https:\/\/blogs.uef.fi\/karjalanelvytys\/sarkan-linna\/#primaryimage\"},\"image\":{\"@id\":\"https:\/\/blogs.uef.fi\/karjalanelvytys\/sarkan-linna\/#primaryimage\"},\"thumbnailUrl\":\"https:\/\/blogs.uef.fi\/karjalanelvytys\/wp-content\/uploads\/sites\/155\/2026\/01\/kartta-1024x724.jpg\",\"datePublished\":\"2026-01-19T12:33:22+00:00\",\"dateModified\":\"2026-01-19T12:59:56+00:00\",\"breadcrumb\":{\"@id\":\"https:\/\/blogs.uef.fi\/karjalanelvytys\/sarkan-linna\/#breadcrumb\"},\"inLanguage\":\"fi\",\"potentialAction\":[{\"@type\":\"ReadAction\",\"target\":[\"https:\/\/blogs.uef.fi\/karjalanelvytys\/sarkan-linna\/\"]}]},{\"@type\":\"ImageObject\",\"inLanguage\":\"fi\",\"@id\":\"https:\/\/blogs.uef.fi\/karjalanelvytys\/sarkan-linna\/#primaryimage\",\"url\":\"https:\/\/blogs.uef.fi\/karjalanelvytys\/wp-content\/uploads\/sites\/155\/2026\/01\/kartta-scaled.jpg\",\"contentUrl\":\"https:\/\/blogs.uef.fi\/karjalanelvytys\/wp-content\/uploads\/sites\/155\/2026\/01\/kartta-scaled.jpg\",\"width\":2560,\"height\":1811,\"caption\":\"\u0160\u00e4rk\u00e4n linna. Kartta: Matti Manni\"},{\"@type\":\"BreadcrumbList\",\"@id\":\"https:\/\/blogs.uef.fi\/karjalanelvytys\/sarkan-linna\/#breadcrumb\",\"itemListElement\":[{\"@type\":\"ListItem\",\"position\":1,\"name\":\"Home\",\"item\":\"https:\/\/blogs.uef.fi\/karjalanelvytys\/\"},{\"@type\":\"ListItem\",\"position\":2,\"name\":\"S\u00e4rk\u00e4n linna da sen nimist\u00f6\"}]},{\"@type\":\"WebSite\",\"@id\":\"https:\/\/blogs.uef.fi\/karjalanelvytys\/#website\",\"url\":\"https:\/\/blogs.uef.fi\/karjalanelvytys\/\",\"name\":\"Karjalan kielen elvytt\u00e4minen\",\"description\":\"\",\"potentialAction\":[{\"@type\":\"SearchAction\",\"target\":{\"@type\":\"EntryPoint\",\"urlTemplate\":\"https:\/\/blogs.uef.fi\/karjalanelvytys\/?s={search_term_string}\"},\"query-input\":{\"@type\":\"PropertyValueSpecification\",\"valueRequired\":true,\"valueName\":\"search_term_string\"}}],\"inLanguage\":\"fi\"}]}<\/script>\n<!-- \/ Yoast SEO plugin. -->","yoast_head_json":{"title":"S\u00e4rk\u00e4n linna da sen nimist\u00f6 - Karjalan kielen elvytt\u00e4minen","robots":{"index":"index","follow":"follow","max-snippet":"max-snippet:-1","max-image-preview":"max-image-preview:large","max-video-preview":"max-video-preview:-1"},"canonical":"https:\/\/blogs.uef.fi\/karjalanelvytys\/sarkan-linna\/","og_locale":"fi_FI","og_type":"article","og_title":"S\u00e4rk\u00e4n linna da sen nimist\u00f6 - Karjalan kielen elvytt\u00e4minen","og_description":"Luadin Karjalane nimiss\u00f6ntutkimus -kurssan opastuja Eeva Manni P\u00e4iv\u00e4nnouzu-Suomen yliopisto 2025 S\u00e4rk\u00e4n linna S\u00e4rkk\u00e4 on pieni linna Suomen Karjalassa. Se on kazvan ravieh kyl\u00e4st\u00e4 linnaksi sen j\u00e4lgeh kun sen l\u00e4hill\u00e4 perussettih sobafuabrikka S\u00e4rk\u00e4n Trikoo. Rahvas paissah enimy\u00f6lleh suvikarjalua. Toizien karjalan murdehien pagizijoidagi on seg\u00e4 er\u00e4hie suomelazie da muudama muahmuuttaja. Paikkoin nimet ollah enimy\u00f6lleh suvikarjalaksi, \u00e4ij\u00e4v\u00e4h\u00e4 muilla [&hellip;]","og_url":"https:\/\/blogs.uef.fi\/karjalanelvytys\/sarkan-linna\/","og_site_name":"Karjalan kielen elvytt\u00e4minen","article_modified_time":"2026-01-19T12:59:56+00:00","og_image":[{"width":2560,"height":1811,"url":"https:\/\/blogs.uef.fi\/karjalanelvytys\/wp-content\/uploads\/sites\/155\/2026\/01\/kartta-scaled.jpg","type":"image\/jpeg"}],"twitter_card":"summary_large_image","twitter_misc":{"Arvioitu lukuaika":"4 minuuttia"},"schema":{"@context":"https:\/\/schema.org","@graph":[{"@type":"WebPage","@id":"https:\/\/blogs.uef.fi\/karjalanelvytys\/sarkan-linna\/","url":"https:\/\/blogs.uef.fi\/karjalanelvytys\/sarkan-linna\/","name":"S\u00e4rk\u00e4n linna da sen nimist\u00f6 - Karjalan kielen elvytt\u00e4minen","isPartOf":{"@id":"https:\/\/blogs.uef.fi\/karjalanelvytys\/#website"},"primaryImageOfPage":{"@id":"https:\/\/blogs.uef.fi\/karjalanelvytys\/sarkan-linna\/#primaryimage"},"image":{"@id":"https:\/\/blogs.uef.fi\/karjalanelvytys\/sarkan-linna\/#primaryimage"},"thumbnailUrl":"https:\/\/blogs.uef.fi\/karjalanelvytys\/wp-content\/uploads\/sites\/155\/2026\/01\/kartta-1024x724.jpg","datePublished":"2026-01-19T12:33:22+00:00","dateModified":"2026-01-19T12:59:56+00:00","breadcrumb":{"@id":"https:\/\/blogs.uef.fi\/karjalanelvytys\/sarkan-linna\/#breadcrumb"},"inLanguage":"fi","potentialAction":[{"@type":"ReadAction","target":["https:\/\/blogs.uef.fi\/karjalanelvytys\/sarkan-linna\/"]}]},{"@type":"ImageObject","inLanguage":"fi","@id":"https:\/\/blogs.uef.fi\/karjalanelvytys\/sarkan-linna\/#primaryimage","url":"https:\/\/blogs.uef.fi\/karjalanelvytys\/wp-content\/uploads\/sites\/155\/2026\/01\/kartta-scaled.jpg","contentUrl":"https:\/\/blogs.uef.fi\/karjalanelvytys\/wp-content\/uploads\/sites\/155\/2026\/01\/kartta-scaled.jpg","width":2560,"height":1811,"caption":"\u0160\u00e4rk\u00e4n linna. Kartta: Matti Manni"},{"@type":"BreadcrumbList","@id":"https:\/\/blogs.uef.fi\/karjalanelvytys\/sarkan-linna\/#breadcrumb","itemListElement":[{"@type":"ListItem","position":1,"name":"Home","item":"https:\/\/blogs.uef.fi\/karjalanelvytys\/"},{"@type":"ListItem","position":2,"name":"S\u00e4rk\u00e4n linna da sen nimist\u00f6"}]},{"@type":"WebSite","@id":"https:\/\/blogs.uef.fi\/karjalanelvytys\/#website","url":"https:\/\/blogs.uef.fi\/karjalanelvytys\/","name":"Karjalan kielen elvytt\u00e4minen","description":"","potentialAction":[{"@type":"SearchAction","target":{"@type":"EntryPoint","urlTemplate":"https:\/\/blogs.uef.fi\/karjalanelvytys\/?s={search_term_string}"},"query-input":{"@type":"PropertyValueSpecification","valueRequired":true,"valueName":"search_term_string"}}],"inLanguage":"fi"}]}},"_links":{"self":[{"href":"https:\/\/blogs.uef.fi\/karjalanelvytys\/wp-json\/wp\/v2\/pages\/23134","targetHints":{"allow":["GET"]}}],"collection":[{"href":"https:\/\/blogs.uef.fi\/karjalanelvytys\/wp-json\/wp\/v2\/pages"}],"about":[{"href":"https:\/\/blogs.uef.fi\/karjalanelvytys\/wp-json\/wp\/v2\/types\/page"}],"author":[{"embeddable":true,"href":"https:\/\/blogs.uef.fi\/karjalanelvytys\/wp-json\/wp\/v2\/users\/480"}],"replies":[{"embeddable":true,"href":"https:\/\/blogs.uef.fi\/karjalanelvytys\/wp-json\/wp\/v2\/comments?post=23134"}],"version-history":[{"count":2,"href":"https:\/\/blogs.uef.fi\/karjalanelvytys\/wp-json\/wp\/v2\/pages\/23134\/revisions"}],"predecessor-version":[{"id":23148,"href":"https:\/\/blogs.uef.fi\/karjalanelvytys\/wp-json\/wp\/v2\/pages\/23134\/revisions\/23148"}],"wp:attachment":[{"href":"https:\/\/blogs.uef.fi\/karjalanelvytys\/wp-json\/wp\/v2\/media?parent=23134"}],"curies":[{"name":"wp","href":"https:\/\/api.w.org\/{rel}","templated":true}]}}