{"id":22808,"date":"2025-12-02T14:09:48","date_gmt":"2025-12-02T12:09:48","guid":{"rendered":"https:\/\/blogs.uef.fi\/karjalanelvytys\/?page_id=22808"},"modified":"2025-12-12T12:59:52","modified_gmt":"2025-12-12T10:59:52","slug":"rostuonlaulut-karjalaksi","status":"publish","type":"page","link":"https:\/\/blogs.uef.fi\/karjalanelvytys\/rostuonlaulut-karjalaksi\/","title":{"rendered":"Ro\u0161tuonlaulut karjalak\u0161i"},"content":{"rendered":"\n<p>T\u00e4ll\u00e4 \u0161ivulla on ker\u00e4tty vienankarjalak\u0161i ki\u00e4nnetty\u00f6 ro\u0161tuonlauluo. <\/p>\n\n\n\n<figure class=\"wp-block-image size-large is-resized\"><img loading=\"lazy\" decoding=\"async\" width=\"1024\" height=\"729\" src=\"https:\/\/blogs.uef.fi\/karjalanelvytys\/wp-content\/uploads\/sites\/155\/2025\/12\/piparit_karjal_ukkoakka_SManty.jpg_pienempi-koko-1024x729.jpg\" alt=\"Piparit. Karjalaiset asut. Sirpa M\u00e4nty.\" class=\"wp-image-22927\" style=\"width:631px;height:auto\" srcset=\"https:\/\/blogs.uef.fi\/karjalanelvytys\/wp-content\/uploads\/sites\/155\/2025\/12\/piparit_karjal_ukkoakka_SManty.jpg_pienempi-koko-1024x729.jpg 1024w, https:\/\/blogs.uef.fi\/karjalanelvytys\/wp-content\/uploads\/sites\/155\/2025\/12\/piparit_karjal_ukkoakka_SManty.jpg_pienempi-koko-300x214.jpg 300w, https:\/\/blogs.uef.fi\/karjalanelvytys\/wp-content\/uploads\/sites\/155\/2025\/12\/piparit_karjal_ukkoakka_SManty.jpg_pienempi-koko-768x547.jpg 768w, https:\/\/blogs.uef.fi\/karjalanelvytys\/wp-content\/uploads\/sites\/155\/2025\/12\/piparit_karjal_ukkoakka_SManty.jpg_pienempi-koko-1536x1094.jpg 1536w, https:\/\/blogs.uef.fi\/karjalanelvytys\/wp-content\/uploads\/sites\/155\/2025\/12\/piparit_karjal_ukkoakka_SManty.jpg_pienempi-koko-2048x1458.jpg 2048w\" sizes=\"auto, (max-width: 1024px) 100vw, 1024px\" \/><figcaption class=\"wp-element-caption\">Karjalaiset ro\u0161tuonpri\u00e4nik\u00e4t. Luatin taituolija Sirpa M\u00e4nty.<\/figcaption><\/figure>\n\n\n\n<h2 class=\"wp-block-heading\">On hanket korkiet, kinok\u0161et<\/h2>\n\n\n\n<p>\u0160\u00e4velly\u0161:<strong>&nbsp;Jean Sibelius<\/strong><br>\u0160anat \u0161uomek\u0161i:&nbsp;<strong>Vilkku Joukahainen<\/strong><br>Ki\u00e4nn\u00f6\u0161 vienankarjalak\u0161i:&nbsp;<strong>Johanna Pelling<\/strong> ta <strong>Olga Karlova<\/strong><\/p>\n\n\n\n<p>On hanket korkiet, kinok\u0161et<br>vain Ro\u0161tuo arma\u0161 on meil\u00e4!<br>On vilut, paukkujat pakkaset<br>ta puhujat pohjan tuuloset,<br>vain Ro\u0161tuo arma\u0161 on meil\u00e4.<\/p>\n\n\n\n<p>My\u00f6 tua\u0161\u0161en laulamma ihuallen<br>kuni Ro\u0161tuo arma\u0161 on meil\u00e4!<br>\u0160e valtuau mielen ta \u0161yt\u00e4men<br>ta murtau murehen entisen,<br>mi ka\u0161vo elok\u0161en tiell\u00e4.<\/p>\n\n\n\n<p>Oi ruvekkua, y\u0161t\u00e4v\u00e4t, laulamah,<br>kuni Ro\u0161tuo arma\u0161 on meil\u00e4!<br>On Ro\u0161tuo tuttava ammuistah<br>on t\u00e4nne py\u00f6r\u00e4ht\u00e4n aijallah<br>ta kostiu kotvasen meil\u00e4.<\/p>\n\n\n\n<p>Nyt laulut t\u00e4htil\u00f6ih kaijutah,<br>kuni Ro\u0161tuo arma\u0161 on meil\u00e4!<br>On kahallah ver\u00e4j\u00e4t taivahah,<br>kun n\u00f6yr\u00e4n\u00e4 ollou matallah,<br>kuni Ro\u0161tuo arma\u0161 on meil\u00e4.<\/p>\n\n\n\n<p>Oi anna, Hospoti, armuo\u0161,<br>kuni Ro\u0161tuo arma\u0161 on meil\u00e4!<br>Ta rahva\u0161ta \u0161uojua voimalla\u0161,<br>meit\u2019 auta n\u00e4k\u00f6m\u00e4h taivaha\u0161,<br>kuni Ro\u0161tuo arma\u0161 on meil\u00e4!<\/p>\n\n\n\n<p>*<br>Ki\u00e4nt\u00e4j\u00e4t passipoijah&nbsp;<strong>Pekka Suutarie<\/strong>&nbsp;ki\u00e4nn\u00f6\u0161tekstin ta \u0161\u00e4velen yhteh \u0161ovittamua!<\/p>\n\n\n\n<p>*<\/p>\n\n\n\n<h2 class=\"wp-block-heading\">No ollou tullun ke\u0161\u00e4<\/h2>\n\n\n\n<p>Ki\u00e4nnettih<strong> Elena Rapa<\/strong>&nbsp;(Ravan Jelena) ta&nbsp;<strong>Olga Karlova&nbsp;<\/strong>(Lammaisj\u00e4rven Olka)<\/p>\n\n\n\n<p>No ollou tullun ke\u0161\u00e4<br>nyt talvi\u0161i\u00e4mell\u00e4,<br>ka luatinemma pe\u0161\u00e4n<br>my\u00f6 lintusilla.<\/p>\n\n\n\n<p>Mi\u00e4n kuu\u0161i tuohuk\u0161ie<br>jo puhkei kukkimah,<br>\u010dillien hel\u00e4hyk\u0161ie<br>nyt rupei kuulumah.<\/p>\n\n\n\n<p>Ta starikkaki nuortuu<br>kuin lap\u0161i kisuamah,<br>ta koukku\u0161elk\u00e4 \u0161uortuu,<br>niin kai on mieliss\u00e4h.<\/p>\n\n\n\n<p>Niin hyv\u00e4, l\u00e4mmin, hell\u00e4<br>on mieli \u0161iun ta miun.<br>Oi jo\u0161 imehnisell\u00e4<br>ois Ro\u0161tuo ainani.<\/p>\n\n\n\n<h2 class=\"wp-block-heading\">En e\u010di valtua, kiiltuo<\/h2>\n\n\n\n<p>\u0160\u00e4v. <strong>Jean Sibelius<\/strong><br>\u0160an. <strong>Sakari Topelius<\/strong><br>\u0160uom. Tuntematoin<br>Vienankarjalak\u0161i ki\u00e4nt\u00e4n <strong>Olga Karlova<\/strong><\/p>\n\n\n\n<p>En e\u010di valtua, kiiltuo<br>Ei himota kultua<br>mie tahon taivahan valuo<br>ta rauhua pi\u00e4ll\u00e4 muan.<br>Nyt Ro\u0161tuo, o\u0161an \u0161uuren tuou<br>ta mielet no\u0161tau Spuassun luo.<br>Ei valtua, ei ni kultua,<br>vain rauhua pi\u00e4ll\u00e4 muan.<\/p>\n\n\n\n<p>Kun koissa ollou \u0161opuo<br>ta lap\u0161illa kuu\u0161ihut,<br>Jumalan \u0161anan valuo,<br>mis\u2019 \u0161i\u00e4mi kajo\u0161tuu.<br>Tuo kotihi, hot pienehki,<br>nyt ro\u0161tuonjuhla hyv\u00e4ni,<br>Jumalan \u0161anan valuo<br>ta mieleh iluo.<\/p>\n\n\n\n<p>Luo k\u00f6yh\u00e4n ta i pohatan<br>tuloupi Ro\u0161tuo.<br>Pimevytehe muailman<br>tuou taivahan valuo.<br>\u0160iut\u2019 haluon, \u0161ilma vuotan,<br>\u0161ie Hospoti muan ta taivahan!<br>Nyt k\u00f6yh\u00e4n ta pohatan luo<br>ihala Ro\u0161tuo\u0161 tuo!<\/p>\n\n\n\n<p>*<\/p>\n\n\n\n<p>Luve <em>En e\u010di valtua, kiiltuo<\/em> -laulun karjalak\u0161i ki\u00e4nn\u00f6k\u0161e\u0161t\u00e4:<a href=\"https:\/\/blogs.uef.fi\/karjalanelvytys\/luukku-8\/\" target=\"_blank\" rel=\"noreferrer noopener\"> linkki<\/a><\/p>\n\n\n\n<p>Kuuntele karjalak\u0161i laulettuna YouTube\u0161\u0161a: <a href=\"https:\/\/www.youtube.com\/watch?v=RHY8VuG5md4&amp;list=RDRHY8VuG5md4&amp;start_radio=1\" target=\"_blank\" rel=\"noreferrer noopener\">linkki<\/a><\/p>\n\n\n\n<p>*<\/p>\n\n\n\n<h2 class=\"wp-block-heading\">Ro\u0161tuonkuu\u0161i<\/h2>\n\n\n\n<p>\u0160anat \u0161uomek\u0161i <strong>Gustaf Oskar Sch\u00f6neman<\/strong><br>Ki\u00e4nt\u00e4n vienankarjalak\u0161i <strong>Olga Karlova<\/strong><\/p>\n\n\n\n<p>Vorssak\u0161i on \u0161uoritettu<br>ro\u0161tuonkuu\u0161i pirtiss\u00e4;<br>n\u2019amuset on riputettu<br>pruasniekkua vuottuas\u2019s\u2019a.<\/p>\n\n\n\n<p>Valkien tuojat kynttel\u00e4iset<br>kil\u010detet\u00e4h \u0161oma\u0161ti;<br>ymp\u00e4rill\u00e4 pikkaraiset<br>lauletah vienokkali.<\/p>\n\n\n\n<p>Passipoiset \u0161iula Spuassu<br>Pela\u0161taja kallis mi\u00e4n;<br>olet rahva\u0161ta \u0161ie l\u00e4\u0161\u0161\u00e4<br>\u0161uuri ilo muailmal\u2019.<\/p>\n\n\n\n<h2 class=\"wp-block-heading\">\u010cilliset<\/h2>\n\n\n\n<p>Ki\u00e4nt\u00e4n vienankarjalak\u0161i <strong>Darja Markelova<\/strong><\/p>\n\n\n\n<p>Lunta tupruttau. On vilu talvi\u0161i\u00e4<br>Ei meij\u00e4n liinakko en\u00e4mpi tallih ji\u00e4<br>\u0160en kohta val\u2019l\u2019a\u0161\u0161an ta matkah l\u00e4hemm\u00e4<br>Heliss\u00e4h vet \u010dilliset, reje\u0161\u0161\u00e4 lenn\u00e4mm\u00e4.<\/p>\n\n\n\n<p>\u010cilliset, \u010dilliset loito\u0161 kuulutah<br>Ro\u0161tuota va\u0161tuamah meit\u00e4 ku\u010dutah<br>\u010cilliset, \u010dilliset anna \u0161oitetah<br>Meit\u00e4 hyv\u00e4t y\u0161t\u00e4v\u00e4t kostih vuotetah.<\/p>\n\n\n\n<p>Vain pakkani paukkau ta purou neny\u00e4.<br>Nakru l\u00e4mmitt\u00e4y ta on hyv\u00e4 miele\u0161t\u00e4.<\/p>\n\n\n\n<p>\u010cilliset, \u010dilliset loito\u0161 kuulutah<br>Ro\u0161tuota va\u0161tuamah meit\u00e4 ku\u010dutah.<\/p>\n\n\n\n<p>*<\/p>\n\n\n\n<p>Kielentarkissu\u0161: <strong>Olga Karlova<\/strong><\/p>\n\n\n\n<p>*<\/p>\n\n\n\n<h2 class=\"wp-block-heading\">Taivahalla t\u00e4htivy\u00f6<\/h2>\n\n\n\n<p>Ki\u00e4nn\u00f6\u0161 vienankarjalak\u0161i <strong>Erkki Ainamon<\/strong> \u0161uomenkielisen <em>Taivaalla t\u00e4htivy\u00f6<\/em> -laulun \u0161anojen mukah: <strong>Olga Karlova<\/strong><\/p>\n\n\n\n<p>\u201dMe\u010d\u010dih jo Pohjalan<br>kattien luatiu hanki,<br>ta mua on valkien<br>saviessan vanki.<br>Taivosen tunnon luou,<br>Lucia valon tuou,<br>Pyh\u00e4 Lucia,<br>Pyh\u00e4 Lucia.\u201d<\/p>\n\n\n\n<figure class=\"wp-block-image size-large is-resized\"><img loading=\"lazy\" decoding=\"async\" width=\"724\" height=\"1024\" src=\"https:\/\/blogs.uef.fi\/karjalanelvytys\/wp-content\/uploads\/sites\/155\/2025\/12\/Joulun-tuoksut_SirpaManty-724x1024.jpg\" alt=\"Joulun tuoksut. Taiteilija Sirpa M\u00e4nty.\" class=\"wp-image-22929\" style=\"width:630px;height:auto\" srcset=\"https:\/\/blogs.uef.fi\/karjalanelvytys\/wp-content\/uploads\/sites\/155\/2025\/12\/Joulun-tuoksut_SirpaManty-724x1024.jpg 724w, https:\/\/blogs.uef.fi\/karjalanelvytys\/wp-content\/uploads\/sites\/155\/2025\/12\/Joulun-tuoksut_SirpaManty-212x300.jpg 212w, https:\/\/blogs.uef.fi\/karjalanelvytys\/wp-content\/uploads\/sites\/155\/2025\/12\/Joulun-tuoksut_SirpaManty-768x1086.jpg 768w, https:\/\/blogs.uef.fi\/karjalanelvytys\/wp-content\/uploads\/sites\/155\/2025\/12\/Joulun-tuoksut_SirpaManty-1086x1536.jpg 1086w, https:\/\/blogs.uef.fi\/karjalanelvytys\/wp-content\/uploads\/sites\/155\/2025\/12\/Joulun-tuoksut_SirpaManty-1448x2048.jpg 1448w, https:\/\/blogs.uef.fi\/karjalanelvytys\/wp-content\/uploads\/sites\/155\/2025\/12\/Joulun-tuoksut_SirpaManty-scaled.jpg 1810w\" sizes=\"auto, (max-width: 724px) 100vw, 724px\" \/><figcaption class=\"wp-element-caption\">Ro\u0161tuon tuuhhut. Luatin taituolija Sirpa M\u00e4nty.<\/figcaption><\/figure>\n","protected":false},"excerpt":{"rendered":"<p>T\u00e4ll\u00e4 \u0161ivulla on ker\u00e4tty vienankarjalak\u0161i ki\u00e4nnetty\u00f6 ro\u0161tuonlauluo. On hanket korkiet, kinok\u0161et \u0160\u00e4velly\u0161:&nbsp;Jean Sibelius\u0160anat \u0161uomek\u0161i:&nbsp;Vilkku JoukahainenKi\u00e4nn\u00f6\u0161 vienankarjalak\u0161i:&nbsp;Johanna Pelling ta Olga Karlova On hanket korkiet, kinok\u0161etvain Ro\u0161tuo arma\u0161 on meil\u00e4!On vilut, paukkujat pakkasetta puhujat pohjan tuuloset,vain Ro\u0161tuo arma\u0161 on meil\u00e4. My\u00f6 tua\u0161\u0161en laulamma ihuallenkuni Ro\u0161tuo arma\u0161 on meil\u00e4!\u0160e valtuau mielen ta \u0161yt\u00e4menta murtau murehen entisen,mi ka\u0161vo elok\u0161en [&hellip;]<\/p>\n","protected":false},"author":480,"featured_media":0,"parent":0,"menu_order":0,"comment_status":"closed","ping_status":"closed","template":"","meta":{"_acf_changed":false,"footnotes":""},"class_list":["post-22808","page","type-page","status-publish","hentry"],"acf":[],"yoast_head":"<!-- This site is optimized with the Yoast SEO plugin v27.1.1 - https:\/\/yoast.com\/product\/yoast-seo-wordpress\/ -->\n<title>Ro\u0161tuonlaulut karjalak\u0161i - Karjalan kielen elvytt\u00e4minen<\/title>\n<meta name=\"robots\" content=\"index, follow, max-snippet:-1, max-image-preview:large, max-video-preview:-1\" \/>\n<link rel=\"canonical\" href=\"https:\/\/blogs.uef.fi\/karjalanelvytys\/rostuonlaulut-karjalaksi\/\" \/>\n<meta property=\"og:locale\" content=\"fi_FI\" \/>\n<meta property=\"og:type\" content=\"article\" \/>\n<meta property=\"og:title\" content=\"Ro\u0161tuonlaulut karjalak\u0161i - Karjalan kielen elvytt\u00e4minen\" \/>\n<meta property=\"og:description\" content=\"T\u00e4ll\u00e4 \u0161ivulla on ker\u00e4tty vienankarjalak\u0161i ki\u00e4nnetty\u00f6 ro\u0161tuonlauluo. On hanket korkiet, kinok\u0161et \u0160\u00e4velly\u0161:&nbsp;Jean Sibelius\u0160anat \u0161uomek\u0161i:&nbsp;Vilkku JoukahainenKi\u00e4nn\u00f6\u0161 vienankarjalak\u0161i:&nbsp;Johanna Pelling ta Olga Karlova On hanket korkiet, kinok\u0161etvain Ro\u0161tuo arma\u0161 on meil\u00e4!On vilut, paukkujat pakkasetta puhujat pohjan tuuloset,vain Ro\u0161tuo arma\u0161 on meil\u00e4. My\u00f6 tua\u0161\u0161en laulamma ihuallenkuni Ro\u0161tuo arma\u0161 on meil\u00e4!\u0160e valtuau mielen ta \u0161yt\u00e4menta murtau murehen entisen,mi ka\u0161vo elok\u0161en [&hellip;]\" \/>\n<meta property=\"og:url\" content=\"https:\/\/blogs.uef.fi\/karjalanelvytys\/rostuonlaulut-karjalaksi\/\" \/>\n<meta property=\"og:site_name\" content=\"Karjalan kielen elvytt\u00e4minen\" \/>\n<meta property=\"article:modified_time\" content=\"2025-12-12T10:59:52+00:00\" \/>\n<meta property=\"og:image\" content=\"https:\/\/blogs.uef.fi\/karjalanelvytys\/wp-content\/uploads\/sites\/155\/2025\/12\/piparit_karjal_ukkoakka_SManty.jpg_pienempi-koko-scaled.jpg\" \/>\n\t<meta property=\"og:image:width\" content=\"2560\" \/>\n\t<meta property=\"og:image:height\" content=\"1823\" \/>\n\t<meta property=\"og:image:type\" content=\"image\/jpeg\" \/>\n<meta name=\"twitter:card\" content=\"summary_large_image\" \/>\n<meta name=\"twitter:label1\" content=\"Arvioitu lukuaika\" \/>\n\t<meta name=\"twitter:data1\" content=\"4 minuuttia\" \/>\n<script type=\"application\/ld+json\" class=\"yoast-schema-graph\">{\"@context\":\"https:\/\/schema.org\",\"@graph\":[{\"@type\":\"WebPage\",\"@id\":\"https:\/\/blogs.uef.fi\/karjalanelvytys\/rostuonlaulut-karjalaksi\/\",\"url\":\"https:\/\/blogs.uef.fi\/karjalanelvytys\/rostuonlaulut-karjalaksi\/\",\"name\":\"Ro\u0161tuonlaulut karjalak\u0161i - Karjalan kielen elvytt\u00e4minen\",\"isPartOf\":{\"@id\":\"https:\/\/blogs.uef.fi\/karjalanelvytys\/#website\"},\"primaryImageOfPage\":{\"@id\":\"https:\/\/blogs.uef.fi\/karjalanelvytys\/rostuonlaulut-karjalaksi\/#primaryimage\"},\"image\":{\"@id\":\"https:\/\/blogs.uef.fi\/karjalanelvytys\/rostuonlaulut-karjalaksi\/#primaryimage\"},\"thumbnailUrl\":\"https:\/\/blogs.uef.fi\/karjalanelvytys\/wp-content\/uploads\/sites\/155\/2025\/12\/piparit_karjal_ukkoakka_SManty.jpg_pienempi-koko-1024x729.jpg\",\"datePublished\":\"2025-12-02T12:09:48+00:00\",\"dateModified\":\"2025-12-12T10:59:52+00:00\",\"breadcrumb\":{\"@id\":\"https:\/\/blogs.uef.fi\/karjalanelvytys\/rostuonlaulut-karjalaksi\/#breadcrumb\"},\"inLanguage\":\"fi\",\"potentialAction\":[{\"@type\":\"ReadAction\",\"target\":[\"https:\/\/blogs.uef.fi\/karjalanelvytys\/rostuonlaulut-karjalaksi\/\"]}]},{\"@type\":\"ImageObject\",\"inLanguage\":\"fi\",\"@id\":\"https:\/\/blogs.uef.fi\/karjalanelvytys\/rostuonlaulut-karjalaksi\/#primaryimage\",\"url\":\"https:\/\/blogs.uef.fi\/karjalanelvytys\/wp-content\/uploads\/sites\/155\/2025\/12\/piparit_karjal_ukkoakka_SManty.jpg_pienempi-koko-scaled.jpg\",\"contentUrl\":\"https:\/\/blogs.uef.fi\/karjalanelvytys\/wp-content\/uploads\/sites\/155\/2025\/12\/piparit_karjal_ukkoakka_SManty.jpg_pienempi-koko-scaled.jpg\",\"width\":2560,\"height\":1823,\"caption\":\"Karjalaiset ro\u0161tuonpri\u00e4nik\u00e4t. Luatin taituolija Sirpa M\u00e4nty\"},{\"@type\":\"BreadcrumbList\",\"@id\":\"https:\/\/blogs.uef.fi\/karjalanelvytys\/rostuonlaulut-karjalaksi\/#breadcrumb\",\"itemListElement\":[{\"@type\":\"ListItem\",\"position\":1,\"name\":\"Home\",\"item\":\"https:\/\/blogs.uef.fi\/karjalanelvytys\/\"},{\"@type\":\"ListItem\",\"position\":2,\"name\":\"Ro\u0161tuonlaulut karjalak\u0161i\"}]},{\"@type\":\"WebSite\",\"@id\":\"https:\/\/blogs.uef.fi\/karjalanelvytys\/#website\",\"url\":\"https:\/\/blogs.uef.fi\/karjalanelvytys\/\",\"name\":\"Karjalan kielen elvytt\u00e4minen\",\"description\":\"\",\"potentialAction\":[{\"@type\":\"SearchAction\",\"target\":{\"@type\":\"EntryPoint\",\"urlTemplate\":\"https:\/\/blogs.uef.fi\/karjalanelvytys\/?s={search_term_string}\"},\"query-input\":{\"@type\":\"PropertyValueSpecification\",\"valueRequired\":true,\"valueName\":\"search_term_string\"}}],\"inLanguage\":\"fi\"}]}<\/script>\n<!-- \/ Yoast SEO plugin. -->","yoast_head_json":{"title":"Ro\u0161tuonlaulut karjalak\u0161i - Karjalan kielen elvytt\u00e4minen","robots":{"index":"index","follow":"follow","max-snippet":"max-snippet:-1","max-image-preview":"max-image-preview:large","max-video-preview":"max-video-preview:-1"},"canonical":"https:\/\/blogs.uef.fi\/karjalanelvytys\/rostuonlaulut-karjalaksi\/","og_locale":"fi_FI","og_type":"article","og_title":"Ro\u0161tuonlaulut karjalak\u0161i - Karjalan kielen elvytt\u00e4minen","og_description":"T\u00e4ll\u00e4 \u0161ivulla on ker\u00e4tty vienankarjalak\u0161i ki\u00e4nnetty\u00f6 ro\u0161tuonlauluo. On hanket korkiet, kinok\u0161et \u0160\u00e4velly\u0161:&nbsp;Jean Sibelius\u0160anat \u0161uomek\u0161i:&nbsp;Vilkku JoukahainenKi\u00e4nn\u00f6\u0161 vienankarjalak\u0161i:&nbsp;Johanna Pelling ta Olga Karlova On hanket korkiet, kinok\u0161etvain Ro\u0161tuo arma\u0161 on meil\u00e4!On vilut, paukkujat pakkasetta puhujat pohjan tuuloset,vain Ro\u0161tuo arma\u0161 on meil\u00e4. My\u00f6 tua\u0161\u0161en laulamma ihuallenkuni Ro\u0161tuo arma\u0161 on meil\u00e4!\u0160e valtuau mielen ta \u0161yt\u00e4menta murtau murehen entisen,mi ka\u0161vo elok\u0161en [&hellip;]","og_url":"https:\/\/blogs.uef.fi\/karjalanelvytys\/rostuonlaulut-karjalaksi\/","og_site_name":"Karjalan kielen elvytt\u00e4minen","article_modified_time":"2025-12-12T10:59:52+00:00","og_image":[{"width":2560,"height":1823,"url":"https:\/\/blogs.uef.fi\/karjalanelvytys\/wp-content\/uploads\/sites\/155\/2025\/12\/piparit_karjal_ukkoakka_SManty.jpg_pienempi-koko-scaled.jpg","type":"image\/jpeg"}],"twitter_card":"summary_large_image","twitter_misc":{"Arvioitu lukuaika":"4 minuuttia"},"schema":{"@context":"https:\/\/schema.org","@graph":[{"@type":"WebPage","@id":"https:\/\/blogs.uef.fi\/karjalanelvytys\/rostuonlaulut-karjalaksi\/","url":"https:\/\/blogs.uef.fi\/karjalanelvytys\/rostuonlaulut-karjalaksi\/","name":"Ro\u0161tuonlaulut karjalak\u0161i - Karjalan kielen elvytt\u00e4minen","isPartOf":{"@id":"https:\/\/blogs.uef.fi\/karjalanelvytys\/#website"},"primaryImageOfPage":{"@id":"https:\/\/blogs.uef.fi\/karjalanelvytys\/rostuonlaulut-karjalaksi\/#primaryimage"},"image":{"@id":"https:\/\/blogs.uef.fi\/karjalanelvytys\/rostuonlaulut-karjalaksi\/#primaryimage"},"thumbnailUrl":"https:\/\/blogs.uef.fi\/karjalanelvytys\/wp-content\/uploads\/sites\/155\/2025\/12\/piparit_karjal_ukkoakka_SManty.jpg_pienempi-koko-1024x729.jpg","datePublished":"2025-12-02T12:09:48+00:00","dateModified":"2025-12-12T10:59:52+00:00","breadcrumb":{"@id":"https:\/\/blogs.uef.fi\/karjalanelvytys\/rostuonlaulut-karjalaksi\/#breadcrumb"},"inLanguage":"fi","potentialAction":[{"@type":"ReadAction","target":["https:\/\/blogs.uef.fi\/karjalanelvytys\/rostuonlaulut-karjalaksi\/"]}]},{"@type":"ImageObject","inLanguage":"fi","@id":"https:\/\/blogs.uef.fi\/karjalanelvytys\/rostuonlaulut-karjalaksi\/#primaryimage","url":"https:\/\/blogs.uef.fi\/karjalanelvytys\/wp-content\/uploads\/sites\/155\/2025\/12\/piparit_karjal_ukkoakka_SManty.jpg_pienempi-koko-scaled.jpg","contentUrl":"https:\/\/blogs.uef.fi\/karjalanelvytys\/wp-content\/uploads\/sites\/155\/2025\/12\/piparit_karjal_ukkoakka_SManty.jpg_pienempi-koko-scaled.jpg","width":2560,"height":1823,"caption":"Karjalaiset ro\u0161tuonpri\u00e4nik\u00e4t. Luatin taituolija Sirpa M\u00e4nty"},{"@type":"BreadcrumbList","@id":"https:\/\/blogs.uef.fi\/karjalanelvytys\/rostuonlaulut-karjalaksi\/#breadcrumb","itemListElement":[{"@type":"ListItem","position":1,"name":"Home","item":"https:\/\/blogs.uef.fi\/karjalanelvytys\/"},{"@type":"ListItem","position":2,"name":"Ro\u0161tuonlaulut karjalak\u0161i"}]},{"@type":"WebSite","@id":"https:\/\/blogs.uef.fi\/karjalanelvytys\/#website","url":"https:\/\/blogs.uef.fi\/karjalanelvytys\/","name":"Karjalan kielen elvytt\u00e4minen","description":"","potentialAction":[{"@type":"SearchAction","target":{"@type":"EntryPoint","urlTemplate":"https:\/\/blogs.uef.fi\/karjalanelvytys\/?s={search_term_string}"},"query-input":{"@type":"PropertyValueSpecification","valueRequired":true,"valueName":"search_term_string"}}],"inLanguage":"fi"}]}},"_links":{"self":[{"href":"https:\/\/blogs.uef.fi\/karjalanelvytys\/wp-json\/wp\/v2\/pages\/22808","targetHints":{"allow":["GET"]}}],"collection":[{"href":"https:\/\/blogs.uef.fi\/karjalanelvytys\/wp-json\/wp\/v2\/pages"}],"about":[{"href":"https:\/\/blogs.uef.fi\/karjalanelvytys\/wp-json\/wp\/v2\/types\/page"}],"author":[{"embeddable":true,"href":"https:\/\/blogs.uef.fi\/karjalanelvytys\/wp-json\/wp\/v2\/users\/480"}],"replies":[{"embeddable":true,"href":"https:\/\/blogs.uef.fi\/karjalanelvytys\/wp-json\/wp\/v2\/comments?post=22808"}],"version-history":[{"count":2,"href":"https:\/\/blogs.uef.fi\/karjalanelvytys\/wp-json\/wp\/v2\/pages\/22808\/revisions"}],"predecessor-version":[{"id":22933,"href":"https:\/\/blogs.uef.fi\/karjalanelvytys\/wp-json\/wp\/v2\/pages\/22808\/revisions\/22933"}],"wp:attachment":[{"href":"https:\/\/blogs.uef.fi\/karjalanelvytys\/wp-json\/wp\/v2\/media?parent=22808"}],"curies":[{"name":"wp","href":"https:\/\/api.w.org\/{rel}","templated":true}]}}