{"id":22785,"date":"2025-12-01T11:56:29","date_gmt":"2025-12-01T09:56:29","guid":{"rendered":"https:\/\/blogs.uef.fi\/karjalanelvytys\/?page_id=22785"},"modified":"2025-12-02T14:57:43","modified_gmt":"2025-12-02T12:57:43","slug":"starinoja-lapsilla-vienankarjalaksi-projekti","status":"publish","type":"page","link":"https:\/\/blogs.uef.fi\/karjalanelvytys\/starinoja-lapsilla-vienankarjalaksi-projekti\/","title":{"rendered":"Starinoja lap\u0161illa vienankarjalak\u0161i -projekti"},"content":{"rendered":"\n<h2 class=\"wp-block-heading\">Suomeksi:<\/h2>\n\n\n\n<p>Tervetuloa Starinoja lap\u0161illa vienankarjalak\u0161i -projektiin! Pyyd\u00e4mme Sinut mukaan kaivamaan arkistojasi ja l\u00e4hett\u00e4m\u00e4\u00e4n \u2013 yhden tai useita \u2013 vienankarjalaksi kirjoittamiasi satuja, tarinoita, runoja Starinoja lap\u0161illa vienankarjalak\u0161i -projektiimme. Kirjoituksista kokoamme verkko- ja \u00e4\u00e4nikirjoja julkaistavaksi osana It\u00e4-Suomen yliopiston karjalan kielen elvytt\u00e4mist\u00e4.<\/p>\n\n\n\n<p>Vienankarjalaisella kerronnalla on pitk\u00e4t perinteet satujen kertomisessa. Sadun voima on suuri. Tarinat auttavat kohtaamaan j\u00e4nnitt\u00e4vi\u00e4, pelottavia tilanteita sek\u00e4 uusia, vieraita asioita. Ne antavat neuvoja el\u00e4m\u00e4\u00e4n, viihdytt\u00e4v\u00e4t ja ruokkivat mielikuvitusta. Me vienankarjalan opiskelijat olemme kokeneet vienankielisten tarinoiden voiman my\u00f6s omassa opiskelussamme. Kirjoitetut ja \u00e4\u00e4neen luetut tarinat tutustuttavat kieleen, sanoihin, sanontoihin, auttavat puhumaan.<\/p>\n\n\n\n<p>Samalla olemme havainneet kirjoitettujen tarinoiden puutteen. Avuksi ovat tulleet omat<br>kirjoitukset. N\u00e4it\u00e4 tarinoita onkin vienankarjalaisessa kieliyhteis\u00f6ss\u00e4 syntynyt jo runsaasti. Varmasti Sin\u00e4kin olet kirjoittanut satuja, tarinoita, runoja, mitk\u00e4 sopivat sek\u00e4 lapsille ett\u00e4 aikuisille! Me haluamme nyt hy\u00f6dynt\u00e4\u00e4 n\u00e4m\u00e4 omat tarinat kaikkien kielenharrastajien k\u00e4ytt\u00f6\u00f6n niin iltasaduiksi kuin opiskelunkin tueksi. Halua Sin\u00e4kin!<\/p>\n\n\n\n<p>Kokoamme saamistamme kirjoituksista niiden sis\u00e4lt\u00f6j\u00e4 noudattaen sopivia kokonaisuuksia<br>lapsille ja aikuisille, julkaistavaksi verkkokirjoituksina.<\/p>\n\n\n\n<p><strong>Ketk\u00e4 voivat osallistua?<\/strong><\/p>\n\n\n\n<ul class=\"wp-block-list\">\n<li>Kaikki vienankarjalaa osaavat, opiskelevat ja harrastavat.<\/li>\n\n\n\n<li>Kirjoitukset tulee kirjoittaa vienankarjalaksi, ei k\u00e4\u00e4nn\u00f6ksi\u00e4.<\/li>\n\n\n\n<li>Kirjoitusten kieli huolletaan It\u00e4-Suomen yliopiston puolesta, joten kielivirheist\u00e4 ei pid\u00e4 huolestua.<\/li>\n\n\n\n<li>Kirjoituksia k\u00e4ytet\u00e4\u00e4n vain Starinoja lap\u0161illa vienankarjalak\u0161i -projektissa<\/li>\n\n\n\n<li>Kirjoittajille ei makseta palkkioita.<\/li>\n<\/ul>\n\n\n\n<p><strong>Miten osallistutaan?<\/strong><\/p>\n\n\n\n<ul class=\"wp-block-list\">\n<li>Kirjoitus on itse tai ryhm\u00e4ss\u00e4 keksitty satu, tarina, runo tai laulu<\/li>\n\n\n\n<li>Kirjoitukset voivat olla lyhyit\u00e4 tai pitempi\u00e4kin.<\/li>\n\n\n\n<li>Kirjoitusten m\u00e4\u00e4r\u00e4\u00e4 osallistujaa kohti ei ole rajoitettu.<\/li>\n\n\n\n<li>Projekti pid\u00e4tt\u00e4\u00e4 itsell\u00e4\u00e4n oikeuden kirjoitusten k\u00e4ytt\u00f6\u00f6n projektissa.<\/li>\n<\/ul>\n\n\n\n<p><strong>Minne, miten ja milloin kirjoitukset l\u00e4hetet\u00e4\u00e4n?<\/strong><\/p>\n\n\n\n<ul class=\"wp-block-list\">\n<li>Toimimme vain s\u00e4hk\u00f6postilla.<\/li>\n\n\n\n<li>Kirjoituksia voi l\u00e4hett\u00e4\u00e4 yhden kerrallaan tai useamman yhdess\u00e4.<\/li>\n\n\n\n<li>Kirjoitukset l\u00e4hetet\u00e4\u00e4n s\u00e4hk\u00f6postilla osoitteeseen heidipgilhooly@gmail.com<\/li>\n\n\n\n<li>Kirjoituksia voi ruveta l\u00e4hett\u00e4m\u00e4\u00e4n heti ja viimeist\u00e4\u00e4n <strong>15. tammikuuta 2026<\/strong>.<\/li>\n<\/ul>\n\n\n\n<p><strong>Liit\u00e4 jokaiseen kirjoitukseen:<\/strong><\/p>\n\n\n\n<ul class=\"wp-block-list\">\n<li>Oma nimesi ja s\u00e4hk\u00f6postiosoitteesi.<\/li>\n\n\n\n<li>Jos kirjoitus on jo julkaistu, milloin, miss\u00e4 ja kenen toimesta (esim. karjalan elvytt\u00e4misblogissa)<\/li>\n<\/ul>\n\n\n\n<p>Kysymyksiin vastaa <strong>Heidi Gilhooly<\/strong> (heidipgilhooly@gmail.com).<\/p>\n\n\n\n<p>Yhteisty\u00f6terveisin,<br>Starinoja lap\u0161illa vienankarjalak\u0161i-projekti:<br>Heidi Gilhooly, Pirjo-Liisa Kotiranta, Riitta Martinoff-Hutri ja Johanna Pelling.<\/p>\n\n\n\n<h2 class=\"wp-block-heading\">Karjalaksi:<\/h2>\n\n\n\n<p>Tulkua terveh Starinoja lap\u0161illa vienankarjalak\u0161i -projektih! Ku\u010dumma \u0161ilma \u0161\u00f6r\u0161\u0161im\u00e4h omua karjalaista arhiivua ta ty\u00f6nt\u00e4m\u00e4h \u2013 yhen tahi moniehan \u2013 vienankarjalak\u0161i i\u010den kirjutettuo \u0161uarnatekstie, mitytt\u00e4nih starinua tahi runuo Starinoja lap\u0161illa vienankarjalak\u0161i -projektie varoin. Kirjutuk\u0161ista kery\u00e4mm\u00e4 luventakirjan julattavak\u0161i verko\u0161\u0161a o\u0161ana P\u00e4iv\u00e4nnou\u0161u-\u0160uomen yliopisson karjalan kielen elvytt\u00e4mist\u00e4. Pluaniloissa on niise i\u00e4nikirjan luatimini.<\/p>\n\n\n\n<p>Vienankarjalaisella starinoimisella on pit\u00e4t perintehet. \u0160uarnan v\u00e4ki on \u0161uuri. Ne autetah<br>va\u0161tuamah varattavieki tilantehie ta uu\u0161ie, vierahie as\u2019s\u2019oja. Starinat neuvotetah ta juohatetah, niijen keralla on vessel\u00e4mpi ely\u00e4, ne ka\u0161vatetah fantazieta. My\u00f6 vienankarjalan opa\u0161tujat olemma tunten vienalaisien \u0161uarnojen v\u00e4kie oma\u0161\u0161a opa\u0161\u0161unna\u0161\u0161a. Kirjutetut ta i\u00e4neh luvetut starinat tuttavu\u0161\u0161utetah kieleh, \u0161anoih, \u0161anontoih, kehitet\u00e4h pakinua.<\/p>\n\n\n\n<p>Karjalan kieli tarvi\u010d\u010dou uutta starinua. Hyv\u00e4k\u0161i mielek\u0161i uutta luvettavua karjalak\u0161i \u0161yntyy,<br>olemma i\u010deki \u00e4ij\u00e4v\u00e4h\u00e4 tekstie ka kuotellun tai kirjuttan karjalak\u0161i. Totta\u0161e \u0161ieki olet kirjuttan<br>mit\u00e4nih starinua, \u0161uarnua tahi runuo, mit pa\u0161\u0161attais kuin lap\u0161illa niin aikuhisillaki! My\u00f6 tahtosima ker\u00e4t\u00e4 tukkuh n\u00e4m\u00e4 imehnisien kirjutetut starinat kaikkien k\u00e4ytt\u00f6h kuin iltastarinak\u0161i ta mint\u00e4h ei opa\u0161\u0161uk\u0161en tuvek\u0161i. Totta\u0161e \u0161iulaki himottais ottua o\u0161ua t\u00e4h projektih!<\/p>\n\n\n\n<p>\u0160uatuloista tekstil\u00f6ist\u00e4 kokuomma koko perehen verkkokirjan.<\/p>\n\n\n\n<p><strong>Ken voipi o\u0161allistuo?<\/strong><\/p>\n\n\n\n<ul class=\"wp-block-list\">\n<li>Kaikki, ket tahotah ottua o\u0161ua starinaprojektih kirjuttamalla vienankarjalak\u0161i.<\/li>\n\n\n\n<li>Kirjutuk\u0161et pit\u00e4y kirjuttua karjalak\u0161i, ei ki\u00e4nn\u00f6k\u0161ie.<\/li>\n\n\n\n<li>Kirjutuk\u0161ien kielentarkissuk\u0161en luatiu vienankarjalan opa\u0161taja P\u00e4iv\u00e4nnou\u0161u-\u0160uomen yliopisso\u0161ta. Ei pie varata kielihairehie!<\/li>\n\n\n\n<li>Kirjutuk\u0161ie k\u00e4ytet\u00e4h vain Starinoja lap\u0161illa vienankarjalak\u0161i -projektissa.<\/li>\n\n\n\n<li>Kirjuttajilla ei mak\u0161eta palkkivuo.<\/li>\n<\/ul>\n\n\n\n<p><strong>Kuin voipi o\u0161allistuo?<\/strong><\/p>\n\n\n\n<ul class=\"wp-block-list\">\n<li>Kirjutu\u0161 on oman i\u010den tahi joukolla kek\u0161itty \u0161uarna, starina, runo tahi laulu.<\/li>\n\n\n\n<li>Kirjutuk\u0161et voijah olla lyhy\u010d\u010d\u00e4isie tahi v\u00e4h\u00e4n pitempieki.<\/li>\n\n\n\n<li>Kirjutuk\u0161ien mi\u00e4r\u00e4 o\u0161allistujua kohti ei ole rajotettu.<\/li>\n\n\n\n<li>Projekti pit\u00e4y oikevuon kirjutuk\u0161en k\u00e4ytt\u00f6h projektissa.<\/li>\n<\/ul>\n\n\n\n<p><strong>Kunne, kuin ta kon\u0161a kirjutuk\u0161et ty\u00f6nnet\u00e4h?<\/strong><\/p>\n\n\n\n<ul class=\"wp-block-list\">\n<li>Kirjutuk\u0161et ty\u00f6nnet\u00e4h \u0161\u00e4hk\u00f6po\u0161ti\u010d\u010di.<\/li>\n\n\n\n<li>Kirjutuk\u0161ie voipi ty\u00f6nty\u00e4 yhen kerralla tahi u\u0161iemman yhe\u0161\u0161\u00e4.<\/li>\n\n\n\n<li>Kirjutuk\u0161et otetah va\u0161tah \u0161-po\u0161tissa: heidipgilhooly@gmail.com<\/li>\n\n\n\n<li>Kirjutuk\u0161ie voipi ruveta ty\u00f6nt\u00e4m\u00e4h heti, ta niit\u00e4 otetah va\u0161tah <strong>15.01.2026 \u0161uaten<\/strong>.<\/li>\n<\/ul>\n\n\n\n<p><strong>Liit\u00e4 jokahiseh kirjutukseh:<\/strong><\/p>\n\n\n\n<ul class=\"wp-block-list\">\n<li>oma nimi ta \u0161\u00e4hk\u00f6po\u0161tiadressi (ollou \u0161e eri, ku\u0161ta ty\u00f6nn\u00e4t)<\/li>\n\n\n\n<li>ollou kirjutu\u0161 aikasempah jo miss\u00e4nih julattu (esim. karjalan elvytt\u00e4misen blogissa), maini\u010de kon\u0161a ta miss\u00e4<\/li>\n<\/ul>\n\n\n\n<p>Ky\u0161ymyk\u0161ih va\u0161tuau <strong>Heidi Gilhooly <\/strong>(heidipgilhooly@gmail.com).<\/p>\n\n\n\n<p>Yhtehisruatotervehyisin<br>Heidi Gilhooly, Pirjo-Liisa Kotiranta, Riitta Martinoff-Hutri ta Johanna Pelling.<\/p>\n","protected":false},"excerpt":{"rendered":"<p>Suomeksi: Tervetuloa Starinoja lap\u0161illa vienankarjalak\u0161i -projektiin! Pyyd\u00e4mme Sinut mukaan kaivamaan arkistojasi ja l\u00e4hett\u00e4m\u00e4\u00e4n \u2013 yhden tai useita \u2013 vienankarjalaksi kirjoittamiasi satuja, tarinoita, runoja Starinoja lap\u0161illa vienankarjalak\u0161i -projektiimme. Kirjoituksista kokoamme verkko- ja \u00e4\u00e4nikirjoja julkaistavaksi osana It\u00e4-Suomen yliopiston karjalan kielen elvytt\u00e4mist\u00e4. Vienankarjalaisella kerronnalla on pitk\u00e4t perinteet satujen kertomisessa. Sadun voima on suuri. Tarinat auttavat kohtaamaan j\u00e4nnitt\u00e4vi\u00e4, pelottavia [&hellip;]<\/p>\n","protected":false},"author":580,"featured_media":0,"parent":0,"menu_order":0,"comment_status":"closed","ping_status":"closed","template":"","meta":{"_acf_changed":false,"footnotes":""},"class_list":["post-22785","page","type-page","status-publish","hentry"],"acf":[],"yoast_head":"<!-- This site is optimized with the Yoast SEO plugin v27.3 - https:\/\/yoast.com\/product\/yoast-seo-wordpress\/ -->\n<title>Starinoja lap\u0161illa vienankarjalak\u0161i -projekti - Karjalan kielen elvytt\u00e4minen<\/title>\n<meta name=\"robots\" content=\"index, follow, max-snippet:-1, max-image-preview:large, max-video-preview:-1\" \/>\n<link rel=\"canonical\" href=\"https:\/\/blogs.uef.fi\/karjalanelvytys\/starinoja-lapsilla-vienankarjalaksi-projekti\/\" \/>\n<meta property=\"og:locale\" content=\"fi_FI\" \/>\n<meta property=\"og:type\" content=\"article\" \/>\n<meta property=\"og:title\" content=\"Starinoja lap\u0161illa vienankarjalak\u0161i -projekti - Karjalan kielen elvytt\u00e4minen\" \/>\n<meta property=\"og:description\" content=\"Suomeksi: Tervetuloa Starinoja lap\u0161illa vienankarjalak\u0161i -projektiin! Pyyd\u00e4mme Sinut mukaan kaivamaan arkistojasi ja l\u00e4hett\u00e4m\u00e4\u00e4n \u2013 yhden tai useita \u2013 vienankarjalaksi kirjoittamiasi satuja, tarinoita, runoja Starinoja lap\u0161illa vienankarjalak\u0161i -projektiimme. Kirjoituksista kokoamme verkko- ja \u00e4\u00e4nikirjoja julkaistavaksi osana It\u00e4-Suomen yliopiston karjalan kielen elvytt\u00e4mist\u00e4. Vienankarjalaisella kerronnalla on pitk\u00e4t perinteet satujen kertomisessa. Sadun voima on suuri. Tarinat auttavat kohtaamaan j\u00e4nnitt\u00e4vi\u00e4, pelottavia [&hellip;]\" \/>\n<meta property=\"og:url\" content=\"https:\/\/blogs.uef.fi\/karjalanelvytys\/starinoja-lapsilla-vienankarjalaksi-projekti\/\" \/>\n<meta property=\"og:site_name\" content=\"Karjalan kielen elvytt\u00e4minen\" \/>\n<meta property=\"article:modified_time\" content=\"2025-12-02T12:57:43+00:00\" \/>\n<meta name=\"twitter:card\" content=\"summary_large_image\" \/>\n<meta name=\"twitter:label1\" content=\"Arvioitu lukuaika\" \/>\n\t<meta name=\"twitter:data1\" content=\"4 minuuttia\" \/>\n<script type=\"application\/ld+json\" class=\"yoast-schema-graph\">{\"@context\":\"https:\\\/\\\/schema.org\",\"@graph\":[{\"@type\":\"WebPage\",\"@id\":\"https:\\\/\\\/blogs.uef.fi\\\/karjalanelvytys\\\/starinoja-lapsilla-vienankarjalaksi-projekti\\\/\",\"url\":\"https:\\\/\\\/blogs.uef.fi\\\/karjalanelvytys\\\/starinoja-lapsilla-vienankarjalaksi-projekti\\\/\",\"name\":\"Starinoja lap\u0161illa vienankarjalak\u0161i -projekti - Karjalan kielen elvytt\u00e4minen\",\"isPartOf\":{\"@id\":\"https:\\\/\\\/blogs.uef.fi\\\/karjalanelvytys\\\/#website\"},\"datePublished\":\"2025-12-01T09:56:29+00:00\",\"dateModified\":\"2025-12-02T12:57:43+00:00\",\"breadcrumb\":{\"@id\":\"https:\\\/\\\/blogs.uef.fi\\\/karjalanelvytys\\\/starinoja-lapsilla-vienankarjalaksi-projekti\\\/#breadcrumb\"},\"inLanguage\":\"fi\",\"potentialAction\":[{\"@type\":\"ReadAction\",\"target\":[\"https:\\\/\\\/blogs.uef.fi\\\/karjalanelvytys\\\/starinoja-lapsilla-vienankarjalaksi-projekti\\\/\"]}]},{\"@type\":\"BreadcrumbList\",\"@id\":\"https:\\\/\\\/blogs.uef.fi\\\/karjalanelvytys\\\/starinoja-lapsilla-vienankarjalaksi-projekti\\\/#breadcrumb\",\"itemListElement\":[{\"@type\":\"ListItem\",\"position\":1,\"name\":\"Home\",\"item\":\"https:\\\/\\\/blogs.uef.fi\\\/karjalanelvytys\\\/\"},{\"@type\":\"ListItem\",\"position\":2,\"name\":\"Starinoja lap\u0161illa vienankarjalak\u0161i -projekti\"}]},{\"@type\":\"WebSite\",\"@id\":\"https:\\\/\\\/blogs.uef.fi\\\/karjalanelvytys\\\/#website\",\"url\":\"https:\\\/\\\/blogs.uef.fi\\\/karjalanelvytys\\\/\",\"name\":\"Karjalan kielen elvytt\u00e4minen\",\"description\":\"\",\"potentialAction\":[{\"@type\":\"SearchAction\",\"target\":{\"@type\":\"EntryPoint\",\"urlTemplate\":\"https:\\\/\\\/blogs.uef.fi\\\/karjalanelvytys\\\/?s={search_term_string}\"},\"query-input\":{\"@type\":\"PropertyValueSpecification\",\"valueRequired\":true,\"valueName\":\"search_term_string\"}}],\"inLanguage\":\"fi\"}]}<\/script>\n<!-- \/ Yoast SEO plugin. -->","yoast_head_json":{"title":"Starinoja lap\u0161illa vienankarjalak\u0161i -projekti - Karjalan kielen elvytt\u00e4minen","robots":{"index":"index","follow":"follow","max-snippet":"max-snippet:-1","max-image-preview":"max-image-preview:large","max-video-preview":"max-video-preview:-1"},"canonical":"https:\/\/blogs.uef.fi\/karjalanelvytys\/starinoja-lapsilla-vienankarjalaksi-projekti\/","og_locale":"fi_FI","og_type":"article","og_title":"Starinoja lap\u0161illa vienankarjalak\u0161i -projekti - Karjalan kielen elvytt\u00e4minen","og_description":"Suomeksi: Tervetuloa Starinoja lap\u0161illa vienankarjalak\u0161i -projektiin! Pyyd\u00e4mme Sinut mukaan kaivamaan arkistojasi ja l\u00e4hett\u00e4m\u00e4\u00e4n \u2013 yhden tai useita \u2013 vienankarjalaksi kirjoittamiasi satuja, tarinoita, runoja Starinoja lap\u0161illa vienankarjalak\u0161i -projektiimme. Kirjoituksista kokoamme verkko- ja \u00e4\u00e4nikirjoja julkaistavaksi osana It\u00e4-Suomen yliopiston karjalan kielen elvytt\u00e4mist\u00e4. Vienankarjalaisella kerronnalla on pitk\u00e4t perinteet satujen kertomisessa. Sadun voima on suuri. Tarinat auttavat kohtaamaan j\u00e4nnitt\u00e4vi\u00e4, pelottavia [&hellip;]","og_url":"https:\/\/blogs.uef.fi\/karjalanelvytys\/starinoja-lapsilla-vienankarjalaksi-projekti\/","og_site_name":"Karjalan kielen elvytt\u00e4minen","article_modified_time":"2025-12-02T12:57:43+00:00","twitter_card":"summary_large_image","twitter_misc":{"Arvioitu lukuaika":"4 minuuttia"},"schema":{"@context":"https:\/\/schema.org","@graph":[{"@type":"WebPage","@id":"https:\/\/blogs.uef.fi\/karjalanelvytys\/starinoja-lapsilla-vienankarjalaksi-projekti\/","url":"https:\/\/blogs.uef.fi\/karjalanelvytys\/starinoja-lapsilla-vienankarjalaksi-projekti\/","name":"Starinoja lap\u0161illa vienankarjalak\u0161i -projekti - Karjalan kielen elvytt\u00e4minen","isPartOf":{"@id":"https:\/\/blogs.uef.fi\/karjalanelvytys\/#website"},"datePublished":"2025-12-01T09:56:29+00:00","dateModified":"2025-12-02T12:57:43+00:00","breadcrumb":{"@id":"https:\/\/blogs.uef.fi\/karjalanelvytys\/starinoja-lapsilla-vienankarjalaksi-projekti\/#breadcrumb"},"inLanguage":"fi","potentialAction":[{"@type":"ReadAction","target":["https:\/\/blogs.uef.fi\/karjalanelvytys\/starinoja-lapsilla-vienankarjalaksi-projekti\/"]}]},{"@type":"BreadcrumbList","@id":"https:\/\/blogs.uef.fi\/karjalanelvytys\/starinoja-lapsilla-vienankarjalaksi-projekti\/#breadcrumb","itemListElement":[{"@type":"ListItem","position":1,"name":"Home","item":"https:\/\/blogs.uef.fi\/karjalanelvytys\/"},{"@type":"ListItem","position":2,"name":"Starinoja lap\u0161illa vienankarjalak\u0161i -projekti"}]},{"@type":"WebSite","@id":"https:\/\/blogs.uef.fi\/karjalanelvytys\/#website","url":"https:\/\/blogs.uef.fi\/karjalanelvytys\/","name":"Karjalan kielen elvytt\u00e4minen","description":"","potentialAction":[{"@type":"SearchAction","target":{"@type":"EntryPoint","urlTemplate":"https:\/\/blogs.uef.fi\/karjalanelvytys\/?s={search_term_string}"},"query-input":{"@type":"PropertyValueSpecification","valueRequired":true,"valueName":"search_term_string"}}],"inLanguage":"fi"}]}},"_links":{"self":[{"href":"https:\/\/blogs.uef.fi\/karjalanelvytys\/wp-json\/wp\/v2\/pages\/22785","targetHints":{"allow":["GET"]}}],"collection":[{"href":"https:\/\/blogs.uef.fi\/karjalanelvytys\/wp-json\/wp\/v2\/pages"}],"about":[{"href":"https:\/\/blogs.uef.fi\/karjalanelvytys\/wp-json\/wp\/v2\/types\/page"}],"author":[{"embeddable":true,"href":"https:\/\/blogs.uef.fi\/karjalanelvytys\/wp-json\/wp\/v2\/users\/580"}],"replies":[{"embeddable":true,"href":"https:\/\/blogs.uef.fi\/karjalanelvytys\/wp-json\/wp\/v2\/comments?post=22785"}],"version-history":[{"count":2,"href":"https:\/\/blogs.uef.fi\/karjalanelvytys\/wp-json\/wp\/v2\/pages\/22785\/revisions"}],"predecessor-version":[{"id":22811,"href":"https:\/\/blogs.uef.fi\/karjalanelvytys\/wp-json\/wp\/v2\/pages\/22785\/revisions\/22811"}],"wp:attachment":[{"href":"https:\/\/blogs.uef.fi\/karjalanelvytys\/wp-json\/wp\/v2\/media?parent=22785"}],"curies":[{"name":"wp","href":"https:\/\/api.w.org\/{rel}","templated":true}]}}