{"id":22743,"date":"2025-11-28T08:47:52","date_gmt":"2025-11-28T06:47:52","guid":{"rendered":"https:\/\/blogs.uef.fi\/karjalanelvytys\/?page_id=22743"},"modified":"2025-11-28T08:47:53","modified_gmt":"2025-11-28T06:47:53","slug":"lauri-luukkonen-mustan-vie","status":"publish","type":"page","link":"https:\/\/blogs.uef.fi\/karjalanelvytys\/lauri-luukkonen-mustan-vie\/","title":{"rendered":"Lauri Luukkonen: Mustan vie"},"content":{"rendered":"\n<p>Lapsusaigu, eb\u00e4mi\u00e4r\u00e4hizet huavehet,<br>kehittym\u00e4tt\u00f6m\u00e4t duumat, send\u00e4h &nbsp;<br>moizet tovellizet, kummua piendy k\u00e4ziruaduo&nbsp;<br>t\u00e4vvet p\u00e4iv\u00e4t,<br>bizbett\u00e4misty konzu kunnegi,<br>kogo aijan joga \u010duraas vahnembien huolenpido<br>da vadrahien delikatnoit kielahukset,<br>da joga ildua<br>sai hyv\u00e4s mieles<br>uinota muzavansinizih hurstizih,<br>kudamis oli pienii valpahankeldazii<br>ti\u00e4htil\u00f6i \u2013 tied\u00e4jen, \u0161to<br>puuhizen raududorogan palat<br>vuotettih plastiekkujua\u0161\u0161iekas,<br>sen vois tuaste huomei<br>azuo uvvessah olopertin lattiele\u2026<\/p>\n\n\n\n<p>Sit tuldih \u0161kolale \u017eertvakse annetut<br>\u00e4ij\u00e4t ned\u00e4lit; opastundukniigat,<br>karandi\u0161al lijastetut tetratit, kudamien mur\u010devunnuh<br>bumuagu kerras hajoi, konzu k\u00e4ytit rizinki\u00e4<br>liijan v\u00e4givaldazeh, noumerat ji\u00e4vittihes<br>suurele opastajan tagan olijale, v\u00e4h\u00e4zel vihandah<br>vivahtajale mustale mielutaulule,<br>samoiten tuttavat, kustahto jo enne n\u00e4htyt kirjaimet<br>(kudamat, kui j\u00e4llemb\u00e4\u010di sait ellendi\u00e4, vaiku pi\u00e4vynd\u00e4hizesti<br>oldih latinalazet).<br>Kluasas tihei h\u00e4ly,<br>kuduasp\u00e4i muga puaksuh erottih<br>bratanoin i\u00e4net; nagrettavan ki\u017ean<br>ozaniekat, er\u00e4h\u00e4t niil\u00f6is vihaniekat&#8230;<\/p>\n\n\n\n<p>Meni mondu sygyzyy, talvie, kev\u00e4tty,<br>net roittih ozakse menny\u017eytty<br>da menny\u017eys kaiken aigua kazvoi, paizui\u2026<br>i muga ravieh: nuorusaijan lyhytig\u00e4hizet eht\u00e4t,<br>tuttavu rahvas, toizet ristikanzat\u2026 ihastundat<br>\u2026 terv\u00e4zeh enzim\u00e4ine suvai\u010dus \u2013 allukse<br>simpati\u010dnoi l\u00e4mb\u00f6 da segavo rungas,<br>sit tusku da nouzii atkal,<br>se kai, segi muga ruttoh!<br>poltajan huigien veri ro\u017eil \u2013<br>se loppih parahan yst\u00e4v\u00e4n hiitroin<br>pahanluadivon t\u00e4h\u2026<\/p>\n\n\n\n<p>T\u00e4n\u00e4p\u00e4igi mustan&nbsp;nuat dielot,<br>\u00e4ij\u00e4n&nbsp;muudugi mustan,<br>vuitin niil\u00f6isgi starinois<br>kudamat on salvattu v\u00e4himite nell\u00e4n<br>tammis luajitun uksen tuakse vuottamah;<br>no kai ne\u010de elaigu<br>libo ne\u010den elaijan mustot<br>ollah muututtu toizeh formah:<br>jygiekse, kovakse, v\u00e4h\u00e4zel ter\u00e4v\u00e4kse;<br>rounoku yhtekse suurekse<br>Uvven vuvven y\u00f6n tinam\u00f6hk\u00e4lehekse.<\/p>\n\n\n\n<figure class=\"wp-block-image size-large is-resized\"><img loading=\"lazy\" decoding=\"async\" width=\"1024\" height=\"680\" src=\"https:\/\/blogs.uef.fi\/karjalanelvytys\/wp-content\/uploads\/sites\/155\/2025\/11\/footprints-7780956_1280-1024x680.jpg\" alt=\"\" class=\"wp-image-22744\" style=\"width:400px\" srcset=\"https:\/\/blogs.uef.fi\/karjalanelvytys\/wp-content\/uploads\/sites\/155\/2025\/11\/footprints-7780956_1280-1024x680.jpg 1024w, https:\/\/blogs.uef.fi\/karjalanelvytys\/wp-content\/uploads\/sites\/155\/2025\/11\/footprints-7780956_1280-300x199.jpg 300w, https:\/\/blogs.uef.fi\/karjalanelvytys\/wp-content\/uploads\/sites\/155\/2025\/11\/footprints-7780956_1280-768x510.jpg 768w, https:\/\/blogs.uef.fi\/karjalanelvytys\/wp-content\/uploads\/sites\/155\/2025\/11\/footprints-7780956_1280.jpg 1280w\" sizes=\"auto, (max-width: 1024px) 100vw, 1024px\" \/><figcaption class=\"wp-element-caption\">Kuva: Pixabay<\/figcaption><\/figure>\n\n\n\n<p><\/p>\n","protected":false},"excerpt":{"rendered":"<p>Lapsusaigu, eb\u00e4mi\u00e4r\u00e4hizet huavehet,kehittym\u00e4tt\u00f6m\u00e4t duumat, send\u00e4h &nbsp;moizet tovellizet, kummua piendy k\u00e4ziruaduo&nbsp;t\u00e4vvet p\u00e4iv\u00e4t,bizbett\u00e4misty konzu kunnegi,kogo aijan joga \u010duraas vahnembien huolenpidoda vadrahien delikatnoit kielahukset,da joga ilduasai hyv\u00e4s mielesuinota muzavansinizih hurstizih,kudamis oli pienii valpahankeldaziiti\u00e4htil\u00f6i \u2013 tied\u00e4jen, \u0161topuuhizen raududorogan palatvuotettih plastiekkujua\u0161\u0161iekas,sen vois tuaste huomeiazuo uvvessah olopertin lattiele\u2026 Sit tuldih \u0161kolale \u017eertvakse annetut\u00e4ij\u00e4t ned\u00e4lit; opastundukniigat,karandi\u0161al lijastetut tetratit, kudamien mur\u010devunnuhbumuagu kerras hajoi, [&hellip;]<\/p>\n","protected":false},"author":580,"featured_media":0,"parent":0,"menu_order":0,"comment_status":"closed","ping_status":"closed","template":"","meta":{"_acf_changed":false,"footnotes":""},"class_list":["post-22743","page","type-page","status-publish","hentry"],"acf":[],"yoast_head":"<!-- This site is optimized with the Yoast SEO plugin v27.3 - https:\/\/yoast.com\/product\/yoast-seo-wordpress\/ -->\n<title>Lauri Luukkonen: Mustan vie - Karjalan kielen elvytt\u00e4minen<\/title>\n<meta name=\"robots\" content=\"index, follow, max-snippet:-1, max-image-preview:large, max-video-preview:-1\" \/>\n<link rel=\"canonical\" href=\"https:\/\/blogs.uef.fi\/karjalanelvytys\/lauri-luukkonen-mustan-vie\/\" \/>\n<meta property=\"og:locale\" content=\"fi_FI\" \/>\n<meta property=\"og:type\" content=\"article\" \/>\n<meta property=\"og:title\" content=\"Lauri Luukkonen: Mustan vie - Karjalan kielen elvytt\u00e4minen\" \/>\n<meta property=\"og:description\" content=\"Lapsusaigu, eb\u00e4mi\u00e4r\u00e4hizet huavehet,kehittym\u00e4tt\u00f6m\u00e4t duumat, send\u00e4h &nbsp;moizet tovellizet, kummua piendy k\u00e4ziruaduo&nbsp;t\u00e4vvet p\u00e4iv\u00e4t,bizbett\u00e4misty konzu kunnegi,kogo aijan joga \u010duraas vahnembien huolenpidoda vadrahien delikatnoit kielahukset,da joga ilduasai hyv\u00e4s mielesuinota muzavansinizih hurstizih,kudamis oli pienii valpahankeldaziiti\u00e4htil\u00f6i \u2013 tied\u00e4jen, \u0161topuuhizen raududorogan palatvuotettih plastiekkujua\u0161\u0161iekas,sen vois tuaste huomeiazuo uvvessah olopertin lattiele\u2026 Sit tuldih \u0161kolale \u017eertvakse annetut\u00e4ij\u00e4t ned\u00e4lit; opastundukniigat,karandi\u0161al lijastetut tetratit, kudamien mur\u010devunnuhbumuagu kerras hajoi, [&hellip;]\" \/>\n<meta property=\"og:url\" content=\"https:\/\/blogs.uef.fi\/karjalanelvytys\/lauri-luukkonen-mustan-vie\/\" \/>\n<meta property=\"og:site_name\" content=\"Karjalan kielen elvytt\u00e4minen\" \/>\n<meta property=\"article:modified_time\" content=\"2025-11-28T06:47:53+00:00\" \/>\n<meta property=\"og:image\" content=\"https:\/\/blogs.uef.fi\/karjalanelvytys\/wp-content\/uploads\/sites\/155\/2025\/11\/footprints-7780956_1280.jpg\" \/>\n\t<meta property=\"og:image:width\" content=\"1280\" \/>\n\t<meta property=\"og:image:height\" content=\"850\" \/>\n\t<meta property=\"og:image:type\" content=\"image\/jpeg\" \/>\n<meta name=\"twitter:card\" content=\"summary_large_image\" \/>\n<meta name=\"twitter:label1\" content=\"Arvioitu lukuaika\" \/>\n\t<meta name=\"twitter:data1\" content=\"2 minuuttia\" \/>\n<script type=\"application\/ld+json\" class=\"yoast-schema-graph\">{\"@context\":\"https:\\\/\\\/schema.org\",\"@graph\":[{\"@type\":\"WebPage\",\"@id\":\"https:\\\/\\\/blogs.uef.fi\\\/karjalanelvytys\\\/lauri-luukkonen-mustan-vie\\\/\",\"url\":\"https:\\\/\\\/blogs.uef.fi\\\/karjalanelvytys\\\/lauri-luukkonen-mustan-vie\\\/\",\"name\":\"Lauri Luukkonen: Mustan vie - Karjalan kielen elvytt\u00e4minen\",\"isPartOf\":{\"@id\":\"https:\\\/\\\/blogs.uef.fi\\\/karjalanelvytys\\\/#website\"},\"primaryImageOfPage\":{\"@id\":\"https:\\\/\\\/blogs.uef.fi\\\/karjalanelvytys\\\/lauri-luukkonen-mustan-vie\\\/#primaryimage\"},\"image\":{\"@id\":\"https:\\\/\\\/blogs.uef.fi\\\/karjalanelvytys\\\/lauri-luukkonen-mustan-vie\\\/#primaryimage\"},\"thumbnailUrl\":\"https:\\\/\\\/blogs.uef.fi\\\/karjalanelvytys\\\/wp-content\\\/uploads\\\/sites\\\/155\\\/2025\\\/11\\\/footprints-7780956_1280-1024x680.jpg\",\"datePublished\":\"2025-11-28T06:47:52+00:00\",\"dateModified\":\"2025-11-28T06:47:53+00:00\",\"breadcrumb\":{\"@id\":\"https:\\\/\\\/blogs.uef.fi\\\/karjalanelvytys\\\/lauri-luukkonen-mustan-vie\\\/#breadcrumb\"},\"inLanguage\":\"fi\",\"potentialAction\":[{\"@type\":\"ReadAction\",\"target\":[\"https:\\\/\\\/blogs.uef.fi\\\/karjalanelvytys\\\/lauri-luukkonen-mustan-vie\\\/\"]}]},{\"@type\":\"ImageObject\",\"inLanguage\":\"fi\",\"@id\":\"https:\\\/\\\/blogs.uef.fi\\\/karjalanelvytys\\\/lauri-luukkonen-mustan-vie\\\/#primaryimage\",\"url\":\"https:\\\/\\\/blogs.uef.fi\\\/karjalanelvytys\\\/wp-content\\\/uploads\\\/sites\\\/155\\\/2025\\\/11\\\/footprints-7780956_1280.jpg\",\"contentUrl\":\"https:\\\/\\\/blogs.uef.fi\\\/karjalanelvytys\\\/wp-content\\\/uploads\\\/sites\\\/155\\\/2025\\\/11\\\/footprints-7780956_1280.jpg\",\"width\":1280,\"height\":850},{\"@type\":\"BreadcrumbList\",\"@id\":\"https:\\\/\\\/blogs.uef.fi\\\/karjalanelvytys\\\/lauri-luukkonen-mustan-vie\\\/#breadcrumb\",\"itemListElement\":[{\"@type\":\"ListItem\",\"position\":1,\"name\":\"Home\",\"item\":\"https:\\\/\\\/blogs.uef.fi\\\/karjalanelvytys\\\/\"},{\"@type\":\"ListItem\",\"position\":2,\"name\":\"Lauri Luukkonen: Mustan vie\"}]},{\"@type\":\"WebSite\",\"@id\":\"https:\\\/\\\/blogs.uef.fi\\\/karjalanelvytys\\\/#website\",\"url\":\"https:\\\/\\\/blogs.uef.fi\\\/karjalanelvytys\\\/\",\"name\":\"Karjalan kielen elvytt\u00e4minen\",\"description\":\"\",\"potentialAction\":[{\"@type\":\"SearchAction\",\"target\":{\"@type\":\"EntryPoint\",\"urlTemplate\":\"https:\\\/\\\/blogs.uef.fi\\\/karjalanelvytys\\\/?s={search_term_string}\"},\"query-input\":{\"@type\":\"PropertyValueSpecification\",\"valueRequired\":true,\"valueName\":\"search_term_string\"}}],\"inLanguage\":\"fi\"}]}<\/script>\n<!-- \/ Yoast SEO plugin. -->","yoast_head_json":{"title":"Lauri Luukkonen: Mustan vie - Karjalan kielen elvytt\u00e4minen","robots":{"index":"index","follow":"follow","max-snippet":"max-snippet:-1","max-image-preview":"max-image-preview:large","max-video-preview":"max-video-preview:-1"},"canonical":"https:\/\/blogs.uef.fi\/karjalanelvytys\/lauri-luukkonen-mustan-vie\/","og_locale":"fi_FI","og_type":"article","og_title":"Lauri Luukkonen: Mustan vie - Karjalan kielen elvytt\u00e4minen","og_description":"Lapsusaigu, eb\u00e4mi\u00e4r\u00e4hizet huavehet,kehittym\u00e4tt\u00f6m\u00e4t duumat, send\u00e4h &nbsp;moizet tovellizet, kummua piendy k\u00e4ziruaduo&nbsp;t\u00e4vvet p\u00e4iv\u00e4t,bizbett\u00e4misty konzu kunnegi,kogo aijan joga \u010duraas vahnembien huolenpidoda vadrahien delikatnoit kielahukset,da joga ilduasai hyv\u00e4s mielesuinota muzavansinizih hurstizih,kudamis oli pienii valpahankeldaziiti\u00e4htil\u00f6i \u2013 tied\u00e4jen, \u0161topuuhizen raududorogan palatvuotettih plastiekkujua\u0161\u0161iekas,sen vois tuaste huomeiazuo uvvessah olopertin lattiele\u2026 Sit tuldih \u0161kolale \u017eertvakse annetut\u00e4ij\u00e4t ned\u00e4lit; opastundukniigat,karandi\u0161al lijastetut tetratit, kudamien mur\u010devunnuhbumuagu kerras hajoi, [&hellip;]","og_url":"https:\/\/blogs.uef.fi\/karjalanelvytys\/lauri-luukkonen-mustan-vie\/","og_site_name":"Karjalan kielen elvytt\u00e4minen","article_modified_time":"2025-11-28T06:47:53+00:00","og_image":[{"width":1280,"height":850,"url":"https:\/\/blogs.uef.fi\/karjalanelvytys\/wp-content\/uploads\/sites\/155\/2025\/11\/footprints-7780956_1280.jpg","type":"image\/jpeg"}],"twitter_card":"summary_large_image","twitter_misc":{"Arvioitu lukuaika":"2 minuuttia"},"schema":{"@context":"https:\/\/schema.org","@graph":[{"@type":"WebPage","@id":"https:\/\/blogs.uef.fi\/karjalanelvytys\/lauri-luukkonen-mustan-vie\/","url":"https:\/\/blogs.uef.fi\/karjalanelvytys\/lauri-luukkonen-mustan-vie\/","name":"Lauri Luukkonen: Mustan vie - Karjalan kielen elvytt\u00e4minen","isPartOf":{"@id":"https:\/\/blogs.uef.fi\/karjalanelvytys\/#website"},"primaryImageOfPage":{"@id":"https:\/\/blogs.uef.fi\/karjalanelvytys\/lauri-luukkonen-mustan-vie\/#primaryimage"},"image":{"@id":"https:\/\/blogs.uef.fi\/karjalanelvytys\/lauri-luukkonen-mustan-vie\/#primaryimage"},"thumbnailUrl":"https:\/\/blogs.uef.fi\/karjalanelvytys\/wp-content\/uploads\/sites\/155\/2025\/11\/footprints-7780956_1280-1024x680.jpg","datePublished":"2025-11-28T06:47:52+00:00","dateModified":"2025-11-28T06:47:53+00:00","breadcrumb":{"@id":"https:\/\/blogs.uef.fi\/karjalanelvytys\/lauri-luukkonen-mustan-vie\/#breadcrumb"},"inLanguage":"fi","potentialAction":[{"@type":"ReadAction","target":["https:\/\/blogs.uef.fi\/karjalanelvytys\/lauri-luukkonen-mustan-vie\/"]}]},{"@type":"ImageObject","inLanguage":"fi","@id":"https:\/\/blogs.uef.fi\/karjalanelvytys\/lauri-luukkonen-mustan-vie\/#primaryimage","url":"https:\/\/blogs.uef.fi\/karjalanelvytys\/wp-content\/uploads\/sites\/155\/2025\/11\/footprints-7780956_1280.jpg","contentUrl":"https:\/\/blogs.uef.fi\/karjalanelvytys\/wp-content\/uploads\/sites\/155\/2025\/11\/footprints-7780956_1280.jpg","width":1280,"height":850},{"@type":"BreadcrumbList","@id":"https:\/\/blogs.uef.fi\/karjalanelvytys\/lauri-luukkonen-mustan-vie\/#breadcrumb","itemListElement":[{"@type":"ListItem","position":1,"name":"Home","item":"https:\/\/blogs.uef.fi\/karjalanelvytys\/"},{"@type":"ListItem","position":2,"name":"Lauri Luukkonen: Mustan vie"}]},{"@type":"WebSite","@id":"https:\/\/blogs.uef.fi\/karjalanelvytys\/#website","url":"https:\/\/blogs.uef.fi\/karjalanelvytys\/","name":"Karjalan kielen elvytt\u00e4minen","description":"","potentialAction":[{"@type":"SearchAction","target":{"@type":"EntryPoint","urlTemplate":"https:\/\/blogs.uef.fi\/karjalanelvytys\/?s={search_term_string}"},"query-input":{"@type":"PropertyValueSpecification","valueRequired":true,"valueName":"search_term_string"}}],"inLanguage":"fi"}]}},"_links":{"self":[{"href":"https:\/\/blogs.uef.fi\/karjalanelvytys\/wp-json\/wp\/v2\/pages\/22743","targetHints":{"allow":["GET"]}}],"collection":[{"href":"https:\/\/blogs.uef.fi\/karjalanelvytys\/wp-json\/wp\/v2\/pages"}],"about":[{"href":"https:\/\/blogs.uef.fi\/karjalanelvytys\/wp-json\/wp\/v2\/types\/page"}],"author":[{"embeddable":true,"href":"https:\/\/blogs.uef.fi\/karjalanelvytys\/wp-json\/wp\/v2\/users\/580"}],"replies":[{"embeddable":true,"href":"https:\/\/blogs.uef.fi\/karjalanelvytys\/wp-json\/wp\/v2\/comments?post=22743"}],"version-history":[{"count":1,"href":"https:\/\/blogs.uef.fi\/karjalanelvytys\/wp-json\/wp\/v2\/pages\/22743\/revisions"}],"predecessor-version":[{"id":22745,"href":"https:\/\/blogs.uef.fi\/karjalanelvytys\/wp-json\/wp\/v2\/pages\/22743\/revisions\/22745"}],"wp:attachment":[{"href":"https:\/\/blogs.uef.fi\/karjalanelvytys\/wp-json\/wp\/v2\/media?parent=22743"}],"curies":[{"name":"wp","href":"https:\/\/api.w.org\/{rel}","templated":true}]}}