{"id":22667,"date":"2025-11-14T15:04:51","date_gmt":"2025-11-14T13:04:51","guid":{"rendered":"https:\/\/blogs.uef.fi\/karjalanelvytys\/?page_id=22667"},"modified":"2025-11-14T15:11:21","modified_gmt":"2025-11-14T13:11:21","slug":"podkastusanasto-livvinkarjalakse-da-suvikarjalaksi","status":"publish","type":"page","link":"https:\/\/blogs.uef.fi\/karjalanelvytys\/podkastusanasto-livvinkarjalakse-da-suvikarjalaksi\/","title":{"rendered":"Podkastusanasto (livvinkarjalakse da suvikarjalaksi)"},"content":{"rendered":"\n<p>Luajittih: <strong>Miikku H\u00e4kki <\/strong>da <strong>Elena Rapa<\/strong><\/p>\n\n\n\n<p>Tarkistettih da avvutettih: <strong>Niko Tynnyrinen <\/strong>da <strong>Natalia Giloeva<\/strong><\/p>\n\n\n\n<p>Olemmo ker\u00e4nnyh tukkuh podkastoih liittyji\u00e4 sanua da ki\u00e4nd\u00e4n net livvikse da suvikse. Avunnu olemma k\u00e4ytt\u00e4n Markianova-Py\u00f6lin da Kotuksen Karjalan kielen sanakniigua. Er\u00e4h\u00e4t sanat on pid\u00e4nyh duumaija kogonah i\u010del.<\/p>\n\n\n\n<p>Livvinkarjalaine sana on ainos enzim\u00e4zel rivil, suvikarjalaine toizel. Konzu on vaigu yksi rivi, sana on sama mollembil murdehil.<\/p>\n\n\n\n<p>*<\/p>\n\n\n\n<p><strong>podcast<\/strong><\/p>\n\n\n\n<p>podkastu<br>podkasta<\/p>\n\n\n\n<p><strong>podi<\/strong><\/p>\n\n\n\n<p>podu<br>poda<\/p>\n\n\n\n<p><strong>minicast<\/strong><\/p>\n\n\n\n<p>minikastu<br>minikasta<\/p>\n\n\n\n<p><strong>henkil\u00f6, joka tekee podia<\/strong><\/p>\n\n\n\n<p>poduniekku<br>podaniekka<\/p>\n\n\n\n<p><strong>henkil\u00f6, joka kuuntelee podia<\/strong><\/p>\n\n\n\n<p>poda\u010d\u010du<br>poda\u010d\u010da<\/p>\n\n\n\n<p><strong>kuunnella<\/strong><\/p>\n\n\n\n<p>kuunnella<\/p>\n\n\n\n<p><strong>kuuntelija<\/strong><\/p>\n\n\n\n<p>kuundelii<br>kuundelija<\/p>\n\n\n\n<h3 class=\"wp-block-heading\">I\u00e4nitykseh liittyj\u00e4t<\/h3>\n\n\n\n<p><strong>studio<\/strong><\/p>\n\n\n\n<p>stuudii<br>stuudie<\/p>\n\n\n\n<p><strong>\u00e4\u00e4nitys<\/strong><\/p>\n\n\n\n<p>i\u00e4nitys<\/p>\n\n\n\n<p><strong>\u00e4\u00e4nityssessio<\/strong><\/p>\n\n\n\n<p>i\u00e4nityskodvaine, i\u00e4nityssessii<br>i\u00e4nityskodvane, i\u00e4nityssessie<\/p>\n\n\n\n<p><strong>\u00e4\u00e4nityskoppi<\/strong><\/p>\n\n\n\n<p>i\u00e4nityskoda, i\u00e4nitysperti<br>i\u00e4nityspertti<\/p>\n\n\n\n<p><strong>\u00e4\u00e4nitt\u00e4\u00e4<\/strong><\/p>\n\n\n\n<p>i\u00e4nitti\u00e4<\/p>\n\n\n\n<p><strong>\u00e4\u00e4nieristetty<\/strong><\/p>\n\n\n\n<p>i\u00e4nitypitty<\/p>\n\n\n\n<p><strong>kaiku<\/strong><\/p>\n\n\n\n<p>kaigu, kajahtus<br>kajahus<\/p>\n\n\n\n<p><strong>mikrofoni<\/strong><\/p>\n\n\n\n<p>mikrofonu<br>mikrofona<\/p>\n\n\n\n<p><strong>kaiuttimet<\/strong><\/p>\n\n\n\n<p>toistimet, i\u00e4nekk\u00e4h\u00e4t<\/p>\n\n\n\n<p><strong>teline<\/strong><\/p>\n\n\n\n<p>kolmijalgaine, jalgu, jalusteh<br>kolmijalgane, jalga, jalusteh<\/p>\n\n\n\n<p><strong>kuulokkeet<\/strong><\/p>\n\n\n\n<p>kuulokkehet<\/p>\n\n\n\n<p><strong>johto<\/strong><\/p>\n\n\n\n<p>johto, provodu<br>johto, provoda<\/p>\n\n\n\n<p><strong>vesipullo<\/strong><\/p>\n\n\n\n<p>vezibutilku<br>vezibutilkka<\/p>\n\n\n\n<h3 class=\"wp-block-heading\">Editiirui\u010dendah liittyj\u00e4t<\/h3>\n\n\n\n<p><strong>\u00e4\u00e4niraita<\/strong><\/p>\n\n\n\n<p>i\u00e4niraidu<br>i\u00e4niraida<\/p>\n\n\n\n<p><strong>monoraita<\/strong><\/p>\n\n\n\n<p>monoraidu<br>monoraida<\/p>\n\n\n\n<p><strong>stereoraita<\/strong><\/p>\n\n\n\n<p>stereoraidu<br>stereoraida<\/p>\n\n\n\n<p><strong>editointi<\/strong><\/p>\n\n\n\n<p>editiirui\u010dendu<br>editiirui\u010denda<\/p>\n\n\n\n<p><strong>editointiohjelma<\/strong><\/p>\n\n\n\n<p>editiirui\u010denduprogrammu<br>editiirui\u010dendaprogramma<\/p>\n\n\n\n<p><strong>editoida<\/strong><\/p>\n\n\n\n<p>editiiruija<\/p>\n\n\n\n<p><strong>editoija<\/strong><\/p>\n\n\n\n<p>editiirui\u010d\u010dii, ediniekku<br>editiirui\u010d\u010dija, ediniekka<\/p>\n\n\n\n<p><strong>raakaversio<\/strong><\/p>\n\n\n\n<p>ruohkuversii<br>ruagaversie<\/p>\n\n\n\n<p><strong>editoitu versio<\/strong><\/p>\n\n\n\n<p>editiiruittu versii<br>editiiruittu versie<\/p>\n\n\n\n<p><strong>leikata<\/strong><\/p>\n\n\n\n<p>leikata, katkata<\/p>\n\n\n\n<p><strong>leikkaaja<\/strong><\/p>\n\n\n\n<p>leikkuaju, katkuaju<br>leikkuaja, katkuaja<\/p>\n\n\n\n<p><strong>miksaus<\/strong><\/p>\n\n\n\n<p>miksiirui\u010dendu<br>miksiirui\u010denda<\/p>\n\n\n\n<p><strong>miksata<\/strong><\/p>\n\n\n\n<p>miksuija, miksiiruija<\/p>\n\n\n\n<p><strong>miksaaja<\/strong><\/p>\n\n\n\n<p>miksiirui\u010d\u010dii<br>miksiirui\u010d\u010dija<\/p>\n\n\n\n<p><strong>tehosteet<\/strong><\/p>\n\n\n\n<p>effektat<\/p>\n\n\n\n<p><strong>hiljainen<\/strong><\/p>\n\n\n\n<p>hil&#8217;l&#8217;aine<br>hil&#8217;l&#8217;ane<\/p>\n\n\n\n<p><strong>voimakas<\/strong><\/p>\n\n\n\n<p>v\u00e4gevy<br>v\u00e4gev\u00e4<\/p>\n\n\n\n<p><strong>\u00e4\u00e4nenvoimakkuus<\/strong><\/p>\n\n\n\n<p>i\u00e4nenv\u00e4gevys<\/p>\n\n\n\n<p><strong>taustamelu<\/strong><\/p>\n\n\n\n<p>taga\u0161umu<br>tagah\u00e4lineh<\/p>\n\n\n\n<p><strong>melunpoisto<\/strong><\/p>\n\n\n\n<p>\u0161umuni\u00e4rest\u00e4ndy, h\u00e4lineheni\u00e4rest\u00e4ndy<br>\u0161umuni\u00e4ress\u00e4nd\u00e4, h\u00e4lineheni\u00e4ress\u00e4nd\u00e4<\/p>\n\n\n\n<p><strong>vahvistaa \u00e4\u00e4nt\u00e4<\/strong><\/p>\n\n\n\n<p>lujendua i\u00e4ndy<br>lujendua i\u00e4nd\u00e4<\/p>\n\n\n\n<p><strong>normalisoida \u00e4\u00e4nenvoimakkuutta<\/strong><\/p>\n\n\n\n<p>normaliziiruija i\u00e4nenv\u00e4gevytty<br>normaliziiruija i\u00e4nenv\u00e4gevytt\u00e4<\/p>\n\n\n\n<p><strong>h\u00e4ivytt\u00e4\u00e4<\/strong><\/p>\n\n\n\n<p>haikendua<\/p>\n\n\n\n<p><strong>korjata<\/strong><\/p>\n\n\n\n<p>kohendua<\/p>\n\n\n\n<h3 class=\"wp-block-heading\">Podkastu\u017eanrat<\/h3>\n\n\n\n<p><strong>genre<\/strong><\/p>\n\n\n\n<p>\u017eanru<br>\u017eanra<\/p>\n\n\n\n<p><strong>kategoria<\/strong><\/p>\n\n\n\n<p>kategourii<br>kategourie<\/p>\n\n\n\n<p><strong>haastattelu<\/strong><\/p>\n\n\n\n<p>pagizuttelu<\/p>\n\n\n\n<p><strong>true crime<\/strong><\/p>\n\n\n\n<p>tozi rikos, rikospodu<br>tozi rikos, rikospoda<\/p>\n\n\n\n<p><strong>uutispodi<\/strong><\/p>\n\n\n\n<p>uudispodu<br>uudispoda<\/p>\n\n\n\n<p><strong>komedia<\/strong><\/p>\n\n\n\n<p>komedii<br>komedie<\/p>\n\n\n\n<p><strong>lifestyle<\/strong><\/p>\n\n\n\n<p>eloksenstiil&#8217;u<br>eloksenstiila<\/p>\n\n\n\n<p><strong>kulttuuri<\/strong><\/p>\n\n\n\n<p>kul&#8217;tuuru<br>kul&#8217;tuura<\/p>\n\n\n\n<p><strong>yhteiskunta<\/strong><\/p>\n\n\n\n<p>yhtehiskundu<br>yhtehiskunda<\/p>\n\n\n\n<p><strong>politiikka<\/strong><\/p>\n\n\n\n<p>poliitiekku<br>politiekka<\/p>\n\n\n\n<p><strong>juorupodi<\/strong><\/p>\n\n\n\n<p>kielienkandelendupodu, julgi\u010d\u010dupodu<br>kielienkandelendapoda, julgi\u010d\u010dapoda<\/p>\n\n\n\n<p><strong>teknologia<\/strong><\/p>\n\n\n\n<p>tehnolougii<br>tehnolougie<\/p>\n\n\n\n<p><strong>viihde<\/strong><\/p>\n\n\n\n<p>ilonpiendy, ilonpido, veseldyt\u00e4ndy<br>ilonpiend\u00e4, ilonpido<\/p>\n\n\n\n<p><strong>musiikki<\/strong><\/p>\n\n\n\n<p>muuzikku<br>muuzikka<\/p>\n\n\n\n<p><strong>mielenterveys<\/strong><\/p>\n\n\n\n<p>mielentervehys<\/p>\n\n\n\n<p><strong>ihmissuhteet<\/strong><\/p>\n\n\n\n<p>ristikanzoin v\u00e4lit<\/p>\n\n\n\n<p><strong>tiede<\/strong><\/p>\n\n\n\n<p>tiedo<\/p>\n\n\n\n<p><strong>historia<\/strong><\/p>\n\n\n\n<p>histourii<br>istorija<\/p>\n\n\n\n<p><strong>terveys ja hyvinvointi<\/strong><\/p>\n\n\n\n<p>tervehys da hyvinvoindu<br>tervehys da hyvinvoinda<\/p>\n\n\n\n<p><strong>urheilu<\/strong><\/p>\n\n\n\n<p>sportu<br>sportta<\/p>\n\n\n\n<p><strong>talous ja liike-el\u00e4m\u00e4<\/strong><\/p>\n\n\n\n<p>talovus da bizneselos<\/p>\n\n\n\n<p><strong>uskonto ja hengellisyys<\/strong><\/p>\n\n\n\n<p>viero da hengelli\u017eys<br>viero da hengellizys<\/p>\n\n\n\n<p><strong>yliluonnollisuus<\/strong><\/p>\n\n\n\n<p>yliluonnolli\u017eus<br>yliluonnollizus<\/p>\n\n\n\n<p><strong>lapsen kasvatus<\/strong><\/p>\n\n\n\n<p>lapsen kazvatus<\/p>\n\n\n\n<h3 class=\"wp-block-heading\">Muut<\/h3>\n\n\n\n<p><strong>kauzi<\/strong><\/p>\n\n\n\n<p>kauzi, tuuri<br>kauzi, tuuri, sezona<br><\/p>\n\n\n\n<p><strong>jakso<\/strong><\/p>\n\n\n\n<p>seerie, oza<\/p>\n\n\n\n<p><strong>sarja<\/strong><\/p>\n\n\n\n<p>serialu<br>seriala<\/p>\n\n\n\n<p><strong>julkaista<\/strong><\/p>\n\n\n\n<p>jullata<\/p>\n\n\n\n<p><strong>julkaisu<\/strong><\/p>\n\n\n\n<p>julgavo<\/p>\n\n\n\n<p><strong>julkaisualusta<\/strong><\/p>\n\n\n\n<p>julguandualustu, julguandualus<br>julguanda-alusta, julguanda-alus<\/p>\n\n\n\n<p><strong>kesto<\/strong><\/p>\n\n\n\n<p>piduhus<\/p>\n\n\n\n<p><strong>maksullinen<\/strong><\/p>\n\n\n\n<p>maksolline<\/p>\n\n\n\n<p><strong>maksuton<\/strong><\/p>\n\n\n\n<p>maksotoi, ilmaine<br>maksotoin, ilmane<\/p>\n\n\n\n<p><strong>antaa palautetta<\/strong><\/p>\n\n\n\n<p>andua my\u00f6ssytehty, ty\u00f6ndy\u00f6<br>andua my\u00f6ssyteht\u00e4, ty\u00f6ndy\u00f6<\/p>\n\n\n\n<p><strong>palaute<\/strong><\/p>\n\n\n\n<p>my\u00f6ssyteh, ty\u00f6nd\u00f6<br><\/p>\n","protected":false},"excerpt":{"rendered":"<p>Luajittih: Miikku H\u00e4kki da Elena Rapa Tarkistettih da avvutettih: Niko Tynnyrinen da Natalia Giloeva Olemmo ker\u00e4nnyh tukkuh podkastoih liittyji\u00e4 sanua da ki\u00e4nd\u00e4n net livvikse da suvikse. Avunnu olemma k\u00e4ytt\u00e4n Markianova-Py\u00f6lin da Kotuksen Karjalan kielen sanakniigua. Er\u00e4h\u00e4t sanat on pid\u00e4nyh duumaija kogonah i\u010del. Livvinkarjalaine sana on ainos enzim\u00e4zel rivil, suvikarjalaine toizel. Konzu on vaigu yksi rivi, [&hellip;]<\/p>\n","protected":false},"author":580,"featured_media":0,"parent":0,"menu_order":0,"comment_status":"closed","ping_status":"closed","template":"","meta":{"_acf_changed":false,"footnotes":""},"class_list":["post-22667","page","type-page","status-publish","hentry"],"acf":[],"yoast_head":"<!-- This site is optimized with the Yoast SEO plugin v27.3 - https:\/\/yoast.com\/product\/yoast-seo-wordpress\/ -->\n<title>Podkastusanasto (livvinkarjalakse da suvikarjalaksi) - Karjalan kielen elvytt\u00e4minen<\/title>\n<meta name=\"robots\" content=\"index, follow, max-snippet:-1, max-image-preview:large, max-video-preview:-1\" \/>\n<link rel=\"canonical\" href=\"https:\/\/blogs.uef.fi\/karjalanelvytys\/podkastusanasto-livvinkarjalakse-da-suvikarjalaksi\/\" \/>\n<meta property=\"og:locale\" content=\"fi_FI\" \/>\n<meta property=\"og:type\" content=\"article\" \/>\n<meta property=\"og:title\" content=\"Podkastusanasto (livvinkarjalakse da suvikarjalaksi) - Karjalan kielen elvytt\u00e4minen\" \/>\n<meta property=\"og:description\" content=\"Luajittih: Miikku H\u00e4kki da Elena Rapa Tarkistettih da avvutettih: Niko Tynnyrinen da Natalia Giloeva Olemmo ker\u00e4nnyh tukkuh podkastoih liittyji\u00e4 sanua da ki\u00e4nd\u00e4n net livvikse da suvikse. Avunnu olemma k\u00e4ytt\u00e4n Markianova-Py\u00f6lin da Kotuksen Karjalan kielen sanakniigua. Er\u00e4h\u00e4t sanat on pid\u00e4nyh duumaija kogonah i\u010del. Livvinkarjalaine sana on ainos enzim\u00e4zel rivil, suvikarjalaine toizel. Konzu on vaigu yksi rivi, [&hellip;]\" \/>\n<meta property=\"og:url\" content=\"https:\/\/blogs.uef.fi\/karjalanelvytys\/podkastusanasto-livvinkarjalakse-da-suvikarjalaksi\/\" \/>\n<meta property=\"og:site_name\" content=\"Karjalan kielen elvytt\u00e4minen\" \/>\n<meta property=\"article:modified_time\" content=\"2025-11-14T13:11:21+00:00\" \/>\n<meta name=\"twitter:card\" content=\"summary_large_image\" \/>\n<meta name=\"twitter:label1\" content=\"Arvioitu lukuaika\" \/>\n\t<meta name=\"twitter:data1\" content=\"3 minuuttia\" \/>\n<script type=\"application\/ld+json\" class=\"yoast-schema-graph\">{\"@context\":\"https:\\\/\\\/schema.org\",\"@graph\":[{\"@type\":\"WebPage\",\"@id\":\"https:\\\/\\\/blogs.uef.fi\\\/karjalanelvytys\\\/podkastusanasto-livvinkarjalakse-da-suvikarjalaksi\\\/\",\"url\":\"https:\\\/\\\/blogs.uef.fi\\\/karjalanelvytys\\\/podkastusanasto-livvinkarjalakse-da-suvikarjalaksi\\\/\",\"name\":\"Podkastusanasto (livvinkarjalakse da suvikarjalaksi) - Karjalan kielen elvytt\u00e4minen\",\"isPartOf\":{\"@id\":\"https:\\\/\\\/blogs.uef.fi\\\/karjalanelvytys\\\/#website\"},\"datePublished\":\"2025-11-14T13:04:51+00:00\",\"dateModified\":\"2025-11-14T13:11:21+00:00\",\"breadcrumb\":{\"@id\":\"https:\\\/\\\/blogs.uef.fi\\\/karjalanelvytys\\\/podkastusanasto-livvinkarjalakse-da-suvikarjalaksi\\\/#breadcrumb\"},\"inLanguage\":\"fi\",\"potentialAction\":[{\"@type\":\"ReadAction\",\"target\":[\"https:\\\/\\\/blogs.uef.fi\\\/karjalanelvytys\\\/podkastusanasto-livvinkarjalakse-da-suvikarjalaksi\\\/\"]}]},{\"@type\":\"BreadcrumbList\",\"@id\":\"https:\\\/\\\/blogs.uef.fi\\\/karjalanelvytys\\\/podkastusanasto-livvinkarjalakse-da-suvikarjalaksi\\\/#breadcrumb\",\"itemListElement\":[{\"@type\":\"ListItem\",\"position\":1,\"name\":\"Home\",\"item\":\"https:\\\/\\\/blogs.uef.fi\\\/karjalanelvytys\\\/\"},{\"@type\":\"ListItem\",\"position\":2,\"name\":\"Podkastusanasto (livvinkarjalakse da suvikarjalaksi)\"}]},{\"@type\":\"WebSite\",\"@id\":\"https:\\\/\\\/blogs.uef.fi\\\/karjalanelvytys\\\/#website\",\"url\":\"https:\\\/\\\/blogs.uef.fi\\\/karjalanelvytys\\\/\",\"name\":\"Karjalan kielen elvytt\u00e4minen\",\"description\":\"\",\"potentialAction\":[{\"@type\":\"SearchAction\",\"target\":{\"@type\":\"EntryPoint\",\"urlTemplate\":\"https:\\\/\\\/blogs.uef.fi\\\/karjalanelvytys\\\/?s={search_term_string}\"},\"query-input\":{\"@type\":\"PropertyValueSpecification\",\"valueRequired\":true,\"valueName\":\"search_term_string\"}}],\"inLanguage\":\"fi\"}]}<\/script>\n<!-- \/ Yoast SEO plugin. -->","yoast_head_json":{"title":"Podkastusanasto (livvinkarjalakse da suvikarjalaksi) - Karjalan kielen elvytt\u00e4minen","robots":{"index":"index","follow":"follow","max-snippet":"max-snippet:-1","max-image-preview":"max-image-preview:large","max-video-preview":"max-video-preview:-1"},"canonical":"https:\/\/blogs.uef.fi\/karjalanelvytys\/podkastusanasto-livvinkarjalakse-da-suvikarjalaksi\/","og_locale":"fi_FI","og_type":"article","og_title":"Podkastusanasto (livvinkarjalakse da suvikarjalaksi) - Karjalan kielen elvytt\u00e4minen","og_description":"Luajittih: Miikku H\u00e4kki da Elena Rapa Tarkistettih da avvutettih: Niko Tynnyrinen da Natalia Giloeva Olemmo ker\u00e4nnyh tukkuh podkastoih liittyji\u00e4 sanua da ki\u00e4nd\u00e4n net livvikse da suvikse. Avunnu olemma k\u00e4ytt\u00e4n Markianova-Py\u00f6lin da Kotuksen Karjalan kielen sanakniigua. Er\u00e4h\u00e4t sanat on pid\u00e4nyh duumaija kogonah i\u010del. Livvinkarjalaine sana on ainos enzim\u00e4zel rivil, suvikarjalaine toizel. Konzu on vaigu yksi rivi, [&hellip;]","og_url":"https:\/\/blogs.uef.fi\/karjalanelvytys\/podkastusanasto-livvinkarjalakse-da-suvikarjalaksi\/","og_site_name":"Karjalan kielen elvytt\u00e4minen","article_modified_time":"2025-11-14T13:11:21+00:00","twitter_card":"summary_large_image","twitter_misc":{"Arvioitu lukuaika":"3 minuuttia"},"schema":{"@context":"https:\/\/schema.org","@graph":[{"@type":"WebPage","@id":"https:\/\/blogs.uef.fi\/karjalanelvytys\/podkastusanasto-livvinkarjalakse-da-suvikarjalaksi\/","url":"https:\/\/blogs.uef.fi\/karjalanelvytys\/podkastusanasto-livvinkarjalakse-da-suvikarjalaksi\/","name":"Podkastusanasto (livvinkarjalakse da suvikarjalaksi) - Karjalan kielen elvytt\u00e4minen","isPartOf":{"@id":"https:\/\/blogs.uef.fi\/karjalanelvytys\/#website"},"datePublished":"2025-11-14T13:04:51+00:00","dateModified":"2025-11-14T13:11:21+00:00","breadcrumb":{"@id":"https:\/\/blogs.uef.fi\/karjalanelvytys\/podkastusanasto-livvinkarjalakse-da-suvikarjalaksi\/#breadcrumb"},"inLanguage":"fi","potentialAction":[{"@type":"ReadAction","target":["https:\/\/blogs.uef.fi\/karjalanelvytys\/podkastusanasto-livvinkarjalakse-da-suvikarjalaksi\/"]}]},{"@type":"BreadcrumbList","@id":"https:\/\/blogs.uef.fi\/karjalanelvytys\/podkastusanasto-livvinkarjalakse-da-suvikarjalaksi\/#breadcrumb","itemListElement":[{"@type":"ListItem","position":1,"name":"Home","item":"https:\/\/blogs.uef.fi\/karjalanelvytys\/"},{"@type":"ListItem","position":2,"name":"Podkastusanasto (livvinkarjalakse da suvikarjalaksi)"}]},{"@type":"WebSite","@id":"https:\/\/blogs.uef.fi\/karjalanelvytys\/#website","url":"https:\/\/blogs.uef.fi\/karjalanelvytys\/","name":"Karjalan kielen elvytt\u00e4minen","description":"","potentialAction":[{"@type":"SearchAction","target":{"@type":"EntryPoint","urlTemplate":"https:\/\/blogs.uef.fi\/karjalanelvytys\/?s={search_term_string}"},"query-input":{"@type":"PropertyValueSpecification","valueRequired":true,"valueName":"search_term_string"}}],"inLanguage":"fi"}]}},"_links":{"self":[{"href":"https:\/\/blogs.uef.fi\/karjalanelvytys\/wp-json\/wp\/v2\/pages\/22667","targetHints":{"allow":["GET"]}}],"collection":[{"href":"https:\/\/blogs.uef.fi\/karjalanelvytys\/wp-json\/wp\/v2\/pages"}],"about":[{"href":"https:\/\/blogs.uef.fi\/karjalanelvytys\/wp-json\/wp\/v2\/types\/page"}],"author":[{"embeddable":true,"href":"https:\/\/blogs.uef.fi\/karjalanelvytys\/wp-json\/wp\/v2\/users\/580"}],"replies":[{"embeddable":true,"href":"https:\/\/blogs.uef.fi\/karjalanelvytys\/wp-json\/wp\/v2\/comments?post=22667"}],"version-history":[{"count":2,"href":"https:\/\/blogs.uef.fi\/karjalanelvytys\/wp-json\/wp\/v2\/pages\/22667\/revisions"}],"predecessor-version":[{"id":22700,"href":"https:\/\/blogs.uef.fi\/karjalanelvytys\/wp-json\/wp\/v2\/pages\/22667\/revisions\/22700"}],"wp:attachment":[{"href":"https:\/\/blogs.uef.fi\/karjalanelvytys\/wp-json\/wp\/v2\/media?parent=22667"}],"curies":[{"name":"wp","href":"https:\/\/api.w.org\/{rel}","templated":true}]}}