{"id":22523,"date":"2025-09-30T08:56:16","date_gmt":"2025-09-30T05:56:16","guid":{"rendered":"https:\/\/blogs.uef.fi\/karjalanelvytys\/?page_id=22523"},"modified":"2025-12-01T09:59:18","modified_gmt":"2025-12-01T07:59:18","slug":"karjalan-kielen-nedali-2025","status":"publish","type":"page","link":"https:\/\/blogs.uef.fi\/karjalanelvytys\/karjalan-kielen-nedali-2025\/","title":{"rendered":"Karjalan kielen ned\u00e4li (2025)"},"content":{"rendered":"\n<p>T\u00e4lle sivulle on ker\u00e4tty tietoa vuoden 2025 karjalan kielen viikosta, jonka teema oli pakinapirtti\/paginapertti\/paginperti.<\/p>\n\n\n\n<p><a href=\"https:\/\/blogs.uef.fi\/karjalanelvytys\/karjalan-kielen-nedalin-tekstat-2025\/\">Linkki karjalan kielen viikon vuoden 2025 teksteihin karjalan elvytt\u00e4misen blogissa.<\/a><\/p>\n\n\n\n<h2 class=\"wp-block-heading\">Tapahtumat ja tempaukset<\/h2>\n\n\n\n<h3 class=\"wp-block-heading\">\u010camodanat \u2013 karjalakieliset matkalaukkumaailmat Kuopion kirjastossa<\/h3>\n\n\n\n<p>Lauantaina 22.11. voi Kuopion p\u00e4\u00e4kirjaston lastenosastolla tutustua karjalankielisiin matkalaukkumaailmoihin kello 10\u201312. Viiden eri teemaisen matkalaukkumaailman kanssa voi vapaan leikin ja tutkailun lis\u00e4ksi koota palapelej\u00e4, lukea mets\u00e4runoja, pukea nukelle vaatteita tai vaikka rakentaa junarataa \u2013 samalla oppien tai k\u00e4ytt\u00e4en karjalan kielen sanastoa. Vapaa p\u00e4\u00e4sy.<\/p>\n\n\n\n<h3 class=\"wp-block-heading\">Oulun nuorille suunnattu keskustelukerho<\/h3>\n\n\n\n<p>Oulun nuorille ja nuorille aikuisille suunnattu keskustelukerho kokoontuu ensimm\u00e4isen kerran tiistaina 25.11. kello 17\u201319. Tapaamispaikka on Tuiran yhteis\u00f6tila (Valtatie 47). Lis\u00e4tietoja l\u00f6yd\u00e4t Instagram-k\u00e4ytt\u00e4j\u00e4lt\u00e4 @pohjoisvienaseura tai Pohjois-Viena -seuran Facebook-sivulta.<\/p>\n\n\n\n<h3 class=\"wp-block-heading\">Paginperti Helsingiss\u00e4<\/h3>\n\n\n\n<p>Helsingin karjalankielinen keskustelukerho kokoontuu 25.11. kello 17 alkaen Karjalan Sivistysseuran toimistolla osoitteessa Luotsikatu 9 D. Lis\u00e4tietoja l\u00f6yd\u00e4t Instagramista @paginpertipialinnas-k\u00e4ytt\u00e4j\u00e4lt\u00e4.<\/p>\n\n\n\n<h3 class=\"wp-block-heading\">Vienankarjalainen Pakinaklupi-keskustelukerho verkossa<\/h3>\n\n\n\n<p>Vienankarjalainen Pakinaklupi-et\u00e4keskustelukerho jatkaa toimintaansa karjalan kielen viikolla. Seuraava tapaaminen pidet\u00e4\u00e4n 26.11. kello 16\u201318. Keskustelukerhoa vet\u00e4\u00e4 yliopisto-opettaja <strong>Olga Karlova<\/strong>, Zoom-linkki\u00e4 voi pyyt\u00e4\u00e4 s\u00e4hk\u00f6postitse (olga.karlova@uef.fi). My\u00f6s vain kuunteleminen on sallittua!<\/p>\n\n\n\n<h3 class=\"wp-block-heading\">Raija Py\u00f6li 80 vuotta -juhlaseminaari<\/h3>\n\n\n\n<p>Karjalan Sivistysseura j\u00e4rjest\u00e4\u00e4 karjalan kielen p\u00e4iv\u00e4n\u00e4 27.11. kello 13\u201318 <em>Karjalan kieli el\u00e4y. Raija Py\u00f6li 80 vuotta<\/em> -juhlaseminaarin Suomalaisen Kirjallisuuden Seuran juhlasalissa, osoitteessa Hallituskatu 1, Helsinki. Ohjelmassa on kurkistuksia<strong> Raija Py\u00f6lin<\/strong> el\u00e4m\u00e4\u00e4n sek\u00e4 esitelmi\u00e4 v\u00e4hemmist\u00f6kielten elvytt\u00e4misest\u00e4 ja karjalan kielest\u00e4. Tilaisuudessa kuullaan karjalaista musiikkia sek\u00e4 nostetaan malja syntym\u00e4p\u00e4iv\u00e4sankarille, napostellaan ja pakistaan. Lis\u00e4ksi julkistetaan Raija Py\u00f6lin livvinkarjalaksi k\u00e4\u00e4nt\u00e4m\u00e4, metropoliitta <strong>Panteleimonin<\/strong> kirjoittama dekkari Jussi Rannan tapaus. Lis\u00e4tietoja ja ilmoittautumislinkki l\u00f6ytyv\u00e4t Karjalan Sivistysseuran verkkosivuilta: <a href=\"https:\/\/www.karjalansivistysseura.fi\/tapahtumakalenteri\/karjalan-kieli-elay-raija-pyoli-80-vuotta-juhlaseminaari\/\">linkki<\/a>.<\/p>\n\n\n\n<h3 class=\"wp-block-heading\">Loimolan Voima Kuopion kaupunginkirjastossa<\/h3>\n\n\n\n<p>Loimolan Voima esiintyy Kuopion kaupunginkirjastossa karjalan kielen p\u00e4iv\u00e4n\u00e4 torstaina 27.11. kello 17 alkaen. Tarkempi tapahtumapaikka on p\u00e4\u00e4kirjaston yl\u00e4lava.<\/p>\n\n\n\n<h3 class=\"wp-block-heading\">Karjalazen kruugan kieli-illa\u010d\u010du<\/h3>\n\n\n\n<p>Karjalaine kruugu -keskustelukerhon kieli-iltap\u00e4iv\u00e4 Zoomissa, torstaina 27.11.<br>kello 14.30\u201316.30. Ohjelmassa keskustelua, runoutta ja laulua karjalaksi. Vapaa p\u00e4\u00e4sy, linkki\u00e4 tapaamiseen voi pyyt\u00e4\u00e4 kerhon vet\u00e4j\u00e4lt\u00e4 <strong>Miikul Pahomovilta <\/strong>(miikul.pahomov@helsinki.fi.<\/p>\n\n\n\n<h3 class=\"wp-block-heading\">Suoj\u00e4rven Pit\u00e4j\u00e4seuran kirjutuskilba<\/h3>\n\n\n\n<p>Suoj\u00e4rven Pit\u00e4j\u00e4seura j\u00e4rjest\u00e4\u00e4 kaikille avonaisen kirjoituskilpailun, johon voi osallistua mill\u00e4 karjalan kielimuodolla tai murteella vain. Kilvassa on kolmesarjaa: runot, lyhytproosa eli lyhyet tarinat ja sanonnat ja vitsit. Tekstien maksimipituus on n. 300 sanaa. Parhaita tekstej\u00e4 julkaistaan seuran julkaisuissa karjalan kielen viikolla ja mahdollisesti my\u00f6hemmin. Voittajat julkaistaan karjalan kielen p\u00e4iv\u00e4n\u00e4 27.11. ja heid\u00e4t palkitaan seuran tuotteilla. Tekstien kieliasu tarkistetaan ennen tekstien julkaisemista. Voit osallistua usealla tekstill\u00e4. Tekstit tulee l\u00e4hett\u00e4\u00e4 31.10. menness\u00e4 s\u00e4hk\u00f6postilla (suojarvelazet@gmail.com) tai osoitteeseen Suoj\u00e4rven pit\u00e4j\u00e4seura, Risto Salmela, Iisakinkuja 15, 73100. Liit\u00e4 tekstin mukaan nimesi, osoitteesi, puhelinnumerosi ja s\u00e4hk\u00f6postisi. Huomaathan, ettei paperilla l\u00e4hetettyj\u00e4 tekstej\u00e4 l\u00e4hetet\u00e4 takaisin. Lis\u00e4tiedot <strong>Risto Salmelalta<\/strong> (risto.salmela@gmail.com tai 050 372 2350).<\/p>\n\n\n\n<h3 class=\"wp-block-heading\">Paginperti Jyv\u00e4skyl\u00e4ss\u00e4<\/h3>\n\n\n\n<p>Jyv\u00e4skyl\u00e4n karjalankielinen keskustelukerho kokoontuu 27.11. kello 17.30 alkaen Piippurannan klubilla osoitteessa Paperitehtaankatu 1. Lis\u00e4tietoja l\u00f6yd\u00e4t Instagramista @paginpertijyvaskylas-k\u00e4ytt\u00e4j\u00e4lt\u00e4.<\/p>\n\n\n\n<h3 class=\"wp-block-heading\">Karjalan kielt\u00e4 Haapaj\u00e4rven joulunavauksessa<\/h3>\n\n\n\n<p>Haapaj\u00e4rven karjalankielisen keskustelukerhon j\u00e4senet esittelev\u00e4t Raja-Karjalaa ja karjalan kielt\u00e4 sek\u00e4 puhuvat ja laulavat karjalaksi joulunavauksessa Haapaj\u00e4rven torilla 28.11. kello 17\u201320. Tarjolla teet\u00e4 ja myynniss\u00e4 itsetehtyj\u00e4 leivonnaisia, ohjelmassa my\u00f6s pieni\u00e4 kilpailuja.<\/p>\n\n\n\n<h3 class=\"wp-block-heading\">Karjalankielinen lauantai Joensuun Museo Elieliss\u00e4<\/h3>\n\n\n\n<p>Joensuun Eliel-museo juhlistaa karjalan kielen viikkoa lauantaina 29.11. Ohjelma (tarkentuu my\u00f6hemmin mm. tilatiedoilla):<\/p>\n\n\n\n<ul class=\"wp-block-list\">\n<li>11.30: Ohjattu karjalankielinen lorutuokio. Vet\u00e4j\u00e4t: <strong>Olga Karlova<\/strong>, <strong>Jussi Sinkkonen<\/strong> ja <strong>Pekka Suutari<\/strong>.<\/li>\n\n\n\n<li>12: Karjalankielinen opastettu kierros 2. kerroksen Karjalan neito -n\u00e4yttelyss\u00e4<\/li>\n\n\n\n<li>16: Karjalainen tanssiesitys<\/li>\n\n\n\n<li>16.15: <strong>Niko Tynnyrisen <\/strong>lyhyt luento ja keskustelua karjalan kielest\u00e4<\/li>\n\n\n\n<li>17: Karjalainen tanssiesitys<\/li>\n<\/ul>\n\n\n\n<p>Tapahtumaan p\u00e4\u00e4see museolipun hinnalla tai Museokortilla. <\/p>\n\n\n\n<h3 class=\"wp-block-heading\">Loimolan Voima Joensuun konservatoriolla<\/h3>\n\n\n\n<p>Loimolan Voima esiintyy Joensuun konservatoriolla 29.11. kello 14. Joensuu-p\u00e4iv\u00e4n kunniaksi yleis\u00f6lle on tarjolla my\u00f6s yhteislippu, jolla p\u00e4\u00e4see sek\u00e4 konserttiin ett\u00e4 Eliel-museoon. Lis\u00e4tietoja Joensuun kaupungin tapahtumakalenterista: <a href=\"https:\/\/tapahtumat.joensuu.fi\/fi-FI\/page\/68f8881cfafad1b3a657476e\/loimolan-voima\">linkki<\/a>.<\/p>\n\n\n\n<h3 class=\"wp-block-heading\">Karjalankielinen Kirjutuspertti<\/h3>\n\n\n\n<p>Mirva Haltian ja Joanna Heinosen j\u00e4rjest\u00e4m\u00e4 luovan kirjoittamisen Kirjutuspertti-kurssi kokoontuu viimeisen kerran 29.11. kello 13\u201314.30. Tapaamiseen voi osallistua, vaikkei olisi aiemmin osallistunut kurssille. Lis\u00e4tietoja ja osallistumisohjeet l\u00f6ytyv\u00e4t <strong>Mirva Haltian<\/strong> verkkosivuilta: <a href=\"https:\/\/enzalgu.fi\/course\/kirjutuspertti2025\">linkki<\/a>.<\/p>\n\n\n\n<h3 class=\"wp-block-heading\">Karjalankielinen joululaulutapahtuma Lentiirassa<\/h3>\n\n\n\n<p>Lentiiran Uljaskan Pirtiss\u00e4 j\u00e4rjestet\u00e4\u00e4n karjalankielinen joululaulutapahtuma (Rostuonlaulut karjalakse). Tapahtuma on 30.11. kello 15 alkaen osoitteessa Kostamustie 5645, 88930 Lentiira. Lis\u00e4tietoja antaa <strong>Pirjo Kyll\u00f6nen<\/strong> (044 3209320).<\/p>\n\n\n\n<h3 class=\"wp-block-heading\">Paginperti Haapaj\u00e4rvell\u00e4<\/h3>\n\n\n\n<p>Haapaj\u00e4rven karjalankielinen keskustelukerho kokoontuu 30.11. kello 14\u201316 osoitteessa Hiljalankatu 5. Lis\u00e4tietoja antaa <strong>Eila Markkinen <\/strong>(eila.markkinen59@gmail.com).<\/p>\n\n\n\n<h3 class=\"wp-block-heading\">Riko Saatsin esiintyminen Kuopion p\u00e4\u00e4kirjastossa<\/h3>\n\n\n\n<p>Kirjailija Riko Saatsi esiintyy Kuopion p\u00e4\u00e4kirjastossa tiistaina 2.12. kello 17. Saatsia haastattelee Anneli Lujanen, ja luvassa on keskustelua Saatsin Y\u00f6nistujat-kirjasta ja karjalan kielest\u00e4. Tarkempi tapahtumapaikka on p\u00e4\u00e4kirjaston yl\u00e4lava.<\/p>\n","protected":false},"excerpt":{"rendered":"<p>T\u00e4lle sivulle on ker\u00e4tty tietoa vuoden 2025 karjalan kielen viikosta, jonka teema oli pakinapirtti\/paginapertti\/paginperti. Linkki karjalan kielen viikon vuoden 2025 teksteihin karjalan elvytt\u00e4misen blogissa. Tapahtumat ja tempaukset \u010camodanat \u2013 karjalakieliset matkalaukkumaailmat Kuopion kirjastossa Lauantaina 22.11. voi Kuopion p\u00e4\u00e4kirjaston lastenosastolla tutustua karjalankielisiin matkalaukkumaailmoihin kello 10\u201312. Viiden eri teemaisen matkalaukkumaailman kanssa voi vapaan leikin ja tutkailun lis\u00e4ksi [&hellip;]<\/p>\n","protected":false},"author":580,"featured_media":0,"parent":0,"menu_order":0,"comment_status":"closed","ping_status":"closed","template":"","meta":{"_acf_changed":false,"footnotes":""},"class_list":["post-22523","page","type-page","status-publish","hentry"],"acf":[],"yoast_head":"<!-- This site is optimized with the Yoast SEO plugin v27.3 - https:\/\/yoast.com\/product\/yoast-seo-wordpress\/ -->\n<title>Karjalan kielen ned\u00e4li (2025) - Karjalan kielen elvytt\u00e4minen<\/title>\n<meta name=\"robots\" content=\"index, follow, max-snippet:-1, max-image-preview:large, max-video-preview:-1\" \/>\n<link rel=\"canonical\" href=\"https:\/\/blogs.uef.fi\/karjalanelvytys\/karjalan-kielen-nedali-2025\/\" \/>\n<meta property=\"og:locale\" content=\"fi_FI\" \/>\n<meta property=\"og:type\" content=\"article\" \/>\n<meta property=\"og:title\" content=\"Karjalan kielen ned\u00e4li (2025) - Karjalan kielen elvytt\u00e4minen\" \/>\n<meta property=\"og:description\" content=\"T\u00e4lle sivulle on ker\u00e4tty tietoa vuoden 2025 karjalan kielen viikosta, jonka teema oli pakinapirtti\/paginapertti\/paginperti. Linkki karjalan kielen viikon vuoden 2025 teksteihin karjalan elvytt\u00e4misen blogissa. Tapahtumat ja tempaukset \u010camodanat \u2013 karjalakieliset matkalaukkumaailmat Kuopion kirjastossa Lauantaina 22.11. voi Kuopion p\u00e4\u00e4kirjaston lastenosastolla tutustua karjalankielisiin matkalaukkumaailmoihin kello 10\u201312. Viiden eri teemaisen matkalaukkumaailman kanssa voi vapaan leikin ja tutkailun lis\u00e4ksi [&hellip;]\" \/>\n<meta property=\"og:url\" content=\"https:\/\/blogs.uef.fi\/karjalanelvytys\/karjalan-kielen-nedali-2025\/\" \/>\n<meta property=\"og:site_name\" content=\"Karjalan kielen elvytt\u00e4minen\" \/>\n<meta property=\"article:modified_time\" content=\"2025-12-01T07:59:18+00:00\" \/>\n<meta name=\"twitter:card\" content=\"summary_large_image\" \/>\n<meta name=\"twitter:label1\" content=\"Arvioitu lukuaika\" \/>\n\t<meta name=\"twitter:data1\" content=\"5 minuuttia\" \/>\n<script type=\"application\/ld+json\" class=\"yoast-schema-graph\">{\"@context\":\"https:\\\/\\\/schema.org\",\"@graph\":[{\"@type\":\"WebPage\",\"@id\":\"https:\\\/\\\/blogs.uef.fi\\\/karjalanelvytys\\\/karjalan-kielen-nedali-2025\\\/\",\"url\":\"https:\\\/\\\/blogs.uef.fi\\\/karjalanelvytys\\\/karjalan-kielen-nedali-2025\\\/\",\"name\":\"Karjalan kielen ned\u00e4li (2025) - Karjalan kielen elvytt\u00e4minen\",\"isPartOf\":{\"@id\":\"https:\\\/\\\/blogs.uef.fi\\\/karjalanelvytys\\\/#website\"},\"datePublished\":\"2025-09-30T05:56:16+00:00\",\"dateModified\":\"2025-12-01T07:59:18+00:00\",\"breadcrumb\":{\"@id\":\"https:\\\/\\\/blogs.uef.fi\\\/karjalanelvytys\\\/karjalan-kielen-nedali-2025\\\/#breadcrumb\"},\"inLanguage\":\"fi\",\"potentialAction\":[{\"@type\":\"ReadAction\",\"target\":[\"https:\\\/\\\/blogs.uef.fi\\\/karjalanelvytys\\\/karjalan-kielen-nedali-2025\\\/\"]}]},{\"@type\":\"BreadcrumbList\",\"@id\":\"https:\\\/\\\/blogs.uef.fi\\\/karjalanelvytys\\\/karjalan-kielen-nedali-2025\\\/#breadcrumb\",\"itemListElement\":[{\"@type\":\"ListItem\",\"position\":1,\"name\":\"Home\",\"item\":\"https:\\\/\\\/blogs.uef.fi\\\/karjalanelvytys\\\/\"},{\"@type\":\"ListItem\",\"position\":2,\"name\":\"Karjalan kielen ned\u00e4li (2025)\"}]},{\"@type\":\"WebSite\",\"@id\":\"https:\\\/\\\/blogs.uef.fi\\\/karjalanelvytys\\\/#website\",\"url\":\"https:\\\/\\\/blogs.uef.fi\\\/karjalanelvytys\\\/\",\"name\":\"Karjalan kielen elvytt\u00e4minen\",\"description\":\"\",\"potentialAction\":[{\"@type\":\"SearchAction\",\"target\":{\"@type\":\"EntryPoint\",\"urlTemplate\":\"https:\\\/\\\/blogs.uef.fi\\\/karjalanelvytys\\\/?s={search_term_string}\"},\"query-input\":{\"@type\":\"PropertyValueSpecification\",\"valueRequired\":true,\"valueName\":\"search_term_string\"}}],\"inLanguage\":\"fi\"}]}<\/script>\n<!-- \/ Yoast SEO plugin. -->","yoast_head_json":{"title":"Karjalan kielen ned\u00e4li (2025) - Karjalan kielen elvytt\u00e4minen","robots":{"index":"index","follow":"follow","max-snippet":"max-snippet:-1","max-image-preview":"max-image-preview:large","max-video-preview":"max-video-preview:-1"},"canonical":"https:\/\/blogs.uef.fi\/karjalanelvytys\/karjalan-kielen-nedali-2025\/","og_locale":"fi_FI","og_type":"article","og_title":"Karjalan kielen ned\u00e4li (2025) - Karjalan kielen elvytt\u00e4minen","og_description":"T\u00e4lle sivulle on ker\u00e4tty tietoa vuoden 2025 karjalan kielen viikosta, jonka teema oli pakinapirtti\/paginapertti\/paginperti. Linkki karjalan kielen viikon vuoden 2025 teksteihin karjalan elvytt\u00e4misen blogissa. Tapahtumat ja tempaukset \u010camodanat \u2013 karjalakieliset matkalaukkumaailmat Kuopion kirjastossa Lauantaina 22.11. voi Kuopion p\u00e4\u00e4kirjaston lastenosastolla tutustua karjalankielisiin matkalaukkumaailmoihin kello 10\u201312. Viiden eri teemaisen matkalaukkumaailman kanssa voi vapaan leikin ja tutkailun lis\u00e4ksi [&hellip;]","og_url":"https:\/\/blogs.uef.fi\/karjalanelvytys\/karjalan-kielen-nedali-2025\/","og_site_name":"Karjalan kielen elvytt\u00e4minen","article_modified_time":"2025-12-01T07:59:18+00:00","twitter_card":"summary_large_image","twitter_misc":{"Arvioitu lukuaika":"5 minuuttia"},"schema":{"@context":"https:\/\/schema.org","@graph":[{"@type":"WebPage","@id":"https:\/\/blogs.uef.fi\/karjalanelvytys\/karjalan-kielen-nedali-2025\/","url":"https:\/\/blogs.uef.fi\/karjalanelvytys\/karjalan-kielen-nedali-2025\/","name":"Karjalan kielen ned\u00e4li (2025) - Karjalan kielen elvytt\u00e4minen","isPartOf":{"@id":"https:\/\/blogs.uef.fi\/karjalanelvytys\/#website"},"datePublished":"2025-09-30T05:56:16+00:00","dateModified":"2025-12-01T07:59:18+00:00","breadcrumb":{"@id":"https:\/\/blogs.uef.fi\/karjalanelvytys\/karjalan-kielen-nedali-2025\/#breadcrumb"},"inLanguage":"fi","potentialAction":[{"@type":"ReadAction","target":["https:\/\/blogs.uef.fi\/karjalanelvytys\/karjalan-kielen-nedali-2025\/"]}]},{"@type":"BreadcrumbList","@id":"https:\/\/blogs.uef.fi\/karjalanelvytys\/karjalan-kielen-nedali-2025\/#breadcrumb","itemListElement":[{"@type":"ListItem","position":1,"name":"Home","item":"https:\/\/blogs.uef.fi\/karjalanelvytys\/"},{"@type":"ListItem","position":2,"name":"Karjalan kielen ned\u00e4li (2025)"}]},{"@type":"WebSite","@id":"https:\/\/blogs.uef.fi\/karjalanelvytys\/#website","url":"https:\/\/blogs.uef.fi\/karjalanelvytys\/","name":"Karjalan kielen elvytt\u00e4minen","description":"","potentialAction":[{"@type":"SearchAction","target":{"@type":"EntryPoint","urlTemplate":"https:\/\/blogs.uef.fi\/karjalanelvytys\/?s={search_term_string}"},"query-input":{"@type":"PropertyValueSpecification","valueRequired":true,"valueName":"search_term_string"}}],"inLanguage":"fi"}]}},"_links":{"self":[{"href":"https:\/\/blogs.uef.fi\/karjalanelvytys\/wp-json\/wp\/v2\/pages\/22523","targetHints":{"allow":["GET"]}}],"collection":[{"href":"https:\/\/blogs.uef.fi\/karjalanelvytys\/wp-json\/wp\/v2\/pages"}],"about":[{"href":"https:\/\/blogs.uef.fi\/karjalanelvytys\/wp-json\/wp\/v2\/types\/page"}],"author":[{"embeddable":true,"href":"https:\/\/blogs.uef.fi\/karjalanelvytys\/wp-json\/wp\/v2\/users\/580"}],"replies":[{"embeddable":true,"href":"https:\/\/blogs.uef.fi\/karjalanelvytys\/wp-json\/wp\/v2\/comments?post=22523"}],"version-history":[{"count":1,"href":"https:\/\/blogs.uef.fi\/karjalanelvytys\/wp-json\/wp\/v2\/pages\/22523\/revisions"}],"predecessor-version":[{"id":22778,"href":"https:\/\/blogs.uef.fi\/karjalanelvytys\/wp-json\/wp\/v2\/pages\/22523\/revisions\/22778"}],"wp:attachment":[{"href":"https:\/\/blogs.uef.fi\/karjalanelvytys\/wp-json\/wp\/v2\/media?parent=22523"}],"curies":[{"name":"wp","href":"https:\/\/api.w.org\/{rel}","templated":true}]}}