{"id":22497,"date":"2025-09-22T11:15:37","date_gmt":"2025-09-22T08:15:37","guid":{"rendered":"https:\/\/blogs.uef.fi\/karjalanelvytys\/?page_id=22497"},"modified":"2025-09-22T11:59:31","modified_gmt":"2025-09-22T08:59:31","slug":"festivualisanasto-suomi-livvinkarjala","status":"publish","type":"page","link":"https:\/\/blogs.uef.fi\/karjalanelvytys\/festivualisanasto-suomi-livvinkarjala\/","title":{"rendered":"Festivualisanasto (suomi\u2013livvinkarjala)"},"content":{"rendered":"\n<p>Ker\u00e4nnyh da luadinuh: <strong>Miikku H\u00e4kki<\/strong><\/p>\n\n\n\n<p>Tarkistettih da kohendettih: <strong>Natalia Giloeva <\/strong>da <strong>Niko Tynnyrinen<\/strong><\/p>\n\n\n\n<p>Miikku H\u00e4kki kuvuau sanastuo nenga:<\/p>\n\n\n\n<p>\u201dSanaston keri\u00e4mizeh olen k\u00e4ytt\u00e4nyh Kotuksen Karjalan kielen sanakniigua sego Py\u00f6lin da Markianovan sanakniigua. \u00c4ij\u00e4t sanois on pid\u00e4nyh kehitti\u00e4 i\u010del. Enimy\u00f6lleh sanasto on livvinkarjalakse, ga ei toinah nenga tarkah normiiruittu.\u201d<\/p>\n\n\n\n<p>*<\/p>\n\n\n\n<h3 class=\"wp-block-heading\">Ylehizet\/mollembih liittyj\u00e4t:<\/h3>\n\n\n\n<p>lippu \u2013 bilietty (biliet\u00e4n, bilietti\u00e4, biliett\u00f6i)<\/p>\n\n\n\n<p>lipputyyppi \u2013 biliettytiippu<\/p>\n\n\n\n<p>saatavilla \u2013 suadavannu<\/p>\n\n\n\n<p>loppuunmyyty \u2013 loppuhmy\u00f6dy<\/p>\n\n\n\n<p>early bird -lippu \u2013 festi\u010d\u010dykirkeibilietty<\/p>\n\n\n\n<p>vip-lippu \u2013 vip-bilietty<\/p>\n\n\n\n<p>henkkarit, paperit \u2013 bumuagat<\/p>\n\n\n\n<p>narikka \u2013 sobaruokko<\/p>\n\n\n\n<p>narikkak\u00e4ynti \u2013 sobaruokkok\u00e4yndy<\/p>\n\n\n\n<p>narikkalappu \u2013 sobaruokkoblekku<\/p>\n\n\n\n<p>narukkamaksu \u2013 sobaruokkomakso<\/p>\n\n\n\n<p>sallitut esineet ja aineet \u2013 luvallizet ve\u0161it da ainehet<\/p>\n\n\n\n<p>kielletyt esineet ja aineet \u2013 luvattomat\/kielletyt ve\u0161it da ainehet<\/p>\n\n\n\n<p>j\u00e4rjestyksenvalvoja \u2013 por\u2019atkanvardoi\u010d\u010dii libo -valvoi<\/p>\n\n\n\n<p>fanituotteet \u2013 fanituottehet<\/p>\n\n\n\n<p>levy \u2013 disku<\/p>\n\n\n\n<p>fanipaita \u2013 fanipaidu<\/p>\n\n\n\n<p>t-paita \u2013 t-paidu<\/p>\n\n\n\n<p>huppari \u2013 n\u2019uppari<\/p>\n\n\n\n<p>lippis \u2013 bleku\u010d\u010du, kepku<\/p>\n\n\n\n<p>kangasmerkki \u2013 kangasmerki<\/p>\n\n\n\n<p>kangaskassi \u2013 kangassum\u010du<\/p>\n\n\n\n<p>korvatulpat \u2013 korvansalbaimet<\/p>\n\n\n\n<p>kuulosuojaimet \u2013 kuulosuojaimet<\/p>\n\n\n\n<p>\u00e4\u00e4nenvoimakkuus \u2013 i\u00e4nenv\u00e4gevys<\/p>\n\n\n\n<p>valot \u2013 tulet, valgiet, vallot<\/p>\n\n\n\n<p>aikataulu \u2013 aigulistu<\/p>\n\n\n\n<p>lava \u2013 lava<\/p>\n\n\n\n<h3 class=\"wp-block-heading\">Konsertah liittyj\u00e4t:<\/h3>\n\n\n\n<p>esiintyj\u00e4 \u2013 ozuttelii<\/p>\n\n\n\n<p>tanssijat \u2013 pl\u00e4\u0161\u0161ij\u00e4t<\/p>\n\n\n\n<p>koreografia \u2013 horeogruafii<\/p>\n\n\n\n<p>b\u00e4ndi \u2013 joukko<\/p>\n\n\n\n<p>yleis\u00f6 \u2013 rahvas<\/p>\n\n\n\n<p>keikka \u2013 kuuletus, keikku<\/p>\n\n\n\n<p>livekeikka \u2013 livekuuletus, livekeikku<\/p>\n\n\n\n<p>n\u00e4yt\u00f6t \u2013 ekruanat<\/p>\n\n\n\n<p>moshpit \u2013 moshpit<\/p>\n\n\n\n<p>pittaaja \u2013 pita\u010d\u010du<\/p>\n\n\n\n<p>ik\u00e4rajaton \u2013 ig\u00e4rajatoi<\/p>\n\n\n\n<p>ik\u00e4rajallinen \u2013 ig\u00e4rajalline<\/p>\n\n\n\n<p>alaik\u00e4iset \u2013 alaig\u00e4hizet<\/p>\n\n\n\n<p>eturivi \u2013 edurivi<\/p>\n\n\n\n<p>fani \u2013 fani<\/p>\n\n\n\n<p>settilista \u2013 pajolistu, pajoluvettelo<\/p>\n\n\n\n<p>tekstikyltti \u2013 tekstuozuteh<\/p>\n\n\n\n<p>lippu \u2013 flagu<\/p>\n\n\n\n<h3 class=\"wp-block-heading\">Festivualih liittyj\u00e4t:<\/h3>\n\n\n\n<p>festivaali \u2013 festivuali, festivual\u2019u<\/p>\n\n\n\n<p>festivaalialue \u2013 festivualialoveh<\/p>\n\n\n\n<p>festivaalihuuma \u2013 festivualilumovus<\/p>\n\n\n\n<p>festivaaliel\u00e4mys \u2013 festivualiel\u00e4mys<\/p>\n\n\n\n<p>festivaaliturvallisuus \u2013 festivualisuoju\u017eus<\/p>\n\n\n\n<p>festivaalikartta \u2013 festivualikartu<\/p>\n\n\n\n<p>aluekartta \u2013 alovehkartu<\/p>\n\n\n\n<p>festari \u2013 festi\u010d\u010dy<\/p>\n\n\n\n<p>festarilla k\u00e4vij\u00e4 \u2013 festiniekku<\/p>\n\n\n\n<p>festariviikonloppu \u2013 festi\u010d\u010dyned\u00e4linloppu<\/p>\n\n\n\n<p>festariporukka \u2013 festi\u010d\u010dyjoukko<\/p>\n\n\n\n<p>festariasu \u2013 festi\u010d\u010dysovat<\/p>\n\n\n\n<p>festarirauha \u2013 festi\u010d\u010dyrauhu<\/p>\n\n\n\n<p>vip-alue \u2013 vip-aloveh<\/p>\n\n\n\n<p>anniskelualue \u2013 alkohol\u2019antari\u010dusaloveh<\/p>\n\n\n\n<p>baarialue \u2013 buarualoveh<\/p>\n\n\n\n<p>yhden p\u00e4iv\u00e4n lippu \u2013 yhten p\u00e4iv\u00e4n bilietty<\/p>\n\n\n\n<p>kahden p\u00e4iv\u00e4n lippu \u2013 kahten p\u00e4iv\u00e4n bilietty<\/p>\n\n\n\n<p>kolmen p\u00e4iv\u00e4n lippu \u2013 kolmen p\u00e4iv\u00e4n bilietty<\/p>\n\n\n\n<p>ranneke \u2013 rannekeh<\/p>\n\n\n\n<p>rannekkeenvaihto \u2013 rannekkehenvaihto<\/p>\n\n\n\n<p>ennakkoon \u2013 edukyndeh<\/p>\n\n\n\n<p>ohjelma \u2013 programmu<\/p>\n\n\n\n<p>aukioloaika \u2013 avvoioloaigu<\/p>\n\n\n\n<p>majoitus \u2013 magavosija<\/p>\n\n\n\n<p>majoittaa \u2013 andua magavosija<\/p>\n\n\n\n<p>majoittua \u2013 suaha magavosija<\/p>\n\n\n\n<p>hotelli \u2013 hoteli<\/p>\n\n\n\n<p>leirint\u00e4alue \u2013 luagerialoveh<\/p>\n\n\n\n<p>leirint\u00e4majoitus \u2013 luagerimagavosija<\/p>\n\n\n\n<p>yksityismajoitus \u2013 yksitysmagavosija<\/p>\n\n\n\n<p>teltta \u2013 palatku<\/p>\n\n\n\n<p>makuupussi \u2013 magavohuavo<\/p>\n\n\n\n<p>saapuminen \u2013 tulendu<\/p>\n\n\n\n<p>py\u00f6r\u00e4parkki \u2013 py\u00f6r\u00e4nseizatuskohtu<\/p>\n\n\n\n<p>parkkipaikka \u2013 seizatuskohtu<\/p>\n\n\n\n<p>taksi \u2013 taksi<\/p>\n\n\n\n<p>bussi \u2013 bussu<\/p>\n\n\n\n<p>juna \u2013 juna<\/p>\n\n\n\n<p>maksutapa \u2013 maksotaba<\/p>\n\n\n\n<p>infopiste \u2013 info\u010d\u00f6keh<\/p>\n\n\n\n<p>l\u00f6yt\u00f6tavarapiste \u2013 l\u00f6yd\u00f6ve\u0161\u0161i\u010d\u00f6keh<\/p>\n\n\n\n<p>panttipiste \u2013 panti\u010d\u00f6keh<\/p>\n\n\n\n<p>sis\u00e4\u00e4np\u00e4\u00e4sy \u2013 syd\u00e4mehpi\u00e4z\u00f6 libo -pi\u00e4zendy<\/p>\n\n\n\n<p>p\u00e4\u00e4portti \u2013 pi\u00e4vorotat, pi\u00e4ver\u00e4i<\/p>\n\n\n\n<p>reppu \u2013 \u0161algu, reppu<\/p>\n\n\n\n<p>laukku \u2013 sum\u010du<\/p>\n\n\n\n<p>turvatarkastus \u2013 turvutarkistandu<\/p>\n\n\n\n<p>jono \u2013 jono<\/p>\n\n\n\n<p>pikakaista \u2013 ruttorai\u017eivo<\/p>\n\n\n\n<p>turvallisuus \u2013 turvalli\u017eus<\/p>\n\n\n\n<p>ensiapupiste \u2013 enziabu\u010d\u00f6keh<\/p>\n\n\n\n<p>ensiapupartio \u2013 enziabupatruli<\/p>\n\n\n\n<p>huomioliivi \u2013 huomavo\u017eilietky<\/p>\n\n\n\n<p>h\u00e4irint\u00e4yhteyshenkil\u00f6 \u2013 h\u00e4iri\u010dendy-yhtevyshengil\u00f6<\/p>\n\n\n\n<p>h\u00e4irint\u00e4tilanne \u2013 h\u00e4iri\u010dendytilandeh<\/p>\n\n\n\n<p>ruokamyyntialue \u2013 sy\u00f6mizien my\u00f6ndyaloveh<\/p>\n\n\n\n<p>ruokakoju \u2013 sy\u00f6miskiosku, -lar\u2019ku<\/p>\n\n\n\n<p>makkaraperunat \u2013 kalbassukartohkat<\/p>\n\n\n\n<p>burgeri \u2013 burgeru<\/p>\n\n\n\n<p>ranskalaiset \u2013 francielazet, puikkokartohkat<\/p>\n\n\n\n<p>laktoositon \u2013 laktouzatoi<\/p>\n\n\n\n<p>maidoton \u2013 maijotoi<\/p>\n\n\n\n<p>vegaaninen \u2013 veguanine<\/p>\n\n\n\n<p>gluteeniton \u2013 glutienitoi<\/p>\n\n\n\n<p>ev\u00e4\u00e4t \u2013 abakakkarat, ev\u00e4h\u00e4t, pajokat<\/p>\n\n\n\n<p>vesipiste \u2013 vezi\u010d\u00f6keh<\/p>\n\n\n\n<p>vesipullo \u2013 vezibutilku<\/p>\n\n\n\n<p>aurinkolasit \u2013 p\u00e4iv\u00e4so\u010dkat<\/p>\n\n\n\n<p>aurinkorasva \u2013 p\u00e4iv\u00e4svoijeh<\/p>\n\n\n\n<p>sadetakki \u2013 vihmutakki<\/p>\n\n\n\n<p>k\u00e4sidesi \u2013 k\u00e4zidezi<\/p>\n\n\n\n<p>laastarit \u2013 plastarit<\/p>\n\n\n\n<p>rakkolaastarit \u2013 talmuplastarit, puzuriplastarit<\/p>\n\n\n\n<p>vaihtovaatteet \u2013 vaihtosovat<\/p>\n\n\n\n<p>vessat \u2013 k\u00e4ym\u00e4l\u00e4t, nuu\u017eniekat, \u0161ittupertit<\/p>\n\n\n\n<p>bajamaja \u2013 bajam\u00f6kki, bajaperti<\/p>\n\n\n\n<p>vesivessa \u2013 vezik\u00e4ym\u00e4l, vezinuu\u017eniekku, vezi\u0161ittuperti<\/p>\n\n\n\n<p>vessapassi \u2013 k\u00e4ym\u00e4lpasportu, nuu\u017eniekkapasportu, \u0161ittupertipasportu<\/p>\n\n\n\n<p>k\u00e4sienpesu \u2013 k\u00e4zienpezo<\/p>\n\n\n\n<p>p\u00e4\u00e4lava \u2013 pi\u00e4lava<\/p>\n\n\n\n<p>vapaaehtoinen \u2013 omatahtoine, v\u00e4llyniekku, v\u00e4lly\u010d\u010dy<\/p>\n\n\n\n<p>yhteisty\u00f6kumppani \u2013 yhtesruadopartneru<\/p>\n\n\n\n<p>aita \u2013 aidu<\/p>\n\n\n\n<p>kuvaaminen \u2013 kuvuandu<\/p>\n\n\n\n<p>valokuva \u2013 fotokuva<\/p>\n\n\n\n<p>video \u2013 video<\/p>\n\n\n\n<p>videokuvata \u2013 videokuvata<\/p>\n\n\n\n<p>tupakkipaikka \u2013 tabakkukohtu<\/p>\n\n\n\n<p>tupakoida \u2013 poltua tabakkua, kurie, tabakoija<\/p>\n\n\n\n<p>tupakointi \u2013 tabakan poltandu libo kurimine, tabakoi\u010dendu<\/p>\n\n\n\n<p>tupakantumppi \u2013 tabakanny\u010d\u010dy<\/p>\n\n\n\n<p>tuhkakuppi \u2013 tuhkuaste<\/p>\n\n\n\n<p>nikotiinipussit \u2013 nikotiinuhuavozet<\/p>\n\n\n\n<p>katselukoroke \u2013 ka\u010dondulava<\/p>\n\n\n\n<p>avustaja \u2013 abuniekku<\/p>\n\n\n\n<p>opaskoira \u2013 opaskoiru<\/p>\n\n\n\n<p>apuv\u00e4lineet \u2013 abubrujat<\/p>\n\n\n\n<p>esteet\u00f6n \u2013 estiet\u00f6i<\/p>\n\n\n\n<p>esteellinen \u2013 estielline<\/p>\n\n\n\n<p>esteet\u00f6n wc \u2013 estiet\u00f6i \u0161ittuperti, k\u00e4ym\u00e4l, nuu\u017eniekku<\/p>\n\n\n\n<p>esteet\u00f6n sis\u00e4\u00e4np\u00e4\u00e4sy \u2013 estiet\u00f6i syv\u00e4imehpi\u00e4z\u00f6<\/p>\n\n\n\n<p>esteet\u00f6n kulkureitti \u2013 estiet\u00f6i kulguhodu<\/p>\n\n\n\n<p>ramppi \u2013 rampu<\/p>\n","protected":false},"excerpt":{"rendered":"<p>Ker\u00e4nnyh da luadinuh: Miikku H\u00e4kki Tarkistettih da kohendettih: Natalia Giloeva da Niko Tynnyrinen Miikku H\u00e4kki kuvuau sanastuo nenga: \u201dSanaston keri\u00e4mizeh olen k\u00e4ytt\u00e4nyh Kotuksen Karjalan kielen sanakniigua sego Py\u00f6lin da Markianovan sanakniigua. \u00c4ij\u00e4t sanois on pid\u00e4nyh kehitti\u00e4 i\u010del. Enimy\u00f6lleh sanasto on livvinkarjalakse, ga ei toinah nenga tarkah normiiruittu.\u201d * Ylehizet\/mollembih liittyj\u00e4t: lippu \u2013 bilietty (biliet\u00e4n, bilietti\u00e4, [&hellip;]<\/p>\n","protected":false},"author":580,"featured_media":0,"parent":0,"menu_order":0,"comment_status":"closed","ping_status":"closed","template":"","meta":{"_acf_changed":false,"footnotes":""},"class_list":["post-22497","page","type-page","status-publish","hentry"],"acf":[],"yoast_head":"<!-- This site is optimized with the Yoast SEO plugin v27.1.1 - https:\/\/yoast.com\/product\/yoast-seo-wordpress\/ -->\n<title>Festivualisanasto (suomi\u2013livvinkarjala) - Karjalan kielen elvytt\u00e4minen<\/title>\n<meta name=\"robots\" content=\"index, follow, max-snippet:-1, max-image-preview:large, max-video-preview:-1\" \/>\n<link rel=\"canonical\" href=\"https:\/\/blogs.uef.fi\/karjalanelvytys\/festivualisanasto-suomi-livvinkarjala\/\" \/>\n<meta property=\"og:locale\" content=\"fi_FI\" \/>\n<meta property=\"og:type\" content=\"article\" \/>\n<meta property=\"og:title\" content=\"Festivualisanasto (suomi\u2013livvinkarjala) - Karjalan kielen elvytt\u00e4minen\" \/>\n<meta property=\"og:description\" content=\"Ker\u00e4nnyh da luadinuh: Miikku H\u00e4kki Tarkistettih da kohendettih: Natalia Giloeva da Niko Tynnyrinen Miikku H\u00e4kki kuvuau sanastuo nenga: \u201dSanaston keri\u00e4mizeh olen k\u00e4ytt\u00e4nyh Kotuksen Karjalan kielen sanakniigua sego Py\u00f6lin da Markianovan sanakniigua. \u00c4ij\u00e4t sanois on pid\u00e4nyh kehitti\u00e4 i\u010del. Enimy\u00f6lleh sanasto on livvinkarjalakse, ga ei toinah nenga tarkah normiiruittu.\u201d * Ylehizet\/mollembih liittyj\u00e4t: lippu \u2013 bilietty (biliet\u00e4n, bilietti\u00e4, [&hellip;]\" \/>\n<meta property=\"og:url\" content=\"https:\/\/blogs.uef.fi\/karjalanelvytys\/festivualisanasto-suomi-livvinkarjala\/\" \/>\n<meta property=\"og:site_name\" content=\"Karjalan kielen elvytt\u00e4minen\" \/>\n<meta property=\"article:modified_time\" content=\"2025-09-22T08:59:31+00:00\" \/>\n<meta name=\"twitter:card\" content=\"summary_large_image\" \/>\n<meta name=\"twitter:label1\" content=\"Arvioitu lukuaika\" \/>\n\t<meta name=\"twitter:data1\" content=\"3 minuuttia\" \/>\n<script type=\"application\/ld+json\" class=\"yoast-schema-graph\">{\"@context\":\"https:\/\/schema.org\",\"@graph\":[{\"@type\":\"WebPage\",\"@id\":\"https:\/\/blogs.uef.fi\/karjalanelvytys\/festivualisanasto-suomi-livvinkarjala\/\",\"url\":\"https:\/\/blogs.uef.fi\/karjalanelvytys\/festivualisanasto-suomi-livvinkarjala\/\",\"name\":\"Festivualisanasto (suomi\u2013livvinkarjala) - Karjalan kielen elvytt\u00e4minen\",\"isPartOf\":{\"@id\":\"https:\/\/blogs.uef.fi\/karjalanelvytys\/#website\"},\"datePublished\":\"2025-09-22T08:15:37+00:00\",\"dateModified\":\"2025-09-22T08:59:31+00:00\",\"breadcrumb\":{\"@id\":\"https:\/\/blogs.uef.fi\/karjalanelvytys\/festivualisanasto-suomi-livvinkarjala\/#breadcrumb\"},\"inLanguage\":\"fi\",\"potentialAction\":[{\"@type\":\"ReadAction\",\"target\":[\"https:\/\/blogs.uef.fi\/karjalanelvytys\/festivualisanasto-suomi-livvinkarjala\/\"]}]},{\"@type\":\"BreadcrumbList\",\"@id\":\"https:\/\/blogs.uef.fi\/karjalanelvytys\/festivualisanasto-suomi-livvinkarjala\/#breadcrumb\",\"itemListElement\":[{\"@type\":\"ListItem\",\"position\":1,\"name\":\"Home\",\"item\":\"https:\/\/blogs.uef.fi\/karjalanelvytys\/\"},{\"@type\":\"ListItem\",\"position\":2,\"name\":\"Festivualisanasto (suomi\u2013livvinkarjala)\"}]},{\"@type\":\"WebSite\",\"@id\":\"https:\/\/blogs.uef.fi\/karjalanelvytys\/#website\",\"url\":\"https:\/\/blogs.uef.fi\/karjalanelvytys\/\",\"name\":\"Karjalan kielen elvytt\u00e4minen\",\"description\":\"\",\"potentialAction\":[{\"@type\":\"SearchAction\",\"target\":{\"@type\":\"EntryPoint\",\"urlTemplate\":\"https:\/\/blogs.uef.fi\/karjalanelvytys\/?s={search_term_string}\"},\"query-input\":{\"@type\":\"PropertyValueSpecification\",\"valueRequired\":true,\"valueName\":\"search_term_string\"}}],\"inLanguage\":\"fi\"}]}<\/script>\n<!-- \/ Yoast SEO plugin. -->","yoast_head_json":{"title":"Festivualisanasto (suomi\u2013livvinkarjala) - Karjalan kielen elvytt\u00e4minen","robots":{"index":"index","follow":"follow","max-snippet":"max-snippet:-1","max-image-preview":"max-image-preview:large","max-video-preview":"max-video-preview:-1"},"canonical":"https:\/\/blogs.uef.fi\/karjalanelvytys\/festivualisanasto-suomi-livvinkarjala\/","og_locale":"fi_FI","og_type":"article","og_title":"Festivualisanasto (suomi\u2013livvinkarjala) - Karjalan kielen elvytt\u00e4minen","og_description":"Ker\u00e4nnyh da luadinuh: Miikku H\u00e4kki Tarkistettih da kohendettih: Natalia Giloeva da Niko Tynnyrinen Miikku H\u00e4kki kuvuau sanastuo nenga: \u201dSanaston keri\u00e4mizeh olen k\u00e4ytt\u00e4nyh Kotuksen Karjalan kielen sanakniigua sego Py\u00f6lin da Markianovan sanakniigua. \u00c4ij\u00e4t sanois on pid\u00e4nyh kehitti\u00e4 i\u010del. Enimy\u00f6lleh sanasto on livvinkarjalakse, ga ei toinah nenga tarkah normiiruittu.\u201d * Ylehizet\/mollembih liittyj\u00e4t: lippu \u2013 bilietty (biliet\u00e4n, bilietti\u00e4, [&hellip;]","og_url":"https:\/\/blogs.uef.fi\/karjalanelvytys\/festivualisanasto-suomi-livvinkarjala\/","og_site_name":"Karjalan kielen elvytt\u00e4minen","article_modified_time":"2025-09-22T08:59:31+00:00","twitter_card":"summary_large_image","twitter_misc":{"Arvioitu lukuaika":"3 minuuttia"},"schema":{"@context":"https:\/\/schema.org","@graph":[{"@type":"WebPage","@id":"https:\/\/blogs.uef.fi\/karjalanelvytys\/festivualisanasto-suomi-livvinkarjala\/","url":"https:\/\/blogs.uef.fi\/karjalanelvytys\/festivualisanasto-suomi-livvinkarjala\/","name":"Festivualisanasto (suomi\u2013livvinkarjala) - Karjalan kielen elvytt\u00e4minen","isPartOf":{"@id":"https:\/\/blogs.uef.fi\/karjalanelvytys\/#website"},"datePublished":"2025-09-22T08:15:37+00:00","dateModified":"2025-09-22T08:59:31+00:00","breadcrumb":{"@id":"https:\/\/blogs.uef.fi\/karjalanelvytys\/festivualisanasto-suomi-livvinkarjala\/#breadcrumb"},"inLanguage":"fi","potentialAction":[{"@type":"ReadAction","target":["https:\/\/blogs.uef.fi\/karjalanelvytys\/festivualisanasto-suomi-livvinkarjala\/"]}]},{"@type":"BreadcrumbList","@id":"https:\/\/blogs.uef.fi\/karjalanelvytys\/festivualisanasto-suomi-livvinkarjala\/#breadcrumb","itemListElement":[{"@type":"ListItem","position":1,"name":"Home","item":"https:\/\/blogs.uef.fi\/karjalanelvytys\/"},{"@type":"ListItem","position":2,"name":"Festivualisanasto (suomi\u2013livvinkarjala)"}]},{"@type":"WebSite","@id":"https:\/\/blogs.uef.fi\/karjalanelvytys\/#website","url":"https:\/\/blogs.uef.fi\/karjalanelvytys\/","name":"Karjalan kielen elvytt\u00e4minen","description":"","potentialAction":[{"@type":"SearchAction","target":{"@type":"EntryPoint","urlTemplate":"https:\/\/blogs.uef.fi\/karjalanelvytys\/?s={search_term_string}"},"query-input":{"@type":"PropertyValueSpecification","valueRequired":true,"valueName":"search_term_string"}}],"inLanguage":"fi"}]}},"_links":{"self":[{"href":"https:\/\/blogs.uef.fi\/karjalanelvytys\/wp-json\/wp\/v2\/pages\/22497","targetHints":{"allow":["GET"]}}],"collection":[{"href":"https:\/\/blogs.uef.fi\/karjalanelvytys\/wp-json\/wp\/v2\/pages"}],"about":[{"href":"https:\/\/blogs.uef.fi\/karjalanelvytys\/wp-json\/wp\/v2\/types\/page"}],"author":[{"embeddable":true,"href":"https:\/\/blogs.uef.fi\/karjalanelvytys\/wp-json\/wp\/v2\/users\/580"}],"replies":[{"embeddable":true,"href":"https:\/\/blogs.uef.fi\/karjalanelvytys\/wp-json\/wp\/v2\/comments?post=22497"}],"version-history":[{"count":2,"href":"https:\/\/blogs.uef.fi\/karjalanelvytys\/wp-json\/wp\/v2\/pages\/22497\/revisions"}],"predecessor-version":[{"id":22509,"href":"https:\/\/blogs.uef.fi\/karjalanelvytys\/wp-json\/wp\/v2\/pages\/22497\/revisions\/22509"}],"wp:attachment":[{"href":"https:\/\/blogs.uef.fi\/karjalanelvytys\/wp-json\/wp\/v2\/media?parent=22497"}],"curies":[{"name":"wp","href":"https:\/\/api.w.org\/{rel}","templated":true}]}}