{"id":22373,"date":"2025-08-04T12:58:03","date_gmt":"2025-08-04T09:58:03","guid":{"rendered":"https:\/\/blogs.uef.fi\/karjalanelvytys\/?page_id=22373"},"modified":"2025-08-04T12:58:04","modified_gmt":"2025-08-04T09:58:04","slug":"aigasanasto-suomi-suvikarjala","status":"publish","type":"page","link":"https:\/\/blogs.uef.fi\/karjalanelvytys\/aigasanasto-suomi-suvikarjala\/","title":{"rendered":"Aigasanasto (suomi\u2013suvikarjala)"},"content":{"rendered":"\n<p>Normitanda:<strong> Katerina Paalamo<\/strong><\/p>\n\n\n\n<p>P\u00e4iv\u00e4nnouzu-Suomen yliopisto<\/p>\n\n\n\n<figure class=\"wp-block-image size-full is-resized\"><img loading=\"lazy\" decoding=\"async\" width=\"774\" height=\"435\" src=\"https:\/\/blogs.uef.fi\/karjalanelvytys\/wp-content\/uploads\/sites\/155\/2025\/08\/aaaa.jpg\" alt=\"\" class=\"wp-image-22374\" style=\"width:400px\" srcset=\"https:\/\/blogs.uef.fi\/karjalanelvytys\/wp-content\/uploads\/sites\/155\/2025\/08\/aaaa.jpg 774w, https:\/\/blogs.uef.fi\/karjalanelvytys\/wp-content\/uploads\/sites\/155\/2025\/08\/aaaa-300x169.jpg 300w, https:\/\/blogs.uef.fi\/karjalanelvytys\/wp-content\/uploads\/sites\/155\/2025\/08\/aaaa-768x432.jpg 768w\" sizes=\"auto, (max-width: 774px) 100vw, 774px\" \/><figcaption class=\"wp-element-caption\">Kuva: Pixabay<\/figcaption><\/figure>\n\n\n\n<p>aika \u2013 aiga<\/p>\n\n\n\n<p>sekunti \u2013 sekunda<\/p>\n\n\n\n<p>minuutti \u2013 minuutta<\/p>\n\n\n\n<p>tunti \u2013 \u010duassu<\/p>\n\n\n\n<p>kello \u2013 \u010duassut<\/p>\n\n\n\n<p>*<\/p>\n\n\n\n<p>vuorokausi \u2013 vuorokauzi, suutkat<\/p>\n\n\n\n<p>aamu \u2013 huondes, huomenes<\/p>\n\n\n\n<p>aamup\u00e4iv\u00e4 \u2013 huondesp\u00e4iv\u00e4, huomenesp\u00e4iv\u00e4<\/p>\n\n\n\n<p>p\u00e4iv\u00e4 \u2013 p\u00e4iv\u00e4<\/p>\n\n\n\n<p>iltap\u00e4iv\u00e4 \u2013 ildap\u00e4iv\u00e4<\/p>\n\n\n\n<p>ilta \u2013 ilda<\/p>\n\n\n\n<p>iltay\u00f6 \u2013 ilday\u00f6<\/p>\n\n\n\n<p>y\u00f6 \u2013 y\u00f6\u00a0<\/p>\n\n\n\n<p>aamuy\u00f6 \u2013 huondesy\u00f6, huomenesy\u00f6<\/p>\n\n\n\n<p>*<\/p>\n\n\n\n<p>viikko \u2013 ned\u00e4li<\/p>\n\n\n\n<p>ensi viikolla \u2013 nouzijalla, tulijalla ned\u00e4lill\u00e4<\/p>\n\n\n\n<p>viime viikolla \u2013 m\u00e4nny\u00f6ll\u00e4 ned\u00e4lill\u00e4<\/p>\n\n\n\n<p>viikonloppu \u2013 ned\u00e4linloppu<\/p>\n\n\n\n<p>viikonp\u00e4iv\u00e4 \u2013 ned\u00e4linp\u00e4iv\u00e4<\/p>\n\n\n\n<p>pitk\u00e4 aika \u2013 viikko<\/p>\n\n\n\n<p>kuukausi \u2013 kuu<\/p>\n\n\n\n<p>vuosi \u2013 vuozi<\/p>\n\n\n\n<p>ensi vuonna \u2013 tulijana vuodena<\/p>\n\n\n\n<p>viime vuonna \u2013 mulloin<\/p>\n\n\n\n<p>viimevuotinen \u2013 mullone<\/p>\n\n\n\n<p>vuosikymmen \u2013 vuozikymmen<\/p>\n\n\n\n<p>vuosisata\u00a0 \u2013\u00a0 vuozisada<\/p>\n\n\n\n<p>vuosituhat \u00a0\u2013 vuozituhat<\/p>\n\n\n\n<h3 class=\"wp-block-heading\">Viikonp\u00e4iv\u00e4t <strong>\u2013<\/strong> Ned\u00e4linp\u00e4iv\u00e4t<\/h3>\n\n\n\n<p>maanantai \u00a0\u2013 enzim\u00e4nargi<\/p>\n\n\n\n<p>maanantaina \u2013 enzim\u00e4issargena<\/p>\n\n\n\n<p>tiistai \u2013 toinargi<\/p>\n\n\n\n<p>tiistaina \u2013 toissargena<\/p>\n\n\n\n<p>keskiviikko \u2013 kolmasp\u00e4iv\u00e4<\/p>\n\n\n\n<p>keskiviikkona \u2013 kolmanapi\u00e4n\u00e4&nbsp;<\/p>\n\n\n\n<p>torstai \u2013 nell\u00e4sp\u00e4iv\u00e4<\/p>\n\n\n\n<p>torstaina \u2013 nell\u00e4n\u00e4pi\u00e4n\u00e4<\/p>\n\n\n\n<p>perjantai \u2013 pi\u00e4tin\u010d\u010d\u00e4<\/p>\n\n\n\n<p>perjantaina \u2013 pi\u00e4tin\u010d\u010d\u00e4n\u00e4<\/p>\n\n\n\n<p>lauantai \u2013 suovatta<\/p>\n\n\n\n<p>lauantaina \u2013 suovattana<\/p>\n\n\n\n<p>sunnuntai \u2013 pyh\u00e4p\u00e4iv\u00e4<\/p>\n\n\n\n<p>sunnuntaina \u2013 pyh\u00e4n\u00e4pi\u00e4n\u00e4<\/p>\n\n\n\n<p>*<\/p>\n\n\n\n<p>toissa p\u00e4iv\u00e4n\u00e4 \u2013 toissapi\u00e4n\u00e4<\/p>\n\n\n\n<p>eilinen \u2013 egl\u00e4ne, egline<\/p>\n\n\n\n<p>eilen \u2013 egl\u00e4in, eglein<\/p>\n\n\n\n<p>t\u00e4n\u00e4\u00e4n \u2013 t\u00e4n\u00e4pi\u00e4n\u00e4<\/p>\n\n\n\n<p>huominen (huomisp\u00e4iv\u00e4) \u2013 huomen, huomenine p\u00e4iv\u00e4<\/p>\n\n\n\n<p>huomenna \u2013 huomena<\/p>\n\n\n\n<p>ylihuomenna \u2013 huomenenj\u00e4lgeh<\/p>\n\n\n\n<p>*<\/p>\n\n\n\n<h3 class=\"wp-block-heading\">Kuukaudet <strong>\u2013<\/strong> Kuut<\/h3>\n\n\n\n<p>tammikuu \u2013 pakkaiskuu<\/p>\n\n\n\n<p>helmikuu \u2013 tuu\u010d\u010dakuu<\/p>\n\n\n\n<p>maaliskuu \u2013 kev\u00e4tkuu<\/p>\n\n\n\n<p>huhtikuu \u2013 sulakuu<\/p>\n\n\n\n<p>toukokuu \u2013 oraskuu<\/p>\n\n\n\n<p>kes\u00e4kuu \u2013 kez\u00e4kuu<\/p>\n\n\n\n<p>hein\u00e4kuu \u2013 hein\u00e4kuu<\/p>\n\n\n\n<p>elokuu \u2013 elokuu<\/p>\n\n\n\n<p>syyskuu \u2013 syyskuu<\/p>\n\n\n\n<p>lokakuu \u2013 ligakuu<\/p>\n\n\n\n<p>marraskuu \u2013 pimiekuu<\/p>\n\n\n\n<p>joulukuu \u2013 talvikuu<\/p>\n","protected":false},"excerpt":{"rendered":"<p>Normitanda: Katerina Paalamo P\u00e4iv\u00e4nnouzu-Suomen yliopisto aika \u2013 aiga sekunti \u2013 sekunda minuutti \u2013 minuutta tunti \u2013 \u010duassu kello \u2013 \u010duassut * vuorokausi \u2013 vuorokauzi, suutkat aamu \u2013 huondes, huomenes aamup\u00e4iv\u00e4 \u2013 huondesp\u00e4iv\u00e4, huomenesp\u00e4iv\u00e4 p\u00e4iv\u00e4 \u2013 p\u00e4iv\u00e4 iltap\u00e4iv\u00e4 \u2013 ildap\u00e4iv\u00e4 ilta \u2013 ilda iltay\u00f6 \u2013 ilday\u00f6 y\u00f6 \u2013 y\u00f6\u00a0 aamuy\u00f6 \u2013 huondesy\u00f6, huomenesy\u00f6 * viikko \u2013 [&hellip;]<\/p>\n","protected":false},"author":580,"featured_media":0,"parent":0,"menu_order":0,"comment_status":"closed","ping_status":"closed","template":"","meta":{"_acf_changed":false,"footnotes":""},"class_list":["post-22373","page","type-page","status-publish","hentry"],"acf":[],"yoast_head":"<!-- This site is optimized with the Yoast SEO plugin v27.1.1 - https:\/\/yoast.com\/product\/yoast-seo-wordpress\/ -->\n<title>Aigasanasto (suomi\u2013suvikarjala) - Karjalan kielen elvytt\u00e4minen<\/title>\n<meta name=\"robots\" content=\"index, follow, max-snippet:-1, max-image-preview:large, max-video-preview:-1\" \/>\n<link rel=\"canonical\" href=\"https:\/\/blogs.uef.fi\/karjalanelvytys\/aigasanasto-suomi-suvikarjala\/\" \/>\n<meta property=\"og:locale\" content=\"fi_FI\" \/>\n<meta property=\"og:type\" content=\"article\" \/>\n<meta property=\"og:title\" content=\"Aigasanasto (suomi\u2013suvikarjala) - Karjalan kielen elvytt\u00e4minen\" \/>\n<meta property=\"og:description\" content=\"Normitanda: Katerina Paalamo P\u00e4iv\u00e4nnouzu-Suomen yliopisto aika \u2013 aiga sekunti \u2013 sekunda minuutti \u2013 minuutta tunti \u2013 \u010duassu kello \u2013 \u010duassut * vuorokausi \u2013 vuorokauzi, suutkat aamu \u2013 huondes, huomenes aamup\u00e4iv\u00e4 \u2013 huondesp\u00e4iv\u00e4, huomenesp\u00e4iv\u00e4 p\u00e4iv\u00e4 \u2013 p\u00e4iv\u00e4 iltap\u00e4iv\u00e4 \u2013 ildap\u00e4iv\u00e4 ilta \u2013 ilda iltay\u00f6 \u2013 ilday\u00f6 y\u00f6 \u2013 y\u00f6\u00a0 aamuy\u00f6 \u2013 huondesy\u00f6, huomenesy\u00f6 * viikko \u2013 [&hellip;]\" \/>\n<meta property=\"og:url\" content=\"https:\/\/blogs.uef.fi\/karjalanelvytys\/aigasanasto-suomi-suvikarjala\/\" \/>\n<meta property=\"og:site_name\" content=\"Karjalan kielen elvytt\u00e4minen\" \/>\n<meta property=\"article:modified_time\" content=\"2025-08-04T09:58:04+00:00\" \/>\n<meta property=\"og:image\" content=\"https:\/\/blogs.uef.fi\/karjalanelvytys\/wp-content\/uploads\/sites\/155\/2025\/08\/aaaa.jpg\" \/>\n\t<meta property=\"og:image:width\" content=\"774\" \/>\n\t<meta property=\"og:image:height\" content=\"435\" \/>\n\t<meta property=\"og:image:type\" content=\"image\/jpeg\" \/>\n<meta name=\"twitter:card\" content=\"summary_large_image\" \/>\n<meta name=\"twitter:label1\" content=\"Arvioitu lukuaika\" \/>\n\t<meta name=\"twitter:data1\" content=\"2 minuuttia\" \/>\n<script type=\"application\/ld+json\" class=\"yoast-schema-graph\">{\"@context\":\"https:\/\/schema.org\",\"@graph\":[{\"@type\":\"WebPage\",\"@id\":\"https:\/\/blogs.uef.fi\/karjalanelvytys\/aigasanasto-suomi-suvikarjala\/\",\"url\":\"https:\/\/blogs.uef.fi\/karjalanelvytys\/aigasanasto-suomi-suvikarjala\/\",\"name\":\"Aigasanasto (suomi\u2013suvikarjala) - Karjalan kielen elvytt\u00e4minen\",\"isPartOf\":{\"@id\":\"https:\/\/blogs.uef.fi\/karjalanelvytys\/#website\"},\"primaryImageOfPage\":{\"@id\":\"https:\/\/blogs.uef.fi\/karjalanelvytys\/aigasanasto-suomi-suvikarjala\/#primaryimage\"},\"image\":{\"@id\":\"https:\/\/blogs.uef.fi\/karjalanelvytys\/aigasanasto-suomi-suvikarjala\/#primaryimage\"},\"thumbnailUrl\":\"https:\/\/blogs.uef.fi\/karjalanelvytys\/wp-content\/uploads\/sites\/155\/2025\/08\/aaaa.jpg\",\"datePublished\":\"2025-08-04T09:58:03+00:00\",\"dateModified\":\"2025-08-04T09:58:04+00:00\",\"breadcrumb\":{\"@id\":\"https:\/\/blogs.uef.fi\/karjalanelvytys\/aigasanasto-suomi-suvikarjala\/#breadcrumb\"},\"inLanguage\":\"fi\",\"potentialAction\":[{\"@type\":\"ReadAction\",\"target\":[\"https:\/\/blogs.uef.fi\/karjalanelvytys\/aigasanasto-suomi-suvikarjala\/\"]}]},{\"@type\":\"ImageObject\",\"inLanguage\":\"fi\",\"@id\":\"https:\/\/blogs.uef.fi\/karjalanelvytys\/aigasanasto-suomi-suvikarjala\/#primaryimage\",\"url\":\"https:\/\/blogs.uef.fi\/karjalanelvytys\/wp-content\/uploads\/sites\/155\/2025\/08\/aaaa.jpg\",\"contentUrl\":\"https:\/\/blogs.uef.fi\/karjalanelvytys\/wp-content\/uploads\/sites\/155\/2025\/08\/aaaa.jpg\",\"width\":774,\"height\":435},{\"@type\":\"BreadcrumbList\",\"@id\":\"https:\/\/blogs.uef.fi\/karjalanelvytys\/aigasanasto-suomi-suvikarjala\/#breadcrumb\",\"itemListElement\":[{\"@type\":\"ListItem\",\"position\":1,\"name\":\"Home\",\"item\":\"https:\/\/blogs.uef.fi\/karjalanelvytys\/\"},{\"@type\":\"ListItem\",\"position\":2,\"name\":\"Aigasanasto (suomi\u2013suvikarjala)\"}]},{\"@type\":\"WebSite\",\"@id\":\"https:\/\/blogs.uef.fi\/karjalanelvytys\/#website\",\"url\":\"https:\/\/blogs.uef.fi\/karjalanelvytys\/\",\"name\":\"Karjalan kielen elvytt\u00e4minen\",\"description\":\"\",\"potentialAction\":[{\"@type\":\"SearchAction\",\"target\":{\"@type\":\"EntryPoint\",\"urlTemplate\":\"https:\/\/blogs.uef.fi\/karjalanelvytys\/?s={search_term_string}\"},\"query-input\":{\"@type\":\"PropertyValueSpecification\",\"valueRequired\":true,\"valueName\":\"search_term_string\"}}],\"inLanguage\":\"fi\"}]}<\/script>\n<!-- \/ Yoast SEO plugin. -->","yoast_head_json":{"title":"Aigasanasto (suomi\u2013suvikarjala) - Karjalan kielen elvytt\u00e4minen","robots":{"index":"index","follow":"follow","max-snippet":"max-snippet:-1","max-image-preview":"max-image-preview:large","max-video-preview":"max-video-preview:-1"},"canonical":"https:\/\/blogs.uef.fi\/karjalanelvytys\/aigasanasto-suomi-suvikarjala\/","og_locale":"fi_FI","og_type":"article","og_title":"Aigasanasto (suomi\u2013suvikarjala) - Karjalan kielen elvytt\u00e4minen","og_description":"Normitanda: Katerina Paalamo P\u00e4iv\u00e4nnouzu-Suomen yliopisto aika \u2013 aiga sekunti \u2013 sekunda minuutti \u2013 minuutta tunti \u2013 \u010duassu kello \u2013 \u010duassut * vuorokausi \u2013 vuorokauzi, suutkat aamu \u2013 huondes, huomenes aamup\u00e4iv\u00e4 \u2013 huondesp\u00e4iv\u00e4, huomenesp\u00e4iv\u00e4 p\u00e4iv\u00e4 \u2013 p\u00e4iv\u00e4 iltap\u00e4iv\u00e4 \u2013 ildap\u00e4iv\u00e4 ilta \u2013 ilda iltay\u00f6 \u2013 ilday\u00f6 y\u00f6 \u2013 y\u00f6\u00a0 aamuy\u00f6 \u2013 huondesy\u00f6, huomenesy\u00f6 * viikko \u2013 [&hellip;]","og_url":"https:\/\/blogs.uef.fi\/karjalanelvytys\/aigasanasto-suomi-suvikarjala\/","og_site_name":"Karjalan kielen elvytt\u00e4minen","article_modified_time":"2025-08-04T09:58:04+00:00","og_image":[{"width":774,"height":435,"url":"https:\/\/blogs.uef.fi\/karjalanelvytys\/wp-content\/uploads\/sites\/155\/2025\/08\/aaaa.jpg","type":"image\/jpeg"}],"twitter_card":"summary_large_image","twitter_misc":{"Arvioitu lukuaika":"2 minuuttia"},"schema":{"@context":"https:\/\/schema.org","@graph":[{"@type":"WebPage","@id":"https:\/\/blogs.uef.fi\/karjalanelvytys\/aigasanasto-suomi-suvikarjala\/","url":"https:\/\/blogs.uef.fi\/karjalanelvytys\/aigasanasto-suomi-suvikarjala\/","name":"Aigasanasto (suomi\u2013suvikarjala) - Karjalan kielen elvytt\u00e4minen","isPartOf":{"@id":"https:\/\/blogs.uef.fi\/karjalanelvytys\/#website"},"primaryImageOfPage":{"@id":"https:\/\/blogs.uef.fi\/karjalanelvytys\/aigasanasto-suomi-suvikarjala\/#primaryimage"},"image":{"@id":"https:\/\/blogs.uef.fi\/karjalanelvytys\/aigasanasto-suomi-suvikarjala\/#primaryimage"},"thumbnailUrl":"https:\/\/blogs.uef.fi\/karjalanelvytys\/wp-content\/uploads\/sites\/155\/2025\/08\/aaaa.jpg","datePublished":"2025-08-04T09:58:03+00:00","dateModified":"2025-08-04T09:58:04+00:00","breadcrumb":{"@id":"https:\/\/blogs.uef.fi\/karjalanelvytys\/aigasanasto-suomi-suvikarjala\/#breadcrumb"},"inLanguage":"fi","potentialAction":[{"@type":"ReadAction","target":["https:\/\/blogs.uef.fi\/karjalanelvytys\/aigasanasto-suomi-suvikarjala\/"]}]},{"@type":"ImageObject","inLanguage":"fi","@id":"https:\/\/blogs.uef.fi\/karjalanelvytys\/aigasanasto-suomi-suvikarjala\/#primaryimage","url":"https:\/\/blogs.uef.fi\/karjalanelvytys\/wp-content\/uploads\/sites\/155\/2025\/08\/aaaa.jpg","contentUrl":"https:\/\/blogs.uef.fi\/karjalanelvytys\/wp-content\/uploads\/sites\/155\/2025\/08\/aaaa.jpg","width":774,"height":435},{"@type":"BreadcrumbList","@id":"https:\/\/blogs.uef.fi\/karjalanelvytys\/aigasanasto-suomi-suvikarjala\/#breadcrumb","itemListElement":[{"@type":"ListItem","position":1,"name":"Home","item":"https:\/\/blogs.uef.fi\/karjalanelvytys\/"},{"@type":"ListItem","position":2,"name":"Aigasanasto (suomi\u2013suvikarjala)"}]},{"@type":"WebSite","@id":"https:\/\/blogs.uef.fi\/karjalanelvytys\/#website","url":"https:\/\/blogs.uef.fi\/karjalanelvytys\/","name":"Karjalan kielen elvytt\u00e4minen","description":"","potentialAction":[{"@type":"SearchAction","target":{"@type":"EntryPoint","urlTemplate":"https:\/\/blogs.uef.fi\/karjalanelvytys\/?s={search_term_string}"},"query-input":{"@type":"PropertyValueSpecification","valueRequired":true,"valueName":"search_term_string"}}],"inLanguage":"fi"}]}},"_links":{"self":[{"href":"https:\/\/blogs.uef.fi\/karjalanelvytys\/wp-json\/wp\/v2\/pages\/22373","targetHints":{"allow":["GET"]}}],"collection":[{"href":"https:\/\/blogs.uef.fi\/karjalanelvytys\/wp-json\/wp\/v2\/pages"}],"about":[{"href":"https:\/\/blogs.uef.fi\/karjalanelvytys\/wp-json\/wp\/v2\/types\/page"}],"author":[{"embeddable":true,"href":"https:\/\/blogs.uef.fi\/karjalanelvytys\/wp-json\/wp\/v2\/users\/580"}],"replies":[{"embeddable":true,"href":"https:\/\/blogs.uef.fi\/karjalanelvytys\/wp-json\/wp\/v2\/comments?post=22373"}],"version-history":[{"count":1,"href":"https:\/\/blogs.uef.fi\/karjalanelvytys\/wp-json\/wp\/v2\/pages\/22373\/revisions"}],"predecessor-version":[{"id":22375,"href":"https:\/\/blogs.uef.fi\/karjalanelvytys\/wp-json\/wp\/v2\/pages\/22373\/revisions\/22375"}],"wp:attachment":[{"href":"https:\/\/blogs.uef.fi\/karjalanelvytys\/wp-json\/wp\/v2\/media?parent=22373"}],"curies":[{"name":"wp","href":"https:\/\/api.w.org\/{rel}","templated":true}]}}