{"id":22336,"date":"2025-06-16T12:10:39","date_gmt":"2025-06-16T09:10:39","guid":{"rendered":"https:\/\/blogs.uef.fi\/karjalanelvytys\/?page_id=22336"},"modified":"2025-06-18T14:10:19","modified_gmt":"2025-06-18T11:10:19","slug":"lindusanasto-suomi-suvikarjala","status":"publish","type":"page","link":"https:\/\/blogs.uef.fi\/karjalanelvytys\/lindusanasto-suomi-suvikarjala\/","title":{"rendered":"Lindusanasto (suomi\u2013suvikarjala)"},"content":{"rendered":"\n<p>Luadija: <strong>Katerina Paalamo<\/strong><\/p>\n\n\n\n<p>P\u00e4iv\u00e4nnouzu-Suomen yliopisto, 2025<\/p>\n\n\n\n<p>*<\/p>\n\n\n\n<p>T\u00e4st\u00e4 taulukosta l\u00f6yvyt\u00e4h Suomen da Karjalan alovehilla pezij\u00f6in da toi\u010d\u010di dogadittavien seg\u00f6 toizien, ylehizesti tundiettuloin linduloin nimet: <a href=\"https:\/\/blogs.uef.fi\/karjalanelvytys\/wp-content\/uploads\/sites\/155\/2025\/06\/Lindusanasto_suomi\u2013suvikarjala_Paalamo_paivitetty.pdf\">linkka taulukkoh<\/a>.<\/p>\n\n\n\n<p>Sanassossa on rahvahan k\u00e4ytetty\u00f6 perindehellist\u00e4 linduloin nimie normitetussa muuvossa dai uutta nimie. Uuvembie linduloin nimil\u00f6i on ozittuan mugautettu toizissa murdehissa k\u00e4ytettyl\u00f6ih linduloin nimil\u00f6ih, ozittuan on luajittu uutta nimie.<\/p>\n\n\n\n<figure class=\"wp-block-image size-full is-resized\"><img loading=\"lazy\" decoding=\"async\" width=\"705\" height=\"429\" src=\"https:\/\/blogs.uef.fi\/karjalanelvytys\/wp-content\/uploads\/sites\/155\/2025\/06\/Picture1.png\" alt=\"\" class=\"wp-image-22338\" style=\"width:400px\" srcset=\"https:\/\/blogs.uef.fi\/karjalanelvytys\/wp-content\/uploads\/sites\/155\/2025\/06\/Picture1.png 705w, https:\/\/blogs.uef.fi\/karjalanelvytys\/wp-content\/uploads\/sites\/155\/2025\/06\/Picture1-300x183.png 300w\" sizes=\"auto, (max-width: 705px) 100vw, 705px\" \/><figcaption class=\"wp-element-caption\">Peibone. Kuva: Pixabay<\/figcaption><\/figure>\n\n\n\n<p>Alapuolella liz\u00e4ksi on muudagi linduloih liittyji\u00e4 sanastuo, ezimerkiksi linduloin anatomieh, el\u00e4nd\u00e4h da ka\u010d\u010delendah liittyji\u00e4 sanua. &nbsp;<\/p>\n\n\n\n<h2 class=\"wp-block-heading\">Muuta lintusanastoa \u2013 Muuda lindusanastuo<\/h2>\n\n\n\n<p>ankka \u2013 kodisorza<\/p>\n\n\n\n<p>elinymp\u00e4rist\u00f6 \u2013 el\u00e4nd\u00e4ymb\u00e4rist\u00f6<\/p>\n\n\n\n<p>harvinainen \u2013 harvinane<\/p>\n\n\n\n<p>hautoa \u2013 hauduo<\/p>\n\n\n\n<p>havainto \u2013 dogadinda<\/p>\n\n\n\n<p>havaita \u2013 dogadie<\/p>\n\n\n\n<p>havaitseminen \u2013 dogadinda<\/p>\n\n\n\n<p>heltta \u2013 heltta<\/p>\n\n\n\n<p>huhuilla \u2013 (huuhkajan \u00e4\u00e4ntelyst\u00e4) tuukkua<\/p>\n\n\n\n<p>huhuilu \u2013 (huuhkajan \u00e4\u00e4ntely) tuukeh<\/p>\n\n\n\n<p>hy\u00f6nteissy\u00f6j\u00e4 \u2013 p\u00f6p\u00f6k\u00e4nsy\u00f6j\u00e4<\/p>\n\n\n\n<p>h\u00f6yhen \u2013 heyhen<\/p>\n\n\n\n<p>kaakattaa \u2013 (kanan \u00e4\u00e4ntelyst\u00e4) kakattua, kuakattua; (villihanhien \u00e4\u00e4ntelyst\u00e4) laglattua<\/p>\n\n\n\n<p>kaakatus \u2013 (kanan \u00e4\u00e4ntely) kakatus, kuakatus; (villihanhien \u00e4\u00e4ntely) laglatus<\/p>\n\n\n\n<p>kahlaaja \u2013 kualaja<\/p>\n\n\n\n<p>kahlata \u2013 kualua<\/p>\n\n\n\n<p>kanarialintu \u2013 (kanarianhemposta, ei tieteell.) kanarienlindu<\/p>\n\n\n\n<p>kev\u00e4tmuutto \u2013 kev\u00e4tmuutto<\/p>\n\n\n\n<p>kiekua \u2013 kiekkuo<\/p>\n\n\n\n<p>kiikari \u2013 binokli<\/p>\n\n\n\n<p>kivipiira \u2013 kivikukkaro<\/p>\n\n\n\n<p>koiras \u2013 iz\u00e4\u010d\u010dy<\/p>\n\n\n\n<p>koiraslintu \u2013 iz\u00e4\u010d\u010dylindu<\/p>\n\n\n\n<p>kokosukeltaja \u2013 kogo\u010dukeldaja<\/p>\n\n\n\n<p>kukko \u2013 kukko<\/p>\n\n\n\n<p>kuoriutua \u2013 kuoriuduo<\/p>\n\n\n\n<p>kupu \u2013 kubu&nbsp;<\/p>\n\n\n\n<p>laulaa \u2013 laulua<\/p>\n\n\n\n<p>laulu \u2013 laulu<\/p>\n\n\n\n<p>laululintu \u2013 laulajalindu, laululindu<\/p>\n\n\n\n<p>laulaminen \u2013 laulanda, laulamine<\/p>\n\n\n\n<p>lento \u2013 lendo<\/p>\n\n\n\n<p>lentokyky \u2013 lendomaltto<\/p>\n\n\n\n<p>lentokyvyt\u00f6n \u2013 lendomaltotoin<\/p>\n\n\n\n<p>lent\u00e4\u00e4 \u2013 lendi\u00e4<\/p>\n\n\n\n<p>linnunpes\u00e4 \u2013 linnunpez\u00e4<\/p>\n\n\n\n<p>linnunpoikanen \u2013 linnunpoigane<\/p>\n\n\n\n<p>linnunp\u00f6ntt\u00f6 \u2013 linnunp\u00f6ntt\u00f6<\/p>\n\n\n\n<p>lintu \u2013 lindu<\/p>\n\n\n\n<p>lintuasema \u2013 linduazema<\/p>\n\n\n\n<p>lintuinfluenssa \u2013 linduinfluenssa<\/p>\n\n\n\n<p>lintuj\u00e4rvi \u2013 linduj\u00e4rvi<\/p>\n\n\n\n<p>lintukanta \u2013 lindukanda<\/p>\n\n\n\n<p>lintulaji \u2013 lindulaji<\/p>\n\n\n\n<p>lintulauta \u2013 lindulauda<\/p>\n\n\n\n<p>lintutiede \u2013 lindutiedo<\/p>\n\n\n\n<p>lintutieteellinen \u2013 lindutiijolline<\/p>\n\n\n\n<p>lintutorni \u2013 lindulava, linduloinka\u010d\u010delendalava<\/p>\n\n\n\n<p>muna \u2013 j\u00e4i\u010d\u010d\u00e4<\/p>\n\n\n\n<p>munia \u2013 munie<\/p>\n\n\n\n<p>muuttaa \u2013 muuttua<\/p>\n\n\n\n<p>muuttolintu \u2013 muuttolindu<\/p>\n\n\n\n<p>muuttomatka \u2013 muuttomatka<\/p>\n\n\n\n<p>naaras \u2013 em\u00e4\u010d\u010dy<\/p>\n\n\n\n<p>naaraslintu \u2013 em\u00e4\u010d\u010dylindu<\/p>\n\n\n\n<p>naarasmetso \u2013 koppala<\/p>\n\n\n\n<p>nokata \u2013 n&#8217;okata<\/p>\n\n\n\n<p>nokka \u2013 n&#8217;okka<\/p>\n\n\n\n<p>nokkia \u2013 n&#8217;okkie<\/p>\n\n\n\n<p>ornitologi \u2013 ornitologa<\/p>\n\n\n\n<p>ornitologia \u2013 ornitologie<\/p>\n\n\n\n<p>ornitologinen \u2013 ornitologine<\/p>\n\n\n\n<p>paikkalintu \u2013 paikkalindu<\/p>\n\n\n\n<p>parvi \u2013 parvi<\/p>\n\n\n\n<p>pesim\u00e4alue \u2013 pezind\u00e4aloveh<\/p>\n\n\n\n<p>pesim\u00e4rauha \u2013 pezind\u00e4rauha<\/p>\n\n\n\n<p>pesi\u00e4 \u2013 pezie<\/p>\n\n\n\n<p>pes\u00e4 \u2013 pez\u00e4<\/p>\n\n\n\n<p>petolintu \u2013 pedolindu<\/p>\n\n\n\n<p>piipitt\u00e4\u00e4 \u2013 piipetti\u00e4, pi\u010dpetti\u00e4<\/p>\n\n\n\n<p>piipitys \u2013 piipetys, pi\u010dpetys<\/p>\n\n\n\n<p>poikanen \u2013 poigane<\/p>\n\n\n\n<p>poikue \u2013 poigoveh<\/p>\n\n\n\n<p>puolisukeltaja \u2013 puoli\u010dukeldaja<\/p>\n\n\n\n<p>pyrst\u00f6 \u2013 h\u00e4nd\u00e4<\/p>\n\n\n\n<p>pyrst\u00f6sulka \u2013 h\u00e4nd\u00e4sulga<\/p>\n\n\n\n<p>p\u00e4iv\u00e4petolintu \u2013 p\u00e4iv\u00e4pedolindu<\/p>\n\n\n\n<p>raakkua \u2013 bruakkua, kruakkua<\/p>\n\n\n\n<p>raakunta \u2013 bruakeh, kruakeh<\/p>\n\n\n\n<p>rengas \u2013 rengas<\/p>\n\n\n\n<p>rengastaa \u2013 rengastua<\/p>\n\n\n\n<p>riikinkana \u2013 h\u00e4nd\u00e4kana<\/p>\n\n\n\n<p>ruokkia \u2013 sy\u00f6tti\u00e4<\/p>\n\n\n\n<p>r\u00e4k\u00e4tt\u00e4\u00e4 \u2013 (harakan \u00e4\u00e4ntelyst\u00e4) ha\u010dattua<\/p>\n\n\n\n<p>r\u00e4k\u00e4tys \u2013 (harakan \u00e4\u00e4ntely) ha\u010datus<\/p>\n\n\n\n<p>r\u00e4pyl\u00e4 \u2013 r\u00e4bil\u00e4<\/p>\n\n\n\n<p>r\u00e4\u00e4ky\u00e4 \u2013 (n\u00e4rhen \u00e4\u00e4ntelyst\u00e4) ri\u00e4\u010dky\u00f6; (sorsan \u00e4\u00e4ntelyst\u00e4) kri\u00e4kki\u00e4, kri\u00e4kky\u00f6<\/p>\n\n\n\n<p>siemensy\u00f6j\u00e4 \u2013 siemensy\u00f6j\u00e4<\/p>\n\n\n\n<p>siipi \u2013 siibi<\/p>\n\n\n\n<p>siipisulka \u2013 siibisulga<\/p>\n\n\n\n<p>siivek\u00e4s \u2013 siivek\u00e4s<\/p>\n\n\n\n<p>sirkuttaa \u2013 \u010dir\u010detti\u00e4, \u010diy\u010detti\u00e4<\/p>\n\n\n\n<p>sirkutus \u2013 \u010dir\u010detys, \u010diy\u010detys<\/p>\n\n\n\n<p>soidin \u2013 kiima<\/p>\n\n\n\n<p>sukeltaa \u2013 \u010dukeldua<\/p>\n\n\n\n<p>sulka \u2013 sulga<\/p>\n\n\n\n<p>sulkasato \u2013 sadain<\/p>\n\n\n\n<p>syysmuutto \u2013 syysmuutto<\/p>\n\n\n\n<p>sy\u00f6tt\u00e4\u00e4 \u2013 sy\u00f6tti\u00e4<\/p>\n\n\n\n<p>talvehtia \u2013 talvehtie<\/p>\n\n\n\n<p>talvehtimisalue \u2013 talvehtimisaloveh<\/p>\n\n\n\n<p>talviruokinta \u2013 talvisy\u00f6t\u00e4nd\u00e4<\/p>\n\n\n\n<p>tarkkailla \u2013 ka\u010della<\/p>\n\n\n\n<p>untuva \u2013 andalo, puuha<\/p>\n\n\n\n<p>uuttu \u2013 uumen<\/p>\n\n\n\n<p>vesilintu \u2013 vezilindu<\/p>\n\n\n\n<p>visert\u00e4\u00e4 \u2013 vid\u017eerdi\u00e4, \u010diy\u010detti\u00e4<\/p>\n\n\n\n<p>y\u00f6petolintu \u2013 y\u00f6pedolindu<\/p>\n\n\n\t<div id=\"accordion-block_7a32a6054765a70a0388f573a80fe286\" class=\"accordions\">\n\t\t\t\t\t<div class=\"accordion accordion-js\">\n\t\t\t\t<button class=\"accordion__button\" aria-controls=\"content-5713\" aria-expanded=\"false\" id=\"accordion-control-5713\">\n\t\t\t\t\t<h3 class=\"accordion__heading\" >\n\t\t\t\t\t\tL\u00e4htiet\t\t\t\t\t<\/h3>\n\t\t\t\t<\/button>\n\t\t\t\t<div class=\"accordion__content\" role=\"region\" aria-labelledby=\"accordion-control-5713\" aria-hidden=\"true\" id=\"content-5713\">\n\t\t\t\t\t<p>Bojko, T. P. Bol\u2019\u0161oj karel\u2019sko-russkij slovar\u2019 (livvikovskoe nare\u010die) = Suuri karjal-ven\u2019alaine sanakniigu (livvin murreh). 2-\u0435 izdanie ispravlennoe i dopolnennoe. Petrozavodsk: Periodika. 2019.<\/p>\n<p>Fedotova, V. P., Bojko, T. P. Slovar\u2019 sobstvenno-karel\u2019skih govorov Karelii = Karjalan var\u0161inaismurtehien \u0161anakirja. Petrozavodsk. 2009.<\/p>\n<p>H\u00e4kkinen, Kaisa. Linnun nimi. Helsinki: Teos. 2004.<\/p>\n<p>Karjalan kielen sanakirja. I \u2013 V. Lexica Societatis fenno-ugricae XVI. Helsinki: SUS. 1968\u20132005. Verkkoversie suadavissa: https:\/\/kaino.kotus.fi\/kks\/.<\/p>\n<p>Markianova, L. F. Leksika po faune i flore = Fauna- da florasanasto. Petrozavodsk: Periodika. 2005.<\/p>\n<p>Penttonen, Martti. Karjal\u2013suomi\u2013karjal-sanakniigu. Karjalan Kielen Seura ry. 2016.<\/p>\n<p>Zajkov, P. M. Russko-karel\u02b9skij slovar\u02b9 (severnokarel\u02b9skie dialekty) = Ven\u00e4j\u00e4\u2013viena-\u0161anakirja. Petrozavodsk: Periodika. 2015.<\/p>\n<p>Wikipedia. The Free Encyclopedia. Suadavissa: https:\/\/www.wikipedia.org\/.<\/p>\n<p>Linduloin suomenkielizien nimil\u00f6in tarkissanda da luokittelenda BirdLife Suomen k\u00e4ytetyn l\u00e4htien mugah:<\/p>\n<p>H\u00f6gmander, H., Bj\u00f6rklund, H., Hintikka, J., Lokki, J., S\u00f6dersved, J. &amp; Velmala, W.: Maailman lintulajien suomenkieliset nimet. 2018. Suadavissa: www.birdlife.fi\/lintutieto\/maailman-lintulajien-suomenkieliset-nimet\/.<\/p>\n\t\t\t\t<\/div>\n\t\t\t<\/div>\n\t\t\t<\/div>\n\t\n\n\n<p><\/p>\n","protected":false},"excerpt":{"rendered":"<p>Luadija: Katerina Paalamo P\u00e4iv\u00e4nnouzu-Suomen yliopisto, 2025 * T\u00e4st\u00e4 taulukosta l\u00f6yvyt\u00e4h Suomen da Karjalan alovehilla pezij\u00f6in da toi\u010d\u010di dogadittavien seg\u00f6 toizien, ylehizesti tundiettuloin linduloin nimet: linkka taulukkoh. Sanassossa on rahvahan k\u00e4ytetty\u00f6 perindehellist\u00e4 linduloin nimie normitetussa muuvossa dai uutta nimie. Uuvembie linduloin nimil\u00f6i on ozittuan mugautettu toizissa murdehissa k\u00e4ytettyl\u00f6ih linduloin nimil\u00f6ih, ozittuan on luajittu uutta nimie. Alapuolella [&hellip;]<\/p>\n","protected":false},"author":580,"featured_media":0,"parent":0,"menu_order":0,"comment_status":"closed","ping_status":"closed","template":"","meta":{"_acf_changed":false,"footnotes":""},"class_list":["post-22336","page","type-page","status-publish","hentry"],"acf":[],"yoast_head":"<!-- This site is optimized with the Yoast SEO plugin v27.1.1 - https:\/\/yoast.com\/product\/yoast-seo-wordpress\/ -->\n<title>Lindusanasto (suomi\u2013suvikarjala) - Karjalan kielen elvytt\u00e4minen<\/title>\n<meta name=\"robots\" content=\"index, follow, max-snippet:-1, max-image-preview:large, max-video-preview:-1\" \/>\n<link rel=\"canonical\" href=\"https:\/\/blogs.uef.fi\/karjalanelvytys\/lindusanasto-suomi-suvikarjala\/\" \/>\n<meta property=\"og:locale\" content=\"fi_FI\" \/>\n<meta property=\"og:type\" content=\"article\" \/>\n<meta property=\"og:title\" content=\"Lindusanasto (suomi\u2013suvikarjala) - Karjalan kielen elvytt\u00e4minen\" \/>\n<meta property=\"og:description\" content=\"Luadija: Katerina Paalamo P\u00e4iv\u00e4nnouzu-Suomen yliopisto, 2025 * T\u00e4st\u00e4 taulukosta l\u00f6yvyt\u00e4h Suomen da Karjalan alovehilla pezij\u00f6in da toi\u010d\u010di dogadittavien seg\u00f6 toizien, ylehizesti tundiettuloin linduloin nimet: linkka taulukkoh. Sanassossa on rahvahan k\u00e4ytetty\u00f6 perindehellist\u00e4 linduloin nimie normitetussa muuvossa dai uutta nimie. Uuvembie linduloin nimil\u00f6i on ozittuan mugautettu toizissa murdehissa k\u00e4ytettyl\u00f6ih linduloin nimil\u00f6ih, ozittuan on luajittu uutta nimie. Alapuolella [&hellip;]\" \/>\n<meta property=\"og:url\" content=\"https:\/\/blogs.uef.fi\/karjalanelvytys\/lindusanasto-suomi-suvikarjala\/\" \/>\n<meta property=\"og:site_name\" content=\"Karjalan kielen elvytt\u00e4minen\" \/>\n<meta property=\"article:modified_time\" content=\"2025-06-18T11:10:19+00:00\" \/>\n<meta property=\"og:image\" content=\"https:\/\/blogs.uef.fi\/karjalanelvytys\/wp-content\/uploads\/sites\/155\/2025\/06\/Picture1.png\" \/>\n\t<meta property=\"og:image:width\" content=\"705\" \/>\n\t<meta property=\"og:image:height\" content=\"429\" \/>\n\t<meta property=\"og:image:type\" content=\"image\/png\" \/>\n<meta name=\"twitter:card\" content=\"summary_large_image\" \/>\n<meta name=\"twitter:label1\" content=\"Arvioitu lukuaika\" \/>\n\t<meta name=\"twitter:data1\" content=\"3 minuuttia\" \/>\n<script type=\"application\/ld+json\" class=\"yoast-schema-graph\">{\"@context\":\"https:\/\/schema.org\",\"@graph\":[{\"@type\":\"WebPage\",\"@id\":\"https:\/\/blogs.uef.fi\/karjalanelvytys\/lindusanasto-suomi-suvikarjala\/\",\"url\":\"https:\/\/blogs.uef.fi\/karjalanelvytys\/lindusanasto-suomi-suvikarjala\/\",\"name\":\"Lindusanasto (suomi\u2013suvikarjala) - Karjalan kielen elvytt\u00e4minen\",\"isPartOf\":{\"@id\":\"https:\/\/blogs.uef.fi\/karjalanelvytys\/#website\"},\"primaryImageOfPage\":{\"@id\":\"https:\/\/blogs.uef.fi\/karjalanelvytys\/lindusanasto-suomi-suvikarjala\/#primaryimage\"},\"image\":{\"@id\":\"https:\/\/blogs.uef.fi\/karjalanelvytys\/lindusanasto-suomi-suvikarjala\/#primaryimage\"},\"thumbnailUrl\":\"https:\/\/blogs.uef.fi\/karjalanelvytys\/wp-content\/uploads\/sites\/155\/2025\/06\/Picture1.png\",\"datePublished\":\"2025-06-16T09:10:39+00:00\",\"dateModified\":\"2025-06-18T11:10:19+00:00\",\"breadcrumb\":{\"@id\":\"https:\/\/blogs.uef.fi\/karjalanelvytys\/lindusanasto-suomi-suvikarjala\/#breadcrumb\"},\"inLanguage\":\"fi\",\"potentialAction\":[{\"@type\":\"ReadAction\",\"target\":[\"https:\/\/blogs.uef.fi\/karjalanelvytys\/lindusanasto-suomi-suvikarjala\/\"]}]},{\"@type\":\"ImageObject\",\"inLanguage\":\"fi\",\"@id\":\"https:\/\/blogs.uef.fi\/karjalanelvytys\/lindusanasto-suomi-suvikarjala\/#primaryimage\",\"url\":\"https:\/\/blogs.uef.fi\/karjalanelvytys\/wp-content\/uploads\/sites\/155\/2025\/06\/Picture1.png\",\"contentUrl\":\"https:\/\/blogs.uef.fi\/karjalanelvytys\/wp-content\/uploads\/sites\/155\/2025\/06\/Picture1.png\",\"width\":705,\"height\":429},{\"@type\":\"BreadcrumbList\",\"@id\":\"https:\/\/blogs.uef.fi\/karjalanelvytys\/lindusanasto-suomi-suvikarjala\/#breadcrumb\",\"itemListElement\":[{\"@type\":\"ListItem\",\"position\":1,\"name\":\"Home\",\"item\":\"https:\/\/blogs.uef.fi\/karjalanelvytys\/\"},{\"@type\":\"ListItem\",\"position\":2,\"name\":\"Lindusanasto (suomi\u2013suvikarjala)\"}]},{\"@type\":\"WebSite\",\"@id\":\"https:\/\/blogs.uef.fi\/karjalanelvytys\/#website\",\"url\":\"https:\/\/blogs.uef.fi\/karjalanelvytys\/\",\"name\":\"Karjalan kielen elvytt\u00e4minen\",\"description\":\"\",\"potentialAction\":[{\"@type\":\"SearchAction\",\"target\":{\"@type\":\"EntryPoint\",\"urlTemplate\":\"https:\/\/blogs.uef.fi\/karjalanelvytys\/?s={search_term_string}\"},\"query-input\":{\"@type\":\"PropertyValueSpecification\",\"valueRequired\":true,\"valueName\":\"search_term_string\"}}],\"inLanguage\":\"fi\"}]}<\/script>\n<!-- \/ Yoast SEO plugin. -->","yoast_head_json":{"title":"Lindusanasto (suomi\u2013suvikarjala) - Karjalan kielen elvytt\u00e4minen","robots":{"index":"index","follow":"follow","max-snippet":"max-snippet:-1","max-image-preview":"max-image-preview:large","max-video-preview":"max-video-preview:-1"},"canonical":"https:\/\/blogs.uef.fi\/karjalanelvytys\/lindusanasto-suomi-suvikarjala\/","og_locale":"fi_FI","og_type":"article","og_title":"Lindusanasto (suomi\u2013suvikarjala) - Karjalan kielen elvytt\u00e4minen","og_description":"Luadija: Katerina Paalamo P\u00e4iv\u00e4nnouzu-Suomen yliopisto, 2025 * T\u00e4st\u00e4 taulukosta l\u00f6yvyt\u00e4h Suomen da Karjalan alovehilla pezij\u00f6in da toi\u010d\u010di dogadittavien seg\u00f6 toizien, ylehizesti tundiettuloin linduloin nimet: linkka taulukkoh. Sanassossa on rahvahan k\u00e4ytetty\u00f6 perindehellist\u00e4 linduloin nimie normitetussa muuvossa dai uutta nimie. Uuvembie linduloin nimil\u00f6i on ozittuan mugautettu toizissa murdehissa k\u00e4ytettyl\u00f6ih linduloin nimil\u00f6ih, ozittuan on luajittu uutta nimie. Alapuolella [&hellip;]","og_url":"https:\/\/blogs.uef.fi\/karjalanelvytys\/lindusanasto-suomi-suvikarjala\/","og_site_name":"Karjalan kielen elvytt\u00e4minen","article_modified_time":"2025-06-18T11:10:19+00:00","og_image":[{"width":705,"height":429,"url":"https:\/\/blogs.uef.fi\/karjalanelvytys\/wp-content\/uploads\/sites\/155\/2025\/06\/Picture1.png","type":"image\/png"}],"twitter_card":"summary_large_image","twitter_misc":{"Arvioitu lukuaika":"3 minuuttia"},"schema":{"@context":"https:\/\/schema.org","@graph":[{"@type":"WebPage","@id":"https:\/\/blogs.uef.fi\/karjalanelvytys\/lindusanasto-suomi-suvikarjala\/","url":"https:\/\/blogs.uef.fi\/karjalanelvytys\/lindusanasto-suomi-suvikarjala\/","name":"Lindusanasto (suomi\u2013suvikarjala) - Karjalan kielen elvytt\u00e4minen","isPartOf":{"@id":"https:\/\/blogs.uef.fi\/karjalanelvytys\/#website"},"primaryImageOfPage":{"@id":"https:\/\/blogs.uef.fi\/karjalanelvytys\/lindusanasto-suomi-suvikarjala\/#primaryimage"},"image":{"@id":"https:\/\/blogs.uef.fi\/karjalanelvytys\/lindusanasto-suomi-suvikarjala\/#primaryimage"},"thumbnailUrl":"https:\/\/blogs.uef.fi\/karjalanelvytys\/wp-content\/uploads\/sites\/155\/2025\/06\/Picture1.png","datePublished":"2025-06-16T09:10:39+00:00","dateModified":"2025-06-18T11:10:19+00:00","breadcrumb":{"@id":"https:\/\/blogs.uef.fi\/karjalanelvytys\/lindusanasto-suomi-suvikarjala\/#breadcrumb"},"inLanguage":"fi","potentialAction":[{"@type":"ReadAction","target":["https:\/\/blogs.uef.fi\/karjalanelvytys\/lindusanasto-suomi-suvikarjala\/"]}]},{"@type":"ImageObject","inLanguage":"fi","@id":"https:\/\/blogs.uef.fi\/karjalanelvytys\/lindusanasto-suomi-suvikarjala\/#primaryimage","url":"https:\/\/blogs.uef.fi\/karjalanelvytys\/wp-content\/uploads\/sites\/155\/2025\/06\/Picture1.png","contentUrl":"https:\/\/blogs.uef.fi\/karjalanelvytys\/wp-content\/uploads\/sites\/155\/2025\/06\/Picture1.png","width":705,"height":429},{"@type":"BreadcrumbList","@id":"https:\/\/blogs.uef.fi\/karjalanelvytys\/lindusanasto-suomi-suvikarjala\/#breadcrumb","itemListElement":[{"@type":"ListItem","position":1,"name":"Home","item":"https:\/\/blogs.uef.fi\/karjalanelvytys\/"},{"@type":"ListItem","position":2,"name":"Lindusanasto (suomi\u2013suvikarjala)"}]},{"@type":"WebSite","@id":"https:\/\/blogs.uef.fi\/karjalanelvytys\/#website","url":"https:\/\/blogs.uef.fi\/karjalanelvytys\/","name":"Karjalan kielen elvytt\u00e4minen","description":"","potentialAction":[{"@type":"SearchAction","target":{"@type":"EntryPoint","urlTemplate":"https:\/\/blogs.uef.fi\/karjalanelvytys\/?s={search_term_string}"},"query-input":{"@type":"PropertyValueSpecification","valueRequired":true,"valueName":"search_term_string"}}],"inLanguage":"fi"}]}},"_links":{"self":[{"href":"https:\/\/blogs.uef.fi\/karjalanelvytys\/wp-json\/wp\/v2\/pages\/22336","targetHints":{"allow":["GET"]}}],"collection":[{"href":"https:\/\/blogs.uef.fi\/karjalanelvytys\/wp-json\/wp\/v2\/pages"}],"about":[{"href":"https:\/\/blogs.uef.fi\/karjalanelvytys\/wp-json\/wp\/v2\/types\/page"}],"author":[{"embeddable":true,"href":"https:\/\/blogs.uef.fi\/karjalanelvytys\/wp-json\/wp\/v2\/users\/580"}],"replies":[{"embeddable":true,"href":"https:\/\/blogs.uef.fi\/karjalanelvytys\/wp-json\/wp\/v2\/comments?post=22336"}],"version-history":[{"count":1,"href":"https:\/\/blogs.uef.fi\/karjalanelvytys\/wp-json\/wp\/v2\/pages\/22336\/revisions"}],"predecessor-version":[{"id":22356,"href":"https:\/\/blogs.uef.fi\/karjalanelvytys\/wp-json\/wp\/v2\/pages\/22336\/revisions\/22356"}],"wp:attachment":[{"href":"https:\/\/blogs.uef.fi\/karjalanelvytys\/wp-json\/wp\/v2\/media?parent=22336"}],"curies":[{"name":"wp","href":"https:\/\/api.w.org\/{rel}","templated":true}]}}