{"id":21936,"date":"2025-04-28T13:45:51","date_gmt":"2025-04-28T10:45:51","guid":{"rendered":"https:\/\/blogs.uef.fi\/karjalanelvytys\/?page_id=21936"},"modified":"2025-04-28T13:45:51","modified_gmt":"2025-04-28T10:45:51","slug":"suojarven-pitajaseuran-paavo-harakan-lehtikirjoituskorpus","status":"publish","type":"page","link":"https:\/\/blogs.uef.fi\/karjalanelvytys\/suojarven-pitajaseuran-paavo-harakan-lehtikirjoituskorpus\/","title":{"rendered":"Suoj\u00e4rven Pit\u00e4j\u00e4seuran Paavo Harakan lehtikirjoituskorpus"},"content":{"rendered":"\n<p>T\u00e4lt\u00e4 sivulta l\u00f6yd\u00e4t Suoj\u00e4rven Pit\u00e4j\u00e4seuran kokoaman Paavo Harakan lehtikirjoituskorpuksen pdf-version.<\/p>\n\n\n\n<p>Tekstit on ladattu sivulle pdf-muodossa. Pdf-muotoisen tiedoston voi ladata omalle tietokoneelle tai tulostaa opetus- tai opiskeluk\u00e4ytt\u00f6\u00f6n. Tiedostossa on sis\u00e4llysluettelo, jonka otsikoita klikkaamalla voi nopeasti siirty\u00e4 eri kohtiin tiedostossa. Jokainen kirjoitus alkaa omalta sivultaan, ja kunkin kirjoituksen kohdalla on annettu siihen liittyv\u00e4 karjala-suomi-sanasto.<\/p>\n\n\n\n<p>Projektip\u00e4\u00e4llikk\u00f6 <strong>Matti Tuomisto <\/strong>kuvaa korpuksen taustoja ja tekoprosessia seuraavanlaisesti:<\/p>\n\n\n\n<p>&#8221;Kunnallisneuvos <strong>Paavo Harakka<\/strong> on kirjoittanut karjalankielisi\u00e4 tekstej\u00e4 moniin eri lehtiin yli kuuden vuosikymmenen ajan. Kun h\u00e4n ryhtyi kirjoittamaan karjalaksi, ortografista normistoa ei ollut k\u00e4ytett\u00e4viss\u00e4 vaan karjalaksi kirjoittavat omaksuivat k\u00e4yt\u00e4nt\u00f6j\u00e4 toisiltaan. Paavo Harakka on maininnut omiksi esikuvikseen etenkin <strong>Paul Tulehmon<\/strong>, <strong>Kosti Pamilon<\/strong> ja rovasti <strong>Vilho Hokkisen<\/strong>. Kun Karjalan kielen sanakirja (osa 1, murresanakirja, p\u00e4\u00e4toimittaja <strong>Pertti Virtaranta<\/strong>) ilmestyi 1968, siit\u00e4 l\u00f6ytyi paljon tarkentavaa mallia karjalan kielen kirjoittamisen avuksi.<\/p>\n\n\n\n<p>Paavo Harakan tekstit ovat monen luonteisia: h\u00e4n pystyy iskem\u00e4\u00e4n tarinaa ja huumoria eloisalla murteella aidon kansanmiehen tapaan mutta osaa kirjoittaa my\u00f6s tarkkan\u00e4k\u00f6ist\u00e4 ja painavaa asiaproosaa kulloinkin ajankohtaisista yhteiskunnallisista aiheista. Punaisena lankana kulkee rakkaus karjalan kieleen ja kulttuuriin.<\/p>\n\n\n\n<p>Suoj\u00e4rven Pit\u00e4j\u00e4seuran hanke <strong>Paavo Harakan lehtikirjoitusten tekstikorpus<\/strong> valitsi kohteekseen kaikki Oma Suoj\u00e4rvi -lehdess\u00e4 vuosina 1994\u20132009 julkaistut Paavo Harakan pakinat. Korpukseen valitut 60 pakinaa edustavat peruslinjaltaan murrekirjoittamista. Hankkeen tavoitteeksi valittiin Suoj\u00e4rvelle (ja Harakan kohdalla tarkemmin Varpakyl\u00e4lle) tyypillisen karjalan kielen murreasun tarkentaminen, samalla kuitenkin kunnioittaen kirjoittajan omia kirjallisia valintoja.<\/p>\n\n\n\n<p>Tutkijana tekstikorpushankkeessa toimi FT <strong>Miikul Pahomov<\/strong>. Paavo Harakan tekstikorpushankkeessa haluttiin testata muokattavien tekstien digitaalista lukemista pohja-aineistoksi. ITC-asiantuntija <strong>Seppo Mitrusen<\/strong> toteuttama ORC-skannaus tuotti riitt\u00e4v\u00e4n hyv\u00e4n tuloksen, joskin erityisesti karjalankielisen tekstin erikoismerkkien tunnistaminen tuotti ongelmia. It\u00e4-Suomen yliopiston karjalan kielen opiskelija <strong>Elena Rapa<\/strong> korjasi skannauksessa syntyneit\u00e4 virheit\u00e4 alustavasti ennen koko aineiston siirt\u00e4mist\u00e4 tutkija Pahomoville, joka k\u00e4vi koko aineiston sana sanalta ja lause lauseelta l\u00e4vitse, tarvittaessa yhteisty\u00f6ss\u00e4 Paavo Harakan kanssa.\u201d<\/p>\n\n\n\n<p><a href=\"https:\/\/blogs.uef.fi\/karjalanelvytys\/wp-content\/uploads\/sites\/155\/2025\/04\/Paavo-Harakan-lehtikirjoituskorpus.pdf\">Linkki aineistoon pdf-muodossa.<\/a><\/p>\n","protected":false},"excerpt":{"rendered":"<p>T\u00e4lt\u00e4 sivulta l\u00f6yd\u00e4t Suoj\u00e4rven Pit\u00e4j\u00e4seuran kokoaman Paavo Harakan lehtikirjoituskorpuksen pdf-version. Tekstit on ladattu sivulle pdf-muodossa. Pdf-muotoisen tiedoston voi ladata omalle tietokoneelle tai tulostaa opetus- tai opiskeluk\u00e4ytt\u00f6\u00f6n. Tiedostossa on sis\u00e4llysluettelo, jonka otsikoita klikkaamalla voi nopeasti siirty\u00e4 eri kohtiin tiedostossa. Jokainen kirjoitus alkaa omalta sivultaan, ja kunkin kirjoituksen kohdalla on annettu siihen liittyv\u00e4 karjala-suomi-sanasto. Projektip\u00e4\u00e4llikk\u00f6 Matti Tuomisto [&hellip;]<\/p>\n","protected":false},"author":580,"featured_media":0,"parent":0,"menu_order":0,"comment_status":"closed","ping_status":"closed","template":"","meta":{"_acf_changed":false,"footnotes":""},"class_list":["post-21936","page","type-page","status-publish","hentry"],"acf":[],"yoast_head":"<!-- This site is optimized with the Yoast SEO plugin v27.1.1 - https:\/\/yoast.com\/product\/yoast-seo-wordpress\/ -->\n<title>Suoj\u00e4rven Pit\u00e4j\u00e4seuran Paavo Harakan lehtikirjoituskorpus - Karjalan kielen elvytt\u00e4minen<\/title>\n<meta name=\"robots\" content=\"index, follow, max-snippet:-1, max-image-preview:large, max-video-preview:-1\" \/>\n<link rel=\"canonical\" href=\"https:\/\/blogs.uef.fi\/karjalanelvytys\/suojarven-pitajaseuran-paavo-harakan-lehtikirjoituskorpus\/\" \/>\n<meta property=\"og:locale\" content=\"fi_FI\" \/>\n<meta property=\"og:type\" content=\"article\" \/>\n<meta property=\"og:title\" content=\"Suoj\u00e4rven Pit\u00e4j\u00e4seuran Paavo Harakan lehtikirjoituskorpus - Karjalan kielen elvytt\u00e4minen\" \/>\n<meta property=\"og:description\" content=\"T\u00e4lt\u00e4 sivulta l\u00f6yd\u00e4t Suoj\u00e4rven Pit\u00e4j\u00e4seuran kokoaman Paavo Harakan lehtikirjoituskorpuksen pdf-version. Tekstit on ladattu sivulle pdf-muodossa. Pdf-muotoisen tiedoston voi ladata omalle tietokoneelle tai tulostaa opetus- tai opiskeluk\u00e4ytt\u00f6\u00f6n. Tiedostossa on sis\u00e4llysluettelo, jonka otsikoita klikkaamalla voi nopeasti siirty\u00e4 eri kohtiin tiedostossa. Jokainen kirjoitus alkaa omalta sivultaan, ja kunkin kirjoituksen kohdalla on annettu siihen liittyv\u00e4 karjala-suomi-sanasto. Projektip\u00e4\u00e4llikk\u00f6 Matti Tuomisto [&hellip;]\" \/>\n<meta property=\"og:url\" content=\"https:\/\/blogs.uef.fi\/karjalanelvytys\/suojarven-pitajaseuran-paavo-harakan-lehtikirjoituskorpus\/\" \/>\n<meta property=\"og:site_name\" content=\"Karjalan kielen elvytt\u00e4minen\" \/>\n<meta name=\"twitter:card\" content=\"summary_large_image\" \/>\n<meta name=\"twitter:label1\" content=\"Arvioitu lukuaika\" \/>\n\t<meta name=\"twitter:data1\" content=\"2 minuuttia\" \/>\n<script type=\"application\/ld+json\" class=\"yoast-schema-graph\">{\"@context\":\"https:\/\/schema.org\",\"@graph\":[{\"@type\":\"WebPage\",\"@id\":\"https:\/\/blogs.uef.fi\/karjalanelvytys\/suojarven-pitajaseuran-paavo-harakan-lehtikirjoituskorpus\/\",\"url\":\"https:\/\/blogs.uef.fi\/karjalanelvytys\/suojarven-pitajaseuran-paavo-harakan-lehtikirjoituskorpus\/\",\"name\":\"Suoj\u00e4rven Pit\u00e4j\u00e4seuran Paavo Harakan lehtikirjoituskorpus - Karjalan kielen elvytt\u00e4minen\",\"isPartOf\":{\"@id\":\"https:\/\/blogs.uef.fi\/karjalanelvytys\/#website\"},\"datePublished\":\"2025-04-28T10:45:51+00:00\",\"breadcrumb\":{\"@id\":\"https:\/\/blogs.uef.fi\/karjalanelvytys\/suojarven-pitajaseuran-paavo-harakan-lehtikirjoituskorpus\/#breadcrumb\"},\"inLanguage\":\"fi\",\"potentialAction\":[{\"@type\":\"ReadAction\",\"target\":[\"https:\/\/blogs.uef.fi\/karjalanelvytys\/suojarven-pitajaseuran-paavo-harakan-lehtikirjoituskorpus\/\"]}]},{\"@type\":\"BreadcrumbList\",\"@id\":\"https:\/\/blogs.uef.fi\/karjalanelvytys\/suojarven-pitajaseuran-paavo-harakan-lehtikirjoituskorpus\/#breadcrumb\",\"itemListElement\":[{\"@type\":\"ListItem\",\"position\":1,\"name\":\"Home\",\"item\":\"https:\/\/blogs.uef.fi\/karjalanelvytys\/\"},{\"@type\":\"ListItem\",\"position\":2,\"name\":\"Suoj\u00e4rven Pit\u00e4j\u00e4seuran Paavo Harakan lehtikirjoituskorpus\"}]},{\"@type\":\"WebSite\",\"@id\":\"https:\/\/blogs.uef.fi\/karjalanelvytys\/#website\",\"url\":\"https:\/\/blogs.uef.fi\/karjalanelvytys\/\",\"name\":\"Karjalan kielen elvytt\u00e4minen\",\"description\":\"\",\"potentialAction\":[{\"@type\":\"SearchAction\",\"target\":{\"@type\":\"EntryPoint\",\"urlTemplate\":\"https:\/\/blogs.uef.fi\/karjalanelvytys\/?s={search_term_string}\"},\"query-input\":{\"@type\":\"PropertyValueSpecification\",\"valueRequired\":true,\"valueName\":\"search_term_string\"}}],\"inLanguage\":\"fi\"}]}<\/script>\n<!-- \/ Yoast SEO plugin. -->","yoast_head_json":{"title":"Suoj\u00e4rven Pit\u00e4j\u00e4seuran Paavo Harakan lehtikirjoituskorpus - Karjalan kielen elvytt\u00e4minen","robots":{"index":"index","follow":"follow","max-snippet":"max-snippet:-1","max-image-preview":"max-image-preview:large","max-video-preview":"max-video-preview:-1"},"canonical":"https:\/\/blogs.uef.fi\/karjalanelvytys\/suojarven-pitajaseuran-paavo-harakan-lehtikirjoituskorpus\/","og_locale":"fi_FI","og_type":"article","og_title":"Suoj\u00e4rven Pit\u00e4j\u00e4seuran Paavo Harakan lehtikirjoituskorpus - Karjalan kielen elvytt\u00e4minen","og_description":"T\u00e4lt\u00e4 sivulta l\u00f6yd\u00e4t Suoj\u00e4rven Pit\u00e4j\u00e4seuran kokoaman Paavo Harakan lehtikirjoituskorpuksen pdf-version. Tekstit on ladattu sivulle pdf-muodossa. Pdf-muotoisen tiedoston voi ladata omalle tietokoneelle tai tulostaa opetus- tai opiskeluk\u00e4ytt\u00f6\u00f6n. Tiedostossa on sis\u00e4llysluettelo, jonka otsikoita klikkaamalla voi nopeasti siirty\u00e4 eri kohtiin tiedostossa. Jokainen kirjoitus alkaa omalta sivultaan, ja kunkin kirjoituksen kohdalla on annettu siihen liittyv\u00e4 karjala-suomi-sanasto. Projektip\u00e4\u00e4llikk\u00f6 Matti Tuomisto [&hellip;]","og_url":"https:\/\/blogs.uef.fi\/karjalanelvytys\/suojarven-pitajaseuran-paavo-harakan-lehtikirjoituskorpus\/","og_site_name":"Karjalan kielen elvytt\u00e4minen","twitter_card":"summary_large_image","twitter_misc":{"Arvioitu lukuaika":"2 minuuttia"},"schema":{"@context":"https:\/\/schema.org","@graph":[{"@type":"WebPage","@id":"https:\/\/blogs.uef.fi\/karjalanelvytys\/suojarven-pitajaseuran-paavo-harakan-lehtikirjoituskorpus\/","url":"https:\/\/blogs.uef.fi\/karjalanelvytys\/suojarven-pitajaseuran-paavo-harakan-lehtikirjoituskorpus\/","name":"Suoj\u00e4rven Pit\u00e4j\u00e4seuran Paavo Harakan lehtikirjoituskorpus - Karjalan kielen elvytt\u00e4minen","isPartOf":{"@id":"https:\/\/blogs.uef.fi\/karjalanelvytys\/#website"},"datePublished":"2025-04-28T10:45:51+00:00","breadcrumb":{"@id":"https:\/\/blogs.uef.fi\/karjalanelvytys\/suojarven-pitajaseuran-paavo-harakan-lehtikirjoituskorpus\/#breadcrumb"},"inLanguage":"fi","potentialAction":[{"@type":"ReadAction","target":["https:\/\/blogs.uef.fi\/karjalanelvytys\/suojarven-pitajaseuran-paavo-harakan-lehtikirjoituskorpus\/"]}]},{"@type":"BreadcrumbList","@id":"https:\/\/blogs.uef.fi\/karjalanelvytys\/suojarven-pitajaseuran-paavo-harakan-lehtikirjoituskorpus\/#breadcrumb","itemListElement":[{"@type":"ListItem","position":1,"name":"Home","item":"https:\/\/blogs.uef.fi\/karjalanelvytys\/"},{"@type":"ListItem","position":2,"name":"Suoj\u00e4rven Pit\u00e4j\u00e4seuran Paavo Harakan lehtikirjoituskorpus"}]},{"@type":"WebSite","@id":"https:\/\/blogs.uef.fi\/karjalanelvytys\/#website","url":"https:\/\/blogs.uef.fi\/karjalanelvytys\/","name":"Karjalan kielen elvytt\u00e4minen","description":"","potentialAction":[{"@type":"SearchAction","target":{"@type":"EntryPoint","urlTemplate":"https:\/\/blogs.uef.fi\/karjalanelvytys\/?s={search_term_string}"},"query-input":{"@type":"PropertyValueSpecification","valueRequired":true,"valueName":"search_term_string"}}],"inLanguage":"fi"}]}},"_links":{"self":[{"href":"https:\/\/blogs.uef.fi\/karjalanelvytys\/wp-json\/wp\/v2\/pages\/21936","targetHints":{"allow":["GET"]}}],"collection":[{"href":"https:\/\/blogs.uef.fi\/karjalanelvytys\/wp-json\/wp\/v2\/pages"}],"about":[{"href":"https:\/\/blogs.uef.fi\/karjalanelvytys\/wp-json\/wp\/v2\/types\/page"}],"author":[{"embeddable":true,"href":"https:\/\/blogs.uef.fi\/karjalanelvytys\/wp-json\/wp\/v2\/users\/580"}],"replies":[{"embeddable":true,"href":"https:\/\/blogs.uef.fi\/karjalanelvytys\/wp-json\/wp\/v2\/comments?post=21936"}],"version-history":[{"count":2,"href":"https:\/\/blogs.uef.fi\/karjalanelvytys\/wp-json\/wp\/v2\/pages\/21936\/revisions"}],"predecessor-version":[{"id":22014,"href":"https:\/\/blogs.uef.fi\/karjalanelvytys\/wp-json\/wp\/v2\/pages\/21936\/revisions\/22014"}],"wp:attachment":[{"href":"https:\/\/blogs.uef.fi\/karjalanelvytys\/wp-json\/wp\/v2\/media?parent=21936"}],"curies":[{"name":"wp","href":"https:\/\/api.w.org\/{rel}","templated":true}]}}