{"id":2193,"date":"2021-11-01T14:03:33","date_gmt":"2021-11-01T12:03:33","guid":{"rendered":"https:\/\/blogs.uef.fi\/karjalanelvytys\/?page_id=2193"},"modified":"2022-01-05T11:32:05","modified_gmt":"2022-01-05T09:32:05","slug":"lauri-luukkonen-tankarunoloi","status":"publish","type":"page","link":"https:\/\/blogs.uef.fi\/karjalanelvytys\/lauri-luukkonen-tankarunoloi\/","title":{"rendered":"Lauri Luukkonen: tankarunoloi"},"content":{"rendered":"<p><strong>1.11.2021<\/strong><\/p>\n<p>Lauri Luukkonen on ty\u00f6nd\u00e4nyh t\u00e4l kerdua tankarunoloi:<\/p>\n<p>&nbsp;<\/p>\n<p>Muga \u00e4ijy muah<\/p>\n<p>kirvonnuzii lehtii ti\u00e4<\/p>\n<p>sinun koin pihas.<\/p>\n<p>Toinah voizimmo huomei<\/p>\n<p>yhtes haravoija net?<\/p>\n<p>&nbsp;<\/p>\n<p>****<\/p>\n<p>&nbsp;<\/p>\n<p>Muarjutuhjos vie<\/p>\n<p>se-t\u00e4m\u00e4 k\u00e4bristynnyh<\/p>\n<p>keldaine lehti;<\/p>\n<p>tuuli vihmanke kovah<\/p>\n<p>rozgittau niidy.<\/p>\n<p>&nbsp;<\/p>\n<p>****<\/p>\n<p>&nbsp;<\/p>\n<p>Televiizoras<\/p>\n<p>Kaukazan korgiet gorat.<\/p>\n<p>Tahtozin l\u00e4htie<\/p>\n<p>Armenieh, ga en pi\u00e4ze<\/p>\n<p>pogostua loitombakse.<\/p>\n<p>&nbsp;<\/p>\n<p>****<\/p>\n<p>&nbsp;<\/p>\n<p>\u201dPro\u0161\u0161ai, Kat\u2019u\u0161a!\u201d<\/p>\n<p>sanoin silloi, a kuibo<\/p>\n<p>voizin unohtua?<\/p>\n<p>Varmah viegi tundizin<\/p>\n<p>h\u00e4nen vessel\u00e4n nagron.<\/p>\n<p>&nbsp;<\/p>\n<p>****<\/p>\n<p>&nbsp;<\/p>\n<p>Et kahteh vuodeh<\/p>\n<p>ole unilois n\u00e4hnyh<\/p>\n<p>sid\u00e4 armastu<\/p>\n<p>naistu. Joga huondestu<\/p>\n<p>hava\u010dut toven muailmah.<\/p>\n<p>&nbsp;<\/p>\n<p>****<\/p>\n<p>&nbsp;<\/p>\n<p>Sudre olengo<\/p>\n<p>runoloi kirjutannuh<\/p>\n<p>y\u00f6l\u00f6in hil\u2019l\u2019a\u017euos?<\/p>\n<p>En. \u00c4ij\u00e4t humalniekat<\/p>\n<p>ollah niidy kiitetty.<\/p>\n<p>&nbsp;<\/p>\n<p>****<\/p>\n<p>&nbsp;<\/p>\n<p>Valpahanharmai<\/p>\n<p>taivas \u2013 nelli jou\u010dendu<\/p>\n<p>lendi suvehp\u00e4i.<\/p>\n<p>Kodvazen aigua kuuluu<\/p>\n<p>vie siibil\u00f6in \u0161uhineh.<\/p>\n<p>&nbsp;<\/p>\n<p>****<\/p>\n<div id=\"attachment_2214\" style=\"width: 310px\" class=\"wp-caption alignleft\"><img loading=\"lazy\" decoding=\"async\" aria-describedby=\"caption-attachment-2214\" class=\"wp-image-2214 size-medium\" src=\"https:\/\/blogs.uef.fi\/karjalanelvytys\/wp-content\/uploads\/sites\/155\/2021\/11\/jouccenet-300x260.jpg\" alt=\"Kuvassa on joutsenia\" width=\"300\" height=\"260\" srcset=\"https:\/\/blogs.uef.fi\/karjalanelvytys\/wp-content\/uploads\/sites\/155\/2021\/11\/jouccenet-300x260.jpg 300w, https:\/\/blogs.uef.fi\/karjalanelvytys\/wp-content\/uploads\/sites\/155\/2021\/11\/jouccenet.jpg 640w\" sizes=\"auto, (max-width: 300px) 100vw, 300px\" \/><p id=\"caption-attachment-2214\" class=\"wp-caption-text\">Jou\u010d\u010denet<\/p><\/div>\n<p>&nbsp;<\/p>\n<p>&nbsp;<\/p>\n<p>&nbsp;<\/p>\n<p>&nbsp;<\/p>\n<p>&nbsp;<\/p>\n<p>&nbsp;<\/p>\n<p>&nbsp;<\/p>\n<p>Kuva: Pixabay<\/p>\n<p>&nbsp;<\/p>\n","protected":false},"excerpt":{"rendered":"<p>1.11.2021 Lauri Luukkonen on ty\u00f6nd\u00e4nyh t\u00e4l kerdua tankarunoloi: &nbsp; Muga \u00e4ijy muah kirvonnuzii lehtii ti\u00e4 sinun koin pihas. Toinah voizimmo huomei yhtes haravoija net? &nbsp; **** &nbsp; Muarjutuhjos vie se-t\u00e4m\u00e4 k\u00e4bristynnyh keldaine lehti; tuuli vihmanke kovah rozgittau niidy. &nbsp; **** &nbsp; Televiizoras Kaukazan korgiet gorat. Tahtozin l\u00e4htie Armenieh, ga en pi\u00e4ze pogostua loitombakse. &nbsp; **** [&hellip;]<\/p>\n","protected":false},"author":480,"featured_media":0,"parent":0,"menu_order":0,"comment_status":"closed","ping_status":"closed","template":"","meta":{"_acf_changed":false,"footnotes":""},"class_list":["post-2193","page","type-page","status-publish","hentry"],"acf":[],"yoast_head":"<!-- This site is optimized with the Yoast SEO plugin v27.3 - https:\/\/yoast.com\/product\/yoast-seo-wordpress\/ -->\n<title>Lauri Luukkonen: tankarunoloi - Karjalan kielen elvytt\u00e4minen<\/title>\n<meta name=\"robots\" content=\"index, follow, max-snippet:-1, max-image-preview:large, max-video-preview:-1\" \/>\n<link rel=\"canonical\" href=\"https:\/\/blogs.uef.fi\/karjalanelvytys\/lauri-luukkonen-tankarunoloi\/\" \/>\n<meta property=\"og:locale\" content=\"fi_FI\" \/>\n<meta property=\"og:type\" content=\"article\" \/>\n<meta property=\"og:title\" content=\"Lauri Luukkonen: tankarunoloi - Karjalan kielen elvytt\u00e4minen\" \/>\n<meta property=\"og:description\" content=\"1.11.2021 Lauri Luukkonen on ty\u00f6nd\u00e4nyh t\u00e4l kerdua tankarunoloi: &nbsp; Muga \u00e4ijy muah kirvonnuzii lehtii ti\u00e4 sinun koin pihas. Toinah voizimmo huomei yhtes haravoija net? &nbsp; **** &nbsp; Muarjutuhjos vie se-t\u00e4m\u00e4 k\u00e4bristynnyh keldaine lehti; tuuli vihmanke kovah rozgittau niidy. &nbsp; **** &nbsp; Televiizoras Kaukazan korgiet gorat. Tahtozin l\u00e4htie Armenieh, ga en pi\u00e4ze pogostua loitombakse. &nbsp; **** [&hellip;]\" \/>\n<meta property=\"og:url\" content=\"https:\/\/blogs.uef.fi\/karjalanelvytys\/lauri-luukkonen-tankarunoloi\/\" \/>\n<meta property=\"og:site_name\" content=\"Karjalan kielen elvytt\u00e4minen\" \/>\n<meta property=\"article:modified_time\" content=\"2022-01-05T09:32:05+00:00\" \/>\n<meta property=\"og:image\" content=\"https:\/\/blogs.uef.fi\/karjalanelvytys\/wp-content\/uploads\/sites\/155\/2021\/11\/jouccenet-300x260.jpg\" \/>\n<meta name=\"twitter:card\" content=\"summary_large_image\" \/>\n<meta name=\"twitter:label1\" content=\"Arvioitu lukuaika\" \/>\n\t<meta name=\"twitter:data1\" content=\"1 minuutti\" \/>\n<script type=\"application\/ld+json\" class=\"yoast-schema-graph\">{\"@context\":\"https:\\\/\\\/schema.org\",\"@graph\":[{\"@type\":\"WebPage\",\"@id\":\"https:\\\/\\\/blogs.uef.fi\\\/karjalanelvytys\\\/lauri-luukkonen-tankarunoloi\\\/\",\"url\":\"https:\\\/\\\/blogs.uef.fi\\\/karjalanelvytys\\\/lauri-luukkonen-tankarunoloi\\\/\",\"name\":\"Lauri Luukkonen: tankarunoloi - Karjalan kielen elvytt\u00e4minen\",\"isPartOf\":{\"@id\":\"https:\\\/\\\/blogs.uef.fi\\\/karjalanelvytys\\\/#website\"},\"primaryImageOfPage\":{\"@id\":\"https:\\\/\\\/blogs.uef.fi\\\/karjalanelvytys\\\/lauri-luukkonen-tankarunoloi\\\/#primaryimage\"},\"image\":{\"@id\":\"https:\\\/\\\/blogs.uef.fi\\\/karjalanelvytys\\\/lauri-luukkonen-tankarunoloi\\\/#primaryimage\"},\"thumbnailUrl\":\"https:\\\/\\\/blogs.uef.fi\\\/karjalanelvytys\\\/wp-content\\\/uploads\\\/sites\\\/155\\\/2021\\\/11\\\/jouccenet-300x260.jpg\",\"datePublished\":\"2021-11-01T12:03:33+00:00\",\"dateModified\":\"2022-01-05T09:32:05+00:00\",\"breadcrumb\":{\"@id\":\"https:\\\/\\\/blogs.uef.fi\\\/karjalanelvytys\\\/lauri-luukkonen-tankarunoloi\\\/#breadcrumb\"},\"inLanguage\":\"fi\",\"potentialAction\":[{\"@type\":\"ReadAction\",\"target\":[\"https:\\\/\\\/blogs.uef.fi\\\/karjalanelvytys\\\/lauri-luukkonen-tankarunoloi\\\/\"]}]},{\"@type\":\"ImageObject\",\"inLanguage\":\"fi\",\"@id\":\"https:\\\/\\\/blogs.uef.fi\\\/karjalanelvytys\\\/lauri-luukkonen-tankarunoloi\\\/#primaryimage\",\"url\":\"https:\\\/\\\/blogs.uef.fi\\\/karjalanelvytys\\\/wp-content\\\/uploads\\\/sites\\\/155\\\/2021\\\/11\\\/jouccenet.jpg\",\"contentUrl\":\"https:\\\/\\\/blogs.uef.fi\\\/karjalanelvytys\\\/wp-content\\\/uploads\\\/sites\\\/155\\\/2021\\\/11\\\/jouccenet.jpg\",\"width\":640,\"height\":555},{\"@type\":\"BreadcrumbList\",\"@id\":\"https:\\\/\\\/blogs.uef.fi\\\/karjalanelvytys\\\/lauri-luukkonen-tankarunoloi\\\/#breadcrumb\",\"itemListElement\":[{\"@type\":\"ListItem\",\"position\":1,\"name\":\"Home\",\"item\":\"https:\\\/\\\/blogs.uef.fi\\\/karjalanelvytys\\\/\"},{\"@type\":\"ListItem\",\"position\":2,\"name\":\"Lauri Luukkonen: tankarunoloi\"}]},{\"@type\":\"WebSite\",\"@id\":\"https:\\\/\\\/blogs.uef.fi\\\/karjalanelvytys\\\/#website\",\"url\":\"https:\\\/\\\/blogs.uef.fi\\\/karjalanelvytys\\\/\",\"name\":\"Karjalan kielen elvytt\u00e4minen\",\"description\":\"\",\"potentialAction\":[{\"@type\":\"SearchAction\",\"target\":{\"@type\":\"EntryPoint\",\"urlTemplate\":\"https:\\\/\\\/blogs.uef.fi\\\/karjalanelvytys\\\/?s={search_term_string}\"},\"query-input\":{\"@type\":\"PropertyValueSpecification\",\"valueRequired\":true,\"valueName\":\"search_term_string\"}}],\"inLanguage\":\"fi\"}]}<\/script>\n<!-- \/ Yoast SEO plugin. -->","yoast_head_json":{"title":"Lauri Luukkonen: tankarunoloi - Karjalan kielen elvytt\u00e4minen","robots":{"index":"index","follow":"follow","max-snippet":"max-snippet:-1","max-image-preview":"max-image-preview:large","max-video-preview":"max-video-preview:-1"},"canonical":"https:\/\/blogs.uef.fi\/karjalanelvytys\/lauri-luukkonen-tankarunoloi\/","og_locale":"fi_FI","og_type":"article","og_title":"Lauri Luukkonen: tankarunoloi - Karjalan kielen elvytt\u00e4minen","og_description":"1.11.2021 Lauri Luukkonen on ty\u00f6nd\u00e4nyh t\u00e4l kerdua tankarunoloi: &nbsp; Muga \u00e4ijy muah kirvonnuzii lehtii ti\u00e4 sinun koin pihas. Toinah voizimmo huomei yhtes haravoija net? &nbsp; **** &nbsp; Muarjutuhjos vie se-t\u00e4m\u00e4 k\u00e4bristynnyh keldaine lehti; tuuli vihmanke kovah rozgittau niidy. &nbsp; **** &nbsp; Televiizoras Kaukazan korgiet gorat. Tahtozin l\u00e4htie Armenieh, ga en pi\u00e4ze pogostua loitombakse. &nbsp; **** [&hellip;]","og_url":"https:\/\/blogs.uef.fi\/karjalanelvytys\/lauri-luukkonen-tankarunoloi\/","og_site_name":"Karjalan kielen elvytt\u00e4minen","article_modified_time":"2022-01-05T09:32:05+00:00","og_image":[{"url":"https:\/\/blogs.uef.fi\/karjalanelvytys\/wp-content\/uploads\/sites\/155\/2021\/11\/jouccenet-300x260.jpg","type":"","width":"","height":""}],"twitter_card":"summary_large_image","twitter_misc":{"Arvioitu lukuaika":"1 minuutti"},"schema":{"@context":"https:\/\/schema.org","@graph":[{"@type":"WebPage","@id":"https:\/\/blogs.uef.fi\/karjalanelvytys\/lauri-luukkonen-tankarunoloi\/","url":"https:\/\/blogs.uef.fi\/karjalanelvytys\/lauri-luukkonen-tankarunoloi\/","name":"Lauri Luukkonen: tankarunoloi - Karjalan kielen elvytt\u00e4minen","isPartOf":{"@id":"https:\/\/blogs.uef.fi\/karjalanelvytys\/#website"},"primaryImageOfPage":{"@id":"https:\/\/blogs.uef.fi\/karjalanelvytys\/lauri-luukkonen-tankarunoloi\/#primaryimage"},"image":{"@id":"https:\/\/blogs.uef.fi\/karjalanelvytys\/lauri-luukkonen-tankarunoloi\/#primaryimage"},"thumbnailUrl":"https:\/\/blogs.uef.fi\/karjalanelvytys\/wp-content\/uploads\/sites\/155\/2021\/11\/jouccenet-300x260.jpg","datePublished":"2021-11-01T12:03:33+00:00","dateModified":"2022-01-05T09:32:05+00:00","breadcrumb":{"@id":"https:\/\/blogs.uef.fi\/karjalanelvytys\/lauri-luukkonen-tankarunoloi\/#breadcrumb"},"inLanguage":"fi","potentialAction":[{"@type":"ReadAction","target":["https:\/\/blogs.uef.fi\/karjalanelvytys\/lauri-luukkonen-tankarunoloi\/"]}]},{"@type":"ImageObject","inLanguage":"fi","@id":"https:\/\/blogs.uef.fi\/karjalanelvytys\/lauri-luukkonen-tankarunoloi\/#primaryimage","url":"https:\/\/blogs.uef.fi\/karjalanelvytys\/wp-content\/uploads\/sites\/155\/2021\/11\/jouccenet.jpg","contentUrl":"https:\/\/blogs.uef.fi\/karjalanelvytys\/wp-content\/uploads\/sites\/155\/2021\/11\/jouccenet.jpg","width":640,"height":555},{"@type":"BreadcrumbList","@id":"https:\/\/blogs.uef.fi\/karjalanelvytys\/lauri-luukkonen-tankarunoloi\/#breadcrumb","itemListElement":[{"@type":"ListItem","position":1,"name":"Home","item":"https:\/\/blogs.uef.fi\/karjalanelvytys\/"},{"@type":"ListItem","position":2,"name":"Lauri Luukkonen: tankarunoloi"}]},{"@type":"WebSite","@id":"https:\/\/blogs.uef.fi\/karjalanelvytys\/#website","url":"https:\/\/blogs.uef.fi\/karjalanelvytys\/","name":"Karjalan kielen elvytt\u00e4minen","description":"","potentialAction":[{"@type":"SearchAction","target":{"@type":"EntryPoint","urlTemplate":"https:\/\/blogs.uef.fi\/karjalanelvytys\/?s={search_term_string}"},"query-input":{"@type":"PropertyValueSpecification","valueRequired":true,"valueName":"search_term_string"}}],"inLanguage":"fi"}]}},"_links":{"self":[{"href":"https:\/\/blogs.uef.fi\/karjalanelvytys\/wp-json\/wp\/v2\/pages\/2193","targetHints":{"allow":["GET"]}}],"collection":[{"href":"https:\/\/blogs.uef.fi\/karjalanelvytys\/wp-json\/wp\/v2\/pages"}],"about":[{"href":"https:\/\/blogs.uef.fi\/karjalanelvytys\/wp-json\/wp\/v2\/types\/page"}],"author":[{"embeddable":true,"href":"https:\/\/blogs.uef.fi\/karjalanelvytys\/wp-json\/wp\/v2\/users\/480"}],"replies":[{"embeddable":true,"href":"https:\/\/blogs.uef.fi\/karjalanelvytys\/wp-json\/wp\/v2\/comments?post=2193"}],"version-history":[{"count":3,"href":"https:\/\/blogs.uef.fi\/karjalanelvytys\/wp-json\/wp\/v2\/pages\/2193\/revisions"}],"predecessor-version":[{"id":3381,"href":"https:\/\/blogs.uef.fi\/karjalanelvytys\/wp-json\/wp\/v2\/pages\/2193\/revisions\/3381"}],"wp:attachment":[{"href":"https:\/\/blogs.uef.fi\/karjalanelvytys\/wp-json\/wp\/v2\/media?parent=2193"}],"curies":[{"name":"wp","href":"https:\/\/api.w.org\/{rel}","templated":true}]}}