{"id":21783,"date":"2025-03-13T11:26:43","date_gmt":"2025-03-13T09:26:43","guid":{"rendered":"https:\/\/blogs.uef.fi\/karjalanelvytys\/?page_id=21783"},"modified":"2025-03-13T11:26:44","modified_gmt":"2025-03-13T09:26:44","slug":"vienankarjalaini-pakinaklupi-kevyalla-2024-nellas-pakinakerta","status":"publish","type":"page","link":"https:\/\/blogs.uef.fi\/karjalanelvytys\/vienankarjalaini-pakinaklupi-kevyalla-2024-nellas-pakinakerta\/","title":{"rendered":"Vienankarjalaini pakinaklupi kevy\u00e4ll\u00e4 2024, nell\u00e4\u0161 pakinakerta"},"content":{"rendered":"\n<h4 class=\"wp-block-heading\">Stolakirja 11.3.2024<\/h4>\n\n\n\n<p>Kirjuttan: <strong>Olga Karlova<\/strong><\/p>\n\n\n\n<p>Oli t\u00e4m\u00e4n kevy\u00e4n j\u00e4lkikerta ta meit\u00e4 ker\u00e4yty 15 imehnist\u00e4. Alkuh oli poikkoita v\u00e4lly\u00e4 pakinua ihan kaikkeh n\u00e4hen, mit\u00e4 ymp\u00e4rihis tapahtuu. \u0160emmoista himottais iell\u00e4hki kehitty\u00e4, jotta pakajaisima \u010duipottamatta, ken kuin vain malttau.<\/p>\n\n\n\n<p>\u0160iit\u00e4 \u0161iirtym\u00e4 ka\u010d\u010delomah virkkehie, kumpasissa oli k\u00e4ytetty lyhy\u010d\u010d\u00e4isie \u0161anasie \u201cta\u201d, \u201ci\u201d ta \u201ctai\u201d. \u0160amanmoisie kielitapahuk\u0161ie e\u010dittelim\u00e4 tekstist\u00e4, mi esitti hietaj\u00e4rvel\u00e4isen Miikkula Huovisen pakinua kohahu\u0161-sri\u00e4pn\u00f6ist\u00e4. Yht\u00e4tiet\u00e4 tiiju\u0161tima, kalanra\u0161vua meruttih=\u0161ulatettih ta \u0161ill\u00e4 \u0161iit\u00e4 voijeltih paissok\u0161ie.<\/p>\n\n\n\n<p>Iellisill\u00e4 kerroilla oli pakinua Hietarven ta Kuivarven kylist\u00e4 ta nyt tuli Rimmin vuoro, kumpani kuuluu Kuhmoh. Slaidiloissa on vanhua ta uutta kuvua Rimmin kyl\u00e4maiselmista, Ul\u2019l\u2019a\u0161kan pirtist\u00e4 ta Kultakaivo\u0161ta. Ta tiett\u00e4v\u00e4ini <strong>Ahtosen Ul\u2019l\u2019a\u0161ka\u0161ta<\/strong> ta h\u00e4nen j\u00e4lkel\u00e4isist\u00e4, kumpaset no\u0161\u0161etah pi\u00e4t\u00e4h ta vienalaista kulttuurie.<\/p>\n\n\n\n<p>Yhtevy\u00f6t Rimmilt\u00e4 on oltu aina rajan toisella puolella olijih vienalaisih kylih. Akonlahteh k\u00e4ytih kirikk\u00f6h tai hauvattih rimpil\u00e4isie Akonlahen Hukka\u0161almen kalmismualla. Ul\u2019l\u2019a\u0161ka-starikka oli j\u00e4lkimm\u00e4ini, kenet kev\u00e4ttalvella 1918 kaimattih <strong>Iivana-poika<\/strong> ta h\u00e4nen <strong>Varvana-naini<\/strong> viimiseh matkah rajan toisella puolella.<\/p>\n\n\n\n<p>Rimpi on ollun kyl\u00e4 vain karjalaisien ke\u0161en, ka virallise\u0161ti \u0161e on Vartiuk\u0161en kyly\u00e4. Kuottelima e\u010d\u010die kartalta Rimmin elo\u0161ijua ta starinanmoista Kultakaivo-hetett\u00e4, kun eih\u00e4n kyl\u00e4 ole merkitty kyl\u00e4n\u00e4. \u201cMaanmittauslaitoksen karttapaikasta\u201d voipi ka\u010d\u010duo: \u201cKostamustie 5655\u201d (Rimminkyl\u00e4: Ala-Rimpi ta Yl\u00e4-Rimpi) ta \u201cKultakaivo, Kuhmo\u201d. <a href=\"https:\/\/asiointi.maanmittauslaitos.fi\/karttapaikka\/\" target=\"_blank\" rel=\"noreferrer noopener\">Linkki Karttapaikka-sivulle<\/a>.<\/p>\n\n\n\n<p>Lopu\u0161\u0161a pakasima tekstij\u00e4, kumpasie pakinaklupin joukolla voisima kirjuttua Jussi Huovisen muistuo kunnivoittuan, 2.4.2024 tulou 100 vuotta Jussin \u0161ynnynt\u00e4p\u00e4iv\u00e4\u0161t\u00e4. Olen jo \u0161uanun tai tarkistan kolme tekstie. Oletta poikkoit, <strong>Eerika<\/strong>, <strong>Mari<\/strong> ta <strong>Kai<\/strong>, passipot \u0161iit\u00e4!<\/p>\n\n\n\n<p>Tekstien ei pie olla pit\u00e4t, 3-10 virkkehen pituvuini on hyv\u00e4! Omat tuumat-smietinn\u00e4t kevy\u00e4ll\u00e4 paistuh n\u00e4hen tahi muiten vienalaisuoh liitty\u00f6n. Muissot Jussista, kell\u00e4 vain \u0161emmosie ollou, olis tiett\u00e4v\u00e4ini hyv\u00e4 tiema. Olga hivou kieli\u0161eikat. Ta ennein kun tekstit m\u00e4nn\u00e4h elvyty\u0161projektin blogih kaikilla n\u00e4ht\u00e4v\u00e4k\u0161i, ty\u00f6nn\u00e4ll\u00e4n linkin, mist\u00e4 voitta niit\u00e4 viel\u00e4 ka\u010d\u010duo.<\/p>\n\n\n\n<p>\u0160ulkkuset passipot t\u00e4\u0161t\u00e4 kevy\u00e4\u0161t\u00e4!<\/p>\n\n\n\n<p>Kaunehie p\u00e4iv\u00e4isp\u00e4ivie!<\/p>\n","protected":false},"excerpt":{"rendered":"<p>Stolakirja 11.3.2024 Kirjuttan: Olga Karlova Oli t\u00e4m\u00e4n kevy\u00e4n j\u00e4lkikerta ta meit\u00e4 ker\u00e4yty 15 imehnist\u00e4. Alkuh oli poikkoita v\u00e4lly\u00e4 pakinua ihan kaikkeh n\u00e4hen, mit\u00e4 ymp\u00e4rihis tapahtuu. \u0160emmoista himottais iell\u00e4hki kehitty\u00e4, jotta pakajaisima \u010duipottamatta, ken kuin vain malttau. \u0160iit\u00e4 \u0161iirtym\u00e4 ka\u010d\u010delomah virkkehie, kumpasissa oli k\u00e4ytetty lyhy\u010d\u010d\u00e4isie \u0161anasie \u201cta\u201d, \u201ci\u201d ta \u201ctai\u201d. \u0160amanmoisie kielitapahuk\u0161ie e\u010dittelim\u00e4 tekstist\u00e4, mi esitti [&hellip;]<\/p>\n","protected":false},"author":480,"featured_media":0,"parent":0,"menu_order":0,"comment_status":"closed","ping_status":"closed","template":"","meta":{"_acf_changed":false,"footnotes":""},"class_list":["post-21783","page","type-page","status-publish","hentry"],"acf":[],"yoast_head":"<!-- This site is optimized with the Yoast SEO plugin v27.3 - https:\/\/yoast.com\/product\/yoast-seo-wordpress\/ -->\n<title>Vienankarjalaini pakinaklupi kevy\u00e4ll\u00e4 2024, nell\u00e4\u0161 pakinakerta - Karjalan kielen elvytt\u00e4minen<\/title>\n<meta name=\"robots\" content=\"index, follow, max-snippet:-1, max-image-preview:large, max-video-preview:-1\" \/>\n<link rel=\"canonical\" href=\"https:\/\/blogs.uef.fi\/karjalanelvytys\/vienankarjalaini-pakinaklupi-kevyalla-2024-nellas-pakinakerta\/\" \/>\n<meta property=\"og:locale\" content=\"fi_FI\" \/>\n<meta property=\"og:type\" content=\"article\" \/>\n<meta property=\"og:title\" content=\"Vienankarjalaini pakinaklupi kevy\u00e4ll\u00e4 2024, nell\u00e4\u0161 pakinakerta - Karjalan kielen elvytt\u00e4minen\" \/>\n<meta property=\"og:description\" content=\"Stolakirja 11.3.2024 Kirjuttan: Olga Karlova Oli t\u00e4m\u00e4n kevy\u00e4n j\u00e4lkikerta ta meit\u00e4 ker\u00e4yty 15 imehnist\u00e4. Alkuh oli poikkoita v\u00e4lly\u00e4 pakinua ihan kaikkeh n\u00e4hen, mit\u00e4 ymp\u00e4rihis tapahtuu. \u0160emmoista himottais iell\u00e4hki kehitty\u00e4, jotta pakajaisima \u010duipottamatta, ken kuin vain malttau. \u0160iit\u00e4 \u0161iirtym\u00e4 ka\u010d\u010delomah virkkehie, kumpasissa oli k\u00e4ytetty lyhy\u010d\u010d\u00e4isie \u0161anasie \u201cta\u201d, \u201ci\u201d ta \u201ctai\u201d. \u0160amanmoisie kielitapahuk\u0161ie e\u010dittelim\u00e4 tekstist\u00e4, mi esitti [&hellip;]\" \/>\n<meta property=\"og:url\" content=\"https:\/\/blogs.uef.fi\/karjalanelvytys\/vienankarjalaini-pakinaklupi-kevyalla-2024-nellas-pakinakerta\/\" \/>\n<meta property=\"og:site_name\" content=\"Karjalan kielen elvytt\u00e4minen\" \/>\n<meta property=\"article:modified_time\" content=\"2025-03-13T09:26:44+00:00\" \/>\n<meta name=\"twitter:card\" content=\"summary_large_image\" \/>\n<meta name=\"twitter:label1\" content=\"Arvioitu lukuaika\" \/>\n\t<meta name=\"twitter:data1\" content=\"2 minuuttia\" \/>\n<script type=\"application\/ld+json\" class=\"yoast-schema-graph\">{\"@context\":\"https:\\\/\\\/schema.org\",\"@graph\":[{\"@type\":\"WebPage\",\"@id\":\"https:\\\/\\\/blogs.uef.fi\\\/karjalanelvytys\\\/vienankarjalaini-pakinaklupi-kevyalla-2024-nellas-pakinakerta\\\/\",\"url\":\"https:\\\/\\\/blogs.uef.fi\\\/karjalanelvytys\\\/vienankarjalaini-pakinaklupi-kevyalla-2024-nellas-pakinakerta\\\/\",\"name\":\"Vienankarjalaini pakinaklupi kevy\u00e4ll\u00e4 2024, nell\u00e4\u0161 pakinakerta - Karjalan kielen elvytt\u00e4minen\",\"isPartOf\":{\"@id\":\"https:\\\/\\\/blogs.uef.fi\\\/karjalanelvytys\\\/#website\"},\"datePublished\":\"2025-03-13T09:26:43+00:00\",\"dateModified\":\"2025-03-13T09:26:44+00:00\",\"breadcrumb\":{\"@id\":\"https:\\\/\\\/blogs.uef.fi\\\/karjalanelvytys\\\/vienankarjalaini-pakinaklupi-kevyalla-2024-nellas-pakinakerta\\\/#breadcrumb\"},\"inLanguage\":\"fi\",\"potentialAction\":[{\"@type\":\"ReadAction\",\"target\":[\"https:\\\/\\\/blogs.uef.fi\\\/karjalanelvytys\\\/vienankarjalaini-pakinaklupi-kevyalla-2024-nellas-pakinakerta\\\/\"]}]},{\"@type\":\"BreadcrumbList\",\"@id\":\"https:\\\/\\\/blogs.uef.fi\\\/karjalanelvytys\\\/vienankarjalaini-pakinaklupi-kevyalla-2024-nellas-pakinakerta\\\/#breadcrumb\",\"itemListElement\":[{\"@type\":\"ListItem\",\"position\":1,\"name\":\"Home\",\"item\":\"https:\\\/\\\/blogs.uef.fi\\\/karjalanelvytys\\\/\"},{\"@type\":\"ListItem\",\"position\":2,\"name\":\"Vienankarjalaini pakinaklupi kevy\u00e4ll\u00e4 2024, nell\u00e4\u0161 pakinakerta\"}]},{\"@type\":\"WebSite\",\"@id\":\"https:\\\/\\\/blogs.uef.fi\\\/karjalanelvytys\\\/#website\",\"url\":\"https:\\\/\\\/blogs.uef.fi\\\/karjalanelvytys\\\/\",\"name\":\"Karjalan kielen elvytt\u00e4minen\",\"description\":\"\",\"potentialAction\":[{\"@type\":\"SearchAction\",\"target\":{\"@type\":\"EntryPoint\",\"urlTemplate\":\"https:\\\/\\\/blogs.uef.fi\\\/karjalanelvytys\\\/?s={search_term_string}\"},\"query-input\":{\"@type\":\"PropertyValueSpecification\",\"valueRequired\":true,\"valueName\":\"search_term_string\"}}],\"inLanguage\":\"fi\"}]}<\/script>\n<!-- \/ Yoast SEO plugin. -->","yoast_head_json":{"title":"Vienankarjalaini pakinaklupi kevy\u00e4ll\u00e4 2024, nell\u00e4\u0161 pakinakerta - Karjalan kielen elvytt\u00e4minen","robots":{"index":"index","follow":"follow","max-snippet":"max-snippet:-1","max-image-preview":"max-image-preview:large","max-video-preview":"max-video-preview:-1"},"canonical":"https:\/\/blogs.uef.fi\/karjalanelvytys\/vienankarjalaini-pakinaklupi-kevyalla-2024-nellas-pakinakerta\/","og_locale":"fi_FI","og_type":"article","og_title":"Vienankarjalaini pakinaklupi kevy\u00e4ll\u00e4 2024, nell\u00e4\u0161 pakinakerta - Karjalan kielen elvytt\u00e4minen","og_description":"Stolakirja 11.3.2024 Kirjuttan: Olga Karlova Oli t\u00e4m\u00e4n kevy\u00e4n j\u00e4lkikerta ta meit\u00e4 ker\u00e4yty 15 imehnist\u00e4. Alkuh oli poikkoita v\u00e4lly\u00e4 pakinua ihan kaikkeh n\u00e4hen, mit\u00e4 ymp\u00e4rihis tapahtuu. \u0160emmoista himottais iell\u00e4hki kehitty\u00e4, jotta pakajaisima \u010duipottamatta, ken kuin vain malttau. \u0160iit\u00e4 \u0161iirtym\u00e4 ka\u010d\u010delomah virkkehie, kumpasissa oli k\u00e4ytetty lyhy\u010d\u010d\u00e4isie \u0161anasie \u201cta\u201d, \u201ci\u201d ta \u201ctai\u201d. \u0160amanmoisie kielitapahuk\u0161ie e\u010dittelim\u00e4 tekstist\u00e4, mi esitti [&hellip;]","og_url":"https:\/\/blogs.uef.fi\/karjalanelvytys\/vienankarjalaini-pakinaklupi-kevyalla-2024-nellas-pakinakerta\/","og_site_name":"Karjalan kielen elvytt\u00e4minen","article_modified_time":"2025-03-13T09:26:44+00:00","twitter_card":"summary_large_image","twitter_misc":{"Arvioitu lukuaika":"2 minuuttia"},"schema":{"@context":"https:\/\/schema.org","@graph":[{"@type":"WebPage","@id":"https:\/\/blogs.uef.fi\/karjalanelvytys\/vienankarjalaini-pakinaklupi-kevyalla-2024-nellas-pakinakerta\/","url":"https:\/\/blogs.uef.fi\/karjalanelvytys\/vienankarjalaini-pakinaklupi-kevyalla-2024-nellas-pakinakerta\/","name":"Vienankarjalaini pakinaklupi kevy\u00e4ll\u00e4 2024, nell\u00e4\u0161 pakinakerta - Karjalan kielen elvytt\u00e4minen","isPartOf":{"@id":"https:\/\/blogs.uef.fi\/karjalanelvytys\/#website"},"datePublished":"2025-03-13T09:26:43+00:00","dateModified":"2025-03-13T09:26:44+00:00","breadcrumb":{"@id":"https:\/\/blogs.uef.fi\/karjalanelvytys\/vienankarjalaini-pakinaklupi-kevyalla-2024-nellas-pakinakerta\/#breadcrumb"},"inLanguage":"fi","potentialAction":[{"@type":"ReadAction","target":["https:\/\/blogs.uef.fi\/karjalanelvytys\/vienankarjalaini-pakinaklupi-kevyalla-2024-nellas-pakinakerta\/"]}]},{"@type":"BreadcrumbList","@id":"https:\/\/blogs.uef.fi\/karjalanelvytys\/vienankarjalaini-pakinaklupi-kevyalla-2024-nellas-pakinakerta\/#breadcrumb","itemListElement":[{"@type":"ListItem","position":1,"name":"Home","item":"https:\/\/blogs.uef.fi\/karjalanelvytys\/"},{"@type":"ListItem","position":2,"name":"Vienankarjalaini pakinaklupi kevy\u00e4ll\u00e4 2024, nell\u00e4\u0161 pakinakerta"}]},{"@type":"WebSite","@id":"https:\/\/blogs.uef.fi\/karjalanelvytys\/#website","url":"https:\/\/blogs.uef.fi\/karjalanelvytys\/","name":"Karjalan kielen elvytt\u00e4minen","description":"","potentialAction":[{"@type":"SearchAction","target":{"@type":"EntryPoint","urlTemplate":"https:\/\/blogs.uef.fi\/karjalanelvytys\/?s={search_term_string}"},"query-input":{"@type":"PropertyValueSpecification","valueRequired":true,"valueName":"search_term_string"}}],"inLanguage":"fi"}]}},"_links":{"self":[{"href":"https:\/\/blogs.uef.fi\/karjalanelvytys\/wp-json\/wp\/v2\/pages\/21783","targetHints":{"allow":["GET"]}}],"collection":[{"href":"https:\/\/blogs.uef.fi\/karjalanelvytys\/wp-json\/wp\/v2\/pages"}],"about":[{"href":"https:\/\/blogs.uef.fi\/karjalanelvytys\/wp-json\/wp\/v2\/types\/page"}],"author":[{"embeddable":true,"href":"https:\/\/blogs.uef.fi\/karjalanelvytys\/wp-json\/wp\/v2\/users\/480"}],"replies":[{"embeddable":true,"href":"https:\/\/blogs.uef.fi\/karjalanelvytys\/wp-json\/wp\/v2\/comments?post=21783"}],"version-history":[{"count":1,"href":"https:\/\/blogs.uef.fi\/karjalanelvytys\/wp-json\/wp\/v2\/pages\/21783\/revisions"}],"predecessor-version":[{"id":21784,"href":"https:\/\/blogs.uef.fi\/karjalanelvytys\/wp-json\/wp\/v2\/pages\/21783\/revisions\/21784"}],"wp:attachment":[{"href":"https:\/\/blogs.uef.fi\/karjalanelvytys\/wp-json\/wp\/v2\/media?parent=21783"}],"curies":[{"name":"wp","href":"https:\/\/api.w.org\/{rel}","templated":true}]}}