{"id":21774,"date":"2025-03-13T10:52:57","date_gmt":"2025-03-13T08:52:57","guid":{"rendered":"https:\/\/blogs.uef.fi\/karjalanelvytys\/?page_id=21774"},"modified":"2025-03-13T10:52:58","modified_gmt":"2025-03-13T08:52:58","slug":"vienankarjalaini-pakinaklupi-kevyalla-2024-toini-pakinakerta","status":"publish","type":"page","link":"https:\/\/blogs.uef.fi\/karjalanelvytys\/vienankarjalaini-pakinaklupi-kevyalla-2024-toini-pakinakerta\/","title":{"rendered":"Vienankarjalaini pakinaklupi kevy\u00e4ll\u00e4 2024, toini pakinakerta"},"content":{"rendered":"\n<h4 class=\"wp-block-heading\">Stolakirja 5.2.2024<\/h4>\n\n\n\n<p>Kirjuttan: <strong>Olga Karlova<\/strong><\/p>\n\n\n\n<p>Ylen ilahutti \u0161e, jottei mi\u00e4n klupilaisien rivit ole harvettu \u2013 tua\u0161\u0161en meit\u00e4 oli 15 pakinoilla ker\u00e4ytyn.<\/p>\n\n\n\n<p>Alkuh klupin vet\u00e4j\u00e4 Olga, elikk\u00e4 <em>preda<\/em> tverinkarjalaisittain, kerroisti yliopisson karjalan kielen opa\u0161\u0161uk\u0161en uutisie. Karjalan kielen murtehet -kur\u0161\u0161i piet\u00e4h 19.3.-29.4.2024. Tulkua terveh opa\u0161tumah! Liittehist\u00e4 l\u00f6yv\u00e4t pp-diat (kopijana pdf-tiijo\u0161\u0161on), kumpasessa on peru\u0161tietuo kur\u0161\u0161ista linkkineh p\u00e4ivineh.<\/p>\n\n\n\n<p>\u0160iit\u00e4 \u0161iirtym\u00e4 pakajamah \u0160uomu\u0161\u0161almen vienalaisista kylist\u00e4, t\u00e4ll\u00e4 kertua Hietaj\u00e4rve\u0161t\u00e4 tahikka Hietarve\u0161ta, kuin \u0161it\u00e4 paikalliseh tapah vienankarjalak\u0161i on ku\u010duttu (vrt. Hietarvi, Kuivarvi, Niskarvi). Hietaj\u00e4rven ta Kuivaj\u00e4rven vienalaini elo\u0161 oli alkan 1700-luvun lopulla, kun t\u00e4h raja\u010dupukkah oli a\u0161ettun Veny\u00e4h\u00e4n Vienan Karjalan puolelta tullut piekloi Tomenttei Siikow. Liittehist\u00e4 l\u00f6yv\u00e4t tarkempua tietuo ta linkit, kumpasien kautti pi\u00e4\u0161et ka\u010d\u010domah kinosie ta tiiju\u0161\u0161at \u0160uomen vienalaiskylien istorijua. Matkuajana vuotena 2024 ilme\u0161tyy <strong>Ella Karttimon<\/strong> kyl\u00e4kirja <em>\u201dKyll\u00e4 mie sukuni tiij\u00e4n\u201d -tarinoita Huovisten vienalaiskylist\u00e4<\/em>. \u00c4ij\u00e4lti vuotamma!<\/p>\n\n\n\n<p>Pakasima \u0161it\u00e4ki, jotta valtakunnallini raja ta kulttuurini raja ollah eri asiet karjalaisien kohalla. \u0160uomen ta Veny\u00e4h\u00e4n puolen vienalaiset elettih yhtehist\u00e4 rahvahan elo\u0161ta 1922 vuoteh \u0161uaten, kuni raja oli kahallah. Ta tiett\u00e4v\u00e4ini 1990-luvu\u0161ta mi\u00e4n aikoih \u0161uaten yhteyvet ruvettih kohentumah parempah p\u00e4in, ka 2020-luvun muailman tilanneh on tua\u0161\u0161en isken kahen puolen rajua el\u00e4jih.<\/p>\n\n\n\n<p>Kuuntelima pienen palasen vuokkiniemel\u00e4isen Outi Lipkin\u00e4n pakina\u0161ta, miss\u00e4 hi\u00e4n kertou k\u00e4ynn\u00e4\u0161t\u00e4h (ennein 1920-lukuo) Hietarven kyl\u00e4h Olekseintaloh, kun \u0161iit\u00e4 talo\u0161ta oli l\u00e4hten h\u00e4nen vanha \u00e4mm\u00f6 miehol\u2019ah onnakko Niskaj\u00e4rveh. 90-vuotista Outie on pakauttan <strong>Pertti Virtaranta<\/strong> 1968 vuotena ta i\u00e4nittehet ollah talle\u0161\u0161a \u0160uomen kielen i\u00e4niteharhiiva\u0161\u0161a (Kotus). Voitta \u0161en pakinapalasen kuunnella koissaki perehen ke\u0161en, ka ei \u0161it\u00e4 \u0161ua julkise\u0161ti ruveta levitt\u00e4m\u00e4h. HUOM. J\u00e4lemp\u00e4ini virkeh lis\u00e4tty 13.3.2025: K\u00f6yk\u00e4n Outin starinoja voit nyt kuunnella Vuokkiniemi-\u0161euran YouTube-kanavalla. Linkki.<\/p>\n\n\n\n<p>Lopu\u0161\u0161a ken mit\u00e4ki muisteli Hietaj\u00e4rve\u0161t\u00e4. Oli ylen mielehiset kuunneltavat, passipuo kun juatta tietuona ta kokemu\u0161tana. <strong>Jussi Huovisen<\/strong> \u0161yntym\u00e4\u0161t\u00e4 (2.4.1924) tulou 100 vuotta t\u00e4n\u00e4 vuotena. Aina\u0161ki \u0160uomu\u0161\u0161alme\u0161\u0161a ta Hietaj\u00e4rve\u0161\u0161\u00e4 piet\u00e4h muissinpituo. Hein\u00e4kuun j\u00e4lkimm\u00e4isen\u00e4 pyh\u00e4n\u00e4pi\u00e4n\u00e4 piett\u00e4v\u00e4\u0161t\u00e4 Jussin muistokonsertista on tullunki jo perintehini pito.<\/p>\n\n\n\n<p>Jussin tyt\u00e4r <strong>Pirjo<\/strong> kaikkien muijen starinoimisien ke\u0161en kerto, jotta v. 1986 Jussi pienen matkovehen keralla pi\u00e4si k\u00e4ym\u00e4h vanhalla \u0161uomen- ta ven\u00e4j\u00e4nvienalaisien yhtehisell\u00e4 kalmismualla, kumpani on rajavy\u00f6hykkehell\u00e4 ta \u0161ent\u00e4h \u0161inne ei ole v\u00e4lly\u00e4 pi\u00e4\u0161y\u00f6. <strong>Heikki Rytk\u00f6l\u00e4 <\/strong>kertou \u0161iit\u00e4 kirja\u0161\u0161ah <em>Vainajan mets\u00e4<\/em>. Jussi vei i\u010den luatiman rissin velleh hauvalla.<\/p>\n\n\n\n<p>Pakina\u0161\u0161a tuli mainituk\u0161i Murhij\u00e4rvi, kumpaista tiijet\u00e4h kullankarvasena kala-apajana. <strong>Nunnu <\/strong>muisti, jotta kerran heij\u00e4n Murhij\u00e4rven \u0161ualis oli \u0161\u00e4yny\u00e4 ta hauki. \u0160\u00e4yny\u00e4 j\u00e4tettih i\u010dell\u00e4h ta hauki vietih Jussilla, kumpani ylen ilahtu kuultuo, jotta Murhij\u00e4rvell\u00e4 tua\u0161 puuttuu \u0161\u00e4yny\u00e4t\u00e4. Murhij\u00e4rvell\u00e4 oli kuulemma \u00e4ij\u00e4 leikattu me\u010d\u010die ta \u0161e johti \u0161iih, jotta \u0161\u00e4yny\u00e4 oli katon koppinah. \u0160\u00e4yny\u00e4t\u00e4 karjalaiset piet\u00e4h arvokkahana kalana, \u0161uolatah \u0161it\u00e4 ru\u0161kien kalan tapah.<\/p>\n\n\n\n<p><strong>Sirpa<\/strong> juohatti vanhua <em>Murhisaari<\/em>-kirjua (1914), kumpase\u0161\u0161a peittonimell\u00e4 kirjuttaja \u0161anelou rajakylien elok\u0161e\u0161ta. Pit\u00e4n\u00f6y panna kon\u0161aki luvettavien kirjojen \u010dottah, kun vain l\u00f6yt\u00e4is aikua!<\/p>\n\n\n\n<p><strong>Enni <\/strong>on opa\u0161tun \u0161oittamah Jussin Vieriss\u00e4n jenkkua viululla ta on jakan musiikkivideon Feispuukissa olijan Vienankarjalaisen pakinaklupin \u0161ivulla. Oikein vessel\u00e4 on, k\u00e4yky\u00e4 kuuntelomah!<\/p>\n\n\n\n<p>Tulijalla kertua jatamma pakinua ta \u0161iirrymm\u00e4 pakinoissa Kuivaj\u00e4rveh.<\/p>\n\n\n\n<p>N\u00e4keyvymm\u00e4 19.2. klo 16.40 Zoomissa!<\/p>\n\n\n\n<p><\/p>\n","protected":false},"excerpt":{"rendered":"<p>Stolakirja 5.2.2024 Kirjuttan: Olga Karlova Ylen ilahutti \u0161e, jottei mi\u00e4n klupilaisien rivit ole harvettu \u2013 tua\u0161\u0161en meit\u00e4 oli 15 pakinoilla ker\u00e4ytyn. Alkuh klupin vet\u00e4j\u00e4 Olga, elikk\u00e4 preda tverinkarjalaisittain, kerroisti yliopisson karjalan kielen opa\u0161\u0161uk\u0161en uutisie. Karjalan kielen murtehet -kur\u0161\u0161i piet\u00e4h 19.3.-29.4.2024. Tulkua terveh opa\u0161tumah! Liittehist\u00e4 l\u00f6yv\u00e4t pp-diat (kopijana pdf-tiijo\u0161\u0161on), kumpasessa on peru\u0161tietuo kur\u0161\u0161ista linkkineh p\u00e4ivineh. \u0160iit\u00e4 [&hellip;]<\/p>\n","protected":false},"author":480,"featured_media":0,"parent":0,"menu_order":0,"comment_status":"closed","ping_status":"closed","template":"","meta":{"_acf_changed":false,"footnotes":""},"class_list":["post-21774","page","type-page","status-publish","hentry"],"acf":[],"yoast_head":"<!-- This site is optimized with the Yoast SEO plugin v27.1.1 - https:\/\/yoast.com\/product\/yoast-seo-wordpress\/ -->\n<title>Vienankarjalaini pakinaklupi kevy\u00e4ll\u00e4 2024, toini pakinakerta - Karjalan kielen elvytt\u00e4minen<\/title>\n<meta name=\"robots\" content=\"index, follow, max-snippet:-1, max-image-preview:large, max-video-preview:-1\" \/>\n<link rel=\"canonical\" href=\"https:\/\/blogs.uef.fi\/karjalanelvytys\/vienankarjalaini-pakinaklupi-kevyalla-2024-toini-pakinakerta\/\" \/>\n<meta property=\"og:locale\" content=\"fi_FI\" \/>\n<meta property=\"og:type\" content=\"article\" \/>\n<meta property=\"og:title\" content=\"Vienankarjalaini pakinaklupi kevy\u00e4ll\u00e4 2024, toini pakinakerta - Karjalan kielen elvytt\u00e4minen\" \/>\n<meta property=\"og:description\" content=\"Stolakirja 5.2.2024 Kirjuttan: Olga Karlova Ylen ilahutti \u0161e, jottei mi\u00e4n klupilaisien rivit ole harvettu \u2013 tua\u0161\u0161en meit\u00e4 oli 15 pakinoilla ker\u00e4ytyn. Alkuh klupin vet\u00e4j\u00e4 Olga, elikk\u00e4 preda tverinkarjalaisittain, kerroisti yliopisson karjalan kielen opa\u0161\u0161uk\u0161en uutisie. Karjalan kielen murtehet -kur\u0161\u0161i piet\u00e4h 19.3.-29.4.2024. Tulkua terveh opa\u0161tumah! Liittehist\u00e4 l\u00f6yv\u00e4t pp-diat (kopijana pdf-tiijo\u0161\u0161on), kumpasessa on peru\u0161tietuo kur\u0161\u0161ista linkkineh p\u00e4ivineh. \u0160iit\u00e4 [&hellip;]\" \/>\n<meta property=\"og:url\" content=\"https:\/\/blogs.uef.fi\/karjalanelvytys\/vienankarjalaini-pakinaklupi-kevyalla-2024-toini-pakinakerta\/\" \/>\n<meta property=\"og:site_name\" content=\"Karjalan kielen elvytt\u00e4minen\" \/>\n<meta property=\"article:modified_time\" content=\"2025-03-13T08:52:58+00:00\" \/>\n<meta name=\"twitter:card\" content=\"summary_large_image\" \/>\n<meta name=\"twitter:label1\" content=\"Arvioitu lukuaika\" \/>\n\t<meta name=\"twitter:data1\" content=\"3 minuuttia\" \/>\n<script type=\"application\/ld+json\" class=\"yoast-schema-graph\">{\"@context\":\"https:\/\/schema.org\",\"@graph\":[{\"@type\":\"WebPage\",\"@id\":\"https:\/\/blogs.uef.fi\/karjalanelvytys\/vienankarjalaini-pakinaklupi-kevyalla-2024-toini-pakinakerta\/\",\"url\":\"https:\/\/blogs.uef.fi\/karjalanelvytys\/vienankarjalaini-pakinaklupi-kevyalla-2024-toini-pakinakerta\/\",\"name\":\"Vienankarjalaini pakinaklupi kevy\u00e4ll\u00e4 2024, toini pakinakerta - Karjalan kielen elvytt\u00e4minen\",\"isPartOf\":{\"@id\":\"https:\/\/blogs.uef.fi\/karjalanelvytys\/#website\"},\"datePublished\":\"2025-03-13T08:52:57+00:00\",\"dateModified\":\"2025-03-13T08:52:58+00:00\",\"breadcrumb\":{\"@id\":\"https:\/\/blogs.uef.fi\/karjalanelvytys\/vienankarjalaini-pakinaklupi-kevyalla-2024-toini-pakinakerta\/#breadcrumb\"},\"inLanguage\":\"fi\",\"potentialAction\":[{\"@type\":\"ReadAction\",\"target\":[\"https:\/\/blogs.uef.fi\/karjalanelvytys\/vienankarjalaini-pakinaklupi-kevyalla-2024-toini-pakinakerta\/\"]}]},{\"@type\":\"BreadcrumbList\",\"@id\":\"https:\/\/blogs.uef.fi\/karjalanelvytys\/vienankarjalaini-pakinaklupi-kevyalla-2024-toini-pakinakerta\/#breadcrumb\",\"itemListElement\":[{\"@type\":\"ListItem\",\"position\":1,\"name\":\"Home\",\"item\":\"https:\/\/blogs.uef.fi\/karjalanelvytys\/\"},{\"@type\":\"ListItem\",\"position\":2,\"name\":\"Vienankarjalaini pakinaklupi kevy\u00e4ll\u00e4 2024, toini pakinakerta\"}]},{\"@type\":\"WebSite\",\"@id\":\"https:\/\/blogs.uef.fi\/karjalanelvytys\/#website\",\"url\":\"https:\/\/blogs.uef.fi\/karjalanelvytys\/\",\"name\":\"Karjalan kielen elvytt\u00e4minen\",\"description\":\"\",\"potentialAction\":[{\"@type\":\"SearchAction\",\"target\":{\"@type\":\"EntryPoint\",\"urlTemplate\":\"https:\/\/blogs.uef.fi\/karjalanelvytys\/?s={search_term_string}\"},\"query-input\":{\"@type\":\"PropertyValueSpecification\",\"valueRequired\":true,\"valueName\":\"search_term_string\"}}],\"inLanguage\":\"fi\"}]}<\/script>\n<!-- \/ Yoast SEO plugin. -->","yoast_head_json":{"title":"Vienankarjalaini pakinaklupi kevy\u00e4ll\u00e4 2024, toini pakinakerta - Karjalan kielen elvytt\u00e4minen","robots":{"index":"index","follow":"follow","max-snippet":"max-snippet:-1","max-image-preview":"max-image-preview:large","max-video-preview":"max-video-preview:-1"},"canonical":"https:\/\/blogs.uef.fi\/karjalanelvytys\/vienankarjalaini-pakinaklupi-kevyalla-2024-toini-pakinakerta\/","og_locale":"fi_FI","og_type":"article","og_title":"Vienankarjalaini pakinaklupi kevy\u00e4ll\u00e4 2024, toini pakinakerta - Karjalan kielen elvytt\u00e4minen","og_description":"Stolakirja 5.2.2024 Kirjuttan: Olga Karlova Ylen ilahutti \u0161e, jottei mi\u00e4n klupilaisien rivit ole harvettu \u2013 tua\u0161\u0161en meit\u00e4 oli 15 pakinoilla ker\u00e4ytyn. Alkuh klupin vet\u00e4j\u00e4 Olga, elikk\u00e4 preda tverinkarjalaisittain, kerroisti yliopisson karjalan kielen opa\u0161\u0161uk\u0161en uutisie. Karjalan kielen murtehet -kur\u0161\u0161i piet\u00e4h 19.3.-29.4.2024. Tulkua terveh opa\u0161tumah! Liittehist\u00e4 l\u00f6yv\u00e4t pp-diat (kopijana pdf-tiijo\u0161\u0161on), kumpasessa on peru\u0161tietuo kur\u0161\u0161ista linkkineh p\u00e4ivineh. \u0160iit\u00e4 [&hellip;]","og_url":"https:\/\/blogs.uef.fi\/karjalanelvytys\/vienankarjalaini-pakinaklupi-kevyalla-2024-toini-pakinakerta\/","og_site_name":"Karjalan kielen elvytt\u00e4minen","article_modified_time":"2025-03-13T08:52:58+00:00","twitter_card":"summary_large_image","twitter_misc":{"Arvioitu lukuaika":"3 minuuttia"},"schema":{"@context":"https:\/\/schema.org","@graph":[{"@type":"WebPage","@id":"https:\/\/blogs.uef.fi\/karjalanelvytys\/vienankarjalaini-pakinaklupi-kevyalla-2024-toini-pakinakerta\/","url":"https:\/\/blogs.uef.fi\/karjalanelvytys\/vienankarjalaini-pakinaklupi-kevyalla-2024-toini-pakinakerta\/","name":"Vienankarjalaini pakinaklupi kevy\u00e4ll\u00e4 2024, toini pakinakerta - Karjalan kielen elvytt\u00e4minen","isPartOf":{"@id":"https:\/\/blogs.uef.fi\/karjalanelvytys\/#website"},"datePublished":"2025-03-13T08:52:57+00:00","dateModified":"2025-03-13T08:52:58+00:00","breadcrumb":{"@id":"https:\/\/blogs.uef.fi\/karjalanelvytys\/vienankarjalaini-pakinaklupi-kevyalla-2024-toini-pakinakerta\/#breadcrumb"},"inLanguage":"fi","potentialAction":[{"@type":"ReadAction","target":["https:\/\/blogs.uef.fi\/karjalanelvytys\/vienankarjalaini-pakinaklupi-kevyalla-2024-toini-pakinakerta\/"]}]},{"@type":"BreadcrumbList","@id":"https:\/\/blogs.uef.fi\/karjalanelvytys\/vienankarjalaini-pakinaklupi-kevyalla-2024-toini-pakinakerta\/#breadcrumb","itemListElement":[{"@type":"ListItem","position":1,"name":"Home","item":"https:\/\/blogs.uef.fi\/karjalanelvytys\/"},{"@type":"ListItem","position":2,"name":"Vienankarjalaini pakinaklupi kevy\u00e4ll\u00e4 2024, toini pakinakerta"}]},{"@type":"WebSite","@id":"https:\/\/blogs.uef.fi\/karjalanelvytys\/#website","url":"https:\/\/blogs.uef.fi\/karjalanelvytys\/","name":"Karjalan kielen elvytt\u00e4minen","description":"","potentialAction":[{"@type":"SearchAction","target":{"@type":"EntryPoint","urlTemplate":"https:\/\/blogs.uef.fi\/karjalanelvytys\/?s={search_term_string}"},"query-input":{"@type":"PropertyValueSpecification","valueRequired":true,"valueName":"search_term_string"}}],"inLanguage":"fi"}]}},"_links":{"self":[{"href":"https:\/\/blogs.uef.fi\/karjalanelvytys\/wp-json\/wp\/v2\/pages\/21774","targetHints":{"allow":["GET"]}}],"collection":[{"href":"https:\/\/blogs.uef.fi\/karjalanelvytys\/wp-json\/wp\/v2\/pages"}],"about":[{"href":"https:\/\/blogs.uef.fi\/karjalanelvytys\/wp-json\/wp\/v2\/types\/page"}],"author":[{"embeddable":true,"href":"https:\/\/blogs.uef.fi\/karjalanelvytys\/wp-json\/wp\/v2\/users\/480"}],"replies":[{"embeddable":true,"href":"https:\/\/blogs.uef.fi\/karjalanelvytys\/wp-json\/wp\/v2\/comments?post=21774"}],"version-history":[{"count":1,"href":"https:\/\/blogs.uef.fi\/karjalanelvytys\/wp-json\/wp\/v2\/pages\/21774\/revisions"}],"predecessor-version":[{"id":21776,"href":"https:\/\/blogs.uef.fi\/karjalanelvytys\/wp-json\/wp\/v2\/pages\/21774\/revisions\/21776"}],"wp:attachment":[{"href":"https:\/\/blogs.uef.fi\/karjalanelvytys\/wp-json\/wp\/v2\/media?parent=21774"}],"curies":[{"name":"wp","href":"https:\/\/api.w.org\/{rel}","templated":true}]}}