{"id":21770,"date":"2025-03-13T10:21:12","date_gmt":"2025-03-13T08:21:12","guid":{"rendered":"https:\/\/blogs.uef.fi\/karjalanelvytys\/?page_id=21770"},"modified":"2025-03-13T11:28:46","modified_gmt":"2025-03-13T09:28:46","slug":"vienankarjalaisen-pakinaklupi-kevyalla-2024-ensimmaini-pakinakerta","status":"publish","type":"page","link":"https:\/\/blogs.uef.fi\/karjalanelvytys\/vienankarjalaisen-pakinaklupi-kevyalla-2024-ensimmaini-pakinakerta\/","title":{"rendered":"Vienankarjalaini pakinaklupi kevy\u00e4ll\u00e4 2024, en\u0161imm\u00e4ini pakinakerta"},"content":{"rendered":"\n<h4 class=\"wp-block-heading\">Stolakirja 23.1.2024<\/h4>\n\n\n\n<p>Kirjuttan: <strong>Olga Karlova <\/strong><\/p>\n\n\n\n<p>En\u0161imm\u00e4iseh Zoom-pakinakertah ker\u00e4yty hyv\u00e4\u010d\u010d\u00e4ini joukko klupilaisie, kaikkieh 15. Kolme en\u0161ikertalaistaki oli. Tulkua terveh kaikin: ket pakajamah, a ket vain kuuntelomah. Kaikilla olemma ruati! Omua pakinaneruo ei pie \u010duipottua, \u0161ent\u00e4h my\u00f6 ni ker\u00e4yvymm\u00e4 jotta \u0161aisima yhe\u0161\u0161\u00e4 hivuo omua karjalan kielineruo.<\/p>\n\n\n\n<p>Alkuh pakinaklupin vet\u00e4j\u00e4, <strong>Olga K.<\/strong> kerto klupin ideja\u0161ta ta iellisien vuosien ruatoloista, esitti karjalan kielen elvyty\u0161projektin blogissa olijan Vienankarjalaisen pakinaklupin \u0161ivuo ta \u0161amannimellist\u00e4 Feispuukissa olijua joukkuo, kumpaseh pyritti luatimah p\u00e4ivityk\u0161ie karjalak\u0161i. T\u00e4\u0161\u0161\u00e4ki ei pie varata ta tavotella pitkie tekstij\u00e4, ihan vain mit\u00e4 i\u010den himottais jakua karjalan kielell\u00e4 kuvineh p\u00e4ivineh. Blogihki voipi ruveta smiettim\u00e4h vere\u0161t\u00e4 tekstie vienankarjalak\u0161i. Kaikki linkit ta muutki pakina\u0161\u0161a mainitut asiet l\u00f6yvyt\u00e4h liittehen\u00e4 olija\u0161ta diaesityk\u0161e\u0161t\u00e4.<\/p>\n\n\n\n<p>T\u00e4n\u00e4 kevy\u00e4n\u00e4 pakajamma \u0160uomen Vienan kylist\u00e4, rahvaha\u0161ta ta kiele\u0161t\u00e4. Rimpi, Kuivaj\u00e4rvi ta Hietaj\u00e4rvi oltais \u0161iit\u00e4 mi\u00e4n t\u00e4ht\u00e4ime\u0161\u0161\u00e4. <strong>Pertti Virtarannan<\/strong> <em>Vienan kyli\u00e4 kiert\u00e4m\u00e4ss\u00e4<\/em> ta <em>Vienan kansa muistelee<\/em> meil\u00e4 kaikilla kotiluvennak\u0161i. Mi\u00e4n jouko\u0161\u0161a on hyv\u00e4k\u0161i mielek\u0161i Hietaj\u00e4rve\u0161\u0161\u00e4 \u0161yntynyt ta lap\u0161uon viett\u00e4nyt <strong>Pirjo S<\/strong>., kumpani k\u00e4ypi kotikyl\u00e4h aina\u0161ki ke\u0161in, kon\u0161a vain pi\u00e4\u0161\u0161\u00f6y. Pirjuo voimma pakauttua. Eklein jo \u0161aimaki kuulla Pirjolta mukavua tietuo hietaj\u00e4rvel\u00e4ise\u0161t\u00e4 kielimuasterista Ranta-Miikkula\u0161ta, ket\u00e4 Virtaranta on pakautellun omih kirjoih. Lukima Pirjon tuaton <strong>Jussi Huovisen<\/strong> 70-vuotisp\u00e4iv\u00e4n j\u00e4lkeh vuotena 1994 Yl\u00e4-Kainuun lehteh ty\u00f6nnetyt passipo\u0161anat karjalak\u0161i (ka\u010do diat). Pirjo muisti kertuo, kuin t\u00e4m\u00e4 teksti on \u0161yntyn, kuin \u0161it\u00e4 koko perehell\u00e4 kirjutettih.<\/p>\n\n\n\n<p>Tulijak\u0161i kerrak\u0161i olemma \u0161opin ottua Hietaj\u00e4rven kyl\u00e4n paistavak\u0161i tiemak\u0161i. Kell\u00e4 on mahtuo ta aikua, voitta lukie Virtarannan kirjoista peru\u0161tietuo kyl\u00e4\u0161t\u00e4 (niisi rahvahan pakinua, starinua t.n.i.) ta tiett\u00e4v\u00e4ini muuvval\u2019taki, mist\u00e4 van l\u00f6ytyn\u00f6y tietuo.<\/p>\n\n\n\n<p>Voimma tulijalla kertua paissa ni en\u0161imm\u00e4isaren 22.1. 19\u201322 aikah tullutta Yle Radio 1 Maanantai-tulet -programmua, kumpaista voipi kuunnella kuun p\u00e4iv\u00e4t 22.2.24 \u0161uaten Yle Areenassa: <a href=\"https:\/\/areena.yle.fi\/podcastit\/1-67455427?fbclid=IwAR0bXk3WtIgElQcfmp4c__aoBS5XA_E-fVgwwWffAaYDOfV7Yledv6VmLEo\">Linkki Karjalaisuus el\u00e4\u00e4 keskuudessamme<\/a><br>\u201dKuinpa karjalaisu\u0161 ko\u0161ettay \u0161ilma ta \u0161iun pereht\u00e4\u0161? Ollouko \u0161iun \u0161uvu\u0161\u0161a karjalaisie juurie ta oltanehko perintehet iell\u00e4hki k\u00e4yt\u00f6\u0161\u0161\u00e4? Tunnetko imehnisie, kell\u00e4 olis karjalaisie \u0161ukujuurie?<\/p>\n\n\n\n<p>Eklisen pakinakerran lopuk\u0161i jokahini \u0161aneli v\u00e4h\u00e4n i\u010de\u0161t\u00e4, kaikin pi\u00e4\u0161tih i\u00e4neh kuin uuvvet niin ni entiset klupilaiset.<\/p>\n\n\n\n<p>Olen luvannun ty\u00f6nty\u00e4 tietuo <em>Karjalan kielen lukupiiri<\/em> -kur\u0161\u0161ista, kumpani on verkkokur\u0161\u0161i (opa\u0161taja <strong>Ilja Mo\u0161nikov<\/strong>), ta \u0161e piet\u00e4h P\u00e4iv\u00e4nnou\u0161u-\u0160uomen yliopisso\u0161\u0161a t\u00e4n\u00e4 kevy\u00e4n\u00e4. Opa\u0161tuo voipi avonaisen yliopisson kautti, ilmottautumini 28.1.2024 \u0161uaten.<\/p>\n\n\n\n<p>Karjalan kielen murtehet -kur\u0161\u0161ista annan tietuo tulijalla keralla, \u0161e alkau kevy\u00e4mm\u00e4ll\u00e4 19.3.2024.<\/p>\n\n\n\n<p>N\u00e4keyvymm\u00e4 5.2. klo 16.40!<\/p>\n","protected":false},"excerpt":{"rendered":"<p>Stolakirja 23.1.2024 Kirjuttan: Olga Karlova En\u0161imm\u00e4iseh Zoom-pakinakertah ker\u00e4yty hyv\u00e4\u010d\u010d\u00e4ini joukko klupilaisie, kaikkieh 15. Kolme en\u0161ikertalaistaki oli. Tulkua terveh kaikin: ket pakajamah, a ket vain kuuntelomah. Kaikilla olemma ruati! Omua pakinaneruo ei pie \u010duipottua, \u0161ent\u00e4h my\u00f6 ni ker\u00e4yvymm\u00e4 jotta \u0161aisima yhe\u0161\u0161\u00e4 hivuo omua karjalan kielineruo. Alkuh pakinaklupin vet\u00e4j\u00e4, Olga K. kerto klupin ideja\u0161ta ta iellisien vuosien [&hellip;]<\/p>\n","protected":false},"author":480,"featured_media":0,"parent":0,"menu_order":0,"comment_status":"closed","ping_status":"closed","template":"","meta":{"_acf_changed":false,"footnotes":""},"class_list":["post-21770","page","type-page","status-publish","hentry"],"acf":[],"yoast_head":"<!-- This site is optimized with the Yoast SEO plugin v27.1.1 - https:\/\/yoast.com\/product\/yoast-seo-wordpress\/ -->\n<title>Vienankarjalaini pakinaklupi kevy\u00e4ll\u00e4 2024, en\u0161imm\u00e4ini pakinakerta - Karjalan kielen elvytt\u00e4minen<\/title>\n<meta name=\"robots\" content=\"index, follow, max-snippet:-1, max-image-preview:large, max-video-preview:-1\" \/>\n<link rel=\"canonical\" href=\"https:\/\/blogs.uef.fi\/karjalanelvytys\/vienankarjalaisen-pakinaklupi-kevyalla-2024-ensimmaini-pakinakerta\/\" \/>\n<meta property=\"og:locale\" content=\"fi_FI\" \/>\n<meta property=\"og:type\" content=\"article\" \/>\n<meta property=\"og:title\" content=\"Vienankarjalaini pakinaklupi kevy\u00e4ll\u00e4 2024, en\u0161imm\u00e4ini pakinakerta - Karjalan kielen elvytt\u00e4minen\" \/>\n<meta property=\"og:description\" content=\"Stolakirja 23.1.2024 Kirjuttan: Olga Karlova En\u0161imm\u00e4iseh Zoom-pakinakertah ker\u00e4yty hyv\u00e4\u010d\u010d\u00e4ini joukko klupilaisie, kaikkieh 15. Kolme en\u0161ikertalaistaki oli. Tulkua terveh kaikin: ket pakajamah, a ket vain kuuntelomah. Kaikilla olemma ruati! Omua pakinaneruo ei pie \u010duipottua, \u0161ent\u00e4h my\u00f6 ni ker\u00e4yvymm\u00e4 jotta \u0161aisima yhe\u0161\u0161\u00e4 hivuo omua karjalan kielineruo. Alkuh pakinaklupin vet\u00e4j\u00e4, Olga K. kerto klupin ideja\u0161ta ta iellisien vuosien [&hellip;]\" \/>\n<meta property=\"og:url\" content=\"https:\/\/blogs.uef.fi\/karjalanelvytys\/vienankarjalaisen-pakinaklupi-kevyalla-2024-ensimmaini-pakinakerta\/\" \/>\n<meta property=\"og:site_name\" content=\"Karjalan kielen elvytt\u00e4minen\" \/>\n<meta property=\"article:modified_time\" content=\"2025-03-13T09:28:46+00:00\" \/>\n<meta name=\"twitter:card\" content=\"summary_large_image\" \/>\n<meta name=\"twitter:label1\" content=\"Arvioitu lukuaika\" \/>\n\t<meta name=\"twitter:data1\" content=\"3 minuuttia\" \/>\n<script type=\"application\/ld+json\" class=\"yoast-schema-graph\">{\"@context\":\"https:\/\/schema.org\",\"@graph\":[{\"@type\":\"WebPage\",\"@id\":\"https:\/\/blogs.uef.fi\/karjalanelvytys\/vienankarjalaisen-pakinaklupi-kevyalla-2024-ensimmaini-pakinakerta\/\",\"url\":\"https:\/\/blogs.uef.fi\/karjalanelvytys\/vienankarjalaisen-pakinaklupi-kevyalla-2024-ensimmaini-pakinakerta\/\",\"name\":\"Vienankarjalaini pakinaklupi kevy\u00e4ll\u00e4 2024, en\u0161imm\u00e4ini pakinakerta - Karjalan kielen elvytt\u00e4minen\",\"isPartOf\":{\"@id\":\"https:\/\/blogs.uef.fi\/karjalanelvytys\/#website\"},\"datePublished\":\"2025-03-13T08:21:12+00:00\",\"dateModified\":\"2025-03-13T09:28:46+00:00\",\"breadcrumb\":{\"@id\":\"https:\/\/blogs.uef.fi\/karjalanelvytys\/vienankarjalaisen-pakinaklupi-kevyalla-2024-ensimmaini-pakinakerta\/#breadcrumb\"},\"inLanguage\":\"fi\",\"potentialAction\":[{\"@type\":\"ReadAction\",\"target\":[\"https:\/\/blogs.uef.fi\/karjalanelvytys\/vienankarjalaisen-pakinaklupi-kevyalla-2024-ensimmaini-pakinakerta\/\"]}]},{\"@type\":\"BreadcrumbList\",\"@id\":\"https:\/\/blogs.uef.fi\/karjalanelvytys\/vienankarjalaisen-pakinaklupi-kevyalla-2024-ensimmaini-pakinakerta\/#breadcrumb\",\"itemListElement\":[{\"@type\":\"ListItem\",\"position\":1,\"name\":\"Home\",\"item\":\"https:\/\/blogs.uef.fi\/karjalanelvytys\/\"},{\"@type\":\"ListItem\",\"position\":2,\"name\":\"Vienankarjalaini pakinaklupi kevy\u00e4ll\u00e4 2024, en\u0161imm\u00e4ini pakinakerta\"}]},{\"@type\":\"WebSite\",\"@id\":\"https:\/\/blogs.uef.fi\/karjalanelvytys\/#website\",\"url\":\"https:\/\/blogs.uef.fi\/karjalanelvytys\/\",\"name\":\"Karjalan kielen elvytt\u00e4minen\",\"description\":\"\",\"potentialAction\":[{\"@type\":\"SearchAction\",\"target\":{\"@type\":\"EntryPoint\",\"urlTemplate\":\"https:\/\/blogs.uef.fi\/karjalanelvytys\/?s={search_term_string}\"},\"query-input\":{\"@type\":\"PropertyValueSpecification\",\"valueRequired\":true,\"valueName\":\"search_term_string\"}}],\"inLanguage\":\"fi\"}]}<\/script>\n<!-- \/ Yoast SEO plugin. -->","yoast_head_json":{"title":"Vienankarjalaini pakinaklupi kevy\u00e4ll\u00e4 2024, en\u0161imm\u00e4ini pakinakerta - Karjalan kielen elvytt\u00e4minen","robots":{"index":"index","follow":"follow","max-snippet":"max-snippet:-1","max-image-preview":"max-image-preview:large","max-video-preview":"max-video-preview:-1"},"canonical":"https:\/\/blogs.uef.fi\/karjalanelvytys\/vienankarjalaisen-pakinaklupi-kevyalla-2024-ensimmaini-pakinakerta\/","og_locale":"fi_FI","og_type":"article","og_title":"Vienankarjalaini pakinaklupi kevy\u00e4ll\u00e4 2024, en\u0161imm\u00e4ini pakinakerta - Karjalan kielen elvytt\u00e4minen","og_description":"Stolakirja 23.1.2024 Kirjuttan: Olga Karlova En\u0161imm\u00e4iseh Zoom-pakinakertah ker\u00e4yty hyv\u00e4\u010d\u010d\u00e4ini joukko klupilaisie, kaikkieh 15. Kolme en\u0161ikertalaistaki oli. Tulkua terveh kaikin: ket pakajamah, a ket vain kuuntelomah. Kaikilla olemma ruati! Omua pakinaneruo ei pie \u010duipottua, \u0161ent\u00e4h my\u00f6 ni ker\u00e4yvymm\u00e4 jotta \u0161aisima yhe\u0161\u0161\u00e4 hivuo omua karjalan kielineruo. Alkuh pakinaklupin vet\u00e4j\u00e4, Olga K. kerto klupin ideja\u0161ta ta iellisien vuosien [&hellip;]","og_url":"https:\/\/blogs.uef.fi\/karjalanelvytys\/vienankarjalaisen-pakinaklupi-kevyalla-2024-ensimmaini-pakinakerta\/","og_site_name":"Karjalan kielen elvytt\u00e4minen","article_modified_time":"2025-03-13T09:28:46+00:00","twitter_card":"summary_large_image","twitter_misc":{"Arvioitu lukuaika":"3 minuuttia"},"schema":{"@context":"https:\/\/schema.org","@graph":[{"@type":"WebPage","@id":"https:\/\/blogs.uef.fi\/karjalanelvytys\/vienankarjalaisen-pakinaklupi-kevyalla-2024-ensimmaini-pakinakerta\/","url":"https:\/\/blogs.uef.fi\/karjalanelvytys\/vienankarjalaisen-pakinaklupi-kevyalla-2024-ensimmaini-pakinakerta\/","name":"Vienankarjalaini pakinaklupi kevy\u00e4ll\u00e4 2024, en\u0161imm\u00e4ini pakinakerta - Karjalan kielen elvytt\u00e4minen","isPartOf":{"@id":"https:\/\/blogs.uef.fi\/karjalanelvytys\/#website"},"datePublished":"2025-03-13T08:21:12+00:00","dateModified":"2025-03-13T09:28:46+00:00","breadcrumb":{"@id":"https:\/\/blogs.uef.fi\/karjalanelvytys\/vienankarjalaisen-pakinaklupi-kevyalla-2024-ensimmaini-pakinakerta\/#breadcrumb"},"inLanguage":"fi","potentialAction":[{"@type":"ReadAction","target":["https:\/\/blogs.uef.fi\/karjalanelvytys\/vienankarjalaisen-pakinaklupi-kevyalla-2024-ensimmaini-pakinakerta\/"]}]},{"@type":"BreadcrumbList","@id":"https:\/\/blogs.uef.fi\/karjalanelvytys\/vienankarjalaisen-pakinaklupi-kevyalla-2024-ensimmaini-pakinakerta\/#breadcrumb","itemListElement":[{"@type":"ListItem","position":1,"name":"Home","item":"https:\/\/blogs.uef.fi\/karjalanelvytys\/"},{"@type":"ListItem","position":2,"name":"Vienankarjalaini pakinaklupi kevy\u00e4ll\u00e4 2024, en\u0161imm\u00e4ini pakinakerta"}]},{"@type":"WebSite","@id":"https:\/\/blogs.uef.fi\/karjalanelvytys\/#website","url":"https:\/\/blogs.uef.fi\/karjalanelvytys\/","name":"Karjalan kielen elvytt\u00e4minen","description":"","potentialAction":[{"@type":"SearchAction","target":{"@type":"EntryPoint","urlTemplate":"https:\/\/blogs.uef.fi\/karjalanelvytys\/?s={search_term_string}"},"query-input":{"@type":"PropertyValueSpecification","valueRequired":true,"valueName":"search_term_string"}}],"inLanguage":"fi"}]}},"_links":{"self":[{"href":"https:\/\/blogs.uef.fi\/karjalanelvytys\/wp-json\/wp\/v2\/pages\/21770","targetHints":{"allow":["GET"]}}],"collection":[{"href":"https:\/\/blogs.uef.fi\/karjalanelvytys\/wp-json\/wp\/v2\/pages"}],"about":[{"href":"https:\/\/blogs.uef.fi\/karjalanelvytys\/wp-json\/wp\/v2\/types\/page"}],"author":[{"embeddable":true,"href":"https:\/\/blogs.uef.fi\/karjalanelvytys\/wp-json\/wp\/v2\/users\/480"}],"replies":[{"embeddable":true,"href":"https:\/\/blogs.uef.fi\/karjalanelvytys\/wp-json\/wp\/v2\/comments?post=21770"}],"version-history":[{"count":2,"href":"https:\/\/blogs.uef.fi\/karjalanelvytys\/wp-json\/wp\/v2\/pages\/21770\/revisions"}],"predecessor-version":[{"id":21786,"href":"https:\/\/blogs.uef.fi\/karjalanelvytys\/wp-json\/wp\/v2\/pages\/21770\/revisions\/21786"}],"wp:attachment":[{"href":"https:\/\/blogs.uef.fi\/karjalanelvytys\/wp-json\/wp\/v2\/media?parent=21770"}],"curies":[{"name":"wp","href":"https:\/\/api.w.org\/{rel}","templated":true}]}}