{"id":20767,"date":"2024-12-02T11:24:33","date_gmt":"2024-12-02T09:24:33","guid":{"rendered":"https:\/\/blogs.uef.fi\/karjalanelvytys\/?page_id=20767"},"modified":"2024-12-02T11:24:34","modified_gmt":"2024-12-02T09:24:34","slug":"rastavankukat-suomi-suvikarjala","status":"publish","type":"page","link":"https:\/\/blogs.uef.fi\/karjalanelvytys\/rastavankukat-suomi-suvikarjala\/","title":{"rendered":"Ra\u0161tavankukat (suomi\u2013suvikarjala)"},"content":{"rendered":"\n<p>Luadija:<strong> Katerina Paalamo<\/strong><\/p>\n\n\n\n<p>Karjalan kielen elvytysprojekta 2023\u20132024<\/p>\n\n\n\n<p>P\u00e4iv\u00e4nnouzu-Suomen yliopisto<\/p>\n\n\n\n<p>*<\/p>\n\n\n\n<p>T\u00e4st\u00e4 sanassosta l\u00f6ydyy erimoizien kukkien da kazviloin nimil\u00f6i, kudamie Ra\u0161tavan aigah ossetah kodiloin \u010domennuksiksi.<\/p>\n\n\n\n<figure class=\"wp-block-image size-full is-resized\"><img loading=\"lazy\" decoding=\"async\" width=\"658\" height=\"658\" src=\"https:\/\/blogs.uef.fi\/karjalanelvytys\/wp-content\/uploads\/sites\/155\/2024\/12\/Picture1.png\" alt=\"\" class=\"wp-image-20770\" style=\"width:auto;height:400px\" srcset=\"https:\/\/blogs.uef.fi\/karjalanelvytys\/wp-content\/uploads\/sites\/155\/2024\/12\/Picture1.png 658w, https:\/\/blogs.uef.fi\/karjalanelvytys\/wp-content\/uploads\/sites\/155\/2024\/12\/Picture1-300x300.png 300w, https:\/\/blogs.uef.fi\/karjalanelvytys\/wp-content\/uploads\/sites\/155\/2024\/12\/Picture1-150x150.png 150w\" sizes=\"auto, (max-width: 658px) 100vw, 658px\" \/><figcaption class=\"wp-element-caption\">Amarillissa. Kuva: Pixabay<\/figcaption><\/figure>\n\n\n\n<p>*<\/p>\n\n\n\n<p>joulukukka \u2013 ra\u0161tavankukka (ra\u0161tavankukan, ra\u0161tavankukkua)<\/p>\n\n\n\n<p>*<\/p>\n\n\n\n<p>amaryllis \u2013 amarillissa (amarillissan, amarillissua)<\/p>\n\n\n\n<p>atsalea \u2013 azaleja (azalejan, azalejua)<\/p>\n\n\n\n<p>begonia \u2013 begonie (begonien, begonieda)<\/p>\n\n\n\n<p>hortensia \u2013 hortenzie (hortenzien, hortenzieda)<\/p>\n\n\n\n<p>huonekuusi \u2013 perttikuuzi (perttikuuzen, perttikuusta)<\/p>\n\n\n\n<p>hyasintti \u2013 hiasintta (hiasintan, hiasinttua)<\/p>\n\n\n\n<p>joulubegonia \u2013 ra\u0161tavanbegonie (ra\u0161tavanbegonien, ra\u0161tavanbegonieda)<\/p>\n\n\n\n<p>joulukaktus \u2013 ra\u0161tavankaktussa (ra\u0161tavankaktussan, ra\u0161tavankaktussua)<\/p>\n\n\n\n<p>jouluruusu \u2013 vilunkukka (vilunkukan, vilunkukkua), ra\u0161tavanrouza (ra\u0161tavanrouzan, ra\u0161tavanrouzua)<\/p>\n\n\n\n<p>joulut\u00e4hti \u2013 ra\u0161tavant\u00e4hti (ra\u0161tavant\u00e4hen, ra\u0161tavant\u00e4htie)<\/p>\n\n\n\n<p>kielo \u2013 kielo (kielon, kieluo)<\/p>\n\n\n\n<p>misteli \u2013 misteli (mistelin, mistelie)<\/p>\n\n\n\n<p>orjanlaakeri \u2013 orjanlavra (orjanlavran, orjanlavrua)<\/p>\n\n\n\n<p>orkidea \u2013 orhidei (orhidein, orhideida)<\/p>\n\n\n\n<p>ruusu \u2013 rouza (rouzan, rouzua)<\/p>\n\n\n\n<p>skimmia \u2013 skimmie (skimmien, skimmied\u00e4)<\/p>\n\n\n\n<p>syklaami \u2013 sikluama (sikluaman, sikluamua)<\/p>\n\n\n\n<p>sypressi \u2013 sipressa (sipressan, sipressua)<\/p>\n\n\n\n<p>tasetti \u2013 tasietta (tasietan, tasiettua)<\/p>\n\n\n\n<p>tulilatva \u2013 tuliladva (tuliladvan, tuliladvua)<\/p>\n\n\n\n<p>tulppaani \u2013 t\u2019ulppuana (t\u2019ulppuanan, t\u2019ulppuanua)<\/p>\n","protected":false},"excerpt":{"rendered":"<p>Luadija: Katerina Paalamo Karjalan kielen elvytysprojekta 2023\u20132024 P\u00e4iv\u00e4nnouzu-Suomen yliopisto * T\u00e4st\u00e4 sanassosta l\u00f6ydyy erimoizien kukkien da kazviloin nimil\u00f6i, kudamie Ra\u0161tavan aigah ossetah kodiloin \u010domennuksiksi. * joulukukka \u2013 ra\u0161tavankukka (ra\u0161tavankukan, ra\u0161tavankukkua) * amaryllis \u2013 amarillissa (amarillissan, amarillissua) atsalea \u2013 azaleja (azalejan, azalejua) begonia \u2013 begonie (begonien, begonieda) hortensia \u2013 hortenzie (hortenzien, hortenzieda) huonekuusi \u2013 perttikuuzi (perttikuuzen, [&hellip;]<\/p>\n","protected":false},"author":580,"featured_media":0,"parent":0,"menu_order":0,"comment_status":"closed","ping_status":"closed","template":"","meta":{"_acf_changed":false,"footnotes":""},"class_list":["post-20767","page","type-page","status-publish","hentry"],"acf":[],"yoast_head":"<!-- This site is optimized with the Yoast SEO plugin v27.1.1 - https:\/\/yoast.com\/product\/yoast-seo-wordpress\/ -->\n<title>Ra\u0161tavankukat (suomi\u2013suvikarjala) - Karjalan kielen elvytt\u00e4minen<\/title>\n<meta name=\"robots\" content=\"index, follow, max-snippet:-1, max-image-preview:large, max-video-preview:-1\" \/>\n<link rel=\"canonical\" href=\"https:\/\/blogs.uef.fi\/karjalanelvytys\/rastavankukat-suomi-suvikarjala\/\" \/>\n<meta property=\"og:locale\" content=\"fi_FI\" \/>\n<meta property=\"og:type\" content=\"article\" \/>\n<meta property=\"og:title\" content=\"Ra\u0161tavankukat (suomi\u2013suvikarjala) - Karjalan kielen elvytt\u00e4minen\" \/>\n<meta property=\"og:description\" content=\"Luadija: Katerina Paalamo Karjalan kielen elvytysprojekta 2023\u20132024 P\u00e4iv\u00e4nnouzu-Suomen yliopisto * T\u00e4st\u00e4 sanassosta l\u00f6ydyy erimoizien kukkien da kazviloin nimil\u00f6i, kudamie Ra\u0161tavan aigah ossetah kodiloin \u010domennuksiksi. * joulukukka \u2013 ra\u0161tavankukka (ra\u0161tavankukan, ra\u0161tavankukkua) * amaryllis \u2013 amarillissa (amarillissan, amarillissua) atsalea \u2013 azaleja (azalejan, azalejua) begonia \u2013 begonie (begonien, begonieda) hortensia \u2013 hortenzie (hortenzien, hortenzieda) huonekuusi \u2013 perttikuuzi (perttikuuzen, [&hellip;]\" \/>\n<meta property=\"og:url\" content=\"https:\/\/blogs.uef.fi\/karjalanelvytys\/rastavankukat-suomi-suvikarjala\/\" \/>\n<meta property=\"og:site_name\" content=\"Karjalan kielen elvytt\u00e4minen\" \/>\n<meta property=\"article:modified_time\" content=\"2024-12-02T09:24:34+00:00\" \/>\n<meta property=\"og:image\" content=\"https:\/\/blogs.uef.fi\/karjalanelvytys\/wp-content\/uploads\/sites\/155\/2024\/12\/Picture1.png\" \/>\n\t<meta property=\"og:image:width\" content=\"658\" \/>\n\t<meta property=\"og:image:height\" content=\"658\" \/>\n\t<meta property=\"og:image:type\" content=\"image\/png\" \/>\n<meta name=\"twitter:card\" content=\"summary_large_image\" \/>\n<meta name=\"twitter:label1\" content=\"Arvioitu lukuaika\" \/>\n\t<meta name=\"twitter:data1\" content=\"1 minuutti\" \/>\n<script type=\"application\/ld+json\" class=\"yoast-schema-graph\">{\"@context\":\"https:\/\/schema.org\",\"@graph\":[{\"@type\":\"WebPage\",\"@id\":\"https:\/\/blogs.uef.fi\/karjalanelvytys\/rastavankukat-suomi-suvikarjala\/\",\"url\":\"https:\/\/blogs.uef.fi\/karjalanelvytys\/rastavankukat-suomi-suvikarjala\/\",\"name\":\"Ra\u0161tavankukat (suomi\u2013suvikarjala) - Karjalan kielen elvytt\u00e4minen\",\"isPartOf\":{\"@id\":\"https:\/\/blogs.uef.fi\/karjalanelvytys\/#website\"},\"primaryImageOfPage\":{\"@id\":\"https:\/\/blogs.uef.fi\/karjalanelvytys\/rastavankukat-suomi-suvikarjala\/#primaryimage\"},\"image\":{\"@id\":\"https:\/\/blogs.uef.fi\/karjalanelvytys\/rastavankukat-suomi-suvikarjala\/#primaryimage\"},\"thumbnailUrl\":\"https:\/\/blogs.uef.fi\/karjalanelvytys\/wp-content\/uploads\/sites\/155\/2024\/12\/Picture1.png\",\"datePublished\":\"2024-12-02T09:24:33+00:00\",\"dateModified\":\"2024-12-02T09:24:34+00:00\",\"breadcrumb\":{\"@id\":\"https:\/\/blogs.uef.fi\/karjalanelvytys\/rastavankukat-suomi-suvikarjala\/#breadcrumb\"},\"inLanguage\":\"fi\",\"potentialAction\":[{\"@type\":\"ReadAction\",\"target\":[\"https:\/\/blogs.uef.fi\/karjalanelvytys\/rastavankukat-suomi-suvikarjala\/\"]}]},{\"@type\":\"ImageObject\",\"inLanguage\":\"fi\",\"@id\":\"https:\/\/blogs.uef.fi\/karjalanelvytys\/rastavankukat-suomi-suvikarjala\/#primaryimage\",\"url\":\"https:\/\/blogs.uef.fi\/karjalanelvytys\/wp-content\/uploads\/sites\/155\/2024\/12\/Picture1.png\",\"contentUrl\":\"https:\/\/blogs.uef.fi\/karjalanelvytys\/wp-content\/uploads\/sites\/155\/2024\/12\/Picture1.png\",\"width\":658,\"height\":658},{\"@type\":\"BreadcrumbList\",\"@id\":\"https:\/\/blogs.uef.fi\/karjalanelvytys\/rastavankukat-suomi-suvikarjala\/#breadcrumb\",\"itemListElement\":[{\"@type\":\"ListItem\",\"position\":1,\"name\":\"Home\",\"item\":\"https:\/\/blogs.uef.fi\/karjalanelvytys\/\"},{\"@type\":\"ListItem\",\"position\":2,\"name\":\"Ra\u0161tavankukat (suomi\u2013suvikarjala)\"}]},{\"@type\":\"WebSite\",\"@id\":\"https:\/\/blogs.uef.fi\/karjalanelvytys\/#website\",\"url\":\"https:\/\/blogs.uef.fi\/karjalanelvytys\/\",\"name\":\"Karjalan kielen elvytt\u00e4minen\",\"description\":\"\",\"potentialAction\":[{\"@type\":\"SearchAction\",\"target\":{\"@type\":\"EntryPoint\",\"urlTemplate\":\"https:\/\/blogs.uef.fi\/karjalanelvytys\/?s={search_term_string}\"},\"query-input\":{\"@type\":\"PropertyValueSpecification\",\"valueRequired\":true,\"valueName\":\"search_term_string\"}}],\"inLanguage\":\"fi\"}]}<\/script>\n<!-- \/ Yoast SEO plugin. -->","yoast_head_json":{"title":"Ra\u0161tavankukat (suomi\u2013suvikarjala) - Karjalan kielen elvytt\u00e4minen","robots":{"index":"index","follow":"follow","max-snippet":"max-snippet:-1","max-image-preview":"max-image-preview:large","max-video-preview":"max-video-preview:-1"},"canonical":"https:\/\/blogs.uef.fi\/karjalanelvytys\/rastavankukat-suomi-suvikarjala\/","og_locale":"fi_FI","og_type":"article","og_title":"Ra\u0161tavankukat (suomi\u2013suvikarjala) - Karjalan kielen elvytt\u00e4minen","og_description":"Luadija: Katerina Paalamo Karjalan kielen elvytysprojekta 2023\u20132024 P\u00e4iv\u00e4nnouzu-Suomen yliopisto * T\u00e4st\u00e4 sanassosta l\u00f6ydyy erimoizien kukkien da kazviloin nimil\u00f6i, kudamie Ra\u0161tavan aigah ossetah kodiloin \u010domennuksiksi. * joulukukka \u2013 ra\u0161tavankukka (ra\u0161tavankukan, ra\u0161tavankukkua) * amaryllis \u2013 amarillissa (amarillissan, amarillissua) atsalea \u2013 azaleja (azalejan, azalejua) begonia \u2013 begonie (begonien, begonieda) hortensia \u2013 hortenzie (hortenzien, hortenzieda) huonekuusi \u2013 perttikuuzi (perttikuuzen, [&hellip;]","og_url":"https:\/\/blogs.uef.fi\/karjalanelvytys\/rastavankukat-suomi-suvikarjala\/","og_site_name":"Karjalan kielen elvytt\u00e4minen","article_modified_time":"2024-12-02T09:24:34+00:00","og_image":[{"width":658,"height":658,"url":"https:\/\/blogs.uef.fi\/karjalanelvytys\/wp-content\/uploads\/sites\/155\/2024\/12\/Picture1.png","type":"image\/png"}],"twitter_card":"summary_large_image","twitter_misc":{"Arvioitu lukuaika":"1 minuutti"},"schema":{"@context":"https:\/\/schema.org","@graph":[{"@type":"WebPage","@id":"https:\/\/blogs.uef.fi\/karjalanelvytys\/rastavankukat-suomi-suvikarjala\/","url":"https:\/\/blogs.uef.fi\/karjalanelvytys\/rastavankukat-suomi-suvikarjala\/","name":"Ra\u0161tavankukat (suomi\u2013suvikarjala) - Karjalan kielen elvytt\u00e4minen","isPartOf":{"@id":"https:\/\/blogs.uef.fi\/karjalanelvytys\/#website"},"primaryImageOfPage":{"@id":"https:\/\/blogs.uef.fi\/karjalanelvytys\/rastavankukat-suomi-suvikarjala\/#primaryimage"},"image":{"@id":"https:\/\/blogs.uef.fi\/karjalanelvytys\/rastavankukat-suomi-suvikarjala\/#primaryimage"},"thumbnailUrl":"https:\/\/blogs.uef.fi\/karjalanelvytys\/wp-content\/uploads\/sites\/155\/2024\/12\/Picture1.png","datePublished":"2024-12-02T09:24:33+00:00","dateModified":"2024-12-02T09:24:34+00:00","breadcrumb":{"@id":"https:\/\/blogs.uef.fi\/karjalanelvytys\/rastavankukat-suomi-suvikarjala\/#breadcrumb"},"inLanguage":"fi","potentialAction":[{"@type":"ReadAction","target":["https:\/\/blogs.uef.fi\/karjalanelvytys\/rastavankukat-suomi-suvikarjala\/"]}]},{"@type":"ImageObject","inLanguage":"fi","@id":"https:\/\/blogs.uef.fi\/karjalanelvytys\/rastavankukat-suomi-suvikarjala\/#primaryimage","url":"https:\/\/blogs.uef.fi\/karjalanelvytys\/wp-content\/uploads\/sites\/155\/2024\/12\/Picture1.png","contentUrl":"https:\/\/blogs.uef.fi\/karjalanelvytys\/wp-content\/uploads\/sites\/155\/2024\/12\/Picture1.png","width":658,"height":658},{"@type":"BreadcrumbList","@id":"https:\/\/blogs.uef.fi\/karjalanelvytys\/rastavankukat-suomi-suvikarjala\/#breadcrumb","itemListElement":[{"@type":"ListItem","position":1,"name":"Home","item":"https:\/\/blogs.uef.fi\/karjalanelvytys\/"},{"@type":"ListItem","position":2,"name":"Ra\u0161tavankukat (suomi\u2013suvikarjala)"}]},{"@type":"WebSite","@id":"https:\/\/blogs.uef.fi\/karjalanelvytys\/#website","url":"https:\/\/blogs.uef.fi\/karjalanelvytys\/","name":"Karjalan kielen elvytt\u00e4minen","description":"","potentialAction":[{"@type":"SearchAction","target":{"@type":"EntryPoint","urlTemplate":"https:\/\/blogs.uef.fi\/karjalanelvytys\/?s={search_term_string}"},"query-input":{"@type":"PropertyValueSpecification","valueRequired":true,"valueName":"search_term_string"}}],"inLanguage":"fi"}]}},"_links":{"self":[{"href":"https:\/\/blogs.uef.fi\/karjalanelvytys\/wp-json\/wp\/v2\/pages\/20767","targetHints":{"allow":["GET"]}}],"collection":[{"href":"https:\/\/blogs.uef.fi\/karjalanelvytys\/wp-json\/wp\/v2\/pages"}],"about":[{"href":"https:\/\/blogs.uef.fi\/karjalanelvytys\/wp-json\/wp\/v2\/types\/page"}],"author":[{"embeddable":true,"href":"https:\/\/blogs.uef.fi\/karjalanelvytys\/wp-json\/wp\/v2\/users\/580"}],"replies":[{"embeddable":true,"href":"https:\/\/blogs.uef.fi\/karjalanelvytys\/wp-json\/wp\/v2\/comments?post=20767"}],"version-history":[{"count":1,"href":"https:\/\/blogs.uef.fi\/karjalanelvytys\/wp-json\/wp\/v2\/pages\/20767\/revisions"}],"predecessor-version":[{"id":20773,"href":"https:\/\/blogs.uef.fi\/karjalanelvytys\/wp-json\/wp\/v2\/pages\/20767\/revisions\/20773"}],"wp:attachment":[{"href":"https:\/\/blogs.uef.fi\/karjalanelvytys\/wp-json\/wp\/v2\/media?parent=20767"}],"curies":[{"name":"wp","href":"https:\/\/api.w.org\/{rel}","templated":true}]}}