{"id":2059,"date":"2021-10-18T10:06:46","date_gmt":"2021-10-18T07:06:46","guid":{"rendered":"https:\/\/blogs.uef.fi\/karjalanelvytys\/?page_id=2059"},"modified":"2021-10-18T10:12:46","modified_gmt":"2021-10-18T07:12:46","slug":"puut-suvikarjalaksi","status":"publish","type":"page","link":"https:\/\/blogs.uef.fi\/karjalanelvytys\/puut-suvikarjalaksi\/","title":{"rendered":"Puut suvikarjalaksi"},"content":{"rendered":"<h2><strong>Puut etel\u00e4karjalaksi \u2013 Puut suvikarjalaksi <\/strong><\/h2>\n<p><strong>Luadija: Katerina Paalamo<\/strong><\/p>\n<p>P\u00e4iv\u00e4nnouzu-Suomen yliopisto<\/p>\n<p>Karjalan kielen elvytysprojekta 2021\u20132022<\/p>\n<p>T\u00e4h sanastoh on ker\u00e4tty ylehizembien pohjazessa luonnossa kazvajien seg\u00f6 linnoin da saduloin \u010domennukseksi issutettavien puuloin nimet suvikarjalaksi. Niijen liz\u00e4ksi t\u00e4st\u00e4 sanassosta l\u00f6yvyt\u00e4h i puun ozien nimet seg\u00f6 me\u010d\u010d\u00e4h liittyji\u00e4 sanastuo.<\/p>\n<p><img loading=\"lazy\" decoding=\"async\" class=\"alignnone wp-image-2068 size-medium\" src=\"https:\/\/blogs.uef.fi\/karjalanelvytys\/wp-content\/uploads\/sites\/155\/2021\/10\/puut-KP-300x257.png\" alt=\"Puut\" width=\"300\" height=\"257\" srcset=\"https:\/\/blogs.uef.fi\/karjalanelvytys\/wp-content\/uploads\/sites\/155\/2021\/10\/puut-KP-300x257.png 300w, https:\/\/blogs.uef.fi\/karjalanelvytys\/wp-content\/uploads\/sites\/155\/2021\/10\/puut-KP-768x659.png 768w, https:\/\/blogs.uef.fi\/karjalanelvytys\/wp-content\/uploads\/sites\/155\/2021\/10\/puut-KP.png 795w\" sizes=\"auto, (max-width: 300px) 100vw, 300px\" \/><\/p>\n<p>Kuva: Pixabay<\/p>\n<p>&nbsp;<\/p>\n<p>puu \u2013 puu<\/p>\n<p>havupuu \u2013 havupuu<\/p>\n<p>lehtipuu \u2013 lehtipuu<\/p>\n<p>&nbsp;<\/p>\n<p><strong>Puut \u2013 Puut <\/strong><\/p>\n<table>\n<tbody>\n<tr>\n<td width=\"214\"><strong>suomi<\/strong><\/td>\n<td width=\"214\"><strong>suvikarjala<\/strong><\/td>\n<\/tr>\n<tr>\n<td width=\"214\"><strong>\u00a0<\/strong><\/td>\n<td width=\"214\"><strong>\u00a0<\/strong><\/td>\n<\/tr>\n<tr>\n<td width=\"214\"><strong>Lehtipuut<\/strong><\/td>\n<td width=\"214\"><strong>Lehtipuut<\/strong><\/td>\n<\/tr>\n<tr>\n<td width=\"214\">koivu <em>(Betula)<\/em><\/td>\n<td width=\"214\">koivu<\/td>\n<\/tr>\n<tr>\n<td width=\"214\">hieskoivu (<em>Betula pubescens<\/em>)<\/td>\n<td width=\"214\">hieskoivu<\/td>\n<\/tr>\n<tr>\n<td width=\"214\">rauduskoivu (<em>Betula pendula<\/em>)<\/td>\n<td width=\"214\">rauvuskoivu<\/td>\n<\/tr>\n<tr>\n<td width=\"214\">vaivaiskoivu (<em>Betula nana<\/em>)<\/td>\n<td width=\"214\">vaivaiskoivu<\/td>\n<\/tr>\n<tr>\n<td width=\"214\">lepp\u00e4 (<em>Alnus<\/em>)<\/td>\n<td width=\"214\">lepp\u00e4<\/td>\n<\/tr>\n<tr>\n<td width=\"214\">harmaalepp\u00e4 (<em>Alnus incana<\/em>)<\/td>\n<td width=\"214\">harmualepp\u00e4<\/td>\n<\/tr>\n<tr>\n<td width=\"214\">tervalepp\u00e4 (<em>Alnus glutinosa<\/em>)<\/td>\n<td width=\"214\">tervalepp\u00e4<\/td>\n<\/tr>\n<tr>\n<td width=\"214\">paju (<em>Salix<\/em>)<\/td>\n<td width=\"214\">paju<\/td>\n<\/tr>\n<tr>\n<td width=\"214\">raita (<em>Salix caprea<\/em>)<\/td>\n<td width=\"214\">raida<\/td>\n<\/tr>\n<tr>\n<td width=\"214\">poppeli (<em>Populus<\/em>)<\/td>\n<td width=\"214\">poppeli<\/td>\n<\/tr>\n<tr>\n<td width=\"214\">haapa (<em>Populus tremula<\/em>)<\/td>\n<td width=\"214\">huaba<\/td>\n<\/tr>\n<tr>\n<td width=\"214\">py\u00f6kki (<em>Fagus<\/em>)<\/td>\n<td width=\"214\">py\u00f6kki<\/td>\n<\/tr>\n<tr>\n<td width=\"214\">tammi (<em>Quercus<\/em>)<\/td>\n<td width=\"214\">tammi<\/td>\n<\/tr>\n<tr>\n<td width=\"214\">pihlaja (<em>Sorbus<\/em>)<\/td>\n<td width=\"214\">pihlaja<\/td>\n<\/tr>\n<tr>\n<td width=\"214\">tuomi (<em>Prunus padus<\/em>)<\/td>\n<td width=\"214\">tuomi<\/td>\n<\/tr>\n<tr>\n<td width=\"214\">lehmus (<em>Tilia cordata<\/em>)<\/td>\n<td width=\"214\">niinipuu<\/td>\n<\/tr>\n<tr>\n<td width=\"214\">vaahtera (<em>Acer platanoides<\/em>)<\/td>\n<td width=\"214\">vuahteri<\/td>\n<\/tr>\n<tr>\n<td width=\"214\">jalava (<em>Ulmus<\/em>)<\/td>\n<td width=\"214\">jalaja<\/td>\n<\/tr>\n<tr>\n<td width=\"214\">saarni (<em>Fraxinus excelsior<\/em>)<\/td>\n<td width=\"214\">suarni<\/td>\n<\/tr>\n<tr>\n<td width=\"214\"><\/td>\n<td width=\"214\"><\/td>\n<\/tr>\n<tr>\n<td width=\"214\"><strong>Havupuut<\/strong><\/td>\n<td width=\"214\"><strong>Havupuut<\/strong><\/td>\n<\/tr>\n<tr>\n<td width=\"214\">m\u00e4nty (<em>Pinus sylvestris<\/em>)<\/td>\n<td width=\"214\">ped\u00e4j\u00e4, m\u00e4ndy<\/td>\n<\/tr>\n<tr>\n<td width=\"214\">kuusi (<em>Picea abies<\/em>)<\/td>\n<td width=\"214\">kuuzi<\/td>\n<\/tr>\n<tr>\n<td width=\"214\">lehtikuusi (<em>Larix<\/em>)<\/td>\n<td width=\"214\">lehtikuuzi<\/td>\n<\/tr>\n<tr>\n<td width=\"214\">kataja (<em>Juniperus communis<\/em>)<\/td>\n<td width=\"214\">kadaja<\/td>\n<\/tr>\n<\/tbody>\n<\/table>\n<p>&nbsp;<\/p>\n<p><strong>Lehtipuut \u2013 Lehtipuut <\/strong><\/p>\n<p>haapa (<em>Populus tremula<\/em>) \u2013 huaba<\/p>\n<p>jalava (Ulmus) \u2013 jalaja<\/p>\n<p>koivu (<em>Betula<\/em>) \u2013 koivu<\/p>\n<p>hieskoivu (<em>Betula pubescens<\/em>) \u2013 hieskoivu<\/p>\n<p>rauduskoivu (<em>Betula pendula<\/em>) \u2013 rauvuskoivu<\/p>\n<p>vaivaiskoivu <em>(Betula nana)<\/em> \u2013 vaivaiskoivu<\/p>\n<p>visakoivu <em>(Betula pendula <\/em>var.<em> carelica) <\/em>\u2013 vizakoivu<\/p>\n<p>lehmus <em>(Tilia cordata)<\/em> \u2013 niinipuu<\/p>\n<p>lepp\u00e4 (<em>Alnus<\/em>) \u2013 lepp\u00e4<\/p>\n<p>harmaalepp\u00e4 (<em>Alnus incana<\/em>) \u2013 harmualepp\u00e4<\/p>\n<p>tervalepp\u00e4 (<em>Alnus glutinosa<\/em>) \u2013 tervalepp\u00e4<\/p>\n<p>paju (<em>Salix<\/em>) \u2013 paju<\/p>\n<p>hopeapaju <em>(Salix <\/em>&#8217;Sibirica&#8217;<em>)<\/em> \u2013 hobiepaju<\/p>\n<p>raita <em>(Salix caprea)<\/em> \u2013 raida<\/p>\n<p>pihlaja (<em>Sorbus<\/em>) \u2013 pihlaja<\/p>\n<p>poppeli <em>(Populus) <\/em>\u2013 poppeli<\/p>\n<p>py\u00f6kki <em>(Fagus)<\/em> \u2013 py\u00f6kki<\/p>\n<p>saarni (<em>Fraxinus excelsior<\/em>) \u2013 suarni<\/p>\n<p>tammi (<em>Quercus<\/em>) \u2013 tammi<\/p>\n<p>tuomi (<em>Prunus padus<\/em>) \u2013 tuomi<\/p>\n<p>vaahtera (<em>Acer platanoides<\/em>) \u2013 vuahteri<\/p>\n<p>&nbsp;<\/p>\n<p><strong>Havupuut \u2013 Havupuut <\/strong><\/p>\n<p>kataja (<em>Juniperus communis<\/em>) \u2013 kadaja<\/p>\n<p>kuusi (<em>Picea abies<\/em>) \u2013 kuuzi<\/p>\n<p>n\u00e4re, nuori kuusi \u2013 n\u00e4re<\/p>\n<p>lehtikuusi (<em>Larix<\/em>) \u2013 lehtikuuzi<\/p>\n<p>m\u00e4nty (<em>Pinus sylvestris<\/em>) \u2013 ped\u00e4j\u00e4, m\u00e4ndy<\/p>\n<p>honka, suuri ja vanha, us. my\u00f6s kuivunut m\u00e4nty \u2013 honga<\/p>\n<p>kelo, pystyyn kuivunut kuoreton m\u00e4nty \u2013 kelo<\/p>\n<p>&nbsp;<\/p>\n<p><strong>Puun osat \u2013 Puun ozat<\/strong><\/p>\n<p>juuri \u2013 juuri<\/p>\n<p>runko \u2013 rungo<\/p>\n<p>latva \u2013 ladva<\/p>\n<p>oksa \u2013 oksa<\/p>\n<p>lehti \u2013 lehti<\/p>\n<p>silmu \u2013 lehenkanda<\/p>\n<p>hiirenkorva \u2013 hiirenkorva<\/p>\n<p>Koivun lehdet ovat hiirenkorvalla. \u2013 Koivun lehet ollah hiirenkorvalla.<\/p>\n<p>neulanen \u2013 nieglane<\/p>\n<p>havu \u2013 havu<\/p>\n<p>kukka \u2013 kukka<\/p>\n<p>nuppu \u2013 n\u2019uppu<\/p>\n<p>urpu, norkko (er\u00e4iden lehtipuiden kukinto) \u2013 urba<\/p>\n<p>marja \u2013 marja<\/p>\n<p>terttu \u2013 ryv\u00e4s<\/p>\n<p>marjaterttu \u2013 marjaryv\u00e4s<\/p>\n<p>k\u00e4py \u2013 k\u00e4by<\/p>\n<p>siemen \u2013 siemen<\/p>\n<p>kuori \u2013 kuori<\/p>\n<p>kaarna \u2013 kuarna<\/p>\n<p>tuohi \u2013 tuohi<\/p>\n<p>pahka \u2013 pahka<\/p>\n<p>mahla \u2013 mahla<\/p>\n<p>pihka \u2013 pihka<\/p>\n<p>&nbsp;<\/p>\n<p><strong>Mets\u00e4 \u2013 Me\u010d\u010d\u00e4<\/strong><\/p>\n<p>havumets\u00e4 \u2013 havume\u010d\u010d\u00e4<\/p>\n<p>lehtimets\u00e4 \u2013 lehtime\u010d\u010d\u00e4<\/p>\n<p>kangas \u2013 kangas<\/p>\n<p>korpi, synkk\u00e4 mets\u00e4 \u2013 korbi<\/p>\n<p>harva \u2013 harva<\/p>\n<p>harva mets\u00e4 \u2013 harva me\u010d\u010d\u00e4<\/p>\n<p>tihe\u00e4 \u2013 sagie, tuagie, tihie<\/p>\n<p>tihe\u00e4 mets\u00e4 \u2013 sagie, tuagie, tihie me\u010d\u010d\u00e4<\/p>\n<p>tuuhea, tihe\u00e4oksainen \u2013 turbie<\/p>\n<p>tuuhea kuusi \u2013 turbie kuuzi<\/p>\n<p>haavikko \u2013 huavikko<\/p>\n<p>katajikko \u2013 kadajikko<\/p>\n<p>koivikko \u2013 koivikko<\/p>\n<p>kuusikko \u2013 kuuzikko<\/p>\n<p>lepikk\u00f6 \u2013 lepikk\u00f6<\/p>\n<p>m\u00e4nnikk\u00f6 \u2013 ped\u00e4jikk\u00f6<\/p>\n<p>pajukko \u2013 pajikko<\/p>\n<p>pihlajikko \u2013 pihlajikko<\/p>\n<p>taimikko \u2013 taimenikko<\/p>\n<p>taimi \u2013 taimen<\/p>\n<p>kasvaa \u2013 kazvua<\/p>\n<p>pensas \u2013 tuhjo<\/p>\n<p>vesa, nuori lehtipuu \u2013 veza<\/p>\n<p>kanto \u2013 kando<\/p>\n<p>laho \u2013 laho<\/p>\n<p>varpu \u2013 varba<\/p>\n<p>kanerva \u2013 kannarvo<\/p>\n<p>sammal \u2013 sammal<\/p>\n<p>j\u00e4k\u00e4l\u00e4 \u2013 j\u00e4g\u00e4l\u00e4<\/p>\n<p>naava \u2013 n\u2019uava<\/p>\n<p>sieni (helttasieni) \u2013 sieni<\/p>\n<p>tatti \u2013 griba<\/p>\n<p>&nbsp;<\/p>\n<p>&nbsp;<\/p>\n<p>&nbsp;<\/p>\n<p>&nbsp;<\/p>\n","protected":false},"excerpt":{"rendered":"<p>Puut etel\u00e4karjalaksi \u2013 Puut suvikarjalaksi Luadija: Katerina Paalamo P\u00e4iv\u00e4nnouzu-Suomen yliopisto Karjalan kielen elvytysprojekta 2021\u20132022 T\u00e4h sanastoh on ker\u00e4tty ylehizembien pohjazessa luonnossa kazvajien seg\u00f6 linnoin da saduloin \u010domennukseksi issutettavien puuloin nimet suvikarjalaksi. Niijen liz\u00e4ksi t\u00e4st\u00e4 sanassosta l\u00f6yvyt\u00e4h i puun ozien nimet seg\u00f6 me\u010d\u010d\u00e4h liittyji\u00e4 sanastuo. Kuva: Pixabay &nbsp; puu \u2013 puu havupuu \u2013 havupuu lehtipuu \u2013 [&hellip;]<\/p>\n","protected":false},"author":418,"featured_media":0,"parent":0,"menu_order":0,"comment_status":"closed","ping_status":"closed","template":"","meta":{"_acf_changed":false,"footnotes":""},"class_list":["post-2059","page","type-page","status-publish","hentry"],"acf":[],"yoast_head":"<!-- This site is optimized with the Yoast SEO plugin v27.1.1 - https:\/\/yoast.com\/product\/yoast-seo-wordpress\/ -->\n<title>Puut suvikarjalaksi - Karjalan kielen elvytt\u00e4minen<\/title>\n<meta name=\"robots\" content=\"index, follow, max-snippet:-1, max-image-preview:large, max-video-preview:-1\" \/>\n<link rel=\"canonical\" href=\"https:\/\/blogs.uef.fi\/karjalanelvytys\/puut-suvikarjalaksi\/\" \/>\n<meta property=\"og:locale\" content=\"fi_FI\" \/>\n<meta property=\"og:type\" content=\"article\" \/>\n<meta property=\"og:title\" content=\"Puut suvikarjalaksi - Karjalan kielen elvytt\u00e4minen\" \/>\n<meta property=\"og:description\" content=\"Puut etel\u00e4karjalaksi \u2013 Puut suvikarjalaksi Luadija: Katerina Paalamo P\u00e4iv\u00e4nnouzu-Suomen yliopisto Karjalan kielen elvytysprojekta 2021\u20132022 T\u00e4h sanastoh on ker\u00e4tty ylehizembien pohjazessa luonnossa kazvajien seg\u00f6 linnoin da saduloin \u010domennukseksi issutettavien puuloin nimet suvikarjalaksi. Niijen liz\u00e4ksi t\u00e4st\u00e4 sanassosta l\u00f6yvyt\u00e4h i puun ozien nimet seg\u00f6 me\u010d\u010d\u00e4h liittyji\u00e4 sanastuo. Kuva: Pixabay &nbsp; puu \u2013 puu havupuu \u2013 havupuu lehtipuu \u2013 [&hellip;]\" \/>\n<meta property=\"og:url\" content=\"https:\/\/blogs.uef.fi\/karjalanelvytys\/puut-suvikarjalaksi\/\" \/>\n<meta property=\"og:site_name\" content=\"Karjalan kielen elvytt\u00e4minen\" \/>\n<meta property=\"article:modified_time\" content=\"2021-10-18T07:12:46+00:00\" \/>\n<meta property=\"og:image\" content=\"https:\/\/blogs.uef.fi\/karjalanelvytys\/wp-content\/uploads\/sites\/155\/2021\/10\/puut-KP-300x257.png\" \/>\n<meta name=\"twitter:card\" content=\"summary_large_image\" \/>\n<meta name=\"twitter:label1\" content=\"Arvioitu lukuaika\" \/>\n\t<meta name=\"twitter:data1\" content=\"2 minuuttia\" \/>\n<script type=\"application\/ld+json\" class=\"yoast-schema-graph\">{\"@context\":\"https:\/\/schema.org\",\"@graph\":[{\"@type\":\"WebPage\",\"@id\":\"https:\/\/blogs.uef.fi\/karjalanelvytys\/puut-suvikarjalaksi\/\",\"url\":\"https:\/\/blogs.uef.fi\/karjalanelvytys\/puut-suvikarjalaksi\/\",\"name\":\"Puut suvikarjalaksi - Karjalan kielen elvytt\u00e4minen\",\"isPartOf\":{\"@id\":\"https:\/\/blogs.uef.fi\/karjalanelvytys\/#website\"},\"primaryImageOfPage\":{\"@id\":\"https:\/\/blogs.uef.fi\/karjalanelvytys\/puut-suvikarjalaksi\/#primaryimage\"},\"image\":{\"@id\":\"https:\/\/blogs.uef.fi\/karjalanelvytys\/puut-suvikarjalaksi\/#primaryimage\"},\"thumbnailUrl\":\"https:\/\/blogs.uef.fi\/karjalanelvytys\/wp-content\/uploads\/sites\/155\/2021\/10\/puut-KP-300x257.png\",\"datePublished\":\"2021-10-18T07:06:46+00:00\",\"dateModified\":\"2021-10-18T07:12:46+00:00\",\"breadcrumb\":{\"@id\":\"https:\/\/blogs.uef.fi\/karjalanelvytys\/puut-suvikarjalaksi\/#breadcrumb\"},\"inLanguage\":\"fi\",\"potentialAction\":[{\"@type\":\"ReadAction\",\"target\":[\"https:\/\/blogs.uef.fi\/karjalanelvytys\/puut-suvikarjalaksi\/\"]}]},{\"@type\":\"ImageObject\",\"inLanguage\":\"fi\",\"@id\":\"https:\/\/blogs.uef.fi\/karjalanelvytys\/puut-suvikarjalaksi\/#primaryimage\",\"url\":\"https:\/\/blogs.uef.fi\/karjalanelvytys\/wp-content\/uploads\/sites\/155\/2021\/10\/puut-KP.png\",\"contentUrl\":\"https:\/\/blogs.uef.fi\/karjalanelvytys\/wp-content\/uploads\/sites\/155\/2021\/10\/puut-KP.png\",\"width\":795,\"height\":682},{\"@type\":\"BreadcrumbList\",\"@id\":\"https:\/\/blogs.uef.fi\/karjalanelvytys\/puut-suvikarjalaksi\/#breadcrumb\",\"itemListElement\":[{\"@type\":\"ListItem\",\"position\":1,\"name\":\"Home\",\"item\":\"https:\/\/blogs.uef.fi\/karjalanelvytys\/\"},{\"@type\":\"ListItem\",\"position\":2,\"name\":\"Puut suvikarjalaksi\"}]},{\"@type\":\"WebSite\",\"@id\":\"https:\/\/blogs.uef.fi\/karjalanelvytys\/#website\",\"url\":\"https:\/\/blogs.uef.fi\/karjalanelvytys\/\",\"name\":\"Karjalan kielen elvytt\u00e4minen\",\"description\":\"\",\"potentialAction\":[{\"@type\":\"SearchAction\",\"target\":{\"@type\":\"EntryPoint\",\"urlTemplate\":\"https:\/\/blogs.uef.fi\/karjalanelvytys\/?s={search_term_string}\"},\"query-input\":{\"@type\":\"PropertyValueSpecification\",\"valueRequired\":true,\"valueName\":\"search_term_string\"}}],\"inLanguage\":\"fi\"}]}<\/script>\n<!-- \/ Yoast SEO plugin. -->","yoast_head_json":{"title":"Puut suvikarjalaksi - Karjalan kielen elvytt\u00e4minen","robots":{"index":"index","follow":"follow","max-snippet":"max-snippet:-1","max-image-preview":"max-image-preview:large","max-video-preview":"max-video-preview:-1"},"canonical":"https:\/\/blogs.uef.fi\/karjalanelvytys\/puut-suvikarjalaksi\/","og_locale":"fi_FI","og_type":"article","og_title":"Puut suvikarjalaksi - Karjalan kielen elvytt\u00e4minen","og_description":"Puut etel\u00e4karjalaksi \u2013 Puut suvikarjalaksi Luadija: Katerina Paalamo P\u00e4iv\u00e4nnouzu-Suomen yliopisto Karjalan kielen elvytysprojekta 2021\u20132022 T\u00e4h sanastoh on ker\u00e4tty ylehizembien pohjazessa luonnossa kazvajien seg\u00f6 linnoin da saduloin \u010domennukseksi issutettavien puuloin nimet suvikarjalaksi. Niijen liz\u00e4ksi t\u00e4st\u00e4 sanassosta l\u00f6yvyt\u00e4h i puun ozien nimet seg\u00f6 me\u010d\u010d\u00e4h liittyji\u00e4 sanastuo. Kuva: Pixabay &nbsp; puu \u2013 puu havupuu \u2013 havupuu lehtipuu \u2013 [&hellip;]","og_url":"https:\/\/blogs.uef.fi\/karjalanelvytys\/puut-suvikarjalaksi\/","og_site_name":"Karjalan kielen elvytt\u00e4minen","article_modified_time":"2021-10-18T07:12:46+00:00","og_image":[{"url":"https:\/\/blogs.uef.fi\/karjalanelvytys\/wp-content\/uploads\/sites\/155\/2021\/10\/puut-KP-300x257.png","type":"","width":"","height":""}],"twitter_card":"summary_large_image","twitter_misc":{"Arvioitu lukuaika":"2 minuuttia"},"schema":{"@context":"https:\/\/schema.org","@graph":[{"@type":"WebPage","@id":"https:\/\/blogs.uef.fi\/karjalanelvytys\/puut-suvikarjalaksi\/","url":"https:\/\/blogs.uef.fi\/karjalanelvytys\/puut-suvikarjalaksi\/","name":"Puut suvikarjalaksi - Karjalan kielen elvytt\u00e4minen","isPartOf":{"@id":"https:\/\/blogs.uef.fi\/karjalanelvytys\/#website"},"primaryImageOfPage":{"@id":"https:\/\/blogs.uef.fi\/karjalanelvytys\/puut-suvikarjalaksi\/#primaryimage"},"image":{"@id":"https:\/\/blogs.uef.fi\/karjalanelvytys\/puut-suvikarjalaksi\/#primaryimage"},"thumbnailUrl":"https:\/\/blogs.uef.fi\/karjalanelvytys\/wp-content\/uploads\/sites\/155\/2021\/10\/puut-KP-300x257.png","datePublished":"2021-10-18T07:06:46+00:00","dateModified":"2021-10-18T07:12:46+00:00","breadcrumb":{"@id":"https:\/\/blogs.uef.fi\/karjalanelvytys\/puut-suvikarjalaksi\/#breadcrumb"},"inLanguage":"fi","potentialAction":[{"@type":"ReadAction","target":["https:\/\/blogs.uef.fi\/karjalanelvytys\/puut-suvikarjalaksi\/"]}]},{"@type":"ImageObject","inLanguage":"fi","@id":"https:\/\/blogs.uef.fi\/karjalanelvytys\/puut-suvikarjalaksi\/#primaryimage","url":"https:\/\/blogs.uef.fi\/karjalanelvytys\/wp-content\/uploads\/sites\/155\/2021\/10\/puut-KP.png","contentUrl":"https:\/\/blogs.uef.fi\/karjalanelvytys\/wp-content\/uploads\/sites\/155\/2021\/10\/puut-KP.png","width":795,"height":682},{"@type":"BreadcrumbList","@id":"https:\/\/blogs.uef.fi\/karjalanelvytys\/puut-suvikarjalaksi\/#breadcrumb","itemListElement":[{"@type":"ListItem","position":1,"name":"Home","item":"https:\/\/blogs.uef.fi\/karjalanelvytys\/"},{"@type":"ListItem","position":2,"name":"Puut suvikarjalaksi"}]},{"@type":"WebSite","@id":"https:\/\/blogs.uef.fi\/karjalanelvytys\/#website","url":"https:\/\/blogs.uef.fi\/karjalanelvytys\/","name":"Karjalan kielen elvytt\u00e4minen","description":"","potentialAction":[{"@type":"SearchAction","target":{"@type":"EntryPoint","urlTemplate":"https:\/\/blogs.uef.fi\/karjalanelvytys\/?s={search_term_string}"},"query-input":{"@type":"PropertyValueSpecification","valueRequired":true,"valueName":"search_term_string"}}],"inLanguage":"fi"}]}},"_links":{"self":[{"href":"https:\/\/blogs.uef.fi\/karjalanelvytys\/wp-json\/wp\/v2\/pages\/2059","targetHints":{"allow":["GET"]}}],"collection":[{"href":"https:\/\/blogs.uef.fi\/karjalanelvytys\/wp-json\/wp\/v2\/pages"}],"about":[{"href":"https:\/\/blogs.uef.fi\/karjalanelvytys\/wp-json\/wp\/v2\/types\/page"}],"author":[{"embeddable":true,"href":"https:\/\/blogs.uef.fi\/karjalanelvytys\/wp-json\/wp\/v2\/users\/418"}],"replies":[{"embeddable":true,"href":"https:\/\/blogs.uef.fi\/karjalanelvytys\/wp-json\/wp\/v2\/comments?post=2059"}],"version-history":[{"count":2,"href":"https:\/\/blogs.uef.fi\/karjalanelvytys\/wp-json\/wp\/v2\/pages\/2059\/revisions"}],"predecessor-version":[{"id":2074,"href":"https:\/\/blogs.uef.fi\/karjalanelvytys\/wp-json\/wp\/v2\/pages\/2059\/revisions\/2074"}],"wp:attachment":[{"href":"https:\/\/blogs.uef.fi\/karjalanelvytys\/wp-json\/wp\/v2\/media?parent=2059"}],"curies":[{"name":"wp","href":"https:\/\/api.w.org\/{rel}","templated":true}]}}