{"id":20414,"date":"2024-10-31T12:56:29","date_gmt":"2024-10-31T10:56:29","guid":{"rendered":"https:\/\/blogs.uef.fi\/karjalanelvytys\/?page_id=20414"},"modified":"2024-10-31T12:56:30","modified_gmt":"2024-10-31T10:56:30","slug":"fruktasanasto-suomi-suvikarjala","status":"publish","type":"page","link":"https:\/\/blogs.uef.fi\/karjalanelvytys\/fruktasanasto-suomi-suvikarjala\/","title":{"rendered":"Fruktasanasto (suomi\u2013suvikarjala)"},"content":{"rendered":"\n<p>Luadija: <strong>Katerina Paalamo<\/strong><\/p>\n\n\n\n<p>Karjalan kielen elvytysprojekta 2023\u20132024<\/p>\n\n\n\n<p>P\u00e4iv\u00e4nnouzu-Suomen yliopisto<\/p>\n\n\n\n<p>*<\/p>\n\n\n\n<p>T\u00e4ss\u00e4 sanassossa on tavallizembien fruktoin nimil\u00f6i. Luvettelon fruktat ollah moizie, kumbazie ylehes piet\u00e4h fruktoina, hos kazvitiijollizesti niid\u00e4 voijahgi ka\u010della toizeh tabah.<\/p>\n\n\n\n<p>Sanassosta l\u00f6ydyy viel\u00e4 muudagi fruktoih liittyji\u00e4 sanua. Er\u00e4hien fruktoin yhtevy\u00f6h ezimerkiksi on pandu sen kazvin nimi, kumbazessa mainittu frukta kazvau, da luvettelon loppuh on viel\u00e4 liz\u00e4tty oriehasanastuo.<\/p>\n\n\n\n<figure class=\"wp-block-image size-full is-resized\"><img loading=\"lazy\" decoding=\"async\" width=\"596\" height=\"565\" src=\"https:\/\/blogs.uef.fi\/karjalanelvytys\/wp-content\/uploads\/sites\/155\/2024\/10\/omena.png\" alt=\"\" class=\"wp-image-20417\" style=\"width:400px\" srcset=\"https:\/\/blogs.uef.fi\/karjalanelvytys\/wp-content\/uploads\/sites\/155\/2024\/10\/omena.png 596w, https:\/\/blogs.uef.fi\/karjalanelvytys\/wp-content\/uploads\/sites\/155\/2024\/10\/omena-300x284.png 300w\" sizes=\"auto, (max-width: 596px) 100vw, 596px\" \/><figcaption class=\"wp-element-caption\">Juablokka. Kuva: Pixabay<\/figcaption><\/figure>\n\n\n\n<p>*<\/p>\n\n\n\n<p>hedelm\u00e4 \u2013 frukta (fruktan, fruktua)<\/p>\n\n\n\n<p>*<\/p>\n\n\n\n<p>ananas \u2013 ananassa (ananassan, ananassua)<\/p>\n\n\n\n<p>ananaskirsikka \u2013 ananassavi\u0161n\u2019a (ananassavi\u0161n\u2019an, ananassavi\u0161n\u2019ua); (kasvi) karviaiskoiso (Physalis peruviana) \u2013 perunfizalissa (perunfizalissan, perunfizalissua)<\/p>\n\n\n\n<p>appelsiini \u2013 appelsiina (appelsiinan, appelsiinua)<\/p>\n\n\n\n<p>appelsiinipuu \u2013 appelsiinapuu (appelsiinapuun, appelsiinapuuda)<\/p>\n\n\n\n<p>aprikoosi \u2013 abrikossa (abrikossan, abrikossua)<\/p>\n\n\n\n<p>avokado \u2013 avokado (avokadon, avokaduo)<\/p>\n\n\n\n<p>banaani \u2013 banuana (banuanan, banuanua)<\/p>\n\n\n\n<p>granaattiomena \u2013 granuattajuablokka (granuattajuablokan, granuattajuablokkua)<\/p>\n\n\n\n<p>greippi \u2013 greippi (greipin, greippie)<\/p>\n\n\n\n<p>guava \u2013 guava (guavan, guavua)<\/p>\n\n\n\n<p>hunajameloni \u2013 mezimelona (mezimelonan, mezimelonua)<\/p>\n\n\n\n<p>kaki \u2013 kaki (kakin, kakie), hurma (hurman, hurmua), persimona (persimonan, persimonua)<\/p>\n\n\n\n<p>karambola, t\u00e4htihedelm\u00e4 \u2013 karambola (karambolan, karambolua), t\u00e4htifrukta (t\u00e4htifruktan, t\u00e4htifruktua)<\/p>\n\n\n\n<p>kastanja \u2013 ka\u0161tana (ka\u0161tanan, ka\u0161tanua)<\/p>\n\n\n\n<p>kiivi \u2013 kiivi (kiivin, kiivie)<\/p>\n\n\n\n<p>kirsikka \u2013 vi\u0161n\u2019a (vi\u0161n\u2019an, vi\u0161n\u2019ua)<\/p>\n\n\n\n<p>kirsikkapuu \u2013 vi\u0161n\u2019apuu (vi\u0161n\u2019apuun, vi\u0161n\u2019apuuda)<\/p>\n\n\n\n<p>klementiini \u2013 klementiina (klementiinan, klementiinua)<\/p>\n\n\n\n<p>kookospalmu \u2013 kokossapalma (kokossapalman, kokossapalmua)<\/p>\n\n\n\n<p>kookosp\u00e4hkin\u00e4 \u2013 kokossaorieha (kokossaoriehan, kokossaoriehua)<\/p>\n\n\n\n<p>kriikuna \u2013 ternosliiva (ternosliivan, ternosliivua)<\/p>\n\n\n\n<p>kriikunapuu \u2013 ternosliivapuu (ternosliivapuun, ternosliivapuuda)<\/p>\n\n\n\n<p>kumkvatti \u2013 kumkvatta (kumkvatan, kumkvattua)<\/p>\n\n\n\n<p>kvitteni \u2013 kvittena (kvittenan, kvittenua), aiva (aivan, aivua)<\/p>\n\n\n\n<p>limetti \u2013 limetti (limetin, limettie)<\/p>\n\n\n\n<p>litsi \u2013 li\u010d\u010di (li\u010din, li\u010d\u010die)<\/p>\n\n\n\n<p>luumu \u2013 sliiva (sliivan, sliivua)<\/p>\n\n\n\n<p>luumupuu \u2013 sliivapuu (sliivapuun, sliivapuuda)<\/p>\n\n\n\n<p>mandariini \u2013 mandariina (mandariinan, mandariinua)<\/p>\n\n\n\n<p>mandariinipuu \u2013 mandariinapuu (mandariinapuun, mandariinapuuda)<\/p>\n\n\n\n<p>mango \u2013 mango (mangon, manguo)<\/p>\n\n\n\n<p>meloni \u2013 melona (melonan, melonua)<\/p>\n\n\n\n<p>nektariini \u2013 nektariina (nektariinan, nektariinua)<\/p>\n\n\n\n<p>oliivi \u2013 oliiva (oliivan, oliivua)<\/p>\n\n\n\n<p>oliivipuu \u2013 oliivapuu (oliivapuun, oliivapuuda)<\/p>\n\n\n\n<p>omena \u2013 juablokka (juablokan, juablokkua)<\/p>\n\n\n\n<p>omenapuu \u2013 juablokkapuu (juablokkapun, juablokkapuuda)<\/p>\n\n\n\n<p>papaija \u2013 papaija (papaijan, papaijua)<\/p>\n\n\n\n<p>passiohedelm\u00e4 \u2013 k\u00e4rzimysfrukta (k\u00e4rzimysfruktan, k\u00e4rzimysfruktua); (kasvi) punapassio (Passiflora edulis) \u2013 k\u00e4rzimyskukka (k\u00e4rzimyskukan, k\u00e4rzimyskukkua)<\/p>\n\n\n\n<p>persikka \u2013 persikka (persikan, persikkua)<\/p>\n\n\n\n<p>pomelo \u2013 pomelo (pomelon, pomeluo)<\/p>\n\n\n\n<p>p\u00e4hkin\u00e4; hasselp\u00e4hkin\u00e4 \u2013 orieha (oriehan, oriehua)<\/p>\n\n\n\n<p>p\u00e4hkin\u00e4pensas \u2013 oriehatuhjo (oriehatuhjon, oriehatuhjuo)<\/p>\n\n\n\n<p>p\u00e4\u00e4ryn\u00e4 \u2013 gruu\u0161\u0161a (gruu\u0161\u0161an, gruu\u0161\u0161ua)<\/p>\n\n\n\n<p>p\u00e4\u00e4ryn\u00e4puu \u2013 gruu\u0161\u0161apuu (gruu\u0161\u0161apuun, gruu\u0161\u0161apuuda)<\/p>\n\n\n\n<p>sitruuna \u2013 limona (limonan, limonua)<\/p>\n\n\n\n<p>sitruunapuu \u2013 limonapuu (limonapuun, limonapuuda)<\/p>\n\n\n\n<p>sitruspuu \u2013 sitrussapuu (sitrussapuun, sitrussapuuda)<\/p>\n\n\n\n<p>taateli \u2013 fiinikka (fiinikan, fiinikkua)<\/p>\n\n\n\n<p>taatelipalmu \u2013 fiinikkapalma (fiinikkapalman, fiinikkapalmua)<\/p>\n\n\n\n<p>verkkomeloni \u2013 verkkomelona (verkkomelonan, verkkomelonua)<\/p>\n\n\n\n<p>vesimeloni \u2013 arbuuza (arbuuzan, arbuuzua)<\/p>\n\n\n\n<p>viikuna \u2013 fiiga (fiigan, fiigua)<\/p>\n\n\n\n<p>viiniryp\u00e4le \u2013 viinamarja (viinamarjan, viinamarjua); (kuivattuna) rusina \u2013 izuma (izuman, izumua)<\/p>\n\n\n\n<p>verigreippi \u2013 verigreippi (verigreipin, verigreippie)<\/p>\n\n\n\n<p>*<\/p>\n\n\n\n<p>cashewp\u00e4hkin\u00e4 \u2013 casheworieha (casheworiehan, casheworiehua)<\/p>\n\n\n\n<p>maap\u00e4hkin\u00e4 \u2013 muaorieha (muaoriehan, muaoriehua)<\/p>\n\n\n\n<p>manteli \u2013 mindali (mindalin, mindalie)<\/p>\n\n\n\n<p>parap\u00e4hkin\u00e4 \u2013 paraorieha (paraoriehan, paraoriehua)<\/p>\n\n\n\n<p>pekaanip\u00e4hkin\u00e4 \u2013 pekuanaorieha (pekuanaoriehan, pekuanaoriehua)<\/p>\n\n\n\n<p>pistaasi (Pistacia) \u2013 pistuasie (pistuasien, pistuasieda)<\/p>\n\n\n\n<p>pistaasip\u00e4hkin\u00e4 \u2013 pistuasieorieha (pistuasieoriehan, pistuasieoriehua)<\/p>\n\n\n\n<p>saksanp\u00e4hkin\u00e4 \u2013 saksanorieha (saksanoriehan, saksanoriehua)<\/p>\n","protected":false},"excerpt":{"rendered":"<p>Luadija: Katerina Paalamo Karjalan kielen elvytysprojekta 2023\u20132024 P\u00e4iv\u00e4nnouzu-Suomen yliopisto * T\u00e4ss\u00e4 sanassossa on tavallizembien fruktoin nimil\u00f6i. Luvettelon fruktat ollah moizie, kumbazie ylehes piet\u00e4h fruktoina, hos kazvitiijollizesti niid\u00e4 voijahgi ka\u010della toizeh tabah. Sanassosta l\u00f6ydyy viel\u00e4 muudagi fruktoih liittyji\u00e4 sanua. Er\u00e4hien fruktoin yhtevy\u00f6h ezimerkiksi on pandu sen kazvin nimi, kumbazessa mainittu frukta kazvau, da luvettelon loppuh on [&hellip;]<\/p>\n","protected":false},"author":580,"featured_media":0,"parent":0,"menu_order":0,"comment_status":"closed","ping_status":"closed","template":"","meta":{"_acf_changed":false,"footnotes":""},"class_list":["post-20414","page","type-page","status-publish","hentry"],"acf":[],"yoast_head":"<!-- This site is optimized with the Yoast SEO plugin v27.1.1 - https:\/\/yoast.com\/product\/yoast-seo-wordpress\/ -->\n<title>Fruktasanasto (suomi\u2013suvikarjala) - Karjalan kielen elvytt\u00e4minen<\/title>\n<meta name=\"robots\" content=\"index, follow, max-snippet:-1, max-image-preview:large, max-video-preview:-1\" \/>\n<link rel=\"canonical\" href=\"https:\/\/blogs.uef.fi\/karjalanelvytys\/fruktasanasto-suomi-suvikarjala\/\" \/>\n<meta property=\"og:locale\" content=\"fi_FI\" \/>\n<meta property=\"og:type\" content=\"article\" \/>\n<meta property=\"og:title\" content=\"Fruktasanasto (suomi\u2013suvikarjala) - Karjalan kielen elvytt\u00e4minen\" \/>\n<meta property=\"og:description\" content=\"Luadija: Katerina Paalamo Karjalan kielen elvytysprojekta 2023\u20132024 P\u00e4iv\u00e4nnouzu-Suomen yliopisto * T\u00e4ss\u00e4 sanassossa on tavallizembien fruktoin nimil\u00f6i. Luvettelon fruktat ollah moizie, kumbazie ylehes piet\u00e4h fruktoina, hos kazvitiijollizesti niid\u00e4 voijahgi ka\u010della toizeh tabah. Sanassosta l\u00f6ydyy viel\u00e4 muudagi fruktoih liittyji\u00e4 sanua. Er\u00e4hien fruktoin yhtevy\u00f6h ezimerkiksi on pandu sen kazvin nimi, kumbazessa mainittu frukta kazvau, da luvettelon loppuh on [&hellip;]\" \/>\n<meta property=\"og:url\" content=\"https:\/\/blogs.uef.fi\/karjalanelvytys\/fruktasanasto-suomi-suvikarjala\/\" \/>\n<meta property=\"og:site_name\" content=\"Karjalan kielen elvytt\u00e4minen\" \/>\n<meta property=\"article:modified_time\" content=\"2024-10-31T10:56:30+00:00\" \/>\n<meta property=\"og:image\" content=\"https:\/\/blogs.uef.fi\/karjalanelvytys\/wp-content\/uploads\/sites\/155\/2024\/10\/omena.png\" \/>\n\t<meta property=\"og:image:width\" content=\"596\" \/>\n\t<meta property=\"og:image:height\" content=\"565\" \/>\n\t<meta property=\"og:image:type\" content=\"image\/png\" \/>\n<meta name=\"twitter:card\" content=\"summary_large_image\" \/>\n<meta name=\"twitter:label1\" content=\"Arvioitu lukuaika\" \/>\n\t<meta name=\"twitter:data1\" content=\"3 minuuttia\" \/>\n<script type=\"application\/ld+json\" class=\"yoast-schema-graph\">{\"@context\":\"https:\/\/schema.org\",\"@graph\":[{\"@type\":\"WebPage\",\"@id\":\"https:\/\/blogs.uef.fi\/karjalanelvytys\/fruktasanasto-suomi-suvikarjala\/\",\"url\":\"https:\/\/blogs.uef.fi\/karjalanelvytys\/fruktasanasto-suomi-suvikarjala\/\",\"name\":\"Fruktasanasto (suomi\u2013suvikarjala) - Karjalan kielen elvytt\u00e4minen\",\"isPartOf\":{\"@id\":\"https:\/\/blogs.uef.fi\/karjalanelvytys\/#website\"},\"primaryImageOfPage\":{\"@id\":\"https:\/\/blogs.uef.fi\/karjalanelvytys\/fruktasanasto-suomi-suvikarjala\/#primaryimage\"},\"image\":{\"@id\":\"https:\/\/blogs.uef.fi\/karjalanelvytys\/fruktasanasto-suomi-suvikarjala\/#primaryimage\"},\"thumbnailUrl\":\"https:\/\/blogs.uef.fi\/karjalanelvytys\/wp-content\/uploads\/sites\/155\/2024\/10\/omena.png\",\"datePublished\":\"2024-10-31T10:56:29+00:00\",\"dateModified\":\"2024-10-31T10:56:30+00:00\",\"breadcrumb\":{\"@id\":\"https:\/\/blogs.uef.fi\/karjalanelvytys\/fruktasanasto-suomi-suvikarjala\/#breadcrumb\"},\"inLanguage\":\"fi\",\"potentialAction\":[{\"@type\":\"ReadAction\",\"target\":[\"https:\/\/blogs.uef.fi\/karjalanelvytys\/fruktasanasto-suomi-suvikarjala\/\"]}]},{\"@type\":\"ImageObject\",\"inLanguage\":\"fi\",\"@id\":\"https:\/\/blogs.uef.fi\/karjalanelvytys\/fruktasanasto-suomi-suvikarjala\/#primaryimage\",\"url\":\"https:\/\/blogs.uef.fi\/karjalanelvytys\/wp-content\/uploads\/sites\/155\/2024\/10\/omena.png\",\"contentUrl\":\"https:\/\/blogs.uef.fi\/karjalanelvytys\/wp-content\/uploads\/sites\/155\/2024\/10\/omena.png\",\"width\":596,\"height\":565},{\"@type\":\"BreadcrumbList\",\"@id\":\"https:\/\/blogs.uef.fi\/karjalanelvytys\/fruktasanasto-suomi-suvikarjala\/#breadcrumb\",\"itemListElement\":[{\"@type\":\"ListItem\",\"position\":1,\"name\":\"Home\",\"item\":\"https:\/\/blogs.uef.fi\/karjalanelvytys\/\"},{\"@type\":\"ListItem\",\"position\":2,\"name\":\"Fruktasanasto (suomi\u2013suvikarjala)\"}]},{\"@type\":\"WebSite\",\"@id\":\"https:\/\/blogs.uef.fi\/karjalanelvytys\/#website\",\"url\":\"https:\/\/blogs.uef.fi\/karjalanelvytys\/\",\"name\":\"Karjalan kielen elvytt\u00e4minen\",\"description\":\"\",\"potentialAction\":[{\"@type\":\"SearchAction\",\"target\":{\"@type\":\"EntryPoint\",\"urlTemplate\":\"https:\/\/blogs.uef.fi\/karjalanelvytys\/?s={search_term_string}\"},\"query-input\":{\"@type\":\"PropertyValueSpecification\",\"valueRequired\":true,\"valueName\":\"search_term_string\"}}],\"inLanguage\":\"fi\"}]}<\/script>\n<!-- \/ Yoast SEO plugin. -->","yoast_head_json":{"title":"Fruktasanasto (suomi\u2013suvikarjala) - Karjalan kielen elvytt\u00e4minen","robots":{"index":"index","follow":"follow","max-snippet":"max-snippet:-1","max-image-preview":"max-image-preview:large","max-video-preview":"max-video-preview:-1"},"canonical":"https:\/\/blogs.uef.fi\/karjalanelvytys\/fruktasanasto-suomi-suvikarjala\/","og_locale":"fi_FI","og_type":"article","og_title":"Fruktasanasto (suomi\u2013suvikarjala) - Karjalan kielen elvytt\u00e4minen","og_description":"Luadija: Katerina Paalamo Karjalan kielen elvytysprojekta 2023\u20132024 P\u00e4iv\u00e4nnouzu-Suomen yliopisto * T\u00e4ss\u00e4 sanassossa on tavallizembien fruktoin nimil\u00f6i. Luvettelon fruktat ollah moizie, kumbazie ylehes piet\u00e4h fruktoina, hos kazvitiijollizesti niid\u00e4 voijahgi ka\u010della toizeh tabah. Sanassosta l\u00f6ydyy viel\u00e4 muudagi fruktoih liittyji\u00e4 sanua. Er\u00e4hien fruktoin yhtevy\u00f6h ezimerkiksi on pandu sen kazvin nimi, kumbazessa mainittu frukta kazvau, da luvettelon loppuh on [&hellip;]","og_url":"https:\/\/blogs.uef.fi\/karjalanelvytys\/fruktasanasto-suomi-suvikarjala\/","og_site_name":"Karjalan kielen elvytt\u00e4minen","article_modified_time":"2024-10-31T10:56:30+00:00","og_image":[{"width":596,"height":565,"url":"https:\/\/blogs.uef.fi\/karjalanelvytys\/wp-content\/uploads\/sites\/155\/2024\/10\/omena.png","type":"image\/png"}],"twitter_card":"summary_large_image","twitter_misc":{"Arvioitu lukuaika":"3 minuuttia"},"schema":{"@context":"https:\/\/schema.org","@graph":[{"@type":"WebPage","@id":"https:\/\/blogs.uef.fi\/karjalanelvytys\/fruktasanasto-suomi-suvikarjala\/","url":"https:\/\/blogs.uef.fi\/karjalanelvytys\/fruktasanasto-suomi-suvikarjala\/","name":"Fruktasanasto (suomi\u2013suvikarjala) - Karjalan kielen elvytt\u00e4minen","isPartOf":{"@id":"https:\/\/blogs.uef.fi\/karjalanelvytys\/#website"},"primaryImageOfPage":{"@id":"https:\/\/blogs.uef.fi\/karjalanelvytys\/fruktasanasto-suomi-suvikarjala\/#primaryimage"},"image":{"@id":"https:\/\/blogs.uef.fi\/karjalanelvytys\/fruktasanasto-suomi-suvikarjala\/#primaryimage"},"thumbnailUrl":"https:\/\/blogs.uef.fi\/karjalanelvytys\/wp-content\/uploads\/sites\/155\/2024\/10\/omena.png","datePublished":"2024-10-31T10:56:29+00:00","dateModified":"2024-10-31T10:56:30+00:00","breadcrumb":{"@id":"https:\/\/blogs.uef.fi\/karjalanelvytys\/fruktasanasto-suomi-suvikarjala\/#breadcrumb"},"inLanguage":"fi","potentialAction":[{"@type":"ReadAction","target":["https:\/\/blogs.uef.fi\/karjalanelvytys\/fruktasanasto-suomi-suvikarjala\/"]}]},{"@type":"ImageObject","inLanguage":"fi","@id":"https:\/\/blogs.uef.fi\/karjalanelvytys\/fruktasanasto-suomi-suvikarjala\/#primaryimage","url":"https:\/\/blogs.uef.fi\/karjalanelvytys\/wp-content\/uploads\/sites\/155\/2024\/10\/omena.png","contentUrl":"https:\/\/blogs.uef.fi\/karjalanelvytys\/wp-content\/uploads\/sites\/155\/2024\/10\/omena.png","width":596,"height":565},{"@type":"BreadcrumbList","@id":"https:\/\/blogs.uef.fi\/karjalanelvytys\/fruktasanasto-suomi-suvikarjala\/#breadcrumb","itemListElement":[{"@type":"ListItem","position":1,"name":"Home","item":"https:\/\/blogs.uef.fi\/karjalanelvytys\/"},{"@type":"ListItem","position":2,"name":"Fruktasanasto (suomi\u2013suvikarjala)"}]},{"@type":"WebSite","@id":"https:\/\/blogs.uef.fi\/karjalanelvytys\/#website","url":"https:\/\/blogs.uef.fi\/karjalanelvytys\/","name":"Karjalan kielen elvytt\u00e4minen","description":"","potentialAction":[{"@type":"SearchAction","target":{"@type":"EntryPoint","urlTemplate":"https:\/\/blogs.uef.fi\/karjalanelvytys\/?s={search_term_string}"},"query-input":{"@type":"PropertyValueSpecification","valueRequired":true,"valueName":"search_term_string"}}],"inLanguage":"fi"}]}},"_links":{"self":[{"href":"https:\/\/blogs.uef.fi\/karjalanelvytys\/wp-json\/wp\/v2\/pages\/20414","targetHints":{"allow":["GET"]}}],"collection":[{"href":"https:\/\/blogs.uef.fi\/karjalanelvytys\/wp-json\/wp\/v2\/pages"}],"about":[{"href":"https:\/\/blogs.uef.fi\/karjalanelvytys\/wp-json\/wp\/v2\/types\/page"}],"author":[{"embeddable":true,"href":"https:\/\/blogs.uef.fi\/karjalanelvytys\/wp-json\/wp\/v2\/users\/580"}],"replies":[{"embeddable":true,"href":"https:\/\/blogs.uef.fi\/karjalanelvytys\/wp-json\/wp\/v2\/comments?post=20414"}],"version-history":[{"count":2,"href":"https:\/\/blogs.uef.fi\/karjalanelvytys\/wp-json\/wp\/v2\/pages\/20414\/revisions"}],"predecessor-version":[{"id":20426,"href":"https:\/\/blogs.uef.fi\/karjalanelvytys\/wp-json\/wp\/v2\/pages\/20414\/revisions\/20426"}],"wp:attachment":[{"href":"https:\/\/blogs.uef.fi\/karjalanelvytys\/wp-json\/wp\/v2\/media?parent=20414"}],"curies":[{"name":"wp","href":"https:\/\/api.w.org\/{rel}","templated":true}]}}