{"id":19651,"date":"2024-10-01T10:16:43","date_gmt":"2024-10-01T07:16:43","guid":{"rendered":"https:\/\/blogs.uef.fi\/karjalanelvytys\/?page_id=19651"},"modified":"2024-10-01T10:51:16","modified_gmt":"2024-10-01T07:51:16","slug":"kazvossanasto-suomi-suvikarjala","status":"publish","type":"page","link":"https:\/\/blogs.uef.fi\/karjalanelvytys\/kazvossanasto-suomi-suvikarjala\/","title":{"rendered":"Kazvossanasto (suomi\u2013suvikarjala)"},"content":{"rendered":"\n<p>Luadija: <strong>Katerina Paalamo<\/strong><\/p>\n\n\n\n<p>Karjalan kielen elvytysprojekta 2023\u20132024<\/p>\n\n\n\n<p>P\u00e4iv\u00e4nnouzu-Suomen yliopisto<\/p>\n\n\n\n<p>*<\/p>\n\n\n\n<p>T\u00e4ss\u00e4 sanassossa on tavallizembien kazvoksien nimil\u00f6i. Luvettelon kazvokset ollah moizie, kumbazie ylehes piet\u00e4h kazvoksina, hos niid\u00e4 voijahgi ka\u010della kazvitiijollizesti eri luaduh.<\/p>\n\n\n\n<p>*<\/p>\n\n\n\n<p>juurikasvi, juures \u2013 juurikazvi (juurikazvin, juurikazvie)<\/p>\n\n\n\n<p>kasvi \u2013 kazvi (kazvin, kazvie)<\/p>\n\n\n\n<p>kasvis, vihannes \u2013 kazvos (kazvoksen, kazvosta)<\/p>\n\n\n\n<p>palko \u2013 palgo (pallon, palguo)<\/p>\n\n\n\n<p>palkokasvi \u2013 palgokazvi (palgokazvin, palgokazvie)<\/p>\n\n\n\n<figure class=\"wp-block-image size-full is-resized\"><img loading=\"lazy\" decoding=\"async\" width=\"698\" height=\"668\" src=\"https:\/\/blogs.uef.fi\/karjalanelvytys\/wp-content\/uploads\/sites\/155\/2024\/10\/Picture1.png\" alt=\"\" class=\"wp-image-19654\" style=\"width:400px\" srcset=\"https:\/\/blogs.uef.fi\/karjalanelvytys\/wp-content\/uploads\/sites\/155\/2024\/10\/Picture1.png 698w, https:\/\/blogs.uef.fi\/karjalanelvytys\/wp-content\/uploads\/sites\/155\/2024\/10\/Picture1-300x287.png 300w\" sizes=\"auto, (max-width: 698px) 100vw, 698px\" \/><figcaption class=\"wp-element-caption\">Kapusta. Kuva: Pixabay<\/figcaption><\/figure>\n\n\n\n<p>*<\/p>\n\n\n\n<p>artisokka \u2013 arti\u0161okka (arti\u0161okan, arti\u0161okkua)<\/p>\n\n\n\n<p>bataatti \u2013 batuatta (batuatan, batuattua)<\/p>\n\n\n\n<p>fenkoli \u2013 fenheli (fenhelin, fenhelie)<\/p>\n\n\n\n<p>herne \u2013 herneh (hernehen, herneht\u00e4)<\/p>\n\n\n\n<p>kaali \u2013 kapusta (kapustan ~ kapussan, kapustua)<\/p>\n\n\n\n<p>ker\u00e4kaali \u2013 ker\u00e4kapusta (ker\u00e4kapustan, ker\u00e4kapustua)<\/p>\n\n\n\n<p>kes\u00e4kurpitsa \u2013 kez\u00e4gurbi\u010d\u010da (kez\u00e4gurbi\u010dan, kez\u00e4gurbi\u010d\u010dua)<\/p>\n\n\n\n<p>kukkakaali \u2013 kukkakapusta (kukkakapustan, kukkakapustua)<\/p>\n\n\n\n<p>kurkku \u2013 ogur\u010d\u010da (ogur\u010dan, ogur\u010d\u010dua)<\/p>\n\n\n\n<p>kurpitsa \u2013 gurbi\u010d\u010da (gurbi\u010dan, gurbi\u010d\u010dua), tikva (tikvan, tikvua)<\/p>\n\n\n\n<p>kurttukaali, savoijinkaali \u2013 ruppikapusta (ruppikapustan, ruppikapustua)<\/p>\n\n\n\n<p>kyss\u00e4kaali \u2013 nagriskapusta (nagriskapustan, nagriskapustua)<\/p>\n\n\n\n<p>lanttu \u2013 lanttu (lantun, lanttuo), br\u2019ukva (br\u2019ukvan, br\u2019ukvua)<\/p>\n\n\n\n<p>latva-artisokka \u2013 ladva-arti\u0161okka (ladva-arti\u0161okan, ladva-arti\u0161okkua)<\/p>\n\n\n\n<p>lehtikaali \u2013 lehtikapusta (lehtikapustan, lehtikapustua)<\/p>\n\n\n\n<p>lehtiselleri, varsiselleri, ruotiselleri \u2013 varziselderi (varziselderin, varziselderie)<\/p>\n\n\n\n<p>maa-artisokka \u2013 mua-arti\u0161okka (mua-arti\u0161okan, mua-arti\u0161okkua)<\/p>\n\n\n\n<p>mukulaselleri, juuriselleri \u2013 juuriselderi (juuriselderin, juuriselderie)<\/p>\n\n\n\n<p>munakoiso \u2013 j\u00e4i\u010d\u010d\u00e4frukta (j\u00e4i\u010d\u010d\u00e4fruktan, j\u00e4i\u010d\u010d\u00e4fruktua), bakla\u017euana, (bakla\u017euanan, bakla\u017euanua)<\/p>\n\n\n\n<p>nauris \u2013 nagris (nagrehen, nagrista)<\/p>\n\n\n\n<p>palsternakka \u2013 pasternakka (pasternakan, pasternakkua)<\/p>\n\n\n\n<p>paprika \u2013 paprikka (paprikan, paprikkua)<\/p>\n\n\n\n<p>papu \u2013 pabu (pavun, pabuo)<\/p>\n\n\n\n<p>parsa \u2013 spar\u017ea (spar\u017ean, spar\u017eua)<\/p>\n\n\n\n<p>parsakaali \u2013 spar\u017eakapusta (spar\u017eakapustan, spar\u017eakapustua)<\/p>\n\n\n\n<p>peruna \u2013 kartohka (kartohkan, kartohkua)<\/p>\n\n\n\n<p>pinaatti \u2013 \u0161pinuatta (\u0161pinuatan, \u0161pinuattua)<\/p>\n\n\n\n<p>porkkana \u2013 morkohka (morkohkan, morkohkua)<\/p>\n\n\n\n<p>punajuuri \u2013 ruskiejuuri (ruskiejuuren, ruskiejuurda), sv\u2019okla (sv\u2019oklan, sv\u2019oklua)<\/p>\n\n\n\n<p>purjosipuli \u2013 poreiluukka (poreiluukan, poreiluukkua)<\/p>\n\n\n\n<p>raparperi \u2013 reveni (revenin, revenie)<\/p>\n\n\n\n<p>retiisi \u2013 redissa (redissan, redissua)<\/p>\n\n\n\n<p>retikka \u2013 r\u00f6tk\u00e4 (r\u00f6tk\u00e4n, r\u00f6tki\u00e4)<\/p>\n\n\n\n<p>ruusukaali \u2013 rouzakapusta (rouzakapustan, rouzakapustua)<\/p>\n\n\n\n<p>salaatti \u2013 saluatta (saluatan, saluattua)<\/p>\n\n\n\n<p>selleri \u2013 selderi (selderin, selderie)<\/p>\n\n\n\n<p>sipuli \u2013 luukka (luukan, luukkua)<\/p>\n\n\n\n<p>tomaatti \u2013 tomuatta (tomuatan, tomuattua)<\/p>\n\n\n\n<p>valkosipuli \u2013 \u010dosnokka (\u010dosnokan, \u010dosnokkua)<\/p>\n","protected":false},"excerpt":{"rendered":"<p>Luadija: Katerina Paalamo Karjalan kielen elvytysprojekta 2023\u20132024 P\u00e4iv\u00e4nnouzu-Suomen yliopisto * T\u00e4ss\u00e4 sanassossa on tavallizembien kazvoksien nimil\u00f6i. Luvettelon kazvokset ollah moizie, kumbazie ylehes piet\u00e4h kazvoksina, hos niid\u00e4 voijahgi ka\u010della kazvitiijollizesti eri luaduh. * juurikasvi, juures \u2013 juurikazvi (juurikazvin, juurikazvie) kasvi \u2013 kazvi (kazvin, kazvie) kasvis, vihannes \u2013 kazvos (kazvoksen, kazvosta) palko \u2013 palgo (pallon, palguo) palkokasvi [&hellip;]<\/p>\n","protected":false},"author":580,"featured_media":0,"parent":0,"menu_order":0,"comment_status":"closed","ping_status":"closed","template":"","meta":{"_acf_changed":false,"footnotes":""},"class_list":["post-19651","page","type-page","status-publish","hentry"],"acf":[],"yoast_head":"<!-- This site is optimized with the Yoast SEO plugin v27.3 - https:\/\/yoast.com\/product\/yoast-seo-wordpress\/ -->\n<title>Kazvossanasto (suomi\u2013suvikarjala) - Karjalan kielen elvytt\u00e4minen<\/title>\n<meta name=\"robots\" content=\"index, follow, max-snippet:-1, max-image-preview:large, max-video-preview:-1\" \/>\n<link rel=\"canonical\" href=\"https:\/\/blogs.uef.fi\/karjalanelvytys\/kazvossanasto-suomi-suvikarjala\/\" \/>\n<meta property=\"og:locale\" content=\"fi_FI\" \/>\n<meta property=\"og:type\" content=\"article\" \/>\n<meta property=\"og:title\" content=\"Kazvossanasto (suomi\u2013suvikarjala) - Karjalan kielen elvytt\u00e4minen\" \/>\n<meta property=\"og:description\" content=\"Luadija: Katerina Paalamo Karjalan kielen elvytysprojekta 2023\u20132024 P\u00e4iv\u00e4nnouzu-Suomen yliopisto * T\u00e4ss\u00e4 sanassossa on tavallizembien kazvoksien nimil\u00f6i. Luvettelon kazvokset ollah moizie, kumbazie ylehes piet\u00e4h kazvoksina, hos niid\u00e4 voijahgi ka\u010della kazvitiijollizesti eri luaduh. * juurikasvi, juures \u2013 juurikazvi (juurikazvin, juurikazvie) kasvi \u2013 kazvi (kazvin, kazvie) kasvis, vihannes \u2013 kazvos (kazvoksen, kazvosta) palko \u2013 palgo (pallon, palguo) palkokasvi [&hellip;]\" \/>\n<meta property=\"og:url\" content=\"https:\/\/blogs.uef.fi\/karjalanelvytys\/kazvossanasto-suomi-suvikarjala\/\" \/>\n<meta property=\"og:site_name\" content=\"Karjalan kielen elvytt\u00e4minen\" \/>\n<meta property=\"article:modified_time\" content=\"2024-10-01T07:51:16+00:00\" \/>\n<meta property=\"og:image\" content=\"https:\/\/blogs.uef.fi\/karjalanelvytys\/wp-content\/uploads\/sites\/155\/2024\/10\/Picture1.png\" \/>\n<meta name=\"twitter:card\" content=\"summary_large_image\" \/>\n<meta name=\"twitter:label1\" content=\"Arvioitu lukuaika\" \/>\n\t<meta name=\"twitter:data1\" content=\"2 minuuttia\" \/>\n<script type=\"application\/ld+json\" class=\"yoast-schema-graph\">{\"@context\":\"https:\\\/\\\/schema.org\",\"@graph\":[{\"@type\":\"WebPage\",\"@id\":\"https:\\\/\\\/blogs.uef.fi\\\/karjalanelvytys\\\/kazvossanasto-suomi-suvikarjala\\\/\",\"url\":\"https:\\\/\\\/blogs.uef.fi\\\/karjalanelvytys\\\/kazvossanasto-suomi-suvikarjala\\\/\",\"name\":\"Kazvossanasto (suomi\u2013suvikarjala) - Karjalan kielen elvytt\u00e4minen\",\"isPartOf\":{\"@id\":\"https:\\\/\\\/blogs.uef.fi\\\/karjalanelvytys\\\/#website\"},\"primaryImageOfPage\":{\"@id\":\"https:\\\/\\\/blogs.uef.fi\\\/karjalanelvytys\\\/kazvossanasto-suomi-suvikarjala\\\/#primaryimage\"},\"image\":{\"@id\":\"https:\\\/\\\/blogs.uef.fi\\\/karjalanelvytys\\\/kazvossanasto-suomi-suvikarjala\\\/#primaryimage\"},\"thumbnailUrl\":\"https:\\\/\\\/blogs.uef.fi\\\/karjalanelvytys\\\/wp-content\\\/uploads\\\/sites\\\/155\\\/2024\\\/10\\\/Picture1.png\",\"datePublished\":\"2024-10-01T07:16:43+00:00\",\"dateModified\":\"2024-10-01T07:51:16+00:00\",\"breadcrumb\":{\"@id\":\"https:\\\/\\\/blogs.uef.fi\\\/karjalanelvytys\\\/kazvossanasto-suomi-suvikarjala\\\/#breadcrumb\"},\"inLanguage\":\"fi\",\"potentialAction\":[{\"@type\":\"ReadAction\",\"target\":[\"https:\\\/\\\/blogs.uef.fi\\\/karjalanelvytys\\\/kazvossanasto-suomi-suvikarjala\\\/\"]}]},{\"@type\":\"ImageObject\",\"inLanguage\":\"fi\",\"@id\":\"https:\\\/\\\/blogs.uef.fi\\\/karjalanelvytys\\\/kazvossanasto-suomi-suvikarjala\\\/#primaryimage\",\"url\":\"https:\\\/\\\/blogs.uef.fi\\\/karjalanelvytys\\\/wp-content\\\/uploads\\\/sites\\\/155\\\/2024\\\/10\\\/Picture1.png\",\"contentUrl\":\"https:\\\/\\\/blogs.uef.fi\\\/karjalanelvytys\\\/wp-content\\\/uploads\\\/sites\\\/155\\\/2024\\\/10\\\/Picture1.png\",\"width\":698,\"height\":668},{\"@type\":\"BreadcrumbList\",\"@id\":\"https:\\\/\\\/blogs.uef.fi\\\/karjalanelvytys\\\/kazvossanasto-suomi-suvikarjala\\\/#breadcrumb\",\"itemListElement\":[{\"@type\":\"ListItem\",\"position\":1,\"name\":\"Home\",\"item\":\"https:\\\/\\\/blogs.uef.fi\\\/karjalanelvytys\\\/\"},{\"@type\":\"ListItem\",\"position\":2,\"name\":\"Kazvossanasto (suomi\u2013suvikarjala)\"}]},{\"@type\":\"WebSite\",\"@id\":\"https:\\\/\\\/blogs.uef.fi\\\/karjalanelvytys\\\/#website\",\"url\":\"https:\\\/\\\/blogs.uef.fi\\\/karjalanelvytys\\\/\",\"name\":\"Karjalan kielen elvytt\u00e4minen\",\"description\":\"\",\"potentialAction\":[{\"@type\":\"SearchAction\",\"target\":{\"@type\":\"EntryPoint\",\"urlTemplate\":\"https:\\\/\\\/blogs.uef.fi\\\/karjalanelvytys\\\/?s={search_term_string}\"},\"query-input\":{\"@type\":\"PropertyValueSpecification\",\"valueRequired\":true,\"valueName\":\"search_term_string\"}}],\"inLanguage\":\"fi\"}]}<\/script>\n<!-- \/ Yoast SEO plugin. -->","yoast_head_json":{"title":"Kazvossanasto (suomi\u2013suvikarjala) - Karjalan kielen elvytt\u00e4minen","robots":{"index":"index","follow":"follow","max-snippet":"max-snippet:-1","max-image-preview":"max-image-preview:large","max-video-preview":"max-video-preview:-1"},"canonical":"https:\/\/blogs.uef.fi\/karjalanelvytys\/kazvossanasto-suomi-suvikarjala\/","og_locale":"fi_FI","og_type":"article","og_title":"Kazvossanasto (suomi\u2013suvikarjala) - Karjalan kielen elvytt\u00e4minen","og_description":"Luadija: Katerina Paalamo Karjalan kielen elvytysprojekta 2023\u20132024 P\u00e4iv\u00e4nnouzu-Suomen yliopisto * T\u00e4ss\u00e4 sanassossa on tavallizembien kazvoksien nimil\u00f6i. Luvettelon kazvokset ollah moizie, kumbazie ylehes piet\u00e4h kazvoksina, hos niid\u00e4 voijahgi ka\u010della kazvitiijollizesti eri luaduh. * juurikasvi, juures \u2013 juurikazvi (juurikazvin, juurikazvie) kasvi \u2013 kazvi (kazvin, kazvie) kasvis, vihannes \u2013 kazvos (kazvoksen, kazvosta) palko \u2013 palgo (pallon, palguo) palkokasvi [&hellip;]","og_url":"https:\/\/blogs.uef.fi\/karjalanelvytys\/kazvossanasto-suomi-suvikarjala\/","og_site_name":"Karjalan kielen elvytt\u00e4minen","article_modified_time":"2024-10-01T07:51:16+00:00","og_image":[{"url":"https:\/\/blogs.uef.fi\/karjalanelvytys\/wp-content\/uploads\/sites\/155\/2024\/10\/Picture1.png","type":"","width":"","height":""}],"twitter_card":"summary_large_image","twitter_misc":{"Arvioitu lukuaika":"2 minuuttia"},"schema":{"@context":"https:\/\/schema.org","@graph":[{"@type":"WebPage","@id":"https:\/\/blogs.uef.fi\/karjalanelvytys\/kazvossanasto-suomi-suvikarjala\/","url":"https:\/\/blogs.uef.fi\/karjalanelvytys\/kazvossanasto-suomi-suvikarjala\/","name":"Kazvossanasto (suomi\u2013suvikarjala) - Karjalan kielen elvytt\u00e4minen","isPartOf":{"@id":"https:\/\/blogs.uef.fi\/karjalanelvytys\/#website"},"primaryImageOfPage":{"@id":"https:\/\/blogs.uef.fi\/karjalanelvytys\/kazvossanasto-suomi-suvikarjala\/#primaryimage"},"image":{"@id":"https:\/\/blogs.uef.fi\/karjalanelvytys\/kazvossanasto-suomi-suvikarjala\/#primaryimage"},"thumbnailUrl":"https:\/\/blogs.uef.fi\/karjalanelvytys\/wp-content\/uploads\/sites\/155\/2024\/10\/Picture1.png","datePublished":"2024-10-01T07:16:43+00:00","dateModified":"2024-10-01T07:51:16+00:00","breadcrumb":{"@id":"https:\/\/blogs.uef.fi\/karjalanelvytys\/kazvossanasto-suomi-suvikarjala\/#breadcrumb"},"inLanguage":"fi","potentialAction":[{"@type":"ReadAction","target":["https:\/\/blogs.uef.fi\/karjalanelvytys\/kazvossanasto-suomi-suvikarjala\/"]}]},{"@type":"ImageObject","inLanguage":"fi","@id":"https:\/\/blogs.uef.fi\/karjalanelvytys\/kazvossanasto-suomi-suvikarjala\/#primaryimage","url":"https:\/\/blogs.uef.fi\/karjalanelvytys\/wp-content\/uploads\/sites\/155\/2024\/10\/Picture1.png","contentUrl":"https:\/\/blogs.uef.fi\/karjalanelvytys\/wp-content\/uploads\/sites\/155\/2024\/10\/Picture1.png","width":698,"height":668},{"@type":"BreadcrumbList","@id":"https:\/\/blogs.uef.fi\/karjalanelvytys\/kazvossanasto-suomi-suvikarjala\/#breadcrumb","itemListElement":[{"@type":"ListItem","position":1,"name":"Home","item":"https:\/\/blogs.uef.fi\/karjalanelvytys\/"},{"@type":"ListItem","position":2,"name":"Kazvossanasto (suomi\u2013suvikarjala)"}]},{"@type":"WebSite","@id":"https:\/\/blogs.uef.fi\/karjalanelvytys\/#website","url":"https:\/\/blogs.uef.fi\/karjalanelvytys\/","name":"Karjalan kielen elvytt\u00e4minen","description":"","potentialAction":[{"@type":"SearchAction","target":{"@type":"EntryPoint","urlTemplate":"https:\/\/blogs.uef.fi\/karjalanelvytys\/?s={search_term_string}"},"query-input":{"@type":"PropertyValueSpecification","valueRequired":true,"valueName":"search_term_string"}}],"inLanguage":"fi"}]}},"_links":{"self":[{"href":"https:\/\/blogs.uef.fi\/karjalanelvytys\/wp-json\/wp\/v2\/pages\/19651","targetHints":{"allow":["GET"]}}],"collection":[{"href":"https:\/\/blogs.uef.fi\/karjalanelvytys\/wp-json\/wp\/v2\/pages"}],"about":[{"href":"https:\/\/blogs.uef.fi\/karjalanelvytys\/wp-json\/wp\/v2\/types\/page"}],"author":[{"embeddable":true,"href":"https:\/\/blogs.uef.fi\/karjalanelvytys\/wp-json\/wp\/v2\/users\/580"}],"replies":[{"embeddable":true,"href":"https:\/\/blogs.uef.fi\/karjalanelvytys\/wp-json\/wp\/v2\/comments?post=19651"}],"version-history":[{"count":1,"href":"https:\/\/blogs.uef.fi\/karjalanelvytys\/wp-json\/wp\/v2\/pages\/19651\/revisions"}],"predecessor-version":[{"id":19671,"href":"https:\/\/blogs.uef.fi\/karjalanelvytys\/wp-json\/wp\/v2\/pages\/19651\/revisions\/19671"}],"wp:attachment":[{"href":"https:\/\/blogs.uef.fi\/karjalanelvytys\/wp-json\/wp\/v2\/media?parent=19651"}],"curies":[{"name":"wp","href":"https:\/\/api.w.org\/{rel}","templated":true}]}}