{"id":18926,"date":"2024-09-13T13:00:00","date_gmt":"2024-09-13T10:00:00","guid":{"rendered":"https:\/\/blogs.uef.fi\/karjalanelvytys\/?page_id=18926"},"modified":"2026-01-29T15:20:27","modified_gmt":"2026-01-29T13:20:27","slug":"lapsien-cuppu","status":"publish","type":"page","link":"https:\/\/blogs.uef.fi\/karjalanelvytys\/lapsien-cuppu\/","title":{"rendered":"Lapsien \u010duppu"},"content":{"rendered":"\n<h5 class=\"wp-block-heading\">Tule terveh Lapsien \u010duppuh! <\/h5>\n\n\n\n<p>\u010cuppu keri\u00e4y yhteh kohtah elvytysprojektan da toizien ristikanzoin da yhtehist\u00f6l\u00f6in luajitut materjualat lapsih ni\u0161koi. Kaikkii luvettelon materjualoi voit k\u00e4ytti\u00e4 ilmai (kirjat l\u00f6vv\u00e4t kirjastos). Er\u00e4h\u00e4t materjualois on luajittu juuri lapsile, toizet muite vai ollah vessel\u00e4t da p\u00e4it\u00e4h se\u017eo lapsien k\u00e4ytt\u00f6h.<\/p>\n\n\n\n<p>Sivun loppuh on li\u017e\u00e4kse ker\u00e4tty linkua tekstoih, videoloih da toizih materjualoih, kudamat voijah olla avukse, konzu planiirui\u010det karjalan pagizendua lapsenke.<\/p>\n\n\n\n<figure class=\"wp-block-image size-large is-resized\"><img loading=\"lazy\" decoding=\"async\" width=\"737\" height=\"1024\" src=\"https:\/\/blogs.uef.fi\/karjalanelvytys\/wp-content\/uploads\/sites\/155\/2024\/09\/ilmapallot_tytto_SManty-737x1024.jpg\" alt=\"\" class=\"wp-image-19391\" style=\"width:400px\" srcset=\"https:\/\/blogs.uef.fi\/karjalanelvytys\/wp-content\/uploads\/sites\/155\/2024\/09\/ilmapallot_tytto_SManty-737x1024.jpg 737w, https:\/\/blogs.uef.fi\/karjalanelvytys\/wp-content\/uploads\/sites\/155\/2024\/09\/ilmapallot_tytto_SManty-216x300.jpg 216w, https:\/\/blogs.uef.fi\/karjalanelvytys\/wp-content\/uploads\/sites\/155\/2024\/09\/ilmapallot_tytto_SManty-768x1067.jpg 768w, https:\/\/blogs.uef.fi\/karjalanelvytys\/wp-content\/uploads\/sites\/155\/2024\/09\/ilmapallot_tytto_SManty-1106x1536.jpg 1106w, https:\/\/blogs.uef.fi\/karjalanelvytys\/wp-content\/uploads\/sites\/155\/2024\/09\/ilmapallot_tytto_SManty-1474x2048.jpg 1474w, https:\/\/blogs.uef.fi\/karjalanelvytys\/wp-content\/uploads\/sites\/155\/2024\/09\/ilmapallot_tytto_SManty-scaled.jpg 1843w\" sizes=\"auto, (max-width: 737px) 100vw, 737px\" \/><figcaption class=\"wp-element-caption\">Kuva: Sirpa M\u00e4nty<\/figcaption><\/figure>\n\n\n\n<h3 class=\"wp-block-heading\">Karjalan elvytyksen materjualat<\/h3>\n\n\n\n<p>Ohjeita kielikummiudesta kiinnostuneille suomeksi. <a href=\"https:\/\/blogs.uef.fi\/karjalanelvytys\/ohjeita-kielikummiudesta-kiinnostuneille\/\">Linku.<\/a><\/p>\n\n\n\n<p>Ohjavuo kielikuomatoimindah. <a href=\"https:\/\/blogs.uef.fi\/karjalanelvytys\/ohjavuo-kielikuomatoimindah\/\">Linku.<\/a><\/p>\n\n\n\n<p>Kisa\u0161ana\u0161to \u2013 Kizasanasto \u2013 Ki\u017easanasto (kai murdehet). <a href=\"https:\/\/blogs.uef.fi\/karjalanelvytys\/kisasanasto-kizasanasto-kizasanasto\/\">Linku.<\/a><\/p>\n\n\n\n<p>Pikko pieni veduri -pajo (suvikarjala). <a href=\"https:\/\/blogs.uef.fi\/karjalanelvytys\/pikko-pieni-veduri\/\">Linku.<\/a><\/p>\n\n\n\n<p>Karjalankielizet lorukartit (kai murdehet). <a href=\"https:\/\/blogs.uef.fi\/karjalanelvytys\/loruhetket-karjalaksi\/\">Linku.<\/a><\/p>\n\n\n\n<p>Milan perehen p\u00e4iv\u00e4 -verkko-opa\u0161\u0161usmaterjualat (vienankarjala). <a href=\"https:\/\/www.karjalansivistysseura.fi\/oppimateriaalit\/milan-perehen-paiva-verkko-opassusmaterijalit-vienankarjalaksi\/\">Linku.<\/a><\/p>\n\n\n\n<p>V\u00e4risanasto (vienankarjala). <a href=\"https:\/\/blogs.uef.fi\/karjalanelvytys\/varit-suomi-vienankarjala\/\">Linku.<\/a><\/p>\n\n\n\n<p>Karjalan noumerot (kai murdehet). <a href=\"https:\/\/blogs.uef.fi\/karjalanelvytys\/numeralit-lukusanat-numerualat-lugusanat-numerualat-lugusanat\/\">Linku.<\/a><\/p>\n\n\n\n<p>Lap\u0161enkielen \u0161anasto (vienankarjala). <a href=\"https:\/\/blogs.uef.fi\/karjalanelvytys\/lapsenkielen-sanasto-vienankarjala\/\">Linku.<\/a><\/p>\n\n\n\n<p>Muamoloinp\u00e4iv\u00e4n sanasto (suvikarjala). <a href=\"https:\/\/blogs.uef.fi\/karjalanelvytys\/aitienpaivasanastoa\/\">Linku.<\/a><\/p>\n\n\n\n<p>Me\u010d\u010d\u00e4marjat vienankarjalak\u0161i kikin juohattamana (vienankarjala). <a href=\"https:\/\/blogs.uef.fi\/karjalanelvytys\/wp-content\/uploads\/sites\/155\/2021\/11\/Meccamarjat-2021.pdf\">Linku.<\/a><\/p>\n\n\n\n<p>Paavo Harakan starinaki\u00e4nn\u00f6kset (suvikarjala). <a href=\"https:\/\/blogs.uef.fi\/karjalanelvytys\/paavo-harakan-starinakiannokset\/\">Linku.<\/a><\/p>\n\n\n\n<h3 class=\"wp-block-heading\">Toiziel jullatut materjualat<\/h3>\n\n\n\n<p>Pdf-muotoiset lastenkirjat Karjalan Sivistysseuran sivuilla (vienan- ja livvinkarjala). <a href=\"https:\/\/www.karjalansivistysseura.fi\/verkkoaineistot\/tarinat\/lastenkirjat\/\">Linku.<\/a><\/p>\n\n\n\n<p>Opi vienankarjalaa -pelit internetas (vienankarjala). <a href=\"https:\/\/opivienankarjalaa.fi\/\">Linku.<\/a><\/p>\n\n\n\n<p>Ru\u0161kie\u0161li\u00e4pp\u00e4-tytt\u00f6ni -suarnu Youtubes (vienankarjala). <a href=\"https:\/\/www.youtube.com\/watch?v=aQj_kMbYFu4\">Linku.<\/a><\/p>\n\n\n\n<p>Kaunikki ta Hirvi\u010d\u010dy -suarnu Youtubes (vienankarjala). <a href=\"https:\/\/www.youtube.com\/watch?v=Ovju3yjYSXQ\">Linku.<\/a><\/p>\n\n\n\n<p>Mul&#8217;tiekat karjalankielizel tekstaituksel (vienankarjala). <a href=\"https:\/\/www.youtube.com\/@mecanmuurninkiantaja9509\/featured\">Linku.<\/a><\/p>\n\n\n\n<p>Vienalazii lapsienpajozii -pdf-kirju (vienankarjala). <a href=\"https:\/\/edition.fi\/suomalaisugrilainenseura\/catalog\/book\/1005\">Linku.<\/a><\/p>\n\n\n\n<p>Maman kev\u00e4tpajoine -karaokepajo (livvinkarjala). <a href=\"https:\/\/www.youtube.com\/watch?v=TOs_Qdhd3Is\">Linku.<\/a><\/p>\n\n\n\n<p>Metrolla buabon luo -karaokepajo (suvikarjala). <a href=\"https:\/\/www.youtube.com\/watch?v=qSHFJ809rts\">Linku.<\/a><\/p>\n\n\n\n<h3 class=\"wp-block-heading\">Kirjalli\u017euttu da opastundukniigua<\/h3>\n\n\n\n<p><strong>Natalia Antonova<\/strong>: Lapsen kanssa karjalaksi\/Lap\u0161en kera karjalak\u0161i\/Lapsenke karjalakse<\/p>\n\n\n\n<p><strong>L. Frank Baum<\/strong>: Ozan tiedoiniekku<\/p>\n\n\n\n<p><strong>Paavo Harakka<\/strong>: J\u00e4n\u00f6n da suojusl\u00f6t\u00f6in juoksukiza ja muita karjalankelisi\u00e4 satuja lapsille<\/p>\n\n\n\n<p><strong>Maria Kuismin <\/strong>&amp; <strong>Juuli K\u00e4h\u00e4ri<\/strong>: Kirjutan i\u010de 1: Harjoituskogomus lugemizen da kirjuttamizen opastundah ni\u0161koi<\/p>\n\n\n\n<p><strong>Tuomo Kondie<\/strong>, <strong>Jorma Salonen<\/strong> &amp; <strong>Marie-Therese Olenius-Noopila<\/strong>: Kalle-varoin starinoi<\/p>\n\n\n\n<p><strong>Astrid Lingdren<\/strong>: Peppi Pitkysukku, Peppi Pitkysukku suvimerel da Peppi Pitkysukku nouzou laivale<\/p>\n\n\n\n<p><strong>Astrid Lindgren<\/strong>: L\u00f6nnivuaran Eemeli<\/p>\n\n\n\n<p><strong>Katerina Paalamo (toim.)<\/strong>: Uarreh peitos<\/p>\n\n\n\n<p><strong>Katerina Paalamo<\/strong> &amp; <strong>Sanna Hukkanen<\/strong>: Otavaisen kruunu\/Odavan koronu\/Adaman gruunu ja Adaman gruunu -muistokiza<\/p>\n\n\n\n<p><strong>Marjukka Patrakka<\/strong> &amp;<strong> Ritva Lampivuo<\/strong>: \u0160uuri kondie<\/p>\n\n\n\n<p><strong>Edward Uspenski<\/strong>: Huoti-ti\u00e4t\u00e4, ki\u0161\u0161a ta koira<\/p>\n\n\n\n<h3 class=\"wp-block-heading\">Abuu, ezimerkii da nevvuo<\/h3>\n\n\n\n<p><strong>Opastusvideot livvinkarjalakse<\/strong> (livvinkarjala). <a href=\"https:\/\/blogs.uef.fi\/karjalanelvytys\/opastusvideot-livvinkarjala\/\">Linku.<\/a><\/p>\n\n\n\n<p>Er\u00e4his videolois vahnembat da lapset paistah toine toizenke livvinkarjalakse. Ka\u010do n\u00e4mm\u00e4 videot:<\/p>\n\n\n\n<ul class=\"wp-block-list\">\n<li>Lapsi da kodikieli<\/li>\n\n\n\n<li>Lapsienke puustos<\/li>\n\n\n\n<li>Muamat paistah da elostetah<\/li>\n\n\n\n<li>Maria l\u00f6ydi oman karjalan kielen<\/li>\n\n\n\n<li>Iivo-poigu da muamo yhtesruavos<\/li>\n\n\n\n<li>Muamanke me\u010d\u00e4s<\/li>\n\n\n\n<li>Rinoin # Omua \u010domua<\/li>\n\n\n\n<li>Karjalankieline dovari\u0161\u0161u Savonlinnas.<\/li>\n<\/ul>\n\n\n\n<p><strong>Opastusvideot vienankarjalakse<\/strong> (vienankarjala). <a href=\"https:\/\/blogs.uef.fi\/karjalanelvytys\/opassusvideot-vienankarjala\/\">Linku.<\/a><\/p>\n\n\n\n<p>Er\u00e4his videolois vanhembat da lapset paistah toine toizenke vienankarjalakse da vanhembat mustellah, mittumua oli ruveta k\u00e4ytt\u00e4m\u00e4h karjalua lastu vuottajes. Ka\u010do n\u00e4mm\u00e4 videot:<\/p>\n\n\n\n<ul class=\"wp-block-list\">\n<li>Lap\u0161i lukijana<\/li>\n\n\n\n<li>Pekka: Karjalan kieli my\u00f6\u0161tyy miun elok\u0161eh<\/li>\n\n\n\n<li>Olga: Kielenelvytt\u00e4j\u00e4n kallis pakinanvuoro<\/li>\n\n\n\n<li>Miitrei<\/li>\n<\/ul>\n\n\n\n<p>Kaksplus-verkkolehten suomenkieline tekstu karjalan pagizendas lapsiperehes. <a href=\"https:\/\/kaksplus.fi\/vanhemmuus\/kasvatus\/muista-puhua-meille-karjalan-kielta-arin-esikoinen-kehottaa-perheenisa-opetteli-sukunsa-kielen-ja-kommunikoi-silla-nyt-lapsilleen\/\">Linku.<\/a><\/p>\n\n\n\n<p>Saamen kielil\u00f6in kois pagizendah ni\u0161koi kirjutettu Onko kieli kotona? -eziteh. <a href=\"https:\/\/www.samediggi.fi\/wp-content\/uploads\/2021\/02\/OnkoKieliKotona_FI.pdf\">Linku.<\/a><\/p>\n","protected":false},"excerpt":{"rendered":"<p>Tule terveh Lapsien \u010duppuh! \u010cuppu keri\u00e4y yhteh kohtah elvytysprojektan da toizien ristikanzoin da yhtehist\u00f6l\u00f6in luajitut materjualat lapsih ni\u0161koi. Kaikkii luvettelon materjualoi voit k\u00e4ytti\u00e4 ilmai (kirjat l\u00f6vv\u00e4t kirjastos). Er\u00e4h\u00e4t materjualois on luajittu juuri lapsile, toizet muite vai ollah vessel\u00e4t da p\u00e4it\u00e4h se\u017eo lapsien k\u00e4ytt\u00f6h. Sivun loppuh on li\u017e\u00e4kse ker\u00e4tty linkua tekstoih, videoloih da toizih materjualoih, kudamat [&hellip;]<\/p>\n","protected":false},"author":580,"featured_media":0,"parent":0,"menu_order":0,"comment_status":"closed","ping_status":"closed","template":"","meta":{"_acf_changed":false,"footnotes":""},"class_list":["post-18926","page","type-page","status-publish","hentry"],"acf":[],"yoast_head":"<!-- This site is optimized with the Yoast SEO plugin v27.1.1 - https:\/\/yoast.com\/product\/yoast-seo-wordpress\/ -->\n<title>Lapsien \u010duppu - Karjalan kielen elvytt\u00e4minen<\/title>\n<meta name=\"robots\" content=\"index, follow, max-snippet:-1, max-image-preview:large, max-video-preview:-1\" \/>\n<link rel=\"canonical\" href=\"https:\/\/blogs.uef.fi\/karjalanelvytys\/lapsien-cuppu\/\" \/>\n<meta property=\"og:locale\" content=\"fi_FI\" \/>\n<meta property=\"og:type\" content=\"article\" \/>\n<meta property=\"og:title\" content=\"Lapsien \u010duppu - Karjalan kielen elvytt\u00e4minen\" \/>\n<meta property=\"og:description\" content=\"Tule terveh Lapsien \u010duppuh! \u010cuppu keri\u00e4y yhteh kohtah elvytysprojektan da toizien ristikanzoin da yhtehist\u00f6l\u00f6in luajitut materjualat lapsih ni\u0161koi. Kaikkii luvettelon materjualoi voit k\u00e4ytti\u00e4 ilmai (kirjat l\u00f6vv\u00e4t kirjastos). Er\u00e4h\u00e4t materjualois on luajittu juuri lapsile, toizet muite vai ollah vessel\u00e4t da p\u00e4it\u00e4h se\u017eo lapsien k\u00e4ytt\u00f6h. Sivun loppuh on li\u017e\u00e4kse ker\u00e4tty linkua tekstoih, videoloih da toizih materjualoih, kudamat [&hellip;]\" \/>\n<meta property=\"og:url\" content=\"https:\/\/blogs.uef.fi\/karjalanelvytys\/lapsien-cuppu\/\" \/>\n<meta property=\"og:site_name\" content=\"Karjalan kielen elvytt\u00e4minen\" \/>\n<meta property=\"article:modified_time\" content=\"2026-01-29T13:20:27+00:00\" \/>\n<meta property=\"og:image\" content=\"https:\/\/blogs.uef.fi\/karjalanelvytys\/wp-content\/uploads\/sites\/155\/2024\/09\/ilmapallot_tytto_SManty-scaled.jpg\" \/>\n\t<meta property=\"og:image:width\" content=\"1843\" \/>\n\t<meta property=\"og:image:height\" content=\"2560\" \/>\n\t<meta property=\"og:image:type\" content=\"image\/jpeg\" \/>\n<meta name=\"twitter:card\" content=\"summary_large_image\" \/>\n<meta name=\"twitter:label1\" content=\"Arvioitu lukuaika\" \/>\n\t<meta name=\"twitter:data1\" content=\"3 minuuttia\" \/>\n<script type=\"application\/ld+json\" class=\"yoast-schema-graph\">{\"@context\":\"https:\/\/schema.org\",\"@graph\":[{\"@type\":\"WebPage\",\"@id\":\"https:\/\/blogs.uef.fi\/karjalanelvytys\/lapsien-cuppu\/\",\"url\":\"https:\/\/blogs.uef.fi\/karjalanelvytys\/lapsien-cuppu\/\",\"name\":\"Lapsien \u010duppu - Karjalan kielen elvytt\u00e4minen\",\"isPartOf\":{\"@id\":\"https:\/\/blogs.uef.fi\/karjalanelvytys\/#website\"},\"primaryImageOfPage\":{\"@id\":\"https:\/\/blogs.uef.fi\/karjalanelvytys\/lapsien-cuppu\/#primaryimage\"},\"image\":{\"@id\":\"https:\/\/blogs.uef.fi\/karjalanelvytys\/lapsien-cuppu\/#primaryimage\"},\"thumbnailUrl\":\"https:\/\/blogs.uef.fi\/karjalanelvytys\/wp-content\/uploads\/sites\/155\/2024\/09\/ilmapallot_tytto_SManty-737x1024.jpg\",\"datePublished\":\"2024-09-13T10:00:00+00:00\",\"dateModified\":\"2026-01-29T13:20:27+00:00\",\"breadcrumb\":{\"@id\":\"https:\/\/blogs.uef.fi\/karjalanelvytys\/lapsien-cuppu\/#breadcrumb\"},\"inLanguage\":\"fi\",\"potentialAction\":[{\"@type\":\"ReadAction\",\"target\":[\"https:\/\/blogs.uef.fi\/karjalanelvytys\/lapsien-cuppu\/\"]}]},{\"@type\":\"ImageObject\",\"inLanguage\":\"fi\",\"@id\":\"https:\/\/blogs.uef.fi\/karjalanelvytys\/lapsien-cuppu\/#primaryimage\",\"url\":\"https:\/\/blogs.uef.fi\/karjalanelvytys\/wp-content\/uploads\/sites\/155\/2024\/09\/ilmapallot_tytto_SManty-scaled.jpg\",\"contentUrl\":\"https:\/\/blogs.uef.fi\/karjalanelvytys\/wp-content\/uploads\/sites\/155\/2024\/09\/ilmapallot_tytto_SManty-scaled.jpg\",\"width\":1843,\"height\":2560},{\"@type\":\"BreadcrumbList\",\"@id\":\"https:\/\/blogs.uef.fi\/karjalanelvytys\/lapsien-cuppu\/#breadcrumb\",\"itemListElement\":[{\"@type\":\"ListItem\",\"position\":1,\"name\":\"Home\",\"item\":\"https:\/\/blogs.uef.fi\/karjalanelvytys\/\"},{\"@type\":\"ListItem\",\"position\":2,\"name\":\"Lapsien \u010duppu\"}]},{\"@type\":\"WebSite\",\"@id\":\"https:\/\/blogs.uef.fi\/karjalanelvytys\/#website\",\"url\":\"https:\/\/blogs.uef.fi\/karjalanelvytys\/\",\"name\":\"Karjalan kielen elvytt\u00e4minen\",\"description\":\"\",\"potentialAction\":[{\"@type\":\"SearchAction\",\"target\":{\"@type\":\"EntryPoint\",\"urlTemplate\":\"https:\/\/blogs.uef.fi\/karjalanelvytys\/?s={search_term_string}\"},\"query-input\":{\"@type\":\"PropertyValueSpecification\",\"valueRequired\":true,\"valueName\":\"search_term_string\"}}],\"inLanguage\":\"fi\"}]}<\/script>\n<!-- \/ Yoast SEO plugin. -->","yoast_head_json":{"title":"Lapsien \u010duppu - Karjalan kielen elvytt\u00e4minen","robots":{"index":"index","follow":"follow","max-snippet":"max-snippet:-1","max-image-preview":"max-image-preview:large","max-video-preview":"max-video-preview:-1"},"canonical":"https:\/\/blogs.uef.fi\/karjalanelvytys\/lapsien-cuppu\/","og_locale":"fi_FI","og_type":"article","og_title":"Lapsien \u010duppu - Karjalan kielen elvytt\u00e4minen","og_description":"Tule terveh Lapsien \u010duppuh! \u010cuppu keri\u00e4y yhteh kohtah elvytysprojektan da toizien ristikanzoin da yhtehist\u00f6l\u00f6in luajitut materjualat lapsih ni\u0161koi. Kaikkii luvettelon materjualoi voit k\u00e4ytti\u00e4 ilmai (kirjat l\u00f6vv\u00e4t kirjastos). Er\u00e4h\u00e4t materjualois on luajittu juuri lapsile, toizet muite vai ollah vessel\u00e4t da p\u00e4it\u00e4h se\u017eo lapsien k\u00e4ytt\u00f6h. Sivun loppuh on li\u017e\u00e4kse ker\u00e4tty linkua tekstoih, videoloih da toizih materjualoih, kudamat [&hellip;]","og_url":"https:\/\/blogs.uef.fi\/karjalanelvytys\/lapsien-cuppu\/","og_site_name":"Karjalan kielen elvytt\u00e4minen","article_modified_time":"2026-01-29T13:20:27+00:00","og_image":[{"width":1843,"height":2560,"url":"https:\/\/blogs.uef.fi\/karjalanelvytys\/wp-content\/uploads\/sites\/155\/2024\/09\/ilmapallot_tytto_SManty-scaled.jpg","type":"image\/jpeg"}],"twitter_card":"summary_large_image","twitter_misc":{"Arvioitu lukuaika":"3 minuuttia"},"schema":{"@context":"https:\/\/schema.org","@graph":[{"@type":"WebPage","@id":"https:\/\/blogs.uef.fi\/karjalanelvytys\/lapsien-cuppu\/","url":"https:\/\/blogs.uef.fi\/karjalanelvytys\/lapsien-cuppu\/","name":"Lapsien \u010duppu - Karjalan kielen elvytt\u00e4minen","isPartOf":{"@id":"https:\/\/blogs.uef.fi\/karjalanelvytys\/#website"},"primaryImageOfPage":{"@id":"https:\/\/blogs.uef.fi\/karjalanelvytys\/lapsien-cuppu\/#primaryimage"},"image":{"@id":"https:\/\/blogs.uef.fi\/karjalanelvytys\/lapsien-cuppu\/#primaryimage"},"thumbnailUrl":"https:\/\/blogs.uef.fi\/karjalanelvytys\/wp-content\/uploads\/sites\/155\/2024\/09\/ilmapallot_tytto_SManty-737x1024.jpg","datePublished":"2024-09-13T10:00:00+00:00","dateModified":"2026-01-29T13:20:27+00:00","breadcrumb":{"@id":"https:\/\/blogs.uef.fi\/karjalanelvytys\/lapsien-cuppu\/#breadcrumb"},"inLanguage":"fi","potentialAction":[{"@type":"ReadAction","target":["https:\/\/blogs.uef.fi\/karjalanelvytys\/lapsien-cuppu\/"]}]},{"@type":"ImageObject","inLanguage":"fi","@id":"https:\/\/blogs.uef.fi\/karjalanelvytys\/lapsien-cuppu\/#primaryimage","url":"https:\/\/blogs.uef.fi\/karjalanelvytys\/wp-content\/uploads\/sites\/155\/2024\/09\/ilmapallot_tytto_SManty-scaled.jpg","contentUrl":"https:\/\/blogs.uef.fi\/karjalanelvytys\/wp-content\/uploads\/sites\/155\/2024\/09\/ilmapallot_tytto_SManty-scaled.jpg","width":1843,"height":2560},{"@type":"BreadcrumbList","@id":"https:\/\/blogs.uef.fi\/karjalanelvytys\/lapsien-cuppu\/#breadcrumb","itemListElement":[{"@type":"ListItem","position":1,"name":"Home","item":"https:\/\/blogs.uef.fi\/karjalanelvytys\/"},{"@type":"ListItem","position":2,"name":"Lapsien \u010duppu"}]},{"@type":"WebSite","@id":"https:\/\/blogs.uef.fi\/karjalanelvytys\/#website","url":"https:\/\/blogs.uef.fi\/karjalanelvytys\/","name":"Karjalan kielen elvytt\u00e4minen","description":"","potentialAction":[{"@type":"SearchAction","target":{"@type":"EntryPoint","urlTemplate":"https:\/\/blogs.uef.fi\/karjalanelvytys\/?s={search_term_string}"},"query-input":{"@type":"PropertyValueSpecification","valueRequired":true,"valueName":"search_term_string"}}],"inLanguage":"fi"}]}},"_links":{"self":[{"href":"https:\/\/blogs.uef.fi\/karjalanelvytys\/wp-json\/wp\/v2\/pages\/18926","targetHints":{"allow":["GET"]}}],"collection":[{"href":"https:\/\/blogs.uef.fi\/karjalanelvytys\/wp-json\/wp\/v2\/pages"}],"about":[{"href":"https:\/\/blogs.uef.fi\/karjalanelvytys\/wp-json\/wp\/v2\/types\/page"}],"author":[{"embeddable":true,"href":"https:\/\/blogs.uef.fi\/karjalanelvytys\/wp-json\/wp\/v2\/users\/580"}],"replies":[{"embeddable":true,"href":"https:\/\/blogs.uef.fi\/karjalanelvytys\/wp-json\/wp\/v2\/comments?post=18926"}],"version-history":[{"count":2,"href":"https:\/\/blogs.uef.fi\/karjalanelvytys\/wp-json\/wp\/v2\/pages\/18926\/revisions"}],"predecessor-version":[{"id":23255,"href":"https:\/\/blogs.uef.fi\/karjalanelvytys\/wp-json\/wp\/v2\/pages\/18926\/revisions\/23255"}],"wp:attachment":[{"href":"https:\/\/blogs.uef.fi\/karjalanelvytys\/wp-json\/wp\/v2\/media?parent=18926"}],"curies":[{"name":"wp","href":"https:\/\/api.w.org\/{rel}","templated":true}]}}