{"id":18344,"date":"2024-05-30T10:01:43","date_gmt":"2024-05-30T07:01:43","guid":{"rendered":"https:\/\/blogs.uef.fi\/karjalanelvytys\/?page_id=18344"},"modified":"2024-05-30T10:02:07","modified_gmt":"2024-05-30T07:02:07","slug":"hannu-lappalainen-pyhanpian-huondeksel","status":"publish","type":"page","link":"https:\/\/blogs.uef.fi\/karjalanelvytys\/hannu-lappalainen-pyhanpian-huondeksel\/","title":{"rendered":"Hannu Lappalainen: Pyh\u00e4npi\u00e4n huondeksel"},"content":{"rendered":"\n<p>Suomenkielizen pajotekstan (Sunnuntaiaamuna) kirjutannuh: Simo Korpela<\/p>\n\n\n\n<p>Karjalakse ki\u00e4nd\u00e4nyh: Hannu Lappalainen<\/p>\n\n\n\n<p>Tarkistannuh: Natalia Giloeva<\/p>\n\n\n\n<p>*<\/p>\n\n\n\n<p>On kez\u00e4n valgei huondes<br>da Spuasan pyh\u00e4p\u00e4iv.<br>Ei liiku lehti tuomen,<br>vaikkani lindugi on.<\/p>\n\n\n\n<p>\u010comasti kukitah pellot<br>da vuarat vihandoijah<br>da hil&#8217;l&#8217;ah huondeskellot<br>vai rauhua soitetah.<\/p>\n\n\n\n<p>Gu pyh\u00e4n ristisuattav&#8217;<br>k\u00e4vyy soindu pi\u00e4li\u010di muan.<br>Se on kui p\u00e4ivi\u00e4 vaste<br>sen suuren ozakkahan.<\/p>\n\n\n\n<p>Se luadiu tyynen mielen<br>kareiluh hil&#8217;l&#8217;azeh.<br>Suau sanattomaks&#8217; kielen<br>da silm\u00e4h kyyn\u00e4len.<\/p>\n","protected":false},"excerpt":{"rendered":"<p>Suomenkielizen pajotekstan (Sunnuntaiaamuna) kirjutannuh: Simo Korpela Karjalakse ki\u00e4nd\u00e4nyh: Hannu Lappalainen Tarkistannuh: Natalia Giloeva * On kez\u00e4n valgei huondesda Spuasan pyh\u00e4p\u00e4iv.Ei liiku lehti tuomen,vaikkani lindugi on. \u010comasti kukitah pellotda vuarat vihandoijahda hil&#8217;l&#8217;ah huondeskellotvai rauhua soitetah. Gu pyh\u00e4n ristisuattav&#8217;k\u00e4vyy soindu pi\u00e4li\u010di muan.Se on kui p\u00e4ivi\u00e4 vastesen suuren ozakkahan. Se luadiu tyynen mielenkareiluh hil&#8217;l&#8217;azeh.Suau sanattomaks&#8217; kielenda silm\u00e4h kyyn\u00e4len.<\/p>\n","protected":false},"author":580,"featured_media":0,"parent":0,"menu_order":0,"comment_status":"closed","ping_status":"closed","template":"","meta":{"_acf_changed":false,"footnotes":""},"class_list":["post-18344","page","type-page","status-publish","hentry"],"acf":[],"yoast_head":"<!-- This site is optimized with the Yoast SEO plugin v27.1.1 - https:\/\/yoast.com\/product\/yoast-seo-wordpress\/ -->\n<title>Hannu Lappalainen: Pyh\u00e4npi\u00e4n huondeksel - Karjalan kielen elvytt\u00e4minen<\/title>\n<meta name=\"robots\" content=\"index, follow, max-snippet:-1, max-image-preview:large, max-video-preview:-1\" \/>\n<link rel=\"canonical\" href=\"https:\/\/blogs.uef.fi\/karjalanelvytys\/hannu-lappalainen-pyhanpian-huondeksel\/\" \/>\n<meta property=\"og:locale\" content=\"fi_FI\" \/>\n<meta property=\"og:type\" content=\"article\" \/>\n<meta property=\"og:title\" content=\"Hannu Lappalainen: Pyh\u00e4npi\u00e4n huondeksel - Karjalan kielen elvytt\u00e4minen\" \/>\n<meta property=\"og:description\" content=\"Suomenkielizen pajotekstan (Sunnuntaiaamuna) kirjutannuh: Simo Korpela Karjalakse ki\u00e4nd\u00e4nyh: Hannu Lappalainen Tarkistannuh: Natalia Giloeva * On kez\u00e4n valgei huondesda Spuasan pyh\u00e4p\u00e4iv.Ei liiku lehti tuomen,vaikkani lindugi on. \u010comasti kukitah pellotda vuarat vihandoijahda hil&#8217;l&#8217;ah huondeskellotvai rauhua soitetah. Gu pyh\u00e4n ristisuattav&#8217;k\u00e4vyy soindu pi\u00e4li\u010di muan.Se on kui p\u00e4ivi\u00e4 vastesen suuren ozakkahan. Se luadiu tyynen mielenkareiluh hil&#8217;l&#8217;azeh.Suau sanattomaks&#8217; kielenda silm\u00e4h kyyn\u00e4len.\" \/>\n<meta property=\"og:url\" content=\"https:\/\/blogs.uef.fi\/karjalanelvytys\/hannu-lappalainen-pyhanpian-huondeksel\/\" \/>\n<meta property=\"og:site_name\" content=\"Karjalan kielen elvytt\u00e4minen\" \/>\n<meta property=\"article:modified_time\" content=\"2024-05-30T07:02:07+00:00\" \/>\n<meta name=\"twitter:card\" content=\"summary_large_image\" \/>\n<meta name=\"twitter:label1\" content=\"Arvioitu lukuaika\" \/>\n\t<meta name=\"twitter:data1\" content=\"1 minuutti\" \/>\n<script type=\"application\/ld+json\" class=\"yoast-schema-graph\">{\"@context\":\"https:\/\/schema.org\",\"@graph\":[{\"@type\":\"WebPage\",\"@id\":\"https:\/\/blogs.uef.fi\/karjalanelvytys\/hannu-lappalainen-pyhanpian-huondeksel\/\",\"url\":\"https:\/\/blogs.uef.fi\/karjalanelvytys\/hannu-lappalainen-pyhanpian-huondeksel\/\",\"name\":\"Hannu Lappalainen: Pyh\u00e4npi\u00e4n huondeksel - Karjalan kielen elvytt\u00e4minen\",\"isPartOf\":{\"@id\":\"https:\/\/blogs.uef.fi\/karjalanelvytys\/#website\"},\"datePublished\":\"2024-05-30T07:01:43+00:00\",\"dateModified\":\"2024-05-30T07:02:07+00:00\",\"breadcrumb\":{\"@id\":\"https:\/\/blogs.uef.fi\/karjalanelvytys\/hannu-lappalainen-pyhanpian-huondeksel\/#breadcrumb\"},\"inLanguage\":\"fi\",\"potentialAction\":[{\"@type\":\"ReadAction\",\"target\":[\"https:\/\/blogs.uef.fi\/karjalanelvytys\/hannu-lappalainen-pyhanpian-huondeksel\/\"]}]},{\"@type\":\"BreadcrumbList\",\"@id\":\"https:\/\/blogs.uef.fi\/karjalanelvytys\/hannu-lappalainen-pyhanpian-huondeksel\/#breadcrumb\",\"itemListElement\":[{\"@type\":\"ListItem\",\"position\":1,\"name\":\"Home\",\"item\":\"https:\/\/blogs.uef.fi\/karjalanelvytys\/\"},{\"@type\":\"ListItem\",\"position\":2,\"name\":\"Hannu Lappalainen: Pyh\u00e4npi\u00e4n huondeksel\"}]},{\"@type\":\"WebSite\",\"@id\":\"https:\/\/blogs.uef.fi\/karjalanelvytys\/#website\",\"url\":\"https:\/\/blogs.uef.fi\/karjalanelvytys\/\",\"name\":\"Karjalan kielen elvytt\u00e4minen\",\"description\":\"\",\"potentialAction\":[{\"@type\":\"SearchAction\",\"target\":{\"@type\":\"EntryPoint\",\"urlTemplate\":\"https:\/\/blogs.uef.fi\/karjalanelvytys\/?s={search_term_string}\"},\"query-input\":{\"@type\":\"PropertyValueSpecification\",\"valueRequired\":true,\"valueName\":\"search_term_string\"}}],\"inLanguage\":\"fi\"}]}<\/script>\n<!-- \/ Yoast SEO plugin. -->","yoast_head_json":{"title":"Hannu Lappalainen: Pyh\u00e4npi\u00e4n huondeksel - Karjalan kielen elvytt\u00e4minen","robots":{"index":"index","follow":"follow","max-snippet":"max-snippet:-1","max-image-preview":"max-image-preview:large","max-video-preview":"max-video-preview:-1"},"canonical":"https:\/\/blogs.uef.fi\/karjalanelvytys\/hannu-lappalainen-pyhanpian-huondeksel\/","og_locale":"fi_FI","og_type":"article","og_title":"Hannu Lappalainen: Pyh\u00e4npi\u00e4n huondeksel - Karjalan kielen elvytt\u00e4minen","og_description":"Suomenkielizen pajotekstan (Sunnuntaiaamuna) kirjutannuh: Simo Korpela Karjalakse ki\u00e4nd\u00e4nyh: Hannu Lappalainen Tarkistannuh: Natalia Giloeva * On kez\u00e4n valgei huondesda Spuasan pyh\u00e4p\u00e4iv.Ei liiku lehti tuomen,vaikkani lindugi on. \u010comasti kukitah pellotda vuarat vihandoijahda hil&#8217;l&#8217;ah huondeskellotvai rauhua soitetah. Gu pyh\u00e4n ristisuattav&#8217;k\u00e4vyy soindu pi\u00e4li\u010di muan.Se on kui p\u00e4ivi\u00e4 vastesen suuren ozakkahan. Se luadiu tyynen mielenkareiluh hil&#8217;l&#8217;azeh.Suau sanattomaks&#8217; kielenda silm\u00e4h kyyn\u00e4len.","og_url":"https:\/\/blogs.uef.fi\/karjalanelvytys\/hannu-lappalainen-pyhanpian-huondeksel\/","og_site_name":"Karjalan kielen elvytt\u00e4minen","article_modified_time":"2024-05-30T07:02:07+00:00","twitter_card":"summary_large_image","twitter_misc":{"Arvioitu lukuaika":"1 minuutti"},"schema":{"@context":"https:\/\/schema.org","@graph":[{"@type":"WebPage","@id":"https:\/\/blogs.uef.fi\/karjalanelvytys\/hannu-lappalainen-pyhanpian-huondeksel\/","url":"https:\/\/blogs.uef.fi\/karjalanelvytys\/hannu-lappalainen-pyhanpian-huondeksel\/","name":"Hannu Lappalainen: Pyh\u00e4npi\u00e4n huondeksel - Karjalan kielen elvytt\u00e4minen","isPartOf":{"@id":"https:\/\/blogs.uef.fi\/karjalanelvytys\/#website"},"datePublished":"2024-05-30T07:01:43+00:00","dateModified":"2024-05-30T07:02:07+00:00","breadcrumb":{"@id":"https:\/\/blogs.uef.fi\/karjalanelvytys\/hannu-lappalainen-pyhanpian-huondeksel\/#breadcrumb"},"inLanguage":"fi","potentialAction":[{"@type":"ReadAction","target":["https:\/\/blogs.uef.fi\/karjalanelvytys\/hannu-lappalainen-pyhanpian-huondeksel\/"]}]},{"@type":"BreadcrumbList","@id":"https:\/\/blogs.uef.fi\/karjalanelvytys\/hannu-lappalainen-pyhanpian-huondeksel\/#breadcrumb","itemListElement":[{"@type":"ListItem","position":1,"name":"Home","item":"https:\/\/blogs.uef.fi\/karjalanelvytys\/"},{"@type":"ListItem","position":2,"name":"Hannu Lappalainen: Pyh\u00e4npi\u00e4n huondeksel"}]},{"@type":"WebSite","@id":"https:\/\/blogs.uef.fi\/karjalanelvytys\/#website","url":"https:\/\/blogs.uef.fi\/karjalanelvytys\/","name":"Karjalan kielen elvytt\u00e4minen","description":"","potentialAction":[{"@type":"SearchAction","target":{"@type":"EntryPoint","urlTemplate":"https:\/\/blogs.uef.fi\/karjalanelvytys\/?s={search_term_string}"},"query-input":{"@type":"PropertyValueSpecification","valueRequired":true,"valueName":"search_term_string"}}],"inLanguage":"fi"}]}},"_links":{"self":[{"href":"https:\/\/blogs.uef.fi\/karjalanelvytys\/wp-json\/wp\/v2\/pages\/18344","targetHints":{"allow":["GET"]}}],"collection":[{"href":"https:\/\/blogs.uef.fi\/karjalanelvytys\/wp-json\/wp\/v2\/pages"}],"about":[{"href":"https:\/\/blogs.uef.fi\/karjalanelvytys\/wp-json\/wp\/v2\/types\/page"}],"author":[{"embeddable":true,"href":"https:\/\/blogs.uef.fi\/karjalanelvytys\/wp-json\/wp\/v2\/users\/580"}],"replies":[{"embeddable":true,"href":"https:\/\/blogs.uef.fi\/karjalanelvytys\/wp-json\/wp\/v2\/comments?post=18344"}],"version-history":[{"count":2,"href":"https:\/\/blogs.uef.fi\/karjalanelvytys\/wp-json\/wp\/v2\/pages\/18344\/revisions"}],"predecessor-version":[{"id":18350,"href":"https:\/\/blogs.uef.fi\/karjalanelvytys\/wp-json\/wp\/v2\/pages\/18344\/revisions\/18350"}],"wp:attachment":[{"href":"https:\/\/blogs.uef.fi\/karjalanelvytys\/wp-json\/wp\/v2\/media?parent=18344"}],"curies":[{"name":"wp","href":"https:\/\/api.w.org\/{rel}","templated":true}]}}