{"id":18299,"date":"2024-06-04T13:19:39","date_gmt":"2024-06-04T10:19:39","guid":{"rendered":"https:\/\/blogs.uef.fi\/karjalanelvytys\/?page_id=18299"},"modified":"2025-12-12T11:15:27","modified_gmt":"2025-12-12T09:15:27","slug":"loruhetket-karjalaksi","status":"publish","type":"page","link":"https:\/\/blogs.uef.fi\/karjalanelvytys\/loruhetket-karjalaksi\/","title":{"rendered":"Loruhetket karjalaksi"},"content":{"rendered":"\n<h2 class=\"wp-block-heading\">Lorukotvani karjalak\u0161i<\/h2>\n\n\n\n<p>Karjalan kielen elvyty\u0161projekti 2023\u20132024<\/p>\n\n\n\n<p>P\u00e4iv\u00e4nnou\u0161u-\u0160uomen yliopisto<\/p>\n\n\n\n<p><em>Oletko kon\u0161anih lorutellun karjalak\u0161i? Tahtositko kuotella? Nyt \u0161iula on hyv\u00e4 kotvani \u010dukeltua karjalankieliseh lorumuailmah! Ota keralla lap\u0161i, punukka, tovarissa, sussieta&#8230; A voit pity\u00e4 lorukotvaista ni miss\u00e4nih pivo\u0161\u0161a tahi kerho\u0161\u0161a. Yhe\u0161\u0161\u00e4 on aina vessel\u00e4mpi. <\/em><\/p>\n\n\n\n<h3 class=\"wp-block-heading\">Lorukotvani karjalak\u0161i -projektin esittely<\/h3>\n\n\n\n<p>Lorukotvani karjalak\u0161i -korttipaka\u0161\u0161a on 22 karjalan kielen eri murtehilla olijua loruo. Korttien \u0161i\u00e4my\u0161t\u00e4 on monipuolini. Loruset ta lukuset, pajoset ta lauluset p\u00e4t\u00f6y k\u00e4ytty\u00e4 erimoisissa tilantehissa. On poikkoimpua liikkumisneroja kehitt\u00e4jy\u00e4 lukuista tai hillempy\u00e4 uinotu\u0161lauluo, lap\u0161en kylvet\u00e4nt\u00e4- ta hierontaloruista niise on. Er\u00e4h\u00e4t lorut on tarkotettu y\u0161\u00e4\u0161\u0161\u00e4 piett\u00e4vill\u00e4 lap\u0161illa, a er\u00e4h\u00e4t ollah \u0161uurempie lap\u0161ie varoin. Ka pit\u00e4y muistua, jotta hyvin rikeneh yksi ta \u0161ama loru taipuu eri-ik\u00e4sill\u00e4 lap\u0161illa. Korttiloih on luajittu lyhy\u010d\u010d\u00e4iset ohjiet, kumpaset autetah lorukotvasen pienty\u00e4.<\/p>\n\n\n\n<figure class=\"wp-block-image size-full is-resized\"><img loading=\"lazy\" decoding=\"async\" width=\"552\" height=\"778\" src=\"https:\/\/blogs.uef.fi\/karjalanelvytys\/wp-content\/uploads\/sites\/155\/2024\/05\/vuakalintu_kortti.jpg\" alt=\"Lorukortti karjalaksi. Vuakalintu.\" class=\"wp-image-18314\" style=\"width:346px;height:auto\" srcset=\"https:\/\/blogs.uef.fi\/karjalanelvytys\/wp-content\/uploads\/sites\/155\/2024\/05\/vuakalintu_kortti.jpg 552w, https:\/\/blogs.uef.fi\/karjalanelvytys\/wp-content\/uploads\/sites\/155\/2024\/05\/vuakalintu_kortti-213x300.jpg 213w\" sizes=\"auto, (max-width: 552px) 100vw, 552px\" \/><figcaption class=\"wp-element-caption\">Vuakalinnun pe\u0161\u00e4 -lukusen yl\u00e4puolelta l\u00f6yv\u00e4t ohjiet, kumpaset autetah \u0161ilma kisauttua pikkaraista.<\/figcaption><\/figure>\n\n\n\n<p>Lorutekstien l\u00e4htiet ollah niise kirjavat, vanha\u0161ta rahvahanrunohuo\u0161ta uu\u0161ih ki\u00e4nn\u00f6k\u0161ih. On moistaki folkloritekstie, mit\u00e4 on hivottu rahvaha\u0161\u0161a mi\u00e4n aikah, n\u00e4in \u0161e perinneh jatkuu t\u00e4n\u00e4ki p\u00e4iv\u00e4n\u00e4. Ki\u00e4nn\u00f6k\u0161et on luajittu tuttavista \u0161uomenkielisist\u00e4 lap\u0161ien runoloista.<\/p>\n\n\n\n<p><em>Lorukotvani karjalak\u0161i <\/em>-projektie on \u0161uunniteltu ta toteutettu joukolla, kumpaseh kuuluu kolme ruatajua. Karjalan kielen opa\u0161taja ta ki\u00e4nt\u00e4j\u00e4 <strong>Olga Karlova<\/strong> on va\u0161\u0161annun kielimaterijalista. Kuvittaja <strong>Sirpa M\u00e4nty<\/strong> on luatin piiru\u0161\u0161uk\u0161et. Projektin vet\u00e4j\u00e4 <strong>Jussi Sinkkonen<\/strong> on planuinun lorukorttien visualisie kokonaisuk\u0161ie. Peru\u0161tiijot kirjuttajista ta l\u00e4ht\u00f6tekstil\u00f6ist\u00e4 l\u00f6yvyt\u00e4h korttiloista, ta tarkemmat l\u00e4hetiijot ollah alempana t\u00e4ll\u00e4 \u0161ivulla.<\/p>\n\n\n\n<h3 class=\"wp-block-heading\">Lorukortit karjalak\u0161i kaikkien k\u00e4ytt\u00f6h<\/h3>\n\n\n\n<p>Lorukortit on luajittu printattavah muotoh. Alempana l\u00f6ytyy kak\u0161i pdf-versiet\u00e4, kumpaset voipi ottua talteh omalla tietokonehella. N\u00e4ytt\u00f6versie p\u00e4t\u00f6y parahiten blogissa ka\u010deltavak\u0161i. Tulo\u0161\u0161ettava versie on tarkotettu niill\u00e4, ket tahotah kortit omah k\u00e4ytt\u00f6h parahalla luavulla tulo\u0161tua. Lorukorttija voipi k\u00e4ytty\u00e4 v\u00e4ll\u00e4\u0161ti oma\u0161\u0161a perehe\u0161\u0161\u00e4, opa\u0161\u0161uk\u0161e\u0161\u0161a, kerholoissa, erimoisissa pitoloissa ta tapahtumissa. Ainehisto ei ole tarkotettu kaupalliseh k\u00e4ytt\u00f6h.<\/p>\n\n\n\n<p><a href=\"https:\/\/studentuef-my.sharepoint.com\/:b:\/g\/personal\/riionhei_uef_fi\/EcUMKkM-aMRGohLBTi1Bt8cB7D_OcOTVAzUD9VlthajyOA?e=dHTF32\" target=\"_blank\" rel=\"noreferrer noopener\">Linkki lorukorttien n\u00e4ytt\u00f6versieh (blogissa ka\u010deltavak\u0161i)<\/a>.<\/p>\n\n\n\n<p><a href=\"https:\/\/studentuef-my.sharepoint.com\/:b:\/g\/personal\/riionhei_uef_fi\/EcaQ6AHwtUhCro5ON5awg9gBIb6oqR84nAjZB7jXSFWS_A?e=23Fpfh\" target=\"_blank\" rel=\"noreferrer noopener\">Linkki printattavih lorukorttiloih (\u0161uuri tiijo\u0161to).<\/a><\/p>\n\n\n\n<p><a href=\"https:\/\/studentuef-my.sharepoint.com\/:b:\/g\/personal\/mtynnyri_uef_fi\/IQA5PdTUv4ptRaSTqswkxbW9ASmvpPOLULDftbkTfUIB_kU?e=iezbRS\">Linkki printattavih lorukorttiloih (A6-\u0161uuru\u0161).<\/a><\/p>\n\n\n\n<p>Huom. Printattavak\u0161i tarkotettu tiijo\u0161to on \u0161uuri, \u0161ent\u00e4h avautuu hil&#8217;l&#8217;akkaiseh. Pit\u00e4y vain malttua vuottua, kuni kaikki kortit kaunehe\u0161ti n\u00e4vyt\u00e4h. Para\u0161ta on ottua tiijo\u0161to talteh omalla konehella. <\/p>\n\n\n\n<p>Lorukorttien k\u00e4ytt\u00e4jie varoin on ker\u00e4tty eri tekstitiijo\u0161toh \u0161ana\u0161to. \u0160iin\u00e4 on ke\u0161kisimm\u00e4t korttien tekstil\u00f6iss\u00e4 k\u00e4ytetyt \u0161anat karjalak\u0161i ta niijen ki\u00e4nn\u00f6k\u0161et \u0161uomek\u0161i. <\/p>\n\n\n\n<p><a href=\"https:\/\/blogs.uef.fi\/karjalanelvytys\/wp-content\/uploads\/sites\/155\/2024\/06\/Lorukotvani-karjalaksi_sanasto-2.pdf\" target=\"_blank\" rel=\"noreferrer noopener\">Linkki lorukorttien \u0161ana\u0161toh.<\/a><\/p>\n\n\n\n<p>Lorukotvani karjalak\u0161i -projektilla on planiiruitu jatkuo. Idejana on \u0161uaha karjalankielisist\u00e4 lukusista mobiiliversiet. N\u00e4m\u00e4 kepieh \u00e4lytelefonilla ka\u010dottavat pikkuvideot virotetah lorupakan eloh, kun kuvan ta tekstin pi\u00e4ll\u00e4 tulou viel\u00e4i i\u00e4nt\u00e4 karjalak\u0161i. Lorukorttien mobiiliversiel\u00f6in tuottamiseh on \u0161uatu tukie Karjalan \u0160ivissy\u0161\u0161euralta.<\/p>\n\n\n\n<p><a href=\"https:\/\/www.youtube.com\/@lorukotvani\" target=\"_blank\" rel=\"noreferrer noopener\">Linkki Lorukotvani karjalak\u0161i -mobiilikorttiloih YouTube\u0161\u0161a.<\/a><\/p>\n\n\n\n<p>(@lorukotvani)<\/p>\n\n\n\n<p><a href=\"https:\/\/www.instagram.com\/lorukotvani\" target=\"_blank\" rel=\"noreferrer noopener\">Linkki Lorukotvani karjalak\u0161i -Instagramissa<\/a>.<\/p>\n\n\n\n<p>(<a href=\"https:\/\/eur03.safelinks.protection.outlook.com\/?url=http%3A%2F%2Finstagram.com%2Florukotvani&amp;data=05%7C02%7Colga.karlova%40uef.fi%7C4014f25a949940a3c85a08de28d4a410%7C87879f2e73044bf2baf263e7f83f3c34%7C0%7C0%7C638993090905296727%7CUnknown%7CTWFpbGZsb3d8eyJFbXB0eU1hcGkiOnRydWUsIlYiOiIwLjAuMDAwMCIsIlAiOiJXaW4zMiIsIkFOIjoiTWFpbCIsIldUIjoyfQ%3D%3D%7C0%7C%7C%7C&amp;sdata=lHUr9UQvbggWfuj9uWmFs6EwznJcWRuYtFUE0SGtrK4%3D&amp;reserved=0\" target=\"_blank\" rel=\"noreferrer noopener\">instagram.com\/lorukotvani<\/a>)<\/p>\n\n\n\t<div id=\"accordion-block_0e41bb8d7f4f916e25662b18fb2d28e2\" class=\"accordions\">\n\t\t\t\t\t<div class=\"accordion accordion-js\">\n\t\t\t\t<button class=\"accordion__button\" aria-controls=\"content-621\" aria-expanded=\"false\" id=\"accordion-control-621\">\n\t\t\t\t\t<h3 class=\"accordion__heading\" >\n\t\t\t\t\t\tLorukorttiloih liittyj\u00e4t l\u00e4htiet (luvettelo avautuu plikkuamalla)\t\t\t\t\t<\/h3>\n\t\t\t\t<\/button>\n\t\t\t\t<div class=\"accordion__content\" role=\"region\" aria-labelledby=\"accordion-control-621\" aria-hidden=\"true\" id=\"content-621\">\n\t\t\t\t\t<p>Lorukortti 1: Koko p\u00e4iv\u00e4n vuotin mie, vuotin mie. L\u00e4ht\u00f6teksti: Eppu Nuotio, Koko p\u00e4iv\u00e4n odotin, odotin ja odotin. Ki\u00e4nt\u00e4n vienankarjalak\u0161i Olga Karlova.<\/p>\n<p>Lorukortti 2: Peikalopotti. Karjalaista rahvahanrunohutta. Vienankarjalak\u0161i.<\/p>\n<p>Lorukortti 3: Paissamma, paissamma. \u0160uomelaista rahvahanrunohutta. Ki\u00e4nt\u00e4n vienankarjalak\u0161i Olga Karlova.<\/p>\n<p>Lorukortti 4: Viu\u010din vau\u010din. L\u00e4ht\u00f6teksti: Hannele Huovi, Vautsin, vautsin. Ki\u00e4nt\u00e4n vienankarjalak\u0161i Olga Karlova.<\/p>\n<p>Lorukortti 5: Kunne kieri kultaraha. L\u00e4ht\u00f6teksti: Eppu Nuotio, Minne kieri kultaraha. Ki\u00e4nt\u00e4n vienankarjalak\u0161i Olga Karlova.<\/p>\n<p>Lorukortti 6: Kylvent\u00e4lukuni. L\u00e4ht\u00f6teksti: Elina Pulli, Olen sinusta ylpe\u00e4. Ki\u00e4nt\u00e4n vienankarjalak\u0161i Olga Karlova.<\/p>\n<p>Lorukortti 7: \u0160ouvamma \u0160orol&#8217;ah. Karjalaista rahvahanrunohutta. Vienankarjalak\u0161i.<\/p>\n<p>Lorukortti 8: Ken, ken, ken? Karjalaista rahvahanrunohutta. Vienankarjalak\u0161i.<\/p>\n<p>Lorukortti 9: Vuakalinnun pe\u0161\u00e4. Karjalaisen rahvahanrunon mukah vienankarjalak\u0161i lorutellun Olga Karlova.<\/p>\n<p>Lorukortti 10: Hopoti kopoti, hoi. \u0160uomelaista rahvahanrunohutta. Ki\u00e4nt\u00e4n vienankarjalak\u0161i Olga Karlova.<\/p>\n<p>Lorukortti 11: \u010cuh \u010duh \u010duhu. Karjalaista rahvahanrunohutta. Kielipe\u0161\u00e4\u0161\u0161\u00e4 Vielj\u00e4rvell\u00e4 Antonovan Natoi ta Lammaisj\u00e4rven Olka yhe\u0161\u0161\u00e4 \u010duhutettu. Vienankarjalak\u0161i.<\/p>\n<p>Lorukortti 12: Tuu, tuu, tupakkirulla -uinotu\u0161laulu, kumpani tunnetah \u0161uomelaiset tai vienalaiset. Kak\u0161i j\u00e4lkimm\u00e4ist\u00e4 tekstipalaista on Olga Karlovan kek\u0161imie. Vienankarjalak\u0161i.<\/p>\n<p>Lorukortti 13a: Harakka huttuo keitt\u00e4y. Karjalaista rahvahanrunohutta. Vienankarjalak\u0161i<\/p>\n<p>Lorukortti 13b: Harakka huttuo keitt\u00e4y (pitempi versija). Karjalaista rahvahanrunohutta. Vienankarjalak\u0161i.<\/p>\n<p>Lorukortti 14: Ha\u010da ha\u010da huttuo keitt\u00e4y. Tiina Kojonen-Kyll\u00f6nen on \u0161uanun t\u00e4m\u00e4n lorusen vienalaiselta Maria-\u00e4mm\u00f6lt\u00e4.\u00a0\u0160uome\u0161\u0161a ely\u00e4ss\u00e4 hi\u00e4n leikitti punukkoja kielell\u00e4, kumpani oli jo en\u00e4mpi \u0161uomen kuin karjalan kielt\u00e4.\u00a0Vienankarjalan murrehta opa\u0161tuos&#8217;s&#8217;a Tiina kek\u0161i kuotella ki\u00e4nty\u00e4 \u00e4mm\u00f6n lorusen kokonah vienankarjalak\u0161i.<\/p>\n<p>Lorukortti 15: Vili, vili, vihmua. Karjalaista rahvahanrunohutta. Lorun sanellun Ogoi Mi\u00e4r\u00e4ne. \/ Karjalan bukvari, Matti Jeskanen &amp; Eila Jahn, Suoj\u00e4rven Pit\u00e4j\u00e4seura Ry, 2018. Varzinaiskarjalan suvimurdehella.<\/p>\n<p>Lorukortti 16: Pei pei pez\u00e4st\u00e4. Karjalaista rahvahanrunohutta. Lorun sanellun Ogoi Mi\u00e4r\u00e4ne. \/ Karjalan bukvari, Matti Jeskanen &amp; Eila Jahn, Suoj\u00e4rven Pit\u00e4j\u00e4seura Ry, 2018. Varzinaiskarjalan suvimurdehella.<\/p>\n<p>Lorukortti 17: Tule uni uksen tuaksi. Karjalaista rahvahanrunohutta. Uinotuslaulun laulan Ogoi Mi\u00e4r\u00e4ne. \/ Karjalan bukvari, Matti Jeskanen &amp; Eila Jahn, Suoj\u00e4rven Pit\u00e4j\u00e4seura Ry, 2018. Varzinaiskarjalan suvimurdehella.<\/p>\n<p>Lorukortti 18: Tapu tapu kakkaraista. Karjalaista rahvahanrunohutta. Varzinaiskarjalan suvimurdehella.<\/p>\n<p>Lorukortti 19: Turu turu tu\u0161\u0161ii. Karjalastu rahvahanrunohuttu. Livvinkarjalakse.<\/p>\n<p>Lorukortti 20: Tule unoi uksen tuakse. Karjalastu rahvahanrunohuttu. Livvinkarjalakse.<\/p>\n<p>Lorukortti 21: Kel mi nimi on? Karjalastu rahvahanrunohuttu. Livvinkarjalakse.<\/p>\n<p>Lorukortti 22: Soudau lapsi Suomeh. Karjalastu rahvahanrunohuttu. Livvinkarjalakse.<\/p>\n\t\t\t\t<\/div>\n\t\t\t<\/div>\n\t\t\t<\/div>\n\t\n\n\n<h3 class=\"wp-block-heading\">Lorukotvani karjalak\u0161i -tapahtumat<\/h3>\n\n\n\n<p>Karjalankielisie lorukotvasie on pietty, esim. Joven\u0161uu\u0161\u0161a ta Oulu\u0161\u0161a.<\/p>\n\n\n\n<p>Leikkilorutuokio karjalan ja suomen kielell\u00e4: <a href=\"https:\/\/blogs.uef.fi\/karjalanelvytys\/2023\/02\/16\/joensuun-laulurinteen-lumipuiston-leikkilorutuokio-karjalaksi\/\" target=\"_blank\" rel=\"noreferrer noopener\">linkki uutiseh<\/a><\/p>\n\n\n\n<p>Muhahu\u0161: vienankarjalan net\u00e4linloppuleiri Oulu\u0161\u0161a 9.\u201310.12.2023: <a href=\"https:\/\/blogs.uef.fi\/karjalanelvytys\/2023\/12\/15\/muhahus-vienankarjalan-netalinloppuleiri-oulussa-9-10-12-2023\/\" target=\"_blank\" rel=\"noreferrer noopener\">linkki uutiseh<\/a><\/p>\n\n\n\n<h3 class=\"wp-block-heading\">Lorukotvani karjalak\u0161i -ruatojoukko<\/h3>\n\n\n\n<p><strong>Jussi Sinkkonen<\/strong>, loruprojektin vet\u00e4j\u00e4, gruafikko<\/p>\n\n\n\n<p><strong>Olga Karlova<\/strong>, kieliruavo\u0161ta va\u0161tuaja, ki\u00e4nt\u00e4j\u00e4<\/p>\n\n\n\n<p><strong>Sirpa M\u00e4nty<\/strong>, kuvittaja<\/p>\n\n\n\n<p>Lorukotvani karjalak\u0161i -ruatojoukko passipoi\u010d\u010dou karjalan kielen elvyty\u0161projektin kieliruatajie <strong>Natalia Giloevua<\/strong> ta <strong>Katerina Paalamuo<\/strong> ta erikseh koordinattorie <strong>Niko Tynnyrist\u00e4<\/strong> kaike\u0161ta avutanna\u0161ta!<\/p>\n\n\n\n<figure class=\"wp-block-image size-large is-resized\"><img loading=\"lazy\" decoding=\"async\" width=\"989\" height=\"1024\" src=\"https:\/\/blogs.uef.fi\/karjalanelvytys\/wp-content\/uploads\/sites\/155\/2025\/11\/Lorukotvani-karjalak-3-989x1024.jpg\" alt=\"Loruhetket karjalaksi. Ohjattu lorutuokio.\" class=\"wp-image-22727\" style=\"width:597px;height:auto\" srcset=\"https:\/\/blogs.uef.fi\/karjalanelvytys\/wp-content\/uploads\/sites\/155\/2025\/11\/Lorukotvani-karjalak-3-989x1024.jpg 989w, https:\/\/blogs.uef.fi\/karjalanelvytys\/wp-content\/uploads\/sites\/155\/2025\/11\/Lorukotvani-karjalak-3-290x300.jpg 290w, https:\/\/blogs.uef.fi\/karjalanelvytys\/wp-content\/uploads\/sites\/155\/2025\/11\/Lorukotvani-karjalak-3-768x795.jpg 768w, https:\/\/blogs.uef.fi\/karjalanelvytys\/wp-content\/uploads\/sites\/155\/2025\/11\/Lorukotvani-karjalak-3.jpg 1244w\" sizes=\"auto, (max-width: 989px) 100vw, 989px\" \/><figcaption class=\"wp-element-caption\">Tavottehena on \u0161uaha matalammak\u0161i kynny\u0161t\u00e4 ruveta j\u00e4rje\u0161t\u00e4m\u00e4h lorukotvasie, mahollistamah \u0161it\u00e4, jotta ken vain tahtouki pi\u00e4sis loruttelomah karjalak\u0161i. <\/figcaption><\/figure>\n\n\n\n<p><\/p>\n\n\n\n<p><\/p>\n\n\n\n<p><\/p>\n\n\n\n<p><\/p>\n\n\n\n<p><\/p>\n\n\n\n<p><\/p>\n","protected":false},"excerpt":{"rendered":"<p>Lorukotvani karjalak\u0161i Karjalan kielen elvyty\u0161projekti 2023\u20132024 P\u00e4iv\u00e4nnou\u0161u-\u0160uomen yliopisto Oletko kon\u0161anih lorutellun karjalak\u0161i? Tahtositko kuotella? Nyt \u0161iula on hyv\u00e4 kotvani \u010dukeltua karjalankieliseh lorumuailmah! Ota keralla lap\u0161i, punukka, tovarissa, sussieta&#8230; A voit pity\u00e4 lorukotvaista ni miss\u00e4nih pivo\u0161\u0161a tahi kerho\u0161\u0161a. Yhe\u0161\u0161\u00e4 on aina vessel\u00e4mpi. Lorukotvani karjalak\u0161i -projektin esittely Lorukotvani karjalak\u0161i -korttipaka\u0161\u0161a on 22 karjalan kielen eri murtehilla olijua [&hellip;]<\/p>\n","protected":false},"author":480,"featured_media":0,"parent":0,"menu_order":0,"comment_status":"closed","ping_status":"closed","template":"","meta":{"_acf_changed":false,"footnotes":""},"class_list":["post-18299","page","type-page","status-publish","hentry"],"acf":[],"yoast_head":"<!-- This site is optimized with the Yoast SEO plugin v27.3 - https:\/\/yoast.com\/product\/yoast-seo-wordpress\/ -->\n<title>Loruhetket karjalaksi - Karjalan kielen elvytt\u00e4minen<\/title>\n<meta name=\"robots\" content=\"index, follow, max-snippet:-1, max-image-preview:large, max-video-preview:-1\" \/>\n<link rel=\"canonical\" href=\"https:\/\/blogs.uef.fi\/karjalanelvytys\/loruhetket-karjalaksi\/\" \/>\n<meta property=\"og:locale\" content=\"fi_FI\" \/>\n<meta property=\"og:type\" content=\"article\" \/>\n<meta property=\"og:title\" content=\"Loruhetket karjalaksi - Karjalan kielen elvytt\u00e4minen\" \/>\n<meta property=\"og:description\" content=\"Lorukotvani karjalak\u0161i Karjalan kielen elvyty\u0161projekti 2023\u20132024 P\u00e4iv\u00e4nnou\u0161u-\u0160uomen yliopisto Oletko kon\u0161anih lorutellun karjalak\u0161i? Tahtositko kuotella? Nyt \u0161iula on hyv\u00e4 kotvani \u010dukeltua karjalankieliseh lorumuailmah! Ota keralla lap\u0161i, punukka, tovarissa, sussieta&#8230; A voit pity\u00e4 lorukotvaista ni miss\u00e4nih pivo\u0161\u0161a tahi kerho\u0161\u0161a. Yhe\u0161\u0161\u00e4 on aina vessel\u00e4mpi. Lorukotvani karjalak\u0161i -projektin esittely Lorukotvani karjalak\u0161i -korttipaka\u0161\u0161a on 22 karjalan kielen eri murtehilla olijua [&hellip;]\" \/>\n<meta property=\"og:url\" content=\"https:\/\/blogs.uef.fi\/karjalanelvytys\/loruhetket-karjalaksi\/\" \/>\n<meta property=\"og:site_name\" content=\"Karjalan kielen elvytt\u00e4minen\" \/>\n<meta property=\"article:modified_time\" content=\"2025-12-12T09:15:27+00:00\" \/>\n<meta property=\"og:image\" content=\"https:\/\/blogs.uef.fi\/karjalanelvytys\/wp-content\/uploads\/sites\/155\/2024\/05\/vuakalintu_kortti.jpg\" \/>\n\t<meta property=\"og:image:width\" content=\"552\" \/>\n\t<meta property=\"og:image:height\" content=\"778\" \/>\n\t<meta property=\"og:image:type\" content=\"image\/jpeg\" \/>\n<meta name=\"twitter:card\" content=\"summary_large_image\" \/>\n<meta name=\"twitter:label1\" content=\"Arvioitu lukuaika\" \/>\n\t<meta name=\"twitter:data1\" content=\"4 minuuttia\" \/>\n<script type=\"application\/ld+json\" class=\"yoast-schema-graph\">{\"@context\":\"https:\\\/\\\/schema.org\",\"@graph\":[{\"@type\":\"WebPage\",\"@id\":\"https:\\\/\\\/blogs.uef.fi\\\/karjalanelvytys\\\/loruhetket-karjalaksi\\\/\",\"url\":\"https:\\\/\\\/blogs.uef.fi\\\/karjalanelvytys\\\/loruhetket-karjalaksi\\\/\",\"name\":\"Loruhetket karjalaksi - Karjalan kielen elvytt\u00e4minen\",\"isPartOf\":{\"@id\":\"https:\\\/\\\/blogs.uef.fi\\\/karjalanelvytys\\\/#website\"},\"primaryImageOfPage\":{\"@id\":\"https:\\\/\\\/blogs.uef.fi\\\/karjalanelvytys\\\/loruhetket-karjalaksi\\\/#primaryimage\"},\"image\":{\"@id\":\"https:\\\/\\\/blogs.uef.fi\\\/karjalanelvytys\\\/loruhetket-karjalaksi\\\/#primaryimage\"},\"thumbnailUrl\":\"https:\\\/\\\/blogs.uef.fi\\\/karjalanelvytys\\\/wp-content\\\/uploads\\\/sites\\\/155\\\/2024\\\/05\\\/vuakalintu_kortti.jpg\",\"datePublished\":\"2024-06-04T10:19:39+00:00\",\"dateModified\":\"2025-12-12T09:15:27+00:00\",\"breadcrumb\":{\"@id\":\"https:\\\/\\\/blogs.uef.fi\\\/karjalanelvytys\\\/loruhetket-karjalaksi\\\/#breadcrumb\"},\"inLanguage\":\"fi\",\"potentialAction\":[{\"@type\":\"ReadAction\",\"target\":[\"https:\\\/\\\/blogs.uef.fi\\\/karjalanelvytys\\\/loruhetket-karjalaksi\\\/\"]}]},{\"@type\":\"ImageObject\",\"inLanguage\":\"fi\",\"@id\":\"https:\\\/\\\/blogs.uef.fi\\\/karjalanelvytys\\\/loruhetket-karjalaksi\\\/#primaryimage\",\"url\":\"https:\\\/\\\/blogs.uef.fi\\\/karjalanelvytys\\\/wp-content\\\/uploads\\\/sites\\\/155\\\/2024\\\/05\\\/vuakalintu_kortti.jpg\",\"contentUrl\":\"https:\\\/\\\/blogs.uef.fi\\\/karjalanelvytys\\\/wp-content\\\/uploads\\\/sites\\\/155\\\/2024\\\/05\\\/vuakalintu_kortti.jpg\",\"width\":552,\"height\":778,\"caption\":\"Lorukortti karjalaksi. Vuakalintu.\"},{\"@type\":\"BreadcrumbList\",\"@id\":\"https:\\\/\\\/blogs.uef.fi\\\/karjalanelvytys\\\/loruhetket-karjalaksi\\\/#breadcrumb\",\"itemListElement\":[{\"@type\":\"ListItem\",\"position\":1,\"name\":\"Home\",\"item\":\"https:\\\/\\\/blogs.uef.fi\\\/karjalanelvytys\\\/\"},{\"@type\":\"ListItem\",\"position\":2,\"name\":\"Loruhetket karjalaksi\"}]},{\"@type\":\"WebSite\",\"@id\":\"https:\\\/\\\/blogs.uef.fi\\\/karjalanelvytys\\\/#website\",\"url\":\"https:\\\/\\\/blogs.uef.fi\\\/karjalanelvytys\\\/\",\"name\":\"Karjalan kielen elvytt\u00e4minen\",\"description\":\"\",\"potentialAction\":[{\"@type\":\"SearchAction\",\"target\":{\"@type\":\"EntryPoint\",\"urlTemplate\":\"https:\\\/\\\/blogs.uef.fi\\\/karjalanelvytys\\\/?s={search_term_string}\"},\"query-input\":{\"@type\":\"PropertyValueSpecification\",\"valueRequired\":true,\"valueName\":\"search_term_string\"}}],\"inLanguage\":\"fi\"}]}<\/script>\n<!-- \/ Yoast SEO plugin. -->","yoast_head_json":{"title":"Loruhetket karjalaksi - Karjalan kielen elvytt\u00e4minen","robots":{"index":"index","follow":"follow","max-snippet":"max-snippet:-1","max-image-preview":"max-image-preview:large","max-video-preview":"max-video-preview:-1"},"canonical":"https:\/\/blogs.uef.fi\/karjalanelvytys\/loruhetket-karjalaksi\/","og_locale":"fi_FI","og_type":"article","og_title":"Loruhetket karjalaksi - Karjalan kielen elvytt\u00e4minen","og_description":"Lorukotvani karjalak\u0161i Karjalan kielen elvyty\u0161projekti 2023\u20132024 P\u00e4iv\u00e4nnou\u0161u-\u0160uomen yliopisto Oletko kon\u0161anih lorutellun karjalak\u0161i? Tahtositko kuotella? Nyt \u0161iula on hyv\u00e4 kotvani \u010dukeltua karjalankieliseh lorumuailmah! Ota keralla lap\u0161i, punukka, tovarissa, sussieta&#8230; A voit pity\u00e4 lorukotvaista ni miss\u00e4nih pivo\u0161\u0161a tahi kerho\u0161\u0161a. Yhe\u0161\u0161\u00e4 on aina vessel\u00e4mpi. Lorukotvani karjalak\u0161i -projektin esittely Lorukotvani karjalak\u0161i -korttipaka\u0161\u0161a on 22 karjalan kielen eri murtehilla olijua [&hellip;]","og_url":"https:\/\/blogs.uef.fi\/karjalanelvytys\/loruhetket-karjalaksi\/","og_site_name":"Karjalan kielen elvytt\u00e4minen","article_modified_time":"2025-12-12T09:15:27+00:00","og_image":[{"width":552,"height":778,"url":"https:\/\/blogs.uef.fi\/karjalanelvytys\/wp-content\/uploads\/sites\/155\/2024\/05\/vuakalintu_kortti.jpg","type":"image\/jpeg"}],"twitter_card":"summary_large_image","twitter_misc":{"Arvioitu lukuaika":"4 minuuttia"},"schema":{"@context":"https:\/\/schema.org","@graph":[{"@type":"WebPage","@id":"https:\/\/blogs.uef.fi\/karjalanelvytys\/loruhetket-karjalaksi\/","url":"https:\/\/blogs.uef.fi\/karjalanelvytys\/loruhetket-karjalaksi\/","name":"Loruhetket karjalaksi - Karjalan kielen elvytt\u00e4minen","isPartOf":{"@id":"https:\/\/blogs.uef.fi\/karjalanelvytys\/#website"},"primaryImageOfPage":{"@id":"https:\/\/blogs.uef.fi\/karjalanelvytys\/loruhetket-karjalaksi\/#primaryimage"},"image":{"@id":"https:\/\/blogs.uef.fi\/karjalanelvytys\/loruhetket-karjalaksi\/#primaryimage"},"thumbnailUrl":"https:\/\/blogs.uef.fi\/karjalanelvytys\/wp-content\/uploads\/sites\/155\/2024\/05\/vuakalintu_kortti.jpg","datePublished":"2024-06-04T10:19:39+00:00","dateModified":"2025-12-12T09:15:27+00:00","breadcrumb":{"@id":"https:\/\/blogs.uef.fi\/karjalanelvytys\/loruhetket-karjalaksi\/#breadcrumb"},"inLanguage":"fi","potentialAction":[{"@type":"ReadAction","target":["https:\/\/blogs.uef.fi\/karjalanelvytys\/loruhetket-karjalaksi\/"]}]},{"@type":"ImageObject","inLanguage":"fi","@id":"https:\/\/blogs.uef.fi\/karjalanelvytys\/loruhetket-karjalaksi\/#primaryimage","url":"https:\/\/blogs.uef.fi\/karjalanelvytys\/wp-content\/uploads\/sites\/155\/2024\/05\/vuakalintu_kortti.jpg","contentUrl":"https:\/\/blogs.uef.fi\/karjalanelvytys\/wp-content\/uploads\/sites\/155\/2024\/05\/vuakalintu_kortti.jpg","width":552,"height":778,"caption":"Lorukortti karjalaksi. Vuakalintu."},{"@type":"BreadcrumbList","@id":"https:\/\/blogs.uef.fi\/karjalanelvytys\/loruhetket-karjalaksi\/#breadcrumb","itemListElement":[{"@type":"ListItem","position":1,"name":"Home","item":"https:\/\/blogs.uef.fi\/karjalanelvytys\/"},{"@type":"ListItem","position":2,"name":"Loruhetket karjalaksi"}]},{"@type":"WebSite","@id":"https:\/\/blogs.uef.fi\/karjalanelvytys\/#website","url":"https:\/\/blogs.uef.fi\/karjalanelvytys\/","name":"Karjalan kielen elvytt\u00e4minen","description":"","potentialAction":[{"@type":"SearchAction","target":{"@type":"EntryPoint","urlTemplate":"https:\/\/blogs.uef.fi\/karjalanelvytys\/?s={search_term_string}"},"query-input":{"@type":"PropertyValueSpecification","valueRequired":true,"valueName":"search_term_string"}}],"inLanguage":"fi"}]}},"_links":{"self":[{"href":"https:\/\/blogs.uef.fi\/karjalanelvytys\/wp-json\/wp\/v2\/pages\/18299","targetHints":{"allow":["GET"]}}],"collection":[{"href":"https:\/\/blogs.uef.fi\/karjalanelvytys\/wp-json\/wp\/v2\/pages"}],"about":[{"href":"https:\/\/blogs.uef.fi\/karjalanelvytys\/wp-json\/wp\/v2\/types\/page"}],"author":[{"embeddable":true,"href":"https:\/\/blogs.uef.fi\/karjalanelvytys\/wp-json\/wp\/v2\/users\/480"}],"replies":[{"embeddable":true,"href":"https:\/\/blogs.uef.fi\/karjalanelvytys\/wp-json\/wp\/v2\/comments?post=18299"}],"version-history":[{"count":1,"href":"https:\/\/blogs.uef.fi\/karjalanelvytys\/wp-json\/wp\/v2\/pages\/18299\/revisions"}],"predecessor-version":[{"id":22932,"href":"https:\/\/blogs.uef.fi\/karjalanelvytys\/wp-json\/wp\/v2\/pages\/18299\/revisions\/22932"}],"wp:attachment":[{"href":"https:\/\/blogs.uef.fi\/karjalanelvytys\/wp-json\/wp\/v2\/media?parent=18299"}],"curies":[{"name":"wp","href":"https:\/\/api.w.org\/{rel}","templated":true}]}}