{"id":18116,"date":"2024-05-16T10:28:15","date_gmt":"2024-05-16T07:28:15","guid":{"rendered":"https:\/\/blogs.uef.fi\/karjalanelvytys\/?page_id=18116"},"modified":"2024-05-16T10:28:15","modified_gmt":"2024-05-16T07:28:15","slug":"suomeh-liittyja-sanasto-vienankarjala-suvikarjala-livvinkarjala-suomi","status":"publish","type":"page","link":"https:\/\/blogs.uef.fi\/karjalanelvytys\/suomeh-liittyja-sanasto-vienankarjala-suvikarjala-livvinkarjala-suomi\/","title":{"rendered":"Suomeh liittyj\u00e4 sanasto (vienankarjala\u2013suvikarjala\u2013livvinkarjala\u2013suomi)"},"content":{"rendered":"\n<p>Luadija: <strong>Katerina Paalamo<\/strong><\/p>\n\n\n\n<p>Karjalan kielen elvytysprojekta 2023\u20132024<\/p>\n\n\n\n<p>P\u00e4iv\u00e4nnouzu-Suomen yliopisto<\/p>\n\n\n\n<p>Sanasson ezimerkit ollah suvikarjalaksi.<\/p>\n\n\n\n<p>*<\/p>\n\n\n\n<p><strong>\u0161uomelaini \u2013 suomelane \u2013 suomelaine<\/strong> \u2013 suomalainen<\/p>\n\n\n\n<p>Hi\u00e4n on suomelane. \u2013 H\u00e4n on suomalainen.<\/p>\n\n\n\n<p>suomelane kirjallizus \u2013 suomalainen kirjallisuus<\/p>\n\n\n\n<p>*<\/p>\n\n\n\n<p><strong>\u0161uomelaisu\u0161 \u2013 suomelazus \u2013 suomela\u017eus<\/strong> \u2013 suomalaisuus<\/p>\n\n\n\n<p>Paginan tiemana oli alalleh muuttuja suomelazus. \u2013 Puheen aiheena oli jatkuvasti muuttuva suomalaisuus.<\/p>\n\n\n\n<p>Suomelazuon p\u00e4iv\u00e4 on 12. oraskuuda. \u2013 Suomalaisuuden p\u00e4iv\u00e4 on 12. toukokuuta.<\/p>\n\n\n\n<p>Tutkijan mugah Suomessa ainos on ollun monenmoista suomelazutta. \u2013 Tutkijan mukaan Suomessa on aina ollut monenlaista suomalaisuutta.<\/p>\n\n\n\n<p>*<\/p>\n\n\n\n<p><strong>\u0161uomenkielini \u2013 suomenkieline \u2013 suomenkieline<\/strong> \u2013 suomenkielinen<\/p>\n\n\n\n<p>Miun vastineh on suomenkieline. \u2013 Puolisoni on suomenkielinen.<\/p>\n\n\n\n<p>suomenkielizet kniigat \u2013 suomenkieliset kirjat<\/p>\n\n\n\n<p>*<\/p>\n\n\n\n<p><strong>\u0161uomi \u2013 suomi \u2013 suomi <\/strong>\u2013 suomi (kieli)<\/p>\n\n\n\n<p>H\u00e4nen muamonkieli on suomi. &nbsp;\u2013 H\u00e4nen \u00e4idinkielens\u00e4 on suomi.<\/p>\n\n\n\n<p>Opastaja pagizou suomeksi. \u2013 Opettaja puhuu suomea.<\/p>\n\n\n\n<p>Mie opassun suomen kieleh. \u2013 Min\u00e4 opiskelen suomen kielt\u00e4.<\/p>\n\n\n\n<p>*<\/p>\n\n\n\n<p><strong>\u0160uomi \u2013 Suomi \u2013 Suomi<\/strong> \u2013 Suomi<\/p>\n\n\n\n<p>Mie el\u00e4n Suomessa. \u2013 Min\u00e4 asun Suomessa.<\/p>\n\n\n\n<figure class=\"wp-block-image size-full\"><img loading=\"lazy\" decoding=\"async\" width=\"277\" height=\"277\" src=\"https:\/\/blogs.uef.fi\/karjalanelvytys\/wp-content\/uploads\/sites\/155\/2024\/05\/Picture1.png\" alt=\"\" class=\"wp-image-18119\" srcset=\"https:\/\/blogs.uef.fi\/karjalanelvytys\/wp-content\/uploads\/sites\/155\/2024\/05\/Picture1.png 277w, https:\/\/blogs.uef.fi\/karjalanelvytys\/wp-content\/uploads\/sites\/155\/2024\/05\/Picture1-150x150.png 150w\" sizes=\"auto, (max-width: 277px) 100vw, 277px\" \/><figcaption class=\"wp-element-caption\">Kuva: Pixabay<\/figcaption><\/figure>\n","protected":false},"excerpt":{"rendered":"<p>Luadija: Katerina Paalamo Karjalan kielen elvytysprojekta 2023\u20132024 P\u00e4iv\u00e4nnouzu-Suomen yliopisto Sanasson ezimerkit ollah suvikarjalaksi. * \u0161uomelaini \u2013 suomelane \u2013 suomelaine \u2013 suomalainen Hi\u00e4n on suomelane. \u2013 H\u00e4n on suomalainen. suomelane kirjallizus \u2013 suomalainen kirjallisuus * \u0161uomelaisu\u0161 \u2013 suomelazus \u2013 suomela\u017eus \u2013 suomalaisuus Paginan tiemana oli alalleh muuttuja suomelazus. \u2013 Puheen aiheena oli jatkuvasti muuttuva suomalaisuus. Suomelazuon [&hellip;]<\/p>\n","protected":false},"author":580,"featured_media":0,"parent":0,"menu_order":0,"comment_status":"closed","ping_status":"closed","template":"","meta":{"_acf_changed":false,"footnotes":""},"class_list":["post-18116","page","type-page","status-publish","hentry"],"acf":[],"yoast_head":"<!-- This site is optimized with the Yoast SEO plugin v27.1.1 - https:\/\/yoast.com\/product\/yoast-seo-wordpress\/ -->\n<title>Suomeh liittyj\u00e4 sanasto (vienankarjala\u2013suvikarjala\u2013livvinkarjala\u2013suomi) - Karjalan kielen elvytt\u00e4minen<\/title>\n<meta name=\"robots\" content=\"index, follow, max-snippet:-1, max-image-preview:large, max-video-preview:-1\" \/>\n<link rel=\"canonical\" href=\"https:\/\/blogs.uef.fi\/karjalanelvytys\/suomeh-liittyja-sanasto-vienankarjala-suvikarjala-livvinkarjala-suomi\/\" \/>\n<meta property=\"og:locale\" content=\"fi_FI\" \/>\n<meta property=\"og:type\" content=\"article\" \/>\n<meta property=\"og:title\" content=\"Suomeh liittyj\u00e4 sanasto (vienankarjala\u2013suvikarjala\u2013livvinkarjala\u2013suomi) - Karjalan kielen elvytt\u00e4minen\" \/>\n<meta property=\"og:description\" content=\"Luadija: Katerina Paalamo Karjalan kielen elvytysprojekta 2023\u20132024 P\u00e4iv\u00e4nnouzu-Suomen yliopisto Sanasson ezimerkit ollah suvikarjalaksi. * \u0161uomelaini \u2013 suomelane \u2013 suomelaine \u2013 suomalainen Hi\u00e4n on suomelane. \u2013 H\u00e4n on suomalainen. suomelane kirjallizus \u2013 suomalainen kirjallisuus * \u0161uomelaisu\u0161 \u2013 suomelazus \u2013 suomela\u017eus \u2013 suomalaisuus Paginan tiemana oli alalleh muuttuja suomelazus. \u2013 Puheen aiheena oli jatkuvasti muuttuva suomalaisuus. Suomelazuon [&hellip;]\" \/>\n<meta property=\"og:url\" content=\"https:\/\/blogs.uef.fi\/karjalanelvytys\/suomeh-liittyja-sanasto-vienankarjala-suvikarjala-livvinkarjala-suomi\/\" \/>\n<meta property=\"og:site_name\" content=\"Karjalan kielen elvytt\u00e4minen\" \/>\n<meta property=\"og:image\" content=\"https:\/\/blogs.uef.fi\/karjalanelvytys\/wp-content\/uploads\/sites\/155\/2024\/05\/Picture1.png\" \/>\n<meta name=\"twitter:card\" content=\"summary_large_image\" \/>\n<meta name=\"twitter:label1\" content=\"Arvioitu lukuaika\" \/>\n\t<meta name=\"twitter:data1\" content=\"1 minuutti\" \/>\n<script type=\"application\/ld+json\" class=\"yoast-schema-graph\">{\"@context\":\"https:\/\/schema.org\",\"@graph\":[{\"@type\":\"WebPage\",\"@id\":\"https:\/\/blogs.uef.fi\/karjalanelvytys\/suomeh-liittyja-sanasto-vienankarjala-suvikarjala-livvinkarjala-suomi\/\",\"url\":\"https:\/\/blogs.uef.fi\/karjalanelvytys\/suomeh-liittyja-sanasto-vienankarjala-suvikarjala-livvinkarjala-suomi\/\",\"name\":\"Suomeh liittyj\u00e4 sanasto (vienankarjala\u2013suvikarjala\u2013livvinkarjala\u2013suomi) - Karjalan kielen elvytt\u00e4minen\",\"isPartOf\":{\"@id\":\"https:\/\/blogs.uef.fi\/karjalanelvytys\/#website\"},\"primaryImageOfPage\":{\"@id\":\"https:\/\/blogs.uef.fi\/karjalanelvytys\/suomeh-liittyja-sanasto-vienankarjala-suvikarjala-livvinkarjala-suomi\/#primaryimage\"},\"image\":{\"@id\":\"https:\/\/blogs.uef.fi\/karjalanelvytys\/suomeh-liittyja-sanasto-vienankarjala-suvikarjala-livvinkarjala-suomi\/#primaryimage\"},\"thumbnailUrl\":\"https:\/\/blogs.uef.fi\/karjalanelvytys\/wp-content\/uploads\/sites\/155\/2024\/05\/Picture1.png\",\"datePublished\":\"2024-05-16T07:28:15+00:00\",\"breadcrumb\":{\"@id\":\"https:\/\/blogs.uef.fi\/karjalanelvytys\/suomeh-liittyja-sanasto-vienankarjala-suvikarjala-livvinkarjala-suomi\/#breadcrumb\"},\"inLanguage\":\"fi\",\"potentialAction\":[{\"@type\":\"ReadAction\",\"target\":[\"https:\/\/blogs.uef.fi\/karjalanelvytys\/suomeh-liittyja-sanasto-vienankarjala-suvikarjala-livvinkarjala-suomi\/\"]}]},{\"@type\":\"ImageObject\",\"inLanguage\":\"fi\",\"@id\":\"https:\/\/blogs.uef.fi\/karjalanelvytys\/suomeh-liittyja-sanasto-vienankarjala-suvikarjala-livvinkarjala-suomi\/#primaryimage\",\"url\":\"https:\/\/blogs.uef.fi\/karjalanelvytys\/wp-content\/uploads\/sites\/155\/2024\/05\/Picture1.png\",\"contentUrl\":\"https:\/\/blogs.uef.fi\/karjalanelvytys\/wp-content\/uploads\/sites\/155\/2024\/05\/Picture1.png\",\"width\":277,\"height\":277},{\"@type\":\"BreadcrumbList\",\"@id\":\"https:\/\/blogs.uef.fi\/karjalanelvytys\/suomeh-liittyja-sanasto-vienankarjala-suvikarjala-livvinkarjala-suomi\/#breadcrumb\",\"itemListElement\":[{\"@type\":\"ListItem\",\"position\":1,\"name\":\"Home\",\"item\":\"https:\/\/blogs.uef.fi\/karjalanelvytys\/\"},{\"@type\":\"ListItem\",\"position\":2,\"name\":\"Suomeh liittyj\u00e4 sanasto (vienankarjala\u2013suvikarjala\u2013livvinkarjala\u2013suomi)\"}]},{\"@type\":\"WebSite\",\"@id\":\"https:\/\/blogs.uef.fi\/karjalanelvytys\/#website\",\"url\":\"https:\/\/blogs.uef.fi\/karjalanelvytys\/\",\"name\":\"Karjalan kielen elvytt\u00e4minen\",\"description\":\"\",\"potentialAction\":[{\"@type\":\"SearchAction\",\"target\":{\"@type\":\"EntryPoint\",\"urlTemplate\":\"https:\/\/blogs.uef.fi\/karjalanelvytys\/?s={search_term_string}\"},\"query-input\":{\"@type\":\"PropertyValueSpecification\",\"valueRequired\":true,\"valueName\":\"search_term_string\"}}],\"inLanguage\":\"fi\"}]}<\/script>\n<!-- \/ Yoast SEO plugin. -->","yoast_head_json":{"title":"Suomeh liittyj\u00e4 sanasto (vienankarjala\u2013suvikarjala\u2013livvinkarjala\u2013suomi) - Karjalan kielen elvytt\u00e4minen","robots":{"index":"index","follow":"follow","max-snippet":"max-snippet:-1","max-image-preview":"max-image-preview:large","max-video-preview":"max-video-preview:-1"},"canonical":"https:\/\/blogs.uef.fi\/karjalanelvytys\/suomeh-liittyja-sanasto-vienankarjala-suvikarjala-livvinkarjala-suomi\/","og_locale":"fi_FI","og_type":"article","og_title":"Suomeh liittyj\u00e4 sanasto (vienankarjala\u2013suvikarjala\u2013livvinkarjala\u2013suomi) - Karjalan kielen elvytt\u00e4minen","og_description":"Luadija: Katerina Paalamo Karjalan kielen elvytysprojekta 2023\u20132024 P\u00e4iv\u00e4nnouzu-Suomen yliopisto Sanasson ezimerkit ollah suvikarjalaksi. * \u0161uomelaini \u2013 suomelane \u2013 suomelaine \u2013 suomalainen Hi\u00e4n on suomelane. \u2013 H\u00e4n on suomalainen. suomelane kirjallizus \u2013 suomalainen kirjallisuus * \u0161uomelaisu\u0161 \u2013 suomelazus \u2013 suomela\u017eus \u2013 suomalaisuus Paginan tiemana oli alalleh muuttuja suomelazus. \u2013 Puheen aiheena oli jatkuvasti muuttuva suomalaisuus. Suomelazuon [&hellip;]","og_url":"https:\/\/blogs.uef.fi\/karjalanelvytys\/suomeh-liittyja-sanasto-vienankarjala-suvikarjala-livvinkarjala-suomi\/","og_site_name":"Karjalan kielen elvytt\u00e4minen","og_image":[{"url":"https:\/\/blogs.uef.fi\/karjalanelvytys\/wp-content\/uploads\/sites\/155\/2024\/05\/Picture1.png","type":"","width":"","height":""}],"twitter_card":"summary_large_image","twitter_misc":{"Arvioitu lukuaika":"1 minuutti"},"schema":{"@context":"https:\/\/schema.org","@graph":[{"@type":"WebPage","@id":"https:\/\/blogs.uef.fi\/karjalanelvytys\/suomeh-liittyja-sanasto-vienankarjala-suvikarjala-livvinkarjala-suomi\/","url":"https:\/\/blogs.uef.fi\/karjalanelvytys\/suomeh-liittyja-sanasto-vienankarjala-suvikarjala-livvinkarjala-suomi\/","name":"Suomeh liittyj\u00e4 sanasto (vienankarjala\u2013suvikarjala\u2013livvinkarjala\u2013suomi) - Karjalan kielen elvytt\u00e4minen","isPartOf":{"@id":"https:\/\/blogs.uef.fi\/karjalanelvytys\/#website"},"primaryImageOfPage":{"@id":"https:\/\/blogs.uef.fi\/karjalanelvytys\/suomeh-liittyja-sanasto-vienankarjala-suvikarjala-livvinkarjala-suomi\/#primaryimage"},"image":{"@id":"https:\/\/blogs.uef.fi\/karjalanelvytys\/suomeh-liittyja-sanasto-vienankarjala-suvikarjala-livvinkarjala-suomi\/#primaryimage"},"thumbnailUrl":"https:\/\/blogs.uef.fi\/karjalanelvytys\/wp-content\/uploads\/sites\/155\/2024\/05\/Picture1.png","datePublished":"2024-05-16T07:28:15+00:00","breadcrumb":{"@id":"https:\/\/blogs.uef.fi\/karjalanelvytys\/suomeh-liittyja-sanasto-vienankarjala-suvikarjala-livvinkarjala-suomi\/#breadcrumb"},"inLanguage":"fi","potentialAction":[{"@type":"ReadAction","target":["https:\/\/blogs.uef.fi\/karjalanelvytys\/suomeh-liittyja-sanasto-vienankarjala-suvikarjala-livvinkarjala-suomi\/"]}]},{"@type":"ImageObject","inLanguage":"fi","@id":"https:\/\/blogs.uef.fi\/karjalanelvytys\/suomeh-liittyja-sanasto-vienankarjala-suvikarjala-livvinkarjala-suomi\/#primaryimage","url":"https:\/\/blogs.uef.fi\/karjalanelvytys\/wp-content\/uploads\/sites\/155\/2024\/05\/Picture1.png","contentUrl":"https:\/\/blogs.uef.fi\/karjalanelvytys\/wp-content\/uploads\/sites\/155\/2024\/05\/Picture1.png","width":277,"height":277},{"@type":"BreadcrumbList","@id":"https:\/\/blogs.uef.fi\/karjalanelvytys\/suomeh-liittyja-sanasto-vienankarjala-suvikarjala-livvinkarjala-suomi\/#breadcrumb","itemListElement":[{"@type":"ListItem","position":1,"name":"Home","item":"https:\/\/blogs.uef.fi\/karjalanelvytys\/"},{"@type":"ListItem","position":2,"name":"Suomeh liittyj\u00e4 sanasto (vienankarjala\u2013suvikarjala\u2013livvinkarjala\u2013suomi)"}]},{"@type":"WebSite","@id":"https:\/\/blogs.uef.fi\/karjalanelvytys\/#website","url":"https:\/\/blogs.uef.fi\/karjalanelvytys\/","name":"Karjalan kielen elvytt\u00e4minen","description":"","potentialAction":[{"@type":"SearchAction","target":{"@type":"EntryPoint","urlTemplate":"https:\/\/blogs.uef.fi\/karjalanelvytys\/?s={search_term_string}"},"query-input":{"@type":"PropertyValueSpecification","valueRequired":true,"valueName":"search_term_string"}}],"inLanguage":"fi"}]}},"_links":{"self":[{"href":"https:\/\/blogs.uef.fi\/karjalanelvytys\/wp-json\/wp\/v2\/pages\/18116","targetHints":{"allow":["GET"]}}],"collection":[{"href":"https:\/\/blogs.uef.fi\/karjalanelvytys\/wp-json\/wp\/v2\/pages"}],"about":[{"href":"https:\/\/blogs.uef.fi\/karjalanelvytys\/wp-json\/wp\/v2\/types\/page"}],"author":[{"embeddable":true,"href":"https:\/\/blogs.uef.fi\/karjalanelvytys\/wp-json\/wp\/v2\/users\/580"}],"replies":[{"embeddable":true,"href":"https:\/\/blogs.uef.fi\/karjalanelvytys\/wp-json\/wp\/v2\/comments?post=18116"}],"version-history":[{"count":1,"href":"https:\/\/blogs.uef.fi\/karjalanelvytys\/wp-json\/wp\/v2\/pages\/18116\/revisions"}],"predecessor-version":[{"id":18122,"href":"https:\/\/blogs.uef.fi\/karjalanelvytys\/wp-json\/wp\/v2\/pages\/18116\/revisions\/18122"}],"wp:attachment":[{"href":"https:\/\/blogs.uef.fi\/karjalanelvytys\/wp-json\/wp\/v2\/media?parent=18116"}],"curies":[{"name":"wp","href":"https:\/\/api.w.org\/{rel}","templated":true}]}}