{"id":17561,"date":"2024-04-18T11:07:36","date_gmt":"2024-04-18T08:07:36","guid":{"rendered":"https:\/\/blogs.uef.fi\/karjalanelvytys\/?page_id=17561"},"modified":"2024-04-18T11:07:36","modified_gmt":"2024-04-18T08:07:36","slug":"ohjavuo-karjalankielizen-paginpertin-avuandan-tuvekse","status":"publish","type":"page","link":"https:\/\/blogs.uef.fi\/karjalanelvytys\/ohjavuo-karjalankielizen-paginpertin-avuandan-tuvekse\/","title":{"rendered":"Ohjavuo karjalankielizen Paginpertin avuandan tuvekse"},"content":{"rendered":"\n<p>Karjalan kielen elvytysprojektu on j\u00e4lgivuozinnu tugenuh karjalankielizien Paginpertil\u00f6in avuandua Suomen eri \u010durile ezimerkikse maksamal tilavuogrua. Talovehellizen tuven li\u017e\u00e4kse elvytysprojektas on pakittu nevvuo da ohjavuo, kudamii on nyg\u00f6i ker\u00e4tty t\u00e4h tekstah.<\/p>\n\n\n\n<h2 class=\"wp-block-heading\">Mi on Paginperti?<\/h2>\n\n\n\n<p>Paginperti on v\u00e4llymuodoine paginkluubu, kudaman tarkoituksennu on tarita karjalankielizile da karjalan kielen suvai\u010d\u010dijoile mahto kehitti\u00e4 jogap\u00e4iv\u00e4histy kielenmaltuo da tuttavuo toizih karjalankielizih. Ezm\u00e4zen Paginpertin avattih omatahtozet ruadajat Jovensuuh vuvvennu 2016, da vuvves 2022 algajen ruandua on ved\u00e4nyh karjalan kielen elvytysprojektu. Vuvves 2023 algajen Jovensuus on ker\u00e4vynnyh alguper\u00e4zen Kaikkien Paginpertin li\u017e\u00e4kse juuri nuorih ni\u0161koi avattu Nuorien Paginperti, kudamas paginan tiemat vallitah nuorien mielien mugah. Jovensuun li\u017e\u00e4kse Paginpertil\u00f6i on vuozinnu 2022\u20132023 pietty v\u00e4himy\u00f6lleh Helsingis, Tamberel, Turrus, Oulus, Kuopios da Jyv\u00e4skyl\u00e4s.<\/p>\n\n\n\n<p>Paginpertin piend\u00e4h ni\u0161koi ei ole varzinazii si\u00e4nd\u00f6l\u00f6i, eigo ved\u00e4j\u00e4l pie olla tiettyy opastustu libo aijembua kogemustu paginkluuban viend\u00e4s.<\/p>\n\n\n\n<h2 class=\"wp-block-heading\">Kus algua?<\/h2>\n\n\n\n<p>Tahtonet avata Paginpertin i\u010dces \u010durale, maksau ezm\u00e4i sellitti\u00e4, ongo alovehel innokastu paginkanzua. Oman l\u00e4h\u00e4zen piirin li\u017e\u00e4kse voit ottua yhtevytty ezimerkikse Karjala-yhtistyksih libo kerduo pluanois socializes medies. Paginpertin piend\u00e4h n\u00e4h ei tarvita suurdu joukkuo, ga organizui\u010dendu on kebjiembi, tied\u00e4net ozanottajua da li\u017e\u00e4kse v\u00e4himy\u00f6lleh yhten ristikanzan, kudai voi ruadua ved\u00e4j\u00e4nny.<\/p>\n\n\n\n<p>Paginperti voibi ker\u00e4vy\u00f6 ezimerkikse misgi julgizes kohtas libo vuogratus tilas. Vuogratut tilat p\u00e4it\u00e4h Paginpertil\u00f6ih ni\u0161koi parem, migu julgizet kohtat enne kaikkie sit, konzu niil\u00f6is on keit\u00e4ndyperti koufein- da \u010duajunkeit\u00e4nd\u00e4h n\u00e4h. \u00c4ijis kunnis on huovistu vuogratilua. Toi\u010di tilua voit k\u00e4ytti\u00e4 se\u017eo ilmai, ollou organizuittu ruandu voittuo tabailematoi dielo da sen organizui\u010d\u010dii ezimerkikse pieni yhtistys libo muu yhtehist\u00f6. Ilmastu da huovistu tilua on ker\u00e4tty yhteh kohtah ezimerkikse Pagolasavun J\u00e4rjest\u00f6haudomon Tiloja j\u00e4rjest\u00f6lle -sivule (<a href=\"https:\/\/jarjestohautomo.fi\/yhdistystietopankki\/tiloja-jarjestoille\/\">linku<\/a>) da kundien da linnoloin omile saitoile.<\/p>\n\n\n\n<p>Jo edukyndeh maksau pi\u00e4tti\u00e4 se\u017eo, konzu da kui puaksuh Paginperti ker\u00e4vyy. Puaksuh Paginpertit ollah ker\u00e4vytty kerran kuus. Argi-illat da ned\u00e4linloppuloin eht\u00e4t ollah oldu kaikkii p\u00e4tt\u00e4vemb\u00e4t aijat.<\/p>\n\n\n\n<p>Konzu tiijos ollah v\u00e4himy\u00f6lleh yksi ved\u00e4i, joukko paginpertil\u00e4sty, vastavundukohtu da ezm\u00e4zen vastavundan aigu, on Paginpertii hyv\u00e4 reklamiiruija ezimerkikse somes. Paginpertil\u00f6ih n\u00e4h on kirjutettu Instagramas da Facebookas. Mallii voit ka\u010d\u010duo ezimerkikse Tamberen (@tamberenpaginperti), Kuopion (@paginpertikuopios) da Helsingin (@paginpertipialinnas) Paginpertil\u00f6in Instagram-k\u00e4ytt\u00e4jil. Paginpertil\u00f6i voijah reklamiiruija se\u017eo elvytysprojektan s\u00e4hk\u00f6po\u0161tulistal \u2013 ty\u00f6nn\u00e4th\u00e4i ku\u010dun tapahtuman s\u00e4hk\u00f6po\u0161ta\u010di adressah karjalanelvytys@uef.fi.<\/p>\n\n\n\n<h2 class=\"wp-block-heading\">Ved\u00e4j\u00e4n teht\u00e4v\u00e4t<\/h2>\n\n\n\n<p>Paginpertin ved\u00e4j\u00e4l ei pie olla tiettyy opastustu libo eri\u010dysmaltuo \u2013 himo paginah da Paginpertin piend\u00e4h t\u00e4vvyt\u00e4h. Yksikai on t\u00e4rgei, gu jo Paginpertin planiirui\u010dendan aigua vallitah v\u00e4himy\u00f6lleh yksi ristikanzu, kudai voi ottua Paginpertin viendyvastuon. Ved\u00e4i vastua libo ved\u00e4j\u00e4t vastatah pai\u010di muudu viestind\u00e4s da vastavunduaijoin valli\u010dendas da ollah yhtevy\u00f6s mahtollizeh tilan vuogruajah.<\/p>\n\n\n\n<p>Ved\u00e4j\u00e4n t\u00e4rgiemb\u00e4t teht\u00e4v\u00e4t ollah paginan ohjuandu da sen karjalankielizenny piendy. Puaksuh ved\u00e4i voibi ottua ozua paginah, kui toizetgi paginpertil\u00e4zet, eigo h\u00e4nen rouli v\u00e4lt\u00e4m\u00e4tt\u00e4h eruo toizien ozanottajien roulilois. Ruvennou pagin hillenem\u00e4h, voibi ved\u00e4i oppie jatkua sid\u00e4 da tuvva paginah uuttu tiemua. Ved\u00e4i voibi edukyndeh keksie ezimerkikse abukyzymyksii, pagintiemoi libo kebjiel\u00f6i teht\u00e4vii (ka\u010do Ruandan muvvot), kudamien vuoh pagin voibi jatkuo hil\u2019l\u2019a\u017euon j\u00e4lgeh. T\u00e4rgei on, gu Paginpertis voit k\u00e4ytti\u00e4 kaikkii murdehii libo mugasanottuu segakarjalua, eigo ni ezimerkikse \u201dopastujan karjala\u201d ole huigei.<\/p>\n\n\n\n<p>Hos Paginpertis voitgi paista oman kielenmalton mugah da k\u00e4ytti\u00e4 abukielii, maksau pagin oppie pidi\u00e4 mahton mugah karjalankielizenny. Send\u00e4h on hyv\u00e4, gu ved\u00e4i pagizis karjalakse v\u00e4himy\u00f6lleh hyvin libo gu h\u00e4nel olis abuniekannu kebjieh da v\u00e4ll\u00e4h pagizii ristikanzu. Konzu ved\u00e4i huomuau, gu paginan kieli vaihtuu suomeh libo mihgi toizeh kieleh, voibi h\u00e4i mahton mugah ezimerkikse ki\u00e4ndi\u00e4 jygiet sanat libo vedi\u00e4 paginua eri \u010durah karjalankielisty abukyzymysty k\u00e4ytt\u00e4jen. Karjalah vaste opastui ristikanzu voibi se\u017eo olla Paginpertin ved\u00e4i, da Paginpertis pi\u00e4dielo on yhtes opastumine.<\/p>\n\n\n\n<h2 class=\"wp-block-heading\">Ruandan muvvot<\/h2>\n\n\n\n<h3 class=\"wp-block-heading\">V\u00e4lly da kebjieh ohjattu pagin<\/h3>\n\n\n\n<p>Pi\u00e4dielo Paginpertis on karjalankielizen paginkontekstan luajindu: send\u00e4h v\u00e4lly libo enimite kebjieh ohjattu pagin on ruandan keskes. Se, \u00e4ij\u00e4lgo paginua maksau ohjata, rippuu paginpertil\u00e4zien kielenmaltos. Enimy\u00f6lleh karjalah vaste kodvazen opastunnuot ristikanzat voijah tarvita ohjuandua da abukyzymysty, ga kebjieh pagizijat voijah pidi\u00e4 lujah ohjattuu paginua rajoittajannu. Paginperti roihes ainos paginpertil\u00e4zien mugazekse. Ezimerkikse Jovensuus on ruattu nenga, gu ved\u00e4i ezm\u00e4i kyzyy ozanottajil heij\u00e4n dieloloi yhten libo kahten abukyzymyksen vuoh, min j\u00e4lgeh paistah l\u00e4s libo kogonah ilmai ohjuandua. Ollou paginpertil\u00e4sty \u00e4ijy, heij\u00e4t voijah paginan kebjend\u00e4mizekse dieloloin kyzynd\u00e4n j\u00e4lles libo kerras vastavundan allus jagua pienembih joukkoloih, omih stolih.<\/p>\n\n\n\n<p>Er\u00e4his linnois on olluh tavannu vallita jogahizele vastavundale oma tiemu. Tieman valli\u010dendu kebjend\u00e4y paginua enne kaikkie sit, konzu suuri vuitti paginpertil\u00e4zis on opastunnuh karjalah vaste kodvazen. T\u00e4s tapahtukses paginpertil\u00e4zet voijah, tahtotanneh, tuttavuo tiemua koskijah sanastoh jo edukyndeh, da vastavundoingi pi\u00e4paino voibi olla v\u00e4ll\u00e4n paginan sijah opastundas. Ollou Paginpertis karjalakse ylen hyvin maltajua ristikanzua, voijah toizet ozanottajat, tahtotanneh, duumaija tiemah liittyjii sanoi da fruazoi, kudamii hy\u00f6 ei tiet\u00e4 karjalakse. Karjalakse parem maltajat voijah avvuttua est\u00e4m\u00e4h tilandehii, mittumis on aijemba olluh kielen- libo koudanvaihtandua. Paginpertis voijah se\u017eo azuo kogonah uuttu sanastuo yhtes.<\/p>\n\n\n\n<h3 class=\"wp-block-heading\">Sanaki\u017eat<\/h3>\n\n\n\n<p>Paginpertil\u00f6is puaksuh ki\u017eatah sanaki\u017eoih. Karjalan Sivistyssebru on jullannuh kaksi <strong>Katerina Paalamon<\/strong> da <strong>Sanna Hukkazen<\/strong> luajittuu karjalankielisty sanaki\u017eua. Ki\u017eois yksi on luajittu lapsih ni\u0161koi da toine on v\u00e4h\u00e4sty jygiembi versii aiguhizih n\u00e4h. Mollembat ki\u017eat perustutah Paalamon da Hukkazen aijemba jullattuh Adaman gruunu -kuvasanakniigah. Ki\u017ean kartit on kirjutettu karjalan kaikil pi\u00e4murdehil (ki\u00e4nd\u00e4nyh vienankarjalakse <strong>Olga Karlova<\/strong> da livvinkarjalakse <strong>Ilja Moshnikov<\/strong>) da p\u00e4it\u00e4h send\u00e4h ylen hyvin kieleh opastundah suurembalgi joukol. Ki\u017eoi voit tilata Karjalan Sivistyssebran verkolaukas (<a href=\"https:\/\/www.karjalansivistysseura.fi\/kaupan-hakutulokset\/keyword\/adaman+gruunu\/search-in\/product\/cat-in\/all\/search-other\/product\">linku<\/a>).<\/p>\n\n\n\n<p>Paginpertil\u00f6is on puaksuh k\u00e4ytetty i\u010den luajittuloi sellit\u00e4 sana -ki\u017eoi. Kebjevin versii on moine, kudamis bumuagulippuzile on kirjutettu sanua karjalan ei murdehil. Jogahize ki\u017euaju ottau yhten lippuzen da sellitt\u00e4y sen sanan Alias-ki\u017ean si\u00e4nd\u00f6l\u00f6in mugah, toizet arvatah. Ki\u017eua on kebjei mugavuttua da sen vuoh voit tuttavuo erijyttyzih tiemusanastoloih (ezim. talvisanasto, uvvissanat, sy\u00f6missanat).<\/p>\n\n\n\n<h3 class=\"wp-block-heading\">Koufeit-\u010duajut<\/h3>\n\n\n\n<p>Paginpertil\u00f6is on puaksuh keitetty koufeit-\u010duajut da sy\u00f6dy yhtes, konzu sih on mahto. Paginpertil\u00e4sty on kehoitettu ottamah ker\u00e4le p\u00e4ppil\u00f6i da toizii sy\u00f6mizii. P\u00e4ppil\u00f6ile, piirualoile da toizile v\u00e4lipaloile voijah luadie karjalankielizet nimilippuzet, gu sy\u00f6missanastogi tulis tuttavakse.<\/p>\n\n\n\n<h3 class=\"wp-block-heading\">Luvendot<\/h3>\n\n\n\n<p>Silloi-toi\u010di Paginpertis on pietty eriluadustu karjalan kieldy da karjala\u017euttu koskijua luvenduo. Parahas tapahtukses luvendot voijah kehoittua paginpertil\u00e4zii k\u00e4ytt\u00e4m\u00e4h karjalua puaksumba, da luvendot ohjatah se\u017eo v\u00e4lli\u00e4 paginua. Luvendon organizui\u010dendu on ved\u00e4jile kohtalazen kebjei dielo, send\u00e4h gu pagizii voibi ottua ozua loittuop\u00e4i (Zoom libo Teams) da eli\u00e4 kustahto muijal, ei paginpertin piendykohtas.<\/p>\n\n\n\n<p>On t\u00e4rgei tiedi\u00e4, gu luvendo viey en\u00e4m puolii Paginpertin aijas. Pi\u00e4dielo Paginpertis on v\u00e4lly pagin, kudamua luvendoloin on hyv\u00e4 tugie. Ezimerkil\u00f6i luvendoloin tiemois l\u00f6vv\u00e4t pai\u010di muudu karjalan kielen elvytysprojektan blogan Paginapertti-sivul, kudamal jullatah ku\u010d\u010duloin li\u017e\u00e4kse lyhy\u010d\u010d\u00e4zii raportazii jo piettyl\u00f6is vastavundois.<\/p>\n\n\n\n<h3 class=\"wp-block-heading\">Gost&#8217;at<\/h3>\n\n\n\n<p>Luvendoloin li\u017e\u00e4kse Paginpertih voibi ku\u010d\u010duo tostu gost\u2019ua \u2013 voit k\u00e4ytti\u00e4 mielikuvitustu. Jovensuun Paginpertis on n\u00e4hty ezimerkikse teatruozutus da monolougu da pietty kniigoin da videosarjoin julguandupruazniekkoi.<\/p>\n","protected":false},"excerpt":{"rendered":"<p>Karjalan kielen elvytysprojektu on j\u00e4lgivuozinnu tugenuh karjalankielizien Paginpertil\u00f6in avuandua Suomen eri \u010durile ezimerkikse maksamal tilavuogrua. Talovehellizen tuven li\u017e\u00e4kse elvytysprojektas on pakittu nevvuo da ohjavuo, kudamii on nyg\u00f6i ker\u00e4tty t\u00e4h tekstah. Mi on Paginperti? Paginperti on v\u00e4llymuodoine paginkluubu, kudaman tarkoituksennu on tarita karjalankielizile da karjalan kielen suvai\u010d\u010dijoile mahto kehitti\u00e4 jogap\u00e4iv\u00e4histy kielenmaltuo da tuttavuo toizih karjalankielizih. Ezm\u00e4zen [&hellip;]<\/p>\n","protected":false},"author":580,"featured_media":0,"parent":0,"menu_order":0,"comment_status":"closed","ping_status":"closed","template":"","meta":{"_acf_changed":false,"footnotes":""},"class_list":["post-17561","page","type-page","status-publish","hentry"],"acf":[],"yoast_head":"<!-- This site is optimized with the Yoast SEO plugin v27.3 - https:\/\/yoast.com\/product\/yoast-seo-wordpress\/ -->\n<title>Ohjavuo karjalankielizen Paginpertin avuandan tuvekse - Karjalan kielen elvytt\u00e4minen<\/title>\n<meta name=\"robots\" content=\"index, follow, max-snippet:-1, max-image-preview:large, max-video-preview:-1\" \/>\n<link rel=\"canonical\" href=\"https:\/\/blogs.uef.fi\/karjalanelvytys\/ohjavuo-karjalankielizen-paginpertin-avuandan-tuvekse\/\" \/>\n<meta property=\"og:locale\" content=\"fi_FI\" \/>\n<meta property=\"og:type\" content=\"article\" \/>\n<meta property=\"og:title\" content=\"Ohjavuo karjalankielizen Paginpertin avuandan tuvekse - Karjalan kielen elvytt\u00e4minen\" \/>\n<meta property=\"og:description\" content=\"Karjalan kielen elvytysprojektu on j\u00e4lgivuozinnu tugenuh karjalankielizien Paginpertil\u00f6in avuandua Suomen eri \u010durile ezimerkikse maksamal tilavuogrua. Talovehellizen tuven li\u017e\u00e4kse elvytysprojektas on pakittu nevvuo da ohjavuo, kudamii on nyg\u00f6i ker\u00e4tty t\u00e4h tekstah. Mi on Paginperti? Paginperti on v\u00e4llymuodoine paginkluubu, kudaman tarkoituksennu on tarita karjalankielizile da karjalan kielen suvai\u010d\u010dijoile mahto kehitti\u00e4 jogap\u00e4iv\u00e4histy kielenmaltuo da tuttavuo toizih karjalankielizih. Ezm\u00e4zen [&hellip;]\" \/>\n<meta property=\"og:url\" content=\"https:\/\/blogs.uef.fi\/karjalanelvytys\/ohjavuo-karjalankielizen-paginpertin-avuandan-tuvekse\/\" \/>\n<meta property=\"og:site_name\" content=\"Karjalan kielen elvytt\u00e4minen\" \/>\n<meta name=\"twitter:card\" content=\"summary_large_image\" \/>\n<meta name=\"twitter:label1\" content=\"Arvioitu lukuaika\" \/>\n\t<meta name=\"twitter:data1\" content=\"7 minuuttia\" \/>\n<script type=\"application\/ld+json\" class=\"yoast-schema-graph\">{\"@context\":\"https:\\\/\\\/schema.org\",\"@graph\":[{\"@type\":\"WebPage\",\"@id\":\"https:\\\/\\\/blogs.uef.fi\\\/karjalanelvytys\\\/ohjavuo-karjalankielizen-paginpertin-avuandan-tuvekse\\\/\",\"url\":\"https:\\\/\\\/blogs.uef.fi\\\/karjalanelvytys\\\/ohjavuo-karjalankielizen-paginpertin-avuandan-tuvekse\\\/\",\"name\":\"Ohjavuo karjalankielizen Paginpertin avuandan tuvekse - Karjalan kielen elvytt\u00e4minen\",\"isPartOf\":{\"@id\":\"https:\\\/\\\/blogs.uef.fi\\\/karjalanelvytys\\\/#website\"},\"datePublished\":\"2024-04-18T08:07:36+00:00\",\"breadcrumb\":{\"@id\":\"https:\\\/\\\/blogs.uef.fi\\\/karjalanelvytys\\\/ohjavuo-karjalankielizen-paginpertin-avuandan-tuvekse\\\/#breadcrumb\"},\"inLanguage\":\"fi\",\"potentialAction\":[{\"@type\":\"ReadAction\",\"target\":[\"https:\\\/\\\/blogs.uef.fi\\\/karjalanelvytys\\\/ohjavuo-karjalankielizen-paginpertin-avuandan-tuvekse\\\/\"]}]},{\"@type\":\"BreadcrumbList\",\"@id\":\"https:\\\/\\\/blogs.uef.fi\\\/karjalanelvytys\\\/ohjavuo-karjalankielizen-paginpertin-avuandan-tuvekse\\\/#breadcrumb\",\"itemListElement\":[{\"@type\":\"ListItem\",\"position\":1,\"name\":\"Home\",\"item\":\"https:\\\/\\\/blogs.uef.fi\\\/karjalanelvytys\\\/\"},{\"@type\":\"ListItem\",\"position\":2,\"name\":\"Ohjavuo karjalankielizen Paginpertin avuandan tuvekse\"}]},{\"@type\":\"WebSite\",\"@id\":\"https:\\\/\\\/blogs.uef.fi\\\/karjalanelvytys\\\/#website\",\"url\":\"https:\\\/\\\/blogs.uef.fi\\\/karjalanelvytys\\\/\",\"name\":\"Karjalan kielen elvytt\u00e4minen\",\"description\":\"\",\"potentialAction\":[{\"@type\":\"SearchAction\",\"target\":{\"@type\":\"EntryPoint\",\"urlTemplate\":\"https:\\\/\\\/blogs.uef.fi\\\/karjalanelvytys\\\/?s={search_term_string}\"},\"query-input\":{\"@type\":\"PropertyValueSpecification\",\"valueRequired\":true,\"valueName\":\"search_term_string\"}}],\"inLanguage\":\"fi\"}]}<\/script>\n<!-- \/ Yoast SEO plugin. -->","yoast_head_json":{"title":"Ohjavuo karjalankielizen Paginpertin avuandan tuvekse - Karjalan kielen elvytt\u00e4minen","robots":{"index":"index","follow":"follow","max-snippet":"max-snippet:-1","max-image-preview":"max-image-preview:large","max-video-preview":"max-video-preview:-1"},"canonical":"https:\/\/blogs.uef.fi\/karjalanelvytys\/ohjavuo-karjalankielizen-paginpertin-avuandan-tuvekse\/","og_locale":"fi_FI","og_type":"article","og_title":"Ohjavuo karjalankielizen Paginpertin avuandan tuvekse - Karjalan kielen elvytt\u00e4minen","og_description":"Karjalan kielen elvytysprojektu on j\u00e4lgivuozinnu tugenuh karjalankielizien Paginpertil\u00f6in avuandua Suomen eri \u010durile ezimerkikse maksamal tilavuogrua. Talovehellizen tuven li\u017e\u00e4kse elvytysprojektas on pakittu nevvuo da ohjavuo, kudamii on nyg\u00f6i ker\u00e4tty t\u00e4h tekstah. Mi on Paginperti? Paginperti on v\u00e4llymuodoine paginkluubu, kudaman tarkoituksennu on tarita karjalankielizile da karjalan kielen suvai\u010d\u010dijoile mahto kehitti\u00e4 jogap\u00e4iv\u00e4histy kielenmaltuo da tuttavuo toizih karjalankielizih. Ezm\u00e4zen [&hellip;]","og_url":"https:\/\/blogs.uef.fi\/karjalanelvytys\/ohjavuo-karjalankielizen-paginpertin-avuandan-tuvekse\/","og_site_name":"Karjalan kielen elvytt\u00e4minen","twitter_card":"summary_large_image","twitter_misc":{"Arvioitu lukuaika":"7 minuuttia"},"schema":{"@context":"https:\/\/schema.org","@graph":[{"@type":"WebPage","@id":"https:\/\/blogs.uef.fi\/karjalanelvytys\/ohjavuo-karjalankielizen-paginpertin-avuandan-tuvekse\/","url":"https:\/\/blogs.uef.fi\/karjalanelvytys\/ohjavuo-karjalankielizen-paginpertin-avuandan-tuvekse\/","name":"Ohjavuo karjalankielizen Paginpertin avuandan tuvekse - Karjalan kielen elvytt\u00e4minen","isPartOf":{"@id":"https:\/\/blogs.uef.fi\/karjalanelvytys\/#website"},"datePublished":"2024-04-18T08:07:36+00:00","breadcrumb":{"@id":"https:\/\/blogs.uef.fi\/karjalanelvytys\/ohjavuo-karjalankielizen-paginpertin-avuandan-tuvekse\/#breadcrumb"},"inLanguage":"fi","potentialAction":[{"@type":"ReadAction","target":["https:\/\/blogs.uef.fi\/karjalanelvytys\/ohjavuo-karjalankielizen-paginpertin-avuandan-tuvekse\/"]}]},{"@type":"BreadcrumbList","@id":"https:\/\/blogs.uef.fi\/karjalanelvytys\/ohjavuo-karjalankielizen-paginpertin-avuandan-tuvekse\/#breadcrumb","itemListElement":[{"@type":"ListItem","position":1,"name":"Home","item":"https:\/\/blogs.uef.fi\/karjalanelvytys\/"},{"@type":"ListItem","position":2,"name":"Ohjavuo karjalankielizen Paginpertin avuandan tuvekse"}]},{"@type":"WebSite","@id":"https:\/\/blogs.uef.fi\/karjalanelvytys\/#website","url":"https:\/\/blogs.uef.fi\/karjalanelvytys\/","name":"Karjalan kielen elvytt\u00e4minen","description":"","potentialAction":[{"@type":"SearchAction","target":{"@type":"EntryPoint","urlTemplate":"https:\/\/blogs.uef.fi\/karjalanelvytys\/?s={search_term_string}"},"query-input":{"@type":"PropertyValueSpecification","valueRequired":true,"valueName":"search_term_string"}}],"inLanguage":"fi"}]}},"_links":{"self":[{"href":"https:\/\/blogs.uef.fi\/karjalanelvytys\/wp-json\/wp\/v2\/pages\/17561","targetHints":{"allow":["GET"]}}],"collection":[{"href":"https:\/\/blogs.uef.fi\/karjalanelvytys\/wp-json\/wp\/v2\/pages"}],"about":[{"href":"https:\/\/blogs.uef.fi\/karjalanelvytys\/wp-json\/wp\/v2\/types\/page"}],"author":[{"embeddable":true,"href":"https:\/\/blogs.uef.fi\/karjalanelvytys\/wp-json\/wp\/v2\/users\/580"}],"replies":[{"embeddable":true,"href":"https:\/\/blogs.uef.fi\/karjalanelvytys\/wp-json\/wp\/v2\/comments?post=17561"}],"version-history":[{"count":1,"href":"https:\/\/blogs.uef.fi\/karjalanelvytys\/wp-json\/wp\/v2\/pages\/17561\/revisions"}],"predecessor-version":[{"id":17567,"href":"https:\/\/blogs.uef.fi\/karjalanelvytys\/wp-json\/wp\/v2\/pages\/17561\/revisions\/17567"}],"wp:attachment":[{"href":"https:\/\/blogs.uef.fi\/karjalanelvytys\/wp-json\/wp\/v2\/media?parent=17561"}],"curies":[{"name":"wp","href":"https:\/\/api.w.org\/{rel}","templated":true}]}}