{"id":17552,"date":"2024-04-18T10:23:27","date_gmt":"2024-04-18T07:23:27","guid":{"rendered":"https:\/\/blogs.uef.fi\/karjalanelvytys\/?page_id=17552"},"modified":"2024-04-18T10:29:29","modified_gmt":"2024-04-18T07:29:29","slug":"ohjeita-karjalankielisen-paginperti-keskustelukerhon-vetamisesta-kiinnostuneille","status":"publish","type":"page","link":"https:\/\/blogs.uef.fi\/karjalanelvytys\/ohjeita-karjalankielisen-paginperti-keskustelukerhon-vetamisesta-kiinnostuneille\/","title":{"rendered":"Ohjeita karjalankielisen Paginperti-keskustelukerhon vet\u00e4misest\u00e4 kiinnostuneille"},"content":{"rendered":"\n<p>Karjalan kielen elvytyshanke on viime vuosina tukenut karjalankielisten Paginperti-keskustelukerhojen perustamista Suomen eri paikkakunnille muun muassa vastaamalla tilavuokrista. Rahallisen tuen lis\u00e4ksi elvytyshankkeelta on toivottu vinkkej\u00e4, neuvoja ja ohjeita, joita on nyt koottu t\u00e4h\u00e4n ohjeistukseen.<\/p>\n\n\n\n<h2 class=\"wp-block-heading\">Mik\u00e4 on Paginperti?<\/h2>\n\n\n\n<p>Paginperti on vapaamuotoinen keskustelukerho, jonka tarkoituksena on tarjota karjalankielisille ja karjalan kielest\u00e4 kiinnostuneille mahdollisuus kehitt\u00e4\u00e4 k\u00e4yt\u00e4nn\u00f6n kielitaitoaan ja tutustua muihin karjalankielisiin. Ensimm\u00e4inen Paginperti perustettiin vapaaehtoisvoimin Joensuussa vuonna 2016, ja vuodesta 2022 alkaen toimintaa on koordinoinut karjalan kielen elvytyshanke. Vuodesta 2023 alkaen Joensuussa on kokoontunut alkuper\u00e4isen Kaikkien Paginpertin lis\u00e4ksi erityisesti nuorille suunnattu Nuorien Paginperti, jonka keskustelunaiheet valitaan nuorten mielenkiinnonkohteiden mukaan. Joensuun lis\u00e4ksi Paginpertit ovat vuosina 2022\u20132023 kokoontuneet ainakin Helsingiss\u00e4, Tampereella, Turussa, Oulussa, Kuopiossa ja Jyv\u00e4skyl\u00e4ss\u00e4.<\/p>\n\n\n\n<p>Paginpertin j\u00e4rjest\u00e4miseen ei ole varsinaisia s\u00e4\u00e4nt\u00f6j\u00e4, eik\u00e4 vet\u00e4j\u00e4ll\u00e4 tarvitse olla tietty\u00e4 koulutusta tai aiempaa kokemusta keskustelukerhojen vet\u00e4misest\u00e4.<\/p>\n\n\n\n<h2 class=\"wp-block-heading\">Mist\u00e4 aloittaa?<\/h2>\n\n\n\n<p>Jos olet kiinnostunut perustamaan Paginpertin omalle paikkakunnallesi, kannattaa ensimm\u00e4isen\u00e4 kartoittaa, onko alueella muita kiinnostuneita. Oman l\u00e4hipiirisi lis\u00e4ksi voit olla yhteydess\u00e4 esimerkiksi paikallisiin Karjala-yhdistyksiin tai kertoa ideastasi sosiaalisessa mediassa. Paginpertin j\u00e4rjest\u00e4minen ei vaadi suurta joukkoa, mutta k\u00e4yt\u00e4nn\u00f6n j\u00e4rjestelyit\u00e4 helpottaa, jos tiedossa on mahdollisia osallistujia ja ainakin yksi ihminen, joka on valmis toimimaan vet\u00e4j\u00e4n\u00e4.<\/p>\n\n\n\n<p>Paginperti voi kokoontua esimerkiksi julkisella paikalla tai jossakin vuokrattavassa tilassa. Vuokrattavat tilat sopivat Paginpertin tarpeisiin usein julkisia paikkoja paremmin etenkin, jos k\u00e4ytett\u00e4viss\u00e4 on keitti\u00f6 kahvin- ja teenkeittoa varten. Monilla paikkakunnilla on vuokrattavia tiloja, joiden kustannukset ovat hyvin kohtuullisia. Joissain tapauksissa tilat ovat maksuttomia, jos toiminta on voittoa tavoittelematonta ja osallistujille ilmaista tai jos j\u00e4rjest\u00e4j\u00e4n\u00e4 toimii pieni yhdistys tai muu yhteis\u00f6. Ilmaisia ja edullisia tiloja on listattu esimerkiksi Pakolaisavun J\u00e4rjest\u00f6hautomon Tiloja j\u00e4rjest\u00f6lle -sivulle (<a href=\"https:\/\/jarjestohautomo.fi\/yhdistystietopankki\/tiloja-jarjestoille\/\">linkki<\/a>) ja kuntien ja kaupunkien omille verkkosivuille.<\/p>\n\n\n\n<p>Varhaisessa vaiheessa kannattaa p\u00e4\u00e4tt\u00e4\u00e4 my\u00f6s, milloin ja miten usein Paginperti kokoontuu. Useimmat Paginpertit ovat kokoontuneet kerran kuukaudessa. Arki-illat ja viikonloppuiltap\u00e4iv\u00e4t ovat olleet suosituimpia kokoontumisaikoja.<\/p>\n\n\n\n<p>Kun ainakin yksi vet\u00e4j\u00e4, pieni joukko paginpertil\u00e4isi\u00e4, kokoontumispaikka ja ensimm\u00e4inen tapaamisaika ovat tiedossa, on Paginperti\u00e4 hyv\u00e4 mainostaa esimerkiksi sosiaalisessa mediassa. Useimmat Paginpertit viestiv\u00e4t omasta toiminnastaan Instagramissa ja Facebookissa. Mallia voi ottaa esimerkiksi Tampereen (@tamberenpaginperti), Kuopion (@paginpertikuopios) ja Helsingin (@paginpertipialinnas) Paginpertien Instagram-tileilt\u00e4. Paginpertej\u00e4 voidaan mainostaa my\u00f6s elvytyshankkeen s\u00e4hk\u00f6postilistalla \u2013 l\u00e4het\u00e4th\u00e4n siis kutsun tapahtumaan s\u00e4hk\u00f6postitse osoitteeseen karjalanelvytys@uef.fi.<\/p>\n\n\n\n<h2 class=\"wp-block-heading\">Vet\u00e4j\u00e4n teht\u00e4v\u00e4t<\/h2>\n\n\n\n<p>Paginpertin vet\u00e4j\u00e4 ei tarvitse tietty\u00e4 koulutusta tai erityistaitoja \u2013 keskusteluinto ja kiinnostus vet\u00e4\u00e4 keskustelukerhoa riitt\u00e4v\u00e4t. On kuitenkin t\u00e4rke\u00e4\u00e4, ett\u00e4 jo Paginpertin suunnitteluvaiheessa valitaan v\u00e4hint\u00e4\u00e4n yksi henkil\u00f6 vetovastuuseen. Vet\u00e4j\u00e4 on tai vet\u00e4j\u00e4t ovat p\u00e4\u00e4vastuussa muun muassa viestinn\u00e4st\u00e4, aikatauluttamisesta ja yhteydenpidosta mahdollisen tilaa vuokraavan tahon kanssa.<\/p>\n\n\n\n<p>Vet\u00e4j\u00e4n t\u00e4rkeimm\u00e4t teht\u00e4v\u00e4t ovat keskustelun ohjailu ja sen karjalankielisen\u00e4 pysymisest\u00e4 huolehtiminen. Useimmiten vet\u00e4j\u00e4 voi osallistua keskusteluun yht\u00e4 lailla toisten paginpertil\u00e4isten kanssa, eik\u00e4 h\u00e4nen roolinsa v\u00e4ltt\u00e4m\u00e4tt\u00e4 eroa muista osallistujista. Jos keskustelu uhkaa hyyty\u00e4, voi vet\u00e4j\u00e4 kuitenkin pyrki\u00e4 pit\u00e4m\u00e4\u00e4n sit\u00e4 yll\u00e4 ja esitell\u00e4 uusia puheenaiheita. Vet\u00e4j\u00e4 voikin etuk\u00e4teen keksi\u00e4 esimerkiksi apukysymyksi\u00e4, keskusteluaiheita tai kevyit\u00e4 aktiviteetteja (ks. Toimintamuodot), joiden avulla keskustelu voi jatkua hiljaisten hetkien j\u00e4lkeen. T\u00e4rke\u00e4\u00e4 on, ett\u00e4 Paginpertiss\u00e4 voi k\u00e4ytt\u00e4\u00e4 karjalan kaikkia murteita ja niin sanottua sekakarjalaa, eik\u00e4 esimerkiksi \u201doppijan karjalaa\u201d koskaan tarvitse h\u00e4vet\u00e4.<\/p>\n\n\n\n<p>Vaikka Paginpertiss\u00e4 kukin puhuu oman taitotasonsa mukaan ja apukielten k\u00e4ytt\u00f6 on sallittua, on keskustelun pit\u00e4minen mahdollisimman karjalankielisen\u00e4 tarkoituksenmukaista. T\u00e4st\u00e4 syyst\u00e4 on hyv\u00e4, jos vet\u00e4j\u00e4 puhuu karjalaa ainakin kohtuullisen sujuvasti tai jos h\u00e4nell\u00e4 on apunaan sujuvasti puhuva henkil\u00f6. Kun vet\u00e4j\u00e4 huomaa, ett\u00e4 keskustelua aletaan k\u00e4yd\u00e4 suomeksi tai jollain muulla kielell\u00e4, voi h\u00e4n mahdollisuuksien mukaan esimerkiksi tarjota k\u00e4\u00e4nn\u00f6ksi\u00e4 puuttuville sanoille tai johdatella keskustelua eri suuntaan k\u00e4ytt\u00e4m\u00e4ll\u00e4 karjalankielisi\u00e4 apukysymyksi\u00e4. My\u00f6s karjalaa vasta opetteleva ihminen voi aivan hyvin toimia Paginpertin vet\u00e4j\u00e4n\u00e4, ja keskeist\u00e4 Paginpertiss\u00e4 on yhdess\u00e4 oppiminen.<\/p>\n\n\n\n<h2 class=\"wp-block-heading\">Toimintamuodot<\/h2>\n\n\n\n<h3 class=\"wp-block-heading\">Vapaa ja kevyesti ohjattu keskustelu<\/h3>\n\n\n\n<p>Keskeisint\u00e4 Paginpertiss\u00e4 on karjalankielisen keskusteluymp\u00e4rist\u00f6n luominen, joten useimmiten vapaa tai korkeintaan kevyesti ohjailtu keskustelu on ollut toiminnan keski\u00f6ss\u00e4. Se, kuinka vahvasti keskustelua kannattaa ohjailla, riippuu paginpertil\u00e4isten kielitaidosta. Etenkin karjalaa vasta v\u00e4h\u00e4n aikaa opetelleet puhujat voivat tarvita ohjausta ja apukysymyksi\u00e4, kun taas sujuvammat puhujat voivat kokea vahvasti ohjaillun keskustelun rajoittavaksi. Paginpertist\u00e4 muodostuukin aina k\u00e4vij\u00f6idens\u00e4 n\u00e4k\u00f6inen. Esimerkiksi Joensuussa on havaittu hyv\u00e4ksi toimintatapa, jossa vet\u00e4j\u00e4 ensin kysyy k\u00e4vij\u00f6ilt\u00e4 kuulumisia yhden tai kahden apukysymyksen avulla, mink\u00e4 j\u00e4lkeen keskustellaan l\u00e4hes tai kokonaan ilman ohjausta. Jos paginpertil\u00e4isi\u00e4 on todella paljon, voidaan heid\u00e4t keskustelun sujuvoittamiseksi joko kuulumiskierroksen j\u00e4lkeen tai heti tapaamisen aluksi jakaa pienempiin p\u00f6yt\u00e4ryhmiin.<\/p>\n\n\n\n<p>Joissakin kaupungeissa on otettu tavaksi valita jokaiselle tapaamiskerralle oma teemansa. Teeman valitseminen sujuvoittaa keskustelua etenkin silloin, kun paginpertil\u00e4isist\u00e4 huomattava osa on opetellut karjalaa vasta v\u00e4h\u00e4n aikaa. T\u00e4ll\u00f6in paginpertil\u00e4iset voivat tahtoessaan perehty\u00e4 aihetta koskevaan sanastoon etuk\u00e4teen, ja my\u00f6s tapaamisten painopiste voi olla vapaata keskustelua voimakkaammin oppimisessa. Jos Paginpertiin osallistuu karjalaa eritt\u00e4in sujuvasti puhuvia henkil\u00f6it\u00e4, voivat muut osallistujat halutessaan mietti\u00e4 aiheeseen liittyvi\u00e4 sanoja ja fraaseja, joita he eiv\u00e4t tied\u00e4 karjalaksi. Kielt\u00e4 paremmin osaavat voivat auttaa ratkomaan koodin- tai kielenvaihtoon johtaneita ongelmatilanteita. Paginpertiss\u00e4 voidaan my\u00f6s yhdess\u00e4 luoda kokonaan uutta sanastoa.<\/p>\n\n\n\n<h3 class=\"wp-block-heading\">Sanapelit<\/h3>\n\n\n\n<p>Paginperteiss\u00e4 pelataan usein sanapelej\u00e4. Karjalan Sivistysseura on julkaissut kaksi <strong>Katerina Paalamon <\/strong>ja <strong>Sanna Hukkasen <\/strong>suunnittelemaa karjalankielist\u00e4 sanapeli\u00e4. Peleist\u00e4 toinen on suunnattu lapsille ja hieman haastavampi versio aikuisille. Molemmat pelit perustuvat Paalamon ja Hukkasen aiemmin julkaisemaan Adaman gruunu -kuvasanakirjaan. Pelin kortit on kirjoitettu kaikilla karjalan p\u00e4\u00e4murteilla (k\u00e4\u00e4nn\u00f6s vienankarjalaksi <strong>Olga Karlova <\/strong>ja livvinkarjalaksi <strong>Ilja Moshnikov<\/strong>), joten ne soveltuvat erinomaisesti kielenopiskeluun isommallakin joukolla. Pelej\u00e4 voi tilata Karjalan Sivistysseuran verkkokaupasta (<a href=\"https:\/\/www.karjalansivistysseura.fi\/kaupan-hakutulokset\/keyword\/adaman+gruunu\/search-in\/product\/cat-in\/all\/search-other\/product\">linkki<\/a>).<\/p>\n\n\n\n<p>Paginperteiss\u00e4 on usein k\u00e4ytetty kotitekoisia sellit\u00e4 sana (selit\u00e4 sana) -pelej\u00e4. Yksinkertaisimmillaan kyse on paperilapuista, joille on kirjotettu karjalan sanoja eri murteilla. Jokainen pelaaja ottaa yhden lapun ja selitt\u00e4\u00e4 saamansa sanan Aliaksen s\u00e4\u00e4nt\u00f6jen mukaan, muut arvaavat. Peli\u00e4 on helppo varioida ja sen avulla voi tutustua eri teemasanastoihin (esim. talvisanasto, uudissanat, ruokasanat).<\/p>\n\n\n\n<h3 class=\"wp-block-heading\">Kahvit ja teet<\/h3>\n\n\n\n<p>Paginperteiss\u00e4 on tavattu keitt\u00e4\u00e4 kahvit ja teet ja sy\u00f6d\u00e4 yhdess\u00e4, jos siihen on mahdollisuus. K\u00e4vij\u00f6it\u00e4 on kannustettu tuomaan leivoksia ja muita tarjottavia. Piirakoille, pullille ja muille pikkusy\u00f6misille voidaan askarrella karjalankieliset nimilaput, jolloin my\u00f6s ruokasanasto tulee tutuksi.<\/p>\n\n\n\n<h3 class=\"wp-block-heading\">Luennot<\/h3>\n\n\n\n<p>Paginperteiss\u00e4 on toisinaan pidetty erin\u00e4isi\u00e4 karjalan kielt\u00e4 ja karjalaisuutta k\u00e4sittelevi\u00e4 luentoja. Parhaimmillaan luennot voivat kannustaa paginpertil\u00e4isi\u00e4 k\u00e4ytt\u00e4m\u00e4\u00e4n karjalaa aiempaa enemm\u00e4n, ja puheenvuorot toimivat hyvin\u00e4 keskustelunavaajina. Luennon j\u00e4rjest\u00e4minen on vet\u00e4j\u00e4lle kohtuullisen helppoa, sill\u00e4 puhuja voi osallistua tapaamiseen et\u00e4yhteydell\u00e4 (Zoom tai Teams) ja olla siten oikeastaan kuka tahansa.<\/p>\n\n\n\n<p>On t\u00e4rke\u00e4\u00e4, ett\u00e4 luento vie korkeintaan puolet tapaamiskerralle varatusta ajasta. P\u00e4\u00e4asia Paginpertiss\u00e4 on avoin keskustelu, jota luentojen on hyv\u00e4 tukea. Esimerkkej\u00e4 luentoaiheista l\u00f6yd\u00e4t esimerkiksi karjalan kielen elvytyshankkeen blogin Paginapertti-sivulta, jolla julkaistaan tapahtumakutsujen lis\u00e4ksi lyhyit\u00e4 raportteja jo pidetyist\u00e4 Paginperteist\u00e4.<\/p>\n\n\n\n<h3 class=\"wp-block-heading\">Vierailut<\/h3>\n\n\n\n<p>Luentojen lis\u00e4ksi Paginpertiin voi kutsua muita vierailijoita \u2013 vain mielikuvitus on rajana. Joensuun Paginpertiss\u00e4 on n\u00e4hty esimerkiksi teatteriesitys ja monologi ja vietetty kirjojen ja videosarjojen julkistamistilaisuuksia.<\/p>\n","protected":false},"excerpt":{"rendered":"<p>Karjalan kielen elvytyshanke on viime vuosina tukenut karjalankielisten Paginperti-keskustelukerhojen perustamista Suomen eri paikkakunnille muun muassa vastaamalla tilavuokrista. Rahallisen tuen lis\u00e4ksi elvytyshankkeelta on toivottu vinkkej\u00e4, neuvoja ja ohjeita, joita on nyt koottu t\u00e4h\u00e4n ohjeistukseen. Mik\u00e4 on Paginperti? Paginperti on vapaamuotoinen keskustelukerho, jonka tarkoituksena on tarjota karjalankielisille ja karjalan kielest\u00e4 kiinnostuneille mahdollisuus kehitt\u00e4\u00e4 k\u00e4yt\u00e4nn\u00f6n kielitaitoaan ja tutustua [&hellip;]<\/p>\n","protected":false},"author":580,"featured_media":0,"parent":0,"menu_order":0,"comment_status":"closed","ping_status":"closed","template":"","meta":{"_acf_changed":false,"footnotes":""},"class_list":["post-17552","page","type-page","status-publish","hentry"],"acf":[],"yoast_head":"<!-- This site is optimized with the Yoast SEO plugin v27.1.1 - https:\/\/yoast.com\/product\/yoast-seo-wordpress\/ -->\n<title>Ohjeita karjalankielisen Paginperti-keskustelukerhon vet\u00e4misest\u00e4 kiinnostuneille - Karjalan kielen elvytt\u00e4minen<\/title>\n<meta name=\"robots\" content=\"index, follow, max-snippet:-1, max-image-preview:large, max-video-preview:-1\" \/>\n<link rel=\"canonical\" href=\"https:\/\/blogs.uef.fi\/karjalanelvytys\/ohjeita-karjalankielisen-paginperti-keskustelukerhon-vetamisesta-kiinnostuneille\/\" \/>\n<meta property=\"og:locale\" content=\"fi_FI\" \/>\n<meta property=\"og:type\" content=\"article\" \/>\n<meta property=\"og:title\" content=\"Ohjeita karjalankielisen Paginperti-keskustelukerhon vet\u00e4misest\u00e4 kiinnostuneille - Karjalan kielen elvytt\u00e4minen\" \/>\n<meta property=\"og:description\" content=\"Karjalan kielen elvytyshanke on viime vuosina tukenut karjalankielisten Paginperti-keskustelukerhojen perustamista Suomen eri paikkakunnille muun muassa vastaamalla tilavuokrista. Rahallisen tuen lis\u00e4ksi elvytyshankkeelta on toivottu vinkkej\u00e4, neuvoja ja ohjeita, joita on nyt koottu t\u00e4h\u00e4n ohjeistukseen. Mik\u00e4 on Paginperti? Paginperti on vapaamuotoinen keskustelukerho, jonka tarkoituksena on tarjota karjalankielisille ja karjalan kielest\u00e4 kiinnostuneille mahdollisuus kehitt\u00e4\u00e4 k\u00e4yt\u00e4nn\u00f6n kielitaitoaan ja tutustua [&hellip;]\" \/>\n<meta property=\"og:url\" content=\"https:\/\/blogs.uef.fi\/karjalanelvytys\/ohjeita-karjalankielisen-paginperti-keskustelukerhon-vetamisesta-kiinnostuneille\/\" \/>\n<meta property=\"og:site_name\" content=\"Karjalan kielen elvytt\u00e4minen\" \/>\n<meta property=\"article:modified_time\" content=\"2024-04-18T07:29:29+00:00\" \/>\n<meta name=\"twitter:card\" content=\"summary_large_image\" \/>\n<meta name=\"twitter:label1\" content=\"Arvioitu lukuaika\" \/>\n\t<meta name=\"twitter:data1\" content=\"7 minuuttia\" \/>\n<script type=\"application\/ld+json\" class=\"yoast-schema-graph\">{\"@context\":\"https:\/\/schema.org\",\"@graph\":[{\"@type\":\"WebPage\",\"@id\":\"https:\/\/blogs.uef.fi\/karjalanelvytys\/ohjeita-karjalankielisen-paginperti-keskustelukerhon-vetamisesta-kiinnostuneille\/\",\"url\":\"https:\/\/blogs.uef.fi\/karjalanelvytys\/ohjeita-karjalankielisen-paginperti-keskustelukerhon-vetamisesta-kiinnostuneille\/\",\"name\":\"Ohjeita karjalankielisen Paginperti-keskustelukerhon vet\u00e4misest\u00e4 kiinnostuneille - Karjalan kielen elvytt\u00e4minen\",\"isPartOf\":{\"@id\":\"https:\/\/blogs.uef.fi\/karjalanelvytys\/#website\"},\"datePublished\":\"2024-04-18T07:23:27+00:00\",\"dateModified\":\"2024-04-18T07:29:29+00:00\",\"breadcrumb\":{\"@id\":\"https:\/\/blogs.uef.fi\/karjalanelvytys\/ohjeita-karjalankielisen-paginperti-keskustelukerhon-vetamisesta-kiinnostuneille\/#breadcrumb\"},\"inLanguage\":\"fi\",\"potentialAction\":[{\"@type\":\"ReadAction\",\"target\":[\"https:\/\/blogs.uef.fi\/karjalanelvytys\/ohjeita-karjalankielisen-paginperti-keskustelukerhon-vetamisesta-kiinnostuneille\/\"]}]},{\"@type\":\"BreadcrumbList\",\"@id\":\"https:\/\/blogs.uef.fi\/karjalanelvytys\/ohjeita-karjalankielisen-paginperti-keskustelukerhon-vetamisesta-kiinnostuneille\/#breadcrumb\",\"itemListElement\":[{\"@type\":\"ListItem\",\"position\":1,\"name\":\"Home\",\"item\":\"https:\/\/blogs.uef.fi\/karjalanelvytys\/\"},{\"@type\":\"ListItem\",\"position\":2,\"name\":\"Ohjeita karjalankielisen Paginperti-keskustelukerhon vet\u00e4misest\u00e4 kiinnostuneille\"}]},{\"@type\":\"WebSite\",\"@id\":\"https:\/\/blogs.uef.fi\/karjalanelvytys\/#website\",\"url\":\"https:\/\/blogs.uef.fi\/karjalanelvytys\/\",\"name\":\"Karjalan kielen elvytt\u00e4minen\",\"description\":\"\",\"potentialAction\":[{\"@type\":\"SearchAction\",\"target\":{\"@type\":\"EntryPoint\",\"urlTemplate\":\"https:\/\/blogs.uef.fi\/karjalanelvytys\/?s={search_term_string}\"},\"query-input\":{\"@type\":\"PropertyValueSpecification\",\"valueRequired\":true,\"valueName\":\"search_term_string\"}}],\"inLanguage\":\"fi\"}]}<\/script>\n<!-- \/ Yoast SEO plugin. -->","yoast_head_json":{"title":"Ohjeita karjalankielisen Paginperti-keskustelukerhon vet\u00e4misest\u00e4 kiinnostuneille - Karjalan kielen elvytt\u00e4minen","robots":{"index":"index","follow":"follow","max-snippet":"max-snippet:-1","max-image-preview":"max-image-preview:large","max-video-preview":"max-video-preview:-1"},"canonical":"https:\/\/blogs.uef.fi\/karjalanelvytys\/ohjeita-karjalankielisen-paginperti-keskustelukerhon-vetamisesta-kiinnostuneille\/","og_locale":"fi_FI","og_type":"article","og_title":"Ohjeita karjalankielisen Paginperti-keskustelukerhon vet\u00e4misest\u00e4 kiinnostuneille - Karjalan kielen elvytt\u00e4minen","og_description":"Karjalan kielen elvytyshanke on viime vuosina tukenut karjalankielisten Paginperti-keskustelukerhojen perustamista Suomen eri paikkakunnille muun muassa vastaamalla tilavuokrista. Rahallisen tuen lis\u00e4ksi elvytyshankkeelta on toivottu vinkkej\u00e4, neuvoja ja ohjeita, joita on nyt koottu t\u00e4h\u00e4n ohjeistukseen. Mik\u00e4 on Paginperti? Paginperti on vapaamuotoinen keskustelukerho, jonka tarkoituksena on tarjota karjalankielisille ja karjalan kielest\u00e4 kiinnostuneille mahdollisuus kehitt\u00e4\u00e4 k\u00e4yt\u00e4nn\u00f6n kielitaitoaan ja tutustua [&hellip;]","og_url":"https:\/\/blogs.uef.fi\/karjalanelvytys\/ohjeita-karjalankielisen-paginperti-keskustelukerhon-vetamisesta-kiinnostuneille\/","og_site_name":"Karjalan kielen elvytt\u00e4minen","article_modified_time":"2024-04-18T07:29:29+00:00","twitter_card":"summary_large_image","twitter_misc":{"Arvioitu lukuaika":"7 minuuttia"},"schema":{"@context":"https:\/\/schema.org","@graph":[{"@type":"WebPage","@id":"https:\/\/blogs.uef.fi\/karjalanelvytys\/ohjeita-karjalankielisen-paginperti-keskustelukerhon-vetamisesta-kiinnostuneille\/","url":"https:\/\/blogs.uef.fi\/karjalanelvytys\/ohjeita-karjalankielisen-paginperti-keskustelukerhon-vetamisesta-kiinnostuneille\/","name":"Ohjeita karjalankielisen Paginperti-keskustelukerhon vet\u00e4misest\u00e4 kiinnostuneille - Karjalan kielen elvytt\u00e4minen","isPartOf":{"@id":"https:\/\/blogs.uef.fi\/karjalanelvytys\/#website"},"datePublished":"2024-04-18T07:23:27+00:00","dateModified":"2024-04-18T07:29:29+00:00","breadcrumb":{"@id":"https:\/\/blogs.uef.fi\/karjalanelvytys\/ohjeita-karjalankielisen-paginperti-keskustelukerhon-vetamisesta-kiinnostuneille\/#breadcrumb"},"inLanguage":"fi","potentialAction":[{"@type":"ReadAction","target":["https:\/\/blogs.uef.fi\/karjalanelvytys\/ohjeita-karjalankielisen-paginperti-keskustelukerhon-vetamisesta-kiinnostuneille\/"]}]},{"@type":"BreadcrumbList","@id":"https:\/\/blogs.uef.fi\/karjalanelvytys\/ohjeita-karjalankielisen-paginperti-keskustelukerhon-vetamisesta-kiinnostuneille\/#breadcrumb","itemListElement":[{"@type":"ListItem","position":1,"name":"Home","item":"https:\/\/blogs.uef.fi\/karjalanelvytys\/"},{"@type":"ListItem","position":2,"name":"Ohjeita karjalankielisen Paginperti-keskustelukerhon vet\u00e4misest\u00e4 kiinnostuneille"}]},{"@type":"WebSite","@id":"https:\/\/blogs.uef.fi\/karjalanelvytys\/#website","url":"https:\/\/blogs.uef.fi\/karjalanelvytys\/","name":"Karjalan kielen elvytt\u00e4minen","description":"","potentialAction":[{"@type":"SearchAction","target":{"@type":"EntryPoint","urlTemplate":"https:\/\/blogs.uef.fi\/karjalanelvytys\/?s={search_term_string}"},"query-input":{"@type":"PropertyValueSpecification","valueRequired":true,"valueName":"search_term_string"}}],"inLanguage":"fi"}]}},"_links":{"self":[{"href":"https:\/\/blogs.uef.fi\/karjalanelvytys\/wp-json\/wp\/v2\/pages\/17552","targetHints":{"allow":["GET"]}}],"collection":[{"href":"https:\/\/blogs.uef.fi\/karjalanelvytys\/wp-json\/wp\/v2\/pages"}],"about":[{"href":"https:\/\/blogs.uef.fi\/karjalanelvytys\/wp-json\/wp\/v2\/types\/page"}],"author":[{"embeddable":true,"href":"https:\/\/blogs.uef.fi\/karjalanelvytys\/wp-json\/wp\/v2\/users\/580"}],"replies":[{"embeddable":true,"href":"https:\/\/blogs.uef.fi\/karjalanelvytys\/wp-json\/wp\/v2\/comments?post=17552"}],"version-history":[{"count":2,"href":"https:\/\/blogs.uef.fi\/karjalanelvytys\/wp-json\/wp\/v2\/pages\/17552\/revisions"}],"predecessor-version":[{"id":17564,"href":"https:\/\/blogs.uef.fi\/karjalanelvytys\/wp-json\/wp\/v2\/pages\/17552\/revisions\/17564"}],"wp:attachment":[{"href":"https:\/\/blogs.uef.fi\/karjalanelvytys\/wp-json\/wp\/v2\/media?parent=17552"}],"curies":[{"name":"wp","href":"https:\/\/api.w.org\/{rel}","templated":true}]}}