{"id":17248,"date":"2024-03-26T12:44:33","date_gmt":"2024-03-26T10:44:33","guid":{"rendered":"https:\/\/blogs.uef.fi\/karjalanelvytys\/?page_id=17248"},"modified":"2024-03-27T19:59:28","modified_gmt":"2024-03-27T17:59:28","slug":"hannu-lappalainen-tuuli-hillah-puhaldau","status":"publish","type":"page","link":"https:\/\/blogs.uef.fi\/karjalanelvytys\/hannu-lappalainen-tuuli-hillah-puhaldau\/","title":{"rendered":"Hannu Lappalainen: Tuuli hil&#8217;l&#8217;ah puhaldau"},"content":{"rendered":"\n<p>Suomenkielizen pajon (Tuuli hiljaa henk\u00e4ilee) kirjutannuh: Olli Wuorinen<\/p>\n\n\n\n<p>Karjalakse ki\u00e4nd\u00e4nyh: Hannu Lappalainen<\/p>\n\n\n\n<p>Tarkistannuh: Natalia Giloeva<\/p>\n\n\n\n<p>*<\/p>\n\n\n\n<p>Tuuli hil&#8217;l&#8217;ah puhaldau,<br>aldo v\u00e4lly l\u00e4pett\u00e4y,<br>lindu pieni huoletoi<br>vi\u017eerd\u00e4y, nyg\u00f6i kev\u00e4t on.<\/p>\n\n\n\n<p>Tuulik&#8217; kaino n&#8217;upusp\u00e4i<br>avuau silm\u00e4t unesp\u00e4i,<br>\u010domat kukat nagrajen<br>nostah kasteniityle.<\/p>\n\n\n\n<p>Veneh \u010doma lied\u017euttau<br>\u0161oriesti sen soudajua.<br>Peldoh pehmieh siemenii<br>kynd\u00e4y, kylv\u00e4y muanruadai.<\/p>\n\n\n\n<p>Lapsukkazet kukkazil<br>\u010domendetah tukkazii.<br>Kev\u00e4tpajo ilokas<br>kuuluu nyg\u00f6i kev\u00e4t on!<\/p>\n\n\n\n<figure class=\"wp-block-image size-large is-resized\"><img loading=\"lazy\" decoding=\"async\" width=\"1024\" height=\"1024\" src=\"https:\/\/blogs.uef.fi\/karjalanelvytys\/wp-content\/uploads\/sites\/155\/2024\/03\/spring-illustration-8594533_1280-1024x1024.jpg\" alt=\"\" class=\"wp-image-17254\" style=\"width:auto;height:400px\" srcset=\"https:\/\/blogs.uef.fi\/karjalanelvytys\/wp-content\/uploads\/sites\/155\/2024\/03\/spring-illustration-8594533_1280-1024x1024.jpg 1024w, https:\/\/blogs.uef.fi\/karjalanelvytys\/wp-content\/uploads\/sites\/155\/2024\/03\/spring-illustration-8594533_1280-300x300.jpg 300w, https:\/\/blogs.uef.fi\/karjalanelvytys\/wp-content\/uploads\/sites\/155\/2024\/03\/spring-illustration-8594533_1280-150x150.jpg 150w, https:\/\/blogs.uef.fi\/karjalanelvytys\/wp-content\/uploads\/sites\/155\/2024\/03\/spring-illustration-8594533_1280-768x768.jpg 768w, https:\/\/blogs.uef.fi\/karjalanelvytys\/wp-content\/uploads\/sites\/155\/2024\/03\/spring-illustration-8594533_1280.jpg 1280w\" sizes=\"auto, (max-width: 1024px) 100vw, 1024px\" \/><figcaption class=\"wp-element-caption\">Kuva: Pixabay<\/figcaption><\/figure>\n","protected":false},"excerpt":{"rendered":"<p>Suomenkielizen pajon (Tuuli hiljaa henk\u00e4ilee) kirjutannuh: Olli Wuorinen Karjalakse ki\u00e4nd\u00e4nyh: Hannu Lappalainen Tarkistannuh: Natalia Giloeva * Tuuli hil&#8217;l&#8217;ah puhaldau,aldo v\u00e4lly l\u00e4pett\u00e4y,lindu pieni huoletoivi\u017eerd\u00e4y, nyg\u00f6i kev\u00e4t on. Tuulik&#8217; kaino n&#8217;upusp\u00e4iavuau silm\u00e4t unesp\u00e4i,\u010domat kukat nagrajennostah kasteniityle. Veneh \u010doma lied\u017euttau\u0161oriesti sen soudajua.Peldoh pehmieh siemeniikynd\u00e4y, kylv\u00e4y muanruadai. Lapsukkazet kukkazil\u010domendetah tukkazii.Kev\u00e4tpajo ilokaskuuluu nyg\u00f6i kev\u00e4t on!<\/p>\n","protected":false},"author":580,"featured_media":0,"parent":0,"menu_order":0,"comment_status":"closed","ping_status":"closed","template":"","meta":{"_acf_changed":false,"footnotes":""},"class_list":["post-17248","page","type-page","status-publish","hentry"],"acf":[],"yoast_head":"<!-- This site is optimized with the Yoast SEO plugin v27.3 - https:\/\/yoast.com\/product\/yoast-seo-wordpress\/ -->\n<title>Hannu Lappalainen: Tuuli hil&#039;l&#039;ah puhaldau - Karjalan kielen elvytt\u00e4minen<\/title>\n<meta name=\"robots\" content=\"index, follow, max-snippet:-1, max-image-preview:large, max-video-preview:-1\" \/>\n<link rel=\"canonical\" href=\"https:\/\/blogs.uef.fi\/karjalanelvytys\/hannu-lappalainen-tuuli-hillah-puhaldau\/\" \/>\n<meta property=\"og:locale\" content=\"fi_FI\" \/>\n<meta property=\"og:type\" content=\"article\" \/>\n<meta property=\"og:title\" content=\"Hannu Lappalainen: Tuuli hil&#039;l&#039;ah puhaldau - Karjalan kielen elvytt\u00e4minen\" \/>\n<meta property=\"og:description\" content=\"Suomenkielizen pajon (Tuuli hiljaa henk\u00e4ilee) kirjutannuh: Olli Wuorinen Karjalakse ki\u00e4nd\u00e4nyh: Hannu Lappalainen Tarkistannuh: Natalia Giloeva * Tuuli hil&#8217;l&#8217;ah puhaldau,aldo v\u00e4lly l\u00e4pett\u00e4y,lindu pieni huoletoivi\u017eerd\u00e4y, nyg\u00f6i kev\u00e4t on. Tuulik&#8217; kaino n&#8217;upusp\u00e4iavuau silm\u00e4t unesp\u00e4i,\u010domat kukat nagrajennostah kasteniityle. Veneh \u010doma lied\u017euttau\u0161oriesti sen soudajua.Peldoh pehmieh siemeniikynd\u00e4y, kylv\u00e4y muanruadai. Lapsukkazet kukkazil\u010domendetah tukkazii.Kev\u00e4tpajo ilokaskuuluu nyg\u00f6i kev\u00e4t on!\" \/>\n<meta property=\"og:url\" content=\"https:\/\/blogs.uef.fi\/karjalanelvytys\/hannu-lappalainen-tuuli-hillah-puhaldau\/\" \/>\n<meta property=\"og:site_name\" content=\"Karjalan kielen elvytt\u00e4minen\" \/>\n<meta property=\"article:modified_time\" content=\"2024-03-27T17:59:28+00:00\" \/>\n<meta property=\"og:image\" content=\"https:\/\/blogs.uef.fi\/karjalanelvytys\/wp-content\/uploads\/sites\/155\/2024\/03\/spring-illustration-8594533_1280-1024x1024.jpg\" \/>\n<meta name=\"twitter:card\" content=\"summary_large_image\" \/>\n<meta name=\"twitter:label1\" content=\"Arvioitu lukuaika\" \/>\n\t<meta name=\"twitter:data1\" content=\"1 minuutti\" \/>\n<script type=\"application\/ld+json\" class=\"yoast-schema-graph\">{\"@context\":\"https:\\\/\\\/schema.org\",\"@graph\":[{\"@type\":\"WebPage\",\"@id\":\"https:\\\/\\\/blogs.uef.fi\\\/karjalanelvytys\\\/hannu-lappalainen-tuuli-hillah-puhaldau\\\/\",\"url\":\"https:\\\/\\\/blogs.uef.fi\\\/karjalanelvytys\\\/hannu-lappalainen-tuuli-hillah-puhaldau\\\/\",\"name\":\"Hannu Lappalainen: Tuuli hil'l'ah puhaldau - Karjalan kielen elvytt\u00e4minen\",\"isPartOf\":{\"@id\":\"https:\\\/\\\/blogs.uef.fi\\\/karjalanelvytys\\\/#website\"},\"primaryImageOfPage\":{\"@id\":\"https:\\\/\\\/blogs.uef.fi\\\/karjalanelvytys\\\/hannu-lappalainen-tuuli-hillah-puhaldau\\\/#primaryimage\"},\"image\":{\"@id\":\"https:\\\/\\\/blogs.uef.fi\\\/karjalanelvytys\\\/hannu-lappalainen-tuuli-hillah-puhaldau\\\/#primaryimage\"},\"thumbnailUrl\":\"https:\\\/\\\/blogs.uef.fi\\\/karjalanelvytys\\\/wp-content\\\/uploads\\\/sites\\\/155\\\/2024\\\/03\\\/spring-illustration-8594533_1280-1024x1024.jpg\",\"datePublished\":\"2024-03-26T10:44:33+00:00\",\"dateModified\":\"2024-03-27T17:59:28+00:00\",\"breadcrumb\":{\"@id\":\"https:\\\/\\\/blogs.uef.fi\\\/karjalanelvytys\\\/hannu-lappalainen-tuuli-hillah-puhaldau\\\/#breadcrumb\"},\"inLanguage\":\"fi\",\"potentialAction\":[{\"@type\":\"ReadAction\",\"target\":[\"https:\\\/\\\/blogs.uef.fi\\\/karjalanelvytys\\\/hannu-lappalainen-tuuli-hillah-puhaldau\\\/\"]}]},{\"@type\":\"ImageObject\",\"inLanguage\":\"fi\",\"@id\":\"https:\\\/\\\/blogs.uef.fi\\\/karjalanelvytys\\\/hannu-lappalainen-tuuli-hillah-puhaldau\\\/#primaryimage\",\"url\":\"https:\\\/\\\/blogs.uef.fi\\\/karjalanelvytys\\\/wp-content\\\/uploads\\\/sites\\\/155\\\/2024\\\/03\\\/spring-illustration-8594533_1280.jpg\",\"contentUrl\":\"https:\\\/\\\/blogs.uef.fi\\\/karjalanelvytys\\\/wp-content\\\/uploads\\\/sites\\\/155\\\/2024\\\/03\\\/spring-illustration-8594533_1280.jpg\",\"width\":1280,\"height\":1280},{\"@type\":\"BreadcrumbList\",\"@id\":\"https:\\\/\\\/blogs.uef.fi\\\/karjalanelvytys\\\/hannu-lappalainen-tuuli-hillah-puhaldau\\\/#breadcrumb\",\"itemListElement\":[{\"@type\":\"ListItem\",\"position\":1,\"name\":\"Home\",\"item\":\"https:\\\/\\\/blogs.uef.fi\\\/karjalanelvytys\\\/\"},{\"@type\":\"ListItem\",\"position\":2,\"name\":\"Hannu Lappalainen: Tuuli hil&#8217;l&#8217;ah puhaldau\"}]},{\"@type\":\"WebSite\",\"@id\":\"https:\\\/\\\/blogs.uef.fi\\\/karjalanelvytys\\\/#website\",\"url\":\"https:\\\/\\\/blogs.uef.fi\\\/karjalanelvytys\\\/\",\"name\":\"Karjalan kielen elvytt\u00e4minen\",\"description\":\"\",\"potentialAction\":[{\"@type\":\"SearchAction\",\"target\":{\"@type\":\"EntryPoint\",\"urlTemplate\":\"https:\\\/\\\/blogs.uef.fi\\\/karjalanelvytys\\\/?s={search_term_string}\"},\"query-input\":{\"@type\":\"PropertyValueSpecification\",\"valueRequired\":true,\"valueName\":\"search_term_string\"}}],\"inLanguage\":\"fi\"}]}<\/script>\n<!-- \/ Yoast SEO plugin. -->","yoast_head_json":{"title":"Hannu Lappalainen: Tuuli hil'l'ah puhaldau - Karjalan kielen elvytt\u00e4minen","robots":{"index":"index","follow":"follow","max-snippet":"max-snippet:-1","max-image-preview":"max-image-preview:large","max-video-preview":"max-video-preview:-1"},"canonical":"https:\/\/blogs.uef.fi\/karjalanelvytys\/hannu-lappalainen-tuuli-hillah-puhaldau\/","og_locale":"fi_FI","og_type":"article","og_title":"Hannu Lappalainen: Tuuli hil'l'ah puhaldau - Karjalan kielen elvytt\u00e4minen","og_description":"Suomenkielizen pajon (Tuuli hiljaa henk\u00e4ilee) kirjutannuh: Olli Wuorinen Karjalakse ki\u00e4nd\u00e4nyh: Hannu Lappalainen Tarkistannuh: Natalia Giloeva * Tuuli hil&#8217;l&#8217;ah puhaldau,aldo v\u00e4lly l\u00e4pett\u00e4y,lindu pieni huoletoivi\u017eerd\u00e4y, nyg\u00f6i kev\u00e4t on. Tuulik&#8217; kaino n&#8217;upusp\u00e4iavuau silm\u00e4t unesp\u00e4i,\u010domat kukat nagrajennostah kasteniityle. Veneh \u010doma lied\u017euttau\u0161oriesti sen soudajua.Peldoh pehmieh siemeniikynd\u00e4y, kylv\u00e4y muanruadai. Lapsukkazet kukkazil\u010domendetah tukkazii.Kev\u00e4tpajo ilokaskuuluu nyg\u00f6i kev\u00e4t on!","og_url":"https:\/\/blogs.uef.fi\/karjalanelvytys\/hannu-lappalainen-tuuli-hillah-puhaldau\/","og_site_name":"Karjalan kielen elvytt\u00e4minen","article_modified_time":"2024-03-27T17:59:28+00:00","og_image":[{"url":"https:\/\/blogs.uef.fi\/karjalanelvytys\/wp-content\/uploads\/sites\/155\/2024\/03\/spring-illustration-8594533_1280-1024x1024.jpg","type":"","width":"","height":""}],"twitter_card":"summary_large_image","twitter_misc":{"Arvioitu lukuaika":"1 minuutti"},"schema":{"@context":"https:\/\/schema.org","@graph":[{"@type":"WebPage","@id":"https:\/\/blogs.uef.fi\/karjalanelvytys\/hannu-lappalainen-tuuli-hillah-puhaldau\/","url":"https:\/\/blogs.uef.fi\/karjalanelvytys\/hannu-lappalainen-tuuli-hillah-puhaldau\/","name":"Hannu Lappalainen: Tuuli hil'l'ah puhaldau - Karjalan kielen elvytt\u00e4minen","isPartOf":{"@id":"https:\/\/blogs.uef.fi\/karjalanelvytys\/#website"},"primaryImageOfPage":{"@id":"https:\/\/blogs.uef.fi\/karjalanelvytys\/hannu-lappalainen-tuuli-hillah-puhaldau\/#primaryimage"},"image":{"@id":"https:\/\/blogs.uef.fi\/karjalanelvytys\/hannu-lappalainen-tuuli-hillah-puhaldau\/#primaryimage"},"thumbnailUrl":"https:\/\/blogs.uef.fi\/karjalanelvytys\/wp-content\/uploads\/sites\/155\/2024\/03\/spring-illustration-8594533_1280-1024x1024.jpg","datePublished":"2024-03-26T10:44:33+00:00","dateModified":"2024-03-27T17:59:28+00:00","breadcrumb":{"@id":"https:\/\/blogs.uef.fi\/karjalanelvytys\/hannu-lappalainen-tuuli-hillah-puhaldau\/#breadcrumb"},"inLanguage":"fi","potentialAction":[{"@type":"ReadAction","target":["https:\/\/blogs.uef.fi\/karjalanelvytys\/hannu-lappalainen-tuuli-hillah-puhaldau\/"]}]},{"@type":"ImageObject","inLanguage":"fi","@id":"https:\/\/blogs.uef.fi\/karjalanelvytys\/hannu-lappalainen-tuuli-hillah-puhaldau\/#primaryimage","url":"https:\/\/blogs.uef.fi\/karjalanelvytys\/wp-content\/uploads\/sites\/155\/2024\/03\/spring-illustration-8594533_1280.jpg","contentUrl":"https:\/\/blogs.uef.fi\/karjalanelvytys\/wp-content\/uploads\/sites\/155\/2024\/03\/spring-illustration-8594533_1280.jpg","width":1280,"height":1280},{"@type":"BreadcrumbList","@id":"https:\/\/blogs.uef.fi\/karjalanelvytys\/hannu-lappalainen-tuuli-hillah-puhaldau\/#breadcrumb","itemListElement":[{"@type":"ListItem","position":1,"name":"Home","item":"https:\/\/blogs.uef.fi\/karjalanelvytys\/"},{"@type":"ListItem","position":2,"name":"Hannu Lappalainen: Tuuli hil&#8217;l&#8217;ah puhaldau"}]},{"@type":"WebSite","@id":"https:\/\/blogs.uef.fi\/karjalanelvytys\/#website","url":"https:\/\/blogs.uef.fi\/karjalanelvytys\/","name":"Karjalan kielen elvytt\u00e4minen","description":"","potentialAction":[{"@type":"SearchAction","target":{"@type":"EntryPoint","urlTemplate":"https:\/\/blogs.uef.fi\/karjalanelvytys\/?s={search_term_string}"},"query-input":{"@type":"PropertyValueSpecification","valueRequired":true,"valueName":"search_term_string"}}],"inLanguage":"fi"}]}},"_links":{"self":[{"href":"https:\/\/blogs.uef.fi\/karjalanelvytys\/wp-json\/wp\/v2\/pages\/17248","targetHints":{"allow":["GET"]}}],"collection":[{"href":"https:\/\/blogs.uef.fi\/karjalanelvytys\/wp-json\/wp\/v2\/pages"}],"about":[{"href":"https:\/\/blogs.uef.fi\/karjalanelvytys\/wp-json\/wp\/v2\/types\/page"}],"author":[{"embeddable":true,"href":"https:\/\/blogs.uef.fi\/karjalanelvytys\/wp-json\/wp\/v2\/users\/580"}],"replies":[{"embeddable":true,"href":"https:\/\/blogs.uef.fi\/karjalanelvytys\/wp-json\/wp\/v2\/comments?post=17248"}],"version-history":[{"count":2,"href":"https:\/\/blogs.uef.fi\/karjalanelvytys\/wp-json\/wp\/v2\/pages\/17248\/revisions"}],"predecessor-version":[{"id":17299,"href":"https:\/\/blogs.uef.fi\/karjalanelvytys\/wp-json\/wp\/v2\/pages\/17248\/revisions\/17299"}],"wp:attachment":[{"href":"https:\/\/blogs.uef.fi\/karjalanelvytys\/wp-json\/wp\/v2\/media?parent=17248"}],"curies":[{"name":"wp","href":"https:\/\/api.w.org\/{rel}","templated":true}]}}