{"id":17001,"date":"2024-03-20T09:58:54","date_gmt":"2024-03-20T07:58:54","guid":{"rendered":"https:\/\/blogs.uef.fi\/karjalanelvytys\/?page_id=17001"},"modified":"2024-03-20T11:02:57","modified_gmt":"2024-03-20T09:02:57","slug":"markku-ylosen-aanitteet","status":"publish","type":"page","link":"https:\/\/blogs.uef.fi\/karjalanelvytys\/markku-ylosen-aanitteet\/","title":{"rendered":"Markku Yl\u00f6sen \u00e4\u00e4nitteet"},"content":{"rendered":"\n<p>T\u00e4ll\u00e4 sivulla on julkaistu <strong>Markku Yl\u00f6sen<\/strong> nauhoittamia karjalankielisi\u00e4 \u00e4\u00e4nitteit\u00e4 litteraatteineen. \u00c4\u00e4nitett\u00e4 voi siis samanaikaisesti kuunnella ja lukea.<\/p>\n\n\n\n<p>\u00c4\u00e4nitteiss\u00e4 k\u00e4ytetty kielimuoto kuuluu varsinaiskarjalan etel\u00e4murteisiin. Litteraattien kirjoitusasu ei ole aivan normitetun kielen mukainen vaan mukailee puhujan idiolektia (h\u00e4nelle ominaista kielimuotoa, henkil\u00f6kohtaista murretta).<\/p>\n\n\n\n<p>*<\/p>\n\n\n\n<h3 class=\"wp-block-heading\">Anna muata muan luvalla<\/h3>\n\n\n\n<p>&#8221;Anna muata muan luvalla, pyh\u00e4n pellon piendarella. Tule Muariezeni maguuttamah, pyh\u00e4 hengi nossattamah.<\/p>\n\n\n\n<p>Anna ni muata muan luvalla, pyh\u00e4n pellon piendarilla. Tule Muariezeni maguuttamah, pyh\u00e4 hengi nossattamah.<\/p>\n\n\n\n<p>Anna muata muan luvalla, pyh\u00e4n pellon piendarella. Tule Muariezeni maguuttamah, pyh\u00e4 hengi nossattamah.&#8221;<\/p>\n\n\n<iframe loading=\"lazy\" src=\"https:\/\/uef.cloud.panopto.eu\/Panopto\/Pages\/Embed.aspx?id=1b9b0a31-26f5-44d7-8af1-b134009a6c1e&autoplay=false&offerviewer=false&showtitle=false&showbrand=false&captions=false&interactivity=none\" height=\"100\" width=\"720\" style=\"border: 1px solid #464646;\" allowfullscreen allow=\"autoplay\" aria-label=\"Panopto Embedded Video Player\"><\/iframe>\n\n\n\n<h3 class=\"wp-block-heading\">Igilindu<\/h3>\n\n\n\n<p>&#8221;Tual tulou n\u00e4rehen ladvaa i\u0161k\u00f6y, tumanas tuulda \u0161ieglou, vir\u017eie vi\u00e4ld\u00e4y, igivir\u017eie ryng\u00e4htel\u00f6y, kalmoi\u0161uarel pomiloi\u010d\u010dou Ilmattaren igilindu.&#8221;<\/p>\n\n\n<iframe loading=\"lazy\" src=\"https:\/\/uef.cloud.panopto.eu\/Panopto\/Pages\/Embed.aspx?id=4dd33477-fbd1-4e03-a4db-b134009a6c10&autoplay=false&offerviewer=false&showtitle=false&showbrand=false&captions=false&interactivity=none\" height=\"100\" width=\"720\" style=\"border: 1px solid #464646;\" allowfullscreen allow=\"autoplay\" aria-label=\"Panopto Embedded Video Player\"><\/iframe>\n\n\n\n<h3 class=\"wp-block-heading\">Kev\u00e4t<\/h3>\n\n\n\n<p>&#8221;Kevi\u00e4l kukkazet kukitah. K\u00e4g\u00f6it rannoil kukutah. Jou\u010den trubal soittah, me\u010doi ei eni\u00e4 ni n\u00e4ppi\u00e4h silka, ni ped\u00e4j\u00e4n kylles maguau, j\u00e4i\u010d\u010die l\u00e4mm\u00e4s pid\u00e4\u00e4. A vot, me\u00e4n p\u00e4d\u00f6h, nokkazeh duuhu magie, mieleh mu\u0161t\u2019oinkukka, a Hospodi eluo andah, me\u00e4n rungua ylend\u00e4h.&#8221;<\/p>\n\n\n<iframe loading=\"lazy\" src=\"https:\/\/uef.cloud.panopto.eu\/Panopto\/Pages\/Embed.aspx?id=47e1860b-8769-475d-826a-b134009a6c17&autoplay=false&offerviewer=false&showtitle=false&showbrand=false&captions=false&interactivity=none\" height=\"100\" width=\"720\" style=\"border: 1px solid #464646;\" allowfullscreen allow=\"autoplay\" aria-label=\"Panopto Embedded Video Player\"><\/iframe>\n\n\n\n<h3 class=\"wp-block-heading\">Kondie<\/h3>\n\n\n\n<p>&#8221;Jogoi maguat, kondie rukka, jogoi buolua va\u010d\u010da t\u00e4yzi? Vieg\u00f6i pertin paikkua e\u010dit? Magua velli veikkozeni, anna sygyzyn tulla.&#8221;<\/p>\n\n\n<iframe loading=\"lazy\" src=\"https:\/\/uef.cloud.panopto.eu\/Panopto\/Pages\/Embed.aspx?id=b6c43530-f653-49ba-af9c-b134009a6c0f&autoplay=false&offerviewer=false&showtitle=false&showbrand=false&captions=false&interactivity=none\" height=\"100\" width=\"720\" style=\"border: 1px solid #464646;\" allowfullscreen allow=\"autoplay\" aria-label=\"Panopto Embedded Video Player\"><\/iframe>\n\n\n\n<h3 class=\"wp-block-heading\">Me\u010d\u010d\u00e4miehen loi\u010d\u010du<\/h3>\n\n\n\n<p>&#8221;Tuuli tumanua tubrahuta, me\u010doin oksua oijenna, koirazeni kahahuttua voittovirtt\u00e4 virhuttua. Nouze kukko kuornuamas, me\u010doikukko maguamas, me\u010d\u010d\u00e4miehen otettavaksi. A sum\u010dan suuren sy\u00f6tett\u00e4v\u00e4kse.&#8221;<\/p>\n\n\n<iframe loading=\"lazy\" src=\"https:\/\/uef.cloud.panopto.eu\/Panopto\/Pages\/Embed.aspx?id=d94f97a2-b30f-43f2-9484-b134009a74d6&autoplay=false&offerviewer=false&showtitle=false&showbrand=false&captions=false&interactivity=none\" height=\"100\" width=\"720\" style=\"border: 1px solid #464646;\" allowfullscreen allow=\"autoplay\" aria-label=\"Panopto Embedded Video Player\"><\/iframe>\n\n\n\n<h3 class=\"wp-block-heading\">Taivas on sinini da valgieni<\/h3>\n\n\n\n<p>&#8221;Taivas on sinini da valgieni, t\u00e4ht\u00f6zie on t\u00e4yzi.<\/p>\n\n\n\n<p>Taivas on sinini da valgieni, t\u00e4ht\u00f6zie on t\u00e4yzi.<\/p>\n\n\n\n<p>Muga miulgi rynd\u00e4h\u00e4ni on duumai\u010dennas t\u00e4yzi.<\/p>\n\n\n\n<p>Muga miulgi rynd\u00e4h\u00e4ni on duumai\u010dennas t\u00e4yzi.<\/p>\n\n\n\n<p>En mie toizil pagize miun omie atkaloida.<\/p>\n\n\n\n<p>En mie toizil pagize miun omie atkaloida.<\/p>\n\n\n\n<p>Kodikorbeh da selgieh taivah mie pajuon miun a\u017eieloida.<\/p>\n\n\n\n<p>Kodikorbeh da selgieh taivah mie pajuon miun a\u017eieloida.&#8221;<\/p>\n\n\n<iframe loading=\"lazy\" src=\"https:\/\/uef.cloud.panopto.eu\/Panopto\/Pages\/Embed.aspx?id=78b39080-b447-4deb-a350-b134009a74e3&autoplay=false&offerviewer=false&showtitle=false&showbrand=false&captions=false&interactivity=none\" height=\"100\" width=\"720\" style=\"border: 1px solid #464646;\" allowfullscreen allow=\"autoplay\" aria-label=\"Panopto Embedded Video Player\"><\/iframe>\n\n\n\n<h3 class=\"wp-block-heading\">Vaslein kondie<\/h3>\n\n\n\n<p>&#8221;Endizeh aigah Vaslei ugodi kagrua kylvi\u00e4s kondien j\u00e4llet ahokses. Dai duumai\u010d\u010di: sie endizes pez\u00e4s maguau. Talven aigah otti mu\u017eikat dai koirat matkah ja sit pez\u00e4l tal\u2019l\u2019ua rii\u010d\u010dim\u00e4h. Mugai hy\u00f6 tuldih, m\u00e4el mis kondie magai. A pannah ristakanget uksella dai Vaslei rubieu n\u00e4rehel kondieda perzieh \u010d\u00f6kkim\u00e4h. Kondie ristan tagua ka\u010d\u010dou da u\u010d\u010dii:\u201dKenbo olet ukkora\u0161ka? Mi minuo tilas nossattelet?\u201d<\/p>\n\n\n\n<p>\u201dMie olen Jegoran Vaslei, tulin siula tal\u2019l\u2019ua vi\u00e4rd\u00e4m\u00e4h.\u201d<\/p>\n\n\n\n<p>\u201dA, hos sie miul tallan rii\u010d\u010dit, kenb\u00e4 siul \u017eiivatat kodih tuou?\u201d<\/p>\n\n\n\n<p>\u201dSiul ei ni ozua miun \u017eiivatoih,\u201d nagrah ukko da pla\u010dkuau kondieda o\u010d\u010dah.<\/p>\n\n\n\n<p>A sit tullah kodih, tal\u2019l\u2019ua korennos riputetah. Lihoi rees ki\u0161kotah. Dai he\u00e4n r\u00f6ngeh per\u00e4l kuuluh. A p\u00e4d\u00f6y sit kondiella svuadboita pidi\u00e4.<\/p>\n\n\n\n<p>Ga sit joi ristanpi\u00e4n aiga koittaa, paimois me\u010d\u00e4s tullah. Eib\u00e4 ni trubah puhkuta, hil\u2019l\u2019akkazeh m\u00e4gie jygiezeh assutah, a Vaslei jo ryndi\u00e4y vastah: \u201dMisb\u00e4 me\u00e4n \u017eiivatat ollah?\u201d<\/p>\n\n\n\n<p>\u201dMe\u010d\u010d\u00e4h ji\u00e4dih, ukkora\u0161ka.\u201d<\/p>\n\n\n\n<p>Da joi vi\u00e4ldi Vaslei sum\u010dan selg\u00e4h, tabai kondiekeihi\u00e4n kobrah i me\u010d\u010d\u00e4h rynd\u00e4i. E\u010ditteli si\u00e4l dai ti\u00e4l, a lopu\u0161kal ugodi: r\u00e4mehel \u017eiivattaloin luut t\u00f6r\u010d\u00f6tet\u00e4h i korppizet hypit\u00e4h. Kodih tulou atkala rynd\u00e4h\u00e4s. Akkani p\u00e4\u010din bokas kulmie pyhkih. \u201dKuibo puoskat pikkarazet? Ei ole mannie stolah panna. Y\u00f6 muatah huari\u0161tuksis.\u201d<\/p>\n\n\n\n<p>A huondeksel ukkoni muistah kondien sanazet. Matkuau ravieh kondien kumbuzel, ka\u010d\u010doh keloh, kondien o\u010d\u010dah da virkkau: \u201dMint\u00e4h \u017eiivatat suol perroit?\u201d<\/p>\n\n\n\n<p>A eib\u00e4 ni kondie virka nimid\u00e4. Pohjal tuuli vai puhaldah. Vaslei rygistel\u00f6y kodvazen i kuuzihaini hil\u2019l\u2019akkazeh \u010dupettah: \u201dOi Vaslei rukka, oi oi Vaslei rukka. A voi voi, sie sv\u00e4t\u00f6in kondien pla\u010dkait.\u201d<\/p>\n\n\n\n<p>\u201dKuinbo muga?\u201d<\/p>\n\n\n\n<p>\u201dA siulla pyh\u00e4 Muarie kondien pani \u017eiivattoin per\u00e4h ka\u010d\u010domah.\u201d<\/p>\n\n\n\n<p>\u201dA Hospodi, kuibo moizen ri\u00e4hk\u00e4n, pezie\u010den i\u00e4reh?\u201d<\/p>\n\n\n\n<p>Dai kuuzi neuvotgi andaa i Vaslei muga ruadah: tal\u2019l\u2019an orzil ottaa, sil \u017eiivattoloin luuloi vedel\u00f6y, dai lopu\u0161kal kondien kummul ka\u0161uau. Kai malittuzet lugou, tai poklonat, kaikil ilmoil kumardeloi\u010d\u010dou. Sit ni kodih.<\/p>\n\n\n\n<p>A huondeksel akkani ravieh yl\u00e4h kirbuou. Joi \u017eiivattoloin kellozet bilbetet\u00e4h.<\/p>\n\n\n\n<p>\u201dA ka\u010dokkua kummua, sie kaik\u2019 elokset kodih tullah, oi kondie per\u00e4s tepsuttah. Kondie \u017eiivatat kodih tuou.\u201d<\/p>\n\n\n\n<p>A, mugai suuri \u010duudo, Vaslein kondie.&#8221;<\/p>\n\n\n<iframe loading=\"lazy\" src=\"https:\/\/uef.cloud.panopto.eu\/Panopto\/Pages\/Embed.aspx?id=dbef824e-4e09-4b9f-89c8-b134009a79d7&autoplay=false&offerviewer=false&showtitle=false&showbrand=false&captions=false&interactivity=none\" height=\"100\" width=\"720\" style=\"border: 1px solid #464646;\" allowfullscreen allow=\"autoplay\" aria-label=\"Panopto Embedded Video Player\"><\/iframe>\n","protected":false},"excerpt":{"rendered":"<p>T\u00e4ll\u00e4 sivulla on julkaistu Markku Yl\u00f6sen nauhoittamia karjalankielisi\u00e4 \u00e4\u00e4nitteit\u00e4 litteraatteineen. \u00c4\u00e4nitett\u00e4 voi siis samanaikaisesti kuunnella ja lukea. \u00c4\u00e4nitteiss\u00e4 k\u00e4ytetty kielimuoto kuuluu varsinaiskarjalan etel\u00e4murteisiin. Litteraattien kirjoitusasu ei ole aivan normitetun kielen mukainen vaan mukailee puhujan idiolektia (h\u00e4nelle ominaista kielimuotoa, henkil\u00f6kohtaista murretta). * Anna muata muan luvalla &#8221;Anna muata muan luvalla, pyh\u00e4n pellon piendarella. Tule Muariezeni maguuttamah, [&hellip;]<\/p>\n","protected":false},"author":580,"featured_media":0,"parent":0,"menu_order":0,"comment_status":"closed","ping_status":"closed","template":"","meta":{"_acf_changed":false,"footnotes":""},"class_list":["post-17001","page","type-page","status-publish","hentry"],"acf":[],"yoast_head":"<!-- This site is optimized with the Yoast SEO plugin v27.1.1 - https:\/\/yoast.com\/product\/yoast-seo-wordpress\/ -->\n<title>Markku Yl\u00f6sen \u00e4\u00e4nitteet - Karjalan kielen elvytt\u00e4minen<\/title>\n<meta name=\"robots\" content=\"index, follow, max-snippet:-1, max-image-preview:large, max-video-preview:-1\" \/>\n<link rel=\"canonical\" href=\"https:\/\/blogs.uef.fi\/karjalanelvytys\/markku-ylosen-aanitteet\/\" \/>\n<meta property=\"og:locale\" content=\"fi_FI\" \/>\n<meta property=\"og:type\" content=\"article\" \/>\n<meta property=\"og:title\" content=\"Markku Yl\u00f6sen \u00e4\u00e4nitteet - Karjalan kielen elvytt\u00e4minen\" \/>\n<meta property=\"og:description\" content=\"T\u00e4ll\u00e4 sivulla on julkaistu Markku Yl\u00f6sen nauhoittamia karjalankielisi\u00e4 \u00e4\u00e4nitteit\u00e4 litteraatteineen. \u00c4\u00e4nitett\u00e4 voi siis samanaikaisesti kuunnella ja lukea. \u00c4\u00e4nitteiss\u00e4 k\u00e4ytetty kielimuoto kuuluu varsinaiskarjalan etel\u00e4murteisiin. Litteraattien kirjoitusasu ei ole aivan normitetun kielen mukainen vaan mukailee puhujan idiolektia (h\u00e4nelle ominaista kielimuotoa, henkil\u00f6kohtaista murretta). * Anna muata muan luvalla &#8221;Anna muata muan luvalla, pyh\u00e4n pellon piendarella. Tule Muariezeni maguuttamah, [&hellip;]\" \/>\n<meta property=\"og:url\" content=\"https:\/\/blogs.uef.fi\/karjalanelvytys\/markku-ylosen-aanitteet\/\" \/>\n<meta property=\"og:site_name\" content=\"Karjalan kielen elvytt\u00e4minen\" \/>\n<meta property=\"article:modified_time\" content=\"2024-03-20T09:02:57+00:00\" \/>\n<meta name=\"twitter:card\" content=\"summary_large_image\" \/>\n<meta name=\"twitter:label1\" content=\"Arvioitu lukuaika\" \/>\n\t<meta name=\"twitter:data1\" content=\"4 minuuttia\" \/>\n<script type=\"application\/ld+json\" class=\"yoast-schema-graph\">{\"@context\":\"https:\/\/schema.org\",\"@graph\":[{\"@type\":\"WebPage\",\"@id\":\"https:\/\/blogs.uef.fi\/karjalanelvytys\/markku-ylosen-aanitteet\/\",\"url\":\"https:\/\/blogs.uef.fi\/karjalanelvytys\/markku-ylosen-aanitteet\/\",\"name\":\"Markku Yl\u00f6sen \u00e4\u00e4nitteet - Karjalan kielen elvytt\u00e4minen\",\"isPartOf\":{\"@id\":\"https:\/\/blogs.uef.fi\/karjalanelvytys\/#website\"},\"datePublished\":\"2024-03-20T07:58:54+00:00\",\"dateModified\":\"2024-03-20T09:02:57+00:00\",\"breadcrumb\":{\"@id\":\"https:\/\/blogs.uef.fi\/karjalanelvytys\/markku-ylosen-aanitteet\/#breadcrumb\"},\"inLanguage\":\"fi\",\"potentialAction\":[{\"@type\":\"ReadAction\",\"target\":[\"https:\/\/blogs.uef.fi\/karjalanelvytys\/markku-ylosen-aanitteet\/\"]}]},{\"@type\":\"BreadcrumbList\",\"@id\":\"https:\/\/blogs.uef.fi\/karjalanelvytys\/markku-ylosen-aanitteet\/#breadcrumb\",\"itemListElement\":[{\"@type\":\"ListItem\",\"position\":1,\"name\":\"Home\",\"item\":\"https:\/\/blogs.uef.fi\/karjalanelvytys\/\"},{\"@type\":\"ListItem\",\"position\":2,\"name\":\"Markku Yl\u00f6sen \u00e4\u00e4nitteet\"}]},{\"@type\":\"WebSite\",\"@id\":\"https:\/\/blogs.uef.fi\/karjalanelvytys\/#website\",\"url\":\"https:\/\/blogs.uef.fi\/karjalanelvytys\/\",\"name\":\"Karjalan kielen elvytt\u00e4minen\",\"description\":\"\",\"potentialAction\":[{\"@type\":\"SearchAction\",\"target\":{\"@type\":\"EntryPoint\",\"urlTemplate\":\"https:\/\/blogs.uef.fi\/karjalanelvytys\/?s={search_term_string}\"},\"query-input\":{\"@type\":\"PropertyValueSpecification\",\"valueRequired\":true,\"valueName\":\"search_term_string\"}}],\"inLanguage\":\"fi\"}]}<\/script>\n<!-- \/ Yoast SEO plugin. -->","yoast_head_json":{"title":"Markku Yl\u00f6sen \u00e4\u00e4nitteet - Karjalan kielen elvytt\u00e4minen","robots":{"index":"index","follow":"follow","max-snippet":"max-snippet:-1","max-image-preview":"max-image-preview:large","max-video-preview":"max-video-preview:-1"},"canonical":"https:\/\/blogs.uef.fi\/karjalanelvytys\/markku-ylosen-aanitteet\/","og_locale":"fi_FI","og_type":"article","og_title":"Markku Yl\u00f6sen \u00e4\u00e4nitteet - Karjalan kielen elvytt\u00e4minen","og_description":"T\u00e4ll\u00e4 sivulla on julkaistu Markku Yl\u00f6sen nauhoittamia karjalankielisi\u00e4 \u00e4\u00e4nitteit\u00e4 litteraatteineen. \u00c4\u00e4nitett\u00e4 voi siis samanaikaisesti kuunnella ja lukea. \u00c4\u00e4nitteiss\u00e4 k\u00e4ytetty kielimuoto kuuluu varsinaiskarjalan etel\u00e4murteisiin. Litteraattien kirjoitusasu ei ole aivan normitetun kielen mukainen vaan mukailee puhujan idiolektia (h\u00e4nelle ominaista kielimuotoa, henkil\u00f6kohtaista murretta). * Anna muata muan luvalla &#8221;Anna muata muan luvalla, pyh\u00e4n pellon piendarella. Tule Muariezeni maguuttamah, [&hellip;]","og_url":"https:\/\/blogs.uef.fi\/karjalanelvytys\/markku-ylosen-aanitteet\/","og_site_name":"Karjalan kielen elvytt\u00e4minen","article_modified_time":"2024-03-20T09:02:57+00:00","twitter_card":"summary_large_image","twitter_misc":{"Arvioitu lukuaika":"4 minuuttia"},"schema":{"@context":"https:\/\/schema.org","@graph":[{"@type":"WebPage","@id":"https:\/\/blogs.uef.fi\/karjalanelvytys\/markku-ylosen-aanitteet\/","url":"https:\/\/blogs.uef.fi\/karjalanelvytys\/markku-ylosen-aanitteet\/","name":"Markku Yl\u00f6sen \u00e4\u00e4nitteet - Karjalan kielen elvytt\u00e4minen","isPartOf":{"@id":"https:\/\/blogs.uef.fi\/karjalanelvytys\/#website"},"datePublished":"2024-03-20T07:58:54+00:00","dateModified":"2024-03-20T09:02:57+00:00","breadcrumb":{"@id":"https:\/\/blogs.uef.fi\/karjalanelvytys\/markku-ylosen-aanitteet\/#breadcrumb"},"inLanguage":"fi","potentialAction":[{"@type":"ReadAction","target":["https:\/\/blogs.uef.fi\/karjalanelvytys\/markku-ylosen-aanitteet\/"]}]},{"@type":"BreadcrumbList","@id":"https:\/\/blogs.uef.fi\/karjalanelvytys\/markku-ylosen-aanitteet\/#breadcrumb","itemListElement":[{"@type":"ListItem","position":1,"name":"Home","item":"https:\/\/blogs.uef.fi\/karjalanelvytys\/"},{"@type":"ListItem","position":2,"name":"Markku Yl\u00f6sen \u00e4\u00e4nitteet"}]},{"@type":"WebSite","@id":"https:\/\/blogs.uef.fi\/karjalanelvytys\/#website","url":"https:\/\/blogs.uef.fi\/karjalanelvytys\/","name":"Karjalan kielen elvytt\u00e4minen","description":"","potentialAction":[{"@type":"SearchAction","target":{"@type":"EntryPoint","urlTemplate":"https:\/\/blogs.uef.fi\/karjalanelvytys\/?s={search_term_string}"},"query-input":{"@type":"PropertyValueSpecification","valueRequired":true,"valueName":"search_term_string"}}],"inLanguage":"fi"}]}},"_links":{"self":[{"href":"https:\/\/blogs.uef.fi\/karjalanelvytys\/wp-json\/wp\/v2\/pages\/17001","targetHints":{"allow":["GET"]}}],"collection":[{"href":"https:\/\/blogs.uef.fi\/karjalanelvytys\/wp-json\/wp\/v2\/pages"}],"about":[{"href":"https:\/\/blogs.uef.fi\/karjalanelvytys\/wp-json\/wp\/v2\/types\/page"}],"author":[{"embeddable":true,"href":"https:\/\/blogs.uef.fi\/karjalanelvytys\/wp-json\/wp\/v2\/users\/580"}],"replies":[{"embeddable":true,"href":"https:\/\/blogs.uef.fi\/karjalanelvytys\/wp-json\/wp\/v2\/comments?post=17001"}],"version-history":[{"count":2,"href":"https:\/\/blogs.uef.fi\/karjalanelvytys\/wp-json\/wp\/v2\/pages\/17001\/revisions"}],"predecessor-version":[{"id":17036,"href":"https:\/\/blogs.uef.fi\/karjalanelvytys\/wp-json\/wp\/v2\/pages\/17001\/revisions\/17036"}],"wp:attachment":[{"href":"https:\/\/blogs.uef.fi\/karjalanelvytys\/wp-json\/wp\/v2\/media?parent=17001"}],"curies":[{"name":"wp","href":"https:\/\/api.w.org\/{rel}","templated":true}]}}