{"id":16121,"date":"2024-02-15T14:00:41","date_gmt":"2024-02-15T12:00:41","guid":{"rendered":"https:\/\/blogs.uef.fi\/karjalanelvytys\/?page_id=16121"},"modified":"2026-01-26T10:03:35","modified_gmt":"2026-01-26T08:03:35","slug":"karjalaini-nimisto","status":"publish","type":"page","link":"https:\/\/blogs.uef.fi\/karjalanelvytys\/karjalaini-nimisto\/","title":{"rendered":"Karjalaini nimist\u00f6"},"content":{"rendered":"\n<p>T\u00e4ll\u00e4 \u0161ivulla julkuamma kirjutuk\u0161ie ta muuta materijalie karjalaiseh nimist\u00f6h n\u00e4hen.<\/p>\n\n\n\n<p><strong>20.1.2026<\/strong><\/p>\n\n\n\n<h2 class=\"wp-block-heading\">Karjalaiset talonnimet<\/h2>\n\n\n\n<p>Karjalaisien talonnimien pohjana ollah oltu perintehise\u0161ti henkil\u00f6nnimet, \u0161ent\u00e4h talonnimist\u00f6 on t\u00e4rkie karjalaisen henkil\u00f6nnimiss\u00f6n l\u00e4he. Talonnimil\u00f6iss\u00e4 ollah talle\u0161\u0161a rahvahan pakina\u0161\u0161a k\u00e4ytetyt karjalankieliset ristikan\u0161an etunimet (rissint\u00e4nimet), \u0161ukunimet tahi mitnih lis\u00e4nimet. Rakenteheltah talonnimet voijah olla yhy\u0161nimij\u00e4 tahi \u0161analiittoja, kumpaset muuvvo\u0161\u0161utah talon el\u00e4j\u00e4n nime\u0161t\u00e4 ta taluo tarkottaja\u0161ta leksiemist\u00e4 -talo(i), -kodi, -per(t)ti. T\u00e4m\u00e4n talonnimitiipan lis\u00e4k\u0161i on niise -l(A)-loppusie talonnimij\u00e4, kumpasissa ristikan\u0161an nimeh liittyy -la\/-l\u00e4-suffiksi. Er\u00e4hie esimerkkij\u00e4:<\/p>\n\n\n\n<p><em>Makonkodi, Miihkalinkodi, Hukka-Miikkulantalo, Riikol\u2019a, Kol\u2019a-veikonkodi, Teppozen Gauronkodi, In\u2019a-buabointaloi, Mikitt\u00e4l\u00e4, Domnanpertti, Ipatinpertti, Olekseilantalo.<\/em><\/p>\n\n\n\n<p>Yliopisson nimist\u00f6kur\u0161\u0161illa opa\u0161tujat tuttavu\u0161\u0161utah karjalaiseh talonnimisistiemah ta opa\u0161\u0161utah i\u010deki muuvvo\u0161tamah talonnimij\u00e4. Alahana ni\u00e4t er\u00e4h\u00e4t esimerkit talonnimil\u00f6ist\u00e4, kumpaset opa\u0161tujat ollah luajittu kotiruavok\u0161i. Pohjana on <strong>E. V. Ahtian<\/strong> Suoj\u00e4rven kyliss\u00e4 vuosina 1908\u20131922 kery\u00e4m\u00e4 henkil\u00f6nnimimaterijali, ta \u0161e \u0161\u00e4ilytet\u00e4h \u0160uomen nimiarhiiva\u0161\u0161a.<\/p>\n\n\n\n<p>Bo\u0161\u0161ilantalo<\/p>\n\n\n\n<p>Brelontaloi<\/p>\n\n\n\n<p>\u010cokkila<\/p>\n\n\n\n<p>\u010cu\u010d\u010dula \/ \u010cu\u010dun Tro\u0161\u0161in kodi<\/p>\n\n\n\n<p>Kabli-Matfeinkodi<\/p>\n\n\n\n<p>Keg\u00e4lehen Vet\u2019an kodi<\/p>\n\n\n\n<p>Ko\u010dkan Romin kodi<\/p>\n\n\n\n<p>Kukoinpertti<\/p>\n\n\n\n<p>N\u2019uakantalo<\/p>\n\n\n\n<p>Turhazen On\u2019n\u2019oinkodi<\/p>\n\n\n\n<p>Po\u010dinperti \/ Po\u010d\u010dila<\/p>\n\n\n\n<p>Pun\u2019unkodi<\/p>\n\n\n\n<p>Purgu-D\u2019yrgyl\u00e4 \/ Purgu-Jyrrynperti<\/p>\n\n\n\n<p>Rabazen Jykin talo<\/p>\n\n\n\n<p>Rahkapuzula \/ Rahkapuzunkodi<\/p>\n\n\n\n<p>R\u00f6\u010d\u010d\u00e4l\u00e4<\/p>\n\n\n\n<p>Semoinkodi<\/p>\n\n\n\n<p>Sorzalanpertti \/ Sorzan Il\u2019l\u2019an pertti<\/p>\n\n\n\n<p>Spi\u010dkan Hedun kodi \/ Spi\u010dkanpertti<\/p>\n\n\n\n<p>Surma-Iivanantaloi \/ Surmankodi<\/p>\n\n\n\n<p>Tibilibilittil\u00e4<\/p>\n\n\n\n<p>Tumanankodi<\/p>\n\n\n\n<p>T\u00f6rh\u00f6zenkodi<\/p>\n\n\n\t<div id=\"accordion-block_05f45441a47d58cb6d461f209dd2a335\" class=\"accordions\">\n\t\t\t\t\t<div class=\"accordion accordion-js\">\n\t\t\t\t<button class=\"accordion__button\" aria-controls=\"content-988\" aria-expanded=\"false\" id=\"accordion-control-988\">\n\t\t\t\t\t<h3 class=\"accordion__heading\" >\n\t\t\t\t\t\tPerindehizet karjalazet hengil\u00f6nnimet Suoj\u00e4rven kyliss\u00e4 (E. V. Ahtian kentt\u00e4matat 1908\u20131922, Suomen nimiarhiiva, Kotus)\t\t\t\t\t<\/h3>\n\t\t\t\t<\/button>\n\t\t\t\t<div class=\"accordion__content\" role=\"region\" aria-labelledby=\"accordion-control-988\" aria-hidden=\"true\" id=\"content-988\">\n\t\t\t\t\t<p><strong>E. V. Ahtian<\/strong>\u00a0kentt\u00e4matat 1908\u20131922, Suomen nimiarhiiva, Kodimualazien kielien kessus (Kotus)<\/p>\n<p>*<\/p>\n<p>Bo\u0161\u0161i, sn: Bo\u0161in Kiril\u00e4 (N\u2019an\u2019n\u2019attaja)<\/p>\n<p>Brelo, sn: Brelo Mihei (Haudavuara)<\/p>\n<p>\u010coakki, sn: \u00a0\u010coakki Vas\u2019a (Salonkyl\u00e4)<\/p>\n<p>\u010cokki, sn: \u010cokki Vas\u2019a (Kuikanselg\u00e4)<\/p>\n<p>\u010cu\u010d\u010du sn: \u010cu\u010d\u010du Tro\u0161\u0161i (Hukkala)<\/p>\n<p>Kabl\u2019i-Matfei, lis\u00e4nimi (Kangasj\u00e4rvess\u00e4 asuu rajakyl\u00e4ss\u00e4 Suoj\u00e4rven kohdalla Ven\u00e4j\u00e4n puolella, saatu liukkaasta kielest\u00e4)<\/p>\n<p>Kannarvo, sn: Kannarvon Jyrgi (Kannarselg\u00e4)<\/p>\n<p>Keg\u00e4leh, sn: Keg\u00e4leh Fed\u2019a (Ponkoilambi, Hukkala)<\/p>\n<p>Ko\u010dka, sn: Ko\u010dkan Romi<\/p>\n<p>Kukoi, sn: \u00a0Kukoi Iivan, Ipat\u2019t\u2019i (Haudavuara)<\/p>\n<p>L\u00f6ll\u00f6, sn. (M\u00f6k\u00f6in kyl\u00e4)<\/p>\n<p>L\u00f6tt\u00f6n\u2019i, sn: L\u00f6tt\u00f6ni Sa\u0161a Kaijazj\u00e4rves (Kaidaj\u00e4rvi)<\/p>\n<p>Maho, sn: Mahon Jahoran tyt\u00e4r (Kaidaj\u00e4rvi)<\/p>\n<p>N\u2019oakka, sn: N\u2019oakka Semoi = N\u2019oakan Semoi<\/p>\n<p>Po\u010d\u010di, sn. (Hallaselg\u00e4)<\/p>\n<p>Pun\u2019u, sn: Pun\u2019u Teroi (Jehkil\u00e4n kyl\u00e4)<\/p>\n<p>Purgu, sn: Purgu Juakko (Lepp\u00e4niemi)<\/p>\n<p>Purgu-D\u2019yrgy, lis\u00e4nimi \u201cLuisvaarassa asuvan Jyrky Martiskaisen haukkumanimi, jonka h\u00e4n oli saanut naapureilta siksi, ett\u00e4 h\u00e4nell\u00e4 oli usein tapana liikkua pyry- eli purkuilmalla\u201d (Lyyli Kokkonen, Ilomantsi 1927)<\/p>\n<p>Rabani, sn: Raban\u2019i Jykki (Riuhtovuara). \u201dJegor on ollun nimi, Jykiksi ku\u010duttih ta koko pereht\u00e4 Jykkisiksi\u201d<\/p>\n<p>Rahkapuzu, sn: Rahkapuzun Taras\u2019s\u2019ie<\/p>\n<p>R\u00f6\u010d\u010d\u00e4, sn. Lepp\u00e4niemen kyl\u00e4ss\u00e4<\/p>\n<p>\u0160mura, sn: \u0160muran Vaslei (Jehkil\u00e4)<\/p>\n<p>Sorza, sn: Sorzan Il\u2019l\u2019a (Varbakyl\u00e4)<\/p>\n<p>Spi\u010dka, sn: Spi\u010dkan Hedu (Varbakyl\u00e4)<\/p>\n<p>Surma, sn: Surman Iivana (Lepp\u00e4niemi)<\/p>\n<p>T\u2019ibil\u2019ibil\u2019it\u2019t\u2019i, er\u00e4\u00e4n hyvin nopeapuheisen henkil\u00f6n lis\u00e4nimi<\/p>\n<p>Tumana, sn: Tumanan Vas\u2019a (Hukkala)<\/p>\n<p>Turhani, sn: Turhani On\u2019n\u2019oi (Jehkil\u00e4)<\/p>\n<p>T\u00f6rh\u00f6ni, sn. Lepp\u00e4niemen kyl\u00e4ss\u00e4<\/p>\n<p>*<\/p>\n<p>Nimet arhiivassa ker\u00e4nnyn\u00a0<strong>Olga Karlova<\/strong>.<\/p>\n\t\t\t\t<\/div>\n\t\t\t<\/div>\n\t\t\t<\/div>\n\t\n\n\n<p>*<\/p>\n\n\n\n<p><strong>19.1.2026<\/strong><\/p>\n\n\n\n<p>\u0160yky\u0161yll\u00e4 2025 on tua\u0161\u0161en pietty <em>Karjalaini nimiss\u00f6ntutkimu\u0161<\/em> -kur\u0161\u0161i. Julkuamma opa\u0161tujien loppuruavot, kumpasissa hy\u00f6 ollah planiiruitu nimisty\u00f6 karjalak\u0161i. <\/p>\n\n\n\n<p><strong>Jonna Puolamaa<\/strong>, Buolum\u00e4gi da sen nimist\u00f6: <a href=\"https:\/\/blogs.uef.fi\/karjalanelvytys\/buolumain-nimisto\/\">linkki<\/a><\/p>\n\n\n\n<p><strong>Eeva Manni<\/strong>, S\u00e4rk\u00e4n linna da sen nimist\u00f6: <a href=\"https:\/\/blogs.uef.fi\/karjalanelvytys\/sarkan-linna\/\" target=\"_blank\" rel=\"noreferrer noopener\">linkki<\/a><\/p>\n\n\n\n<p><strong>Jaana Petsalo<\/strong>, Lykkyl\u00e4 da sen nimist\u00f6: <a href=\"https:\/\/blogs.uef.fi\/karjalanelvytys\/lykkyla-da-sen-nimisto\/\" target=\"_blank\" rel=\"noreferrer noopener\">linkki<\/a><\/p>\n\n\n\n<p><strong>Johanna Pelling<\/strong>, \u00c4im\u00e4nk\u00e4gel\u00e4 da sen nimist\u00f6: <a href=\"https:\/\/blogs.uef.fi\/karjalanelvytys\/aimankagela-da-sen-nimisto\/\" target=\"_blank\" rel=\"noreferrer noopener\">linkki<\/a><\/p>\n\n\n\n<p>*<\/p>\n\n\n\n<p><strong>15.2.2024<\/strong><\/p>\n\n\n\n<h2 class=\"wp-block-heading\">Nimist\u00f6kur\u0161\u0161in opa\u0161tujat planiiruijah karjalaisien elo\u0161ijojen nimisty\u00f6<\/h2>\n\n\n\n<p>P\u00e4iv\u00e4nnou\u0161u-\u0160uomen yliopisson karjalan kielen ainehopintoloih kuuluu nimist\u00f6kur\u0161\u0161i, kumpasen nimi on <em>Karjalainen nimist\u00f6ntutkimus<\/em>. Kur\u0161\u0161illa ka\u010dellah karjalankielisien paikan- ta henkil\u00f6nnimien \u0161\u00e4ilymist\u00e4, muuttumista ta nykyist\u00e4 k\u00e4ytty\u00f6 karjalaisien eri el\u00e4nt\u00e4alovehilla. Kur\u0161\u0161illa opa\u0161\u0161utah tuntomah perintehisie nimik\u00e4yt\u00e4nt\u00f6j\u00e4 tai uuvven nimiss\u00f6n muuvvo\u0161\u0161untua. Kur\u0161\u0161in opa\u0161taja on <strong>Olga Karlova<\/strong>. <\/p>\n\n\n\n<p>Nimet ollah o\u0161a kielt\u00e4 \u0161amoten kuin ylehis\u0161anatki. Nimil\u00f6iss\u00e4 on omaluatuista kielitietuo; ne \u0161anellah mit\u00e4nih oma\u010dottaista nimett\u00e4v\u00e4\u0161t\u00e4 koha\u0161ta, jotta erottua \u0161en \u0161amanlajisista. Nimil\u00f6ih peitteliytyy imehnisen ta rahvahan smietint\u00e4tapa ta muailmankuva. Nimet muuvvo\u0161\u0161utah kiele\u0161\u0161\u00e4 ruatajien sakonojen mukah, ta ne on otettava \u010dottah nimisty\u00f6 \u0161uunnitelle\u0161\u0161a. <\/p>\n\n\n\n<p>Kur\u0161\u0161in aikana opa\u0161tujat tuttavu\u0161\u0161utah \u0161iih, kuin ruatau karjalaini nimist\u00f6sistiema ta kuotellah i\u010deki planiiruija nimisty\u00f6 karjalak\u0161i. Luajitah kylien karttoja, nimitet\u00e4h luonnon kohtie \u0161ek\u00e4 annetah nimij\u00e4 kulttuuripaikoilla. Elo\u0161ijojen palvelut \u0161ek\u00e4 talot ta niijen el\u00e4j\u00e4t tai kotielukat ta \u0161iivatat niise \u0161uahah omat karjalaiset nimeh. <\/p>\n\n\n\n<p>Alahampana voipi tuttavu\u0161tuo nimist\u00f6kur\u0161\u0161in loppuruatoloih, kumpasissa opa\u0161tujat on  uuraha\u0161ti heitt\u00e4yvytty unek\u0161imah karjalankielisest\u00e4 ymp\u00e4riss\u00f6\u0161t\u00e4. <\/p>\n\n\n\n<p><strong>Elena Rapa<\/strong>, M\u00e4ndym\u00e4en nimist\u00f6: <a href=\"https:\/\/blogs.uef.fi\/karjalanelvytys\/mandymaen-kylan-nimisto\/\" target=\"_blank\" rel=\"noreferrer noopener\">linkki<\/a><\/p>\n\n\n\n<p><strong>Sirpa M\u00e4nty<\/strong>, Kammi\u010d\u010daniemen nimist\u00f6: <a href=\"https:\/\/blogs.uef.fi\/karjalanelvytys\/kammiccaniemen-kylan-nimisto\/\" target=\"_blank\" rel=\"noreferrer noopener\">linkki<\/a><\/p>\n\n\n\n<p><strong>Nunnu Raatikainen<\/strong>, Hapanmaitol&#8217;an nimist\u00f6: <a href=\"https:\/\/blogs.uef.fi\/karjalanelvytys\/hapanmaitolan-kylan-nimisto\/\" target=\"_blank\" rel=\"noreferrer noopener\">linkki<\/a><\/p>\n\n\n\n<p><strong>Maura H\u00e4kki<\/strong>, H\u00e4kinsell\u00e4n nimist\u00f6: <a href=\"https:\/\/blogs.uef.fi\/karjalanelvytys\/hakinsellan-kylan-nimisto\/\" target=\"_blank\" rel=\"noreferrer noopener\">linkki<\/a><\/p>\n\n\n\n<p><strong>Aleksandra Soloveva<\/strong>, Pirttij\u00e4rven nimist\u00f6: <a href=\"https:\/\/blogs.uef.fi\/karjalanelvytys\/pirttijarven-kylan-nimisto\/\" target=\"_blank\" rel=\"noreferrer noopener\">linkki<\/a><\/p>\n\n\n\n<p><\/p>\n\n\n\n<p><\/p>\n\n\n\n<p><\/p>\n","protected":false},"excerpt":{"rendered":"<p>T\u00e4ll\u00e4 \u0161ivulla julkuamma kirjutuk\u0161ie ta muuta materijalie karjalaiseh nimist\u00f6h n\u00e4hen. 20.1.2026 Karjalaiset talonnimet Karjalaisien talonnimien pohjana ollah oltu perintehise\u0161ti henkil\u00f6nnimet, \u0161ent\u00e4h talonnimist\u00f6 on t\u00e4rkie karjalaisen henkil\u00f6nnimiss\u00f6n l\u00e4he. Talonnimil\u00f6iss\u00e4 ollah talle\u0161\u0161a rahvahan pakina\u0161\u0161a k\u00e4ytetyt karjalankieliset ristikan\u0161an etunimet (rissint\u00e4nimet), \u0161ukunimet tahi mitnih lis\u00e4nimet. Rakenteheltah talonnimet voijah olla yhy\u0161nimij\u00e4 tahi \u0161analiittoja, kumpaset muuvvo\u0161\u0161utah talon el\u00e4j\u00e4n nime\u0161t\u00e4 ta taluo [&hellip;]<\/p>\n","protected":false},"author":480,"featured_media":0,"parent":0,"menu_order":0,"comment_status":"closed","ping_status":"closed","template":"","meta":{"_acf_changed":false,"footnotes":""},"class_list":["post-16121","page","type-page","status-publish","hentry"],"acf":[],"yoast_head":"<!-- This site is optimized with the Yoast SEO plugin v27.1.1 - https:\/\/yoast.com\/product\/yoast-seo-wordpress\/ -->\n<title>Karjalaini nimist\u00f6 - Karjalan kielen elvytt\u00e4minen<\/title>\n<meta name=\"robots\" content=\"index, follow, max-snippet:-1, max-image-preview:large, max-video-preview:-1\" \/>\n<link rel=\"canonical\" href=\"https:\/\/blogs.uef.fi\/karjalanelvytys\/karjalaini-nimisto\/\" \/>\n<meta property=\"og:locale\" content=\"fi_FI\" \/>\n<meta property=\"og:type\" content=\"article\" \/>\n<meta property=\"og:title\" content=\"Karjalaini nimist\u00f6 - Karjalan kielen elvytt\u00e4minen\" \/>\n<meta property=\"og:description\" content=\"T\u00e4ll\u00e4 \u0161ivulla julkuamma kirjutuk\u0161ie ta muuta materijalie karjalaiseh nimist\u00f6h n\u00e4hen. 20.1.2026 Karjalaiset talonnimet Karjalaisien talonnimien pohjana ollah oltu perintehise\u0161ti henkil\u00f6nnimet, \u0161ent\u00e4h talonnimist\u00f6 on t\u00e4rkie karjalaisen henkil\u00f6nnimiss\u00f6n l\u00e4he. Talonnimil\u00f6iss\u00e4 ollah talle\u0161\u0161a rahvahan pakina\u0161\u0161a k\u00e4ytetyt karjalankieliset ristikan\u0161an etunimet (rissint\u00e4nimet), \u0161ukunimet tahi mitnih lis\u00e4nimet. Rakenteheltah talonnimet voijah olla yhy\u0161nimij\u00e4 tahi \u0161analiittoja, kumpaset muuvvo\u0161\u0161utah talon el\u00e4j\u00e4n nime\u0161t\u00e4 ta taluo [&hellip;]\" \/>\n<meta property=\"og:url\" content=\"https:\/\/blogs.uef.fi\/karjalanelvytys\/karjalaini-nimisto\/\" \/>\n<meta property=\"og:site_name\" content=\"Karjalan kielen elvytt\u00e4minen\" \/>\n<meta property=\"article:modified_time\" content=\"2026-01-26T08:03:35+00:00\" \/>\n<meta name=\"twitter:card\" content=\"summary_large_image\" \/>\n<meta name=\"twitter:label1\" content=\"Arvioitu lukuaika\" \/>\n\t<meta name=\"twitter:data1\" content=\"3 minuuttia\" \/>\n<script type=\"application\/ld+json\" class=\"yoast-schema-graph\">{\"@context\":\"https:\/\/schema.org\",\"@graph\":[{\"@type\":\"WebPage\",\"@id\":\"https:\/\/blogs.uef.fi\/karjalanelvytys\/karjalaini-nimisto\/\",\"url\":\"https:\/\/blogs.uef.fi\/karjalanelvytys\/karjalaini-nimisto\/\",\"name\":\"Karjalaini nimist\u00f6 - Karjalan kielen elvytt\u00e4minen\",\"isPartOf\":{\"@id\":\"https:\/\/blogs.uef.fi\/karjalanelvytys\/#website\"},\"datePublished\":\"2024-02-15T12:00:41+00:00\",\"dateModified\":\"2026-01-26T08:03:35+00:00\",\"breadcrumb\":{\"@id\":\"https:\/\/blogs.uef.fi\/karjalanelvytys\/karjalaini-nimisto\/#breadcrumb\"},\"inLanguage\":\"fi\",\"potentialAction\":[{\"@type\":\"ReadAction\",\"target\":[\"https:\/\/blogs.uef.fi\/karjalanelvytys\/karjalaini-nimisto\/\"]}]},{\"@type\":\"BreadcrumbList\",\"@id\":\"https:\/\/blogs.uef.fi\/karjalanelvytys\/karjalaini-nimisto\/#breadcrumb\",\"itemListElement\":[{\"@type\":\"ListItem\",\"position\":1,\"name\":\"Home\",\"item\":\"https:\/\/blogs.uef.fi\/karjalanelvytys\/\"},{\"@type\":\"ListItem\",\"position\":2,\"name\":\"Karjalaini nimist\u00f6\"}]},{\"@type\":\"WebSite\",\"@id\":\"https:\/\/blogs.uef.fi\/karjalanelvytys\/#website\",\"url\":\"https:\/\/blogs.uef.fi\/karjalanelvytys\/\",\"name\":\"Karjalan kielen elvytt\u00e4minen\",\"description\":\"\",\"potentialAction\":[{\"@type\":\"SearchAction\",\"target\":{\"@type\":\"EntryPoint\",\"urlTemplate\":\"https:\/\/blogs.uef.fi\/karjalanelvytys\/?s={search_term_string}\"},\"query-input\":{\"@type\":\"PropertyValueSpecification\",\"valueRequired\":true,\"valueName\":\"search_term_string\"}}],\"inLanguage\":\"fi\"}]}<\/script>\n<!-- \/ Yoast SEO plugin. -->","yoast_head_json":{"title":"Karjalaini nimist\u00f6 - Karjalan kielen elvytt\u00e4minen","robots":{"index":"index","follow":"follow","max-snippet":"max-snippet:-1","max-image-preview":"max-image-preview:large","max-video-preview":"max-video-preview:-1"},"canonical":"https:\/\/blogs.uef.fi\/karjalanelvytys\/karjalaini-nimisto\/","og_locale":"fi_FI","og_type":"article","og_title":"Karjalaini nimist\u00f6 - Karjalan kielen elvytt\u00e4minen","og_description":"T\u00e4ll\u00e4 \u0161ivulla julkuamma kirjutuk\u0161ie ta muuta materijalie karjalaiseh nimist\u00f6h n\u00e4hen. 20.1.2026 Karjalaiset talonnimet Karjalaisien talonnimien pohjana ollah oltu perintehise\u0161ti henkil\u00f6nnimet, \u0161ent\u00e4h talonnimist\u00f6 on t\u00e4rkie karjalaisen henkil\u00f6nnimiss\u00f6n l\u00e4he. Talonnimil\u00f6iss\u00e4 ollah talle\u0161\u0161a rahvahan pakina\u0161\u0161a k\u00e4ytetyt karjalankieliset ristikan\u0161an etunimet (rissint\u00e4nimet), \u0161ukunimet tahi mitnih lis\u00e4nimet. Rakenteheltah talonnimet voijah olla yhy\u0161nimij\u00e4 tahi \u0161analiittoja, kumpaset muuvvo\u0161\u0161utah talon el\u00e4j\u00e4n nime\u0161t\u00e4 ta taluo [&hellip;]","og_url":"https:\/\/blogs.uef.fi\/karjalanelvytys\/karjalaini-nimisto\/","og_site_name":"Karjalan kielen elvytt\u00e4minen","article_modified_time":"2026-01-26T08:03:35+00:00","twitter_card":"summary_large_image","twitter_misc":{"Arvioitu lukuaika":"3 minuuttia"},"schema":{"@context":"https:\/\/schema.org","@graph":[{"@type":"WebPage","@id":"https:\/\/blogs.uef.fi\/karjalanelvytys\/karjalaini-nimisto\/","url":"https:\/\/blogs.uef.fi\/karjalanelvytys\/karjalaini-nimisto\/","name":"Karjalaini nimist\u00f6 - Karjalan kielen elvytt\u00e4minen","isPartOf":{"@id":"https:\/\/blogs.uef.fi\/karjalanelvytys\/#website"},"datePublished":"2024-02-15T12:00:41+00:00","dateModified":"2026-01-26T08:03:35+00:00","breadcrumb":{"@id":"https:\/\/blogs.uef.fi\/karjalanelvytys\/karjalaini-nimisto\/#breadcrumb"},"inLanguage":"fi","potentialAction":[{"@type":"ReadAction","target":["https:\/\/blogs.uef.fi\/karjalanelvytys\/karjalaini-nimisto\/"]}]},{"@type":"BreadcrumbList","@id":"https:\/\/blogs.uef.fi\/karjalanelvytys\/karjalaini-nimisto\/#breadcrumb","itemListElement":[{"@type":"ListItem","position":1,"name":"Home","item":"https:\/\/blogs.uef.fi\/karjalanelvytys\/"},{"@type":"ListItem","position":2,"name":"Karjalaini nimist\u00f6"}]},{"@type":"WebSite","@id":"https:\/\/blogs.uef.fi\/karjalanelvytys\/#website","url":"https:\/\/blogs.uef.fi\/karjalanelvytys\/","name":"Karjalan kielen elvytt\u00e4minen","description":"","potentialAction":[{"@type":"SearchAction","target":{"@type":"EntryPoint","urlTemplate":"https:\/\/blogs.uef.fi\/karjalanelvytys\/?s={search_term_string}"},"query-input":{"@type":"PropertyValueSpecification","valueRequired":true,"valueName":"search_term_string"}}],"inLanguage":"fi"}]}},"_links":{"self":[{"href":"https:\/\/blogs.uef.fi\/karjalanelvytys\/wp-json\/wp\/v2\/pages\/16121","targetHints":{"allow":["GET"]}}],"collection":[{"href":"https:\/\/blogs.uef.fi\/karjalanelvytys\/wp-json\/wp\/v2\/pages"}],"about":[{"href":"https:\/\/blogs.uef.fi\/karjalanelvytys\/wp-json\/wp\/v2\/types\/page"}],"author":[{"embeddable":true,"href":"https:\/\/blogs.uef.fi\/karjalanelvytys\/wp-json\/wp\/v2\/users\/480"}],"replies":[{"embeddable":true,"href":"https:\/\/blogs.uef.fi\/karjalanelvytys\/wp-json\/wp\/v2\/comments?post=16121"}],"version-history":[{"count":2,"href":"https:\/\/blogs.uef.fi\/karjalanelvytys\/wp-json\/wp\/v2\/pages\/16121\/revisions"}],"predecessor-version":[{"id":23218,"href":"https:\/\/blogs.uef.fi\/karjalanelvytys\/wp-json\/wp\/v2\/pages\/16121\/revisions\/23218"}],"wp:attachment":[{"href":"https:\/\/blogs.uef.fi\/karjalanelvytys\/wp-json\/wp\/v2\/media?parent=16121"}],"curies":[{"name":"wp","href":"https:\/\/api.w.org\/{rel}","templated":true}]}}