{"id":15805,"date":"2024-02-13T11:08:55","date_gmt":"2024-02-13T09:08:55","guid":{"rendered":"https:\/\/blogs.uef.fi\/karjalanelvytys\/?page_id=15805"},"modified":"2024-03-13T14:04:24","modified_gmt":"2024-03-13T12:04:24","slug":"ystavanpaivan-sanasto","status":"publish","type":"page","link":"https:\/\/blogs.uef.fi\/karjalanelvytys\/ystavanpaivan-sanasto\/","title":{"rendered":"Yst\u00e4v\u00e4np\u00e4iv\u00e4n sanasto karjalaksi"},"content":{"rendered":"\n<p>\u0160ana\u0161toruavon luatin: <strong>Olga Karlova<\/strong><\/p>\n\n\n\n<p>Karjalan kielen elvyty\u0161projekti 2023\u20132024<\/p>\n\n\n\n<p>P\u00e4iv\u00e4nnou\u0161u-\u0160uomen yliopisto<\/p>\n\n\n\n<p><\/p>\n\n\n\n<h2 class=\"wp-block-heading\">Y\u0161t\u00e4vy\u00e4 merki\u010d\u010dijy\u00e4 \u0161anua karjalan kielen eri murtehissa<\/h2>\n\n\n\n<p>Alahampana l\u00f6yv\u00e4t \u00e4ij\u00e4lti y\u0161t\u00e4v\u00e4-\u0161anua, voit tuttavu\u0161tuo niijen merkityk\u0161ih ta k\u00e4ytt\u00f6h karjalan kielen eri murtehissa. Linkit juohatetah \u0161ilma Karjalan kielen \u0161anakirjan \u0161ana-artikkeliloih.<\/p>\n\n\n\n<h3 class=\"wp-block-heading\">Karjalan kielen verkko\u0161anakirjan mukah<\/h3>\n\n\n\n<p><strong>Y\u0161t\u00e4v\u00e4<\/strong>, <strong>yst\u00e4v\u00e4<\/strong>, <strong>yst\u00e4vy<\/strong>: <a href=\"https:\/\/kaino.kotus.fi\/kks\/?p=qs-article&amp;kks_id=KKS_fae3ba9c78aeb57475f03e5cb493f560&amp;list_id=1&amp;keyword=yst%C3%A4v%C3%A4&amp;word=yst%C3%A4v%C3%A4\" target=\"_blank\" rel=\"noreferrer noopener\">linkki \u0161ana-artikkelih yst\u00e4v\u00e4<\/a><\/p>\n\n\n\n<p><strong>Tovarissa<\/strong>, <strong>dovari\u0161\u0161u<\/strong>: <a href=\"https:\/\/kaino.kotus.fi\/kks\/?p=qs-article&amp;kks_id=KKS_de03420c86077ad91143eb8da08300a0&amp;list_id=1&amp;keyword=tovarissa&amp;word=tovarissa\" target=\"_blank\" rel=\"noreferrer noopener\">linkki \u0161ana-artikkelih tovarissa<\/a><\/p>\n\n\n\n<p><strong>Pratana<\/strong>, <strong>bratana, bratan:<\/strong><a href=\"https:\/\/kaino.kotus.fi\/kks\/?p=qs-article&amp;kks_id=KKS_80c08599ae7cebbd6209a1ab597ea6ab&amp;list_id=1&amp;keyword=pratana&amp;word=pratana\" target=\"_blank\" rel=\"noreferrer noopener\"> linkki \u0161ana-artikkelih pratana <\/a><\/p>\n\n\n\n<p><strong>Kaveri<\/strong>: <a href=\"https:\/\/kaino.kotus.fi\/kks\/?p=qs-article&amp;kks_id=KKS_733c083356f16735c284e5054f35d3f9&amp;word=kaveri:I&amp;list_id=1&amp;keyword=kaveri\" target=\"_blank\" rel=\"noreferrer noopener\">linkki \u0161ana-artikkelih kaveri<\/a><\/p>\n\n\n\n<p><strong>Truuku, druugu<\/strong>: <a href=\"https:\/\/kaino.kotus.fi\/kks\/?p=qs-article&amp;kks_id=KKS_35fd9561c57646a0c261b8632f936ce8&amp;list_id=1&amp;keyword=truuku&amp;word=truuku\" target=\"_blank\" rel=\"noreferrer noopener\">linkki \u0161ana-artikkelih truuku<\/a><\/p>\n\n\n\n<p><strong>Potru\u0161ka<\/strong>, <strong>potruuka<\/strong>, <strong>podruugu<\/strong>: <a href=\"https:\/\/kaino.kotus.fi\/kks\/?p=qs-article&amp;kks_id=KKS_35c5950e7088e9b122c7dae32ba95a14&amp;word=potruuka:II&amp;list_id=2&amp;keyword=potruuka\">linkki \u0161ana-artikkelih potruuka<\/a><\/p>\n\n\n\n<p><strong>Prijuateli<\/strong>, <strong>prijuatel&#8217;a<\/strong>: <a href=\"https:\/\/kaino.kotus.fi\/kks\/?p=qs-article&amp;kks_id=KKS_9e5c77436f522629732ef3cf73e68b1a&amp;list_id=1&amp;keyword=prijoate%C4%BAa&amp;word=prijoate%C4%BAa\">linkki \u0161ana-artikkelih prijoateli<\/a><\/p>\n\n\n\n<p><strong>Velli<\/strong>, <strong>vellini, velline<\/strong>: <a href=\"https:\/\/kaino.kotus.fi\/kks\/?p=qs-article&amp;kks_id=KKS_b0189a69275a7065444cddd041c4d03a&amp;list_id=1&amp;keyword=velji&amp;word=velji\" target=\"_blank\" rel=\"noreferrer noopener\">linkki \u0161ana-artikkelih velji<\/a><\/p>\n\n\n\n<p><strong>Pyh\u00e4velli<\/strong>: <a href=\"https:\/\/kaino.kotus.fi\/kks\/?p=qs-article&amp;kks_id=KKS_563536b85b97b6a2dc3fe1a7c56c683e&amp;list_id=1&amp;keyword=pyh%C3%A4velji&amp;word=pyh%C3%A4velji\" target=\"_blank\" rel=\"noreferrer noopener\">linkki \u0161ana-artikkelih pyh\u00e4velji<\/a><\/p>\n\n\n\n<p><strong>Ristivelli<\/strong>: <a href=\"https:\/\/kaino.kotus.fi\/kks\/?p=qs-article&amp;kks_id=KKS_84e60da4d00c93fa84350f881688b8b0&amp;list_id=1&amp;keyword=ristivelji&amp;word=ristivelji\" target=\"_blank\" rel=\"noreferrer noopener\">linkki \u0161ana-artikkelih ristivelji<\/a><\/p>\n\n\n\n<p><strong>Veikko, veikkoni, veikkone, veikkoine<\/strong>: <a href=\"https:\/\/kaino.kotus.fi\/kks\/?p=qs-article&amp;kks_id=KKS_2335f7d31372105b701df078375f82a1&amp;list_id=1&amp;keyword=veikkoine&amp;word=veikkoine\" target=\"_blank\" rel=\"noreferrer noopener\">linkki \u0161ana-artikkelih veikkoine<\/a><\/p>\n\n\n\n<p><strong>\u010cikko, \u010dikkoni, \u010dikkone<\/strong>: <a href=\"https:\/\/kaino.kotus.fi\/kks\/?p=article&amp;kks_id=KKS_fe99e68c61ec06f3782549f3bee82f9d&amp;word=t%C5%A1ikkoine&amp;list_id=75599\" target=\"_blank\" rel=\"noreferrer noopener\">linkki \u0161ana-artikkelih t\u0161ikkoine<\/a><\/p>\n\n\n\n<p><strong>Kumppali<\/strong>: <a href=\"https:\/\/kaino.kotus.fi\/kks\/?p=qs-article&amp;kks_id=KKS_34471a5f141ee2348460ee45b67a1ed1&amp;list_id=1&amp;keyword=kamroatti&amp;word=kamroatti\" target=\"_blank\" rel=\"noreferrer noopener\">linkki \u0161ana-artikkelih kumppali<\/a><\/p>\n\n\n\n<p><strong>Kamu<\/strong>: <a href=\"https:\/\/kaino.kotus.fi\/kks\/?p=qs-article&amp;kks_id=KKS_19ea4f6474a7c8285d8cf47ac5b8180d&amp;word=kamu:II&amp;list_id=2&amp;keyword=kamu\" target=\"_blank\" rel=\"noreferrer noopener\">linkki \u0161ana-artikkelih kamu<\/a><\/p>\n\n\n\n<p><strong>Kamruatti<\/strong>: <a href=\"https:\/\/kaino.kotus.fi\/kks\/?p=qs-article&amp;kks_id=KKS_34471a5f141ee2348460ee45b67a1ed1&amp;list_id=1&amp;keyword=kamroatti&amp;word=kamroatti\" target=\"_blank\" rel=\"noreferrer noopener\">linkki \u0161ana-artikkelih kamroatti<\/a><\/p>\n\n\n\n<p><\/p>\n\n\n\n<h2 class=\"wp-block-heading\">Y\u0161t\u00e4v\u00e4np\u00e4iv\u00e4n \u0161anavakkani (vienankarjala-suomi)<\/h2>\n\n\n\n<p>\u0160anavakkase\u0161ta l\u00f6yv\u00e4t kaikenluatuista \u0161anua ta virkeht\u00e4, mit liityt\u00e4h yhe\u0161\u0161\u00e4 olentah ta y\u0161t\u00e4vy\u00f6h.<\/p>\n\n\n\n<p>y\u0161t\u00e4v\u00e4 (<em>y\u0161t\u00e4v\u00e4n, y\u0161t\u00e4vy\u00e4<\/em>); tovarissa (<em>tovarissan, tovarissua<\/em>) \u2013 yst\u00e4v\u00e4; kaveri, kumppani<\/p>\n\n\n\n<p><em>Miula on \u00e4ij\u00e4 hyvy\u00e4 tovarissua<\/em>.<\/p>\n\n\n\n<p>y\u0161t\u00e4vy\u0161 (<em>y\u0161t\u00e4vy\u00f6n, y\u0161t\u00e4vytt\u00e4<\/em>) \u2013 yst\u00e4vyys <\/p>\n\n\n\n<p>n\u00e4keyty\u00f6 (<em>n\u00e4keyvyn, n\u00e4keytyy, n\u00e4keyvyt\u00e4h<\/em>) \u2013 tavata<\/p>\n\n\n\n<p>rikeneh \u2013 usein<\/p>\n\n\n\n<p><em>El\u00e4mm\u00e4 l\u00e4hekk\u00e4h ta rikeneh n\u00e4keyvymm\u00e4 y\u0161t\u00e4v\u00e4n kera.<\/em><\/p>\n\n\n\n<p>muistua (<em>muissan, muistau, muissetah<\/em>) \u2013 muistaa<\/p>\n\n\n\n<p><em>Muissan \u0161ilma. On \u0161e mukava, kon\u0161a muissetah. Passipuo muistamua!<\/em><\/p>\n\n\n\n<p>smiettie (<em>smietin, smiettiy, smietit\u00e4h<\/em>) \u2013 ajatella <\/p>\n\n\n\n<p><em>Smietitk\u00f6 \u0161ie milma?<\/em><\/p>\n\n\n\n<p>u\u0161kuo (<em>u\u0161on, u\u0161kou, u\u0161otah)<\/em> \u2013 uskoa, luottaa<\/p>\n\n\n\n<p><em>U\u0161omma toini toiseh.<\/em><\/p>\n\n\n\n<p>ik\u00e4v\u00f6ij\u00e4 (<em>ik\u00e4v\u00f6i\u010den, ik\u00e4v\u00f6i\u010d\u010d\u00f6y, ik\u00e4v\u00f6ij\u00e4h<\/em>) \u2013 ik\u00e4v\u00f6id\u00e4<\/p>\n\n\n\n<p><em>Rupien ik\u00e4v\u00f6im\u00e4h mi\u00e4n yhtehisie kotvasie.<\/em> <em>El\u00e4 ik\u00e4v\u00f6i\u010de en\u00e4mpi, kohta n\u00e4keyvymm\u00e4!<\/em><\/p>\n\n\n\n<p>ku\u010d\u010duo (<em>ku\u010dun, ku\u010d\u010duu, ku\u010dutah<\/em>) \u2013 kutsua<\/p>\n\n\n\n<p>kostissa, kostista, kostih \u2013 kyl\u00e4ss\u00e4, kyl\u00e4st\u00e4, kyl\u00e4\u00e4n<\/p>\n\n\n\n<p><em>Y\u0161t\u00e4v\u00e4 ku\u010d\u010duu mi\u00e4t kostih.<\/em><\/p>\n\n\n\n<p>\u0161ev\u00e4t\u00e4 (<em>\u0161epy\u00e4n, \u0161epy\u00e4y, \u0161ev\u00e4t\u00e4h<\/em>) \u2013 halata<\/p>\n\n\n\n<p><em>\u0160ev\u00e4kk\u00e4 my\u00f6!<\/em> \u2018Halataan!\u2019<\/p>\n\n\n\n<p>\u0161epy\u00e4ll\u00e4 (<em>\u0161epy\u00e4len, \u0161epy\u00e4l\u00f6y, \u0161epy\u00e4ll\u00e4h<\/em>) \u2013 halailla, syleill\u00e4<\/p>\n\n\n\n<p>kaiki\u010d\u010di \u2013 aina<\/p>\n\n\n\n<p><em>Hy\u00f6 kaiki\u010d\u010di \u0161epy\u00e4ll\u00e4h.<\/em><\/p>\n\n\n\n<p>\u0161ep\u00e4y\u0161 \u2013 halaus. <em>L\u00e4mmin \u0161ep\u00e4y\u0161<\/em>.<\/p>\n\n\n\n<p>paissa (pakajan, pakajau, paissah) \u2013 puhua, keskustella<\/p>\n\n\n\n<p><em>Paiska my\u00f6!<\/em> \u2018Puhutaan!\u2019<\/p>\n\n\n\n<p>my\u00f6t\u00e4h\u00e4\u0161 \u2013 my\u00f6t\u00e4\u00e4ns\u00e4, alinomaa<\/p>\n\n\n\n<p><em>My\u00f6t\u00e4h\u00e4\u0161 pakajamma videoyhtevy\u00f6n kautti. Mi\u00e4n pakinat ka\u010do ei loputa.<\/em><\/p>\n\n\n\n<p>paissa p\u00e4lp\u00e4tty\u00e4 (<em>p\u00e4lp\u00e4t\u00e4n, p\u00e4lp\u00e4tt\u00e4y, p\u00e4lp\u00e4tet\u00e4h<\/em>) \u2013 rupatella<\/p>\n\n\n\n<p>istuo (<em>issun, istuu, issutah<\/em>) \u2013 istua <\/p>\n\n\n\n<p>hil&#8217;l&#8217;ua \u2013 hiljaa<\/p>\n\n\n\n<p>toi\u010d\u010di \u2013 joskus<\/p>\n\n\n\n<p>hil\u2019l\u2019asu\u0161 (<em>hil\u2019l\u2019asuon, hil\u2019l\u2019asutta<\/em>) \u2013 hiljaisuus<\/p>\n\n\n\n<p><em>Toi\u010d\u010di paissa p\u00e4lp\u00e4t\u00e4mm\u00e4, toi\u010d\u010di issumma hil\u2019l\u2019ua ta kuuntelemma hil\u2019l\u2019asutta, kon\u0161a kuin.<\/em><\/p>\n\n\n\n<p>nakrua (<em>nakran, nakrau, nakretah<\/em>) \u2013 nauraa<\/p>\n\n\n\n<p>muhie (<em>muhin, muhiu, muhitah<\/em>) \u2013 hymyill\u00e4<\/p>\n\n\n\n<p><em>Hi\u00e4n vain muhiu, a hy\u00f6 nakretah.<\/em><\/p>\n\n\n\n<p>yhe\u0161\u0161\u00e4 \u2013 yhdess\u00e4<\/p>\n\n\n\n<p>ruatua (<em>ruan, ruatau, ruatah<\/em>) \u2013 tehd\u00e4<\/p>\n\n\n\n<p><em>Kon\u0161a mit\u00e4ki yhe\u0161\u0161\u00e4 ruamma.<\/em><\/p>\n\n\n\n<p>itkie (<em>iten, itk\u00f6y, itet\u00e4h<\/em>) \u2013 itke\u00e4<\/p>\n\n\n\n<p>tai \u2013 my\u00f6s, sek\u00e4<\/p>\n\n\n\n<p><em>Nakramma tai itemm\u00e4<\/em>.<\/p>\n\n\n\n<p>hellie (<em>hellie, helliy, hellit\u00e4h<\/em>) \u2013 helli\u00e4, hemmotella<\/p>\n\n\n\n<p>\u0161ulata (<em>\u0161uluan, \u0161uluau, \u0161ulatah<\/em>) \u2013 lohduttaa<\/p>\n\n\n\n<p><em>Mill\u00e4 mielen \u0161uluasin? Hyv\u00e4 \u0161ana mielen \u0161uluau<\/em>.<\/p>\n\n\n\n<p>hyvitt\u00e4\u00e4 (<em>hyvit\u00e4n, hyvitt\u00e4y, hyvitet\u00e4h<\/em>) \u2013 lohduttaa, auttaa, ilahduttaa<\/p>\n\n\n\n<p>\u00e4ij\u00e4lti \u2013 paljon, suuresti, kovasti<\/p>\n\n\n\n<p><em>\u00c4ij\u00e4lti hyvitit, kun viestie miula ty\u00f6nsit.<\/em><\/p>\n\n\n\n<p>pity\u00e4 huolta<em> (pien, pit\u00e4y, piet\u00e4h) <\/em>\u2013 pit\u00e4\u00e4 huolta<\/p>\n\n\n\n<p><em>Pit\u00e4kky\u00e4 huolta toisistana!<\/em><\/p>\n\n\n\n<p>arma\u0161 (<em>armahan, arma\u0161ta<\/em>) \u2013 rakas. <em>Armahat y\u0161t\u00e4v\u00e4t.<\/em><\/p>\n\n\n\n<p>para\u0161 (<em>parahan, para\u0161ta<\/em>) \u2013 paras. <em>Parahat tovarissat<\/em>.<\/p>\n\n\n\n<p>kullankarvani (<em>kullankarvasen, kullankarvaista<\/em>) \u2013 eritt\u00e4in hyv\u00e4, erinomainen, mainio<\/p>\n\n\n\n<p><em>Kullankarvani y\u0161t\u00e4v\u00e4.<\/em><\/p>\n\n\n\n<p>\u0161yv\u00e4in (<em>\u0161yt\u00e4men, \u0161yv\u00e4int\u00e4<\/em>) \u2013 syd\u00e4n <\/p>\n\n\n\n<p>hyv\u00e4\u0161i\u00e4mini (<em>hyv\u00e4\u0161i\u00e4misen, hyv\u00e4\u0161i\u00e4mist\u00e4<\/em>) \u2013 hyv\u00e4syd\u00e4minen<\/p>\n\n\n\n<p>arma\u0161tua (<em>arma\u0161\u0161an, arma\u0161tau, arma\u0161\u0161etah<\/em>) \u2013 rakastaa, hyv\u00e4ill\u00e4<\/p>\n\n\n\n<p><em>Mie \u0161ilma arma\u0161\u0161an<\/em>.<\/p>\n\n\n\n<p>miele\u0161\u0161\u00e4piett\u00e4v\u00e4 (<em>miele\u0161\u0161\u00e4piett\u00e4v\u00e4n, miele\u0161\u0161\u00e4piett\u00e4vy\u00e4<\/em>) \u2013 rakas, rakastettu<\/p>\n\n\n\n<p>\u0161uvaija (<em>\u0161uvai\u010den, \u0161uvai\u010d\u010dou, \u0161uvaijah<\/em>) \u2013 pit\u00e4\u00e4, v\u00e4litt\u00e4\u00e4, rakastaa<\/p>\n\n\n\n<p><em>En pie enk\u00e4 \u0161uvai\u010de t\u00e4t\u00e4 pruasniekkua.<\/em><\/p>\n\n\n\n<p>antua n\u2019okkua \u2013 hieroa nen\u00e4np\u00e4it\u00e4; suudella.<\/p>\n\n\n\n<p><em>Annatko n\u2019okkua?<\/em><\/p>\n\n\n\n<p>\u0161uula\u0161tua (<em>\u0161uula\u0161\u0161an, \u0161uula\u0161tau, \u0161uula\u0161\u0161etah<\/em>) \u2013 suudella<\/p>\n\n\n\n<p><em>Kino\u0161\u0161a \u0161uula\u0161\u0161ettih.<\/em><\/p>\n\n\n\n<p>\u010dukkie (<em>\u010dukin, \u010dukkiu, \u010dukitah<\/em>) \u2013 pussata<\/p>\n\n\n\n<p>lento\u010dukka \u2013 lentosuukko<\/p>\n\n\n\n<p>ty\u00f6nty\u00e4 (<em>ty\u00f6nn\u00e4n, ty\u00f6nt\u00e4y, ty\u00f6nnet\u00e4h<\/em>) \u2013 l\u00e4hett\u00e4\u00e4, heitt\u00e4\u00e4. <\/p>\n\n\n\n<p><em>Ty\u00f6nty\u00e4 tervehyisie<\/em> \u2018l\u00e4hett\u00e4\u00e4 terveisi\u00e4\u2019; <em>ty\u00f6nty\u00e4 lento\u010dukka<\/em> \u2018heitt\u00e4\u00e4 lentosuukko\u2019<\/p>\n\n\n\n<p>viesti (viessin, viestie) \u2013 viesti<\/p>\n\n\n\n<p><em>Ty\u00f6nn\u00e4n viessin y\u0161t\u00e4v\u00e4ll\u00e4.<\/em><\/p>\n\n\n\n<p>kirjani (<em>kirjasen, kirjaista<\/em>) \u2013 kirje<\/p>\n\n\n\n<p>hyvittelykortti (<em>kortin, korttie<\/em>) \u2013 onnittelukortti<\/p>\n\n\n\n<p><em>Hyvittelen y\u0161t\u00e4vie kortilla.<\/em><\/p>\n\n\n\n<p class=\"has-text-align-center\"><em>Hyvy\u00e4 y\u0161t\u00e4v\u00e4np\u00e4ivy\u00e4! \u2013 Hyvi\u00e4 yst\u00e4v\u00e4np\u00e4ivi\u00e4!<\/em><\/p>\n\n\n\n<p class=\"has-text-align-center\"><em>Hyvy\u00e4 miele\u0161\u0161\u00e4piett\u00e4vien p\u00e4ivy\u00e4! \u2013 Hyvi\u00e4 mieless\u00e4piett\u00e4vien p\u00e4ivi\u00e4!<\/em> <em>\u2013<\/em> <em>Hyvi\u00e4 mielespiett\u00e4vien p\u00e4ivi\u00e4!<\/em><\/p>\n\n\n\n<p><\/p>\n\n\n\n<figure class=\"wp-block-image size-large is-resized\"><img loading=\"lazy\" decoding=\"async\" width=\"679\" height=\"1024\" src=\"https:\/\/blogs.uef.fi\/karjalanelvytys\/wp-content\/uploads\/sites\/155\/2024\/02\/Valentininpaiva_SirpaM-679x1024.jpg\" alt=\"Yst\u00e4v\u00e4np\u00e4iv\u00e4. Syd\u00e4n.\" class=\"wp-image-15837\" style=\"width:410px;height:auto\" srcset=\"https:\/\/blogs.uef.fi\/karjalanelvytys\/wp-content\/uploads\/sites\/155\/2024\/02\/Valentininpaiva_SirpaM-679x1024.jpg 679w, https:\/\/blogs.uef.fi\/karjalanelvytys\/wp-content\/uploads\/sites\/155\/2024\/02\/Valentininpaiva_SirpaM-199x300.jpg 199w, https:\/\/blogs.uef.fi\/karjalanelvytys\/wp-content\/uploads\/sites\/155\/2024\/02\/Valentininpaiva_SirpaM-768x1159.jpg 768w, https:\/\/blogs.uef.fi\/karjalanelvytys\/wp-content\/uploads\/sites\/155\/2024\/02\/Valentininpaiva_SirpaM-1018x1536.jpg 1018w, https:\/\/blogs.uef.fi\/karjalanelvytys\/wp-content\/uploads\/sites\/155\/2024\/02\/Valentininpaiva_SirpaM-1358x2048.jpg 1358w, https:\/\/blogs.uef.fi\/karjalanelvytys\/wp-content\/uploads\/sites\/155\/2024\/02\/Valentininpaiva_SirpaM-scaled.jpg 1697w\" sizes=\"auto, (max-width: 679px) 100vw, 679px\" \/><figcaption class=\"wp-element-caption\">Kuva: Sirpa M\u00e4nty<\/figcaption><\/figure>\n\n\n\n<p><\/p>\n","protected":false},"excerpt":{"rendered":"<p>\u0160ana\u0161toruavon luatin: Olga Karlova Karjalan kielen elvyty\u0161projekti 2023\u20132024 P\u00e4iv\u00e4nnou\u0161u-\u0160uomen yliopisto Y\u0161t\u00e4vy\u00e4 merki\u010d\u010dijy\u00e4 \u0161anua karjalan kielen eri murtehissa Alahampana l\u00f6yv\u00e4t \u00e4ij\u00e4lti y\u0161t\u00e4v\u00e4-\u0161anua, voit tuttavu\u0161tuo niijen merkityk\u0161ih ta k\u00e4ytt\u00f6h karjalan kielen eri murtehissa. Linkit juohatetah \u0161ilma Karjalan kielen \u0161anakirjan \u0161ana-artikkeliloih. Karjalan kielen verkko\u0161anakirjan mukah Y\u0161t\u00e4v\u00e4, yst\u00e4v\u00e4, yst\u00e4vy: linkki \u0161ana-artikkelih yst\u00e4v\u00e4 Tovarissa, dovari\u0161\u0161u: linkki \u0161ana-artikkelih tovarissa Pratana, bratana, [&hellip;]<\/p>\n","protected":false},"author":480,"featured_media":0,"parent":0,"menu_order":0,"comment_status":"closed","ping_status":"closed","template":"","meta":{"_acf_changed":false,"footnotes":""},"class_list":["post-15805","page","type-page","status-publish","hentry"],"acf":[],"yoast_head":"<!-- This site is optimized with the Yoast SEO plugin v27.1.1 - https:\/\/yoast.com\/product\/yoast-seo-wordpress\/ -->\n<title>Yst\u00e4v\u00e4np\u00e4iv\u00e4n sanasto karjalaksi - Karjalan kielen elvytt\u00e4minen<\/title>\n<meta name=\"robots\" content=\"index, follow, max-snippet:-1, max-image-preview:large, max-video-preview:-1\" \/>\n<link rel=\"canonical\" href=\"https:\/\/blogs.uef.fi\/karjalanelvytys\/ystavanpaivan-sanasto\/\" \/>\n<meta property=\"og:locale\" content=\"fi_FI\" \/>\n<meta property=\"og:type\" content=\"article\" \/>\n<meta property=\"og:title\" content=\"Yst\u00e4v\u00e4np\u00e4iv\u00e4n sanasto karjalaksi - Karjalan kielen elvytt\u00e4minen\" \/>\n<meta property=\"og:description\" content=\"\u0160ana\u0161toruavon luatin: Olga Karlova Karjalan kielen elvyty\u0161projekti 2023\u20132024 P\u00e4iv\u00e4nnou\u0161u-\u0160uomen yliopisto Y\u0161t\u00e4vy\u00e4 merki\u010d\u010dijy\u00e4 \u0161anua karjalan kielen eri murtehissa Alahampana l\u00f6yv\u00e4t \u00e4ij\u00e4lti y\u0161t\u00e4v\u00e4-\u0161anua, voit tuttavu\u0161tuo niijen merkityk\u0161ih ta k\u00e4ytt\u00f6h karjalan kielen eri murtehissa. Linkit juohatetah \u0161ilma Karjalan kielen \u0161anakirjan \u0161ana-artikkeliloih. Karjalan kielen verkko\u0161anakirjan mukah Y\u0161t\u00e4v\u00e4, yst\u00e4v\u00e4, yst\u00e4vy: linkki \u0161ana-artikkelih yst\u00e4v\u00e4 Tovarissa, dovari\u0161\u0161u: linkki \u0161ana-artikkelih tovarissa Pratana, bratana, [&hellip;]\" \/>\n<meta property=\"og:url\" content=\"https:\/\/blogs.uef.fi\/karjalanelvytys\/ystavanpaivan-sanasto\/\" \/>\n<meta property=\"og:site_name\" content=\"Karjalan kielen elvytt\u00e4minen\" \/>\n<meta property=\"article:modified_time\" content=\"2024-03-13T12:04:24+00:00\" \/>\n<meta property=\"og:image\" content=\"https:\/\/blogs.uef.fi\/karjalanelvytys\/wp-content\/uploads\/sites\/155\/2024\/02\/Valentininpaiva_SirpaM-679x1024.jpg\" \/>\n<meta name=\"twitter:card\" content=\"summary_large_image\" \/>\n<meta name=\"twitter:label1\" content=\"Arvioitu lukuaika\" \/>\n\t<meta name=\"twitter:data1\" content=\"4 minuuttia\" \/>\n<script type=\"application\/ld+json\" class=\"yoast-schema-graph\">{\"@context\":\"https:\/\/schema.org\",\"@graph\":[{\"@type\":\"WebPage\",\"@id\":\"https:\/\/blogs.uef.fi\/karjalanelvytys\/ystavanpaivan-sanasto\/\",\"url\":\"https:\/\/blogs.uef.fi\/karjalanelvytys\/ystavanpaivan-sanasto\/\",\"name\":\"Yst\u00e4v\u00e4np\u00e4iv\u00e4n sanasto karjalaksi - Karjalan kielen elvytt\u00e4minen\",\"isPartOf\":{\"@id\":\"https:\/\/blogs.uef.fi\/karjalanelvytys\/#website\"},\"primaryImageOfPage\":{\"@id\":\"https:\/\/blogs.uef.fi\/karjalanelvytys\/ystavanpaivan-sanasto\/#primaryimage\"},\"image\":{\"@id\":\"https:\/\/blogs.uef.fi\/karjalanelvytys\/ystavanpaivan-sanasto\/#primaryimage\"},\"thumbnailUrl\":\"https:\/\/blogs.uef.fi\/karjalanelvytys\/wp-content\/uploads\/sites\/155\/2024\/02\/Valentininpaiva_SirpaM-679x1024.jpg\",\"datePublished\":\"2024-02-13T09:08:55+00:00\",\"dateModified\":\"2024-03-13T12:04:24+00:00\",\"breadcrumb\":{\"@id\":\"https:\/\/blogs.uef.fi\/karjalanelvytys\/ystavanpaivan-sanasto\/#breadcrumb\"},\"inLanguage\":\"fi\",\"potentialAction\":[{\"@type\":\"ReadAction\",\"target\":[\"https:\/\/blogs.uef.fi\/karjalanelvytys\/ystavanpaivan-sanasto\/\"]}]},{\"@type\":\"ImageObject\",\"inLanguage\":\"fi\",\"@id\":\"https:\/\/blogs.uef.fi\/karjalanelvytys\/ystavanpaivan-sanasto\/#primaryimage\",\"url\":\"https:\/\/blogs.uef.fi\/karjalanelvytys\/wp-content\/uploads\/sites\/155\/2024\/02\/Valentininpaiva_SirpaM-scaled.jpg\",\"contentUrl\":\"https:\/\/blogs.uef.fi\/karjalanelvytys\/wp-content\/uploads\/sites\/155\/2024\/02\/Valentininpaiva_SirpaM-scaled.jpg\",\"width\":1697,\"height\":2560,\"caption\":\"Yst\u00e4v\u00e4np\u00e4iv\u00e4. Syd\u00e4n.\"},{\"@type\":\"BreadcrumbList\",\"@id\":\"https:\/\/blogs.uef.fi\/karjalanelvytys\/ystavanpaivan-sanasto\/#breadcrumb\",\"itemListElement\":[{\"@type\":\"ListItem\",\"position\":1,\"name\":\"Home\",\"item\":\"https:\/\/blogs.uef.fi\/karjalanelvytys\/\"},{\"@type\":\"ListItem\",\"position\":2,\"name\":\"Yst\u00e4v\u00e4np\u00e4iv\u00e4n sanasto karjalaksi\"}]},{\"@type\":\"WebSite\",\"@id\":\"https:\/\/blogs.uef.fi\/karjalanelvytys\/#website\",\"url\":\"https:\/\/blogs.uef.fi\/karjalanelvytys\/\",\"name\":\"Karjalan kielen elvytt\u00e4minen\",\"description\":\"\",\"potentialAction\":[{\"@type\":\"SearchAction\",\"target\":{\"@type\":\"EntryPoint\",\"urlTemplate\":\"https:\/\/blogs.uef.fi\/karjalanelvytys\/?s={search_term_string}\"},\"query-input\":{\"@type\":\"PropertyValueSpecification\",\"valueRequired\":true,\"valueName\":\"search_term_string\"}}],\"inLanguage\":\"fi\"}]}<\/script>\n<!-- \/ Yoast SEO plugin. -->","yoast_head_json":{"title":"Yst\u00e4v\u00e4np\u00e4iv\u00e4n sanasto karjalaksi - Karjalan kielen elvytt\u00e4minen","robots":{"index":"index","follow":"follow","max-snippet":"max-snippet:-1","max-image-preview":"max-image-preview:large","max-video-preview":"max-video-preview:-1"},"canonical":"https:\/\/blogs.uef.fi\/karjalanelvytys\/ystavanpaivan-sanasto\/","og_locale":"fi_FI","og_type":"article","og_title":"Yst\u00e4v\u00e4np\u00e4iv\u00e4n sanasto karjalaksi - Karjalan kielen elvytt\u00e4minen","og_description":"\u0160ana\u0161toruavon luatin: Olga Karlova Karjalan kielen elvyty\u0161projekti 2023\u20132024 P\u00e4iv\u00e4nnou\u0161u-\u0160uomen yliopisto Y\u0161t\u00e4vy\u00e4 merki\u010d\u010dijy\u00e4 \u0161anua karjalan kielen eri murtehissa Alahampana l\u00f6yv\u00e4t \u00e4ij\u00e4lti y\u0161t\u00e4v\u00e4-\u0161anua, voit tuttavu\u0161tuo niijen merkityk\u0161ih ta k\u00e4ytt\u00f6h karjalan kielen eri murtehissa. Linkit juohatetah \u0161ilma Karjalan kielen \u0161anakirjan \u0161ana-artikkeliloih. Karjalan kielen verkko\u0161anakirjan mukah Y\u0161t\u00e4v\u00e4, yst\u00e4v\u00e4, yst\u00e4vy: linkki \u0161ana-artikkelih yst\u00e4v\u00e4 Tovarissa, dovari\u0161\u0161u: linkki \u0161ana-artikkelih tovarissa Pratana, bratana, [&hellip;]","og_url":"https:\/\/blogs.uef.fi\/karjalanelvytys\/ystavanpaivan-sanasto\/","og_site_name":"Karjalan kielen elvytt\u00e4minen","article_modified_time":"2024-03-13T12:04:24+00:00","og_image":[{"url":"https:\/\/blogs.uef.fi\/karjalanelvytys\/wp-content\/uploads\/sites\/155\/2024\/02\/Valentininpaiva_SirpaM-679x1024.jpg","type":"","width":"","height":""}],"twitter_card":"summary_large_image","twitter_misc":{"Arvioitu lukuaika":"4 minuuttia"},"schema":{"@context":"https:\/\/schema.org","@graph":[{"@type":"WebPage","@id":"https:\/\/blogs.uef.fi\/karjalanelvytys\/ystavanpaivan-sanasto\/","url":"https:\/\/blogs.uef.fi\/karjalanelvytys\/ystavanpaivan-sanasto\/","name":"Yst\u00e4v\u00e4np\u00e4iv\u00e4n sanasto karjalaksi - Karjalan kielen elvytt\u00e4minen","isPartOf":{"@id":"https:\/\/blogs.uef.fi\/karjalanelvytys\/#website"},"primaryImageOfPage":{"@id":"https:\/\/blogs.uef.fi\/karjalanelvytys\/ystavanpaivan-sanasto\/#primaryimage"},"image":{"@id":"https:\/\/blogs.uef.fi\/karjalanelvytys\/ystavanpaivan-sanasto\/#primaryimage"},"thumbnailUrl":"https:\/\/blogs.uef.fi\/karjalanelvytys\/wp-content\/uploads\/sites\/155\/2024\/02\/Valentininpaiva_SirpaM-679x1024.jpg","datePublished":"2024-02-13T09:08:55+00:00","dateModified":"2024-03-13T12:04:24+00:00","breadcrumb":{"@id":"https:\/\/blogs.uef.fi\/karjalanelvytys\/ystavanpaivan-sanasto\/#breadcrumb"},"inLanguage":"fi","potentialAction":[{"@type":"ReadAction","target":["https:\/\/blogs.uef.fi\/karjalanelvytys\/ystavanpaivan-sanasto\/"]}]},{"@type":"ImageObject","inLanguage":"fi","@id":"https:\/\/blogs.uef.fi\/karjalanelvytys\/ystavanpaivan-sanasto\/#primaryimage","url":"https:\/\/blogs.uef.fi\/karjalanelvytys\/wp-content\/uploads\/sites\/155\/2024\/02\/Valentininpaiva_SirpaM-scaled.jpg","contentUrl":"https:\/\/blogs.uef.fi\/karjalanelvytys\/wp-content\/uploads\/sites\/155\/2024\/02\/Valentininpaiva_SirpaM-scaled.jpg","width":1697,"height":2560,"caption":"Yst\u00e4v\u00e4np\u00e4iv\u00e4. Syd\u00e4n."},{"@type":"BreadcrumbList","@id":"https:\/\/blogs.uef.fi\/karjalanelvytys\/ystavanpaivan-sanasto\/#breadcrumb","itemListElement":[{"@type":"ListItem","position":1,"name":"Home","item":"https:\/\/blogs.uef.fi\/karjalanelvytys\/"},{"@type":"ListItem","position":2,"name":"Yst\u00e4v\u00e4np\u00e4iv\u00e4n sanasto karjalaksi"}]},{"@type":"WebSite","@id":"https:\/\/blogs.uef.fi\/karjalanelvytys\/#website","url":"https:\/\/blogs.uef.fi\/karjalanelvytys\/","name":"Karjalan kielen elvytt\u00e4minen","description":"","potentialAction":[{"@type":"SearchAction","target":{"@type":"EntryPoint","urlTemplate":"https:\/\/blogs.uef.fi\/karjalanelvytys\/?s={search_term_string}"},"query-input":{"@type":"PropertyValueSpecification","valueRequired":true,"valueName":"search_term_string"}}],"inLanguage":"fi"}]}},"_links":{"self":[{"href":"https:\/\/blogs.uef.fi\/karjalanelvytys\/wp-json\/wp\/v2\/pages\/15805","targetHints":{"allow":["GET"]}}],"collection":[{"href":"https:\/\/blogs.uef.fi\/karjalanelvytys\/wp-json\/wp\/v2\/pages"}],"about":[{"href":"https:\/\/blogs.uef.fi\/karjalanelvytys\/wp-json\/wp\/v2\/types\/page"}],"author":[{"embeddable":true,"href":"https:\/\/blogs.uef.fi\/karjalanelvytys\/wp-json\/wp\/v2\/users\/480"}],"replies":[{"embeddable":true,"href":"https:\/\/blogs.uef.fi\/karjalanelvytys\/wp-json\/wp\/v2\/comments?post=15805"}],"version-history":[{"count":1,"href":"https:\/\/blogs.uef.fi\/karjalanelvytys\/wp-json\/wp\/v2\/pages\/15805\/revisions"}],"predecessor-version":[{"id":16828,"href":"https:\/\/blogs.uef.fi\/karjalanelvytys\/wp-json\/wp\/v2\/pages\/15805\/revisions\/16828"}],"wp:attachment":[{"href":"https:\/\/blogs.uef.fi\/karjalanelvytys\/wp-json\/wp\/v2\/media?parent=15805"}],"curies":[{"name":"wp","href":"https:\/\/api.w.org\/{rel}","templated":true}]}}