{"id":15751,"date":"2024-02-12T16:22:56","date_gmt":"2024-02-12T14:22:56","guid":{"rendered":"https:\/\/blogs.uef.fi\/karjalanelvytys\/?page_id=15751"},"modified":"2026-01-20T16:28:36","modified_gmt":"2026-01-20T14:28:36","slug":"mandymaen-kylan-nimisto","status":"publish","type":"page","link":"https:\/\/blogs.uef.fi\/karjalanelvytys\/mandymaen-kylan-nimisto\/","title":{"rendered":"M\u00e4ndym\u00e4en nimist\u00f6"},"content":{"rendered":"\n<p>Luatin <strong>Ravan Elena \/ Elena Rapa<\/strong> Karjalaini nimiss\u00f6ntutkimu\u0161 -kur\u0161\u0161illa opa\u0161\u0161u\u0161vuotena 2023\u201324 <\/p>\n\n\n\n<p>P\u00e4iv\u00e4nnou\u0161u-\u0160uomen yliopisto<\/p>\n\n\n\n<p>Karjalan kielen elvyty\u0161projekti<\/p>\n\n\n\n<p><\/p>\n\n\n\n<h2 class=\"wp-block-heading\">M\u00e4ndym\u00e4en kyl\u00e4<\/h2>\n\n\n\n<figure class=\"wp-block-image size-large is-resized\"><img loading=\"lazy\" decoding=\"async\" width=\"1024\" height=\"769\" src=\"https:\/\/blogs.uef.fi\/karjalanelvytys\/wp-content\/uploads\/sites\/155\/2024\/02\/kartta_Mandymagi_Elena-Rapa-1024x769.jpg\" alt=\"\" class=\"wp-image-15754\" style=\"width:718px;height:auto\" srcset=\"https:\/\/blogs.uef.fi\/karjalanelvytys\/wp-content\/uploads\/sites\/155\/2024\/02\/kartta_Mandymagi_Elena-Rapa-1024x769.jpg 1024w, https:\/\/blogs.uef.fi\/karjalanelvytys\/wp-content\/uploads\/sites\/155\/2024\/02\/kartta_Mandymagi_Elena-Rapa-300x225.jpg 300w, https:\/\/blogs.uef.fi\/karjalanelvytys\/wp-content\/uploads\/sites\/155\/2024\/02\/kartta_Mandymagi_Elena-Rapa-768x577.jpg 768w, https:\/\/blogs.uef.fi\/karjalanelvytys\/wp-content\/uploads\/sites\/155\/2024\/02\/kartta_Mandymagi_Elena-Rapa-1536x1153.jpg 1536w, https:\/\/blogs.uef.fi\/karjalanelvytys\/wp-content\/uploads\/sites\/155\/2024\/02\/kartta_Mandymagi_Elena-Rapa-2048x1538.jpg 2048w\" sizes=\"auto, (max-width: 1024px) 100vw, 1024px\" \/><\/figure>\n\n\n\n<p><em>M\u00e4ndym\u00e4en kyl\u00e4<\/em> tahi <em>M\u00e4ndymi\u00e4n kyl\u00e4<\/em> on moine \u010doma kyl\u00e4, ku\u0161\u0161a el\u00e4y eri luatuh pakasijie karjalaisie. Er\u00e4\u0161 pakajau, toini pagizou. \u0160ent\u00e4h kyl\u00e4n nimiss\u00f6\u0161\u0161\u00e4ki \u0161uattau n\u00e4h\u00e4 eriluatuista nimit\u00e4nt\u00e4tapua, esimerkik\u0161i talonnimil\u00f6iss\u00e4: <em>On\u010dintalo, M\u00e4mminpertti, Rebola<\/em>. Kyl\u00e4n el\u00e4j\u00e4t ollah harjauvuttu toini toisen pakinaluatuh, ta hy\u00f6 \u0161ovu\u0161\u0161a ku\u010dutah er\u00e4hie kohtie esimerkiksi soinnillisien konsonanttien kera ta er\u00e4hie \u0161li\u00e4pp\u00e4-s:n kera. Nikenen mielt\u00e4 \u0161e ei pahota.<\/p>\n\n\n\n<p>Karta\u0161\u0161a voit n\u00e4h\u00e4 er\u00e4h\u00e4t kyl\u00e4\u0161\u0161\u00e4 el\u00e4j\u00e4t ristikan\u0161at, heij\u00e4n talot ta \u0161iivatatki. Osa kyl\u00e4n ke\u0161kilinnuaki n\u00e4kyy karta\u0161\u0161a. Ke\u0161kikyl\u00e4\u0161\u0161\u00e4 elikk\u00e4 ryhj\u00e4\u0161\u0161\u00e4 ollah kyl\u00e4n t\u00e4rkiet kohat: <em>M\u00e4ndy\u0161kola<\/em>, <em>Pohjaism\u00e4nnikk\u00f6<\/em> (kalmismua) ta <em>Bibliotiekka Lintuni<\/em>. Ryhj\u00e4\u0161\u0161\u00e4 ollah niise er\u00e4h\u00e4t yrityk\u0161et ta laukat: <em>Niekla ta Lanka<\/em> (<em>Hukan Annin<\/em> k\u00e4siruatolaukka), <em>Mauran pikkaraini n\u2019amulaukka<\/em>, <em>Jelin (Jelenan) koufei\u010duppuni<\/em> ta <em>M\u00e4mmin marketti<\/em>. Muut ryhj\u00e4n t\u00e4rkiet laukat ta paikat ollah ji\u00e4ty kartan ulkopuolella.<\/p>\n\n\n\n<p>Ke\u0161kikyl\u00e4n p\u00e4iv\u00e4nla\u0161kuh p\u00e4in m\u00e4nne\u0161\u0161\u00e4 jo pi\u00e4\u0161emm\u00e4 luonnon ke\u0161ell\u00e4: on <em>Pieni-<\/em> ta <em>\u0160uurime\u010d\u010d\u00e4<\/em>, on vesisty\u00f6, on <em>Rebolan muatila<\/em>. Rebolan muatilalla ollah <em>Kagramua<\/em>, melli\u010d\u010d\u00e4 ta lehm\u00e4t <em>Jou\u010dikki<\/em> ta <em>Ru\u0161ko<\/em>. No, on <em>Pekkala\u0161\u0161aki<\/em> \u0161iivattua. <em>Pe\u010dan Muariella<\/em> on kak\u0161i hevoista: <em>Julla<\/em> ta <em>Pruuni<\/em>. Hukan Annilla on <em>Mu\u010d\u010di-koira<\/em>, ta <em>On\u010dintalo\u0161\u0161a<\/em> el\u00e4y <em>Kikki<\/em>-ki\u0161\u0161a.<\/p>\n\n\n\n<p>Kyl\u00e4n reunalla on <em>M\u00e4ndym\u00e4gi<\/em>, kumpasen mukah kyl\u00e4 on \u0161uanun nimen. M\u00e4ki on niin korkie, jotta \u0161e n\u00e4kyy ke\u0161kikyl\u00e4h \u0161uaten. M\u00e4en juurella on <em>Kondieme\u010d\u010d\u00e4<\/em>. Nimi on tullun \u0161iit\u00e4, kun \u0161iel\u00e4 on n\u00e4hty kontieta. \u0160amah tapah on nimetty <em>Jou\u010denj\u00e4rvi<\/em> \u2013 \u0161iih j\u00e4rveh jou\u010d\u010denet ker\u00e4yvyt\u00e4h kevy\u00e4ll\u00e4 ta \u0161yky\u0161yll\u00e4. M\u00e4ndym\u00e4en takana on <em>Taganiityk\u0161i<\/em> ku\u010duttu niittyaloveh. Ta kun \u0161iit\u00e4 ka\u010dahamma \u0161uveh, on kartan alahana <em>Melli\u010d\u010d\u00e4niitty<\/em>. \u0160en nimi totta\u0161 tulou \u0161iit\u00e4, kun niityll\u00e4 seisuos\u2019s\u2019a \u0161uau n\u00e4h\u00e4 joven toisella puolella olijan <em>Rebolanmelli\u010d\u00e4n<\/em>.<\/p>\n\n\n\n<p>Er\u00e4h\u00e4t M\u00e4ndym\u00e4en tiet ollah &#8211;<em>polgu<\/em>-loppuhiset, \u0161ent\u00e4h kun niijen teijen paikalla ollah ennein oltu kaijat polut, ka kyl\u00f6vehen tarpehen mukah niist\u00e4 ollah tultu \u0161uuremmat tiet. Ho\u0161 teijen \u0161uuru\u0161 onki ka\u0161van, on vanha nimi ji\u00e4nyn el\u00e4m\u00e4h. Ke\u0161kikyl\u00e4ll\u00e4 tiet ollah &#8211;<em>katu<\/em> ta &#8211;<em>uuli\u010d\u010da<\/em>-loppuhiset: pissy\u0161\u0161\u00e4 olijat tiet ollah uuli\u010dat ta \u0161iit\u00e4 muut jo ollah kavut.<\/p>\n\n\n\n<p><\/p>\n\n\n\n<h3 class=\"wp-block-heading\">Nimien luvettelo<\/h3>\n\n\n\n<h4 class=\"wp-block-heading\"><strong>Ristikan\u0161at<\/strong><\/h4>\n\n\n\n<p>Hukan Anni<\/p>\n\n\n\n<p>M\u00e4mmin Mi\u0161a<\/p>\n\n\n\n<p>Pe\u010dan Muarie<\/p>\n\n\n\n<p>Revon Iivana<\/p>\n\n\n\n<p>Ravan Jelena<\/p>\n\n\n\n<p>H\u00e4kin Maura<\/p>\n\n\n\n<p>On\u010din Duarie<\/p>\n\n\n\n<p>On\u010din Olga<\/p>\n\n\n\n<h4 class=\"wp-block-heading\"><strong>Kotielukat<\/strong><\/h4>\n\n\n\n<p>Mu\u010d\u010di (koira)<\/p>\n\n\n\n<p>Kikki (ki\u0161\u0161a)<\/p>\n\n\n\n<p>Pruuni (heponi)<\/p>\n\n\n\n<p>Julla (heponi)<\/p>\n\n\n\n<p>Ru\u0161ko (lehm\u00e4)<\/p>\n\n\n\n<p>Jou\u010dikki (lehm\u00e4)<\/p>\n\n\n\n<h4 class=\"wp-block-heading\"><strong>Talot<\/strong><\/h4>\n\n\n\n<p>Rebola<\/p>\n\n\n\n<p>Pekkala<\/p>\n\n\n\n<p>Rabala<\/p>\n\n\n\n<p>M\u00e4mminpertti<\/p>\n\n\n\n<p>Anninpertti<\/p>\n\n\n\n<p>H\u00e4kinpertti<\/p>\n\n\n\n<p>On\u010dintalo<\/p>\n\n\n\n<h4 class=\"wp-block-heading\"><strong>Palvelut, firmat ta muut<\/strong><\/h4>\n\n\n\n<p>Mauran pikkaraini n\u2019amulaukka<\/p>\n\n\n\n<p>M\u00e4mmin marketti<\/p>\n\n\n\n<p>Niekla ta lanka (Annin k\u00e4siruatolaukka)<\/p>\n\n\n\n<p>Jelin koufei\u010duppuni<\/p>\n\n\n\n<p>Bibliotiekka Lintuni<\/p>\n\n\n\n<p>Pohjaism\u00e4nnikk\u00f6 (kalmismua)<\/p>\n\n\n\n<p>M\u00e4ndy\u0161kola<\/p>\n\n\n\n<p>Rebolanmelli\u010d\u010d\u00e4<\/p>\n\n\n\n<h4 class=\"wp-block-heading\">Luonto<\/h4>\n\n\n\n<p>Kondieme\u010d\u010d\u00e4<\/p>\n\n\n\n<p>Kagramua<\/p>\n\n\n\n<p>Jou\u010denj\u00e4rvi<\/p>\n\n\n\n<p>Jou\u010denjogi<\/p>\n\n\n\n<p>Kivilak\u0161i<\/p>\n\n\n\n<p>Kaida\u0161uari<\/p>\n\n\n\n<p>Pienime\u010d\u010d\u00e4<\/p>\n\n\n\n<p>Taganiitty<\/p>\n\n\n\n<p>M\u00e4ndym\u00e4gi<\/p>\n\n\n\n<p>Melli\u010d\u010d\u00e4niitty<\/p>\n\n\n\n<p>\u0160uurime\u010d\u010d\u00e4<\/p>\n\n\n\n<p>Suviranda&nbsp;&nbsp;&nbsp;&nbsp;&nbsp;&nbsp;&nbsp;&nbsp;&nbsp;<\/p>\n\n\n\n<p>Hillo\u0161uo<\/p>\n\n\n\n<h4 class=\"wp-block-heading\">Kavut<\/h4>\n\n\n\n<p>Suvikadu<\/p>\n\n\n\n<p>Laukkauuli\u010d\u010da<\/p>\n\n\n\n<p>\u0160kolauuli\u010d\u010da<\/p>\n\n\n\n<p>Pohjaiskadu<\/p>\n\n\n\n<p>Rebolanpolgu<\/p>\n\n\n\n<p>Linnanpolgu<\/p>\n\n\n\n<p>Randauuli\u010d\u010da<\/p>\n\n\n\n<p>Pekkalanpolgu<\/p>\n\n\n\n<p>Keskikadu<\/p>\n\n\n\n<p><\/p>\n","protected":false},"excerpt":{"rendered":"<p>Luatin Ravan Elena \/ Elena Rapa Karjalaini nimiss\u00f6ntutkimu\u0161 -kur\u0161\u0161illa opa\u0161\u0161u\u0161vuotena 2023\u201324 P\u00e4iv\u00e4nnou\u0161u-\u0160uomen yliopisto Karjalan kielen elvyty\u0161projekti M\u00e4ndym\u00e4en kyl\u00e4 M\u00e4ndym\u00e4en kyl\u00e4 tahi M\u00e4ndymi\u00e4n kyl\u00e4 on moine \u010doma kyl\u00e4, ku\u0161\u0161a el\u00e4y eri luatuh pakasijie karjalaisie. Er\u00e4\u0161 pakajau, toini pagizou. \u0160ent\u00e4h kyl\u00e4n nimiss\u00f6\u0161\u0161\u00e4ki \u0161uattau n\u00e4h\u00e4 eriluatuista nimit\u00e4nt\u00e4tapua, esimerkik\u0161i talonnimil\u00f6iss\u00e4: On\u010dintalo, M\u00e4mminpertti, Rebola. Kyl\u00e4n el\u00e4j\u00e4t ollah harjauvuttu toini toisen [&hellip;]<\/p>\n","protected":false},"author":480,"featured_media":0,"parent":0,"menu_order":0,"comment_status":"closed","ping_status":"closed","template":"","meta":{"_acf_changed":false,"footnotes":""},"class_list":["post-15751","page","type-page","status-publish","hentry"],"acf":[],"yoast_head":"<!-- This site is optimized with the Yoast SEO plugin v27.1.1 - https:\/\/yoast.com\/product\/yoast-seo-wordpress\/ -->\n<title>M\u00e4ndym\u00e4en nimist\u00f6 - Karjalan kielen elvytt\u00e4minen<\/title>\n<meta name=\"robots\" content=\"index, follow, max-snippet:-1, max-image-preview:large, max-video-preview:-1\" \/>\n<link rel=\"canonical\" href=\"https:\/\/blogs.uef.fi\/karjalanelvytys\/mandymaen-kylan-nimisto\/\" \/>\n<meta property=\"og:locale\" content=\"fi_FI\" \/>\n<meta property=\"og:type\" content=\"article\" \/>\n<meta property=\"og:title\" content=\"M\u00e4ndym\u00e4en nimist\u00f6 - Karjalan kielen elvytt\u00e4minen\" \/>\n<meta property=\"og:description\" content=\"Luatin Ravan Elena \/ Elena Rapa Karjalaini nimiss\u00f6ntutkimu\u0161 -kur\u0161\u0161illa opa\u0161\u0161u\u0161vuotena 2023\u201324 P\u00e4iv\u00e4nnou\u0161u-\u0160uomen yliopisto Karjalan kielen elvyty\u0161projekti M\u00e4ndym\u00e4en kyl\u00e4 M\u00e4ndym\u00e4en kyl\u00e4 tahi M\u00e4ndymi\u00e4n kyl\u00e4 on moine \u010doma kyl\u00e4, ku\u0161\u0161a el\u00e4y eri luatuh pakasijie karjalaisie. Er\u00e4\u0161 pakajau, toini pagizou. \u0160ent\u00e4h kyl\u00e4n nimiss\u00f6\u0161\u0161\u00e4ki \u0161uattau n\u00e4h\u00e4 eriluatuista nimit\u00e4nt\u00e4tapua, esimerkik\u0161i talonnimil\u00f6iss\u00e4: On\u010dintalo, M\u00e4mminpertti, Rebola. Kyl\u00e4n el\u00e4j\u00e4t ollah harjauvuttu toini toisen [&hellip;]\" \/>\n<meta property=\"og:url\" content=\"https:\/\/blogs.uef.fi\/karjalanelvytys\/mandymaen-kylan-nimisto\/\" \/>\n<meta property=\"og:site_name\" content=\"Karjalan kielen elvytt\u00e4minen\" \/>\n<meta property=\"article:modified_time\" content=\"2026-01-20T14:28:36+00:00\" \/>\n<meta property=\"og:image\" content=\"https:\/\/blogs.uef.fi\/karjalanelvytys\/wp-content\/uploads\/sites\/155\/2024\/02\/kartta_Mandymagi_Elena-Rapa-scaled.jpg\" \/>\n\t<meta property=\"og:image:width\" content=\"2560\" \/>\n\t<meta property=\"og:image:height\" content=\"1922\" \/>\n\t<meta property=\"og:image:type\" content=\"image\/jpeg\" \/>\n<meta name=\"twitter:card\" content=\"summary_large_image\" \/>\n<meta name=\"twitter:label1\" content=\"Arvioitu lukuaika\" \/>\n\t<meta name=\"twitter:data1\" content=\"3 minuuttia\" \/>\n<script type=\"application\/ld+json\" class=\"yoast-schema-graph\">{\"@context\":\"https:\/\/schema.org\",\"@graph\":[{\"@type\":\"WebPage\",\"@id\":\"https:\/\/blogs.uef.fi\/karjalanelvytys\/mandymaen-kylan-nimisto\/\",\"url\":\"https:\/\/blogs.uef.fi\/karjalanelvytys\/mandymaen-kylan-nimisto\/\",\"name\":\"M\u00e4ndym\u00e4en nimist\u00f6 - Karjalan kielen elvytt\u00e4minen\",\"isPartOf\":{\"@id\":\"https:\/\/blogs.uef.fi\/karjalanelvytys\/#website\"},\"primaryImageOfPage\":{\"@id\":\"https:\/\/blogs.uef.fi\/karjalanelvytys\/mandymaen-kylan-nimisto\/#primaryimage\"},\"image\":{\"@id\":\"https:\/\/blogs.uef.fi\/karjalanelvytys\/mandymaen-kylan-nimisto\/#primaryimage\"},\"thumbnailUrl\":\"https:\/\/blogs.uef.fi\/karjalanelvytys\/wp-content\/uploads\/sites\/155\/2024\/02\/kartta_Mandymagi_Elena-Rapa-1024x769.jpg\",\"datePublished\":\"2024-02-12T14:22:56+00:00\",\"dateModified\":\"2026-01-20T14:28:36+00:00\",\"breadcrumb\":{\"@id\":\"https:\/\/blogs.uef.fi\/karjalanelvytys\/mandymaen-kylan-nimisto\/#breadcrumb\"},\"inLanguage\":\"fi\",\"potentialAction\":[{\"@type\":\"ReadAction\",\"target\":[\"https:\/\/blogs.uef.fi\/karjalanelvytys\/mandymaen-kylan-nimisto\/\"]}]},{\"@type\":\"ImageObject\",\"inLanguage\":\"fi\",\"@id\":\"https:\/\/blogs.uef.fi\/karjalanelvytys\/mandymaen-kylan-nimisto\/#primaryimage\",\"url\":\"https:\/\/blogs.uef.fi\/karjalanelvytys\/wp-content\/uploads\/sites\/155\/2024\/02\/kartta_Mandymagi_Elena-Rapa-scaled.jpg\",\"contentUrl\":\"https:\/\/blogs.uef.fi\/karjalanelvytys\/wp-content\/uploads\/sites\/155\/2024\/02\/kartta_Mandymagi_Elena-Rapa-scaled.jpg\",\"width\":2560,\"height\":1922},{\"@type\":\"BreadcrumbList\",\"@id\":\"https:\/\/blogs.uef.fi\/karjalanelvytys\/mandymaen-kylan-nimisto\/#breadcrumb\",\"itemListElement\":[{\"@type\":\"ListItem\",\"position\":1,\"name\":\"Home\",\"item\":\"https:\/\/blogs.uef.fi\/karjalanelvytys\/\"},{\"@type\":\"ListItem\",\"position\":2,\"name\":\"M\u00e4ndym\u00e4en nimist\u00f6\"}]},{\"@type\":\"WebSite\",\"@id\":\"https:\/\/blogs.uef.fi\/karjalanelvytys\/#website\",\"url\":\"https:\/\/blogs.uef.fi\/karjalanelvytys\/\",\"name\":\"Karjalan kielen elvytt\u00e4minen\",\"description\":\"\",\"potentialAction\":[{\"@type\":\"SearchAction\",\"target\":{\"@type\":\"EntryPoint\",\"urlTemplate\":\"https:\/\/blogs.uef.fi\/karjalanelvytys\/?s={search_term_string}\"},\"query-input\":{\"@type\":\"PropertyValueSpecification\",\"valueRequired\":true,\"valueName\":\"search_term_string\"}}],\"inLanguage\":\"fi\"}]}<\/script>\n<!-- \/ Yoast SEO plugin. -->","yoast_head_json":{"title":"M\u00e4ndym\u00e4en nimist\u00f6 - Karjalan kielen elvytt\u00e4minen","robots":{"index":"index","follow":"follow","max-snippet":"max-snippet:-1","max-image-preview":"max-image-preview:large","max-video-preview":"max-video-preview:-1"},"canonical":"https:\/\/blogs.uef.fi\/karjalanelvytys\/mandymaen-kylan-nimisto\/","og_locale":"fi_FI","og_type":"article","og_title":"M\u00e4ndym\u00e4en nimist\u00f6 - Karjalan kielen elvytt\u00e4minen","og_description":"Luatin Ravan Elena \/ Elena Rapa Karjalaini nimiss\u00f6ntutkimu\u0161 -kur\u0161\u0161illa opa\u0161\u0161u\u0161vuotena 2023\u201324 P\u00e4iv\u00e4nnou\u0161u-\u0160uomen yliopisto Karjalan kielen elvyty\u0161projekti M\u00e4ndym\u00e4en kyl\u00e4 M\u00e4ndym\u00e4en kyl\u00e4 tahi M\u00e4ndymi\u00e4n kyl\u00e4 on moine \u010doma kyl\u00e4, ku\u0161\u0161a el\u00e4y eri luatuh pakasijie karjalaisie. Er\u00e4\u0161 pakajau, toini pagizou. \u0160ent\u00e4h kyl\u00e4n nimiss\u00f6\u0161\u0161\u00e4ki \u0161uattau n\u00e4h\u00e4 eriluatuista nimit\u00e4nt\u00e4tapua, esimerkik\u0161i talonnimil\u00f6iss\u00e4: On\u010dintalo, M\u00e4mminpertti, Rebola. Kyl\u00e4n el\u00e4j\u00e4t ollah harjauvuttu toini toisen [&hellip;]","og_url":"https:\/\/blogs.uef.fi\/karjalanelvytys\/mandymaen-kylan-nimisto\/","og_site_name":"Karjalan kielen elvytt\u00e4minen","article_modified_time":"2026-01-20T14:28:36+00:00","og_image":[{"width":2560,"height":1922,"url":"https:\/\/blogs.uef.fi\/karjalanelvytys\/wp-content\/uploads\/sites\/155\/2024\/02\/kartta_Mandymagi_Elena-Rapa-scaled.jpg","type":"image\/jpeg"}],"twitter_card":"summary_large_image","twitter_misc":{"Arvioitu lukuaika":"3 minuuttia"},"schema":{"@context":"https:\/\/schema.org","@graph":[{"@type":"WebPage","@id":"https:\/\/blogs.uef.fi\/karjalanelvytys\/mandymaen-kylan-nimisto\/","url":"https:\/\/blogs.uef.fi\/karjalanelvytys\/mandymaen-kylan-nimisto\/","name":"M\u00e4ndym\u00e4en nimist\u00f6 - Karjalan kielen elvytt\u00e4minen","isPartOf":{"@id":"https:\/\/blogs.uef.fi\/karjalanelvytys\/#website"},"primaryImageOfPage":{"@id":"https:\/\/blogs.uef.fi\/karjalanelvytys\/mandymaen-kylan-nimisto\/#primaryimage"},"image":{"@id":"https:\/\/blogs.uef.fi\/karjalanelvytys\/mandymaen-kylan-nimisto\/#primaryimage"},"thumbnailUrl":"https:\/\/blogs.uef.fi\/karjalanelvytys\/wp-content\/uploads\/sites\/155\/2024\/02\/kartta_Mandymagi_Elena-Rapa-1024x769.jpg","datePublished":"2024-02-12T14:22:56+00:00","dateModified":"2026-01-20T14:28:36+00:00","breadcrumb":{"@id":"https:\/\/blogs.uef.fi\/karjalanelvytys\/mandymaen-kylan-nimisto\/#breadcrumb"},"inLanguage":"fi","potentialAction":[{"@type":"ReadAction","target":["https:\/\/blogs.uef.fi\/karjalanelvytys\/mandymaen-kylan-nimisto\/"]}]},{"@type":"ImageObject","inLanguage":"fi","@id":"https:\/\/blogs.uef.fi\/karjalanelvytys\/mandymaen-kylan-nimisto\/#primaryimage","url":"https:\/\/blogs.uef.fi\/karjalanelvytys\/wp-content\/uploads\/sites\/155\/2024\/02\/kartta_Mandymagi_Elena-Rapa-scaled.jpg","contentUrl":"https:\/\/blogs.uef.fi\/karjalanelvytys\/wp-content\/uploads\/sites\/155\/2024\/02\/kartta_Mandymagi_Elena-Rapa-scaled.jpg","width":2560,"height":1922},{"@type":"BreadcrumbList","@id":"https:\/\/blogs.uef.fi\/karjalanelvytys\/mandymaen-kylan-nimisto\/#breadcrumb","itemListElement":[{"@type":"ListItem","position":1,"name":"Home","item":"https:\/\/blogs.uef.fi\/karjalanelvytys\/"},{"@type":"ListItem","position":2,"name":"M\u00e4ndym\u00e4en nimist\u00f6"}]},{"@type":"WebSite","@id":"https:\/\/blogs.uef.fi\/karjalanelvytys\/#website","url":"https:\/\/blogs.uef.fi\/karjalanelvytys\/","name":"Karjalan kielen elvytt\u00e4minen","description":"","potentialAction":[{"@type":"SearchAction","target":{"@type":"EntryPoint","urlTemplate":"https:\/\/blogs.uef.fi\/karjalanelvytys\/?s={search_term_string}"},"query-input":{"@type":"PropertyValueSpecification","valueRequired":true,"valueName":"search_term_string"}}],"inLanguage":"fi"}]}},"_links":{"self":[{"href":"https:\/\/blogs.uef.fi\/karjalanelvytys\/wp-json\/wp\/v2\/pages\/15751","targetHints":{"allow":["GET"]}}],"collection":[{"href":"https:\/\/blogs.uef.fi\/karjalanelvytys\/wp-json\/wp\/v2\/pages"}],"about":[{"href":"https:\/\/blogs.uef.fi\/karjalanelvytys\/wp-json\/wp\/v2\/types\/page"}],"author":[{"embeddable":true,"href":"https:\/\/blogs.uef.fi\/karjalanelvytys\/wp-json\/wp\/v2\/users\/480"}],"replies":[{"embeddable":true,"href":"https:\/\/blogs.uef.fi\/karjalanelvytys\/wp-json\/wp\/v2\/comments?post=15751"}],"version-history":[{"count":1,"href":"https:\/\/blogs.uef.fi\/karjalanelvytys\/wp-json\/wp\/v2\/pages\/15751\/revisions"}],"predecessor-version":[{"id":23192,"href":"https:\/\/blogs.uef.fi\/karjalanelvytys\/wp-json\/wp\/v2\/pages\/15751\/revisions\/23192"}],"wp:attachment":[{"href":"https:\/\/blogs.uef.fi\/karjalanelvytys\/wp-json\/wp\/v2\/media?parent=15751"}],"curies":[{"name":"wp","href":"https:\/\/api.w.org\/{rel}","templated":true}]}}