{"id":15597,"date":"2024-02-08T10:31:41","date_gmt":"2024-02-08T08:31:41","guid":{"rendered":"https:\/\/blogs.uef.fi\/karjalanelvytys\/?page_id=15597"},"modified":"2026-02-11T14:25:13","modified_gmt":"2026-02-11T12:25:13","slug":"karjalankielista-muuzikkua","status":"publish","type":"page","link":"https:\/\/blogs.uef.fi\/karjalanelvytys\/karjalankielista-muuzikkua\/","title":{"rendered":"Karjalankielist\u00e4 muuzikkua"},"content":{"rendered":"\n<p>T\u00e4h on ker\u00e4tty niijen laulajien, yhtyvehien libo horien nimil\u00f6i, kumbazet ollah ezitetty muuzikkua karjalan kielell\u00e4.<\/p>\n\n\n\n<p>Alguper\u00e4hizen luvettelon luadijat: <strong>Katerina Paalamo<\/strong> da suvikarjalan opastujat<\/p>\n\n\n\n<p>Luvetteluo voibi t\u00e4yvendi\u00e4.<\/p>\n\n\n\n<h3 class=\"wp-block-heading\">Anna Tulla<\/h3>\n\n\n\n<p>Linnalaine nei\u010dyt -pajo Youtubessa: <a href=\"https:\/\/www.youtube.com\/watch?v=3LUKemP4pio\">linkka.<\/a><\/p>\n\n\n\n<p>El\u00e4m\u00e4 on ihana -pajo Youtubessa: <a href=\"https:\/\/www.youtube.com\/watch?v=FgTQi31Nn4A\">linkka.<\/a><\/p>\n\n\n\n<h3 class=\"wp-block-heading\">Pajojoukko Bratanat<\/h3>\n\n\n\n<p>Tulen syndy -pajo Youtubessa: <a href=\"https:\/\/www.youtube.com\/watch?v=Z75mmNvVdx0\">linkka.<\/a><\/p>\n\n\n\n<p>Viikon vuotin -pajo Youtubessa: <a href=\"https:\/\/www.youtube.com\/watch?v=cRgwls2V7Cc\">linkka.<\/a><\/p>\n\n\n\n<h3 class=\"wp-block-heading\">Burlakat<\/h3>\n\n\n\n<p>Ruskei nei\u010dyt -pajo Youtubessa: <a href=\"https:\/\/www.youtube.com\/watch?v=Vl2unkmhEy4\">linkka.<\/a><\/p>\n\n\n\n<p>J\u00e4rvirannas-pajo Youtubessa: <a href=\"https:\/\/www.youtube.com\/watch?v=YHjdhxgN0i0\">linkka.<\/a><\/p>\n\n\n\n<h3 class=\"wp-block-heading\">Celenka<\/h3>\n\n\n\n<p>Ruskie nei\u010dyt -pajo Youtubessa: <a href=\"https:\/\/www.youtube.com\/watch?v=Zc3nQ4RgYNQ\">linkka.<\/a><\/p>\n\n\n\n<h3 class=\"wp-block-heading\">Eero M\u00e4kkeli<\/h3>\n\n\n\n<h3 class=\"wp-block-heading\">Eila da Elin P\u00f6ll\u00e4nen<\/h3>\n\n\n\n<p>Oma kyl\u00e4 -pajo Youtubessa: <a href=\"https:\/\/www.youtube.com\/watch?v=9dQmAcwO0xc\">linkka.<\/a><\/p>\n\n\n\n<p>Meidy vardoi\u010d\u010dou taivas -pajo Youtubessa: <a href=\"https:\/\/www.youtube.com\/watch?v=jLbBAbBJY8o\">linkka.<\/a><\/p>\n\n\n\n<h3 class=\"wp-block-heading\">Folkswagen<\/h3>\n\n\n\n<p>Tulkua Vienah ty\u00f6 k\u00e4ym\u00e4h -pajo Youtubessa: <a href=\"https:\/\/www.youtube.com\/watch?v=22XMxgqWQKI\">linkka.<\/a><\/p>\n\n\n\n<h3 class=\"wp-block-heading\">Hannu Brelo<\/h3>\n\n\n\n<p>Musta hebo -pajo Youtubessa: <a href=\"https:\/\/www.youtube.com\/watch?v=sMBP-qT0UFA\">linkka.<\/a><\/p>\n\n\n\n<p>Evakon pajo -pajo Youtubessa: <a href=\"https:\/\/www.youtube.com\/watch?v=aIWxw67Nr8U\">linkka.<\/a><\/p>\n\n\n\n<h3 class=\"wp-block-heading\">Hannu Hartikainen da Jussi Poikkim\u00e4ki<\/h3>\n\n\n\n<p>Sinizet d\u017einsat -pajo Youtubessa: <a href=\"https:\/\/www.youtube.com\/watch?v=te6QDMD2yPA\">linkka.<\/a><\/p>\n\n\n\n<h3 class=\"wp-block-heading\">Heikki Koukkunen da Anneli Olanto-Koukkunen<\/h3>\n\n\n\n<p>Nimes, armain -al&#8217;boma Youtubessa: <a href=\"https:\/\/www.youtube.com\/watch?v=L1dutc0iG2U\">linkka.<\/a><\/p>\n\n\n\n<h3 class=\"wp-block-heading\">Heli Keinonen<\/h3>\n\n\n\n<p>Laskettakkua brihat hevot -pajo Youtubessa: <a href=\"https:\/\/www.youtube.com\/watch?v=lcjDT6INKbA\">linkka.<\/a><\/p>\n\n\n\n<p>Muamoni minuo \u010dakkai -pajo Youtubessa: <a href=\"https:\/\/www.youtube.com\/watch?v=8ibesjPyObY\">linkka.<\/a><\/p>\n\n\n\n<h3 class=\"wp-block-heading\">Hora Solovei<\/h3>\n\n\n\n<h3 class=\"wp-block-heading\">Ilmu<\/h3>\n\n\n\n<p>Ti\u00e4htet sammutah -pajo Youtubessa: <a href=\"https:\/\/www.youtube.com\/watch?v=_ojFtcWKz8Y\">linkka.<\/a><\/p>\n\n\n\n<p>Ig\u00e4ine unohtus -pajo Youtubessa: <a href=\"https:\/\/www.youtube.com\/watch?v=nLipcjt6zig\">linkka.<\/a><\/p>\n\n\n\n<h3 class=\"wp-block-heading\">Io<\/h3>\n\n\n\n<p>Kuibo el\u00e4t, karjalaine? -pajo Youtubessa: <a href=\"https:\/\/www.youtube.com\/watch?v=j8bDfzNmpME\">linkka.<\/a><\/p>\n\n\n\n<p>Uvvenvuvven-pajo Youtubessa: <a href=\"https:\/\/www.youtube.com\/watch?v=lsja51ezi-Y\">linkka.<\/a><\/p>\n\n\n\n<h3 class=\"wp-block-heading\">Joguine<\/h3>\n\n\n\n<h3 class=\"wp-block-heading\">Johanna Koukkunen<\/h3>\n\n\n\n<p>Ljuuli, ljuuli -pajo Youtubessa: <a href=\"https:\/\/www.youtube.com\/watch?v=CEqfy6RLOA0\">linkka.<\/a><\/p>\n\n\n\n<h3 class=\"wp-block-heading\">Jussi Huovinen<\/h3>\n\n\n\n<h3 class=\"wp-block-heading\">Kalevalan kansanlauluryhm\u00e4<\/h3>\n\n\n\n<p>El\u00e4m\u00e4ni kokemuksie (karaoke) -pajo Youtubessa: <a href=\"https:\/\/www.youtube.com\/watch?v=f_mgYKsiEKQ\">linkka.<\/a><\/p>\n\n\n\n<p>Kylyni (karaoke) -pajo Youtubessa: <a href=\"https:\/\/www.youtube.com\/watch?v=ppXG042t00M\">linkka.<\/a><\/p>\n\n\n\n<h3 class=\"wp-block-heading\">KarjalaBrihat<\/h3>\n\n\n\n<p>Tietoi Karjalas -pajo Youtubessa: <a href=\"https:\/\/www.youtube.com\/watch?v=o2ZM40Q8y9I\">linkka.<\/a><\/p>\n\n\n\n<p>Monen mondu ildua -pajo Youtubessa: <a href=\"https:\/\/www.youtube.com\/watch?v=Qy7GodARsSQ\">linkka.<\/a><\/p>\n\n\n\n<h3 class=\"wp-block-heading\">Karjalan koivu<\/h3>\n\n\n\n<h3 class=\"wp-block-heading\">Karoliina Kantelinen<\/h3>\n\n\n\n<h3 class=\"wp-block-heading\">Kiviveneh<\/h3>\n\n\n\n<p>Kiviveneh Jovensuun yliopissolla: <a href=\"https:\/\/www.youtube.com\/watch?v=8qdKNSsQwFc\">linkka.<\/a><\/p>\n\n\n\n<h3 class=\"wp-block-heading\">Kristiina Olanto &amp; Lekkujad<\/h3>\n\n\n\n<p>Olinbo enne kui olingi -pajo Youtubessa: <a href=\"https:\/\/www.youtube.com\/watch?v=6e18CCxwpss\">linkka.<\/a><\/p>\n\n\n\n<h3 class=\"wp-block-heading\">K\u00e4b\u00e4l\u00e4 &amp; Paju<\/h3>\n\n\n\n<p>Paki\u010dim&#8217; siibil\u00f6i, saimma h\u00e4nn\u00e4t -pajo Youtubessa: <a href=\"https:\/\/www.youtube.com\/watch?v=16BOuNG2UxY\">linkka.<\/a><\/p>\n\n\n\n<h3 class=\"wp-block-heading\">Lauluyhtye Lauluset<\/h3>\n\n\n\n<h3 class=\"wp-block-heading\">Lauluyhtye Tsizoit<\/h3>\n\n\n\n<p>Luadogan meri -pajo Youtubessa: <a href=\"https:\/\/www.youtube.com\/watch?v=lqzNdckDCvE&amp;list=OLAK5uy_ng5epWQnpTSukhBfqPCtetITjJLO_oCKo&amp;index=2\">linkka.<\/a><\/p>\n\n\n\n<h3 class=\"wp-block-heading\">Linduzet<\/h3>\n\n\n\n<h3 class=\"wp-block-heading\">Loimolan Voima<\/h3>\n\n\n\n<p>El\u00e4 h\u00f6bl\u00f6t\u00e4 -pajo Youtubessa: <a href=\"https:\/\/www.youtube.com\/watch?v=3fhkejK4GOw\">linkka.<\/a><\/p>\n\n\n\n<p>Ruttomu\u017eikan kyyn\u00e4l -pajo Youtubessa: <a href=\"https:\/\/www.youtube.com\/watch?v=u-i-op3Uero\">linkka.<\/a><\/p>\n\n\n\n<h3 class=\"wp-block-heading\">Maari Kallberg<\/h3>\n\n\n\n<h3 class=\"wp-block-heading\">Matias Kangas<\/h3>\n\n\n\n<p>R\u00e4kitt\u00e4vy luurangsm\u00e4n -pajo Youtubessa: <a href=\"https:\/\/www.youtube.com\/watch?v=Vh-E_njh34A\">linkka.<\/a><\/p>\n\n\n\n<h3 class=\"wp-block-heading\">Mikael Shemeikka<\/h3>\n\n\n\n<p>V\u00e4in\u00f6n pajo -pajo Youtubessa: <a href=\"https:\/\/www.youtube.com\/watch?v=hA2NZUspeIo\">linkka<\/a>.<\/p>\n\n\n\n<p>Pivon syndy -pajo Youtubessa: <a href=\"https:\/\/youtu.be\/T4H0Bg0NpOc?si=HRe1lSf-mAcXiCFY\">linkka.<\/a><\/p>\n\n\n\n<h3 class=\"wp-block-heading\">Meij\u00e4n pajo<\/h3>\n\n\n\n<h3 class=\"wp-block-heading\">Myll\u00e4rit<\/h3>\n\n\n\n<p>Armas poigaine -pajo Youtubessa: <a href=\"https:\/\/www.youtube.com\/watch?v=4KE2Dfye5lM\">linkka.<\/a><\/p>\n\n\n\n<p>Petroskoi-pajo Youtubessa: <a href=\"https:\/\/www.youtube.com\/watch?v=19yGGh4SVBk\">linkka.<\/a><\/p>\n\n\n\n<h3 class=\"wp-block-heading\">Oma pajo<\/h3>\n\n\n\n<p>Ongo Petroskoi -pajo Youtubessa: <a href=\"https:\/\/www.youtube.com\/watch?v=i9lnrAualbE\">linkka.<\/a><\/p>\n\n\n\n<h3 class=\"wp-block-heading\">Olemba<\/h3>\n\n\n\n<p>Nouzen min\u00e4 m\u00e4ell\u00e4 -pajo Youtubessa: <a href=\"https:\/\/www.youtube.com\/watch?v=LR5hG4y1byo\">linkka.<\/a><\/p>\n\n\n\n<h3 class=\"wp-block-heading\">Ondrei<\/h3>\n\n\n\n<p>Dengat-pajo Youtubessa: <a href=\"https:\/\/www.youtube.com\/watch?v=OGzuZv6o_QY\">linkka.<\/a><\/p>\n\n\n\n<p>Kalevalan runa -pajo Youtubessa: <a href=\"https:\/\/www.youtube.com\/watch?v=yLOMy1FSnaw\">linkka.<\/a><\/p>\n\n\n\n<h3 class=\"wp-block-heading\">Petrovskoi hora<\/h3>\n\n\n\n<h3 class=\"wp-block-heading\">Raita Karpo<\/h3>\n\n\n\n<p>Karjalan kumbuzil -pajo Youtubessa: <a href=\"https:\/\/www.youtube.com\/watch?v=r80RdjhMC7c\">linkka.<\/a><\/p>\n\n\n\n<h3 class=\"wp-block-heading\">Revinnyh kottu<\/h3>\n\n\n\n<h3 class=\"wp-block-heading\">Santtu Karhu &amp; Talvisovat<\/h3>\n\n\n\n<p>\u010cibi-\u010dibi linduine -pajo Youtubessa: <a href=\"https:\/\/www.youtube.com\/watch?v=RA9fT4jXkRI\">linkka.<\/a><\/p>\n\n\n\n<p>Valgei v\u00e4llys -pajo Youtubessa: <a href=\"https:\/\/www.youtube.com\/watch?v=hz5LxsPzsN8\">linkka.<\/a><\/p>\n\n\n\n<h3 class=\"wp-block-heading\">Sattuma<\/h3>\n\n\n\n<h3 class=\"wp-block-heading\">Seesj\u00e4rvi<\/h3>\n\n\n\n<h3 class=\"wp-block-heading\">Tevana3<\/h3>\n\n\n\n<p>Poloine poiga -pajo Youtubessa: <a href=\"https:\/\/www.youtube.com\/watch?v=D-A6jK6EVls\">linkka.<\/a><\/p>\n\n\n\n<h3 class=\"wp-block-heading\">Tulenlendo<\/h3>\n\n\n\n<p>Liusku\u010duari-pajo Youtubessa: <a href=\"https:\/\/www.youtube.com\/watch?v=mhqE6WCeOQw\">linkka.<\/a><\/p>\n\n\n\n<p>Rakkahus eule ri\u00e4hk\u00e4 -pajo Youtubessa: <a href=\"https:\/\/www.youtube.com\/watch?v=2tJkdsnYQJ8\">linkka.<\/a><\/p>\n\n\n\n<h3 class=\"wp-block-heading\">Zergeyth<\/h3>\n\n\n\n<p>Kodi ku\u010d\u010duu Karjalah -pajo Youtubessa: <a href=\"https:\/\/www.youtube.com\/watch?v=czIWXUkds6A\">linkka.<\/a><\/p>\n\n\n\n<h3 class=\"wp-block-heading\">Veri<\/h3>\n\n\n\n<p>P\u00e4\u00e4sklilintu -pajo Youtubessa: <a href=\"https:\/\/www.youtube.com\/watch?v=cVruntDadwQ\">linkka.<\/a><\/p>\n","protected":false},"excerpt":{"rendered":"<p>T\u00e4h on ker\u00e4tty niijen laulajien, yhtyvehien libo horien nimil\u00f6i, kumbazet ollah ezitetty muuzikkua karjalan kielell\u00e4. Alguper\u00e4hizen luvettelon luadijat: Katerina Paalamo da suvikarjalan opastujat Luvetteluo voibi t\u00e4yvendi\u00e4. Anna Tulla Linnalaine nei\u010dyt -pajo Youtubessa: linkka. El\u00e4m\u00e4 on ihana -pajo Youtubessa: linkka. Pajojoukko Bratanat Tulen syndy -pajo Youtubessa: linkka. Viikon vuotin -pajo Youtubessa: linkka. Burlakat Ruskei nei\u010dyt -pajo [&hellip;]<\/p>\n","protected":false},"author":580,"featured_media":0,"parent":0,"menu_order":0,"comment_status":"closed","ping_status":"closed","template":"","meta":{"_acf_changed":false,"footnotes":""},"class_list":["post-15597","page","type-page","status-publish","hentry"],"acf":[],"yoast_head":"<!-- This site is optimized with the Yoast SEO plugin v27.1.1 - https:\/\/yoast.com\/product\/yoast-seo-wordpress\/ -->\n<title>Karjalankielist\u00e4 muuzikkua - Karjalan kielen elvytt\u00e4minen<\/title>\n<meta name=\"robots\" content=\"index, follow, max-snippet:-1, max-image-preview:large, max-video-preview:-1\" \/>\n<link rel=\"canonical\" href=\"https:\/\/blogs.uef.fi\/karjalanelvytys\/karjalankielista-muuzikkua\/\" \/>\n<meta property=\"og:locale\" content=\"fi_FI\" \/>\n<meta property=\"og:type\" content=\"article\" \/>\n<meta property=\"og:title\" content=\"Karjalankielist\u00e4 muuzikkua - Karjalan kielen elvytt\u00e4minen\" \/>\n<meta property=\"og:description\" content=\"T\u00e4h on ker\u00e4tty niijen laulajien, yhtyvehien libo horien nimil\u00f6i, kumbazet ollah ezitetty muuzikkua karjalan kielell\u00e4. Alguper\u00e4hizen luvettelon luadijat: Katerina Paalamo da suvikarjalan opastujat Luvetteluo voibi t\u00e4yvendi\u00e4. Anna Tulla Linnalaine nei\u010dyt -pajo Youtubessa: linkka. El\u00e4m\u00e4 on ihana -pajo Youtubessa: linkka. Pajojoukko Bratanat Tulen syndy -pajo Youtubessa: linkka. Viikon vuotin -pajo Youtubessa: linkka. Burlakat Ruskei nei\u010dyt -pajo [&hellip;]\" \/>\n<meta property=\"og:url\" content=\"https:\/\/blogs.uef.fi\/karjalanelvytys\/karjalankielista-muuzikkua\/\" \/>\n<meta property=\"og:site_name\" content=\"Karjalan kielen elvytt\u00e4minen\" \/>\n<meta property=\"article:modified_time\" content=\"2026-02-11T12:25:13+00:00\" \/>\n<meta name=\"twitter:card\" content=\"summary_large_image\" \/>\n<meta name=\"twitter:label1\" content=\"Arvioitu lukuaika\" \/>\n\t<meta name=\"twitter:data1\" content=\"3 minuuttia\" \/>\n<script type=\"application\/ld+json\" class=\"yoast-schema-graph\">{\"@context\":\"https:\/\/schema.org\",\"@graph\":[{\"@type\":\"WebPage\",\"@id\":\"https:\/\/blogs.uef.fi\/karjalanelvytys\/karjalankielista-muuzikkua\/\",\"url\":\"https:\/\/blogs.uef.fi\/karjalanelvytys\/karjalankielista-muuzikkua\/\",\"name\":\"Karjalankielist\u00e4 muuzikkua - Karjalan kielen elvytt\u00e4minen\",\"isPartOf\":{\"@id\":\"https:\/\/blogs.uef.fi\/karjalanelvytys\/#website\"},\"datePublished\":\"2024-02-08T08:31:41+00:00\",\"dateModified\":\"2026-02-11T12:25:13+00:00\",\"breadcrumb\":{\"@id\":\"https:\/\/blogs.uef.fi\/karjalanelvytys\/karjalankielista-muuzikkua\/#breadcrumb\"},\"inLanguage\":\"fi\",\"potentialAction\":[{\"@type\":\"ReadAction\",\"target\":[\"https:\/\/blogs.uef.fi\/karjalanelvytys\/karjalankielista-muuzikkua\/\"]}]},{\"@type\":\"BreadcrumbList\",\"@id\":\"https:\/\/blogs.uef.fi\/karjalanelvytys\/karjalankielista-muuzikkua\/#breadcrumb\",\"itemListElement\":[{\"@type\":\"ListItem\",\"position\":1,\"name\":\"Home\",\"item\":\"https:\/\/blogs.uef.fi\/karjalanelvytys\/\"},{\"@type\":\"ListItem\",\"position\":2,\"name\":\"Karjalankielist\u00e4 muuzikkua\"}]},{\"@type\":\"WebSite\",\"@id\":\"https:\/\/blogs.uef.fi\/karjalanelvytys\/#website\",\"url\":\"https:\/\/blogs.uef.fi\/karjalanelvytys\/\",\"name\":\"Karjalan kielen elvytt\u00e4minen\",\"description\":\"\",\"potentialAction\":[{\"@type\":\"SearchAction\",\"target\":{\"@type\":\"EntryPoint\",\"urlTemplate\":\"https:\/\/blogs.uef.fi\/karjalanelvytys\/?s={search_term_string}\"},\"query-input\":{\"@type\":\"PropertyValueSpecification\",\"valueRequired\":true,\"valueName\":\"search_term_string\"}}],\"inLanguage\":\"fi\"}]}<\/script>\n<!-- \/ Yoast SEO plugin. -->","yoast_head_json":{"title":"Karjalankielist\u00e4 muuzikkua - Karjalan kielen elvytt\u00e4minen","robots":{"index":"index","follow":"follow","max-snippet":"max-snippet:-1","max-image-preview":"max-image-preview:large","max-video-preview":"max-video-preview:-1"},"canonical":"https:\/\/blogs.uef.fi\/karjalanelvytys\/karjalankielista-muuzikkua\/","og_locale":"fi_FI","og_type":"article","og_title":"Karjalankielist\u00e4 muuzikkua - Karjalan kielen elvytt\u00e4minen","og_description":"T\u00e4h on ker\u00e4tty niijen laulajien, yhtyvehien libo horien nimil\u00f6i, kumbazet ollah ezitetty muuzikkua karjalan kielell\u00e4. Alguper\u00e4hizen luvettelon luadijat: Katerina Paalamo da suvikarjalan opastujat Luvetteluo voibi t\u00e4yvendi\u00e4. Anna Tulla Linnalaine nei\u010dyt -pajo Youtubessa: linkka. El\u00e4m\u00e4 on ihana -pajo Youtubessa: linkka. Pajojoukko Bratanat Tulen syndy -pajo Youtubessa: linkka. Viikon vuotin -pajo Youtubessa: linkka. Burlakat Ruskei nei\u010dyt -pajo [&hellip;]","og_url":"https:\/\/blogs.uef.fi\/karjalanelvytys\/karjalankielista-muuzikkua\/","og_site_name":"Karjalan kielen elvytt\u00e4minen","article_modified_time":"2026-02-11T12:25:13+00:00","twitter_card":"summary_large_image","twitter_misc":{"Arvioitu lukuaika":"3 minuuttia"},"schema":{"@context":"https:\/\/schema.org","@graph":[{"@type":"WebPage","@id":"https:\/\/blogs.uef.fi\/karjalanelvytys\/karjalankielista-muuzikkua\/","url":"https:\/\/blogs.uef.fi\/karjalanelvytys\/karjalankielista-muuzikkua\/","name":"Karjalankielist\u00e4 muuzikkua - Karjalan kielen elvytt\u00e4minen","isPartOf":{"@id":"https:\/\/blogs.uef.fi\/karjalanelvytys\/#website"},"datePublished":"2024-02-08T08:31:41+00:00","dateModified":"2026-02-11T12:25:13+00:00","breadcrumb":{"@id":"https:\/\/blogs.uef.fi\/karjalanelvytys\/karjalankielista-muuzikkua\/#breadcrumb"},"inLanguage":"fi","potentialAction":[{"@type":"ReadAction","target":["https:\/\/blogs.uef.fi\/karjalanelvytys\/karjalankielista-muuzikkua\/"]}]},{"@type":"BreadcrumbList","@id":"https:\/\/blogs.uef.fi\/karjalanelvytys\/karjalankielista-muuzikkua\/#breadcrumb","itemListElement":[{"@type":"ListItem","position":1,"name":"Home","item":"https:\/\/blogs.uef.fi\/karjalanelvytys\/"},{"@type":"ListItem","position":2,"name":"Karjalankielist\u00e4 muuzikkua"}]},{"@type":"WebSite","@id":"https:\/\/blogs.uef.fi\/karjalanelvytys\/#website","url":"https:\/\/blogs.uef.fi\/karjalanelvytys\/","name":"Karjalan kielen elvytt\u00e4minen","description":"","potentialAction":[{"@type":"SearchAction","target":{"@type":"EntryPoint","urlTemplate":"https:\/\/blogs.uef.fi\/karjalanelvytys\/?s={search_term_string}"},"query-input":{"@type":"PropertyValueSpecification","valueRequired":true,"valueName":"search_term_string"}}],"inLanguage":"fi"}]}},"_links":{"self":[{"href":"https:\/\/blogs.uef.fi\/karjalanelvytys\/wp-json\/wp\/v2\/pages\/15597","targetHints":{"allow":["GET"]}}],"collection":[{"href":"https:\/\/blogs.uef.fi\/karjalanelvytys\/wp-json\/wp\/v2\/pages"}],"about":[{"href":"https:\/\/blogs.uef.fi\/karjalanelvytys\/wp-json\/wp\/v2\/types\/page"}],"author":[{"embeddable":true,"href":"https:\/\/blogs.uef.fi\/karjalanelvytys\/wp-json\/wp\/v2\/users\/580"}],"replies":[{"embeddable":true,"href":"https:\/\/blogs.uef.fi\/karjalanelvytys\/wp-json\/wp\/v2\/comments?post=15597"}],"version-history":[{"count":1,"href":"https:\/\/blogs.uef.fi\/karjalanelvytys\/wp-json\/wp\/v2\/pages\/15597\/revisions"}],"predecessor-version":[{"id":23322,"href":"https:\/\/blogs.uef.fi\/karjalanelvytys\/wp-json\/wp\/v2\/pages\/15597\/revisions\/23322"}],"wp:attachment":[{"href":"https:\/\/blogs.uef.fi\/karjalanelvytys\/wp-json\/wp\/v2\/media?parent=15597"}],"curies":[{"name":"wp","href":"https:\/\/api.w.org\/{rel}","templated":true}]}}