{"id":15396,"date":"2024-02-01T10:16:39","date_gmt":"2024-02-01T08:16:39","guid":{"rendered":"https:\/\/blogs.uef.fi\/karjalanelvytys\/?page_id=15396"},"modified":"2024-02-01T10:16:40","modified_gmt":"2024-02-01T08:16:40","slug":"irina-karvonen-jiaskuappu","status":"publish","type":"page","link":"https:\/\/blogs.uef.fi\/karjalanelvytys\/irina-karvonen-jiaskuappu\/","title":{"rendered":"Irina Karvonen: Ji\u00e4\u0161kuappu"},"content":{"rendered":"\n<p><strong>Irina Karvonen<\/strong> on luadinuh videon ji\u00e4\u0161kuapas da lujas pakkazes. H\u00e4nen paginat voit lugie se\u017eo tekstannu:<\/p>\n\n\n\n<p>&#8221;Pihal on kova pakkaine. Nyg\u00f6i on hyv\u00e4 kabrastua ji\u00e4\u0161kuppu da pakastin. T\u00e4s ka\u017einke rubiemmo nyg\u00f6i ruokkimah. \u00c4l\u00e4 mene nyg\u00f6i sinne. Sy\u00f6mizet ji\u00e4\u0161kuapas vein luandalah, muarjat, muarjat, kalat da lihat vein pihale, galdarile, parvekkehele. S\u00e4hk\u00f6-elektrohinnat ollah ylen korgiet. Oldahes sy\u00f6mizet sie luandalas da galgaril. Ka\u017eile annan laukan sy\u00f6misty. Kogo pereh sy\u00f6y t\u00e4n\u00e4p\u00e4i pitsua. Nengozet dielot ka\u017einke t\u00e4s olla.&#8221;<\/p>\n\n\n<iframe loading=\"lazy\" src=\"https:\/\/uef.cloud.panopto.eu\/Panopto\/Pages\/Embed.aspx?id=a1892792-cad4-43bb-a8c7-b0fa005e4939&autoplay=false&offerviewer=false&showtitle=false&showbrand=false&captions=false&interactivity=none\" height=\"405\" width=\"720\" style=\"border: 1px solid #464646;\" allowfullscreen allow=\"autoplay\" aria-label=\"Panopto Embedded Video Player\"><\/iframe>\n","protected":false},"excerpt":{"rendered":"<p>Irina Karvonen on luadinuh videon ji\u00e4\u0161kuapas da lujas pakkazes. H\u00e4nen paginat voit lugie se\u017eo tekstannu: &#8221;Pihal on kova pakkaine. Nyg\u00f6i on hyv\u00e4 kabrastua ji\u00e4\u0161kuppu da pakastin. T\u00e4s ka\u017einke rubiemmo nyg\u00f6i ruokkimah. \u00c4l\u00e4 mene nyg\u00f6i sinne. Sy\u00f6mizet ji\u00e4\u0161kuapas vein luandalah, muarjat, muarjat, kalat da lihat vein pihale, galdarile, parvekkehele. S\u00e4hk\u00f6-elektrohinnat ollah ylen korgiet. Oldahes sy\u00f6mizet sie [&hellip;]<\/p>\n","protected":false},"author":580,"featured_media":0,"parent":0,"menu_order":0,"comment_status":"closed","ping_status":"closed","template":"","meta":{"_acf_changed":false,"footnotes":""},"class_list":["post-15396","page","type-page","status-publish","hentry"],"acf":[],"yoast_head":"<!-- This site is optimized with the Yoast SEO plugin v27.1.1 - https:\/\/yoast.com\/product\/yoast-seo-wordpress\/ -->\n<title>Irina Karvonen: Ji\u00e4\u0161kuappu - Karjalan kielen elvytt\u00e4minen<\/title>\n<meta name=\"robots\" content=\"index, follow, max-snippet:-1, max-image-preview:large, max-video-preview:-1\" \/>\n<link rel=\"canonical\" href=\"https:\/\/blogs.uef.fi\/karjalanelvytys\/irina-karvonen-jiaskuappu\/\" \/>\n<meta property=\"og:locale\" content=\"fi_FI\" \/>\n<meta property=\"og:type\" content=\"article\" \/>\n<meta property=\"og:title\" content=\"Irina Karvonen: Ji\u00e4\u0161kuappu - Karjalan kielen elvytt\u00e4minen\" \/>\n<meta property=\"og:description\" content=\"Irina Karvonen on luadinuh videon ji\u00e4\u0161kuapas da lujas pakkazes. H\u00e4nen paginat voit lugie se\u017eo tekstannu: &#8221;Pihal on kova pakkaine. Nyg\u00f6i on hyv\u00e4 kabrastua ji\u00e4\u0161kuppu da pakastin. T\u00e4s ka\u017einke rubiemmo nyg\u00f6i ruokkimah. \u00c4l\u00e4 mene nyg\u00f6i sinne. Sy\u00f6mizet ji\u00e4\u0161kuapas vein luandalah, muarjat, muarjat, kalat da lihat vein pihale, galdarile, parvekkehele. S\u00e4hk\u00f6-elektrohinnat ollah ylen korgiet. Oldahes sy\u00f6mizet sie [&hellip;]\" \/>\n<meta property=\"og:url\" content=\"https:\/\/blogs.uef.fi\/karjalanelvytys\/irina-karvonen-jiaskuappu\/\" \/>\n<meta property=\"og:site_name\" content=\"Karjalan kielen elvytt\u00e4minen\" \/>\n<meta property=\"article:modified_time\" content=\"2024-02-01T08:16:40+00:00\" \/>\n<meta name=\"twitter:card\" content=\"summary_large_image\" \/>\n<meta name=\"twitter:label1\" content=\"Arvioitu lukuaika\" \/>\n\t<meta name=\"twitter:data1\" content=\"1 minuutti\" \/>\n<script type=\"application\/ld+json\" class=\"yoast-schema-graph\">{\"@context\":\"https:\/\/schema.org\",\"@graph\":[{\"@type\":\"WebPage\",\"@id\":\"https:\/\/blogs.uef.fi\/karjalanelvytys\/irina-karvonen-jiaskuappu\/\",\"url\":\"https:\/\/blogs.uef.fi\/karjalanelvytys\/irina-karvonen-jiaskuappu\/\",\"name\":\"Irina Karvonen: Ji\u00e4\u0161kuappu - Karjalan kielen elvytt\u00e4minen\",\"isPartOf\":{\"@id\":\"https:\/\/blogs.uef.fi\/karjalanelvytys\/#website\"},\"datePublished\":\"2024-02-01T08:16:39+00:00\",\"dateModified\":\"2024-02-01T08:16:40+00:00\",\"breadcrumb\":{\"@id\":\"https:\/\/blogs.uef.fi\/karjalanelvytys\/irina-karvonen-jiaskuappu\/#breadcrumb\"},\"inLanguage\":\"fi\",\"potentialAction\":[{\"@type\":\"ReadAction\",\"target\":[\"https:\/\/blogs.uef.fi\/karjalanelvytys\/irina-karvonen-jiaskuappu\/\"]}]},{\"@type\":\"BreadcrumbList\",\"@id\":\"https:\/\/blogs.uef.fi\/karjalanelvytys\/irina-karvonen-jiaskuappu\/#breadcrumb\",\"itemListElement\":[{\"@type\":\"ListItem\",\"position\":1,\"name\":\"Home\",\"item\":\"https:\/\/blogs.uef.fi\/karjalanelvytys\/\"},{\"@type\":\"ListItem\",\"position\":2,\"name\":\"Irina Karvonen: Ji\u00e4\u0161kuappu\"}]},{\"@type\":\"WebSite\",\"@id\":\"https:\/\/blogs.uef.fi\/karjalanelvytys\/#website\",\"url\":\"https:\/\/blogs.uef.fi\/karjalanelvytys\/\",\"name\":\"Karjalan kielen elvytt\u00e4minen\",\"description\":\"\",\"potentialAction\":[{\"@type\":\"SearchAction\",\"target\":{\"@type\":\"EntryPoint\",\"urlTemplate\":\"https:\/\/blogs.uef.fi\/karjalanelvytys\/?s={search_term_string}\"},\"query-input\":{\"@type\":\"PropertyValueSpecification\",\"valueRequired\":true,\"valueName\":\"search_term_string\"}}],\"inLanguage\":\"fi\"}]}<\/script>\n<!-- \/ Yoast SEO plugin. -->","yoast_head_json":{"title":"Irina Karvonen: Ji\u00e4\u0161kuappu - Karjalan kielen elvytt\u00e4minen","robots":{"index":"index","follow":"follow","max-snippet":"max-snippet:-1","max-image-preview":"max-image-preview:large","max-video-preview":"max-video-preview:-1"},"canonical":"https:\/\/blogs.uef.fi\/karjalanelvytys\/irina-karvonen-jiaskuappu\/","og_locale":"fi_FI","og_type":"article","og_title":"Irina Karvonen: Ji\u00e4\u0161kuappu - Karjalan kielen elvytt\u00e4minen","og_description":"Irina Karvonen on luadinuh videon ji\u00e4\u0161kuapas da lujas pakkazes. H\u00e4nen paginat voit lugie se\u017eo tekstannu: &#8221;Pihal on kova pakkaine. Nyg\u00f6i on hyv\u00e4 kabrastua ji\u00e4\u0161kuppu da pakastin. T\u00e4s ka\u017einke rubiemmo nyg\u00f6i ruokkimah. \u00c4l\u00e4 mene nyg\u00f6i sinne. Sy\u00f6mizet ji\u00e4\u0161kuapas vein luandalah, muarjat, muarjat, kalat da lihat vein pihale, galdarile, parvekkehele. S\u00e4hk\u00f6-elektrohinnat ollah ylen korgiet. Oldahes sy\u00f6mizet sie [&hellip;]","og_url":"https:\/\/blogs.uef.fi\/karjalanelvytys\/irina-karvonen-jiaskuappu\/","og_site_name":"Karjalan kielen elvytt\u00e4minen","article_modified_time":"2024-02-01T08:16:40+00:00","twitter_card":"summary_large_image","twitter_misc":{"Arvioitu lukuaika":"1 minuutti"},"schema":{"@context":"https:\/\/schema.org","@graph":[{"@type":"WebPage","@id":"https:\/\/blogs.uef.fi\/karjalanelvytys\/irina-karvonen-jiaskuappu\/","url":"https:\/\/blogs.uef.fi\/karjalanelvytys\/irina-karvonen-jiaskuappu\/","name":"Irina Karvonen: Ji\u00e4\u0161kuappu - Karjalan kielen elvytt\u00e4minen","isPartOf":{"@id":"https:\/\/blogs.uef.fi\/karjalanelvytys\/#website"},"datePublished":"2024-02-01T08:16:39+00:00","dateModified":"2024-02-01T08:16:40+00:00","breadcrumb":{"@id":"https:\/\/blogs.uef.fi\/karjalanelvytys\/irina-karvonen-jiaskuappu\/#breadcrumb"},"inLanguage":"fi","potentialAction":[{"@type":"ReadAction","target":["https:\/\/blogs.uef.fi\/karjalanelvytys\/irina-karvonen-jiaskuappu\/"]}]},{"@type":"BreadcrumbList","@id":"https:\/\/blogs.uef.fi\/karjalanelvytys\/irina-karvonen-jiaskuappu\/#breadcrumb","itemListElement":[{"@type":"ListItem","position":1,"name":"Home","item":"https:\/\/blogs.uef.fi\/karjalanelvytys\/"},{"@type":"ListItem","position":2,"name":"Irina Karvonen: Ji\u00e4\u0161kuappu"}]},{"@type":"WebSite","@id":"https:\/\/blogs.uef.fi\/karjalanelvytys\/#website","url":"https:\/\/blogs.uef.fi\/karjalanelvytys\/","name":"Karjalan kielen elvytt\u00e4minen","description":"","potentialAction":[{"@type":"SearchAction","target":{"@type":"EntryPoint","urlTemplate":"https:\/\/blogs.uef.fi\/karjalanelvytys\/?s={search_term_string}"},"query-input":{"@type":"PropertyValueSpecification","valueRequired":true,"valueName":"search_term_string"}}],"inLanguage":"fi"}]}},"_links":{"self":[{"href":"https:\/\/blogs.uef.fi\/karjalanelvytys\/wp-json\/wp\/v2\/pages\/15396","targetHints":{"allow":["GET"]}}],"collection":[{"href":"https:\/\/blogs.uef.fi\/karjalanelvytys\/wp-json\/wp\/v2\/pages"}],"about":[{"href":"https:\/\/blogs.uef.fi\/karjalanelvytys\/wp-json\/wp\/v2\/types\/page"}],"author":[{"embeddable":true,"href":"https:\/\/blogs.uef.fi\/karjalanelvytys\/wp-json\/wp\/v2\/users\/580"}],"replies":[{"embeddable":true,"href":"https:\/\/blogs.uef.fi\/karjalanelvytys\/wp-json\/wp\/v2\/comments?post=15396"}],"version-history":[{"count":2,"href":"https:\/\/blogs.uef.fi\/karjalanelvytys\/wp-json\/wp\/v2\/pages\/15396\/revisions"}],"predecessor-version":[{"id":15417,"href":"https:\/\/blogs.uef.fi\/karjalanelvytys\/wp-json\/wp\/v2\/pages\/15396\/revisions\/15417"}],"wp:attachment":[{"href":"https:\/\/blogs.uef.fi\/karjalanelvytys\/wp-json\/wp\/v2\/media?parent=15396"}],"curies":[{"name":"wp","href":"https:\/\/api.w.org\/{rel}","templated":true}]}}