{"id":14854,"date":"2024-01-15T10:28:21","date_gmt":"2024-01-15T08:28:21","guid":{"rendered":"https:\/\/blogs.uef.fi\/karjalanelvytys\/?page_id=14854"},"modified":"2024-01-15T10:28:22","modified_gmt":"2024-01-15T08:28:22","slug":"irina-karvonen-sipainiekat","status":"publish","type":"page","link":"https:\/\/blogs.uef.fi\/karjalanelvytys\/irina-karvonen-sipainiekat\/","title":{"rendered":"Irina Karvonen: \u0160ipainiekat"},"content":{"rendered":"\n<p><strong>L&#8217;uba Pa\u0161ken<\/strong> luadii piiruat, <strong>Irina-tyt\u00e4r<\/strong> avutti da kuvai. Irinan poigu <strong>Anton<\/strong>, 15 vuottu, s\u00f6i piiruat.<\/p>\n\n\n\n<h4 class=\"wp-block-heading\">Karjalan piiruat kartohkanke<\/h4>\n\n\n\n<p>K\u00e4vy enzim\u00e4i laukkah, musta ottua \u010domaine da hyv\u00e4 sumkaine.<\/p>\n\n\n\n<figure class=\"wp-block-image size-large is-resized\"><img loading=\"lazy\" decoding=\"async\" width=\"768\" height=\"1024\" src=\"https:\/\/blogs.uef.fi\/karjalanelvytys\/wp-content\/uploads\/sites\/155\/2024\/01\/405277718_2222991617890490_3737816044632492777_n-768x1024.jpg\" alt=\"Kangaskassi, jossa lukee &quot;Ovat juureni Karjalassa&quot;\" class=\"wp-image-14857\" style=\"width:auto;height:400px\" srcset=\"https:\/\/blogs.uef.fi\/karjalanelvytys\/wp-content\/uploads\/sites\/155\/2024\/01\/405277718_2222991617890490_3737816044632492777_n-768x1024.jpg 768w, https:\/\/blogs.uef.fi\/karjalanelvytys\/wp-content\/uploads\/sites\/155\/2024\/01\/405277718_2222991617890490_3737816044632492777_n-225x300.jpg 225w, https:\/\/blogs.uef.fi\/karjalanelvytys\/wp-content\/uploads\/sites\/155\/2024\/01\/405277718_2222991617890490_3737816044632492777_n-1152x1536.jpg 1152w, https:\/\/blogs.uef.fi\/karjalanelvytys\/wp-content\/uploads\/sites\/155\/2024\/01\/405277718_2222991617890490_3737816044632492777_n.jpg 1530w\" sizes=\"auto, (max-width: 768px) 100vw, 768px\" \/><figcaption class=\"wp-element-caption\">Kuva: Irina Karvonen<\/figcaption><\/figure>\n\n\n\n<p>Osta laukas kartohkua, kannatestu, voidu, j\u00e4i\u010d\u010di\u00e4, t\u00e4yzijyv\u00e4histy jauhuo da suolua, ei olle niidy kois.<\/p>\n\n\n\n<p>Pane p\u00e4\u010d\u010di l\u00e4mbiem\u00e4h 275 gruadussah. Kuorita kartohkat da pane kiehumah, 1.5 kiluo, t\u00e4s tulou 45 piiruadu. Keit\u00e4 hyvin kartohkat pehmiekse. Kua vezi i\u00e4res da survo hyvin maijonke da suolanke. K\u00e4yt\u00e4 v\u00e4gie.<\/p>\n\n\n<iframe loading=\"lazy\" src=\"https:\/\/uef.cloud.panopto.eu\/Panopto\/Pages\/Embed.aspx?id=c848c9a1-df21-4795-b454-b0f500b29670&autoplay=false&offerviewer=false&showtitle=false&showbrand=false&captions=false&interactivity=none\" height=\"405\" width=\"720\" style=\"border: 1px solid #464646;\" allowfullscreen allow=\"autoplay\" aria-label=\"Panopto Embedded Video Player\"><\/iframe>\n\n\n\n<p>Sit luaji tahtas. Pane astieh 3 dezilitrua vetty, suolua 4 piendy luzikkastu da sit jauhuo 7 da puoli dezilitrua. Survo kai ylen hyvin. Kua tahtas stolale da survo vie li\u017e\u00e4kse. Rubie luadimah pienii p\u00e4ppil\u00f6i. Jua tahtas, 45 piiruadu tulou. Musta t\u00e4m\u00e4. Py\u00f6rit\u00e4 hyvin da sit t\u00e4pyttele k\u00e4mmenel.<\/p>\n\n\n<iframe loading=\"lazy\" src=\"https:\/\/uef.cloud.panopto.eu\/Panopto\/Pages\/Embed.aspx?id=14fb59a9-28e3-4e9f-ac06-b0f500b2967d&autoplay=false&offerviewer=false&showtitle=false&showbrand=false&captions=false&interactivity=none\" height=\"405\" width=\"720\" style=\"border: 1px solid #464646;\" allowfullscreen allow=\"autoplay\" aria-label=\"Panopto Embedded Video Player\"><\/iframe>\n\n\n\n<p>Ajele piiruat v\u00e4rtin\u00e4l. <\/p>\n\n\n<iframe loading=\"lazy\" src=\"https:\/\/uef.cloud.panopto.eu\/Panopto\/Pages\/Embed.aspx?id=08d501da-6e46-4ffd-adec-b0f500b29679&autoplay=false&offerviewer=false&showtitle=false&showbrand=false&captions=false&interactivity=none\" height=\"405\" width=\"720\" style=\"border: 1px solid #464646;\" allowfullscreen allow=\"autoplay\" aria-label=\"Panopto Embedded Video Player\"><\/iframe>\n\n\n\n<p>Sit rubie panemah survotuu kartohkua da rypytt\u00e4m\u00e4h. <\/p>\n\n\n\n<figure class=\"wp-block-image size-large is-resized\"><img loading=\"lazy\" decoding=\"async\" width=\"1024\" height=\"768\" src=\"https:\/\/blogs.uef.fi\/karjalanelvytys\/wp-content\/uploads\/sites\/155\/2024\/01\/405369727_2222991737890478_8959058726899785071_n-1024x768.jpg\" alt=\"\" class=\"wp-image-14866\" style=\"width:400px\" srcset=\"https:\/\/blogs.uef.fi\/karjalanelvytys\/wp-content\/uploads\/sites\/155\/2024\/01\/405369727_2222991737890478_8959058726899785071_n-1024x768.jpg 1024w, https:\/\/blogs.uef.fi\/karjalanelvytys\/wp-content\/uploads\/sites\/155\/2024\/01\/405369727_2222991737890478_8959058726899785071_n-300x225.jpg 300w, https:\/\/blogs.uef.fi\/karjalanelvytys\/wp-content\/uploads\/sites\/155\/2024\/01\/405369727_2222991737890478_8959058726899785071_n-768x576.jpg 768w, https:\/\/blogs.uef.fi\/karjalanelvytys\/wp-content\/uploads\/sites\/155\/2024\/01\/405369727_2222991737890478_8959058726899785071_n-1536x1152.jpg 1536w, https:\/\/blogs.uef.fi\/karjalanelvytys\/wp-content\/uploads\/sites\/155\/2024\/01\/405369727_2222991737890478_8959058726899785071_n.jpg 2040w\" sizes=\"auto, (max-width: 1024px) 100vw, 1024px\" \/><figcaption class=\"wp-element-caption\">Kuva: Irina Karvonen<\/figcaption><\/figure>\n\n\n\n<p>Luaji juodazeh sevos kannatekses da j\u00e4i\u010dis. 175 grammua kannatestu da kaksi j\u00e4i\u010d\u010di\u00e4. Sevoita hyvin. Voidele da pane piiruat p\u00e4\u010d\u010dih. Sulata voidu da voidele piiruat hyvin. Sy\u00f6 piiruat maijonke libo \u010duajunke.<\/p>\n\n\n\n<figure class=\"wp-block-image size-large is-resized\"><img loading=\"lazy\" decoding=\"async\" width=\"768\" height=\"1024\" src=\"https:\/\/blogs.uef.fi\/karjalanelvytys\/wp-content\/uploads\/sites\/155\/2024\/01\/405323305_2222991797890472_3175671755783913937_n-768x1024.jpg\" alt=\"\" class=\"wp-image-14869\" style=\"width:auto;height:400px\" srcset=\"https:\/\/blogs.uef.fi\/karjalanelvytys\/wp-content\/uploads\/sites\/155\/2024\/01\/405323305_2222991797890472_3175671755783913937_n-768x1024.jpg 768w, https:\/\/blogs.uef.fi\/karjalanelvytys\/wp-content\/uploads\/sites\/155\/2024\/01\/405323305_2222991797890472_3175671755783913937_n-225x300.jpg 225w, https:\/\/blogs.uef.fi\/karjalanelvytys\/wp-content\/uploads\/sites\/155\/2024\/01\/405323305_2222991797890472_3175671755783913937_n-1152x1536.jpg 1152w, https:\/\/blogs.uef.fi\/karjalanelvytys\/wp-content\/uploads\/sites\/155\/2024\/01\/405323305_2222991797890472_3175671755783913937_n.jpg 1530w\" sizes=\"auto, (max-width: 768px) 100vw, 768px\" \/><figcaption class=\"wp-element-caption\">Kuva: Irina Karvonen<\/figcaption><\/figure>\n","protected":false},"excerpt":{"rendered":"<p>L&#8217;uba Pa\u0161ken luadii piiruat, Irina-tyt\u00e4r avutti da kuvai. Irinan poigu Anton, 15 vuottu, s\u00f6i piiruat. Karjalan piiruat kartohkanke K\u00e4vy enzim\u00e4i laukkah, musta ottua \u010domaine da hyv\u00e4 sumkaine. Osta laukas kartohkua, kannatestu, voidu, j\u00e4i\u010d\u010di\u00e4, t\u00e4yzijyv\u00e4histy jauhuo da suolua, ei olle niidy kois. Pane p\u00e4\u010d\u010di l\u00e4mbiem\u00e4h 275 gruadussah. Kuorita kartohkat da pane kiehumah, 1.5 kiluo, t\u00e4s tulou [&hellip;]<\/p>\n","protected":false},"author":580,"featured_media":0,"parent":0,"menu_order":0,"comment_status":"closed","ping_status":"closed","template":"","meta":{"_acf_changed":false,"footnotes":""},"class_list":["post-14854","page","type-page","status-publish","hentry"],"acf":[],"yoast_head":"<!-- This site is optimized with the Yoast SEO plugin v27.1.1 - https:\/\/yoast.com\/product\/yoast-seo-wordpress\/ -->\n<title>Irina Karvonen: \u0160ipainiekat - Karjalan kielen elvytt\u00e4minen<\/title>\n<meta name=\"robots\" content=\"index, follow, max-snippet:-1, max-image-preview:large, max-video-preview:-1\" \/>\n<link rel=\"canonical\" href=\"https:\/\/blogs.uef.fi\/karjalanelvytys\/irina-karvonen-sipainiekat\/\" \/>\n<meta property=\"og:locale\" content=\"fi_FI\" \/>\n<meta property=\"og:type\" content=\"article\" \/>\n<meta property=\"og:title\" content=\"Irina Karvonen: \u0160ipainiekat - Karjalan kielen elvytt\u00e4minen\" \/>\n<meta property=\"og:description\" content=\"L&#8217;uba Pa\u0161ken luadii piiruat, Irina-tyt\u00e4r avutti da kuvai. Irinan poigu Anton, 15 vuottu, s\u00f6i piiruat. Karjalan piiruat kartohkanke K\u00e4vy enzim\u00e4i laukkah, musta ottua \u010domaine da hyv\u00e4 sumkaine. Osta laukas kartohkua, kannatestu, voidu, j\u00e4i\u010d\u010di\u00e4, t\u00e4yzijyv\u00e4histy jauhuo da suolua, ei olle niidy kois. Pane p\u00e4\u010d\u010di l\u00e4mbiem\u00e4h 275 gruadussah. Kuorita kartohkat da pane kiehumah, 1.5 kiluo, t\u00e4s tulou [&hellip;]\" \/>\n<meta property=\"og:url\" content=\"https:\/\/blogs.uef.fi\/karjalanelvytys\/irina-karvonen-sipainiekat\/\" \/>\n<meta property=\"og:site_name\" content=\"Karjalan kielen elvytt\u00e4minen\" \/>\n<meta property=\"article:modified_time\" content=\"2024-01-15T08:28:22+00:00\" \/>\n<meta property=\"og:image\" content=\"https:\/\/blogs.uef.fi\/karjalanelvytys\/wp-content\/uploads\/sites\/155\/2024\/01\/405277718_2222991617890490_3737816044632492777_n-768x1024.jpg\" \/>\n<meta name=\"twitter:card\" content=\"summary_large_image\" \/>\n<meta name=\"twitter:label1\" content=\"Arvioitu lukuaika\" \/>\n\t<meta name=\"twitter:data1\" content=\"2 minuuttia\" \/>\n<script type=\"application\/ld+json\" class=\"yoast-schema-graph\">{\"@context\":\"https:\/\/schema.org\",\"@graph\":[{\"@type\":\"WebPage\",\"@id\":\"https:\/\/blogs.uef.fi\/karjalanelvytys\/irina-karvonen-sipainiekat\/\",\"url\":\"https:\/\/blogs.uef.fi\/karjalanelvytys\/irina-karvonen-sipainiekat\/\",\"name\":\"Irina Karvonen: \u0160ipainiekat - Karjalan kielen elvytt\u00e4minen\",\"isPartOf\":{\"@id\":\"https:\/\/blogs.uef.fi\/karjalanelvytys\/#website\"},\"primaryImageOfPage\":{\"@id\":\"https:\/\/blogs.uef.fi\/karjalanelvytys\/irina-karvonen-sipainiekat\/#primaryimage\"},\"image\":{\"@id\":\"https:\/\/blogs.uef.fi\/karjalanelvytys\/irina-karvonen-sipainiekat\/#primaryimage\"},\"thumbnailUrl\":\"https:\/\/blogs.uef.fi\/karjalanelvytys\/wp-content\/uploads\/sites\/155\/2024\/01\/405277718_2222991617890490_3737816044632492777_n-768x1024.jpg\",\"datePublished\":\"2024-01-15T08:28:21+00:00\",\"dateModified\":\"2024-01-15T08:28:22+00:00\",\"breadcrumb\":{\"@id\":\"https:\/\/blogs.uef.fi\/karjalanelvytys\/irina-karvonen-sipainiekat\/#breadcrumb\"},\"inLanguage\":\"fi\",\"potentialAction\":[{\"@type\":\"ReadAction\",\"target\":[\"https:\/\/blogs.uef.fi\/karjalanelvytys\/irina-karvonen-sipainiekat\/\"]}]},{\"@type\":\"ImageObject\",\"inLanguage\":\"fi\",\"@id\":\"https:\/\/blogs.uef.fi\/karjalanelvytys\/irina-karvonen-sipainiekat\/#primaryimage\",\"url\":\"https:\/\/blogs.uef.fi\/karjalanelvytys\/wp-content\/uploads\/sites\/155\/2024\/01\/405277718_2222991617890490_3737816044632492777_n.jpg\",\"contentUrl\":\"https:\/\/blogs.uef.fi\/karjalanelvytys\/wp-content\/uploads\/sites\/155\/2024\/01\/405277718_2222991617890490_3737816044632492777_n.jpg\",\"width\":1530,\"height\":2040},{\"@type\":\"BreadcrumbList\",\"@id\":\"https:\/\/blogs.uef.fi\/karjalanelvytys\/irina-karvonen-sipainiekat\/#breadcrumb\",\"itemListElement\":[{\"@type\":\"ListItem\",\"position\":1,\"name\":\"Home\",\"item\":\"https:\/\/blogs.uef.fi\/karjalanelvytys\/\"},{\"@type\":\"ListItem\",\"position\":2,\"name\":\"Irina Karvonen: \u0160ipainiekat\"}]},{\"@type\":\"WebSite\",\"@id\":\"https:\/\/blogs.uef.fi\/karjalanelvytys\/#website\",\"url\":\"https:\/\/blogs.uef.fi\/karjalanelvytys\/\",\"name\":\"Karjalan kielen elvytt\u00e4minen\",\"description\":\"\",\"potentialAction\":[{\"@type\":\"SearchAction\",\"target\":{\"@type\":\"EntryPoint\",\"urlTemplate\":\"https:\/\/blogs.uef.fi\/karjalanelvytys\/?s={search_term_string}\"},\"query-input\":{\"@type\":\"PropertyValueSpecification\",\"valueRequired\":true,\"valueName\":\"search_term_string\"}}],\"inLanguage\":\"fi\"}]}<\/script>\n<!-- \/ Yoast SEO plugin. -->","yoast_head_json":{"title":"Irina Karvonen: \u0160ipainiekat - Karjalan kielen elvytt\u00e4minen","robots":{"index":"index","follow":"follow","max-snippet":"max-snippet:-1","max-image-preview":"max-image-preview:large","max-video-preview":"max-video-preview:-1"},"canonical":"https:\/\/blogs.uef.fi\/karjalanelvytys\/irina-karvonen-sipainiekat\/","og_locale":"fi_FI","og_type":"article","og_title":"Irina Karvonen: \u0160ipainiekat - Karjalan kielen elvytt\u00e4minen","og_description":"L&#8217;uba Pa\u0161ken luadii piiruat, Irina-tyt\u00e4r avutti da kuvai. Irinan poigu Anton, 15 vuottu, s\u00f6i piiruat. Karjalan piiruat kartohkanke K\u00e4vy enzim\u00e4i laukkah, musta ottua \u010domaine da hyv\u00e4 sumkaine. Osta laukas kartohkua, kannatestu, voidu, j\u00e4i\u010d\u010di\u00e4, t\u00e4yzijyv\u00e4histy jauhuo da suolua, ei olle niidy kois. Pane p\u00e4\u010d\u010di l\u00e4mbiem\u00e4h 275 gruadussah. Kuorita kartohkat da pane kiehumah, 1.5 kiluo, t\u00e4s tulou [&hellip;]","og_url":"https:\/\/blogs.uef.fi\/karjalanelvytys\/irina-karvonen-sipainiekat\/","og_site_name":"Karjalan kielen elvytt\u00e4minen","article_modified_time":"2024-01-15T08:28:22+00:00","og_image":[{"url":"https:\/\/blogs.uef.fi\/karjalanelvytys\/wp-content\/uploads\/sites\/155\/2024\/01\/405277718_2222991617890490_3737816044632492777_n-768x1024.jpg","type":"","width":"","height":""}],"twitter_card":"summary_large_image","twitter_misc":{"Arvioitu lukuaika":"2 minuuttia"},"schema":{"@context":"https:\/\/schema.org","@graph":[{"@type":"WebPage","@id":"https:\/\/blogs.uef.fi\/karjalanelvytys\/irina-karvonen-sipainiekat\/","url":"https:\/\/blogs.uef.fi\/karjalanelvytys\/irina-karvonen-sipainiekat\/","name":"Irina Karvonen: \u0160ipainiekat - Karjalan kielen elvytt\u00e4minen","isPartOf":{"@id":"https:\/\/blogs.uef.fi\/karjalanelvytys\/#website"},"primaryImageOfPage":{"@id":"https:\/\/blogs.uef.fi\/karjalanelvytys\/irina-karvonen-sipainiekat\/#primaryimage"},"image":{"@id":"https:\/\/blogs.uef.fi\/karjalanelvytys\/irina-karvonen-sipainiekat\/#primaryimage"},"thumbnailUrl":"https:\/\/blogs.uef.fi\/karjalanelvytys\/wp-content\/uploads\/sites\/155\/2024\/01\/405277718_2222991617890490_3737816044632492777_n-768x1024.jpg","datePublished":"2024-01-15T08:28:21+00:00","dateModified":"2024-01-15T08:28:22+00:00","breadcrumb":{"@id":"https:\/\/blogs.uef.fi\/karjalanelvytys\/irina-karvonen-sipainiekat\/#breadcrumb"},"inLanguage":"fi","potentialAction":[{"@type":"ReadAction","target":["https:\/\/blogs.uef.fi\/karjalanelvytys\/irina-karvonen-sipainiekat\/"]}]},{"@type":"ImageObject","inLanguage":"fi","@id":"https:\/\/blogs.uef.fi\/karjalanelvytys\/irina-karvonen-sipainiekat\/#primaryimage","url":"https:\/\/blogs.uef.fi\/karjalanelvytys\/wp-content\/uploads\/sites\/155\/2024\/01\/405277718_2222991617890490_3737816044632492777_n.jpg","contentUrl":"https:\/\/blogs.uef.fi\/karjalanelvytys\/wp-content\/uploads\/sites\/155\/2024\/01\/405277718_2222991617890490_3737816044632492777_n.jpg","width":1530,"height":2040},{"@type":"BreadcrumbList","@id":"https:\/\/blogs.uef.fi\/karjalanelvytys\/irina-karvonen-sipainiekat\/#breadcrumb","itemListElement":[{"@type":"ListItem","position":1,"name":"Home","item":"https:\/\/blogs.uef.fi\/karjalanelvytys\/"},{"@type":"ListItem","position":2,"name":"Irina Karvonen: \u0160ipainiekat"}]},{"@type":"WebSite","@id":"https:\/\/blogs.uef.fi\/karjalanelvytys\/#website","url":"https:\/\/blogs.uef.fi\/karjalanelvytys\/","name":"Karjalan kielen elvytt\u00e4minen","description":"","potentialAction":[{"@type":"SearchAction","target":{"@type":"EntryPoint","urlTemplate":"https:\/\/blogs.uef.fi\/karjalanelvytys\/?s={search_term_string}"},"query-input":{"@type":"PropertyValueSpecification","valueRequired":true,"valueName":"search_term_string"}}],"inLanguage":"fi"}]}},"_links":{"self":[{"href":"https:\/\/blogs.uef.fi\/karjalanelvytys\/wp-json\/wp\/v2\/pages\/14854","targetHints":{"allow":["GET"]}}],"collection":[{"href":"https:\/\/blogs.uef.fi\/karjalanelvytys\/wp-json\/wp\/v2\/pages"}],"about":[{"href":"https:\/\/blogs.uef.fi\/karjalanelvytys\/wp-json\/wp\/v2\/types\/page"}],"author":[{"embeddable":true,"href":"https:\/\/blogs.uef.fi\/karjalanelvytys\/wp-json\/wp\/v2\/users\/580"}],"replies":[{"embeddable":true,"href":"https:\/\/blogs.uef.fi\/karjalanelvytys\/wp-json\/wp\/v2\/comments?post=14854"}],"version-history":[{"count":2,"href":"https:\/\/blogs.uef.fi\/karjalanelvytys\/wp-json\/wp\/v2\/pages\/14854\/revisions"}],"predecessor-version":[{"id":14872,"href":"https:\/\/blogs.uef.fi\/karjalanelvytys\/wp-json\/wp\/v2\/pages\/14854\/revisions\/14872"}],"wp:attachment":[{"href":"https:\/\/blogs.uef.fi\/karjalanelvytys\/wp-json\/wp\/v2\/media?parent=14854"}],"curies":[{"name":"wp","href":"https:\/\/api.w.org\/{rel}","templated":true}]}}