{"id":14718,"date":"2024-01-11T10:07:35","date_gmt":"2024-01-11T08:07:35","guid":{"rendered":"https:\/\/blogs.uef.fi\/karjalanelvytys\/?page_id=14718"},"modified":"2024-01-11T10:08:17","modified_gmt":"2024-01-11T08:08:17","slug":"vienankarjalaisen-pakinaklupin-vastauvunnat-kevyalla-2023-kerahmo-10-5","status":"publish","type":"page","link":"https:\/\/blogs.uef.fi\/karjalanelvytys\/vienankarjalaisen-pakinaklupin-vastauvunnat-kevyalla-2023-kerahmo-10-5\/","title":{"rendered":"Vienankarjalaisen pakinaklupin va\u0161tauvunnat kevy\u00e4ll\u00e4 2023, ker\u00e4hm\u00f6 10.5."},"content":{"rendered":"\n<p>Kirjuttan talteh: Olga Karlova<\/p>\n\n\n\n<h2 class=\"wp-block-heading\"><strong>Vienankarjalaisen pakinaklupin nell\u00e4\u0161 Zoom-ker\u00e4hm\u00f6 10.5.<\/strong><\/h2>\n\n\n\n<p>Eklein meit\u00e4 oli viisi. Kevy\u00e4set p\u00e4iv\u00e4t muanitetah rahva\u0161ta pihalla eik\u00e4 Zoom-ker\u00e4hm\u00f6l\u00f6ih. Ka kun ker\u00e4yvymm\u00e4, ni pakina pakinan ka\u010do jatkau.<\/p>\n\n\n\n<p>Alkuh <strong>Mari Rajamaa<\/strong> kerto Vapriikin n\u00e4yttely\u0161t\u00e4 ta \u0161iit\u00e4, mimmoista starinan i\u00e4nehlukijan ruato on ollun. Alempana ni\u00e4tt\u00e4 esittehet ta linkit musein netti\u0161ivulla ta lehtikirjutuk\u0161eh, kumpase\u0161\u0161a mainitah ni vienalaiset starinat. Tule terveh \u0161uarname\u010d\u010d\u00e4h! Starinua Europa\u0161ta ta niijen \u0161eja\u0161\u0161a ni viisi karjalaista starinua vienankarjalak\u0161i luvettuna Vapriikissa Tamperehella. <\/p>\n\n\n\n<p><a href=\"https:\/\/www.vapriikki.fi\/nayttelyt\/olipa-kerran-tarina-satujen-synnysta\/\" target=\"_blank\" rel=\"noreferrer noopener\">Linkki Vapriikin n\u00e4yttelyt -\u0161ivulla.<\/a><\/p>\n\n\n\n<p><a href=\"https:\/\/www.aamulehti.fi\/kulttuuri\/art-2000009534943.html?fbclid=IwAR1hgy6a1QSBO9FmHSI33mrcCphfvWV5M5kwGaEfB6jlPz0cJ4qGwinIXSE\" target=\"_blank\" rel=\"noreferrer noopener\">Linkki juttuun Vapriikissa avautuu uusi koko perheen n\u00e4yttely, jossa sukelletaan satujen maailmaan \u2013 katso t\u00e4st\u00e4, mit\u00e4 on luvassa, Aamulehti, 27.3.2023.<\/a><\/p>\n\n\n\n<p>Pakasima viel\u00e4i \u0160ommelon musiikkipruasniekan aikah piett\u00e4v\u00e4\u0161t\u00e4 vienankarjalan kur\u0161\u0161ista.  Ilmottautuo voipi 21.5.2023 \u0161uaten.<\/p>\n\n\n\n<p>Tule terveh Kuhmoh ta ku\u010du matkah tovarissua, heimolaista, sussietua..!<\/p>\n\n\n\n<p>Hyvy\u00e4 ke\u0161y\u00e4 teil\u00e4!<\/p>\n","protected":false},"excerpt":{"rendered":"<p>Kirjuttan talteh: Olga Karlova Vienankarjalaisen pakinaklupin nell\u00e4\u0161 Zoom-ker\u00e4hm\u00f6 10.5. Eklein meit\u00e4 oli viisi. Kevy\u00e4set p\u00e4iv\u00e4t muanitetah rahva\u0161ta pihalla eik\u00e4 Zoom-ker\u00e4hm\u00f6l\u00f6ih. Ka kun ker\u00e4yvymm\u00e4, ni pakina pakinan ka\u010do jatkau. Alkuh Mari Rajamaa kerto Vapriikin n\u00e4yttely\u0161t\u00e4 ta \u0161iit\u00e4, mimmoista starinan i\u00e4nehlukijan ruato on ollun. Alempana ni\u00e4tt\u00e4 esittehet ta linkit musein netti\u0161ivulla ta lehtikirjutuk\u0161eh, kumpase\u0161\u0161a mainitah ni vienalaiset [&hellip;]<\/p>\n","protected":false},"author":480,"featured_media":0,"parent":0,"menu_order":0,"comment_status":"closed","ping_status":"closed","template":"","meta":{"_acf_changed":false,"footnotes":""},"class_list":["post-14718","page","type-page","status-publish","hentry"],"acf":[],"yoast_head":"<!-- This site is optimized with the Yoast SEO plugin v27.3 - https:\/\/yoast.com\/product\/yoast-seo-wordpress\/ -->\n<title>Vienankarjalaisen pakinaklupin va\u0161tauvunnat kevy\u00e4ll\u00e4 2023, ker\u00e4hm\u00f6 10.5. - Karjalan kielen elvytt\u00e4minen<\/title>\n<meta name=\"robots\" content=\"index, follow, max-snippet:-1, max-image-preview:large, max-video-preview:-1\" \/>\n<link rel=\"canonical\" href=\"https:\/\/blogs.uef.fi\/karjalanelvytys\/vienankarjalaisen-pakinaklupin-vastauvunnat-kevyalla-2023-kerahmo-10-5\/\" \/>\n<meta property=\"og:locale\" content=\"fi_FI\" \/>\n<meta property=\"og:type\" content=\"article\" \/>\n<meta property=\"og:title\" content=\"Vienankarjalaisen pakinaklupin va\u0161tauvunnat kevy\u00e4ll\u00e4 2023, ker\u00e4hm\u00f6 10.5. - Karjalan kielen elvytt\u00e4minen\" \/>\n<meta property=\"og:description\" content=\"Kirjuttan talteh: Olga Karlova Vienankarjalaisen pakinaklupin nell\u00e4\u0161 Zoom-ker\u00e4hm\u00f6 10.5. Eklein meit\u00e4 oli viisi. Kevy\u00e4set p\u00e4iv\u00e4t muanitetah rahva\u0161ta pihalla eik\u00e4 Zoom-ker\u00e4hm\u00f6l\u00f6ih. Ka kun ker\u00e4yvymm\u00e4, ni pakina pakinan ka\u010do jatkau. Alkuh Mari Rajamaa kerto Vapriikin n\u00e4yttely\u0161t\u00e4 ta \u0161iit\u00e4, mimmoista starinan i\u00e4nehlukijan ruato on ollun. Alempana ni\u00e4tt\u00e4 esittehet ta linkit musein netti\u0161ivulla ta lehtikirjutuk\u0161eh, kumpase\u0161\u0161a mainitah ni vienalaiset [&hellip;]\" \/>\n<meta property=\"og:url\" content=\"https:\/\/blogs.uef.fi\/karjalanelvytys\/vienankarjalaisen-pakinaklupin-vastauvunnat-kevyalla-2023-kerahmo-10-5\/\" \/>\n<meta property=\"og:site_name\" content=\"Karjalan kielen elvytt\u00e4minen\" \/>\n<meta property=\"article:modified_time\" content=\"2024-01-11T08:08:17+00:00\" \/>\n<meta name=\"twitter:card\" content=\"summary_large_image\" \/>\n<meta name=\"twitter:label1\" content=\"Arvioitu lukuaika\" \/>\n\t<meta name=\"twitter:data1\" content=\"1 minuutti\" \/>\n<script type=\"application\/ld+json\" class=\"yoast-schema-graph\">{\"@context\":\"https:\\\/\\\/schema.org\",\"@graph\":[{\"@type\":\"WebPage\",\"@id\":\"https:\\\/\\\/blogs.uef.fi\\\/karjalanelvytys\\\/vienankarjalaisen-pakinaklupin-vastauvunnat-kevyalla-2023-kerahmo-10-5\\\/\",\"url\":\"https:\\\/\\\/blogs.uef.fi\\\/karjalanelvytys\\\/vienankarjalaisen-pakinaklupin-vastauvunnat-kevyalla-2023-kerahmo-10-5\\\/\",\"name\":\"Vienankarjalaisen pakinaklupin va\u0161tauvunnat kevy\u00e4ll\u00e4 2023, ker\u00e4hm\u00f6 10.5. - Karjalan kielen elvytt\u00e4minen\",\"isPartOf\":{\"@id\":\"https:\\\/\\\/blogs.uef.fi\\\/karjalanelvytys\\\/#website\"},\"datePublished\":\"2024-01-11T08:07:35+00:00\",\"dateModified\":\"2024-01-11T08:08:17+00:00\",\"breadcrumb\":{\"@id\":\"https:\\\/\\\/blogs.uef.fi\\\/karjalanelvytys\\\/vienankarjalaisen-pakinaklupin-vastauvunnat-kevyalla-2023-kerahmo-10-5\\\/#breadcrumb\"},\"inLanguage\":\"fi\",\"potentialAction\":[{\"@type\":\"ReadAction\",\"target\":[\"https:\\\/\\\/blogs.uef.fi\\\/karjalanelvytys\\\/vienankarjalaisen-pakinaklupin-vastauvunnat-kevyalla-2023-kerahmo-10-5\\\/\"]}]},{\"@type\":\"BreadcrumbList\",\"@id\":\"https:\\\/\\\/blogs.uef.fi\\\/karjalanelvytys\\\/vienankarjalaisen-pakinaklupin-vastauvunnat-kevyalla-2023-kerahmo-10-5\\\/#breadcrumb\",\"itemListElement\":[{\"@type\":\"ListItem\",\"position\":1,\"name\":\"Home\",\"item\":\"https:\\\/\\\/blogs.uef.fi\\\/karjalanelvytys\\\/\"},{\"@type\":\"ListItem\",\"position\":2,\"name\":\"Vienankarjalaisen pakinaklupin va\u0161tauvunnat kevy\u00e4ll\u00e4 2023, ker\u00e4hm\u00f6 10.5.\"}]},{\"@type\":\"WebSite\",\"@id\":\"https:\\\/\\\/blogs.uef.fi\\\/karjalanelvytys\\\/#website\",\"url\":\"https:\\\/\\\/blogs.uef.fi\\\/karjalanelvytys\\\/\",\"name\":\"Karjalan kielen elvytt\u00e4minen\",\"description\":\"\",\"potentialAction\":[{\"@type\":\"SearchAction\",\"target\":{\"@type\":\"EntryPoint\",\"urlTemplate\":\"https:\\\/\\\/blogs.uef.fi\\\/karjalanelvytys\\\/?s={search_term_string}\"},\"query-input\":{\"@type\":\"PropertyValueSpecification\",\"valueRequired\":true,\"valueName\":\"search_term_string\"}}],\"inLanguage\":\"fi\"}]}<\/script>\n<!-- \/ Yoast SEO plugin. -->","yoast_head_json":{"title":"Vienankarjalaisen pakinaklupin va\u0161tauvunnat kevy\u00e4ll\u00e4 2023, ker\u00e4hm\u00f6 10.5. - Karjalan kielen elvytt\u00e4minen","robots":{"index":"index","follow":"follow","max-snippet":"max-snippet:-1","max-image-preview":"max-image-preview:large","max-video-preview":"max-video-preview:-1"},"canonical":"https:\/\/blogs.uef.fi\/karjalanelvytys\/vienankarjalaisen-pakinaklupin-vastauvunnat-kevyalla-2023-kerahmo-10-5\/","og_locale":"fi_FI","og_type":"article","og_title":"Vienankarjalaisen pakinaklupin va\u0161tauvunnat kevy\u00e4ll\u00e4 2023, ker\u00e4hm\u00f6 10.5. - Karjalan kielen elvytt\u00e4minen","og_description":"Kirjuttan talteh: Olga Karlova Vienankarjalaisen pakinaklupin nell\u00e4\u0161 Zoom-ker\u00e4hm\u00f6 10.5. Eklein meit\u00e4 oli viisi. Kevy\u00e4set p\u00e4iv\u00e4t muanitetah rahva\u0161ta pihalla eik\u00e4 Zoom-ker\u00e4hm\u00f6l\u00f6ih. Ka kun ker\u00e4yvymm\u00e4, ni pakina pakinan ka\u010do jatkau. Alkuh Mari Rajamaa kerto Vapriikin n\u00e4yttely\u0161t\u00e4 ta \u0161iit\u00e4, mimmoista starinan i\u00e4nehlukijan ruato on ollun. Alempana ni\u00e4tt\u00e4 esittehet ta linkit musein netti\u0161ivulla ta lehtikirjutuk\u0161eh, kumpase\u0161\u0161a mainitah ni vienalaiset [&hellip;]","og_url":"https:\/\/blogs.uef.fi\/karjalanelvytys\/vienankarjalaisen-pakinaklupin-vastauvunnat-kevyalla-2023-kerahmo-10-5\/","og_site_name":"Karjalan kielen elvytt\u00e4minen","article_modified_time":"2024-01-11T08:08:17+00:00","twitter_card":"summary_large_image","twitter_misc":{"Arvioitu lukuaika":"1 minuutti"},"schema":{"@context":"https:\/\/schema.org","@graph":[{"@type":"WebPage","@id":"https:\/\/blogs.uef.fi\/karjalanelvytys\/vienankarjalaisen-pakinaklupin-vastauvunnat-kevyalla-2023-kerahmo-10-5\/","url":"https:\/\/blogs.uef.fi\/karjalanelvytys\/vienankarjalaisen-pakinaklupin-vastauvunnat-kevyalla-2023-kerahmo-10-5\/","name":"Vienankarjalaisen pakinaklupin va\u0161tauvunnat kevy\u00e4ll\u00e4 2023, ker\u00e4hm\u00f6 10.5. - Karjalan kielen elvytt\u00e4minen","isPartOf":{"@id":"https:\/\/blogs.uef.fi\/karjalanelvytys\/#website"},"datePublished":"2024-01-11T08:07:35+00:00","dateModified":"2024-01-11T08:08:17+00:00","breadcrumb":{"@id":"https:\/\/blogs.uef.fi\/karjalanelvytys\/vienankarjalaisen-pakinaklupin-vastauvunnat-kevyalla-2023-kerahmo-10-5\/#breadcrumb"},"inLanguage":"fi","potentialAction":[{"@type":"ReadAction","target":["https:\/\/blogs.uef.fi\/karjalanelvytys\/vienankarjalaisen-pakinaklupin-vastauvunnat-kevyalla-2023-kerahmo-10-5\/"]}]},{"@type":"BreadcrumbList","@id":"https:\/\/blogs.uef.fi\/karjalanelvytys\/vienankarjalaisen-pakinaklupin-vastauvunnat-kevyalla-2023-kerahmo-10-5\/#breadcrumb","itemListElement":[{"@type":"ListItem","position":1,"name":"Home","item":"https:\/\/blogs.uef.fi\/karjalanelvytys\/"},{"@type":"ListItem","position":2,"name":"Vienankarjalaisen pakinaklupin va\u0161tauvunnat kevy\u00e4ll\u00e4 2023, ker\u00e4hm\u00f6 10.5."}]},{"@type":"WebSite","@id":"https:\/\/blogs.uef.fi\/karjalanelvytys\/#website","url":"https:\/\/blogs.uef.fi\/karjalanelvytys\/","name":"Karjalan kielen elvytt\u00e4minen","description":"","potentialAction":[{"@type":"SearchAction","target":{"@type":"EntryPoint","urlTemplate":"https:\/\/blogs.uef.fi\/karjalanelvytys\/?s={search_term_string}"},"query-input":{"@type":"PropertyValueSpecification","valueRequired":true,"valueName":"search_term_string"}}],"inLanguage":"fi"}]}},"_links":{"self":[{"href":"https:\/\/blogs.uef.fi\/karjalanelvytys\/wp-json\/wp\/v2\/pages\/14718","targetHints":{"allow":["GET"]}}],"collection":[{"href":"https:\/\/blogs.uef.fi\/karjalanelvytys\/wp-json\/wp\/v2\/pages"}],"about":[{"href":"https:\/\/blogs.uef.fi\/karjalanelvytys\/wp-json\/wp\/v2\/types\/page"}],"author":[{"embeddable":true,"href":"https:\/\/blogs.uef.fi\/karjalanelvytys\/wp-json\/wp\/v2\/users\/480"}],"replies":[{"embeddable":true,"href":"https:\/\/blogs.uef.fi\/karjalanelvytys\/wp-json\/wp\/v2\/comments?post=14718"}],"version-history":[{"count":3,"href":"https:\/\/blogs.uef.fi\/karjalanelvytys\/wp-json\/wp\/v2\/pages\/14718\/revisions"}],"predecessor-version":[{"id":14727,"href":"https:\/\/blogs.uef.fi\/karjalanelvytys\/wp-json\/wp\/v2\/pages\/14718\/revisions\/14727"}],"wp:attachment":[{"href":"https:\/\/blogs.uef.fi\/karjalanelvytys\/wp-json\/wp\/v2\/media?parent=14718"}],"curies":[{"name":"wp","href":"https:\/\/api.w.org\/{rel}","templated":true}]}}