{"id":14658,"date":"2024-01-11T09:08:29","date_gmt":"2024-01-11T07:08:29","guid":{"rendered":"https:\/\/blogs.uef.fi\/karjalanelvytys\/?page_id=14658"},"modified":"2024-01-11T09:52:31","modified_gmt":"2024-01-11T07:52:31","slug":"vienankarjalaisen-pakinaklupin-vastauvunnat-kevyalla-2023-kerahmo-28-3","status":"publish","type":"page","link":"https:\/\/blogs.uef.fi\/karjalanelvytys\/vienankarjalaisen-pakinaklupin-vastauvunnat-kevyalla-2023-kerahmo-28-3\/","title":{"rendered":"Vienankarjalaisen pakinaklupin va\u0161tauvunnat kevy\u00e4ll\u00e4 2023, ker\u00e4hm\u00f6 28.3."},"content":{"rendered":"\n<p>Kirjuttan talteh: Olga Karlova<\/p>\n\n\n\n<p>Pakinaklupin eklise\u0161\u0161\u00e4 ker\u00e4hm\u00f6\u0161\u0161\u00e4 meit\u00e4 oli 13. Pakasima pluaniloista, mit\u00e4 rupiemma ruatamah matkuajan kevy\u00e4n aikana. Olis hyv\u00e4, jotta joka Zoom-va\u0161tauvunnan aikana rotiutuis jokap\u00e4iv\u00e4seh elok\u0161eh liittyjy\u00e4 v\u00e4lly\u00e4 pakinua. Kaikki aijankohtaset teemat ollah hyv\u00e4t, kun vain pi\u00e4sisim\u00e4 tarttumah karjalan pakinah.<\/p>\n\n\n\n<p>Pi\u00e4ttim\u00e4 lukie kotilukuna L\u00f6nnivuaran Eemelie. Jokahini oman mahon mukah. Kuottelemma rakentua pakinua luvetun pohjalta. Tavottehena olis opa\u0161tuo uutta \u0161anua, virkeht\u00e4 ta repliikkie, jotta ottua ne k\u00e4ytt\u00f6h. N\u00e4in kehit\u00e4mm\u00e4 omua pakinaneruo.<\/p>\n\n\n\n<p><strong>Irmalta<\/strong> tuli ehotu\u0161 ruveta kirjuttamah mit\u00e4nih tekstie (starinua, kertomu\u0161ta, istorijua) yhe\u0161\u0161\u00e4. Kennih alottau, toini jatkau ta niin iell\u00e4h vuorokkah. T\u00e4h tarkotuk\u0161eh p\u00e4t\u00f6y Padlet-\u0161ein\u00e4. Olen luatin tilua kolmella luvulla. Alotamma, \u0161iit\u00e4 ka\u010domma pit\u00e4n\u00f6yk\u00f6 olla lisy\u00e4.<\/p>\n\n\n\n<p>Kuhmo on vuuvven 2023 \u0161uomelais-ugrilaini kulttuuripi\u00e4linna. \u0160ommelon aikana Kuhmo\u0161\u0161a piet\u00e4h karjalan kielen (vienankarjalan) kur\u0161\u0161ie. Tarkempua tietuo l\u00f6yv\u00e4t t\u00e4\u0161t\u00e4: <\/p>\n\n\n\n<p><a href=\"https:\/\/sommelo.net\/kurssit\/\" target=\"_blank\" rel=\"noreferrer noopener\">Linkki tietoloih \u0160ommelon kur\u0161\u0161iloista.<\/a><\/p>\n\n\n\n<p>N\u00e4keyvymm\u00e4 kolmen net\u00e4lin pi\u00e4\u0161t\u00e4 18. \u0161ulakuuta! Hyvy\u00e4 \u00c4ijy\u00e4p\u00e4ivy\u00e4!<\/p>\n","protected":false},"excerpt":{"rendered":"<p>Kirjuttan talteh: Olga Karlova Pakinaklupin eklise\u0161\u0161\u00e4 ker\u00e4hm\u00f6\u0161\u0161\u00e4 meit\u00e4 oli 13. Pakasima pluaniloista, mit\u00e4 rupiemma ruatamah matkuajan kevy\u00e4n aikana. Olis hyv\u00e4, jotta joka Zoom-va\u0161tauvunnan aikana rotiutuis jokap\u00e4iv\u00e4seh elok\u0161eh liittyjy\u00e4 v\u00e4lly\u00e4 pakinua. Kaikki aijankohtaset teemat ollah hyv\u00e4t, kun vain pi\u00e4sisim\u00e4 tarttumah karjalan pakinah. Pi\u00e4ttim\u00e4 lukie kotilukuna L\u00f6nnivuaran Eemelie. Jokahini oman mahon mukah. Kuottelemma rakentua pakinua luvetun pohjalta. [&hellip;]<\/p>\n","protected":false},"author":480,"featured_media":0,"parent":0,"menu_order":0,"comment_status":"closed","ping_status":"closed","template":"","meta":{"_acf_changed":false,"footnotes":""},"class_list":["post-14658","page","type-page","status-publish","hentry"],"acf":[],"yoast_head":"<!-- This site is optimized with the Yoast SEO plugin v27.3 - https:\/\/yoast.com\/product\/yoast-seo-wordpress\/ -->\n<title>Vienankarjalaisen pakinaklupin va\u0161tauvunnat kevy\u00e4ll\u00e4 2023, ker\u00e4hm\u00f6 28.3. - Karjalan kielen elvytt\u00e4minen<\/title>\n<meta name=\"robots\" content=\"index, follow, max-snippet:-1, max-image-preview:large, max-video-preview:-1\" \/>\n<link rel=\"canonical\" href=\"https:\/\/blogs.uef.fi\/karjalanelvytys\/vienankarjalaisen-pakinaklupin-vastauvunnat-kevyalla-2023-kerahmo-28-3\/\" \/>\n<meta property=\"og:locale\" content=\"fi_FI\" \/>\n<meta property=\"og:type\" content=\"article\" \/>\n<meta property=\"og:title\" content=\"Vienankarjalaisen pakinaklupin va\u0161tauvunnat kevy\u00e4ll\u00e4 2023, ker\u00e4hm\u00f6 28.3. - Karjalan kielen elvytt\u00e4minen\" \/>\n<meta property=\"og:description\" content=\"Kirjuttan talteh: Olga Karlova Pakinaklupin eklise\u0161\u0161\u00e4 ker\u00e4hm\u00f6\u0161\u0161\u00e4 meit\u00e4 oli 13. Pakasima pluaniloista, mit\u00e4 rupiemma ruatamah matkuajan kevy\u00e4n aikana. Olis hyv\u00e4, jotta joka Zoom-va\u0161tauvunnan aikana rotiutuis jokap\u00e4iv\u00e4seh elok\u0161eh liittyjy\u00e4 v\u00e4lly\u00e4 pakinua. Kaikki aijankohtaset teemat ollah hyv\u00e4t, kun vain pi\u00e4sisim\u00e4 tarttumah karjalan pakinah. Pi\u00e4ttim\u00e4 lukie kotilukuna L\u00f6nnivuaran Eemelie. Jokahini oman mahon mukah. Kuottelemma rakentua pakinua luvetun pohjalta. [&hellip;]\" \/>\n<meta property=\"og:url\" content=\"https:\/\/blogs.uef.fi\/karjalanelvytys\/vienankarjalaisen-pakinaklupin-vastauvunnat-kevyalla-2023-kerahmo-28-3\/\" \/>\n<meta property=\"og:site_name\" content=\"Karjalan kielen elvytt\u00e4minen\" \/>\n<meta property=\"article:modified_time\" content=\"2024-01-11T07:52:31+00:00\" \/>\n<meta name=\"twitter:card\" content=\"summary_large_image\" \/>\n<meta name=\"twitter:label1\" content=\"Arvioitu lukuaika\" \/>\n\t<meta name=\"twitter:data1\" content=\"1 minuutti\" \/>\n<script type=\"application\/ld+json\" class=\"yoast-schema-graph\">{\"@context\":\"https:\\\/\\\/schema.org\",\"@graph\":[{\"@type\":\"WebPage\",\"@id\":\"https:\\\/\\\/blogs.uef.fi\\\/karjalanelvytys\\\/vienankarjalaisen-pakinaklupin-vastauvunnat-kevyalla-2023-kerahmo-28-3\\\/\",\"url\":\"https:\\\/\\\/blogs.uef.fi\\\/karjalanelvytys\\\/vienankarjalaisen-pakinaklupin-vastauvunnat-kevyalla-2023-kerahmo-28-3\\\/\",\"name\":\"Vienankarjalaisen pakinaklupin va\u0161tauvunnat kevy\u00e4ll\u00e4 2023, ker\u00e4hm\u00f6 28.3. - Karjalan kielen elvytt\u00e4minen\",\"isPartOf\":{\"@id\":\"https:\\\/\\\/blogs.uef.fi\\\/karjalanelvytys\\\/#website\"},\"datePublished\":\"2024-01-11T07:08:29+00:00\",\"dateModified\":\"2024-01-11T07:52:31+00:00\",\"breadcrumb\":{\"@id\":\"https:\\\/\\\/blogs.uef.fi\\\/karjalanelvytys\\\/vienankarjalaisen-pakinaklupin-vastauvunnat-kevyalla-2023-kerahmo-28-3\\\/#breadcrumb\"},\"inLanguage\":\"fi\",\"potentialAction\":[{\"@type\":\"ReadAction\",\"target\":[\"https:\\\/\\\/blogs.uef.fi\\\/karjalanelvytys\\\/vienankarjalaisen-pakinaklupin-vastauvunnat-kevyalla-2023-kerahmo-28-3\\\/\"]}]},{\"@type\":\"BreadcrumbList\",\"@id\":\"https:\\\/\\\/blogs.uef.fi\\\/karjalanelvytys\\\/vienankarjalaisen-pakinaklupin-vastauvunnat-kevyalla-2023-kerahmo-28-3\\\/#breadcrumb\",\"itemListElement\":[{\"@type\":\"ListItem\",\"position\":1,\"name\":\"Home\",\"item\":\"https:\\\/\\\/blogs.uef.fi\\\/karjalanelvytys\\\/\"},{\"@type\":\"ListItem\",\"position\":2,\"name\":\"Vienankarjalaisen pakinaklupin va\u0161tauvunnat kevy\u00e4ll\u00e4 2023, ker\u00e4hm\u00f6 28.3.\"}]},{\"@type\":\"WebSite\",\"@id\":\"https:\\\/\\\/blogs.uef.fi\\\/karjalanelvytys\\\/#website\",\"url\":\"https:\\\/\\\/blogs.uef.fi\\\/karjalanelvytys\\\/\",\"name\":\"Karjalan kielen elvytt\u00e4minen\",\"description\":\"\",\"potentialAction\":[{\"@type\":\"SearchAction\",\"target\":{\"@type\":\"EntryPoint\",\"urlTemplate\":\"https:\\\/\\\/blogs.uef.fi\\\/karjalanelvytys\\\/?s={search_term_string}\"},\"query-input\":{\"@type\":\"PropertyValueSpecification\",\"valueRequired\":true,\"valueName\":\"search_term_string\"}}],\"inLanguage\":\"fi\"}]}<\/script>\n<!-- \/ Yoast SEO plugin. -->","yoast_head_json":{"title":"Vienankarjalaisen pakinaklupin va\u0161tauvunnat kevy\u00e4ll\u00e4 2023, ker\u00e4hm\u00f6 28.3. - Karjalan kielen elvytt\u00e4minen","robots":{"index":"index","follow":"follow","max-snippet":"max-snippet:-1","max-image-preview":"max-image-preview:large","max-video-preview":"max-video-preview:-1"},"canonical":"https:\/\/blogs.uef.fi\/karjalanelvytys\/vienankarjalaisen-pakinaklupin-vastauvunnat-kevyalla-2023-kerahmo-28-3\/","og_locale":"fi_FI","og_type":"article","og_title":"Vienankarjalaisen pakinaklupin va\u0161tauvunnat kevy\u00e4ll\u00e4 2023, ker\u00e4hm\u00f6 28.3. - Karjalan kielen elvytt\u00e4minen","og_description":"Kirjuttan talteh: Olga Karlova Pakinaklupin eklise\u0161\u0161\u00e4 ker\u00e4hm\u00f6\u0161\u0161\u00e4 meit\u00e4 oli 13. Pakasima pluaniloista, mit\u00e4 rupiemma ruatamah matkuajan kevy\u00e4n aikana. Olis hyv\u00e4, jotta joka Zoom-va\u0161tauvunnan aikana rotiutuis jokap\u00e4iv\u00e4seh elok\u0161eh liittyjy\u00e4 v\u00e4lly\u00e4 pakinua. Kaikki aijankohtaset teemat ollah hyv\u00e4t, kun vain pi\u00e4sisim\u00e4 tarttumah karjalan pakinah. Pi\u00e4ttim\u00e4 lukie kotilukuna L\u00f6nnivuaran Eemelie. Jokahini oman mahon mukah. Kuottelemma rakentua pakinua luvetun pohjalta. [&hellip;]","og_url":"https:\/\/blogs.uef.fi\/karjalanelvytys\/vienankarjalaisen-pakinaklupin-vastauvunnat-kevyalla-2023-kerahmo-28-3\/","og_site_name":"Karjalan kielen elvytt\u00e4minen","article_modified_time":"2024-01-11T07:52:31+00:00","twitter_card":"summary_large_image","twitter_misc":{"Arvioitu lukuaika":"1 minuutti"},"schema":{"@context":"https:\/\/schema.org","@graph":[{"@type":"WebPage","@id":"https:\/\/blogs.uef.fi\/karjalanelvytys\/vienankarjalaisen-pakinaklupin-vastauvunnat-kevyalla-2023-kerahmo-28-3\/","url":"https:\/\/blogs.uef.fi\/karjalanelvytys\/vienankarjalaisen-pakinaklupin-vastauvunnat-kevyalla-2023-kerahmo-28-3\/","name":"Vienankarjalaisen pakinaklupin va\u0161tauvunnat kevy\u00e4ll\u00e4 2023, ker\u00e4hm\u00f6 28.3. - Karjalan kielen elvytt\u00e4minen","isPartOf":{"@id":"https:\/\/blogs.uef.fi\/karjalanelvytys\/#website"},"datePublished":"2024-01-11T07:08:29+00:00","dateModified":"2024-01-11T07:52:31+00:00","breadcrumb":{"@id":"https:\/\/blogs.uef.fi\/karjalanelvytys\/vienankarjalaisen-pakinaklupin-vastauvunnat-kevyalla-2023-kerahmo-28-3\/#breadcrumb"},"inLanguage":"fi","potentialAction":[{"@type":"ReadAction","target":["https:\/\/blogs.uef.fi\/karjalanelvytys\/vienankarjalaisen-pakinaklupin-vastauvunnat-kevyalla-2023-kerahmo-28-3\/"]}]},{"@type":"BreadcrumbList","@id":"https:\/\/blogs.uef.fi\/karjalanelvytys\/vienankarjalaisen-pakinaklupin-vastauvunnat-kevyalla-2023-kerahmo-28-3\/#breadcrumb","itemListElement":[{"@type":"ListItem","position":1,"name":"Home","item":"https:\/\/blogs.uef.fi\/karjalanelvytys\/"},{"@type":"ListItem","position":2,"name":"Vienankarjalaisen pakinaklupin va\u0161tauvunnat kevy\u00e4ll\u00e4 2023, ker\u00e4hm\u00f6 28.3."}]},{"@type":"WebSite","@id":"https:\/\/blogs.uef.fi\/karjalanelvytys\/#website","url":"https:\/\/blogs.uef.fi\/karjalanelvytys\/","name":"Karjalan kielen elvytt\u00e4minen","description":"","potentialAction":[{"@type":"SearchAction","target":{"@type":"EntryPoint","urlTemplate":"https:\/\/blogs.uef.fi\/karjalanelvytys\/?s={search_term_string}"},"query-input":{"@type":"PropertyValueSpecification","valueRequired":true,"valueName":"search_term_string"}}],"inLanguage":"fi"}]}},"_links":{"self":[{"href":"https:\/\/blogs.uef.fi\/karjalanelvytys\/wp-json\/wp\/v2\/pages\/14658","targetHints":{"allow":["GET"]}}],"collection":[{"href":"https:\/\/blogs.uef.fi\/karjalanelvytys\/wp-json\/wp\/v2\/pages"}],"about":[{"href":"https:\/\/blogs.uef.fi\/karjalanelvytys\/wp-json\/wp\/v2\/types\/page"}],"author":[{"embeddable":true,"href":"https:\/\/blogs.uef.fi\/karjalanelvytys\/wp-json\/wp\/v2\/users\/480"}],"replies":[{"embeddable":true,"href":"https:\/\/blogs.uef.fi\/karjalanelvytys\/wp-json\/wp\/v2\/comments?post=14658"}],"version-history":[{"count":2,"href":"https:\/\/blogs.uef.fi\/karjalanelvytys\/wp-json\/wp\/v2\/pages\/14658\/revisions"}],"predecessor-version":[{"id":14706,"href":"https:\/\/blogs.uef.fi\/karjalanelvytys\/wp-json\/wp\/v2\/pages\/14658\/revisions\/14706"}],"wp:attachment":[{"href":"https:\/\/blogs.uef.fi\/karjalanelvytys\/wp-json\/wp\/v2\/media?parent=14658"}],"curies":[{"name":"wp","href":"https:\/\/api.w.org\/{rel}","templated":true}]}}