{"id":14086,"date":"2023-12-13T15:06:47","date_gmt":"2023-12-13T13:06:47","guid":{"rendered":"https:\/\/blogs.uef.fi\/karjalanelvytys\/?page_id=14086"},"modified":"2023-12-14T10:59:18","modified_gmt":"2023-12-14T08:59:18","slug":"meidy-on-olemas-kirja-karjalaisista-nuorista","status":"publish","type":"page","link":"https:\/\/blogs.uef.fi\/karjalanelvytys\/meidy-on-olemas-kirja-karjalaisista-nuorista\/","title":{"rendered":"Meidy on olemas -kirja karjalaisista nuorista"},"content":{"rendered":"\n<p>T\u00e4lt\u00e4 sivulta l\u00f6yd\u00e4t <strong>Anne Kalliolan<\/strong> Suomessa el\u00e4vi\u00e4 karjalaisnuoria k\u00e4sittelev\u00e4n Meidy on olemas -kirjan sek\u00e4 pdf-tiedostona ett\u00e4 selaimessa kuunneltavana \u00e4\u00e4nikirjana. Kirjassa on 120 sivua, ja sen tekstit ovat suomeksi ja livvinkarjalaksi. Valokuvakirja on toteutettu samanaikaisesti Karjalaine i\u00e4ni -videoprojektin kanssa, joten videoilla ja kirjassa esiintyy joitakin samoja henkil\u00f6it\u00e4.<\/p>\n\n\n\n<h2 class=\"wp-block-heading\">Pdf-kirja<\/h2>\n\n\n\n<p>It\u00e4-Suomen yliopiston karjalan kielen elvytyshanke on ollut yksi Meidy on olemas -kirjan yhteisty\u00f6kumppaneista. Anne Kalliola sanoittaa kirjan syntyprosessia ja muita yhteisty\u00f6kumppaneitaan seuraavanlaisesti:<\/p>\n\n\n\n<p>\u201cAlunperin hain t\u00e4h\u00e4n projektiin apurahoja useasta paikasta. Tarkoituksenani oli valokuvata henkil\u00f6kuvia karjalaisista nuorista ja saada n\u00e4in kasvot karjalaisuudelle, joka alkaa viimeinkin n\u00e4ky\u00e4 muutenkin kuin sotatraumoina ja menneiden sukupolvien kaihona.<\/p>\n\n\n\n<p>Minua kiinnosti vahva sitoutuminen kulttuurinelvytykseen nuorten parissa. Kun aloin kuvaamaan, huomasin, ett\u00e4 nuorilla on my\u00f6s kiinnostavia tarinoita omasta karjalaisuudestaan, sukunsa taustoista ja tulevaisuudesta ja siit\u00e4, millaista on el\u00e4\u00e4 karjalaisena. Nauhotin haastattelut kuvausten ohessa ja kirjoitin my\u00f6hemmin puhutun tekstin pohjalta tekstit.<\/p>\n\n\n\n<p>Apurahaa sain valokuvaamiseen Jokes \u2013 Journalistisen kulttuurin edist\u00e4miss\u00e4\u00e4ti\u00f6t\u00e4, Patricia Sepp\u00e4l\u00e4n s\u00e4\u00e4ti\u00f6lt\u00e4 ja Finnfoto \u2013 Suomen Valokuvaj\u00e4rjest\u00f6t ry:t\u00e4.\u201d<\/p>\n\n\n\n<p>Linkki kirjaan (aukeaa Google Drivess\u00e4, ei vaadi kirjautumista): <a href=\"https:\/\/drive.google.com\/file\/d\/1seVej42yf7f38i8t2UrF_X2-zAObfYY2\/view\">linkki.<\/a><\/p>\n\n\n\n<figure class=\"wp-block-image size-full is-resized\"><img loading=\"lazy\" decoding=\"async\" width=\"996\" height=\"678\" src=\"https:\/\/blogs.uef.fi\/karjalanelvytys\/wp-content\/uploads\/sites\/155\/2022\/12\/Meidy-on-olemas.png\" alt=\"\" class=\"wp-image-8226\" style=\"width:auto;height:300px\" srcset=\"https:\/\/blogs.uef.fi\/karjalanelvytys\/wp-content\/uploads\/sites\/155\/2022\/12\/Meidy-on-olemas.png 996w, https:\/\/blogs.uef.fi\/karjalanelvytys\/wp-content\/uploads\/sites\/155\/2022\/12\/Meidy-on-olemas-300x204.png 300w, https:\/\/blogs.uef.fi\/karjalanelvytys\/wp-content\/uploads\/sites\/155\/2022\/12\/Meidy-on-olemas-768x523.png 768w\" sizes=\"auto, (max-width: 996px) 100vw, 996px\" \/><figcaption class=\"wp-element-caption\">Meidy on olemas -kirjan kansi. Kuva: Anne Kalliola<\/figcaption><\/figure>\n\n\n\n<h2 class=\"wp-block-heading\">\u00c4\u00e4nikirja<\/h2>\n\n\n\n<p>Meidy on olemas on julkaistu elvytyshankkeen blogissa my\u00f6s livvinkarjalaksi luettuna \u00e4\u00e4nikirjana. \u00c4\u00e4nikirjan on lukenut Tuomo Kondie. \u00c4\u00e4nikirja on oivallinen apu muun muassa karjalan opiskeluun, sill\u00e4 teksti\u00e4 voi lukea ja kuunnella samanaikaisesti.<\/p>\n\n\n\n<p><strong>Huom.<\/strong> Mediasoitin saattaa tarjota \u00e4\u00e4nikirjaan tekstityksi\u00e4. Ne kannattaa laittaa pois p\u00e4\u00e4lt\u00e4, sill\u00e4 mediapalvelin tekee tekstitykset automaattisesti. Automaattinen tekstitysty\u00f6kalu ei tunnista karjalaa, joten tekstitykset on luotu suomen pohjalta. Ne ovat siis virheelliset.<\/p>\n\n\n\n<p>Huomaathan my\u00f6s, ettei mediasoitin tallenna edistymist\u00e4si, jos suljet sivun. Jos tahdot jatkaa kuuntelua siit\u00e4, mihin viimeksi j\u00e4it, paina oikea kohta mieleesi ennen sivun sulkemista.<\/p>\n\n\n\n<figure class=\"wp-block-image size-large is-resized\"><img loading=\"lazy\" decoding=\"async\" width=\"1024\" height=\"704\" src=\"https:\/\/blogs.uef.fi\/karjalanelvytys\/wp-content\/uploads\/sites\/155\/2023\/12\/Untitled-2-1024x704.jpg\" alt=\"\" class=\"wp-image-14089\" style=\"width:auto;height:300px\" srcset=\"https:\/\/blogs.uef.fi\/karjalanelvytys\/wp-content\/uploads\/sites\/155\/2023\/12\/Untitled-2-1024x704.jpg 1024w, https:\/\/blogs.uef.fi\/karjalanelvytys\/wp-content\/uploads\/sites\/155\/2023\/12\/Untitled-2-300x206.jpg 300w, https:\/\/blogs.uef.fi\/karjalanelvytys\/wp-content\/uploads\/sites\/155\/2023\/12\/Untitled-2-768x528.jpg 768w, https:\/\/blogs.uef.fi\/karjalanelvytys\/wp-content\/uploads\/sites\/155\/2023\/12\/Untitled-2-1536x1056.jpg 1536w, https:\/\/blogs.uef.fi\/karjalanelvytys\/wp-content\/uploads\/sites\/155\/2023\/12\/Untitled-2.jpg 1600w\" sizes=\"auto, (max-width: 1024px) 100vw, 1024px\" \/><figcaption class=\"wp-element-caption\">Meidy on olemas -\u00e4\u00e4nikirjan kansi. Kuva: Anne Kalliola<\/figcaption><\/figure>\n\n\n<iframe loading=\"lazy\" src=\"https:\/\/uef.cloud.panopto.eu\/Panopto\/Pages\/Embed.aspx?id=9f072c07-a85f-488b-b435-b0d6008c31dd&autoplay=false&offerviewer=true&showtitle=true&showbrand=true&captions=false&start=0&interactivity=all\" height=\"100\" width=\"720\" style=\"border: 1px solid #464646;\" allowfullscreen allow=\"autoplay\" aria-label=\"Panopto Embedded Video Player\"><\/iframe>\n\n\n\n<h2 class=\"wp-block-heading\">Tekij\u00e4t<\/h2>\n\n\n\n<p class=\"has-text-align-left\">Kirjan kustantaja: It\u00e4-Suomen yliopiston karjalan kielen elvytyshanke<\/p>\n\n\n\n<p class=\"has-text-align-left\">Kuvat ja teksti: Anne Kalliola<\/p>\n\n\n\n<p>Graafinen suunnittelu: Maarit Vuoritie ja Anne Kalliola<\/p>\n\n\n\n<p class=\"has-text-align-left\">Kustannustoimitus: Tuukka Tuomasjukka<\/p>\n\n\n\n<p class=\"has-text-align-left\">K\u00e4\u00e4nn\u00f6s karjalaksi: Aleksi Ruuskanen<\/p>\n\n\n\n<p class=\"has-text-align-left\">K\u00e4\u00e4nn\u00f6ksen kielentarkastus: Natalia Giloeva<\/p>\n\n\n\n<p class=\"has-text-align-left\">\u00c4\u00e4nikirjan lukeminen: Tuomo Kondie<\/p>\n\n\n\n<p class=\"has-text-align-left\">\u00c4\u00e4nten j\u00e4lkik\u00e4sittely: Mikko Suuronen<\/p>\n","protected":false},"excerpt":{"rendered":"<p>T\u00e4lt\u00e4 sivulta l\u00f6yd\u00e4t Anne Kalliolan Suomessa el\u00e4vi\u00e4 karjalaisnuoria k\u00e4sittelev\u00e4n Meidy on olemas -kirjan sek\u00e4 pdf-tiedostona ett\u00e4 selaimessa kuunneltavana \u00e4\u00e4nikirjana. Kirjassa on 120 sivua, ja sen tekstit ovat suomeksi ja livvinkarjalaksi. Valokuvakirja on toteutettu samanaikaisesti Karjalaine i\u00e4ni -videoprojektin kanssa, joten videoilla ja kirjassa esiintyy joitakin samoja henkil\u00f6it\u00e4. Pdf-kirja It\u00e4-Suomen yliopiston karjalan kielen elvytyshanke on ollut yksi [&hellip;]<\/p>\n","protected":false},"author":580,"featured_media":0,"parent":0,"menu_order":0,"comment_status":"closed","ping_status":"closed","template":"","meta":{"_acf_changed":false,"footnotes":""},"class_list":["post-14086","page","type-page","status-publish","hentry"],"acf":[],"yoast_head":"<!-- This site is optimized with the Yoast SEO plugin v27.1.1 - https:\/\/yoast.com\/product\/yoast-seo-wordpress\/ -->\n<title>Meidy on olemas -kirja karjalaisista nuorista - Karjalan kielen elvytt\u00e4minen<\/title>\n<meta name=\"robots\" content=\"index, follow, max-snippet:-1, max-image-preview:large, max-video-preview:-1\" \/>\n<link rel=\"canonical\" href=\"https:\/\/blogs.uef.fi\/karjalanelvytys\/meidy-on-olemas-kirja-karjalaisista-nuorista\/\" \/>\n<meta property=\"og:locale\" content=\"fi_FI\" \/>\n<meta property=\"og:type\" content=\"article\" \/>\n<meta property=\"og:title\" content=\"Meidy on olemas -kirja karjalaisista nuorista - Karjalan kielen elvytt\u00e4minen\" \/>\n<meta property=\"og:description\" content=\"T\u00e4lt\u00e4 sivulta l\u00f6yd\u00e4t Anne Kalliolan Suomessa el\u00e4vi\u00e4 karjalaisnuoria k\u00e4sittelev\u00e4n Meidy on olemas -kirjan sek\u00e4 pdf-tiedostona ett\u00e4 selaimessa kuunneltavana \u00e4\u00e4nikirjana. Kirjassa on 120 sivua, ja sen tekstit ovat suomeksi ja livvinkarjalaksi. Valokuvakirja on toteutettu samanaikaisesti Karjalaine i\u00e4ni -videoprojektin kanssa, joten videoilla ja kirjassa esiintyy joitakin samoja henkil\u00f6it\u00e4. Pdf-kirja It\u00e4-Suomen yliopiston karjalan kielen elvytyshanke on ollut yksi [&hellip;]\" \/>\n<meta property=\"og:url\" content=\"https:\/\/blogs.uef.fi\/karjalanelvytys\/meidy-on-olemas-kirja-karjalaisista-nuorista\/\" \/>\n<meta property=\"og:site_name\" content=\"Karjalan kielen elvytt\u00e4minen\" \/>\n<meta property=\"article:modified_time\" content=\"2023-12-14T08:59:18+00:00\" \/>\n<meta property=\"og:image\" content=\"https:\/\/blogs.uef.fi\/karjalanelvytys\/wp-content\/uploads\/sites\/155\/2022\/12\/Meidy-on-olemas.png\" \/>\n<meta name=\"twitter:card\" content=\"summary_large_image\" \/>\n<meta name=\"twitter:label1\" content=\"Arvioitu lukuaika\" \/>\n\t<meta name=\"twitter:data1\" content=\"3 minuuttia\" \/>\n<script type=\"application\/ld+json\" class=\"yoast-schema-graph\">{\"@context\":\"https:\/\/schema.org\",\"@graph\":[{\"@type\":\"WebPage\",\"@id\":\"https:\/\/blogs.uef.fi\/karjalanelvytys\/meidy-on-olemas-kirja-karjalaisista-nuorista\/\",\"url\":\"https:\/\/blogs.uef.fi\/karjalanelvytys\/meidy-on-olemas-kirja-karjalaisista-nuorista\/\",\"name\":\"Meidy on olemas -kirja karjalaisista nuorista - Karjalan kielen elvytt\u00e4minen\",\"isPartOf\":{\"@id\":\"https:\/\/blogs.uef.fi\/karjalanelvytys\/#website\"},\"primaryImageOfPage\":{\"@id\":\"https:\/\/blogs.uef.fi\/karjalanelvytys\/meidy-on-olemas-kirja-karjalaisista-nuorista\/#primaryimage\"},\"image\":{\"@id\":\"https:\/\/blogs.uef.fi\/karjalanelvytys\/meidy-on-olemas-kirja-karjalaisista-nuorista\/#primaryimage\"},\"thumbnailUrl\":\"https:\/\/blogs.uef.fi\/karjalanelvytys\/wp-content\/uploads\/sites\/155\/2022\/12\/Meidy-on-olemas.png\",\"datePublished\":\"2023-12-13T13:06:47+00:00\",\"dateModified\":\"2023-12-14T08:59:18+00:00\",\"breadcrumb\":{\"@id\":\"https:\/\/blogs.uef.fi\/karjalanelvytys\/meidy-on-olemas-kirja-karjalaisista-nuorista\/#breadcrumb\"},\"inLanguage\":\"fi\",\"potentialAction\":[{\"@type\":\"ReadAction\",\"target\":[\"https:\/\/blogs.uef.fi\/karjalanelvytys\/meidy-on-olemas-kirja-karjalaisista-nuorista\/\"]}]},{\"@type\":\"ImageObject\",\"inLanguage\":\"fi\",\"@id\":\"https:\/\/blogs.uef.fi\/karjalanelvytys\/meidy-on-olemas-kirja-karjalaisista-nuorista\/#primaryimage\",\"url\":\"https:\/\/blogs.uef.fi\/karjalanelvytys\/wp-content\/uploads\/sites\/155\/2022\/12\/Meidy-on-olemas.png\",\"contentUrl\":\"https:\/\/blogs.uef.fi\/karjalanelvytys\/wp-content\/uploads\/sites\/155\/2022\/12\/Meidy-on-olemas.png\",\"width\":996,\"height\":678,\"caption\":\"Meidy on olemas -kirjan kansi. Kuva: Anne Kalliola\"},{\"@type\":\"BreadcrumbList\",\"@id\":\"https:\/\/blogs.uef.fi\/karjalanelvytys\/meidy-on-olemas-kirja-karjalaisista-nuorista\/#breadcrumb\",\"itemListElement\":[{\"@type\":\"ListItem\",\"position\":1,\"name\":\"Home\",\"item\":\"https:\/\/blogs.uef.fi\/karjalanelvytys\/\"},{\"@type\":\"ListItem\",\"position\":2,\"name\":\"Meidy on olemas -kirja karjalaisista nuorista\"}]},{\"@type\":\"WebSite\",\"@id\":\"https:\/\/blogs.uef.fi\/karjalanelvytys\/#website\",\"url\":\"https:\/\/blogs.uef.fi\/karjalanelvytys\/\",\"name\":\"Karjalan kielen elvytt\u00e4minen\",\"description\":\"\",\"potentialAction\":[{\"@type\":\"SearchAction\",\"target\":{\"@type\":\"EntryPoint\",\"urlTemplate\":\"https:\/\/blogs.uef.fi\/karjalanelvytys\/?s={search_term_string}\"},\"query-input\":{\"@type\":\"PropertyValueSpecification\",\"valueRequired\":true,\"valueName\":\"search_term_string\"}}],\"inLanguage\":\"fi\"}]}<\/script>\n<!-- \/ Yoast SEO plugin. -->","yoast_head_json":{"title":"Meidy on olemas -kirja karjalaisista nuorista - Karjalan kielen elvytt\u00e4minen","robots":{"index":"index","follow":"follow","max-snippet":"max-snippet:-1","max-image-preview":"max-image-preview:large","max-video-preview":"max-video-preview:-1"},"canonical":"https:\/\/blogs.uef.fi\/karjalanelvytys\/meidy-on-olemas-kirja-karjalaisista-nuorista\/","og_locale":"fi_FI","og_type":"article","og_title":"Meidy on olemas -kirja karjalaisista nuorista - Karjalan kielen elvytt\u00e4minen","og_description":"T\u00e4lt\u00e4 sivulta l\u00f6yd\u00e4t Anne Kalliolan Suomessa el\u00e4vi\u00e4 karjalaisnuoria k\u00e4sittelev\u00e4n Meidy on olemas -kirjan sek\u00e4 pdf-tiedostona ett\u00e4 selaimessa kuunneltavana \u00e4\u00e4nikirjana. Kirjassa on 120 sivua, ja sen tekstit ovat suomeksi ja livvinkarjalaksi. Valokuvakirja on toteutettu samanaikaisesti Karjalaine i\u00e4ni -videoprojektin kanssa, joten videoilla ja kirjassa esiintyy joitakin samoja henkil\u00f6it\u00e4. Pdf-kirja It\u00e4-Suomen yliopiston karjalan kielen elvytyshanke on ollut yksi [&hellip;]","og_url":"https:\/\/blogs.uef.fi\/karjalanelvytys\/meidy-on-olemas-kirja-karjalaisista-nuorista\/","og_site_name":"Karjalan kielen elvytt\u00e4minen","article_modified_time":"2023-12-14T08:59:18+00:00","og_image":[{"url":"https:\/\/blogs.uef.fi\/karjalanelvytys\/wp-content\/uploads\/sites\/155\/2022\/12\/Meidy-on-olemas.png","type":"","width":"","height":""}],"twitter_card":"summary_large_image","twitter_misc":{"Arvioitu lukuaika":"3 minuuttia"},"schema":{"@context":"https:\/\/schema.org","@graph":[{"@type":"WebPage","@id":"https:\/\/blogs.uef.fi\/karjalanelvytys\/meidy-on-olemas-kirja-karjalaisista-nuorista\/","url":"https:\/\/blogs.uef.fi\/karjalanelvytys\/meidy-on-olemas-kirja-karjalaisista-nuorista\/","name":"Meidy on olemas -kirja karjalaisista nuorista - Karjalan kielen elvytt\u00e4minen","isPartOf":{"@id":"https:\/\/blogs.uef.fi\/karjalanelvytys\/#website"},"primaryImageOfPage":{"@id":"https:\/\/blogs.uef.fi\/karjalanelvytys\/meidy-on-olemas-kirja-karjalaisista-nuorista\/#primaryimage"},"image":{"@id":"https:\/\/blogs.uef.fi\/karjalanelvytys\/meidy-on-olemas-kirja-karjalaisista-nuorista\/#primaryimage"},"thumbnailUrl":"https:\/\/blogs.uef.fi\/karjalanelvytys\/wp-content\/uploads\/sites\/155\/2022\/12\/Meidy-on-olemas.png","datePublished":"2023-12-13T13:06:47+00:00","dateModified":"2023-12-14T08:59:18+00:00","breadcrumb":{"@id":"https:\/\/blogs.uef.fi\/karjalanelvytys\/meidy-on-olemas-kirja-karjalaisista-nuorista\/#breadcrumb"},"inLanguage":"fi","potentialAction":[{"@type":"ReadAction","target":["https:\/\/blogs.uef.fi\/karjalanelvytys\/meidy-on-olemas-kirja-karjalaisista-nuorista\/"]}]},{"@type":"ImageObject","inLanguage":"fi","@id":"https:\/\/blogs.uef.fi\/karjalanelvytys\/meidy-on-olemas-kirja-karjalaisista-nuorista\/#primaryimage","url":"https:\/\/blogs.uef.fi\/karjalanelvytys\/wp-content\/uploads\/sites\/155\/2022\/12\/Meidy-on-olemas.png","contentUrl":"https:\/\/blogs.uef.fi\/karjalanelvytys\/wp-content\/uploads\/sites\/155\/2022\/12\/Meidy-on-olemas.png","width":996,"height":678,"caption":"Meidy on olemas -kirjan kansi. Kuva: Anne Kalliola"},{"@type":"BreadcrumbList","@id":"https:\/\/blogs.uef.fi\/karjalanelvytys\/meidy-on-olemas-kirja-karjalaisista-nuorista\/#breadcrumb","itemListElement":[{"@type":"ListItem","position":1,"name":"Home","item":"https:\/\/blogs.uef.fi\/karjalanelvytys\/"},{"@type":"ListItem","position":2,"name":"Meidy on olemas -kirja karjalaisista nuorista"}]},{"@type":"WebSite","@id":"https:\/\/blogs.uef.fi\/karjalanelvytys\/#website","url":"https:\/\/blogs.uef.fi\/karjalanelvytys\/","name":"Karjalan kielen elvytt\u00e4minen","description":"","potentialAction":[{"@type":"SearchAction","target":{"@type":"EntryPoint","urlTemplate":"https:\/\/blogs.uef.fi\/karjalanelvytys\/?s={search_term_string}"},"query-input":{"@type":"PropertyValueSpecification","valueRequired":true,"valueName":"search_term_string"}}],"inLanguage":"fi"}]}},"_links":{"self":[{"href":"https:\/\/blogs.uef.fi\/karjalanelvytys\/wp-json\/wp\/v2\/pages\/14086","targetHints":{"allow":["GET"]}}],"collection":[{"href":"https:\/\/blogs.uef.fi\/karjalanelvytys\/wp-json\/wp\/v2\/pages"}],"about":[{"href":"https:\/\/blogs.uef.fi\/karjalanelvytys\/wp-json\/wp\/v2\/types\/page"}],"author":[{"embeddable":true,"href":"https:\/\/blogs.uef.fi\/karjalanelvytys\/wp-json\/wp\/v2\/users\/580"}],"replies":[{"embeddable":true,"href":"https:\/\/blogs.uef.fi\/karjalanelvytys\/wp-json\/wp\/v2\/comments?post=14086"}],"version-history":[{"count":2,"href":"https:\/\/blogs.uef.fi\/karjalanelvytys\/wp-json\/wp\/v2\/pages\/14086\/revisions"}],"predecessor-version":[{"id":14144,"href":"https:\/\/blogs.uef.fi\/karjalanelvytys\/wp-json\/wp\/v2\/pages\/14086\/revisions\/14144"}],"wp:attachment":[{"href":"https:\/\/blogs.uef.fi\/karjalanelvytys\/wp-json\/wp\/v2\/media?parent=14086"}],"curies":[{"name":"wp","href":"https:\/\/api.w.org\/{rel}","templated":true}]}}