{"id":13992,"date":"2023-12-12T10:10:48","date_gmt":"2023-12-12T08:10:48","guid":{"rendered":"https:\/\/blogs.uef.fi\/karjalanelvytys\/?page_id=13992"},"modified":"2023-12-12T12:25:22","modified_gmt":"2023-12-12T10:25:22","slug":"koti-ikava","status":"publish","type":"page","link":"https:\/\/blogs.uef.fi\/karjalanelvytys\/koti-ikava\/","title":{"rendered":"Koti-ik\u00e4v\u00e4"},"content":{"rendered":"\n<p>Luadinuh: <strong>Uolevi \u00c4ik\u00e4s<\/strong><br>Ki\u00e4nd\u00e4nyh: <strong>Elena Rapa<\/strong><br>Tarkistannuh: <strong>Olga Karlova<\/strong><\/p>\n\n\n\n<figure class=\"wp-block-image size-large is-resized\"><img loading=\"lazy\" decoding=\"async\" width=\"724\" height=\"1024\" src=\"https:\/\/blogs.uef.fi\/karjalanelvytys\/wp-content\/uploads\/sites\/155\/2023\/12\/Koti-ikava-1-viena-724x1024.png\" alt=\"\" class=\"wp-image-13995\" style=\"width:auto;height:900px\" srcset=\"https:\/\/blogs.uef.fi\/karjalanelvytys\/wp-content\/uploads\/sites\/155\/2023\/12\/Koti-ikava-1-viena-724x1024.png 724w, https:\/\/blogs.uef.fi\/karjalanelvytys\/wp-content\/uploads\/sites\/155\/2023\/12\/Koti-ikava-1-viena-212x300.png 212w, https:\/\/blogs.uef.fi\/karjalanelvytys\/wp-content\/uploads\/sites\/155\/2023\/12\/Koti-ikava-1-viena-768x1087.png 768w, https:\/\/blogs.uef.fi\/karjalanelvytys\/wp-content\/uploads\/sites\/155\/2023\/12\/Koti-ikava-1-viena-1085x1536.png 1085w, https:\/\/blogs.uef.fi\/karjalanelvytys\/wp-content\/uploads\/sites\/155\/2023\/12\/Koti-ikava-1-viena.png 1447w\" sizes=\"auto, (max-width: 724px) 100vw, 724px\" \/><\/figure>\n\n\n\t<div id=\"accordion-block_23c9e78e381a6f847a208a3b75123c26\" class=\"accordions\">\n\t\t\t\t\t<div class=\"accordion accordion-js\">\n\t\t\t\t<button class=\"accordion__button\" aria-controls=\"content-2789\" aria-expanded=\"false\" id=\"accordion-control-2789\">\n\t\t\t\t\t<h3 class=\"accordion__heading\" >\n\t\t\t\t\t\tSivun 1 tekstit (klikkaa avataksesi)\t\t\t\t\t<\/h3>\n\t\t\t\t<\/button>\n\t\t\t\t<div class=\"accordion__content\" role=\"region\" aria-labelledby=\"accordion-control-2789\" aria-hidden=\"true\" id=\"content-2789\">\n\t\t\t\t\t<p>Ruutu 1: Mirja-\u00e4mm\u00f6ni m\u00e4ni tuonilmasih tuiskukuu\u0161\u0161a \/ \u00c4mm\u00f6 oli miula kuin toini muamo, toini vanhempi<\/p>\n<p>Ruutu 2: K\u00e4vin ka\u010d\u010domah \u00e4mmy\u00f6 pol\u2019ni\u010d\u010dah<\/p>\n<p>Ruutu 3: Toi\u010d\u010di \u00e4mm\u00f6 hurmehtu \u0161yv\u00e4kk\u00e4li omih mielih&#8230; \/ Mit\u00e4 smiettinet?<\/p>\n<p>Ruutu 4: Kotie&#8230; \/ Ai Nurmuo? \/ Ei&#8230;<\/p>\n<p>Ruutu 5: Kotie Karjala\u0161\u0161a, K\u00e4ki\u0161almie&#8230; \/ A voi kun olisin \u0161uanun ely\u00e4 elok\u0161eni \u0161iel\u00e4&#8230;<\/p>\n\t\t\t\t<\/div>\n\t\t\t<\/div>\n\t\t\t<\/div>\n\t\n\n\n<figure class=\"wp-block-image size-large is-resized\"><img loading=\"lazy\" decoding=\"async\" width=\"724\" height=\"1024\" src=\"https:\/\/blogs.uef.fi\/karjalanelvytys\/wp-content\/uploads\/sites\/155\/2023\/12\/Koti-ikava-2-viena-724x1024.png\" alt=\"\" class=\"wp-image-13998\" style=\"width:auto;height:900px\" srcset=\"https:\/\/blogs.uef.fi\/karjalanelvytys\/wp-content\/uploads\/sites\/155\/2023\/12\/Koti-ikava-2-viena-724x1024.png 724w, https:\/\/blogs.uef.fi\/karjalanelvytys\/wp-content\/uploads\/sites\/155\/2023\/12\/Koti-ikava-2-viena-212x300.png 212w, https:\/\/blogs.uef.fi\/karjalanelvytys\/wp-content\/uploads\/sites\/155\/2023\/12\/Koti-ikava-2-viena-768x1086.png 768w, https:\/\/blogs.uef.fi\/karjalanelvytys\/wp-content\/uploads\/sites\/155\/2023\/12\/Koti-ikava-2-viena-1086x1536.png 1086w, https:\/\/blogs.uef.fi\/karjalanelvytys\/wp-content\/uploads\/sites\/155\/2023\/12\/Koti-ikava-2-viena-1448x2048.png 1448w, https:\/\/blogs.uef.fi\/karjalanelvytys\/wp-content\/uploads\/sites\/155\/2023\/12\/Koti-ikava-2-viena.png 1736w\" sizes=\"auto, (max-width: 724px) 100vw, 724px\" \/><\/figure>\n\n\n\t<div id=\"accordion-block_a3b604f4eb86ada0f6d30c044008a4b9\" class=\"accordions\">\n\t\t\t\t\t<div class=\"accordion accordion-js\">\n\t\t\t\t<button class=\"accordion__button\" aria-controls=\"content-8812\" aria-expanded=\"false\" id=\"accordion-control-8812\">\n\t\t\t\t\t<h3 class=\"accordion__heading\" >\n\t\t\t\t\t\tSivun 2 tekstit (klikkaa avataksesi)\t\t\t\t\t<\/h3>\n\t\t\t\t<\/button>\n\t\t\t\t<div class=\"accordion__content\" role=\"region\" aria-labelledby=\"accordion-control-8812\" aria-hidden=\"true\" id=\"content-8812\">\n\t\t\t\t\t<p>Ruutu 1: Kon\u0161a olin pikkaraini, muissan mitein \u00e4mm\u00f6 kostitti vanhojenkoin karjalaisie evakko\u00e4mm\u00f6j\u00e4<\/p>\n<p>Ruutu 2: \u00c4mm\u00f6t itettih ta laulettih yhe\u0161\u0161\u00e4 \/ Jakuan \u0161amua koti-ik\u00e4vy\u00e4<\/p>\n<p>Ruutu 3: Ei \u0161it\u00e4 ainai pikkaraisena voinun ottua tolkkuh, mimmoni tunto n\u00e4ill\u00e4 \u00e4mm\u00f6l\u00f6ill\u00e4 oli \u0161i\u00e4me\u0161\u0161\u00e4&#8230; \/ Voittako \u0161anella miula Karjala\u0161ta? \/ Ka olin tiijonhimoni lap\u0161i, kaiki\u010d\u010di valmis kuuntelomah \u00e4mm\u00f6jen starinoja!<\/p>\n<p>Ruutu 4: \u00c4mm\u00f6 my\u00f6t\u00e4h\u00e4\u0161 \u0161aneli meil\u00e4 K\u00e4ki\u0161almen koista, heimolaisista ta meij\u00e4n juurista&#8230; \/ Starinoih liityttih rikeneh lintuset<\/p>\n\t\t\t\t<\/div>\n\t\t\t<\/div>\n\t\t\t<\/div>\n\t\n\n\n<figure class=\"wp-block-image size-large is-resized\"><img loading=\"lazy\" decoding=\"async\" width=\"724\" height=\"1024\" src=\"https:\/\/blogs.uef.fi\/karjalanelvytys\/wp-content\/uploads\/sites\/155\/2023\/12\/Koti-ikava-3-viena-1-724x1024.png\" alt=\"\" class=\"wp-image-14004\" style=\"width:auto;height:900px\" srcset=\"https:\/\/blogs.uef.fi\/karjalanelvytys\/wp-content\/uploads\/sites\/155\/2023\/12\/Koti-ikava-3-viena-1-724x1024.png 724w, https:\/\/blogs.uef.fi\/karjalanelvytys\/wp-content\/uploads\/sites\/155\/2023\/12\/Koti-ikava-3-viena-1-212x300.png 212w, https:\/\/blogs.uef.fi\/karjalanelvytys\/wp-content\/uploads\/sites\/155\/2023\/12\/Koti-ikava-3-viena-1-768x1086.png 768w, https:\/\/blogs.uef.fi\/karjalanelvytys\/wp-content\/uploads\/sites\/155\/2023\/12\/Koti-ikava-3-viena-1-1086x1536.png 1086w, https:\/\/blogs.uef.fi\/karjalanelvytys\/wp-content\/uploads\/sites\/155\/2023\/12\/Koti-ikava-3-viena-1-1448x2048.png 1448w, https:\/\/blogs.uef.fi\/karjalanelvytys\/wp-content\/uploads\/sites\/155\/2023\/12\/Koti-ikava-3-viena-1.png 1736w\" sizes=\"auto, (max-width: 724px) 100vw, 724px\" \/><\/figure>\n\n\n\t<div id=\"accordion-block_1847f18fa857fb4b6dc122b6148ae45b\" class=\"accordions\">\n\t\t\t\t\t<div class=\"accordion accordion-js\">\n\t\t\t\t<button class=\"accordion__button\" aria-controls=\"content-1217\" aria-expanded=\"false\" id=\"accordion-control-1217\">\n\t\t\t\t\t<h3 class=\"accordion__heading\" >\n\t\t\t\t\t\tSivun 3 tekstit (klikkaa avataksesi)\t\t\t\t\t<\/h3>\n\t\t\t\t<\/button>\n\t\t\t\t<div class=\"accordion__content\" role=\"region\" aria-labelledby=\"accordion-control-1217\" aria-hidden=\"true\" id=\"content-1217\">\n\t\t\t\t\t<p>Ruutu 1: \u00c4mm\u00f6 \u0161aneli meil\u00e4 muamo\u0161tah, kumpani lupautu my\u00f6\u0161tym\u00e4h kuoloman j\u00e4lkeh j\u00e4lell\u00e4h kotih lintusena \/ Muahpanijaisien j\u00e4lkeh ke\u0161en muissinmurkinua ikkunalla pelmahti pikkaraini lintu! \u0160e istu pit\u00e4n aikua ka\u010d\u010deloma\u0161\u0161a pirtiss\u00e4 \u0161urijie omahisie, kuni lenti pois&#8230;<\/p>\n<p>Ruutu 2: \u00c4mm\u00f6&#8230; \/ No? \/ Tuletko \u0161ieki j\u00e4lell\u00e4h lintusena?<\/p>\n<p>Ruutu 3: Tiett\u00e4v\u00e4ini, tulen ti\u00e4n luo! \/ KA EM MIE TAHO JOT \u0160IE M\u00c4NET TUONILMASIH! \/ A voi \u0161ilma pikkaraini \u00e4mm\u00f6n kulta&#8230;<\/p>\n<p>Ruutu 4: Ei h\u00e4ty\u00e4 arma\u0161 punukkaiseni&#8230; \/ \u00c4mm\u00f6 pajattau pajon, ni ei en\u00e4mpi itet\u00e4!<\/p>\n\t\t\t\t<\/div>\n\t\t\t<\/div>\n\t\t\t<\/div>\n\t\n\n\n<figure class=\"wp-block-image size-large is-resized\"><img loading=\"lazy\" decoding=\"async\" width=\"724\" height=\"1024\" src=\"https:\/\/blogs.uef.fi\/karjalanelvytys\/wp-content\/uploads\/sites\/155\/2023\/12\/Koti-ikava-4-viena-2-724x1024.png\" alt=\"\" class=\"wp-image-14051\" style=\"width:auto;height:900px\" srcset=\"https:\/\/blogs.uef.fi\/karjalanelvytys\/wp-content\/uploads\/sites\/155\/2023\/12\/Koti-ikava-4-viena-2-724x1024.png 724w, https:\/\/blogs.uef.fi\/karjalanelvytys\/wp-content\/uploads\/sites\/155\/2023\/12\/Koti-ikava-4-viena-2-212x300.png 212w, https:\/\/blogs.uef.fi\/karjalanelvytys\/wp-content\/uploads\/sites\/155\/2023\/12\/Koti-ikava-4-viena-2-768x1086.png 768w, https:\/\/blogs.uef.fi\/karjalanelvytys\/wp-content\/uploads\/sites\/155\/2023\/12\/Koti-ikava-4-viena-2.png 1013w\" sizes=\"auto, (max-width: 724px) 100vw, 724px\" \/><\/figure>\n\n\n\t<div id=\"accordion-block_6bd577275ce351fdb5975bdf6a11788c\" class=\"accordions\">\n\t\t\t\t\t<div class=\"accordion accordion-js\">\n\t\t\t\t<button class=\"accordion__button\" aria-controls=\"content-1299\" aria-expanded=\"false\" id=\"accordion-control-1299\">\n\t\t\t\t\t<h3 class=\"accordion__heading\" >\n\t\t\t\t\t\tSivun 4 tekstit (klikkaa avataksesi)\t\t\t\t\t<\/h3>\n\t\t\t\t<\/button>\n\t\t\t\t<div class=\"accordion__content\" role=\"region\" aria-labelledby=\"accordion-control-1299\" aria-hidden=\"true\" id=\"content-1299\">\n\t\t\t\t\t<p>Ruutu 1: Vuotan iell\u00e4hki, a kun \u00e4mm\u00f6 my\u00f6\u0161tyn\u00f6y pikkaraisena lintusena&#8230; \/ E\u010din \u00e4mmy\u00f6 jokahise\u0161ta linnu\u0161ta kumpasen ni\u00e4n<\/p>\n<p>Ruutu 2: Voit olla \u00e4mm\u00f6 \u0161iivet \u0161uatuo pi\u00e4si lopulla kotih&#8230; \/ Luatokan rannalla Karjalan K\u00e4ki\u0161almeh<\/p>\n\t\t\t\t<\/div>\n\t\t\t<\/div>\n\t\t\t<\/div>\n\t","protected":false},"excerpt":{"rendered":"<p>Luadinuh: Uolevi \u00c4ik\u00e4sKi\u00e4nd\u00e4nyh: Elena RapaTarkistannuh: Olga Karlova<\/p>\n","protected":false},"author":580,"featured_media":0,"parent":0,"menu_order":0,"comment_status":"closed","ping_status":"closed","template":"","meta":{"_acf_changed":false,"footnotes":""},"class_list":["post-13992","page","type-page","status-publish","hentry"],"acf":[],"yoast_head":"<!-- This site is optimized with the Yoast SEO plugin v27.3 - https:\/\/yoast.com\/product\/yoast-seo-wordpress\/ -->\n<title>Koti-ik\u00e4v\u00e4 - Karjalan kielen elvytt\u00e4minen<\/title>\n<meta name=\"robots\" content=\"index, follow, max-snippet:-1, max-image-preview:large, max-video-preview:-1\" \/>\n<link rel=\"canonical\" href=\"https:\/\/blogs.uef.fi\/karjalanelvytys\/koti-ikava\/\" \/>\n<meta property=\"og:locale\" content=\"fi_FI\" \/>\n<meta property=\"og:type\" content=\"article\" \/>\n<meta property=\"og:title\" content=\"Koti-ik\u00e4v\u00e4 - Karjalan kielen elvytt\u00e4minen\" \/>\n<meta property=\"og:description\" content=\"Luadinuh: Uolevi \u00c4ik\u00e4sKi\u00e4nd\u00e4nyh: Elena RapaTarkistannuh: Olga Karlova\" \/>\n<meta property=\"og:url\" content=\"https:\/\/blogs.uef.fi\/karjalanelvytys\/koti-ikava\/\" \/>\n<meta property=\"og:site_name\" content=\"Karjalan kielen elvytt\u00e4minen\" \/>\n<meta property=\"article:modified_time\" content=\"2023-12-12T10:25:22+00:00\" \/>\n<meta property=\"og:image\" content=\"https:\/\/blogs.uef.fi\/karjalanelvytys\/wp-content\/uploads\/sites\/155\/2023\/12\/Koti-ikava-1-viena-724x1024.png\" \/>\n<meta name=\"twitter:card\" content=\"summary_large_image\" \/>\n<meta name=\"twitter:label1\" content=\"Arvioitu lukuaika\" \/>\n\t<meta name=\"twitter:data1\" content=\"1 minuutti\" \/>\n<script type=\"application\/ld+json\" class=\"yoast-schema-graph\">{\"@context\":\"https:\\\/\\\/schema.org\",\"@graph\":[{\"@type\":\"WebPage\",\"@id\":\"https:\\\/\\\/blogs.uef.fi\\\/karjalanelvytys\\\/koti-ikava\\\/\",\"url\":\"https:\\\/\\\/blogs.uef.fi\\\/karjalanelvytys\\\/koti-ikava\\\/\",\"name\":\"Koti-ik\u00e4v\u00e4 - Karjalan kielen elvytt\u00e4minen\",\"isPartOf\":{\"@id\":\"https:\\\/\\\/blogs.uef.fi\\\/karjalanelvytys\\\/#website\"},\"primaryImageOfPage\":{\"@id\":\"https:\\\/\\\/blogs.uef.fi\\\/karjalanelvytys\\\/koti-ikava\\\/#primaryimage\"},\"image\":{\"@id\":\"https:\\\/\\\/blogs.uef.fi\\\/karjalanelvytys\\\/koti-ikava\\\/#primaryimage\"},\"thumbnailUrl\":\"https:\\\/\\\/blogs.uef.fi\\\/karjalanelvytys\\\/wp-content\\\/uploads\\\/sites\\\/155\\\/2023\\\/12\\\/Koti-ikava-1-viena-724x1024.png\",\"datePublished\":\"2023-12-12T08:10:48+00:00\",\"dateModified\":\"2023-12-12T10:25:22+00:00\",\"breadcrumb\":{\"@id\":\"https:\\\/\\\/blogs.uef.fi\\\/karjalanelvytys\\\/koti-ikava\\\/#breadcrumb\"},\"inLanguage\":\"fi\",\"potentialAction\":[{\"@type\":\"ReadAction\",\"target\":[\"https:\\\/\\\/blogs.uef.fi\\\/karjalanelvytys\\\/koti-ikava\\\/\"]}]},{\"@type\":\"ImageObject\",\"inLanguage\":\"fi\",\"@id\":\"https:\\\/\\\/blogs.uef.fi\\\/karjalanelvytys\\\/koti-ikava\\\/#primaryimage\",\"url\":\"https:\\\/\\\/blogs.uef.fi\\\/karjalanelvytys\\\/wp-content\\\/uploads\\\/sites\\\/155\\\/2023\\\/12\\\/Koti-ikava-1-viena.png\",\"contentUrl\":\"https:\\\/\\\/blogs.uef.fi\\\/karjalanelvytys\\\/wp-content\\\/uploads\\\/sites\\\/155\\\/2023\\\/12\\\/Koti-ikava-1-viena.png\",\"width\":1447,\"height\":2048},{\"@type\":\"BreadcrumbList\",\"@id\":\"https:\\\/\\\/blogs.uef.fi\\\/karjalanelvytys\\\/koti-ikava\\\/#breadcrumb\",\"itemListElement\":[{\"@type\":\"ListItem\",\"position\":1,\"name\":\"Home\",\"item\":\"https:\\\/\\\/blogs.uef.fi\\\/karjalanelvytys\\\/\"},{\"@type\":\"ListItem\",\"position\":2,\"name\":\"Koti-ik\u00e4v\u00e4\"}]},{\"@type\":\"WebSite\",\"@id\":\"https:\\\/\\\/blogs.uef.fi\\\/karjalanelvytys\\\/#website\",\"url\":\"https:\\\/\\\/blogs.uef.fi\\\/karjalanelvytys\\\/\",\"name\":\"Karjalan kielen elvytt\u00e4minen\",\"description\":\"\",\"potentialAction\":[{\"@type\":\"SearchAction\",\"target\":{\"@type\":\"EntryPoint\",\"urlTemplate\":\"https:\\\/\\\/blogs.uef.fi\\\/karjalanelvytys\\\/?s={search_term_string}\"},\"query-input\":{\"@type\":\"PropertyValueSpecification\",\"valueRequired\":true,\"valueName\":\"search_term_string\"}}],\"inLanguage\":\"fi\"}]}<\/script>\n<!-- \/ Yoast SEO plugin. -->","yoast_head_json":{"title":"Koti-ik\u00e4v\u00e4 - Karjalan kielen elvytt\u00e4minen","robots":{"index":"index","follow":"follow","max-snippet":"max-snippet:-1","max-image-preview":"max-image-preview:large","max-video-preview":"max-video-preview:-1"},"canonical":"https:\/\/blogs.uef.fi\/karjalanelvytys\/koti-ikava\/","og_locale":"fi_FI","og_type":"article","og_title":"Koti-ik\u00e4v\u00e4 - Karjalan kielen elvytt\u00e4minen","og_description":"Luadinuh: Uolevi \u00c4ik\u00e4sKi\u00e4nd\u00e4nyh: Elena RapaTarkistannuh: Olga Karlova","og_url":"https:\/\/blogs.uef.fi\/karjalanelvytys\/koti-ikava\/","og_site_name":"Karjalan kielen elvytt\u00e4minen","article_modified_time":"2023-12-12T10:25:22+00:00","og_image":[{"url":"https:\/\/blogs.uef.fi\/karjalanelvytys\/wp-content\/uploads\/sites\/155\/2023\/12\/Koti-ikava-1-viena-724x1024.png","type":"","width":"","height":""}],"twitter_card":"summary_large_image","twitter_misc":{"Arvioitu lukuaika":"1 minuutti"},"schema":{"@context":"https:\/\/schema.org","@graph":[{"@type":"WebPage","@id":"https:\/\/blogs.uef.fi\/karjalanelvytys\/koti-ikava\/","url":"https:\/\/blogs.uef.fi\/karjalanelvytys\/koti-ikava\/","name":"Koti-ik\u00e4v\u00e4 - Karjalan kielen elvytt\u00e4minen","isPartOf":{"@id":"https:\/\/blogs.uef.fi\/karjalanelvytys\/#website"},"primaryImageOfPage":{"@id":"https:\/\/blogs.uef.fi\/karjalanelvytys\/koti-ikava\/#primaryimage"},"image":{"@id":"https:\/\/blogs.uef.fi\/karjalanelvytys\/koti-ikava\/#primaryimage"},"thumbnailUrl":"https:\/\/blogs.uef.fi\/karjalanelvytys\/wp-content\/uploads\/sites\/155\/2023\/12\/Koti-ikava-1-viena-724x1024.png","datePublished":"2023-12-12T08:10:48+00:00","dateModified":"2023-12-12T10:25:22+00:00","breadcrumb":{"@id":"https:\/\/blogs.uef.fi\/karjalanelvytys\/koti-ikava\/#breadcrumb"},"inLanguage":"fi","potentialAction":[{"@type":"ReadAction","target":["https:\/\/blogs.uef.fi\/karjalanelvytys\/koti-ikava\/"]}]},{"@type":"ImageObject","inLanguage":"fi","@id":"https:\/\/blogs.uef.fi\/karjalanelvytys\/koti-ikava\/#primaryimage","url":"https:\/\/blogs.uef.fi\/karjalanelvytys\/wp-content\/uploads\/sites\/155\/2023\/12\/Koti-ikava-1-viena.png","contentUrl":"https:\/\/blogs.uef.fi\/karjalanelvytys\/wp-content\/uploads\/sites\/155\/2023\/12\/Koti-ikava-1-viena.png","width":1447,"height":2048},{"@type":"BreadcrumbList","@id":"https:\/\/blogs.uef.fi\/karjalanelvytys\/koti-ikava\/#breadcrumb","itemListElement":[{"@type":"ListItem","position":1,"name":"Home","item":"https:\/\/blogs.uef.fi\/karjalanelvytys\/"},{"@type":"ListItem","position":2,"name":"Koti-ik\u00e4v\u00e4"}]},{"@type":"WebSite","@id":"https:\/\/blogs.uef.fi\/karjalanelvytys\/#website","url":"https:\/\/blogs.uef.fi\/karjalanelvytys\/","name":"Karjalan kielen elvytt\u00e4minen","description":"","potentialAction":[{"@type":"SearchAction","target":{"@type":"EntryPoint","urlTemplate":"https:\/\/blogs.uef.fi\/karjalanelvytys\/?s={search_term_string}"},"query-input":{"@type":"PropertyValueSpecification","valueRequired":true,"valueName":"search_term_string"}}],"inLanguage":"fi"}]}},"_links":{"self":[{"href":"https:\/\/blogs.uef.fi\/karjalanelvytys\/wp-json\/wp\/v2\/pages\/13992","targetHints":{"allow":["GET"]}}],"collection":[{"href":"https:\/\/blogs.uef.fi\/karjalanelvytys\/wp-json\/wp\/v2\/pages"}],"about":[{"href":"https:\/\/blogs.uef.fi\/karjalanelvytys\/wp-json\/wp\/v2\/types\/page"}],"author":[{"embeddable":true,"href":"https:\/\/blogs.uef.fi\/karjalanelvytys\/wp-json\/wp\/v2\/users\/580"}],"replies":[{"embeddable":true,"href":"https:\/\/blogs.uef.fi\/karjalanelvytys\/wp-json\/wp\/v2\/comments?post=13992"}],"version-history":[{"count":2,"href":"https:\/\/blogs.uef.fi\/karjalanelvytys\/wp-json\/wp\/v2\/pages\/13992\/revisions"}],"predecessor-version":[{"id":14054,"href":"https:\/\/blogs.uef.fi\/karjalanelvytys\/wp-json\/wp\/v2\/pages\/13992\/revisions\/14054"}],"wp:attachment":[{"href":"https:\/\/blogs.uef.fi\/karjalanelvytys\/wp-json\/wp\/v2\/media?parent=13992"}],"curies":[{"name":"wp","href":"https:\/\/api.w.org\/{rel}","templated":true}]}}