{"id":13968,"date":"2023-12-12T10:11:24","date_gmt":"2023-12-12T08:11:24","guid":{"rendered":"https:\/\/blogs.uef.fi\/karjalanelvytys\/?page_id=13968"},"modified":"2023-12-12T10:11:25","modified_gmt":"2023-12-12T08:11:25","slug":"kodi-igava","status":"publish","type":"page","link":"https:\/\/blogs.uef.fi\/karjalanelvytys\/kodi-igava\/","title":{"rendered":"Kodi-ig\u00e4v\u00e4"},"content":{"rendered":"\n<p>Luadinuh: <strong>Uolevi \u00c4ik\u00e4s<\/strong><br>Ki\u00e4nd\u00e4nyh: <strong>Eeva Manni<\/strong><br>Tarkistannuh: <strong>Katerina Paalamo<\/strong><\/p>\n\n\n\n<figure class=\"wp-block-image size-large is-resized\"><img loading=\"lazy\" decoding=\"async\" width=\"724\" height=\"1024\" src=\"https:\/\/blogs.uef.fi\/karjalanelvytys\/wp-content\/uploads\/sites\/155\/2023\/12\/Koti-ikava-1-suvi-724x1024.png\" alt=\"\" class=\"wp-image-13974\" style=\"height:900px\" srcset=\"https:\/\/blogs.uef.fi\/karjalanelvytys\/wp-content\/uploads\/sites\/155\/2023\/12\/Koti-ikava-1-suvi-724x1024.png 724w, https:\/\/blogs.uef.fi\/karjalanelvytys\/wp-content\/uploads\/sites\/155\/2023\/12\/Koti-ikava-1-suvi-212x300.png 212w, https:\/\/blogs.uef.fi\/karjalanelvytys\/wp-content\/uploads\/sites\/155\/2023\/12\/Koti-ikava-1-suvi-768x1087.png 768w, https:\/\/blogs.uef.fi\/karjalanelvytys\/wp-content\/uploads\/sites\/155\/2023\/12\/Koti-ikava-1-suvi-1085x1536.png 1085w, https:\/\/blogs.uef.fi\/karjalanelvytys\/wp-content\/uploads\/sites\/155\/2023\/12\/Koti-ikava-1-suvi.png 1447w\" sizes=\"auto, (max-width: 724px) 100vw, 724px\" \/><\/figure>\n\n\n\t<div id=\"accordion-block_152e1e76b4726e9f4fd7caa02569abeb\" class=\"accordions\">\n\t\t\t\t\t<div class=\"accordion accordion-js\">\n\t\t\t\t<button class=\"accordion__button\" aria-controls=\"content-8354\" aria-expanded=\"false\" id=\"accordion-control-8354\">\n\t\t\t\t\t<h3 class=\"accordion__heading\" >\n\t\t\t\t\t\tSivun 1 tekstit (klikkaa avataksesi)\t\t\t\t\t<\/h3>\n\t\t\t\t<\/button>\n\t\t\t\t<div class=\"accordion__content\" role=\"region\" aria-labelledby=\"accordion-control-8354\" aria-hidden=\"true\" id=\"content-8354\">\n\t\t\t\t\t<p>Ruutu 1: Mirja-baba l\u00e4hti tuonilmazih tuu\u010d\u010dakuussa \/ Baba oli miula kuin toine muamo, toine vanhembi<\/p>\n<p>Ruutu 2: Vietin aigua baban rinnalla bol&#8217;ni\u010dassa \/ Toi\u010d\u010di baba h\u00e4vii syv\u00e4ll\u00e4 omih ajatuksih&#8230; \/ Mid\u00e4b\u00e4 smietit?<\/p>\n<p>Ruutu 3: Kodie&#8230; \/ Ai Nurmuogo? \/ Ei&#8230;<\/p>\n<p>Ruutu 4: Kodie Karjalassa, K\u00e4gisalmie&#8230; \/ Vain kun olizin suannuh eli\u00e4 miun eloksen siel\u00e4&#8230;<\/p>\n\t\t\t\t<\/div>\n\t\t\t<\/div>\n\t\t\t<\/div>\n\t\n\n\n<figure class=\"wp-block-image size-large is-resized\"><img loading=\"lazy\" decoding=\"async\" width=\"724\" height=\"1024\" src=\"https:\/\/blogs.uef.fi\/karjalanelvytys\/wp-content\/uploads\/sites\/155\/2023\/12\/Koti-ikava-2-suvi-724x1024.png\" alt=\"\" class=\"wp-image-13977\" style=\"height:900px\" srcset=\"https:\/\/blogs.uef.fi\/karjalanelvytys\/wp-content\/uploads\/sites\/155\/2023\/12\/Koti-ikava-2-suvi-724x1024.png 724w, https:\/\/blogs.uef.fi\/karjalanelvytys\/wp-content\/uploads\/sites\/155\/2023\/12\/Koti-ikava-2-suvi-212x300.png 212w, https:\/\/blogs.uef.fi\/karjalanelvytys\/wp-content\/uploads\/sites\/155\/2023\/12\/Koti-ikava-2-suvi-768x1086.png 768w, https:\/\/blogs.uef.fi\/karjalanelvytys\/wp-content\/uploads\/sites\/155\/2023\/12\/Koti-ikava-2-suvi-1086x1536.png 1086w, https:\/\/blogs.uef.fi\/karjalanelvytys\/wp-content\/uploads\/sites\/155\/2023\/12\/Koti-ikava-2-suvi-1448x2048.png 1448w, https:\/\/blogs.uef.fi\/karjalanelvytys\/wp-content\/uploads\/sites\/155\/2023\/12\/Koti-ikava-2-suvi.png 1736w\" sizes=\"auto, (max-width: 724px) 100vw, 724px\" \/><\/figure>\n\n\n\t<div id=\"accordion-block_223ab60e85d4efb7cf084c26ed65b223\" class=\"accordions\">\n\t\t\t\t\t<div class=\"accordion accordion-js\">\n\t\t\t\t<button class=\"accordion__button\" aria-controls=\"content-5983\" aria-expanded=\"false\" id=\"accordion-control-5983\">\n\t\t\t\t\t<h3 class=\"accordion__heading\" >\n\t\t\t\t\t\tSivun 2 tekstit (klikkaa avataksesi)\t\t\t\t\t<\/h3>\n\t\t\t\t<\/button>\n\t\t\t\t<div class=\"accordion__content\" role=\"region\" aria-labelledby=\"accordion-control-5983\" aria-hidden=\"true\" id=\"content-5983\">\n\t\t\t\t\t<p>Ruutu 1: Kun olin pikkarane, muissan kuin baba gostitti vanhoinkoin karjalazie evakkobuaboloi<\/p>\n<p>Ruutu 2: Buabot itkiettih da laulettih yhess\u00e4 \/ Da juattih saman kodi-ig\u00e4v\u00e4n<\/p>\n<p>Ruutu 3: Ei sid\u00e4 lapsena voinun ni ellendi\u00e4, mild\u00e4 n\u00e4ist\u00e4 buaboloista tundu&#8230; \/ Voittago paissa minula Karjalasta? \/ Ga mie olin tiijonhimone lapsi, ainos valmis kuundelemah buaboloin starinoi!<\/p>\n<p>Ruutu 4: Baba pagizi meil\u00e4 tuagieh K\u00e4gisalmen koista, rodnista da meij\u00e4n juurista&#8230; \/ Starinoih liityttih tuagieh linduzet<\/p>\n\t\t\t\t<\/div>\n\t\t\t<\/div>\n\t\t\t<\/div>\n\t\n\n\n<figure class=\"wp-block-image size-large\"><img loading=\"lazy\" decoding=\"async\" width=\"724\" height=\"1024\" src=\"https:\/\/blogs.uef.fi\/karjalanelvytys\/wp-content\/uploads\/sites\/155\/2023\/12\/Koti-ikava-3-suvi-724x1024.png\" alt=\"\" class=\"wp-image-13980\" srcset=\"https:\/\/blogs.uef.fi\/karjalanelvytys\/wp-content\/uploads\/sites\/155\/2023\/12\/Koti-ikava-3-suvi-724x1024.png 724w, https:\/\/blogs.uef.fi\/karjalanelvytys\/wp-content\/uploads\/sites\/155\/2023\/12\/Koti-ikava-3-suvi-212x300.png 212w, https:\/\/blogs.uef.fi\/karjalanelvytys\/wp-content\/uploads\/sites\/155\/2023\/12\/Koti-ikava-3-suvi-768x1086.png 768w, https:\/\/blogs.uef.fi\/karjalanelvytys\/wp-content\/uploads\/sites\/155\/2023\/12\/Koti-ikava-3-suvi-1086x1536.png 1086w, https:\/\/blogs.uef.fi\/karjalanelvytys\/wp-content\/uploads\/sites\/155\/2023\/12\/Koti-ikava-3-suvi-1448x2048.png 1448w, https:\/\/blogs.uef.fi\/karjalanelvytys\/wp-content\/uploads\/sites\/155\/2023\/12\/Koti-ikava-3-suvi.png 1736w\" sizes=\"auto, (max-width: 724px) 100vw, 724px\" \/><\/figure>\n\n\n\t<div id=\"accordion-block_9c6ace64568666ee17b889fc5193f455\" class=\"accordions\">\n\t\t\t\t\t<div class=\"accordion accordion-js\">\n\t\t\t\t<button class=\"accordion__button\" aria-controls=\"content-5502\" aria-expanded=\"false\" id=\"accordion-control-5502\">\n\t\t\t\t\t<h3 class=\"accordion__heading\" >\n\t\t\t\t\t\tSivun 3 tekstit (klikkaa avataksesi)\t\t\t\t\t<\/h3>\n\t\t\t\t<\/button>\n\t\t\t\t<div class=\"accordion__content\" role=\"region\" aria-labelledby=\"accordion-control-5502\" aria-hidden=\"true\" id=\"content-5502\">\n\t\t\t\t\t<p>Ruutu 1: Baba pagizi meil\u00e4 h\u00e4nen muamosta, kumbane vanno, jotta h\u00e4n my\u00f6styy kuolennan j\u00e4lgeh j\u00e4rilleh kodih linduzena \/ Muahpanennan j\u00e4lgeh, kessen muistopiduo ikkunalla pyr\u00e4hti pikkarane lindune! Se istu pit\u00e4ldi da ka\u010dotteli syd\u00e4mess\u00e4 olijoi abienalazie omahizie, kuni lendi i\u00e4reh&#8230;<\/p>\n<p>Ruutu 2: Baba&#8230; \/ Mid\u00e4? \/ Tuletgo siegi siid\u00e4 j\u00e4rilleh linduzena?<\/p>\n<p>Ruutu 3: Tiett\u00e4v\u00e4ine, tulen teij\u00e4n luo! \/ A MIE EN TAHO, JOTTA SIE L\u00c4HET TUONILMAZIH! \/ A voi voi, miun lapsikulda&#8230;<\/p>\n<p>Ruutu 4: Ei h\u00e4di\u00e4 armas lapsi \/ Baba laulau laulun, ni ei en\u00e4mbi itet\u00e4!<\/p>\n\t\t\t\t<\/div>\n\t\t\t<\/div>\n\t\t\t<\/div>\n\t\n\n\n<figure class=\"wp-block-image size-large is-resized\"><img loading=\"lazy\" decoding=\"async\" width=\"724\" height=\"1024\" src=\"https:\/\/blogs.uef.fi\/karjalanelvytys\/wp-content\/uploads\/sites\/155\/2023\/12\/Koti-ikava-4-suvi-724x1024.png\" alt=\"\" class=\"wp-image-13983\" style=\"height:900px\" srcset=\"https:\/\/blogs.uef.fi\/karjalanelvytys\/wp-content\/uploads\/sites\/155\/2023\/12\/Koti-ikava-4-suvi-724x1024.png 724w, https:\/\/blogs.uef.fi\/karjalanelvytys\/wp-content\/uploads\/sites\/155\/2023\/12\/Koti-ikava-4-suvi-212x300.png 212w, https:\/\/blogs.uef.fi\/karjalanelvytys\/wp-content\/uploads\/sites\/155\/2023\/12\/Koti-ikava-4-suvi-768x1086.png 768w, https:\/\/blogs.uef.fi\/karjalanelvytys\/wp-content\/uploads\/sites\/155\/2023\/12\/Koti-ikava-4-suvi.png 1013w\" sizes=\"auto, (max-width: 724px) 100vw, 724px\" \/><\/figure>\n\n\n\t<div id=\"accordion-block_21c9dc2e2dea82f98cc8822a4608de4c\" class=\"accordions\">\n\t\t\t\t\t<div class=\"accordion accordion-js\">\n\t\t\t\t<button class=\"accordion__button\" aria-controls=\"content-3698\" aria-expanded=\"false\" id=\"accordion-control-3698\">\n\t\t\t\t\t<h3 class=\"accordion__heading\" >\n\t\t\t\t\t\tSivun 4 tekstit (klikkaa avataksesi)\t\t\t\t\t<\/h3>\n\t\t\t\t<\/button>\n\t\t\t\t<div class=\"accordion__content\" role=\"region\" aria-labelledby=\"accordion-control-3698\" aria-hidden=\"true\" id=\"content-3698\">\n\t\t\t\t\t<p>Ruutu 1: Mie yht\u00e4 vuotan, jotta baba my\u00f6styy j\u00e4rilleh linduzena&#8230; \/ Mie e\u010din babua jogahizesta linnusta, kumbazen ni\u00e4n<\/p>\n<p>Ruutu 2: Ga onnakko baba lendi j\u00e4lgim\u00e4in kodih, kun sai siivet&#8230; \/ Luadogan rannalla, Karjalan K\u00e4gisalmeh<\/p>\n\t\t\t\t<\/div>\n\t\t\t<\/div>\n\t\t\t<\/div>\n\t","protected":false},"excerpt":{"rendered":"<p>Luadinuh: Uolevi \u00c4ik\u00e4sKi\u00e4nd\u00e4nyh: Eeva ManniTarkistannuh: Katerina Paalamo<\/p>\n","protected":false},"author":580,"featured_media":0,"parent":0,"menu_order":0,"comment_status":"closed","ping_status":"closed","template":"","meta":{"_acf_changed":false,"footnotes":""},"class_list":["post-13968","page","type-page","status-publish","hentry"],"acf":[],"yoast_head":"<!-- This site is optimized with the Yoast SEO plugin v27.3 - https:\/\/yoast.com\/product\/yoast-seo-wordpress\/ -->\n<title>Kodi-ig\u00e4v\u00e4 - Karjalan kielen elvytt\u00e4minen<\/title>\n<meta name=\"robots\" content=\"index, follow, max-snippet:-1, max-image-preview:large, max-video-preview:-1\" \/>\n<link rel=\"canonical\" href=\"https:\/\/blogs.uef.fi\/karjalanelvytys\/kodi-igava\/\" \/>\n<meta property=\"og:locale\" content=\"fi_FI\" \/>\n<meta property=\"og:type\" content=\"article\" \/>\n<meta property=\"og:title\" content=\"Kodi-ig\u00e4v\u00e4 - Karjalan kielen elvytt\u00e4minen\" \/>\n<meta property=\"og:description\" content=\"Luadinuh: Uolevi \u00c4ik\u00e4sKi\u00e4nd\u00e4nyh: Eeva ManniTarkistannuh: Katerina Paalamo\" \/>\n<meta property=\"og:url\" content=\"https:\/\/blogs.uef.fi\/karjalanelvytys\/kodi-igava\/\" \/>\n<meta property=\"og:site_name\" content=\"Karjalan kielen elvytt\u00e4minen\" \/>\n<meta property=\"article:modified_time\" content=\"2023-12-12T08:11:25+00:00\" \/>\n<meta property=\"og:image\" content=\"https:\/\/blogs.uef.fi\/karjalanelvytys\/wp-content\/uploads\/sites\/155\/2023\/12\/Koti-ikava-1-suvi-724x1024.png\" \/>\n<meta name=\"twitter:card\" content=\"summary_large_image\" \/>\n<meta name=\"twitter:label1\" content=\"Arvioitu lukuaika\" \/>\n\t<meta name=\"twitter:data1\" content=\"1 minuutti\" \/>\n<script type=\"application\/ld+json\" class=\"yoast-schema-graph\">{\"@context\":\"https:\\\/\\\/schema.org\",\"@graph\":[{\"@type\":\"WebPage\",\"@id\":\"https:\\\/\\\/blogs.uef.fi\\\/karjalanelvytys\\\/kodi-igava\\\/\",\"url\":\"https:\\\/\\\/blogs.uef.fi\\\/karjalanelvytys\\\/kodi-igava\\\/\",\"name\":\"Kodi-ig\u00e4v\u00e4 - Karjalan kielen elvytt\u00e4minen\",\"isPartOf\":{\"@id\":\"https:\\\/\\\/blogs.uef.fi\\\/karjalanelvytys\\\/#website\"},\"primaryImageOfPage\":{\"@id\":\"https:\\\/\\\/blogs.uef.fi\\\/karjalanelvytys\\\/kodi-igava\\\/#primaryimage\"},\"image\":{\"@id\":\"https:\\\/\\\/blogs.uef.fi\\\/karjalanelvytys\\\/kodi-igava\\\/#primaryimage\"},\"thumbnailUrl\":\"https:\\\/\\\/blogs.uef.fi\\\/karjalanelvytys\\\/wp-content\\\/uploads\\\/sites\\\/155\\\/2023\\\/12\\\/Koti-ikava-1-suvi-724x1024.png\",\"datePublished\":\"2023-12-12T08:11:24+00:00\",\"dateModified\":\"2023-12-12T08:11:25+00:00\",\"breadcrumb\":{\"@id\":\"https:\\\/\\\/blogs.uef.fi\\\/karjalanelvytys\\\/kodi-igava\\\/#breadcrumb\"},\"inLanguage\":\"fi\",\"potentialAction\":[{\"@type\":\"ReadAction\",\"target\":[\"https:\\\/\\\/blogs.uef.fi\\\/karjalanelvytys\\\/kodi-igava\\\/\"]}]},{\"@type\":\"ImageObject\",\"inLanguage\":\"fi\",\"@id\":\"https:\\\/\\\/blogs.uef.fi\\\/karjalanelvytys\\\/kodi-igava\\\/#primaryimage\",\"url\":\"https:\\\/\\\/blogs.uef.fi\\\/karjalanelvytys\\\/wp-content\\\/uploads\\\/sites\\\/155\\\/2023\\\/12\\\/Koti-ikava-1-suvi.png\",\"contentUrl\":\"https:\\\/\\\/blogs.uef.fi\\\/karjalanelvytys\\\/wp-content\\\/uploads\\\/sites\\\/155\\\/2023\\\/12\\\/Koti-ikava-1-suvi.png\",\"width\":1447,\"height\":2048},{\"@type\":\"BreadcrumbList\",\"@id\":\"https:\\\/\\\/blogs.uef.fi\\\/karjalanelvytys\\\/kodi-igava\\\/#breadcrumb\",\"itemListElement\":[{\"@type\":\"ListItem\",\"position\":1,\"name\":\"Home\",\"item\":\"https:\\\/\\\/blogs.uef.fi\\\/karjalanelvytys\\\/\"},{\"@type\":\"ListItem\",\"position\":2,\"name\":\"Kodi-ig\u00e4v\u00e4\"}]},{\"@type\":\"WebSite\",\"@id\":\"https:\\\/\\\/blogs.uef.fi\\\/karjalanelvytys\\\/#website\",\"url\":\"https:\\\/\\\/blogs.uef.fi\\\/karjalanelvytys\\\/\",\"name\":\"Karjalan kielen elvytt\u00e4minen\",\"description\":\"\",\"potentialAction\":[{\"@type\":\"SearchAction\",\"target\":{\"@type\":\"EntryPoint\",\"urlTemplate\":\"https:\\\/\\\/blogs.uef.fi\\\/karjalanelvytys\\\/?s={search_term_string}\"},\"query-input\":{\"@type\":\"PropertyValueSpecification\",\"valueRequired\":true,\"valueName\":\"search_term_string\"}}],\"inLanguage\":\"fi\"}]}<\/script>\n<!-- \/ Yoast SEO plugin. -->","yoast_head_json":{"title":"Kodi-ig\u00e4v\u00e4 - Karjalan kielen elvytt\u00e4minen","robots":{"index":"index","follow":"follow","max-snippet":"max-snippet:-1","max-image-preview":"max-image-preview:large","max-video-preview":"max-video-preview:-1"},"canonical":"https:\/\/blogs.uef.fi\/karjalanelvytys\/kodi-igava\/","og_locale":"fi_FI","og_type":"article","og_title":"Kodi-ig\u00e4v\u00e4 - Karjalan kielen elvytt\u00e4minen","og_description":"Luadinuh: Uolevi \u00c4ik\u00e4sKi\u00e4nd\u00e4nyh: Eeva ManniTarkistannuh: Katerina Paalamo","og_url":"https:\/\/blogs.uef.fi\/karjalanelvytys\/kodi-igava\/","og_site_name":"Karjalan kielen elvytt\u00e4minen","article_modified_time":"2023-12-12T08:11:25+00:00","og_image":[{"url":"https:\/\/blogs.uef.fi\/karjalanelvytys\/wp-content\/uploads\/sites\/155\/2023\/12\/Koti-ikava-1-suvi-724x1024.png","type":"","width":"","height":""}],"twitter_card":"summary_large_image","twitter_misc":{"Arvioitu lukuaika":"1 minuutti"},"schema":{"@context":"https:\/\/schema.org","@graph":[{"@type":"WebPage","@id":"https:\/\/blogs.uef.fi\/karjalanelvytys\/kodi-igava\/","url":"https:\/\/blogs.uef.fi\/karjalanelvytys\/kodi-igava\/","name":"Kodi-ig\u00e4v\u00e4 - Karjalan kielen elvytt\u00e4minen","isPartOf":{"@id":"https:\/\/blogs.uef.fi\/karjalanelvytys\/#website"},"primaryImageOfPage":{"@id":"https:\/\/blogs.uef.fi\/karjalanelvytys\/kodi-igava\/#primaryimage"},"image":{"@id":"https:\/\/blogs.uef.fi\/karjalanelvytys\/kodi-igava\/#primaryimage"},"thumbnailUrl":"https:\/\/blogs.uef.fi\/karjalanelvytys\/wp-content\/uploads\/sites\/155\/2023\/12\/Koti-ikava-1-suvi-724x1024.png","datePublished":"2023-12-12T08:11:24+00:00","dateModified":"2023-12-12T08:11:25+00:00","breadcrumb":{"@id":"https:\/\/blogs.uef.fi\/karjalanelvytys\/kodi-igava\/#breadcrumb"},"inLanguage":"fi","potentialAction":[{"@type":"ReadAction","target":["https:\/\/blogs.uef.fi\/karjalanelvytys\/kodi-igava\/"]}]},{"@type":"ImageObject","inLanguage":"fi","@id":"https:\/\/blogs.uef.fi\/karjalanelvytys\/kodi-igava\/#primaryimage","url":"https:\/\/blogs.uef.fi\/karjalanelvytys\/wp-content\/uploads\/sites\/155\/2023\/12\/Koti-ikava-1-suvi.png","contentUrl":"https:\/\/blogs.uef.fi\/karjalanelvytys\/wp-content\/uploads\/sites\/155\/2023\/12\/Koti-ikava-1-suvi.png","width":1447,"height":2048},{"@type":"BreadcrumbList","@id":"https:\/\/blogs.uef.fi\/karjalanelvytys\/kodi-igava\/#breadcrumb","itemListElement":[{"@type":"ListItem","position":1,"name":"Home","item":"https:\/\/blogs.uef.fi\/karjalanelvytys\/"},{"@type":"ListItem","position":2,"name":"Kodi-ig\u00e4v\u00e4"}]},{"@type":"WebSite","@id":"https:\/\/blogs.uef.fi\/karjalanelvytys\/#website","url":"https:\/\/blogs.uef.fi\/karjalanelvytys\/","name":"Karjalan kielen elvytt\u00e4minen","description":"","potentialAction":[{"@type":"SearchAction","target":{"@type":"EntryPoint","urlTemplate":"https:\/\/blogs.uef.fi\/karjalanelvytys\/?s={search_term_string}"},"query-input":{"@type":"PropertyValueSpecification","valueRequired":true,"valueName":"search_term_string"}}],"inLanguage":"fi"}]}},"_links":{"self":[{"href":"https:\/\/blogs.uef.fi\/karjalanelvytys\/wp-json\/wp\/v2\/pages\/13968","targetHints":{"allow":["GET"]}}],"collection":[{"href":"https:\/\/blogs.uef.fi\/karjalanelvytys\/wp-json\/wp\/v2\/pages"}],"about":[{"href":"https:\/\/blogs.uef.fi\/karjalanelvytys\/wp-json\/wp\/v2\/types\/page"}],"author":[{"embeddable":true,"href":"https:\/\/blogs.uef.fi\/karjalanelvytys\/wp-json\/wp\/v2\/users\/580"}],"replies":[{"embeddable":true,"href":"https:\/\/blogs.uef.fi\/karjalanelvytys\/wp-json\/wp\/v2\/comments?post=13968"}],"version-history":[{"count":2,"href":"https:\/\/blogs.uef.fi\/karjalanelvytys\/wp-json\/wp\/v2\/pages\/13968\/revisions"}],"predecessor-version":[{"id":14028,"href":"https:\/\/blogs.uef.fi\/karjalanelvytys\/wp-json\/wp\/v2\/pages\/13968\/revisions\/14028"}],"wp:attachment":[{"href":"https:\/\/blogs.uef.fi\/karjalanelvytys\/wp-json\/wp\/v2\/media?parent=13968"}],"curies":[{"name":"wp","href":"https:\/\/api.w.org\/{rel}","templated":true}]}}