{"id":13938,"date":"2023-12-12T10:11:57","date_gmt":"2023-12-12T08:11:57","guid":{"rendered":"https:\/\/blogs.uef.fi\/karjalanelvytys\/?page_id=13938"},"modified":"2023-12-12T10:11:57","modified_gmt":"2023-12-12T08:11:57","slug":"kodi-igavy","status":"publish","type":"page","link":"https:\/\/blogs.uef.fi\/karjalanelvytys\/kodi-igavy\/","title":{"rendered":"Kodi-ig\u00e4vy"},"content":{"rendered":"\n<p>Luadinuh: <strong>Uolevi \u00c4ik\u00e4s<\/strong><br>Ki\u00e4nd\u00e4nyh: <strong>Maura H\u00e4kki da Sanna Myll\u00e4ri<\/strong><br>Tarkistannuh: <strong>Natalia Giloeva<\/strong><\/p>\n\n\n\n<figure class=\"wp-block-image size-large is-resized\"><img loading=\"lazy\" decoding=\"async\" width=\"724\" height=\"1024\" src=\"https:\/\/blogs.uef.fi\/karjalanelvytys\/wp-content\/uploads\/sites\/155\/2023\/12\/Koti-ikava-1-liygi-724x1024.png\" alt=\"\" class=\"wp-image-13941\" style=\"height:900px\" srcset=\"https:\/\/blogs.uef.fi\/karjalanelvytys\/wp-content\/uploads\/sites\/155\/2023\/12\/Koti-ikava-1-liygi-724x1024.png 724w, https:\/\/blogs.uef.fi\/karjalanelvytys\/wp-content\/uploads\/sites\/155\/2023\/12\/Koti-ikava-1-liygi-212x300.png 212w, https:\/\/blogs.uef.fi\/karjalanelvytys\/wp-content\/uploads\/sites\/155\/2023\/12\/Koti-ikava-1-liygi-768x1087.png 768w, https:\/\/blogs.uef.fi\/karjalanelvytys\/wp-content\/uploads\/sites\/155\/2023\/12\/Koti-ikava-1-liygi-1085x1536.png 1085w, https:\/\/blogs.uef.fi\/karjalanelvytys\/wp-content\/uploads\/sites\/155\/2023\/12\/Koti-ikava-1-liygi.png 1447w\" sizes=\"auto, (max-width: 724px) 100vw, 724px\" \/><\/figure>\n\n\n\t<div id=\"accordion-block_1bcdd46613a419f7c2d424eac75a6983\" class=\"accordions\">\n\t\t\t\t\t<div class=\"accordion accordion-js\">\n\t\t\t\t<button class=\"accordion__button\" aria-controls=\"content-7189\" aria-expanded=\"false\" id=\"accordion-control-7189\">\n\t\t\t\t\t<h3 class=\"accordion__heading\" >\n\t\t\t\t\t\tSivun 1 tekstit (klikkaa avataksesi)\t\t\t\t\t<\/h3>\n\t\t\t\t<\/button>\n\t\t\t\t<div class=\"accordion__content\" role=\"region\" aria-labelledby=\"accordion-control-7189\" aria-hidden=\"true\" id=\"content-7189\">\n\t\t\t\t\t<p>Ruutu 1: Mirja-baba l\u00e4hti tuonilmazih tuhukuus. \/ Baba oli minule kui toine muamo, toine vahnembi.<\/p>\n<p>Ruutu 2: Vietin aigua baban vieres bol&#8217;ni\u010das<\/p>\n<p>Ruutu 3: Toi\u010di baba kadoi syv\u00e4le omih mielih&#8230; \/ Mid\u00e4bo duumai\u010det?<\/p>\n<p>Ruutu 4: Kodii? \/ A Nurmuo? \/ Ei&#8230;<\/p>\n<p>Ruutu 5: Kodii Karjalas, K\u00e4gisalmie&#8230; \/ A ku la olizin suannuh eli\u00e4 i\u010d\u010deni eloksen sie.<\/p>\n\t\t\t\t<\/div>\n\t\t\t<\/div>\n\t\t\t<\/div>\n\t\n\n\n<figure class=\"wp-block-image size-large is-resized\"><img loading=\"lazy\" decoding=\"async\" width=\"724\" height=\"1024\" src=\"https:\/\/blogs.uef.fi\/karjalanelvytys\/wp-content\/uploads\/sites\/155\/2023\/12\/Koti-ikava-2-liygi-724x1024.png\" alt=\"\" class=\"wp-image-13944\" style=\"aspect-ratio:0.70703125;width:636px;height:auto\" srcset=\"https:\/\/blogs.uef.fi\/karjalanelvytys\/wp-content\/uploads\/sites\/155\/2023\/12\/Koti-ikava-2-liygi-724x1024.png 724w, https:\/\/blogs.uef.fi\/karjalanelvytys\/wp-content\/uploads\/sites\/155\/2023\/12\/Koti-ikava-2-liygi-212x300.png 212w, https:\/\/blogs.uef.fi\/karjalanelvytys\/wp-content\/uploads\/sites\/155\/2023\/12\/Koti-ikava-2-liygi-768x1086.png 768w, https:\/\/blogs.uef.fi\/karjalanelvytys\/wp-content\/uploads\/sites\/155\/2023\/12\/Koti-ikava-2-liygi-1086x1536.png 1086w, https:\/\/blogs.uef.fi\/karjalanelvytys\/wp-content\/uploads\/sites\/155\/2023\/12\/Koti-ikava-2-liygi-1448x2048.png 1448w, https:\/\/blogs.uef.fi\/karjalanelvytys\/wp-content\/uploads\/sites\/155\/2023\/12\/Koti-ikava-2-liygi.png 1488w\" sizes=\"auto, (max-width: 724px) 100vw, 724px\" \/><\/figure>\n\n\n\t<div id=\"accordion-block_b5efba50ffc900d2f2cfe3805fc007cf\" class=\"accordions\">\n\t\t\t\t\t<div class=\"accordion accordion-js\">\n\t\t\t\t<button class=\"accordion__button\" aria-controls=\"content-707\" aria-expanded=\"false\" id=\"accordion-control-707\">\n\t\t\t\t\t<h3 class=\"accordion__heading\" >\n\t\t\t\t\t\tKuvan 2 tekstit (klikkaa avataksesi)\t\t\t\t\t<\/h3>\n\t\t\t\t<\/button>\n\t\t\t\t<div class=\"accordion__content\" role=\"region\" aria-labelledby=\"accordion-control-707\" aria-hidden=\"true\" id=\"content-707\">\n\t\t\t\t\t<p>Ruutu 1: Konzu olin pieni, mustan kui buabo gostitti vahnoinkodin karjalazii evakkobuaboloi.<\/p>\n<p>Ruutu 2: Buabot itkiettih da pajatettih yhtes \/ Jagajen saman kodi-ig\u00e4v\u00e4n<\/p>\n<p>Ruutu 3: Ei sid\u00e4 lapsennu voinnuh ni ellendi\u00e4, mil n\u00e4mmis buabolois tundui&#8230; \/ Voittogo sanella minule Karjalah n\u00e4h? \/ Ga olin nen\u00e4nsydii lapsi, ainos valmehennu kuundelemah buaboloin paginoi!<\/p>\n<p>Ruutu 4: Baba kerdoi meile puaksuh K\u00e4gisalmen kois, rodnis, da meij\u00e4n juuris&#8230; \/ Starinois puaksuh oli pikkarazii linduzii<\/p>\n\t\t\t\t<\/div>\n\t\t\t<\/div>\n\t\t\t<\/div>\n\t\n\n\n<figure class=\"wp-block-image size-large is-resized\"><img loading=\"lazy\" decoding=\"async\" width=\"724\" height=\"1024\" src=\"https:\/\/blogs.uef.fi\/karjalanelvytys\/wp-content\/uploads\/sites\/155\/2023\/12\/Koti-ikava-3-liygi-724x1024.png\" alt=\"\" class=\"wp-image-13947\" style=\"height:900px\" srcset=\"https:\/\/blogs.uef.fi\/karjalanelvytys\/wp-content\/uploads\/sites\/155\/2023\/12\/Koti-ikava-3-liygi-724x1024.png 724w, https:\/\/blogs.uef.fi\/karjalanelvytys\/wp-content\/uploads\/sites\/155\/2023\/12\/Koti-ikava-3-liygi-212x300.png 212w, https:\/\/blogs.uef.fi\/karjalanelvytys\/wp-content\/uploads\/sites\/155\/2023\/12\/Koti-ikava-3-liygi-768x1086.png 768w, https:\/\/blogs.uef.fi\/karjalanelvytys\/wp-content\/uploads\/sites\/155\/2023\/12\/Koti-ikava-3-liygi-1086x1536.png 1086w, https:\/\/blogs.uef.fi\/karjalanelvytys\/wp-content\/uploads\/sites\/155\/2023\/12\/Koti-ikava-3-liygi-1448x2048.png 1448w, https:\/\/blogs.uef.fi\/karjalanelvytys\/wp-content\/uploads\/sites\/155\/2023\/12\/Koti-ikava-3-liygi.png 1736w\" sizes=\"auto, (max-width: 724px) 100vw, 724px\" \/><\/figure>\n\n\n\t<div id=\"accordion-block_39721d12a395e2fe99710af5cfa0157e\" class=\"accordions\">\n\t\t\t\t\t<div class=\"accordion accordion-js\">\n\t\t\t\t<button class=\"accordion__button\" aria-controls=\"content-2239\" aria-expanded=\"false\" id=\"accordion-control-2239\">\n\t\t\t\t\t<h3 class=\"accordion__heading\" >\n\t\t\t\t\t\tKuvan 3 tekstit (klikkaa avataksesi)\t\t\t\t\t<\/h3>\n\t\t\t\t<\/button>\n\t\t\t\t<div class=\"accordion__content\" role=\"region\" aria-labelledby=\"accordion-control-2239\" aria-hidden=\"true\" id=\"content-2239\">\n\t\t\t\t\t<p>Ruutu 1: Baba kerdoi meile omas muamas, kudai andoi sanan, \u0161to h\u00e4i my\u00f6styy kuolendan j\u00e4lgeh kodih linduzennu \/ J\u00e4lles muahpanejazii lounuan keskel ikkunah p\u00f6r\u00e4htit pikkaraine lindu! Ne\u010de istui h\u00e4tken ka\u010d\u010delemas atkaloi\u010d\u010dijua omahistu, enne gu lendi i\u00e4reh&#8230;<\/p>\n<p>Ruutu 2: Baba&#8230; \/ Nu? \/ Tuletgo sin\u00e4gi sit j\u00e4rilleh linduzennu?<\/p>\n<p>Ruutu 3: Tiett\u00e4v\u00e4ine, tulen teij\u00e4n luo! \/ GA MIN\u00c4 EN TAHTO, GU SIN\u00c4 MENIZIT TUONILMAZIH! \/ A voi voi, kukkipikkarazeni&#8230;<\/p>\n<p>Ruutu 4: Ei h\u00e4di\u00e4 lapskuldu \/ Baba pajattau pajozen, sit en\u00e4mbi\u00e4 ei itket\u00e4!<\/p>\n\t\t\t\t<\/div>\n\t\t\t<\/div>\n\t\t\t<\/div>\n\t\n\n\n<figure class=\"wp-block-image size-large is-resized\"><img loading=\"lazy\" decoding=\"async\" width=\"724\" height=\"1024\" src=\"https:\/\/blogs.uef.fi\/karjalanelvytys\/wp-content\/uploads\/sites\/155\/2023\/12\/Koti-ikava-4-liygi-724x1024.png\" alt=\"\" class=\"wp-image-13956\" style=\"height:900px\" srcset=\"https:\/\/blogs.uef.fi\/karjalanelvytys\/wp-content\/uploads\/sites\/155\/2023\/12\/Koti-ikava-4-liygi-724x1024.png 724w, https:\/\/blogs.uef.fi\/karjalanelvytys\/wp-content\/uploads\/sites\/155\/2023\/12\/Koti-ikava-4-liygi-212x300.png 212w, https:\/\/blogs.uef.fi\/karjalanelvytys\/wp-content\/uploads\/sites\/155\/2023\/12\/Koti-ikava-4-liygi-768x1086.png 768w, https:\/\/blogs.uef.fi\/karjalanelvytys\/wp-content\/uploads\/sites\/155\/2023\/12\/Koti-ikava-4-liygi.png 1013w\" sizes=\"auto, (max-width: 724px) 100vw, 724px\" \/><\/figure>\n\n\n\t<div id=\"accordion-block_13a650f55145636ad37f12f2b45883c0\" class=\"accordions\">\n\t\t\t\t\t<div class=\"accordion accordion-js\">\n\t\t\t\t<button class=\"accordion__button\" aria-controls=\"content-7480\" aria-expanded=\"false\" id=\"accordion-control-7480\">\n\t\t\t\t\t<h3 class=\"accordion__heading\" >\n\t\t\t\t\t\tKuvan 4 tekstit (klikkaa avataksesi) \t\t\t\t\t<\/h3>\n\t\t\t\t<\/button>\n\t\t\t\t<div class=\"accordion__content\" role=\"region\" aria-labelledby=\"accordion-control-7480\" aria-hidden=\"true\" id=\"content-7480\">\n\t\t\t\t\t<p>Ruutu 1: Vuotan viegi, konzu baba tulis j\u00e4rilleh linduzennu&#8230; \/ E\u010din babua jogahizes linnus, kudaman n\u00e4in<\/p>\n<p>Ruutu 2: Ga toinah baba siivet suaduu j\u00e4lgim\u00e4i lendi kodih&#8230; \/ Luadogan rannale, Karjalan K\u00e4gisalmeh<\/p>\n\t\t\t\t<\/div>\n\t\t\t<\/div>\n\t\t\t<\/div>\n\t","protected":false},"excerpt":{"rendered":"<p>Luadinuh: Uolevi \u00c4ik\u00e4sKi\u00e4nd\u00e4nyh: Maura H\u00e4kki da Sanna Myll\u00e4riTarkistannuh: Natalia Giloeva<\/p>\n","protected":false},"author":580,"featured_media":0,"parent":0,"menu_order":0,"comment_status":"closed","ping_status":"closed","template":"","meta":{"_acf_changed":false,"footnotes":""},"class_list":["post-13938","page","type-page","status-publish","hentry"],"acf":[],"yoast_head":"<!-- This site is optimized with the Yoast SEO plugin v27.3 - https:\/\/yoast.com\/product\/yoast-seo-wordpress\/ -->\n<title>Kodi-ig\u00e4vy - Karjalan kielen elvytt\u00e4minen<\/title>\n<meta name=\"robots\" content=\"index, follow, max-snippet:-1, max-image-preview:large, max-video-preview:-1\" \/>\n<link rel=\"canonical\" href=\"https:\/\/blogs.uef.fi\/karjalanelvytys\/kodi-igavy\/\" \/>\n<meta property=\"og:locale\" content=\"fi_FI\" \/>\n<meta property=\"og:type\" content=\"article\" \/>\n<meta property=\"og:title\" content=\"Kodi-ig\u00e4vy - Karjalan kielen elvytt\u00e4minen\" \/>\n<meta property=\"og:description\" content=\"Luadinuh: Uolevi \u00c4ik\u00e4sKi\u00e4nd\u00e4nyh: Maura H\u00e4kki da Sanna Myll\u00e4riTarkistannuh: Natalia Giloeva\" \/>\n<meta property=\"og:url\" content=\"https:\/\/blogs.uef.fi\/karjalanelvytys\/kodi-igavy\/\" \/>\n<meta property=\"og:site_name\" content=\"Karjalan kielen elvytt\u00e4minen\" \/>\n<meta property=\"og:image\" content=\"https:\/\/blogs.uef.fi\/karjalanelvytys\/wp-content\/uploads\/sites\/155\/2023\/12\/Koti-ikava-1-liygi-724x1024.png\" \/>\n<meta name=\"twitter:card\" content=\"summary_large_image\" \/>\n<meta name=\"twitter:label1\" content=\"Arvioitu lukuaika\" \/>\n\t<meta name=\"twitter:data1\" content=\"1 minuutti\" \/>\n<script type=\"application\/ld+json\" class=\"yoast-schema-graph\">{\"@context\":\"https:\\\/\\\/schema.org\",\"@graph\":[{\"@type\":\"WebPage\",\"@id\":\"https:\\\/\\\/blogs.uef.fi\\\/karjalanelvytys\\\/kodi-igavy\\\/\",\"url\":\"https:\\\/\\\/blogs.uef.fi\\\/karjalanelvytys\\\/kodi-igavy\\\/\",\"name\":\"Kodi-ig\u00e4vy - Karjalan kielen elvytt\u00e4minen\",\"isPartOf\":{\"@id\":\"https:\\\/\\\/blogs.uef.fi\\\/karjalanelvytys\\\/#website\"},\"primaryImageOfPage\":{\"@id\":\"https:\\\/\\\/blogs.uef.fi\\\/karjalanelvytys\\\/kodi-igavy\\\/#primaryimage\"},\"image\":{\"@id\":\"https:\\\/\\\/blogs.uef.fi\\\/karjalanelvytys\\\/kodi-igavy\\\/#primaryimage\"},\"thumbnailUrl\":\"https:\\\/\\\/blogs.uef.fi\\\/karjalanelvytys\\\/wp-content\\\/uploads\\\/sites\\\/155\\\/2023\\\/12\\\/Koti-ikava-1-liygi-724x1024.png\",\"datePublished\":\"2023-12-12T08:11:57+00:00\",\"breadcrumb\":{\"@id\":\"https:\\\/\\\/blogs.uef.fi\\\/karjalanelvytys\\\/kodi-igavy\\\/#breadcrumb\"},\"inLanguage\":\"fi\",\"potentialAction\":[{\"@type\":\"ReadAction\",\"target\":[\"https:\\\/\\\/blogs.uef.fi\\\/karjalanelvytys\\\/kodi-igavy\\\/\"]}]},{\"@type\":\"ImageObject\",\"inLanguage\":\"fi\",\"@id\":\"https:\\\/\\\/blogs.uef.fi\\\/karjalanelvytys\\\/kodi-igavy\\\/#primaryimage\",\"url\":\"https:\\\/\\\/blogs.uef.fi\\\/karjalanelvytys\\\/wp-content\\\/uploads\\\/sites\\\/155\\\/2023\\\/12\\\/Koti-ikava-1-liygi.png\",\"contentUrl\":\"https:\\\/\\\/blogs.uef.fi\\\/karjalanelvytys\\\/wp-content\\\/uploads\\\/sites\\\/155\\\/2023\\\/12\\\/Koti-ikava-1-liygi.png\",\"width\":1447,\"height\":2048},{\"@type\":\"BreadcrumbList\",\"@id\":\"https:\\\/\\\/blogs.uef.fi\\\/karjalanelvytys\\\/kodi-igavy\\\/#breadcrumb\",\"itemListElement\":[{\"@type\":\"ListItem\",\"position\":1,\"name\":\"Home\",\"item\":\"https:\\\/\\\/blogs.uef.fi\\\/karjalanelvytys\\\/\"},{\"@type\":\"ListItem\",\"position\":2,\"name\":\"Kodi-ig\u00e4vy\"}]},{\"@type\":\"WebSite\",\"@id\":\"https:\\\/\\\/blogs.uef.fi\\\/karjalanelvytys\\\/#website\",\"url\":\"https:\\\/\\\/blogs.uef.fi\\\/karjalanelvytys\\\/\",\"name\":\"Karjalan kielen elvytt\u00e4minen\",\"description\":\"\",\"potentialAction\":[{\"@type\":\"SearchAction\",\"target\":{\"@type\":\"EntryPoint\",\"urlTemplate\":\"https:\\\/\\\/blogs.uef.fi\\\/karjalanelvytys\\\/?s={search_term_string}\"},\"query-input\":{\"@type\":\"PropertyValueSpecification\",\"valueRequired\":true,\"valueName\":\"search_term_string\"}}],\"inLanguage\":\"fi\"}]}<\/script>\n<!-- \/ Yoast SEO plugin. -->","yoast_head_json":{"title":"Kodi-ig\u00e4vy - Karjalan kielen elvytt\u00e4minen","robots":{"index":"index","follow":"follow","max-snippet":"max-snippet:-1","max-image-preview":"max-image-preview:large","max-video-preview":"max-video-preview:-1"},"canonical":"https:\/\/blogs.uef.fi\/karjalanelvytys\/kodi-igavy\/","og_locale":"fi_FI","og_type":"article","og_title":"Kodi-ig\u00e4vy - Karjalan kielen elvytt\u00e4minen","og_description":"Luadinuh: Uolevi \u00c4ik\u00e4sKi\u00e4nd\u00e4nyh: Maura H\u00e4kki da Sanna Myll\u00e4riTarkistannuh: Natalia Giloeva","og_url":"https:\/\/blogs.uef.fi\/karjalanelvytys\/kodi-igavy\/","og_site_name":"Karjalan kielen elvytt\u00e4minen","og_image":[{"url":"https:\/\/blogs.uef.fi\/karjalanelvytys\/wp-content\/uploads\/sites\/155\/2023\/12\/Koti-ikava-1-liygi-724x1024.png","type":"","width":"","height":""}],"twitter_card":"summary_large_image","twitter_misc":{"Arvioitu lukuaika":"1 minuutti"},"schema":{"@context":"https:\/\/schema.org","@graph":[{"@type":"WebPage","@id":"https:\/\/blogs.uef.fi\/karjalanelvytys\/kodi-igavy\/","url":"https:\/\/blogs.uef.fi\/karjalanelvytys\/kodi-igavy\/","name":"Kodi-ig\u00e4vy - Karjalan kielen elvytt\u00e4minen","isPartOf":{"@id":"https:\/\/blogs.uef.fi\/karjalanelvytys\/#website"},"primaryImageOfPage":{"@id":"https:\/\/blogs.uef.fi\/karjalanelvytys\/kodi-igavy\/#primaryimage"},"image":{"@id":"https:\/\/blogs.uef.fi\/karjalanelvytys\/kodi-igavy\/#primaryimage"},"thumbnailUrl":"https:\/\/blogs.uef.fi\/karjalanelvytys\/wp-content\/uploads\/sites\/155\/2023\/12\/Koti-ikava-1-liygi-724x1024.png","datePublished":"2023-12-12T08:11:57+00:00","breadcrumb":{"@id":"https:\/\/blogs.uef.fi\/karjalanelvytys\/kodi-igavy\/#breadcrumb"},"inLanguage":"fi","potentialAction":[{"@type":"ReadAction","target":["https:\/\/blogs.uef.fi\/karjalanelvytys\/kodi-igavy\/"]}]},{"@type":"ImageObject","inLanguage":"fi","@id":"https:\/\/blogs.uef.fi\/karjalanelvytys\/kodi-igavy\/#primaryimage","url":"https:\/\/blogs.uef.fi\/karjalanelvytys\/wp-content\/uploads\/sites\/155\/2023\/12\/Koti-ikava-1-liygi.png","contentUrl":"https:\/\/blogs.uef.fi\/karjalanelvytys\/wp-content\/uploads\/sites\/155\/2023\/12\/Koti-ikava-1-liygi.png","width":1447,"height":2048},{"@type":"BreadcrumbList","@id":"https:\/\/blogs.uef.fi\/karjalanelvytys\/kodi-igavy\/#breadcrumb","itemListElement":[{"@type":"ListItem","position":1,"name":"Home","item":"https:\/\/blogs.uef.fi\/karjalanelvytys\/"},{"@type":"ListItem","position":2,"name":"Kodi-ig\u00e4vy"}]},{"@type":"WebSite","@id":"https:\/\/blogs.uef.fi\/karjalanelvytys\/#website","url":"https:\/\/blogs.uef.fi\/karjalanelvytys\/","name":"Karjalan kielen elvytt\u00e4minen","description":"","potentialAction":[{"@type":"SearchAction","target":{"@type":"EntryPoint","urlTemplate":"https:\/\/blogs.uef.fi\/karjalanelvytys\/?s={search_term_string}"},"query-input":{"@type":"PropertyValueSpecification","valueRequired":true,"valueName":"search_term_string"}}],"inLanguage":"fi"}]}},"_links":{"self":[{"href":"https:\/\/blogs.uef.fi\/karjalanelvytys\/wp-json\/wp\/v2\/pages\/13938","targetHints":{"allow":["GET"]}}],"collection":[{"href":"https:\/\/blogs.uef.fi\/karjalanelvytys\/wp-json\/wp\/v2\/pages"}],"about":[{"href":"https:\/\/blogs.uef.fi\/karjalanelvytys\/wp-json\/wp\/v2\/types\/page"}],"author":[{"embeddable":true,"href":"https:\/\/blogs.uef.fi\/karjalanelvytys\/wp-json\/wp\/v2\/users\/580"}],"replies":[{"embeddable":true,"href":"https:\/\/blogs.uef.fi\/karjalanelvytys\/wp-json\/wp\/v2\/comments?post=13938"}],"version-history":[{"count":2,"href":"https:\/\/blogs.uef.fi\/karjalanelvytys\/wp-json\/wp\/v2\/pages\/13938\/revisions"}],"predecessor-version":[{"id":14031,"href":"https:\/\/blogs.uef.fi\/karjalanelvytys\/wp-json\/wp\/v2\/pages\/13938\/revisions\/14031"}],"wp:attachment":[{"href":"https:\/\/blogs.uef.fi\/karjalanelvytys\/wp-json\/wp\/v2\/media?parent=13938"}],"curies":[{"name":"wp","href":"https:\/\/api.w.org\/{rel}","templated":true}]}}