{"id":1383,"date":"2021-08-20T14:44:44","date_gmt":"2021-08-20T11:44:44","guid":{"rendered":"https:\/\/blogs.uef.fi\/karjalanelvytys\/?page_id=1383"},"modified":"2022-01-25T16:52:50","modified_gmt":"2022-01-25T14:52:50","slug":"marjat-ta-marjakasvit-marjat-da-marjakazvit-muarjat-da-muarjukazvit","status":"publish","type":"page","link":"https:\/\/blogs.uef.fi\/karjalanelvytys\/marjat-ta-marjakasvit-marjat-da-marjakazvit-muarjat-da-muarjukazvit\/","title":{"rendered":"Marjat ta marjaka\u0161vit \u2013 Marjat da marjakazvit \u2013 Muarjat da muarjukazvit"},"content":{"rendered":"<p><strong>Marjat ta marjaka\u0161vit \u2013 Marjat da marjakazvit \u2013 Muarjat da muarjukazvit<\/strong><\/p>\n<p>juolukka (Vaccinium uliginosum) \u2013 juopukka \u2013 juomukka \u2013 juomoi \u2013 \u0433\u043e\u043b\u0443\u0431\u0438\u043a\u0430<\/p>\n<p>karpalo (Vaccinium oxycoccos, V. microcarpum) \u2013 karpalo \u2013 garbalo \u2013 guarbalo \u2013 \u043a\u043b\u044e\u043a\u0432\u0430<\/p>\n<p>karviainen (Ribes uva-crispa) \u2013 karvijaismarja \u2013 karvaismarja \u2013 karvasmuarju, kri\u017eouniekku \u2013 \u043a\u0440\u044b\u0436\u043e\u0432\u043d\u0438\u043a<\/p>\n<p>lakka (Rubus chamaemorus) \u2013 hillo \u2013 hillo \u2013 muur\u2019oi, \u0161l\u2019uboi (ylikyps\u00e4 lakka) \u2013 \u043c\u043e\u0440\u043e\u0448\u043a\u0430<\/p>\n<p>mansikka (Fragaria) \u2013 man\u0161ikka \u2013 mand\u017eikka \u2013 mand\u017eoi \u2013 \u043a\u043b\u0443\u0431\u043d\u0438\u043a\u0430<\/p>\n<p>mets\u00e4mansikka (Fragaria veska) \u2013 me\u010d\u010d\u00e4man\u0161ikka, ahoman\u0161ikka \u2013 me\u010d\u010d\u00e4mand\u017eikka \u2013 me\u010d\u010dymand\u017eoi \u2013 \u0437\u0435\u043c\u043b\u044f\u043d\u0438\u043a\u0430<\/p>\n<p>marja-aronia (Aronia mitschurinii) \u2013 marja-aronija, mu\u0161ta pihlajamarja \u2013 marja-aronie \u2013 aronienmuarju \u2013mustu r\u00e4binmuarju\u00a0 \u2013 \u0447\u0435\u0440\u043d\u043e\u043f\u043b\u043e\u0434\u043d\u0430\u044f \u0440\u044f\u0431\u0438\u043d\u0430<\/p>\n<p>marjatuomipihlaja, saskatoon (Amelanchier alnifolia) \u2013 irga, marjatuomipihlaja \u2013 marjatuomipihlaja tuomipihl\u2019aimuarju \u2013 \u0438\u0440\u0433\u0430<\/p>\n<p>mesimarja (Rubus arcticus) \u2013 hepokka, mesimarja \u2013 mezimarja, or\u00b4hoi \u00a0\u2013 mezimuarju, or\u2019hoi \u00a0\u2013 \u043a\u043d\u044f\u0436\u0435\u043d\u0438\u043a\u0430<\/p>\n<p>mustikka (Vaccinium myrtilus) \u2013 mussikka \u2013 mussikka \u2013 must\u2019oi \u2013 \u0447\u0435\u0440\u043d\u0438\u043a\u0430<\/p>\n<p>puolukka (Vaccinium vitis-idaea) \u2013 puola \u2013 buola \u2013 buolu \u2013 \u0431\u0440\u0443\u0441\u043d\u0438\u043a\u0430<\/p>\n<p>tyrni (Hipp\u00f3pha\u00eb) \u2013 tartukki \u2013 tartukki \u2013 tartukki \u2013 \u043e\u0431\u043b\u0435\u043f\u0438\u0445\u0430<\/p>\n<p>vadelma (Rubus idaeus) \u2013 malina, vavarno \u2013 vavarno \u2013 vagoi, vavarjo \u2013 \u043c\u0430\u043b\u0438\u043d\u0430<\/p>\n<p>variksenmarja (Empetrum) \u2013 variksenmarja, kuarnehu\u0161 \u2013 variksenmarja, sijanmussikka \u2013 po\u010dinmust\u2019oi, varoinmuarju \u2013 \u0432\u043e\u0434\u044f\u043d\u0438\u043a\u0430 \u0447\u0435\u0440\u043d\u0430\u044f, \u0432\u043e\u0440\u043e\u043d\u0438\u043a\u0430<\/p>\n<p>viinimarja, herukka (Ribes) \u2013 smorodina, viinimarja \u2013 smorodina \u2013 \u010dihoi, smorodin \u2013 \u0441\u043c\u043e\u0440\u043e\u0434\u0438\u043d\u0430<\/p>\n<p>mustaherukka (Ribes nigrum) \u2013 mu\u0161ta smorodina, mu\u0161ta viinimarja \u2013 musta smorodina \u2013 mustu \u010dihoi, mustu smorodin\u00a0 \u2013 \u0447\u0435\u0440\u043d\u0430\u044f \u0441\u043c\u043e\u0440\u043e\u0434\u0438\u043d\u0430<\/p>\n<p>punaherukka (Ribes rubrum) \u2013 ru\u0161kie smorodina, ru\u0161kie viinimarja \u2013 ruskie smorodina \u2013 ruskei \u010dihoi, ruskei smorodin\u00a0 \u2013 \u043a\u0440\u0430\u0441\u043d\u0430\u044f \u0441\u043c\u043e\u0440\u043e\u0434\u0438\u043d\u0430<\/p>\n<p>valkoherukka (Ribes aureum) \u2013 valkie smorodina, valkie viinimarja \u2013 valgie smorodina \u2013 valgei \u010dihoi, keldu\u010dihoi\u00a0 \u2013 \u0431\u0435\u043b\u0430\u044f (\u0437\u043e\u043b\u043e\u0442\u0438\u0441\u0442\u0430\u044f) \u0441\u043c\u043e\u0440\u043e\u0434\u0438\u043d\u0430<\/p>\n<table>\n<tbody>\n<tr>\n<td><strong>suomi<\/strong><\/td>\n<td><strong>vienankarjala<\/strong><\/td>\n<td><strong>suvikarjala<\/strong><\/td>\n<td><strong>livvinkarjala<\/strong><\/td>\n<td><strong>ven&#8217;a<\/strong><\/td>\n<\/tr>\n<tr>\n<td>juolukka<\/td>\n<td>juopukka<\/td>\n<td>juomukka<\/td>\n<td>juomoi<\/td>\n<td>\u0433\u043e\u043b\u0443\u0431\u0438\u043a\u0430<\/td>\n<\/tr>\n<tr>\n<td>karpalo<\/td>\n<td>karpalo<\/td>\n<td>garbalo<\/td>\n<td>guarbalo<\/td>\n<td>\u043a\u043b\u044e\u043a\u0432\u0430<\/td>\n<\/tr>\n<tr>\n<td>karviainen<\/td>\n<td>karvijaismarja<\/td>\n<td>karvaismarja<\/td>\n<td>karvasmuarju, kri\u017eouniekku<\/td>\n<td>\u043a\u0440\u044b\u0436\u043e\u0432\u043d\u0438\u043a<\/td>\n<\/tr>\n<tr>\n<td>lakka<\/td>\n<td>hillo<\/td>\n<td>hillo<\/td>\n<td>muur\u2019oi, \u0161l\u2019uboi<\/td>\n<td>\u043c\u043e\u0440\u043e\u0448\u043a\u0430<\/td>\n<\/tr>\n<tr>\n<td>mansikka<\/td>\n<td>man\u0161ikka<\/td>\n<td>mand\u017eikka<\/td>\n<td>mand\u017eoi<\/td>\n<td>\u043a\u043b\u0443\u0431\u043d\u0438\u043a\u0430<\/td>\n<\/tr>\n<tr>\n<td>mets\u00e4mansikka<\/td>\n<td>me\u010d\u010d\u00e4man\u0161ikka, ahoman\u0161ikka<\/td>\n<td>me\u010d\u010d\u00e4mand\u017eikka<\/td>\n<td>me\u010d\u010dymand\u017eoi<\/td>\n<td>\u0437\u0435\u043c\u043b\u044f\u043d\u0438\u043a\u0430<\/td>\n<\/tr>\n<tr>\n<td>marja-aronia (Aronia mitschurinii)<\/td>\n<td>marja-aronija, mu\u0161ta pihlajamarja<\/td>\n<td>marja-aronie<\/td>\n<td>aronienmuarju, mustu r\u00e4binmuarju<\/td>\n<td>\u0447\u0435\u0440\u043d\u043e\u043f\u043b\u043e\u0434\u043d\u0430\u044f \u0440\u044f\u0431\u0438\u043d\u0430<\/td>\n<\/tr>\n<tr>\n<td>marjatuomipihlaja, saskatoon (Amelanchier alnifolia)<\/td>\n<td>marjatuomipihlaja, irga<\/td>\n<td>marjatuomipihlaja<\/td>\n<td>tuomipihl\u2019aimuarju, irga<\/td>\n<td>\u0438\u0440\u0433\u0430<\/td>\n<\/tr>\n<tr>\n<td>mesimarja (Rubus arcticus)<\/td>\n<td>hepokka, mesimarja<\/td>\n<td>mezimarja, or\u2019hoi<\/td>\n<td>mezimuarju, or\u2019hoi<\/td>\n<td>\u043a\u043d\u044f\u0436\u0435\u043d\u0438\u043a\u0430<\/td>\n<\/tr>\n<tr>\n<td>mustikka<\/td>\n<td>mussikka<\/td>\n<td>mussikka<\/td>\n<td>must\u2019oi<\/td>\n<td>\u0447\u0435\u0440\u043d\u0438\u043a\u0430<\/td>\n<\/tr>\n<tr>\n<td>puolukka<\/td>\n<td>puola<\/td>\n<td>buola<\/td>\n<td>buolu<\/td>\n<td>\u0431\u0440\u0443\u0441\u043d\u0438\u043a\u0430<\/td>\n<\/tr>\n<tr>\n<td>tyrni<\/td>\n<td>tartukki<\/td>\n<td>tartukki<\/td>\n<td>tartukki<\/td>\n<td>\u043e\u0431\u043b\u0435\u043f\u0438\u0445\u0430<\/td>\n<\/tr>\n<tr>\n<td>vadelma<\/td>\n<td>malina, vavarno<\/td>\n<td>vavarno<\/td>\n<td>vagoi, vavarjo<\/td>\n<td>\u043c\u0430\u043b\u0438\u043d\u0430<\/td>\n<\/tr>\n<tr>\n<td>variksenmarja<\/td>\n<td>variksenmarja, kuarnehu\u0161<\/td>\n<td>variksenmarja, sijanmussikka<\/td>\n<td>po\u010dinmust\u2019oi, varoinmuarju<\/td>\n<td>\u0432\u043e\u0434\u044f\u043d\u0438\u043a\u0430 \u0447\u0435\u0440\u043d\u0430\u044f, \u0432\u043e\u0440\u043e\u043d\u0438\u043a\u0430<\/td>\n<\/tr>\n<tr>\n<td>viinimarja, herukka<\/td>\n<td>smorodina, viinimarja<\/td>\n<td>smorodina<\/td>\n<td>\u010dihoi, smorodin<\/td>\n<td>\u0441\u043c\u043e\u0440\u043e\u0434\u0438\u043d\u0430<\/td>\n<\/tr>\n<tr>\n<td>mustaherukka<\/td>\n<td>mu\u0161ta smorodina, mu\u0161ta viinimarja<\/td>\n<td>musta smorodina<\/td>\n<td>mustu \u010dihoi, mustu smorodin<\/td>\n<td>\u0447\u0435\u0440\u043d\u0430\u044f \u0441\u043c\u043e\u0440\u043e\u0434\u0438\u043d\u0430<\/td>\n<\/tr>\n<tr>\n<td>punaherukka<\/td>\n<td>ru\u0161kie smorodina, ru\u0161kie viinimarja<\/td>\n<td>ruskie smorodina<\/td>\n<td>ruskei \u010dihoi, ruskei smorodin<\/td>\n<td>\u043a\u0440\u0430\u0441\u043d\u0430\u044f \u0441\u043c\u043e\u0440\u043e\u0434\u0438\u043d\u0430<\/td>\n<\/tr>\n<tr>\n<td>valkoherukka<\/td>\n<td>valkie smorodina, valkie viinimarja<\/td>\n<td>valgie smorodina<\/td>\n<td>valgei \u010dihoi, valgei smorodin, keldu\u010dihoi<\/td>\n<td>\u0431\u0435\u043b\u0430\u044f (\u0437\u043e\u043b\u043e\u0442\u0438\u0441\u0442\u0430\u044f)\u0441\u043c\u043e\u0440\u043e\u0434\u0438\u043d\u0430<\/td>\n<\/tr>\n<\/tbody>\n<\/table>\n<p>Kuva: Pixabay<\/p>\n<p><img loading=\"lazy\" decoding=\"async\" class=\"alignnone wp-image-1425 size-medium\" src=\"https:\/\/blogs.uef.fi\/karjalanelvytys\/wp-content\/uploads\/sites\/155\/2021\/08\/berries-2277__340-300x200.jpg\" alt=\"Marjat - Muarjat\" width=\"300\" height=\"200\" srcset=\"https:\/\/blogs.uef.fi\/karjalanelvytys\/wp-content\/uploads\/sites\/155\/2021\/08\/berries-2277__340-300x200.jpg 300w, https:\/\/blogs.uef.fi\/karjalanelvytys\/wp-content\/uploads\/sites\/155\/2021\/08\/berries-2277__340.jpg 510w\" sizes=\"auto, (max-width: 300px) 100vw, 300px\" \/><\/p>\n","protected":false},"excerpt":{"rendered":"<p>Marjat ta marjaka\u0161vit \u2013 Marjat da marjakazvit \u2013 Muarjat da muarjukazvit juolukka (Vaccinium uliginosum) \u2013 juopukka \u2013 juomukka \u2013 juomoi \u2013 \u0433\u043e\u043b\u0443\u0431\u0438\u043a\u0430 karpalo (Vaccinium oxycoccos, V. microcarpum) \u2013 karpalo \u2013 garbalo \u2013 guarbalo \u2013 \u043a\u043b\u044e\u043a\u0432\u0430 karviainen (Ribes uva-crispa) \u2013 karvijaismarja \u2013 karvaismarja \u2013 karvasmuarju, kri\u017eouniekku \u2013 \u043a\u0440\u044b\u0436\u043e\u0432\u043d\u0438\u043a lakka (Rubus chamaemorus) \u2013 hillo \u2013 hillo \u2013 [&hellip;]<\/p>\n","protected":false},"author":418,"featured_media":0,"parent":0,"menu_order":0,"comment_status":"closed","ping_status":"closed","template":"","meta":{"_acf_changed":false,"footnotes":""},"class_list":["post-1383","page","type-page","status-publish","hentry"],"acf":[],"yoast_head":"<!-- This site is optimized with the Yoast SEO plugin v27.3 - https:\/\/yoast.com\/product\/yoast-seo-wordpress\/ -->\n<title>Marjat ta marjaka\u0161vit \u2013 Marjat da marjakazvit \u2013 Muarjat da muarjukazvit - Karjalan kielen elvytt\u00e4minen<\/title>\n<meta name=\"robots\" content=\"index, follow, max-snippet:-1, max-image-preview:large, max-video-preview:-1\" \/>\n<link rel=\"canonical\" href=\"https:\/\/blogs.uef.fi\/karjalanelvytys\/marjat-ta-marjakasvit-marjat-da-marjakazvit-muarjat-da-muarjukazvit\/\" \/>\n<meta property=\"og:locale\" content=\"fi_FI\" \/>\n<meta property=\"og:type\" content=\"article\" \/>\n<meta property=\"og:title\" content=\"Marjat ta marjaka\u0161vit \u2013 Marjat da marjakazvit \u2013 Muarjat da muarjukazvit - Karjalan kielen elvytt\u00e4minen\" \/>\n<meta property=\"og:description\" content=\"Marjat ta marjaka\u0161vit \u2013 Marjat da marjakazvit \u2013 Muarjat da muarjukazvit juolukka (Vaccinium uliginosum) \u2013 juopukka \u2013 juomukka \u2013 juomoi \u2013 \u0433\u043e\u043b\u0443\u0431\u0438\u043a\u0430 karpalo (Vaccinium oxycoccos, V. microcarpum) \u2013 karpalo \u2013 garbalo \u2013 guarbalo \u2013 \u043a\u043b\u044e\u043a\u0432\u0430 karviainen (Ribes uva-crispa) \u2013 karvijaismarja \u2013 karvaismarja \u2013 karvasmuarju, kri\u017eouniekku \u2013 \u043a\u0440\u044b\u0436\u043e\u0432\u043d\u0438\u043a lakka (Rubus chamaemorus) \u2013 hillo \u2013 hillo \u2013 [&hellip;]\" \/>\n<meta property=\"og:url\" content=\"https:\/\/blogs.uef.fi\/karjalanelvytys\/marjat-ta-marjakasvit-marjat-da-marjakazvit-muarjat-da-muarjukazvit\/\" \/>\n<meta property=\"og:site_name\" content=\"Karjalan kielen elvytt\u00e4minen\" \/>\n<meta property=\"article:modified_time\" content=\"2022-01-25T14:52:50+00:00\" \/>\n<meta property=\"og:image\" content=\"https:\/\/blogs.uef.fi\/karjalanelvytys\/wp-content\/uploads\/sites\/155\/2021\/08\/berries-2277__340-300x200.jpg\" \/>\n<meta name=\"twitter:card\" content=\"summary_large_image\" \/>\n<meta name=\"twitter:label1\" content=\"Arvioitu lukuaika\" \/>\n\t<meta name=\"twitter:data1\" content=\"2 minuuttia\" \/>\n<script type=\"application\/ld+json\" class=\"yoast-schema-graph\">{\"@context\":\"https:\\\/\\\/schema.org\",\"@graph\":[{\"@type\":\"WebPage\",\"@id\":\"https:\\\/\\\/blogs.uef.fi\\\/karjalanelvytys\\\/marjat-ta-marjakasvit-marjat-da-marjakazvit-muarjat-da-muarjukazvit\\\/\",\"url\":\"https:\\\/\\\/blogs.uef.fi\\\/karjalanelvytys\\\/marjat-ta-marjakasvit-marjat-da-marjakazvit-muarjat-da-muarjukazvit\\\/\",\"name\":\"Marjat ta marjaka\u0161vit \u2013 Marjat da marjakazvit \u2013 Muarjat da muarjukazvit - Karjalan kielen elvytt\u00e4minen\",\"isPartOf\":{\"@id\":\"https:\\\/\\\/blogs.uef.fi\\\/karjalanelvytys\\\/#website\"},\"primaryImageOfPage\":{\"@id\":\"https:\\\/\\\/blogs.uef.fi\\\/karjalanelvytys\\\/marjat-ta-marjakasvit-marjat-da-marjakazvit-muarjat-da-muarjukazvit\\\/#primaryimage\"},\"image\":{\"@id\":\"https:\\\/\\\/blogs.uef.fi\\\/karjalanelvytys\\\/marjat-ta-marjakasvit-marjat-da-marjakazvit-muarjat-da-muarjukazvit\\\/#primaryimage\"},\"thumbnailUrl\":\"https:\\\/\\\/blogs.uef.fi\\\/karjalanelvytys\\\/wp-content\\\/uploads\\\/sites\\\/155\\\/2021\\\/08\\\/berries-2277__340-300x200.jpg\",\"datePublished\":\"2021-08-20T11:44:44+00:00\",\"dateModified\":\"2022-01-25T14:52:50+00:00\",\"breadcrumb\":{\"@id\":\"https:\\\/\\\/blogs.uef.fi\\\/karjalanelvytys\\\/marjat-ta-marjakasvit-marjat-da-marjakazvit-muarjat-da-muarjukazvit\\\/#breadcrumb\"},\"inLanguage\":\"fi\",\"potentialAction\":[{\"@type\":\"ReadAction\",\"target\":[\"https:\\\/\\\/blogs.uef.fi\\\/karjalanelvytys\\\/marjat-ta-marjakasvit-marjat-da-marjakazvit-muarjat-da-muarjukazvit\\\/\"]}]},{\"@type\":\"ImageObject\",\"inLanguage\":\"fi\",\"@id\":\"https:\\\/\\\/blogs.uef.fi\\\/karjalanelvytys\\\/marjat-ta-marjakasvit-marjat-da-marjakazvit-muarjat-da-muarjukazvit\\\/#primaryimage\",\"url\":\"https:\\\/\\\/blogs.uef.fi\\\/karjalanelvytys\\\/wp-content\\\/uploads\\\/sites\\\/155\\\/2021\\\/08\\\/berries-2277__340.jpg\",\"contentUrl\":\"https:\\\/\\\/blogs.uef.fi\\\/karjalanelvytys\\\/wp-content\\\/uploads\\\/sites\\\/155\\\/2021\\\/08\\\/berries-2277__340.jpg\",\"width\":510,\"height\":340},{\"@type\":\"BreadcrumbList\",\"@id\":\"https:\\\/\\\/blogs.uef.fi\\\/karjalanelvytys\\\/marjat-ta-marjakasvit-marjat-da-marjakazvit-muarjat-da-muarjukazvit\\\/#breadcrumb\",\"itemListElement\":[{\"@type\":\"ListItem\",\"position\":1,\"name\":\"Home\",\"item\":\"https:\\\/\\\/blogs.uef.fi\\\/karjalanelvytys\\\/\"},{\"@type\":\"ListItem\",\"position\":2,\"name\":\"Marjat ta marjaka\u0161vit \u2013 Marjat da marjakazvit \u2013 Muarjat da muarjukazvit\"}]},{\"@type\":\"WebSite\",\"@id\":\"https:\\\/\\\/blogs.uef.fi\\\/karjalanelvytys\\\/#website\",\"url\":\"https:\\\/\\\/blogs.uef.fi\\\/karjalanelvytys\\\/\",\"name\":\"Karjalan kielen elvytt\u00e4minen\",\"description\":\"\",\"potentialAction\":[{\"@type\":\"SearchAction\",\"target\":{\"@type\":\"EntryPoint\",\"urlTemplate\":\"https:\\\/\\\/blogs.uef.fi\\\/karjalanelvytys\\\/?s={search_term_string}\"},\"query-input\":{\"@type\":\"PropertyValueSpecification\",\"valueRequired\":true,\"valueName\":\"search_term_string\"}}],\"inLanguage\":\"fi\"}]}<\/script>\n<!-- \/ Yoast SEO plugin. -->","yoast_head_json":{"title":"Marjat ta marjaka\u0161vit \u2013 Marjat da marjakazvit \u2013 Muarjat da muarjukazvit - Karjalan kielen elvytt\u00e4minen","robots":{"index":"index","follow":"follow","max-snippet":"max-snippet:-1","max-image-preview":"max-image-preview:large","max-video-preview":"max-video-preview:-1"},"canonical":"https:\/\/blogs.uef.fi\/karjalanelvytys\/marjat-ta-marjakasvit-marjat-da-marjakazvit-muarjat-da-muarjukazvit\/","og_locale":"fi_FI","og_type":"article","og_title":"Marjat ta marjaka\u0161vit \u2013 Marjat da marjakazvit \u2013 Muarjat da muarjukazvit - Karjalan kielen elvytt\u00e4minen","og_description":"Marjat ta marjaka\u0161vit \u2013 Marjat da marjakazvit \u2013 Muarjat da muarjukazvit juolukka (Vaccinium uliginosum) \u2013 juopukka \u2013 juomukka \u2013 juomoi \u2013 \u0433\u043e\u043b\u0443\u0431\u0438\u043a\u0430 karpalo (Vaccinium oxycoccos, V. microcarpum) \u2013 karpalo \u2013 garbalo \u2013 guarbalo \u2013 \u043a\u043b\u044e\u043a\u0432\u0430 karviainen (Ribes uva-crispa) \u2013 karvijaismarja \u2013 karvaismarja \u2013 karvasmuarju, kri\u017eouniekku \u2013 \u043a\u0440\u044b\u0436\u043e\u0432\u043d\u0438\u043a lakka (Rubus chamaemorus) \u2013 hillo \u2013 hillo \u2013 [&hellip;]","og_url":"https:\/\/blogs.uef.fi\/karjalanelvytys\/marjat-ta-marjakasvit-marjat-da-marjakazvit-muarjat-da-muarjukazvit\/","og_site_name":"Karjalan kielen elvytt\u00e4minen","article_modified_time":"2022-01-25T14:52:50+00:00","og_image":[{"url":"https:\/\/blogs.uef.fi\/karjalanelvytys\/wp-content\/uploads\/sites\/155\/2021\/08\/berries-2277__340-300x200.jpg","type":"","width":"","height":""}],"twitter_card":"summary_large_image","twitter_misc":{"Arvioitu lukuaika":"2 minuuttia"},"schema":{"@context":"https:\/\/schema.org","@graph":[{"@type":"WebPage","@id":"https:\/\/blogs.uef.fi\/karjalanelvytys\/marjat-ta-marjakasvit-marjat-da-marjakazvit-muarjat-da-muarjukazvit\/","url":"https:\/\/blogs.uef.fi\/karjalanelvytys\/marjat-ta-marjakasvit-marjat-da-marjakazvit-muarjat-da-muarjukazvit\/","name":"Marjat ta marjaka\u0161vit \u2013 Marjat da marjakazvit \u2013 Muarjat da muarjukazvit - Karjalan kielen elvytt\u00e4minen","isPartOf":{"@id":"https:\/\/blogs.uef.fi\/karjalanelvytys\/#website"},"primaryImageOfPage":{"@id":"https:\/\/blogs.uef.fi\/karjalanelvytys\/marjat-ta-marjakasvit-marjat-da-marjakazvit-muarjat-da-muarjukazvit\/#primaryimage"},"image":{"@id":"https:\/\/blogs.uef.fi\/karjalanelvytys\/marjat-ta-marjakasvit-marjat-da-marjakazvit-muarjat-da-muarjukazvit\/#primaryimage"},"thumbnailUrl":"https:\/\/blogs.uef.fi\/karjalanelvytys\/wp-content\/uploads\/sites\/155\/2021\/08\/berries-2277__340-300x200.jpg","datePublished":"2021-08-20T11:44:44+00:00","dateModified":"2022-01-25T14:52:50+00:00","breadcrumb":{"@id":"https:\/\/blogs.uef.fi\/karjalanelvytys\/marjat-ta-marjakasvit-marjat-da-marjakazvit-muarjat-da-muarjukazvit\/#breadcrumb"},"inLanguage":"fi","potentialAction":[{"@type":"ReadAction","target":["https:\/\/blogs.uef.fi\/karjalanelvytys\/marjat-ta-marjakasvit-marjat-da-marjakazvit-muarjat-da-muarjukazvit\/"]}]},{"@type":"ImageObject","inLanguage":"fi","@id":"https:\/\/blogs.uef.fi\/karjalanelvytys\/marjat-ta-marjakasvit-marjat-da-marjakazvit-muarjat-da-muarjukazvit\/#primaryimage","url":"https:\/\/blogs.uef.fi\/karjalanelvytys\/wp-content\/uploads\/sites\/155\/2021\/08\/berries-2277__340.jpg","contentUrl":"https:\/\/blogs.uef.fi\/karjalanelvytys\/wp-content\/uploads\/sites\/155\/2021\/08\/berries-2277__340.jpg","width":510,"height":340},{"@type":"BreadcrumbList","@id":"https:\/\/blogs.uef.fi\/karjalanelvytys\/marjat-ta-marjakasvit-marjat-da-marjakazvit-muarjat-da-muarjukazvit\/#breadcrumb","itemListElement":[{"@type":"ListItem","position":1,"name":"Home","item":"https:\/\/blogs.uef.fi\/karjalanelvytys\/"},{"@type":"ListItem","position":2,"name":"Marjat ta marjaka\u0161vit \u2013 Marjat da marjakazvit \u2013 Muarjat da muarjukazvit"}]},{"@type":"WebSite","@id":"https:\/\/blogs.uef.fi\/karjalanelvytys\/#website","url":"https:\/\/blogs.uef.fi\/karjalanelvytys\/","name":"Karjalan kielen elvytt\u00e4minen","description":"","potentialAction":[{"@type":"SearchAction","target":{"@type":"EntryPoint","urlTemplate":"https:\/\/blogs.uef.fi\/karjalanelvytys\/?s={search_term_string}"},"query-input":{"@type":"PropertyValueSpecification","valueRequired":true,"valueName":"search_term_string"}}],"inLanguage":"fi"}]}},"_links":{"self":[{"href":"https:\/\/blogs.uef.fi\/karjalanelvytys\/wp-json\/wp\/v2\/pages\/1383","targetHints":{"allow":["GET"]}}],"collection":[{"href":"https:\/\/blogs.uef.fi\/karjalanelvytys\/wp-json\/wp\/v2\/pages"}],"about":[{"href":"https:\/\/blogs.uef.fi\/karjalanelvytys\/wp-json\/wp\/v2\/types\/page"}],"author":[{"embeddable":true,"href":"https:\/\/blogs.uef.fi\/karjalanelvytys\/wp-json\/wp\/v2\/users\/418"}],"replies":[{"embeddable":true,"href":"https:\/\/blogs.uef.fi\/karjalanelvytys\/wp-json\/wp\/v2\/comments?post=1383"}],"version-history":[{"count":4,"href":"https:\/\/blogs.uef.fi\/karjalanelvytys\/wp-json\/wp\/v2\/pages\/1383\/revisions"}],"predecessor-version":[{"id":3535,"href":"https:\/\/blogs.uef.fi\/karjalanelvytys\/wp-json\/wp\/v2\/pages\/1383\/revisions\/3535"}],"wp:attachment":[{"href":"https:\/\/blogs.uef.fi\/karjalanelvytys\/wp-json\/wp\/v2\/media?parent=1383"}],"curies":[{"name":"wp","href":"https:\/\/api.w.org\/{rel}","templated":true}]}}