{"id":13533,"date":"2023-12-04T09:42:57","date_gmt":"2023-12-04T07:42:57","guid":{"rendered":"https:\/\/blogs.uef.fi\/karjalanelvytys\/?page_id=13533"},"modified":"2023-12-04T09:42:58","modified_gmt":"2023-12-04T07:42:58","slug":"karjalankielisia-lauluja-aikuisille","status":"publish","type":"page","link":"https:\/\/blogs.uef.fi\/karjalanelvytys\/karjalankielisia-lauluja-aikuisille\/","title":{"rendered":"Karjalankielisi\u00e4 lauluja aikuisille"},"content":{"rendered":"\n<p>Valtimon Suoj\u00e4rvi-Seura julkaisi Karjalankielisi\u00e4 lauluja aikuisille -vihkosen vuonna 2018. Vihkosen on toimittanut <strong>Paavo Harakka<\/strong> ja kuvittanut <strong>Perttu Tuominen<\/strong>, ja se julkaistiin alun perin painettuna. <\/p>\n\n\n\n<p>Elvytyshankkeen blogissa vihkonen julkaistaan PDF-muodossa. Vihkonen on kaikkien vapaasti k\u00e4ytett\u00e4viss\u00e4, ja tiedostomuoto mahdollistaa sen lataamisen omalle tietokoneelle ja tulostamisen.<\/p>\n\n\n\n<p>Vihkosta kuvataan sen esipuheessa n\u00e4in:<\/p>\n\n\n\n<p>&#8221;Vuosi sitten julkaisimme karjalankielisi\u00e4 lauluja lapsille. T\u00e4m\u00e4 uusi lauluvihko sis\u00e4lt\u00e4\u00e4 karjalankielisi\u00e4 lauluja aikuisille. Laulujen k\u00e4\u00e4nn\u00f6kset ovat varsinaiskarjalaa, jota puhuttiin suurimmassa osassa Raja-Karjalaa ennen sotia ja puhutaan edelleen keskisess\u00e4 Ven\u00e4j\u00e4n Karjalassa sek\u00e4 Tverin alueella. Laulut ovat k\u00e4\u00e4nt\u00e4neet kunnallisneuvos, KKO <strong>Paavo Harakka<\/strong> ja fil. maist. <strong>Matti Jeskanen<\/strong>.<\/p>\n\n\n\n<p>Tuttujen laulujen laulaminen onnistuu ilman nuotteja. Samalla voimme oppia ja verest\u00e4\u00e4 karjalan kielen taitojamme. Laulut auttavat karjalankielisen kulttuurin ja kieliperinteen s\u00e4ilytt\u00e4mist\u00e4 ja karjalaisen identiteetin vahvistamista. Samalla tuetaan paikallista kulttuuria ja perinteen esiin nostamista.&#8221;<\/p>\n\n\n\n<p>Linkki vihkoseen: <a href=\"https:\/\/blogs.uef.fi\/karjalanelvytys\/wp-content\/uploads\/sites\/155\/2023\/12\/Lauluja-aikuisille_valmis-1.pdf\">linkki.<\/a><\/p>\n\n\n\n<div class=\"links-block\">\n\n    \n    <ul class=\"link-list\">\n            <\/ul>\n<\/div>\n\n\n<figure class=\"wp-block-image size-medium\"><img loading=\"lazy\" decoding=\"async\" width=\"235\" height=\"300\" src=\"https:\/\/blogs.uef.fi\/karjalanelvytys\/wp-content\/uploads\/sites\/155\/2023\/12\/Karjalankielisia-lauluja-aikuisille-235x300.png\" alt=\"\" class=\"wp-image-13536\" srcset=\"https:\/\/blogs.uef.fi\/karjalanelvytys\/wp-content\/uploads\/sites\/155\/2023\/12\/Karjalankielisia-lauluja-aikuisille-235x300.png 235w, https:\/\/blogs.uef.fi\/karjalanelvytys\/wp-content\/uploads\/sites\/155\/2023\/12\/Karjalankielisia-lauluja-aikuisille.png 547w\" sizes=\"auto, (max-width: 235px) 100vw, 235px\" \/><figcaption class=\"wp-element-caption\">Vihkosen kansi<\/figcaption><\/figure>\n","protected":false},"excerpt":{"rendered":"<p>Valtimon Suoj\u00e4rvi-Seura julkaisi Karjalankielisi\u00e4 lauluja aikuisille -vihkosen vuonna 2018. Vihkosen on toimittanut Paavo Harakka ja kuvittanut Perttu Tuominen, ja se julkaistiin alun perin painettuna. Elvytyshankkeen blogissa vihkonen julkaistaan PDF-muodossa. Vihkonen on kaikkien vapaasti k\u00e4ytett\u00e4viss\u00e4, ja tiedostomuoto mahdollistaa sen lataamisen omalle tietokoneelle ja tulostamisen. Vihkosta kuvataan sen esipuheessa n\u00e4in: &#8221;Vuosi sitten julkaisimme karjalankielisi\u00e4 lauluja lapsille. T\u00e4m\u00e4 [&hellip;]<\/p>\n","protected":false},"author":580,"featured_media":0,"parent":0,"menu_order":0,"comment_status":"closed","ping_status":"closed","template":"","meta":{"_acf_changed":false,"footnotes":""},"class_list":["post-13533","page","type-page","status-publish","hentry"],"acf":[],"yoast_head":"<!-- This site is optimized with the Yoast SEO plugin v27.1.1 - https:\/\/yoast.com\/product\/yoast-seo-wordpress\/ -->\n<title>Karjalankielisi\u00e4 lauluja aikuisille - Karjalan kielen elvytt\u00e4minen<\/title>\n<meta name=\"robots\" content=\"index, follow, max-snippet:-1, max-image-preview:large, max-video-preview:-1\" \/>\n<link rel=\"canonical\" href=\"https:\/\/blogs.uef.fi\/karjalanelvytys\/karjalankielisia-lauluja-aikuisille\/\" \/>\n<meta property=\"og:locale\" content=\"fi_FI\" \/>\n<meta property=\"og:type\" content=\"article\" \/>\n<meta property=\"og:title\" content=\"Karjalankielisi\u00e4 lauluja aikuisille - Karjalan kielen elvytt\u00e4minen\" \/>\n<meta property=\"og:description\" content=\"Valtimon Suoj\u00e4rvi-Seura julkaisi Karjalankielisi\u00e4 lauluja aikuisille -vihkosen vuonna 2018. Vihkosen on toimittanut Paavo Harakka ja kuvittanut Perttu Tuominen, ja se julkaistiin alun perin painettuna. Elvytyshankkeen blogissa vihkonen julkaistaan PDF-muodossa. Vihkonen on kaikkien vapaasti k\u00e4ytett\u00e4viss\u00e4, ja tiedostomuoto mahdollistaa sen lataamisen omalle tietokoneelle ja tulostamisen. Vihkosta kuvataan sen esipuheessa n\u00e4in: &#8221;Vuosi sitten julkaisimme karjalankielisi\u00e4 lauluja lapsille. T\u00e4m\u00e4 [&hellip;]\" \/>\n<meta property=\"og:url\" content=\"https:\/\/blogs.uef.fi\/karjalanelvytys\/karjalankielisia-lauluja-aikuisille\/\" \/>\n<meta property=\"og:site_name\" content=\"Karjalan kielen elvytt\u00e4minen\" \/>\n<meta property=\"article:modified_time\" content=\"2023-12-04T07:42:58+00:00\" \/>\n<meta property=\"og:image\" content=\"https:\/\/blogs.uef.fi\/karjalanelvytys\/wp-content\/uploads\/sites\/155\/2023\/12\/Karjalankielisia-lauluja-aikuisille-235x300.png\" \/>\n<meta name=\"twitter:card\" content=\"summary_large_image\" \/>\n<meta name=\"twitter:label1\" content=\"Arvioitu lukuaika\" \/>\n\t<meta name=\"twitter:data1\" content=\"2 minuuttia\" \/>\n<script type=\"application\/ld+json\" class=\"yoast-schema-graph\">{\"@context\":\"https:\/\/schema.org\",\"@graph\":[{\"@type\":\"WebPage\",\"@id\":\"https:\/\/blogs.uef.fi\/karjalanelvytys\/karjalankielisia-lauluja-aikuisille\/\",\"url\":\"https:\/\/blogs.uef.fi\/karjalanelvytys\/karjalankielisia-lauluja-aikuisille\/\",\"name\":\"Karjalankielisi\u00e4 lauluja aikuisille - Karjalan kielen elvytt\u00e4minen\",\"isPartOf\":{\"@id\":\"https:\/\/blogs.uef.fi\/karjalanelvytys\/#website\"},\"primaryImageOfPage\":{\"@id\":\"https:\/\/blogs.uef.fi\/karjalanelvytys\/karjalankielisia-lauluja-aikuisille\/#primaryimage\"},\"image\":{\"@id\":\"https:\/\/blogs.uef.fi\/karjalanelvytys\/karjalankielisia-lauluja-aikuisille\/#primaryimage\"},\"thumbnailUrl\":\"https:\/\/blogs.uef.fi\/karjalanelvytys\/wp-content\/uploads\/sites\/155\/2023\/12\/Karjalankielisia-lauluja-aikuisille-235x300.png\",\"datePublished\":\"2023-12-04T07:42:57+00:00\",\"dateModified\":\"2023-12-04T07:42:58+00:00\",\"breadcrumb\":{\"@id\":\"https:\/\/blogs.uef.fi\/karjalanelvytys\/karjalankielisia-lauluja-aikuisille\/#breadcrumb\"},\"inLanguage\":\"fi\",\"potentialAction\":[{\"@type\":\"ReadAction\",\"target\":[\"https:\/\/blogs.uef.fi\/karjalanelvytys\/karjalankielisia-lauluja-aikuisille\/\"]}]},{\"@type\":\"ImageObject\",\"inLanguage\":\"fi\",\"@id\":\"https:\/\/blogs.uef.fi\/karjalanelvytys\/karjalankielisia-lauluja-aikuisille\/#primaryimage\",\"url\":\"https:\/\/blogs.uef.fi\/karjalanelvytys\/wp-content\/uploads\/sites\/155\/2023\/12\/Karjalankielisia-lauluja-aikuisille.png\",\"contentUrl\":\"https:\/\/blogs.uef.fi\/karjalanelvytys\/wp-content\/uploads\/sites\/155\/2023\/12\/Karjalankielisia-lauluja-aikuisille.png\",\"width\":547,\"height\":697},{\"@type\":\"BreadcrumbList\",\"@id\":\"https:\/\/blogs.uef.fi\/karjalanelvytys\/karjalankielisia-lauluja-aikuisille\/#breadcrumb\",\"itemListElement\":[{\"@type\":\"ListItem\",\"position\":1,\"name\":\"Home\",\"item\":\"https:\/\/blogs.uef.fi\/karjalanelvytys\/\"},{\"@type\":\"ListItem\",\"position\":2,\"name\":\"Karjalankielisi\u00e4 lauluja aikuisille\"}]},{\"@type\":\"WebSite\",\"@id\":\"https:\/\/blogs.uef.fi\/karjalanelvytys\/#website\",\"url\":\"https:\/\/blogs.uef.fi\/karjalanelvytys\/\",\"name\":\"Karjalan kielen elvytt\u00e4minen\",\"description\":\"\",\"potentialAction\":[{\"@type\":\"SearchAction\",\"target\":{\"@type\":\"EntryPoint\",\"urlTemplate\":\"https:\/\/blogs.uef.fi\/karjalanelvytys\/?s={search_term_string}\"},\"query-input\":{\"@type\":\"PropertyValueSpecification\",\"valueRequired\":true,\"valueName\":\"search_term_string\"}}],\"inLanguage\":\"fi\"}]}<\/script>\n<!-- \/ Yoast SEO plugin. -->","yoast_head_json":{"title":"Karjalankielisi\u00e4 lauluja aikuisille - Karjalan kielen elvytt\u00e4minen","robots":{"index":"index","follow":"follow","max-snippet":"max-snippet:-1","max-image-preview":"max-image-preview:large","max-video-preview":"max-video-preview:-1"},"canonical":"https:\/\/blogs.uef.fi\/karjalanelvytys\/karjalankielisia-lauluja-aikuisille\/","og_locale":"fi_FI","og_type":"article","og_title":"Karjalankielisi\u00e4 lauluja aikuisille - Karjalan kielen elvytt\u00e4minen","og_description":"Valtimon Suoj\u00e4rvi-Seura julkaisi Karjalankielisi\u00e4 lauluja aikuisille -vihkosen vuonna 2018. Vihkosen on toimittanut Paavo Harakka ja kuvittanut Perttu Tuominen, ja se julkaistiin alun perin painettuna. Elvytyshankkeen blogissa vihkonen julkaistaan PDF-muodossa. Vihkonen on kaikkien vapaasti k\u00e4ytett\u00e4viss\u00e4, ja tiedostomuoto mahdollistaa sen lataamisen omalle tietokoneelle ja tulostamisen. Vihkosta kuvataan sen esipuheessa n\u00e4in: &#8221;Vuosi sitten julkaisimme karjalankielisi\u00e4 lauluja lapsille. T\u00e4m\u00e4 [&hellip;]","og_url":"https:\/\/blogs.uef.fi\/karjalanelvytys\/karjalankielisia-lauluja-aikuisille\/","og_site_name":"Karjalan kielen elvytt\u00e4minen","article_modified_time":"2023-12-04T07:42:58+00:00","og_image":[{"url":"https:\/\/blogs.uef.fi\/karjalanelvytys\/wp-content\/uploads\/sites\/155\/2023\/12\/Karjalankielisia-lauluja-aikuisille-235x300.png","type":"","width":"","height":""}],"twitter_card":"summary_large_image","twitter_misc":{"Arvioitu lukuaika":"2 minuuttia"},"schema":{"@context":"https:\/\/schema.org","@graph":[{"@type":"WebPage","@id":"https:\/\/blogs.uef.fi\/karjalanelvytys\/karjalankielisia-lauluja-aikuisille\/","url":"https:\/\/blogs.uef.fi\/karjalanelvytys\/karjalankielisia-lauluja-aikuisille\/","name":"Karjalankielisi\u00e4 lauluja aikuisille - Karjalan kielen elvytt\u00e4minen","isPartOf":{"@id":"https:\/\/blogs.uef.fi\/karjalanelvytys\/#website"},"primaryImageOfPage":{"@id":"https:\/\/blogs.uef.fi\/karjalanelvytys\/karjalankielisia-lauluja-aikuisille\/#primaryimage"},"image":{"@id":"https:\/\/blogs.uef.fi\/karjalanelvytys\/karjalankielisia-lauluja-aikuisille\/#primaryimage"},"thumbnailUrl":"https:\/\/blogs.uef.fi\/karjalanelvytys\/wp-content\/uploads\/sites\/155\/2023\/12\/Karjalankielisia-lauluja-aikuisille-235x300.png","datePublished":"2023-12-04T07:42:57+00:00","dateModified":"2023-12-04T07:42:58+00:00","breadcrumb":{"@id":"https:\/\/blogs.uef.fi\/karjalanelvytys\/karjalankielisia-lauluja-aikuisille\/#breadcrumb"},"inLanguage":"fi","potentialAction":[{"@type":"ReadAction","target":["https:\/\/blogs.uef.fi\/karjalanelvytys\/karjalankielisia-lauluja-aikuisille\/"]}]},{"@type":"ImageObject","inLanguage":"fi","@id":"https:\/\/blogs.uef.fi\/karjalanelvytys\/karjalankielisia-lauluja-aikuisille\/#primaryimage","url":"https:\/\/blogs.uef.fi\/karjalanelvytys\/wp-content\/uploads\/sites\/155\/2023\/12\/Karjalankielisia-lauluja-aikuisille.png","contentUrl":"https:\/\/blogs.uef.fi\/karjalanelvytys\/wp-content\/uploads\/sites\/155\/2023\/12\/Karjalankielisia-lauluja-aikuisille.png","width":547,"height":697},{"@type":"BreadcrumbList","@id":"https:\/\/blogs.uef.fi\/karjalanelvytys\/karjalankielisia-lauluja-aikuisille\/#breadcrumb","itemListElement":[{"@type":"ListItem","position":1,"name":"Home","item":"https:\/\/blogs.uef.fi\/karjalanelvytys\/"},{"@type":"ListItem","position":2,"name":"Karjalankielisi\u00e4 lauluja aikuisille"}]},{"@type":"WebSite","@id":"https:\/\/blogs.uef.fi\/karjalanelvytys\/#website","url":"https:\/\/blogs.uef.fi\/karjalanelvytys\/","name":"Karjalan kielen elvytt\u00e4minen","description":"","potentialAction":[{"@type":"SearchAction","target":{"@type":"EntryPoint","urlTemplate":"https:\/\/blogs.uef.fi\/karjalanelvytys\/?s={search_term_string}"},"query-input":{"@type":"PropertyValueSpecification","valueRequired":true,"valueName":"search_term_string"}}],"inLanguage":"fi"}]}},"_links":{"self":[{"href":"https:\/\/blogs.uef.fi\/karjalanelvytys\/wp-json\/wp\/v2\/pages\/13533","targetHints":{"allow":["GET"]}}],"collection":[{"href":"https:\/\/blogs.uef.fi\/karjalanelvytys\/wp-json\/wp\/v2\/pages"}],"about":[{"href":"https:\/\/blogs.uef.fi\/karjalanelvytys\/wp-json\/wp\/v2\/types\/page"}],"author":[{"embeddable":true,"href":"https:\/\/blogs.uef.fi\/karjalanelvytys\/wp-json\/wp\/v2\/users\/580"}],"replies":[{"embeddable":true,"href":"https:\/\/blogs.uef.fi\/karjalanelvytys\/wp-json\/wp\/v2\/comments?post=13533"}],"version-history":[{"count":2,"href":"https:\/\/blogs.uef.fi\/karjalanelvytys\/wp-json\/wp\/v2\/pages\/13533\/revisions"}],"predecessor-version":[{"id":13568,"href":"https:\/\/blogs.uef.fi\/karjalanelvytys\/wp-json\/wp\/v2\/pages\/13533\/revisions\/13568"}],"wp:attachment":[{"href":"https:\/\/blogs.uef.fi\/karjalanelvytys\/wp-json\/wp\/v2\/media?parent=13533"}],"curies":[{"name":"wp","href":"https:\/\/api.w.org\/{rel}","templated":true}]}}