{"id":13521,"date":"2023-12-01T08:34:24","date_gmt":"2023-12-01T06:34:24","guid":{"rendered":"https:\/\/blogs.uef.fi\/karjalanelvytys\/?page_id=13521"},"modified":"2023-12-22T08:55:18","modified_gmt":"2023-12-22T06:55:18","slug":"kiannosseminuaran-rastavankalenduaru","status":"publish","type":"page","link":"https:\/\/blogs.uef.fi\/karjalanelvytys\/kiannosseminuaran-rastavankalenduaru\/","title":{"rendered":"Ki\u00e4nn\u00f6sseminuaran rastavankalenduaru"},"content":{"rendered":"\n<p>Ki\u00e4nn\u00f6sseminuaran rastavankalenduarah tulou joga p\u00e4ivi\u00e4 se-t\u00e4m\u00e4 sanondaine suomekse da karjalakse. Vuitti sanondazis on ki\u00e4nnetty suomesp\u00e4i karjalakse, toizet karjalasp\u00e4i suomekse. Kalenduaru vessel\u00e4h tabah ozuttau, gu er\u00e4h\u00e4t suomen da karjalan sanondat ollah samanjyttyzet, ga mollembis kielis on se\u017eo omua da \u010domua. Kalenduaras n\u00e4it, kuibo n\u00e4mm\u00e4 \u010domembatgi ki\u00e4nnyt\u00e4h l\u00e4h\u00e4zele sugukielele.<\/p>\n\n\n\n<p>Sanondastu on kalenduaras karjalan kaikil pi\u00e4murdehil.<\/p>\n\n\n\n<figure class=\"wp-block-image size-large is-resized\"><img loading=\"lazy\" decoding=\"async\" width=\"1024\" height=\"683\" src=\"https:\/\/blogs.uef.fi\/karjalanelvytys\/wp-content\/uploads\/sites\/155\/2023\/11\/bob-canning-r53rNKb_7s8-unsplash-1024x683.jpg\" alt=\"\" class=\"wp-image-13524\" style=\"width:700px\" srcset=\"https:\/\/blogs.uef.fi\/karjalanelvytys\/wp-content\/uploads\/sites\/155\/2023\/11\/bob-canning-r53rNKb_7s8-unsplash-1024x683.jpg 1024w, https:\/\/blogs.uef.fi\/karjalanelvytys\/wp-content\/uploads\/sites\/155\/2023\/11\/bob-canning-r53rNKb_7s8-unsplash-300x200.jpg 300w, https:\/\/blogs.uef.fi\/karjalanelvytys\/wp-content\/uploads\/sites\/155\/2023\/11\/bob-canning-r53rNKb_7s8-unsplash-768x512.jpg 768w, https:\/\/blogs.uef.fi\/karjalanelvytys\/wp-content\/uploads\/sites\/155\/2023\/11\/bob-canning-r53rNKb_7s8-unsplash-1536x1024.jpg 1536w, https:\/\/blogs.uef.fi\/karjalanelvytys\/wp-content\/uploads\/sites\/155\/2023\/11\/bob-canning-r53rNKb_7s8-unsplash-2048x1365.jpg 2048w\" sizes=\"auto, (max-width: 1024px) 100vw, 1024px\" \/><figcaption class=\"wp-element-caption\">Kuva: Pixabay<\/figcaption><\/figure>\n\n\n\n<h2 class=\"wp-block-heading\">1. ikkunaine<\/h2>\n\n\n\n<p>Hyv\u00e4 loitos kuuluu, paha vie loitombi.<\/p>\n\n\n\n<p>Hyv\u00e4 kello kauas kuuluu, paha viel\u00e4 kauemmaksi.<\/p>\n\n\n\n<p>*<\/p>\n\n\n\n<p>Vaikastui kui kala kurniekas.<\/p>\n\n\n\n<p>Vaikeni kuin muuri.<\/p>\n\n\n\n<h2 class=\"wp-block-heading\">2. ikkunaine<\/h2>\n\n\n\n<p>\u0160ittua vai koske, ga \u0161ittu haizou.<\/p>\n\n\n\n<p>\u0160ittua vain ko\u0161e, ka \u0161e ka\u010do rupieu haisumah.<\/p>\n\n\n\n<p>Mit\u00e4 enemm\u00e4n lantaa p\u00f6yhii, sit\u00e4 enemm\u00e4n se haisee.<\/p>\n\n\n\n<p>*<\/p>\n\n\n\n<p>Ken ei ruohti oppie, se ei sua nimid\u00e4.<\/p>\n\n\n\n<p>Ei se pelaa, joka pelk\u00e4\u00e4.<\/p>\n\n\n\n<h2 class=\"wp-block-heading\">3. ikkunaine<\/h2>\n\n\n\n<p>Ei sinuu niken l\u00f6yhk\u00e4, ku et sin\u00e4 i\u010de.<\/p>\n\n\n\n<p>Kuka sen kissanh\u00e4nn\u00e4n nostaisi, jos ei kissa itse.<\/p>\n\n\n\n<p>*<\/p>\n\n\n\n<p>Hyv\u00e4 on bo\u0161\u0161i!<\/p>\n\n\n\n<p>Aikamoinen h\u00e4rk\u00e4p\u00e4\u00e4.<\/p>\n\n\n\n<h2 class=\"wp-block-heading\">4. ikkunaine<\/h2>\n\n\n\n<p>Tulettah savvu ei nouze.<\/p>\n\n\n\n<p>Ei savua ilman tulta.<\/p>\n\n\n\n<p>*<\/p>\n\n\n\n<p>Dengal et ozua osta.<\/p>\n\n\n\n<p>Raha ei tuo onnea.<\/p>\n\n\n\n<h2 class=\"wp-block-heading\">5. ikkunaine<\/h2>\n\n\n\n<p>Vara venehty ei kua.<\/p>\n\n\n\n<p>Ei vara venett\u00e4 kaada.<\/p>\n\n\n\n<p>*<\/p>\n\n\n\n<p>Aigu on paras douhtori.<\/p>\n\n\n\n<p>Aika on paras l\u00e4\u00e4ke.<\/p>\n\n\n\n<h2 class=\"wp-block-heading\">6. ikkunaine<\/h2>\n\n\n\n<p>Jalat kevettih.<\/p>\n\n\n\n<p>Kivi putosi syd\u00e4melt\u00e4.<\/p>\n\n\n\n<p>*<\/p>\n\n\n\n<p>Kuoltuu kaikin kohetah.<\/p>\n\n\n\n<p>Kuolema kuittaa univelat.<\/p>\n\n\n\n<h2 class=\"wp-block-heading\">7. ikkunaine<\/h2>\n\n\n\n<p>Parempi paha \u0161opu, kuin hyv\u00e4 riita.<\/p>\n\n\n\n<p>Paha sobu on parembi, migu hyv\u00e4 riidu.<\/p>\n\n\n\n<p>Parempi laiha sopu, kuin lihava riita.<\/p>\n\n\n\n<p>*<\/p>\n\n\n\n<p>Luadiu kui diedo neuvou.<\/p>\n\n\n\n<p>Ottaa neuvosta vaarin.<\/p>\n\n\n\n<h2 class=\"wp-block-heading\">8. ikkunaine<\/h2>\n\n\n\n<p>Muigiet ollah, sano rebo, konza oppi pihlajanmarjoi syyv\u00e4.<\/p>\n\n\n\n<p>Happamia, sanoi kettu pihlajanmarjoista.<\/p>\n\n\n\n<p>*<\/p>\n\n\n\n<p>Bohatuttu voit peitti\u00e4, a k\u00f6yhytty et voi.<\/p>\n\n\n\n<p>K\u00f6yhyys n\u00e4kyy ihmisest\u00e4 p\u00e4\u00e4llep\u00e4in.<\/p>\n\n\n\n<h2 class=\"wp-block-heading\">10. ikkunaine<\/h2>\n\n\n\n<p>Sy\u00f6y, juou suajes, kulgii starikku tulou yksikai.<\/p>\n\n\n\n<p>Sy\u00f6p, juop suajessaan, kulku-ukko tulloo kumminnii.<\/p>\n\n\n\n<p>*<\/p>\n\n\n\n<p>Lend\u00e4y kui leppykeij\u00e4s.<\/p>\n\n\n\n<p>Lent\u00e4\u00e4 kuin lepp\u00e4keih\u00e4s.<\/p>\n\n\n\n<h2 class=\"wp-block-heading\">11. ikkunaine<\/h2>\n\n\n\n<p>Ei pie vierahal perziel \u010durata.<\/p>\n\n\n\n<p>Ei pid\u00e4 menn\u00e4 m\u00e4keen toisen housuissa.<\/p>\n\n\n\n<p>Ei pid\u00e4 istua muurahaispes\u00e4\u00e4n toisen perseell\u00e4.<\/p>\n\n\n\n<p>*<\/p>\n\n\n\n<p>Niken ei ole seppy roindua my\u00f6te.<\/p>\n\n\n\n<p>Ei kukaan ole sepp\u00e4 syntyess\u00e4\u00e4n.<\/p>\n\n\n\n<h2 class=\"wp-block-heading\">12. ikkunaine<\/h2>\n\n\n\n<p>Dielo on \u0161ipainiekku.<\/p>\n\n\n\n<p>Asia on pihvi.<\/p>\n\n\n\n<p>*<\/p>\n\n\n\n<p>Oma kodi kullan kallis.<\/p>\n\n\n\n<p>Oma koti kullan kallis.<\/p>\n\n\n\n<h2 class=\"wp-block-heading\">13. ikkunaine<\/h2>\n\n\n\n<p>Helppoh tuli ta helppoh ni m\u00e4ni.&nbsp;<\/p>\n\n\n\n<p>Tukulla tulou, vihellyk\u0161ell\u00e4 m\u00e4n\u00f6y<strong>.&nbsp;<\/strong><\/p>\n\n\n\n<p>Mik\u00e4 laulaen tulee, se vihelt\u00e4en menee.&nbsp;<\/p>\n\n\n\n<p>*&nbsp;<\/p>\n\n\n\n<p>Ken huomenek\u0161e\u0161ta laulau, \u0161e haukan per\u0161ie\u0161\u0161\u00e4 illalla makuau.&nbsp;<\/p>\n\n\n\n<p>Aamun torkku, illan virkku, se tapa talon h\u00e4vitt\u00e4\u00e4.&nbsp;<\/p>\n\n\n\n<h2 class=\"wp-block-heading\">14. ikkunaine<\/h2>\n\n\n\n<p>Nakrajan \u0161uuh on parempi ka\u010d\u010duo kuin itkij\u00e4n<\/p>\n\n\n\n<p>Hauskempi on nauravan suuhun katsoa kuin itkev\u00e4n.<\/p>\n\n\n\n<p>*<\/p>\n\n\n\n<p>\u010cokalla tuulou.<\/p>\n\n\n\n<p>Huipulla tuulee.<\/p>\n\n\n\n<h2 class=\"wp-block-heading\">15. ikkunaine<\/h2>\n\n\n\n<p>Higi la\u0161kan syvves, vilu ruavon ruadajes.<\/p>\n\n\n\n<p>Hiki laiskan sy\u00f6dess\u00e4, vilu ty\u00f6t\u00e4 tehdess\u00e4.<\/p>\n\n\n\n<p>*<\/p>\n\n\n\n<p>Gost\u2019u kahtesti ihastuttau, tulles da l\u00e4htijes.<\/p>\n\n\n\n<p>Vieraat ilahduttavat kahdesti, tullessaan ja l\u00e4htiess\u00e4\u00e4n.<\/p>\n\n\n\n<h2 class=\"wp-block-heading\">16. ikkunaine<\/h2>\n\n\n\n<p>Ilo pindah, hos syv\u00e4in ajau m\u00e4rgi\u00e4.<\/p>\n\n\n\n<p>Ilo pintaan, vaikka sy\u00e4n m\u00e4rk\u00e4nis.<\/p>\n\n\n\n<p>*<\/p>\n\n\n\n<p>Kuni jalgu kapsau, sini suugi n\u2019apsau.<\/p>\n\n\n\n<p>Kuni jalka kap\u0161au, \u0161ini \u0161uu n\u2019ap\u0161au.<\/p>\n\n\n\n<p>Kenen jalka kapsaa, sen suu napsaa.<\/p>\n\n\n\n<h2 class=\"wp-block-heading\">17. ikkunaine<\/h2>\n\n\n\n<p>Olla puitto per\u0161ieh ammuttu kontie.<\/p>\n\n\n\n<p>Olla kuin perseeseen ammuttu karhu.<\/p>\n\n\n\n<p>*<\/p>\n\n\n\n<p>Lahjuhevon hambahii ei lugieta.<\/p>\n\n\n\n<p>Lahjahevosen suuhun ei pid\u00e4 katsoa.<\/p>\n\n\n\n<h2 class=\"wp-block-heading\">18. ikkunaine<\/h2>\n\n\n\n<p>Emm\u00e4 ole j\u00e4n\u00f6n sell\u00e4ss\u00e4.<\/p>\n\n\n\n<p>Ei t\u00e4ss\u00e4 olla j\u00e4niksen sel\u00e4ss\u00e4.<\/p>\n\n\n\n<p>*<\/p>\n\n\n\n<p>Varras tostu vargahakse duumai\u010d\u010dou.<\/p>\n\n\n\n<p>Varas toista varkaaksi luulee.<\/p>\n\n\n\n<h2 class=\"wp-block-heading\">19. ikkunaine<\/h2>\n\n\n\n<p>Ku k\u00f6yhy leibi\u00e4 ei ruadas, ga bohatal pid\u00e4s dengua syvv\u00e4.<\/p>\n\n\n\n<p>Rahaa ei voi sy\u00f6d\u00e4, tarvitaan my\u00f6s ruoan tuottajia.<\/p>\n\n\n\n<p>*<\/p>\n\n\n\n<p>Vierahas ries ajajes hebuo \u00e4l\u00e4 moiti.<\/p>\n\n\n\n<p>\u00c4l\u00e4 moiti hevosta vieraassa reess\u00e4 ajaessasi.<\/p>\n\n\n\n<h2 class=\"wp-block-heading\">20. ikkunaine<\/h2>\n\n\n\n<p>Lapsennu opastettu kui kiveh kirjutettu.<\/p>\n\n\n\n<p>Mink\u00e4 nuorena oppii, sen vanhana taitaa.<\/p>\n\n\n\n<p>*<\/p>\n\n\n\n<p>Kunne muut, sinnegi avvoisuut.<\/p>\n\n\n\n<p>Joukossa tyhmyys tiivistyy.<\/p>\n\n\n\n<h2 class=\"wp-block-heading\">21. ikkunaine<\/h2>\n\n\n\n<p>\u0160opiu puitto kulakka \u0161ilm\u00e4h.<\/p>\n\n\n\n<p>Sopia kuin nyrkki silm\u00e4\u00e4n.<\/p>\n\n\n\n<p>*<\/p>\n\n\n\n<p>Ei kaikki kulda mi lo\u0161niu.<\/p>\n\n\n\n<p>Ei kaikki kultaa, mik\u00e4 kiilt\u00e4\u00e4.<\/p>\n\n\n\n<h2 class=\"wp-block-heading\">22. ikkunaine<\/h2>\n\n\n\n<p>Beda tulou ku\u010d\u010dumattah.<\/p>\n\n\n\n<p>H\u00e4t\u00e4 tulee, vaikka emme sit\u00e4 itse toivoisi.<\/p>\n\n\n\n<p>*<\/p>\n\n\n\n<p>Ei ni kukoi k\u00e4skys laula.<\/p>\n\n\n\n<p>Ei kukko k\u00e4skien laula.<\/p>\n\n\n\n<h2 class=\"wp-block-heading\">23. ikkunaine<\/h2>\n\n\n\n<p>Pahal ku sormen annat, se viey kogo kobran.<\/p>\n\n\n\n<p>Kun antaa pahalle pikkusormen, se vie koko k\u00e4den.<\/p>\n\n\n\n<p>*<\/p>\n\n\n\n<p>Itku pitk\u00e4s ilos, pieru h\u00e4tken nagrandas.<\/p>\n\n\n\n<p>Itku pitk\u00e4st\u00e4 ilosta, pieru pitk\u00e4\u00e4n nauramisesta.<\/p>\n\n\n\n<h2 class=\"wp-block-heading\">24. ikkunaine<\/h2>\n\n\n\n<p>Vieras randa, vilu randa.<\/p>\n\n\n\n<p>Omalla mualla kivetki kumarretah.<\/p>\n\n\n\n<p>Oma mua mand\u017eoi, muu mua must\u2019oi.<\/p>\n\n\n\n<p>Oma maa mansikka, muu maa mustikka.<\/p>\n\n\n\n<p>*<\/p>\n\n\n\n<p>Suudiu pada kattilua, a bokat yhtenmoizet.<\/p>\n\n\n\n<p>Pata kattilaa soimaa, musta kylki kummallakin.<\/p>\n","protected":false},"excerpt":{"rendered":"<p>Ki\u00e4nn\u00f6sseminuaran rastavankalenduarah tulou joga p\u00e4ivi\u00e4 se-t\u00e4m\u00e4 sanondaine suomekse da karjalakse. Vuitti sanondazis on ki\u00e4nnetty suomesp\u00e4i karjalakse, toizet karjalasp\u00e4i suomekse. Kalenduaru vessel\u00e4h tabah ozuttau, gu er\u00e4h\u00e4t suomen da karjalan sanondat ollah samanjyttyzet, ga mollembis kielis on se\u017eo omua da \u010domua. Kalenduaras n\u00e4it, kuibo n\u00e4mm\u00e4 \u010domembatgi ki\u00e4nnyt\u00e4h l\u00e4h\u00e4zele sugukielele. Sanondastu on kalenduaras karjalan kaikil pi\u00e4murdehil. 1. ikkunaine [&hellip;]<\/p>\n","protected":false},"author":580,"featured_media":0,"parent":0,"menu_order":0,"comment_status":"closed","ping_status":"closed","template":"","meta":{"_acf_changed":false,"footnotes":""},"class_list":["post-13521","page","type-page","status-publish","hentry"],"acf":[],"yoast_head":"<!-- This site is optimized with the Yoast SEO plugin v27.1.1 - https:\/\/yoast.com\/product\/yoast-seo-wordpress\/ -->\n<title>Ki\u00e4nn\u00f6sseminuaran rastavankalenduaru - Karjalan kielen elvytt\u00e4minen<\/title>\n<meta name=\"robots\" content=\"index, follow, max-snippet:-1, max-image-preview:large, max-video-preview:-1\" \/>\n<link rel=\"canonical\" href=\"https:\/\/blogs.uef.fi\/karjalanelvytys\/kiannosseminuaran-rastavankalenduaru\/\" \/>\n<meta property=\"og:locale\" content=\"fi_FI\" \/>\n<meta property=\"og:type\" content=\"article\" \/>\n<meta property=\"og:title\" content=\"Ki\u00e4nn\u00f6sseminuaran rastavankalenduaru - Karjalan kielen elvytt\u00e4minen\" \/>\n<meta property=\"og:description\" content=\"Ki\u00e4nn\u00f6sseminuaran rastavankalenduarah tulou joga p\u00e4ivi\u00e4 se-t\u00e4m\u00e4 sanondaine suomekse da karjalakse. Vuitti sanondazis on ki\u00e4nnetty suomesp\u00e4i karjalakse, toizet karjalasp\u00e4i suomekse. Kalenduaru vessel\u00e4h tabah ozuttau, gu er\u00e4h\u00e4t suomen da karjalan sanondat ollah samanjyttyzet, ga mollembis kielis on se\u017eo omua da \u010domua. Kalenduaras n\u00e4it, kuibo n\u00e4mm\u00e4 \u010domembatgi ki\u00e4nnyt\u00e4h l\u00e4h\u00e4zele sugukielele. Sanondastu on kalenduaras karjalan kaikil pi\u00e4murdehil. 1. ikkunaine [&hellip;]\" \/>\n<meta property=\"og:url\" content=\"https:\/\/blogs.uef.fi\/karjalanelvytys\/kiannosseminuaran-rastavankalenduaru\/\" \/>\n<meta property=\"og:site_name\" content=\"Karjalan kielen elvytt\u00e4minen\" \/>\n<meta property=\"article:modified_time\" content=\"2023-12-22T06:55:18+00:00\" \/>\n<meta property=\"og:image\" content=\"https:\/\/blogs.uef.fi\/karjalanelvytys\/wp-content\/uploads\/sites\/155\/2023\/11\/bob-canning-r53rNKb_7s8-unsplash-1024x683.jpg\" \/>\n<meta name=\"twitter:card\" content=\"summary_large_image\" \/>\n<meta name=\"twitter:label1\" content=\"Arvioitu lukuaika\" \/>\n\t<meta name=\"twitter:data1\" content=\"5 minuuttia\" \/>\n<script type=\"application\/ld+json\" class=\"yoast-schema-graph\">{\"@context\":\"https:\/\/schema.org\",\"@graph\":[{\"@type\":\"WebPage\",\"@id\":\"https:\/\/blogs.uef.fi\/karjalanelvytys\/kiannosseminuaran-rastavankalenduaru\/\",\"url\":\"https:\/\/blogs.uef.fi\/karjalanelvytys\/kiannosseminuaran-rastavankalenduaru\/\",\"name\":\"Ki\u00e4nn\u00f6sseminuaran rastavankalenduaru - Karjalan kielen elvytt\u00e4minen\",\"isPartOf\":{\"@id\":\"https:\/\/blogs.uef.fi\/karjalanelvytys\/#website\"},\"primaryImageOfPage\":{\"@id\":\"https:\/\/blogs.uef.fi\/karjalanelvytys\/kiannosseminuaran-rastavankalenduaru\/#primaryimage\"},\"image\":{\"@id\":\"https:\/\/blogs.uef.fi\/karjalanelvytys\/kiannosseminuaran-rastavankalenduaru\/#primaryimage\"},\"thumbnailUrl\":\"https:\/\/blogs.uef.fi\/karjalanelvytys\/wp-content\/uploads\/sites\/155\/2023\/11\/bob-canning-r53rNKb_7s8-unsplash-1024x683.jpg\",\"datePublished\":\"2023-12-01T06:34:24+00:00\",\"dateModified\":\"2023-12-22T06:55:18+00:00\",\"breadcrumb\":{\"@id\":\"https:\/\/blogs.uef.fi\/karjalanelvytys\/kiannosseminuaran-rastavankalenduaru\/#breadcrumb\"},\"inLanguage\":\"fi\",\"potentialAction\":[{\"@type\":\"ReadAction\",\"target\":[\"https:\/\/blogs.uef.fi\/karjalanelvytys\/kiannosseminuaran-rastavankalenduaru\/\"]}]},{\"@type\":\"ImageObject\",\"inLanguage\":\"fi\",\"@id\":\"https:\/\/blogs.uef.fi\/karjalanelvytys\/kiannosseminuaran-rastavankalenduaru\/#primaryimage\",\"url\":\"https:\/\/blogs.uef.fi\/karjalanelvytys\/wp-content\/uploads\/sites\/155\/2023\/11\/bob-canning-r53rNKb_7s8-unsplash-scaled.jpg\",\"contentUrl\":\"https:\/\/blogs.uef.fi\/karjalanelvytys\/wp-content\/uploads\/sites\/155\/2023\/11\/bob-canning-r53rNKb_7s8-unsplash-scaled.jpg\",\"width\":2560,\"height\":1707},{\"@type\":\"BreadcrumbList\",\"@id\":\"https:\/\/blogs.uef.fi\/karjalanelvytys\/kiannosseminuaran-rastavankalenduaru\/#breadcrumb\",\"itemListElement\":[{\"@type\":\"ListItem\",\"position\":1,\"name\":\"Home\",\"item\":\"https:\/\/blogs.uef.fi\/karjalanelvytys\/\"},{\"@type\":\"ListItem\",\"position\":2,\"name\":\"Ki\u00e4nn\u00f6sseminuaran rastavankalenduaru\"}]},{\"@type\":\"WebSite\",\"@id\":\"https:\/\/blogs.uef.fi\/karjalanelvytys\/#website\",\"url\":\"https:\/\/blogs.uef.fi\/karjalanelvytys\/\",\"name\":\"Karjalan kielen elvytt\u00e4minen\",\"description\":\"\",\"potentialAction\":[{\"@type\":\"SearchAction\",\"target\":{\"@type\":\"EntryPoint\",\"urlTemplate\":\"https:\/\/blogs.uef.fi\/karjalanelvytys\/?s={search_term_string}\"},\"query-input\":{\"@type\":\"PropertyValueSpecification\",\"valueRequired\":true,\"valueName\":\"search_term_string\"}}],\"inLanguage\":\"fi\"}]}<\/script>\n<!-- \/ Yoast SEO plugin. -->","yoast_head_json":{"title":"Ki\u00e4nn\u00f6sseminuaran rastavankalenduaru - Karjalan kielen elvytt\u00e4minen","robots":{"index":"index","follow":"follow","max-snippet":"max-snippet:-1","max-image-preview":"max-image-preview:large","max-video-preview":"max-video-preview:-1"},"canonical":"https:\/\/blogs.uef.fi\/karjalanelvytys\/kiannosseminuaran-rastavankalenduaru\/","og_locale":"fi_FI","og_type":"article","og_title":"Ki\u00e4nn\u00f6sseminuaran rastavankalenduaru - Karjalan kielen elvytt\u00e4minen","og_description":"Ki\u00e4nn\u00f6sseminuaran rastavankalenduarah tulou joga p\u00e4ivi\u00e4 se-t\u00e4m\u00e4 sanondaine suomekse da karjalakse. Vuitti sanondazis on ki\u00e4nnetty suomesp\u00e4i karjalakse, toizet karjalasp\u00e4i suomekse. Kalenduaru vessel\u00e4h tabah ozuttau, gu er\u00e4h\u00e4t suomen da karjalan sanondat ollah samanjyttyzet, ga mollembis kielis on se\u017eo omua da \u010domua. Kalenduaras n\u00e4it, kuibo n\u00e4mm\u00e4 \u010domembatgi ki\u00e4nnyt\u00e4h l\u00e4h\u00e4zele sugukielele. Sanondastu on kalenduaras karjalan kaikil pi\u00e4murdehil. 1. ikkunaine [&hellip;]","og_url":"https:\/\/blogs.uef.fi\/karjalanelvytys\/kiannosseminuaran-rastavankalenduaru\/","og_site_name":"Karjalan kielen elvytt\u00e4minen","article_modified_time":"2023-12-22T06:55:18+00:00","og_image":[{"url":"https:\/\/blogs.uef.fi\/karjalanelvytys\/wp-content\/uploads\/sites\/155\/2023\/11\/bob-canning-r53rNKb_7s8-unsplash-1024x683.jpg","type":"","width":"","height":""}],"twitter_card":"summary_large_image","twitter_misc":{"Arvioitu lukuaika":"5 minuuttia"},"schema":{"@context":"https:\/\/schema.org","@graph":[{"@type":"WebPage","@id":"https:\/\/blogs.uef.fi\/karjalanelvytys\/kiannosseminuaran-rastavankalenduaru\/","url":"https:\/\/blogs.uef.fi\/karjalanelvytys\/kiannosseminuaran-rastavankalenduaru\/","name":"Ki\u00e4nn\u00f6sseminuaran rastavankalenduaru - Karjalan kielen elvytt\u00e4minen","isPartOf":{"@id":"https:\/\/blogs.uef.fi\/karjalanelvytys\/#website"},"primaryImageOfPage":{"@id":"https:\/\/blogs.uef.fi\/karjalanelvytys\/kiannosseminuaran-rastavankalenduaru\/#primaryimage"},"image":{"@id":"https:\/\/blogs.uef.fi\/karjalanelvytys\/kiannosseminuaran-rastavankalenduaru\/#primaryimage"},"thumbnailUrl":"https:\/\/blogs.uef.fi\/karjalanelvytys\/wp-content\/uploads\/sites\/155\/2023\/11\/bob-canning-r53rNKb_7s8-unsplash-1024x683.jpg","datePublished":"2023-12-01T06:34:24+00:00","dateModified":"2023-12-22T06:55:18+00:00","breadcrumb":{"@id":"https:\/\/blogs.uef.fi\/karjalanelvytys\/kiannosseminuaran-rastavankalenduaru\/#breadcrumb"},"inLanguage":"fi","potentialAction":[{"@type":"ReadAction","target":["https:\/\/blogs.uef.fi\/karjalanelvytys\/kiannosseminuaran-rastavankalenduaru\/"]}]},{"@type":"ImageObject","inLanguage":"fi","@id":"https:\/\/blogs.uef.fi\/karjalanelvytys\/kiannosseminuaran-rastavankalenduaru\/#primaryimage","url":"https:\/\/blogs.uef.fi\/karjalanelvytys\/wp-content\/uploads\/sites\/155\/2023\/11\/bob-canning-r53rNKb_7s8-unsplash-scaled.jpg","contentUrl":"https:\/\/blogs.uef.fi\/karjalanelvytys\/wp-content\/uploads\/sites\/155\/2023\/11\/bob-canning-r53rNKb_7s8-unsplash-scaled.jpg","width":2560,"height":1707},{"@type":"BreadcrumbList","@id":"https:\/\/blogs.uef.fi\/karjalanelvytys\/kiannosseminuaran-rastavankalenduaru\/#breadcrumb","itemListElement":[{"@type":"ListItem","position":1,"name":"Home","item":"https:\/\/blogs.uef.fi\/karjalanelvytys\/"},{"@type":"ListItem","position":2,"name":"Ki\u00e4nn\u00f6sseminuaran rastavankalenduaru"}]},{"@type":"WebSite","@id":"https:\/\/blogs.uef.fi\/karjalanelvytys\/#website","url":"https:\/\/blogs.uef.fi\/karjalanelvytys\/","name":"Karjalan kielen elvytt\u00e4minen","description":"","potentialAction":[{"@type":"SearchAction","target":{"@type":"EntryPoint","urlTemplate":"https:\/\/blogs.uef.fi\/karjalanelvytys\/?s={search_term_string}"},"query-input":{"@type":"PropertyValueSpecification","valueRequired":true,"valueName":"search_term_string"}}],"inLanguage":"fi"}]}},"_links":{"self":[{"href":"https:\/\/blogs.uef.fi\/karjalanelvytys\/wp-json\/wp\/v2\/pages\/13521","targetHints":{"allow":["GET"]}}],"collection":[{"href":"https:\/\/blogs.uef.fi\/karjalanelvytys\/wp-json\/wp\/v2\/pages"}],"about":[{"href":"https:\/\/blogs.uef.fi\/karjalanelvytys\/wp-json\/wp\/v2\/types\/page"}],"author":[{"embeddable":true,"href":"https:\/\/blogs.uef.fi\/karjalanelvytys\/wp-json\/wp\/v2\/users\/580"}],"replies":[{"embeddable":true,"href":"https:\/\/blogs.uef.fi\/karjalanelvytys\/wp-json\/wp\/v2\/comments?post=13521"}],"version-history":[{"count":2,"href":"https:\/\/blogs.uef.fi\/karjalanelvytys\/wp-json\/wp\/v2\/pages\/13521\/revisions"}],"predecessor-version":[{"id":14269,"href":"https:\/\/blogs.uef.fi\/karjalanelvytys\/wp-json\/wp\/v2\/pages\/13521\/revisions\/14269"}],"wp:attachment":[{"href":"https:\/\/blogs.uef.fi\/karjalanelvytys\/wp-json\/wp\/v2\/media?parent=13521"}],"curies":[{"name":"wp","href":"https:\/\/api.w.org\/{rel}","templated":true}]}}