{"id":13297,"date":"2023-11-08T10:01:40","date_gmt":"2023-11-08T08:01:40","guid":{"rendered":"https:\/\/blogs.uef.fi\/karjalanelvytys\/?page_id=13297"},"modified":"2023-11-08T10:01:41","modified_gmt":"2023-11-08T08:01:41","slug":"novellu-ilo-jiay-kiandanyh-elena-rapa","status":"publish","type":"page","link":"https:\/\/blogs.uef.fi\/karjalanelvytys\/novellu-ilo-jiay-kiandanyh-elena-rapa\/","title":{"rendered":"Novellu: Ilo ji\u00e4y (ki\u00e4nd\u00e4nyh Elena Rapa)"},"content":{"rendered":"\n<p>Kielentarkistus: <strong>Olga Karlova<\/strong>, karjalan opettaja, kielentarkistaja ja k\u00e4\u00e4nt\u00e4j\u00e4<\/p>\n\n\n\n<p><a href=\"https:\/\/minervapiha.net\/novellit\/ilo-jaa\">Linku suomenkielizeh l\u00e4ht\u00f6tekstah.<\/a><\/p>\n\n\n\n<p>Kon\u0161a mie l\u00e4ksin tuonilmasih, Ilo ei en\u00e4mpi tahton m\u00e4nn\u00e4 harjotuk\u0161ih.<\/p>\n\n\n\n<p>Kon\u0161a kenki vet vei h\u00e4net treenil\u00f6ih, ka hi\u00e4n vain istu \u0161alin per\u00e4ll\u00e4 jumppapallojen ke\u0161e\u0161\u0161\u00e4 eik\u00e4 tahton n\u00e4ytt\u00e4yty\u00f6 \u0161ini, kuni paikalla oli toisie lap\u0161ie.<\/p>\n\n\n\n<p>Kak\u0161i kuukautta miun kuoloman j\u00e4lkeh Ilon harjotuk\u0161ih tuli uu\u0161i opa\u0161taja, priha, kumpani pakasi hil\u2019l\u2019asella i\u00e4nell\u00e4. Ilo peitt\u00e4yty \u0161yvemp\u00e4h pallojen \u0161ekah.<\/p>\n\n\n\n<p>Nuori priha, kumpaista ku\u010duttih Jani, maltto opa\u0161tua. Tukie tai juohattua, pisy\u00f6 tirpa\u010d\u010duna, kiitty\u00e4 oikie\u0161\u0161a kohti. Lap\u0161et ke\u0161kityttih ta \u0161uu heil\u00e4 muhua pani minnih va\u0161\u0161uk\u0161en j\u00e4lkehki, kun Jani kyykisty lap\u0161en ta\u0161olla rohka\u0161\u0161uttamah.<\/p>\n\n\n\n<p>En\u0161imm\u00e4isen treenikerran lopuk\u0161i opa\u0161tajan apuniekat juohatettih pulpettajua lap\u0161ijoukkuo poike\u0161 \u0161alista \u0161uoriutumistiloih. \u0160ein\u00e4n viereh ker\u00e4tyt pallot pisyttih liikkumattomina. Jani issahti lattiella muutoman metrin pi\u00e4h palloloista. Kotvasen hi\u00e4n istu hil\u2019l\u2019akkaiseh ta vuotti. Loppusella yk\u0161i palloloista lekahti, puitto \u0161en takana olija lap\u0161i olis hava\u010d\u010dautun huomuamah l\u00e4hell\u00e4 tulluon tuntomattoman. Pienet ki\u00e4t ei \u0161uatu palluo \u0161eisattumah, vain \u0161e vier\u00e4hti toista va\u0161\u0161en ta \u0161iit\u00e4 valu Janih p\u00e4in. Jani otti \u0161en kiini.<\/p>\n\n\n\n<p>\u2018\u2019Toi\u010d\u010di n\u00e4m\u00e4 pua\u0161\u0161iuvutah poike\u0161 k\u00e4sist\u00e4\u2019\u2019, Jani \u0161ano ta nousi. Hi\u00e4n vieretti pallon j\u00e4lell\u00e4h \u0161iih paikkah, ku\u0161ta \u0161e oli l\u00e4htenki. Pallo ei tahton vakautuo vain kaiken aikua py\u00f6ri mihnih \u0161uuntah. \u2018\u2019Niit\u00e4 on toi\u010d\u010di ylen jykie \u0161uaha pisym\u00e4h paikallah. Puitto niill\u00e4 ei olis ollenkana mit\u00e4n\u00e4 paikkua. \u0160iit\u00e4hki yksin \u0161e on aivin mahotointa.\u2019\u2019<\/p>\n\n\n\n<p>Ilo ei voinun olla ka\u010d\u010domatta, mitein Jani kuotteli yh\u00e4 uuve\u0161tah pietty\u00e4 pallon kulek\u0161entelentua en\u0161im\u00e4isek\u0161i yhteh ta \u0161iit\u00e4 toiseh \u0161uuluh.<\/p>\n\n\n\n<p>\u2018\u2019Annatko miula \u0161ielt\u00e4 \u0161en vihrien pallon?\u2019\u2019 Jani lopu\u0161kalla pyyti.<\/p>\n\n\n\n<p>Ilo ka\u010dahti vierell\u00e4h. Hi\u00e4n istu ju\u0161tih \u0161iin\u00e4, vihrien pallon takuana. Hi\u00e4n eikkai\u010d\u010di. Kun pallo ei en\u00e4mpi olis \u0161iin\u00e4, eih\u00e4n h\u00e4nell\u00e4 en\u00e4mpi olis kunne m\u00e4nn\u00e4 peittoh.<\/p>\n\n\n\n<p>\u2018\u2019T\u00e4m\u00e4 miun pallo onnakko l\u00f6yt\u00e4y oman paikan, kun vain \u0161e vihrie tulis t\u00e4nne viereh\u2019\u2019, Jani \u0161ano.<\/p>\n\n\n\n<p>Ilo kepieseh \u010dujahutti vihriet\u00e4 palluo ta no\u0161ti polvet rintua va\u0161\u0161en \u0161uojak\u0161i. Pallo py\u00f6r\u00e4hti Janin luo, ta Jani rupei ottamah \u0161it\u00e4 kiini. Hi\u00e4n a\u0161etteli pallot vierekk\u00e4h \u0161einy\u00e4 va\u0161\u0161en ta muhahti nakramah, kun ne pisyttih \u0161iin\u00e4.<\/p>\n\n\n\n<p>Iloki muhi, ihan vain puolella \u0161uulla.<\/p>\n\n\n\n<p>\u2018\u2019Ei ole kiireht\u00e4\u2019\u2019, Jani \u0161ano. Hi\u00e4n ka\u010dahti \u0161alin ovi\u010duppuh. Paikka oli hillentyn, toiset lap\u0161et oltih l\u00e4hetty.<\/p>\n\n\n\n<p>Ilo \u0161ep\u00e4si polvieh. \u0160iit\u00e4 hi\u00e4n ka\u010d\u010do Janih.<\/p>\n\n\n\n<p>\u2018\u2019Mie oikie\u0161tah olisin tahton opa\u0161tuo \u0161iih \u2013 \u0161iih mit\u00e4 ty\u00f6 t\u00e4n\u00e4pi\u00e4n\u00e4 opa\u0161\u0161uitta\u2019\u2019, \u010duhkai hi\u00e4n viimesell\u00e4.<\/p>\n\n\n\n<p>\u2018\u2019Tahotko jotta opa\u0161\u0161an?\u2019\u2019 Jani ky\u0161y.<\/p>\n\n\n\n<p>Ilo tua\u0161\u0161en eikkai\u010d\u010di. \u2018\u2019Ka \u0161e on vessel\u00e4.\u2019\u2019<\/p>\n\n\n\n<p>Lap\u0161en i\u00e4ni oli hil\u2019l\u2019ani ta k\u00e4hie monen net\u00e4lin hil\u2019l\u2019asuon j\u00e4lkie. Janilla piti tulla l\u00e4hemm\u00e4k\u0161i.<\/p>\n\n\n\n<p>\u2018\u2019Mi, opa\u0161\u0161unta?\u2019\u2019<\/p>\n\n\n\n<p>\u2018\u2019Harjottelu.\u2019\u2019 \u010cuhkau\u0161 tuli puitto nyy\u010dkytyk\u0161en\u00e4 Ilon \u0161i\u00e4me\u0161t\u00e4.<\/p>\n\n\n\n<p>\u2018\u2019\u0160en kuuluu olla vessel\u00e4\u2019\u2019, Jani \u0161ano.<\/p>\n\n\n\n<p>\u2018\u2019Miula ei \u0161ua olla vessely\u00e4\u2019\u2019, \u0161ano Ilo ta la\u0161ki ka\u010d\u010dehen lattieh.<\/p>\n\n\n\n<p>\u2018\u2019\u0160iun muamonko takie?\u2019\u2019, ky\u0161y Jani.<\/p>\n\n\n\n<p>Ilo ei kummek\u0161in, mist\u00e4 Jani tiesi. Lap\u0161et ei smietitty \u0161emmosie, hy\u00f6 arveltih, jotta aikuhiset tiijet\u00e4h \u0161en, min hy\u00f6ki tiijettih. Hi\u00e4n mutkasi pi\u00e4ll\u00e4h.<\/p>\n\n\n\n<p>\u2018\u2019Mie smietin, mint\u00e4h \u0161iun vanhemmat annettih \u0161iula \u0161iun nimen\u2019\u2019, pehmie\u0161ti \u0161ano Jani.<\/p>\n\n\n\n<p>\u2018\u2019Hy\u00f6 tahottih, jotta mie olen iloni\u2019\u2019, Ilo \u0161ano. Mie muhin. Olima paissun t\u00e4\u0161t\u00e4 niin \u00e4ij\u00e4 kertua. Ilo hilleni, \u0161ilmih nousi tuttava smiettilij\u00e4ini ilme, \u0161e kummaista en ollun n\u00e4hnyn yli kahteh kuukauteh. \u2018\u2019Ho\u0161 muamo \u0161iirtyki tuonilmasih?\u2019\u2019 hi\u00e4n ky\u0161y.<\/p>\n\n\n\n<p>Jani heilahutti pi\u00e4t\u00e4h my\u00f6nty\u00f6n. Ilo istu viel\u00e4 kotvasen ta smietti. \u0160iit\u00e4 hi\u00e4n nousi yl\u00f6\u0161.<\/p>\n\n\n\n<p>\u2018\u2019Ka opa\u0161\u0161a.\u2019\u2019<\/p>\n\n\n\n<p>Ilo j\u00e4i, kun mie l\u00e4ksin.<\/p>\n","protected":false},"excerpt":{"rendered":"<p>Kielentarkistus: Olga Karlova, karjalan opettaja, kielentarkistaja ja k\u00e4\u00e4nt\u00e4j\u00e4 Linku suomenkielizeh l\u00e4ht\u00f6tekstah. Kon\u0161a mie l\u00e4ksin tuonilmasih, Ilo ei en\u00e4mpi tahton m\u00e4nn\u00e4 harjotuk\u0161ih. Kon\u0161a kenki vet vei h\u00e4net treenil\u00f6ih, ka hi\u00e4n vain istu \u0161alin per\u00e4ll\u00e4 jumppapallojen ke\u0161e\u0161\u0161\u00e4 eik\u00e4 tahton n\u00e4ytt\u00e4yty\u00f6 \u0161ini, kuni paikalla oli toisie lap\u0161ie. Kak\u0161i kuukautta miun kuoloman j\u00e4lkeh Ilon harjotuk\u0161ih tuli uu\u0161i opa\u0161taja, priha, [&hellip;]<\/p>\n","protected":false},"author":580,"featured_media":0,"parent":0,"menu_order":0,"comment_status":"closed","ping_status":"closed","template":"","meta":{"_acf_changed":false,"footnotes":""},"class_list":["post-13297","page","type-page","status-publish","hentry"],"acf":[],"yoast_head":"<!-- This site is optimized with the Yoast SEO plugin v27.1.1 - https:\/\/yoast.com\/product\/yoast-seo-wordpress\/ -->\n<title>Novellu: Ilo ji\u00e4y (ki\u00e4nd\u00e4nyh Elena Rapa) - Karjalan kielen elvytt\u00e4minen<\/title>\n<meta name=\"robots\" content=\"index, follow, max-snippet:-1, max-image-preview:large, max-video-preview:-1\" \/>\n<link rel=\"canonical\" href=\"https:\/\/blogs.uef.fi\/karjalanelvytys\/novellu-ilo-jiay-kiandanyh-elena-rapa\/\" \/>\n<meta property=\"og:locale\" content=\"fi_FI\" \/>\n<meta property=\"og:type\" content=\"article\" \/>\n<meta property=\"og:title\" content=\"Novellu: Ilo ji\u00e4y (ki\u00e4nd\u00e4nyh Elena Rapa) - Karjalan kielen elvytt\u00e4minen\" \/>\n<meta property=\"og:description\" content=\"Kielentarkistus: Olga Karlova, karjalan opettaja, kielentarkistaja ja k\u00e4\u00e4nt\u00e4j\u00e4 Linku suomenkielizeh l\u00e4ht\u00f6tekstah. Kon\u0161a mie l\u00e4ksin tuonilmasih, Ilo ei en\u00e4mpi tahton m\u00e4nn\u00e4 harjotuk\u0161ih. Kon\u0161a kenki vet vei h\u00e4net treenil\u00f6ih, ka hi\u00e4n vain istu \u0161alin per\u00e4ll\u00e4 jumppapallojen ke\u0161e\u0161\u0161\u00e4 eik\u00e4 tahton n\u00e4ytt\u00e4yty\u00f6 \u0161ini, kuni paikalla oli toisie lap\u0161ie. Kak\u0161i kuukautta miun kuoloman j\u00e4lkeh Ilon harjotuk\u0161ih tuli uu\u0161i opa\u0161taja, priha, [&hellip;]\" \/>\n<meta property=\"og:url\" content=\"https:\/\/blogs.uef.fi\/karjalanelvytys\/novellu-ilo-jiay-kiandanyh-elena-rapa\/\" \/>\n<meta property=\"og:site_name\" content=\"Karjalan kielen elvytt\u00e4minen\" \/>\n<meta property=\"article:modified_time\" content=\"2023-11-08T08:01:41+00:00\" \/>\n<meta name=\"twitter:card\" content=\"summary_large_image\" \/>\n<meta name=\"twitter:label1\" content=\"Arvioitu lukuaika\" \/>\n\t<meta name=\"twitter:data1\" content=\"4 minuuttia\" \/>\n<script type=\"application\/ld+json\" class=\"yoast-schema-graph\">{\"@context\":\"https:\/\/schema.org\",\"@graph\":[{\"@type\":\"WebPage\",\"@id\":\"https:\/\/blogs.uef.fi\/karjalanelvytys\/novellu-ilo-jiay-kiandanyh-elena-rapa\/\",\"url\":\"https:\/\/blogs.uef.fi\/karjalanelvytys\/novellu-ilo-jiay-kiandanyh-elena-rapa\/\",\"name\":\"Novellu: Ilo ji\u00e4y (ki\u00e4nd\u00e4nyh Elena Rapa) - Karjalan kielen elvytt\u00e4minen\",\"isPartOf\":{\"@id\":\"https:\/\/blogs.uef.fi\/karjalanelvytys\/#website\"},\"datePublished\":\"2023-11-08T08:01:40+00:00\",\"dateModified\":\"2023-11-08T08:01:41+00:00\",\"breadcrumb\":{\"@id\":\"https:\/\/blogs.uef.fi\/karjalanelvytys\/novellu-ilo-jiay-kiandanyh-elena-rapa\/#breadcrumb\"},\"inLanguage\":\"fi\",\"potentialAction\":[{\"@type\":\"ReadAction\",\"target\":[\"https:\/\/blogs.uef.fi\/karjalanelvytys\/novellu-ilo-jiay-kiandanyh-elena-rapa\/\"]}]},{\"@type\":\"BreadcrumbList\",\"@id\":\"https:\/\/blogs.uef.fi\/karjalanelvytys\/novellu-ilo-jiay-kiandanyh-elena-rapa\/#breadcrumb\",\"itemListElement\":[{\"@type\":\"ListItem\",\"position\":1,\"name\":\"Home\",\"item\":\"https:\/\/blogs.uef.fi\/karjalanelvytys\/\"},{\"@type\":\"ListItem\",\"position\":2,\"name\":\"Novellu: Ilo ji\u00e4y (ki\u00e4nd\u00e4nyh Elena Rapa)\"}]},{\"@type\":\"WebSite\",\"@id\":\"https:\/\/blogs.uef.fi\/karjalanelvytys\/#website\",\"url\":\"https:\/\/blogs.uef.fi\/karjalanelvytys\/\",\"name\":\"Karjalan kielen elvytt\u00e4minen\",\"description\":\"\",\"potentialAction\":[{\"@type\":\"SearchAction\",\"target\":{\"@type\":\"EntryPoint\",\"urlTemplate\":\"https:\/\/blogs.uef.fi\/karjalanelvytys\/?s={search_term_string}\"},\"query-input\":{\"@type\":\"PropertyValueSpecification\",\"valueRequired\":true,\"valueName\":\"search_term_string\"}}],\"inLanguage\":\"fi\"}]}<\/script>\n<!-- \/ Yoast SEO plugin. -->","yoast_head_json":{"title":"Novellu: Ilo ji\u00e4y (ki\u00e4nd\u00e4nyh Elena Rapa) - Karjalan kielen elvytt\u00e4minen","robots":{"index":"index","follow":"follow","max-snippet":"max-snippet:-1","max-image-preview":"max-image-preview:large","max-video-preview":"max-video-preview:-1"},"canonical":"https:\/\/blogs.uef.fi\/karjalanelvytys\/novellu-ilo-jiay-kiandanyh-elena-rapa\/","og_locale":"fi_FI","og_type":"article","og_title":"Novellu: Ilo ji\u00e4y (ki\u00e4nd\u00e4nyh Elena Rapa) - Karjalan kielen elvytt\u00e4minen","og_description":"Kielentarkistus: Olga Karlova, karjalan opettaja, kielentarkistaja ja k\u00e4\u00e4nt\u00e4j\u00e4 Linku suomenkielizeh l\u00e4ht\u00f6tekstah. Kon\u0161a mie l\u00e4ksin tuonilmasih, Ilo ei en\u00e4mpi tahton m\u00e4nn\u00e4 harjotuk\u0161ih. Kon\u0161a kenki vet vei h\u00e4net treenil\u00f6ih, ka hi\u00e4n vain istu \u0161alin per\u00e4ll\u00e4 jumppapallojen ke\u0161e\u0161\u0161\u00e4 eik\u00e4 tahton n\u00e4ytt\u00e4yty\u00f6 \u0161ini, kuni paikalla oli toisie lap\u0161ie. Kak\u0161i kuukautta miun kuoloman j\u00e4lkeh Ilon harjotuk\u0161ih tuli uu\u0161i opa\u0161taja, priha, [&hellip;]","og_url":"https:\/\/blogs.uef.fi\/karjalanelvytys\/novellu-ilo-jiay-kiandanyh-elena-rapa\/","og_site_name":"Karjalan kielen elvytt\u00e4minen","article_modified_time":"2023-11-08T08:01:41+00:00","twitter_card":"summary_large_image","twitter_misc":{"Arvioitu lukuaika":"4 minuuttia"},"schema":{"@context":"https:\/\/schema.org","@graph":[{"@type":"WebPage","@id":"https:\/\/blogs.uef.fi\/karjalanelvytys\/novellu-ilo-jiay-kiandanyh-elena-rapa\/","url":"https:\/\/blogs.uef.fi\/karjalanelvytys\/novellu-ilo-jiay-kiandanyh-elena-rapa\/","name":"Novellu: Ilo ji\u00e4y (ki\u00e4nd\u00e4nyh Elena Rapa) - Karjalan kielen elvytt\u00e4minen","isPartOf":{"@id":"https:\/\/blogs.uef.fi\/karjalanelvytys\/#website"},"datePublished":"2023-11-08T08:01:40+00:00","dateModified":"2023-11-08T08:01:41+00:00","breadcrumb":{"@id":"https:\/\/blogs.uef.fi\/karjalanelvytys\/novellu-ilo-jiay-kiandanyh-elena-rapa\/#breadcrumb"},"inLanguage":"fi","potentialAction":[{"@type":"ReadAction","target":["https:\/\/blogs.uef.fi\/karjalanelvytys\/novellu-ilo-jiay-kiandanyh-elena-rapa\/"]}]},{"@type":"BreadcrumbList","@id":"https:\/\/blogs.uef.fi\/karjalanelvytys\/novellu-ilo-jiay-kiandanyh-elena-rapa\/#breadcrumb","itemListElement":[{"@type":"ListItem","position":1,"name":"Home","item":"https:\/\/blogs.uef.fi\/karjalanelvytys\/"},{"@type":"ListItem","position":2,"name":"Novellu: Ilo ji\u00e4y (ki\u00e4nd\u00e4nyh Elena Rapa)"}]},{"@type":"WebSite","@id":"https:\/\/blogs.uef.fi\/karjalanelvytys\/#website","url":"https:\/\/blogs.uef.fi\/karjalanelvytys\/","name":"Karjalan kielen elvytt\u00e4minen","description":"","potentialAction":[{"@type":"SearchAction","target":{"@type":"EntryPoint","urlTemplate":"https:\/\/blogs.uef.fi\/karjalanelvytys\/?s={search_term_string}"},"query-input":{"@type":"PropertyValueSpecification","valueRequired":true,"valueName":"search_term_string"}}],"inLanguage":"fi"}]}},"_links":{"self":[{"href":"https:\/\/blogs.uef.fi\/karjalanelvytys\/wp-json\/wp\/v2\/pages\/13297","targetHints":{"allow":["GET"]}}],"collection":[{"href":"https:\/\/blogs.uef.fi\/karjalanelvytys\/wp-json\/wp\/v2\/pages"}],"about":[{"href":"https:\/\/blogs.uef.fi\/karjalanelvytys\/wp-json\/wp\/v2\/types\/page"}],"author":[{"embeddable":true,"href":"https:\/\/blogs.uef.fi\/karjalanelvytys\/wp-json\/wp\/v2\/users\/580"}],"replies":[{"embeddable":true,"href":"https:\/\/blogs.uef.fi\/karjalanelvytys\/wp-json\/wp\/v2\/comments?post=13297"}],"version-history":[{"count":1,"href":"https:\/\/blogs.uef.fi\/karjalanelvytys\/wp-json\/wp\/v2\/pages\/13297\/revisions"}],"predecessor-version":[{"id":13300,"href":"https:\/\/blogs.uef.fi\/karjalanelvytys\/wp-json\/wp\/v2\/pages\/13297\/revisions\/13300"}],"wp:attachment":[{"href":"https:\/\/blogs.uef.fi\/karjalanelvytys\/wp-json\/wp\/v2\/media?parent=13297"}],"curies":[{"name":"wp","href":"https:\/\/api.w.org\/{rel}","templated":true}]}}