{"id":13117,"date":"2023-11-01T11:02:12","date_gmt":"2023-11-01T09:02:12","guid":{"rendered":"https:\/\/blogs.uef.fi\/karjalanelvytys\/?page_id=13117"},"modified":"2023-11-01T11:02:12","modified_gmt":"2023-11-01T09:02:12","slug":"skumbria-suomenkielinen-alkuteksti","status":"publish","type":"page","link":"https:\/\/blogs.uef.fi\/karjalanelvytys\/skumbria-suomenkielinen-alkuteksti\/","title":{"rendered":"Skumbria (suomenkielinen alkuteksti)"},"content":{"rendered":"\n<p>Putkimiehi\u00e4 oli kaksi. Niit\u00e4 n\u00e4ytti olevan esimies ja oppipoika, niin kuin siin\u00e4 vitsiss\u00e4, jossa putkimies sukeltaa ulos viem\u00e4rikaivosta ja sanoo apupojalle: \u201dOta oppia, muuten joudut koko ik\u00e4si seisomaan kaivon reunalla ja ojentamaan jakoavaimia.\u201d<\/p>\n\n\n\n<p>\u201dTeill\u00e4k\u00f6 se vessa\u201d, sanoi vanhempi mies.<\/p>\n\n\n\n<p>\u201dOn t\u00e4\u00e4ll\u00e4 muutakin.\u201d<\/p>\n\n\n\n<p>\u00c4ij\u00e4t marssivat kylpp\u00e4riin.<\/p>\n\n\n\n<p>\u201dEi perkele! T\u00e4\u00e4ll\u00e4h\u00e4n on s\u00e4ili\u00f6 rikki. Onko sulla uusi?\u201d<\/p>\n\n\n\n<p>\u201dNo ei tosiaankaan. Eik\u00f6 se ole teid\u00e4n hommia. Min\u00e4 maksan.\u201d<\/p>\n\n\n\n<p>\u201dEi meill\u00e4 ole autoa.\u201d<\/p>\n\n\n\n<p>\u201dKirjoita t\u00e4h\u00e4n, millainen tarvitaan\u201d, ojensin paperilapun ja kyn\u00e4n.<\/p>\n\n\n\n<p>Mies raapusti jotain numeroita lappuun ja k\u00e4ski n\u00e4ytt\u00e4m\u00e4\u00e4n kaupassa.<\/p>\n\n\n\n<p>\u201dMeretskovinkadulla niit\u00e4 on\u201d, h\u00e4n sanoi. \u201dNiin ja muista letku, tuo on ihan s\u00f6k\u00f6. Tullaan illalla. Se tekee sitten tonnin.\u201d<\/p>\n\n\n\n<p>\u201dEnt\u00e4s hanat. Ne vuotaa.\u201d<\/p>\n\n\n\n<p>\u00c4ij\u00e4 py\u00f6ritteli hanaa ja rupesi ruuvaamaan p\u00e4\u00e4putken venttiili\u00e4 kiinni. Kuului poksahdus ja vesisuihku iski putkesta suorassa kulmassa vastakkaiseen sein\u00e4\u00e4n.<\/p>\n\n\n\n<p>\u201dVenttiili viel\u00e4. Ja oikeastaan hanakin pit\u00e4isi vaihtaa.\u201d<\/p>\n\n\n\n<p>Putkimies k\u00e4ski apupoikaa pit\u00e4m\u00e4\u00e4n painetta kurissa ja k\u00e4veli pois.<\/p>\n\n\n\n<p>\u201dPist\u00e4n veden poikki kellarista\u201d, h\u00e4n heitti olan yli.<\/p>\n\n\n\n<p>Apupoika k\u00e4\u00e4ri kuminauhaa puhjenneen venttiilin ymp\u00e4ri ja yritti pid\u00e4tell\u00e4 vett\u00e4. Suihkun h\u00e4n sai taltutettua, mutta vesi virtasi h\u00e4nen k\u00e4siens\u00e4 alta suoraan hihoihin. Lattialla oli jo melkoinen lammikko. Ottelin vett\u00e4 r\u00e4till\u00e4 mink\u00e4 kerkesin ja pusersin ammeeseen. Vihdoin veden tulo lakkasi.<\/p>\n\n\n\n<p>H\u00e4n ravisteli m\u00e4rki\u00e4 k\u00e4si\u00e4\u00e4n, kuivasi niit\u00e4 v\u00e4h\u00e4n persuksiin ja kaivoi puseron rintataskusta savukeaskin. Se oli likim\u00e4rk\u00e4.<\/p>\n\n\n\n<p>Kutsuin pojan keitti\u00f6\u00f6n ja tarjosin tupakan. S\u00e4tk\u00e4t paloivat loppuun, mestaria ei n\u00e4kynyt.<\/p>\n\n\n\n<p>\u201dEik\u00f6 se l\u00f6yd\u00e4 takaisin?\u201d huolestuin.<\/p>\n\n\n\n<p>\u201dL\u00f6yt\u00e4\u00e4 se. Meni varmaan kauppaan. Min\u00e4kin l\u00e4hden t\u00e4st\u00e4, ei t\u00e4\u00e4ll\u00e4 nyt muuta tekemist\u00e4 ole.\u201d<br>Poika h\u00e4ipyi. Tuijotin h\u00e4vityst\u00e4 ja mietin, mahtoiko vesi pilata alakerran asunnon kylpp\u00e4rin katon. Ja kuka maksaisi.<\/p>\n\n\n\n<p>Soitin Sep\u00e4lle. H\u00e4n lupasi tulla. Samassa soitti Katri.<\/p>\n\n\n\n<p>H\u00e4n oli huolissaan siell\u00e4. Sanoi, ett\u00e4 vierell\u00e4ni kulkee koko ajan kuoleman varjo. Ett\u00e4 ymm\u00e4rsink\u00f6 ollenkaan, ett\u00e4 poltin el\u00e4m\u00e4ni lankaa ja lujaa. En tajunnut, mist\u00e4 h\u00e4n oli saanut tuollaisia ajatuksia. Aika mystikkoja nuo naiset. H\u00e4n oli tulossa pelastamaan minua. Min\u00e4 taas pelk\u00e4sin, ett\u00e4 h\u00e4nen tulisi t\u00e4\u00e4ll\u00e4 paha olla, vieraassa maassa, ilman kielt\u00e4 ja yst\u00e4vi\u00e4. Mutta minullahan oli aika paljon kontakteja. Vai oliko niit\u00e4 loppujen lopuksi. Tulisiko Katri kenties mustasukkaiseksi. Samoin min\u00e4kin ehk\u00e4 Suomessa tulisin. Halusinko min\u00e4 Suomeen? Jostain syyst\u00e4 ajatus tuntui nololta, mutta eik\u00f6 se ollut kuitenkin totta. Sanoin ett\u00e4 homma oli hanskassa, h\u00e4nen ei tarvinnut olla huolissaan. Kerroin my\u00f6s asunnosta.<\/p>\n\n\n\n<p>\u201dP\u00e4rj\u00e4\u00e4tk\u00f6 varmasti t\u00e4\u00e4ll\u00e4?\u201d<\/p>\n\n\n\n<p>Katri vakuutti, ett\u00e4 kyll\u00e4 h\u00e4n p\u00e4rj\u00e4isi, kunhan en j\u00e4tt\u00e4isi h\u00e4nt\u00e4 yksin.<\/p>\n\n\n\n<p>\u201dEnh\u00e4n min\u00e4 sinua j\u00e4t\u00e4. Kohta n\u00e4hd\u00e4\u00e4n, ei ole kuin viikko en\u00e4\u00e4. Soittele sitten, kun tied\u00e4t tarkkaan. Olen Pietarissa vastassa sitten. Ovikello soi. Suukkoja.\u201d<\/p>\n\n\n\n<p>Sepp\u00e4 seisoi kynnyksell\u00e4 ja odotti kunnes pukeuduin.<\/p>\n\n\n\n<p>\u201dMenn\u00e4\u00e4n sun autolla. Ei me saada niit\u00e4 pyttyj\u00e4 py\u00f6r\u00e4ll\u00e4 t\u00e4nne\u201d, h\u00e4n sanoi. \u201dMilloin ne lupasi tulla.\u201d<\/p>\n\n\n\n<p>\u201dTy\u00f6p\u00e4iv\u00e4n j\u00e4lkeen.\u201d<\/p>\n\n\n\n<p>\u201dPit\u00e4isi ehk\u00e4 hakea ty\u00f6kalut pajalta kaiken varalta. Ne tekee kuitenkin jotain v\u00e4\u00e4rin.\u201d<\/p>\n\n\n\n<p>Kun ajoimme pihalta kadulle, trollipys\u00e4kin kohdalla jokin kolahti asfalttiin, kuului kirskunaa ja auto pys\u00e4htyi kuin kompastuen, vaikka moottori ulvoi. Sepp\u00e4 hypp\u00e4si autosta tielle ja kurkisti alle.<\/p>\n\n\n\n<p>\u201dPakoputki irtosi keskelt\u00e4\u201d, h\u00e4n huusi. \u201dSe on tiess\u00e4 kiinni ja ihan rutussa. Pit\u00e4\u00e4 hitsata.\u201d<\/p>\n\n\n\n<p>\u201dVittujen vittujen vittu.\u201d<\/p>\n\n\n\n<p>\u201dKyll\u00e4 t\u00e4m\u00e4 t\u00e4st\u00e4. Kello on vasta kaksitoista. Jos saadaan auto perille, pari tuntia riitt\u00e4\u00e4.\u201d<\/p>\n\n\n\n<p>H\u00e4n l\u00e4hti hakemaan py\u00f6r\u00e4\u00e4. Isolla sivuvaunullisella Uralilla pystyi hinaamaan. H\u00e4n ry\u00f6mi auton alle ja kiinnitti irronneen putken rautalangalla alustaan. Kun p\u00e4\u00e4stiin tielt\u00e4 pois, kaikki sujui hienosti. Sepp\u00e4 ajoi hiljakseen py\u00f6r\u00e4ll\u00e4, min\u00e4 ohjasin autoa.<\/p>\n\n\n\n<p>Sep\u00e4n paja oli pitk\u00e4ss\u00e4 autotalliriviss\u00e4, vanhan louhoksen vieress\u00e4. H\u00e4nell\u00e4 oli kaksi boksia, toisessa h\u00e4n teki \u201dlikaista\u201d ty\u00f6t\u00e4, hitsausta ja moottorien korjausta. Hienommille t\u00f6ill\u00e4 h\u00e4nell\u00e4 oli vieress\u00e4 toinen boksi, siell\u00e4 h\u00e4n takoi miekkoja ja korjasi pyssyj\u00e4.<\/p>\n\n\n\n<p>Perill\u00e4 ty\u00f6nsimme auton kuopalle ja Sepp\u00e4 meni alas.<\/p>\n\n\n\n<p>\u201dNo joo, rauta poikki. Kyll\u00e4 t\u00e4st\u00e4 viel\u00e4 kalu saadaan. Mene etsim\u00e4\u00e4n sit\u00e4 s\u00e4ili\u00f6t\u00e4. Osta kaikki ja soita mulle, ett\u00e4 tied\u00e4n mihin tulla hakemaan. T\u00e4\u00e4 on kolmeksi valmis.\u201d<\/p>\n\n\n\n<p>K\u00e4velin pys\u00e4kille ja ajoin trollikalla putkimiesten neuvomaan rautakauppaan. Myyj\u00e4 py\u00f6ritteli lappua ja p\u00e4\u00e4t\u00e4\u00e4n: \u201dEnsi viikolla tulee t\u00e4llaisia.\u201d<\/p>\n\n\n\n<p>Kauppojen kiert\u00e4minen k\u00e4vi ty\u00f6st\u00e4. Tarvittava s\u00e4ili\u00f6 l\u00f6ytyi pikkuruisesta kellarikaupasta, miss\u00e4 putket ja raudat olivat kaatua asiakkaan p\u00e4\u00e4lle. Samasta paikasta sain my\u00f6s venttiilin, s\u00e4ili\u00f6n letkun ja kylpyhuoneen hanan. Kello oli puoli kolme. Soitin Sep\u00e4lle.<\/p>\n\n\n\n<p>Sepp\u00e4 vastasi iloisella \u00e4\u00e4nell\u00e4. H\u00e4n oli jo saanut auton valmiiksi, h\u00e4nell\u00e4 oli siell\u00e4 seuraa, joku asiakas oli tuonut pullon konjakkia.<\/p>\n\n\n\n<p>\u201dPystyts\u00e4 ajamaan? Mulla on nyt kaikki n\u00e4\u00e4 p\u00f6nt\u00f6t t\u00e4ss\u00e4 kainalossa.\u201d<\/p>\n\n\n\n<p>Vartin p\u00e4\u00e4st\u00e4 Sepp\u00e4 viuhahti oven eteen.<\/p>\n\n\n\n<p>\u201dUudelle pytylle!\u201d h\u00e4n hihkaisi ja veti taskustaan korkatun konjakkipullon. Putkimiehet tulivat kuudelta. He kolistelivat vessassa tunnin verran, sill\u00e4 aikaa ehdimme korkata Sep\u00e4n kanssa Stolit\u0161najan. Mestari tuli keitti\u00f6\u00f6n naama paistaen:<\/p>\n\n\n\n<p>\u201dValmista tuli, is\u00e4nt\u00e4. Tuhat ruplaa.\u201d<\/p>\n\n\n\n<p>Vilkaisin Sepp\u00e4\u00e4n.<\/p>\n\n\n\n<p>\u201dMit\u00e4\u201d, t\u00e4m\u00e4 h\u00f6lmistyi.<\/p>\n\n\n\n<p>\u201dRahat loppu.\u201d<\/p>\n\n\n\n<p>\u201dVoihan perhana\u201d, h\u00e4n mutisi ja kaiveli taskujaan. \u201dJaa, seh\u00e4n toi konjakin lis\u00e4ksi muutaman tonnin siit\u00e4 tikarista.\u201d<\/p>\n\n\n\n<p>H\u00e4n veti murjotut setelit taskustaan ja poimi niiden seasta kaksi violettia viisisatasta.<\/p>\n\n\n\n<p>\u201dOisko tupakkaa\u201d, vanhempi putkimies sanoi ja nappasi rahat p\u00f6yd\u00e4lt\u00e4.<\/p>\n\n\n\n<p>Ojensin h\u00e4nelle askin, \u00e4ij\u00e4 otti savukkeen, pisti sen korvan taakse talteen, otti toisen, sytytti sen, mutta ei l\u00e4htenyt minnek\u00e4\u00e4n. Kesti hetken hiljaisuutta, ennen kuin tajusin.<\/p>\n\n\n\n<p>\u201dOttaako apupoikakin?\u201d<\/p>\n\n\n\n<p>\u201dH\u00e4n ei juo.\u201d<\/p>\n\n\n\n<p>Iskin silm\u00e4\u00e4 pojalle ja kaadoin mestarille puoli juomalasillista viinaa. Tuijotin ahnaasti liikkuvaa aataminomenaa.<\/p>\n\n\n\n<p>Kun putkimiehet viimeinkin h\u00e4ipyiv\u00e4t, menin katsomaan. Siivo oli taas hirvitt\u00e4v\u00e4. Kokeilin hanoja, molemmat toimivat hyvin. Halusin vet\u00e4\u00e4 kokeeksi uuden s\u00e4ili\u00f6n nupista, mutta edess\u00e4 oli letku<\/p>\n\n\n\n<p>Se kiersi s\u00e4ili\u00f6n edest\u00e4p\u00e4in ja kiinnittyi uuteen venttiiliin p\u00e4\u00e4n korkeudella. Yritin v\u00e4\u00e4tn\u00e4\u00e4 letkun p\u00f6nt\u00f6n taakse, mutta se oli j\u00e4ykk\u00e4 ja ponnahti takaisin. Sit\u00e4 ei voinut taivuttaa, se oli ter\u00e4skudoksen sis\u00e4ll\u00e4.<\/p>\n\n\n\n<p>\u201dVittu!\u201d huusin. \u201dNe veti ton letkun niin, ettei t\u00e4h\u00e4n sovi paskalle!\u201d<\/p>\n\n\n\n<p>Sepp\u00e4 kurkisti ovesta.<\/p>\n\n\n\n<p>\u201dIdiootit.\u201d<\/p>\n\n\n\n<p>\u201dM\u00e4 juoksen per\u00e4\u00e4n.\u201d<\/p>\n\n\n\n<p>\u201dEt miss\u00e4\u00e4n tapauksessa. Ne rikkoo viel\u00e4 s\u00e4ili\u00f6n. M\u00e4 teen itse. Tosta pit\u00e4\u00e4 irrottaa toi letku ja jatkaa putkea. M\u00e4 otin metrin p\u00e4tk\u00e4n mukaan, kaiken varalle.\u201d<\/p>\n","protected":false},"excerpt":{"rendered":"<p>Putkimiehi\u00e4 oli kaksi. Niit\u00e4 n\u00e4ytti olevan esimies ja oppipoika, niin kuin siin\u00e4 vitsiss\u00e4, jossa putkimies sukeltaa ulos viem\u00e4rikaivosta ja sanoo apupojalle: \u201dOta oppia, muuten joudut koko ik\u00e4si seisomaan kaivon reunalla ja ojentamaan jakoavaimia.\u201d \u201dTeill\u00e4k\u00f6 se vessa\u201d, sanoi vanhempi mies. \u201dOn t\u00e4\u00e4ll\u00e4 muutakin.\u201d \u00c4ij\u00e4t marssivat kylpp\u00e4riin. \u201dEi perkele! T\u00e4\u00e4ll\u00e4h\u00e4n on s\u00e4ili\u00f6 rikki. Onko sulla uusi?\u201d \u201dNo [&hellip;]<\/p>\n","protected":false},"author":580,"featured_media":0,"parent":0,"menu_order":0,"comment_status":"closed","ping_status":"closed","template":"","meta":{"_acf_changed":false,"footnotes":""},"class_list":["post-13117","page","type-page","status-publish","hentry"],"acf":[],"yoast_head":"<!-- This site is optimized with the Yoast SEO plugin v27.3 - https:\/\/yoast.com\/product\/yoast-seo-wordpress\/ -->\n<title>Skumbria (suomenkielinen alkuteksti) - Karjalan kielen elvytt\u00e4minen<\/title>\n<meta name=\"robots\" content=\"index, follow, max-snippet:-1, max-image-preview:large, max-video-preview:-1\" \/>\n<link rel=\"canonical\" href=\"https:\/\/blogs.uef.fi\/karjalanelvytys\/skumbria-suomenkielinen-alkuteksti\/\" \/>\n<meta property=\"og:locale\" content=\"fi_FI\" \/>\n<meta property=\"og:type\" content=\"article\" \/>\n<meta property=\"og:title\" content=\"Skumbria (suomenkielinen alkuteksti) - Karjalan kielen elvytt\u00e4minen\" \/>\n<meta property=\"og:description\" content=\"Putkimiehi\u00e4 oli kaksi. Niit\u00e4 n\u00e4ytti olevan esimies ja oppipoika, niin kuin siin\u00e4 vitsiss\u00e4, jossa putkimies sukeltaa ulos viem\u00e4rikaivosta ja sanoo apupojalle: \u201dOta oppia, muuten joudut koko ik\u00e4si seisomaan kaivon reunalla ja ojentamaan jakoavaimia.\u201d \u201dTeill\u00e4k\u00f6 se vessa\u201d, sanoi vanhempi mies. \u201dOn t\u00e4\u00e4ll\u00e4 muutakin.\u201d \u00c4ij\u00e4t marssivat kylpp\u00e4riin. \u201dEi perkele! T\u00e4\u00e4ll\u00e4h\u00e4n on s\u00e4ili\u00f6 rikki. Onko sulla uusi?\u201d \u201dNo [&hellip;]\" \/>\n<meta property=\"og:url\" content=\"https:\/\/blogs.uef.fi\/karjalanelvytys\/skumbria-suomenkielinen-alkuteksti\/\" \/>\n<meta property=\"og:site_name\" content=\"Karjalan kielen elvytt\u00e4minen\" \/>\n<meta name=\"twitter:card\" content=\"summary_large_image\" \/>\n<meta name=\"twitter:label1\" content=\"Arvioitu lukuaika\" \/>\n\t<meta name=\"twitter:data1\" content=\"6 minuuttia\" \/>\n<script type=\"application\/ld+json\" class=\"yoast-schema-graph\">{\"@context\":\"https:\\\/\\\/schema.org\",\"@graph\":[{\"@type\":\"WebPage\",\"@id\":\"https:\\\/\\\/blogs.uef.fi\\\/karjalanelvytys\\\/skumbria-suomenkielinen-alkuteksti\\\/\",\"url\":\"https:\\\/\\\/blogs.uef.fi\\\/karjalanelvytys\\\/skumbria-suomenkielinen-alkuteksti\\\/\",\"name\":\"Skumbria (suomenkielinen alkuteksti) - Karjalan kielen elvytt\u00e4minen\",\"isPartOf\":{\"@id\":\"https:\\\/\\\/blogs.uef.fi\\\/karjalanelvytys\\\/#website\"},\"datePublished\":\"2023-11-01T09:02:12+00:00\",\"breadcrumb\":{\"@id\":\"https:\\\/\\\/blogs.uef.fi\\\/karjalanelvytys\\\/skumbria-suomenkielinen-alkuteksti\\\/#breadcrumb\"},\"inLanguage\":\"fi\",\"potentialAction\":[{\"@type\":\"ReadAction\",\"target\":[\"https:\\\/\\\/blogs.uef.fi\\\/karjalanelvytys\\\/skumbria-suomenkielinen-alkuteksti\\\/\"]}]},{\"@type\":\"BreadcrumbList\",\"@id\":\"https:\\\/\\\/blogs.uef.fi\\\/karjalanelvytys\\\/skumbria-suomenkielinen-alkuteksti\\\/#breadcrumb\",\"itemListElement\":[{\"@type\":\"ListItem\",\"position\":1,\"name\":\"Home\",\"item\":\"https:\\\/\\\/blogs.uef.fi\\\/karjalanelvytys\\\/\"},{\"@type\":\"ListItem\",\"position\":2,\"name\":\"Skumbria (suomenkielinen alkuteksti)\"}]},{\"@type\":\"WebSite\",\"@id\":\"https:\\\/\\\/blogs.uef.fi\\\/karjalanelvytys\\\/#website\",\"url\":\"https:\\\/\\\/blogs.uef.fi\\\/karjalanelvytys\\\/\",\"name\":\"Karjalan kielen elvytt\u00e4minen\",\"description\":\"\",\"potentialAction\":[{\"@type\":\"SearchAction\",\"target\":{\"@type\":\"EntryPoint\",\"urlTemplate\":\"https:\\\/\\\/blogs.uef.fi\\\/karjalanelvytys\\\/?s={search_term_string}\"},\"query-input\":{\"@type\":\"PropertyValueSpecification\",\"valueRequired\":true,\"valueName\":\"search_term_string\"}}],\"inLanguage\":\"fi\"}]}<\/script>\n<!-- \/ Yoast SEO plugin. -->","yoast_head_json":{"title":"Skumbria (suomenkielinen alkuteksti) - Karjalan kielen elvytt\u00e4minen","robots":{"index":"index","follow":"follow","max-snippet":"max-snippet:-1","max-image-preview":"max-image-preview:large","max-video-preview":"max-video-preview:-1"},"canonical":"https:\/\/blogs.uef.fi\/karjalanelvytys\/skumbria-suomenkielinen-alkuteksti\/","og_locale":"fi_FI","og_type":"article","og_title":"Skumbria (suomenkielinen alkuteksti) - Karjalan kielen elvytt\u00e4minen","og_description":"Putkimiehi\u00e4 oli kaksi. Niit\u00e4 n\u00e4ytti olevan esimies ja oppipoika, niin kuin siin\u00e4 vitsiss\u00e4, jossa putkimies sukeltaa ulos viem\u00e4rikaivosta ja sanoo apupojalle: \u201dOta oppia, muuten joudut koko ik\u00e4si seisomaan kaivon reunalla ja ojentamaan jakoavaimia.\u201d \u201dTeill\u00e4k\u00f6 se vessa\u201d, sanoi vanhempi mies. \u201dOn t\u00e4\u00e4ll\u00e4 muutakin.\u201d \u00c4ij\u00e4t marssivat kylpp\u00e4riin. \u201dEi perkele! T\u00e4\u00e4ll\u00e4h\u00e4n on s\u00e4ili\u00f6 rikki. Onko sulla uusi?\u201d \u201dNo [&hellip;]","og_url":"https:\/\/blogs.uef.fi\/karjalanelvytys\/skumbria-suomenkielinen-alkuteksti\/","og_site_name":"Karjalan kielen elvytt\u00e4minen","twitter_card":"summary_large_image","twitter_misc":{"Arvioitu lukuaika":"6 minuuttia"},"schema":{"@context":"https:\/\/schema.org","@graph":[{"@type":"WebPage","@id":"https:\/\/blogs.uef.fi\/karjalanelvytys\/skumbria-suomenkielinen-alkuteksti\/","url":"https:\/\/blogs.uef.fi\/karjalanelvytys\/skumbria-suomenkielinen-alkuteksti\/","name":"Skumbria (suomenkielinen alkuteksti) - Karjalan kielen elvytt\u00e4minen","isPartOf":{"@id":"https:\/\/blogs.uef.fi\/karjalanelvytys\/#website"},"datePublished":"2023-11-01T09:02:12+00:00","breadcrumb":{"@id":"https:\/\/blogs.uef.fi\/karjalanelvytys\/skumbria-suomenkielinen-alkuteksti\/#breadcrumb"},"inLanguage":"fi","potentialAction":[{"@type":"ReadAction","target":["https:\/\/blogs.uef.fi\/karjalanelvytys\/skumbria-suomenkielinen-alkuteksti\/"]}]},{"@type":"BreadcrumbList","@id":"https:\/\/blogs.uef.fi\/karjalanelvytys\/skumbria-suomenkielinen-alkuteksti\/#breadcrumb","itemListElement":[{"@type":"ListItem","position":1,"name":"Home","item":"https:\/\/blogs.uef.fi\/karjalanelvytys\/"},{"@type":"ListItem","position":2,"name":"Skumbria (suomenkielinen alkuteksti)"}]},{"@type":"WebSite","@id":"https:\/\/blogs.uef.fi\/karjalanelvytys\/#website","url":"https:\/\/blogs.uef.fi\/karjalanelvytys\/","name":"Karjalan kielen elvytt\u00e4minen","description":"","potentialAction":[{"@type":"SearchAction","target":{"@type":"EntryPoint","urlTemplate":"https:\/\/blogs.uef.fi\/karjalanelvytys\/?s={search_term_string}"},"query-input":{"@type":"PropertyValueSpecification","valueRequired":true,"valueName":"search_term_string"}}],"inLanguage":"fi"}]}},"_links":{"self":[{"href":"https:\/\/blogs.uef.fi\/karjalanelvytys\/wp-json\/wp\/v2\/pages\/13117","targetHints":{"allow":["GET"]}}],"collection":[{"href":"https:\/\/blogs.uef.fi\/karjalanelvytys\/wp-json\/wp\/v2\/pages"}],"about":[{"href":"https:\/\/blogs.uef.fi\/karjalanelvytys\/wp-json\/wp\/v2\/types\/page"}],"author":[{"embeddable":true,"href":"https:\/\/blogs.uef.fi\/karjalanelvytys\/wp-json\/wp\/v2\/users\/580"}],"replies":[{"embeddable":true,"href":"https:\/\/blogs.uef.fi\/karjalanelvytys\/wp-json\/wp\/v2\/comments?post=13117"}],"version-history":[{"count":2,"href":"https:\/\/blogs.uef.fi\/karjalanelvytys\/wp-json\/wp\/v2\/pages\/13117\/revisions"}],"predecessor-version":[{"id":13123,"href":"https:\/\/blogs.uef.fi\/karjalanelvytys\/wp-json\/wp\/v2\/pages\/13117\/revisions\/13123"}],"wp:attachment":[{"href":"https:\/\/blogs.uef.fi\/karjalanelvytys\/wp-json\/wp\/v2\/media?parent=13117"}],"curies":[{"name":"wp","href":"https:\/\/api.w.org\/{rel}","templated":true}]}}