{"id":13087,"date":"2023-11-01T10:13:42","date_gmt":"2023-11-01T08:13:42","guid":{"rendered":"https:\/\/blogs.uef.fi\/karjalanelvytys\/?page_id=13087"},"modified":"2023-11-01T11:25:35","modified_gmt":"2023-11-01T09:25:35","slug":"skumbria-sanna-myllarin-kaannos","status":"publish","type":"page","link":"https:\/\/blogs.uef.fi\/karjalanelvytys\/skumbria-sanna-myllarin-kaannos\/","title":{"rendered":"Skumbria (Sanna Myll\u00e4rin k\u00e4\u00e4nn\u00f6s)"},"content":{"rendered":"\n<p>Kielentarkistus:\u00a0<strong>Natalia Giloeva<\/strong>, karjalan opettaja, kielentarkistaja ja k\u00e4\u00e4nt\u00e4j\u00e4<\/p>\n\n\n\n<p>Butkiniekkua oli kaksi. Net buitegu oldih eziniekku da opastui briha, muga kui sit \u0161uutkas, kudamas butkiniekku \u010dukeldahes viem\u00e4rikaivosp\u00e4i da sanou abuniekale: \u201cOpi opastuo, muite kaikekse igi\u00e4 puutut kaivon agjal seizomah dai gaikkuavaindu oijendamah.\u201d<\/p>\n\n\n\n<p>\u201cTeilgo se nuuzniekku\u201d, sanoi vahnembi mu\u017eikku.<\/p>\n\n\n\n<p>\u201cOn ti\u00e4 muudugi.\u201d<\/p>\n\n\n\n<p>Mu\u017eikat mar\u0161ittih pezopertih.<\/p>\n\n\n\n<p>\u201cVoi kehno! Ti\u00e4h\u00e4i on s\u00e4iliv\u00f6 murennuh. Ongo sinul uuzi?\u201d<\/p>\n\n\n\n<p>\u201cGa eibo ole. Seh\u00e4i vikse on teij\u00e4n hommii. Min\u00e4 maksan.\u201d<\/p>\n\n\n\n<p>\u201cEi meil ole ma\u0161inua.\u201d<\/p>\n\n\n\n<p>\u201cKirjuta t\u00e4h, mittuine pid\u00e4y\u201d, oijendin lippuzen da kirjuttimen.<\/p>\n\n\n\n<p>Mies kirjutteli kudamid\u00e4 noumerua lippuh da k\u00e4ski ozuttamah sen laukas.<\/p>\n\n\n\n<p>\u201cMereckovanuuli\u010dal niil\u00f6i l\u00f6vv\u00e4t\u201d, h\u00e4i sanoi. \u201cDa muite musta butki, tai on ihan murennuh. Tulemmo illal. Se maksas sit tuhanden.\u201d<\/p>\n\n\n\n<p>\u201cKuibos kruanat. Net vuvvetah.\u201d<\/p>\n\n\n\n<p>Muzikku punoi kruanua da rubei vintim\u00e4h pi\u00e4butken ventili\u00e4 kiinni. Kuului pra\u010dkahtus da vezibrizgu i\u0161ki butkesp\u00e4i kohti vastalp\u00e4i olijah sein\u00e4h.<\/p>\n\n\n\n<p>\u201cVentily se\u017eo. Dai toven sanuo kruanugi vie pid\u00e4s vaihtua.\u201d<\/p>\n\n\n\n<p>Butkiniekku k\u00e4ski abuniekale pietell\u00e4 painehtu da l\u00e4hti i\u00e4reh.<\/p>\n\n\n\n<p>\u201cKatkuan vien luandalas\u201d, h\u00e4i huikkai olgupi\u00e4n yli.<\/p>\n\n\n\n<p>Abuniekku ki\u00e4ri kuminuorastu ymb\u00e4ri puhki menny\u00f6n ventil\u00e4n da oppi pietell\u00e4 vetty. Suihkun h\u00e4i azetti, ga vezi virdai k\u00e4zien ualp\u00e4i kohti h\u00e4nen hiemualoih. Lattiel oli jo hyv\u00e4\u010d\u010d\u00e4ine lammikko. Otin vetty vihkol kui vai kergiin da puzerdin vannah. J\u00e4lgim\u00e4i vien tulemine loppih.<\/p>\n\n\n\n<p>H\u00e4i puisti omassah m\u00e4rgii k\u00e4zii, niil\u00f6i v\u00e4h\u00e4zen kuivai perzavuksih dai e\u010d\u010di paijan rindukormanis tabakkupua\u010dkan. Se oli l\u00e4bim\u00e4rgy.<\/p>\n\n\n\n<p>Ku\u010duin brihan keit\u00e4ndypertih da tari\u010din tabakan. Net palettih loppuh, muasterii ei n\u00e4gynyh.<\/p>\n\n\n\n<p>\u201cEigo se l\u00f6vv\u00e4 j\u00e4rilleh?\u201d huolevuin.<\/p>\n\n\n\n<p>\u201cL\u00f6yd\u00e4y se. Vikse meni laukkah. Min\u00e4gi se\u017eo l\u00e4hten, ei ti\u00e4 nyg\u00f6i nimid\u00e4 muudu hommua ole.\u201d<\/p>\n\n\n\n<p>Briha kabrastui i\u00e4res. Tuijotin \u010d\u00e4ll\u00e4vy\u00f6 da duumai\u010din, onnuago vezi sportiu alakerran fatieran lain. Da kenbo maksas.<\/p>\n\n\n\n<p>Zvoniin Sep\u00e4le, h\u00e4i uskaldi tulla. Silkeskie soitti Katri.<\/p>\n\n\n\n<p>H\u00e4i sie huolevui. Sanoi, \u0161to minun keral kaiken aigua surmu kulgou. Ollengo hos ellend\u00e4nnyh, \u0161to i\u010d\u010deni elostu ravieh lyhendin. En ellend\u00e4nnyh, mis h\u00e4i moizet duumat oli suannuh. Aiga mistiellizii nenne naizet ollah. H\u00e4i oli tulemas minuu pellastamah. Min\u00e4 toizielp\u00e4i varain, ku h\u00e4nele olis paha ti\u00e4, vierahas muas ilmai kieldy dai dovari\u0161\u0161ua. Ga minulh\u00e4i oli v\u00e4gitukku kontaktua. Vai oligo niil\u00f6i lopu\u0161kal. Onnuako Katri tulis revniivoikse. Min\u00e4gi toinah Suomes tulizin. Tahtoingo min\u00e4 Suomeh? Mingi t\u00e4h ajatus oli huigei, ga eigo se yksikai olluh tottu. Sanoin, ku hommat menn\u00e4h hyvin, h\u00e4nel ei pie huolevuo. Kerroin se\u017eo fatieras.<\/p>\n\n\n\n<p>\u201cMaltanetgo ti\u00e4 olla? Oletgo varmu sit?\u201d<\/p>\n\n\n\n<p>Katri varmisti, ku h\u00e4i ga maltas, gu vai en h\u00e4ndy yksin j\u00e4tt\u00e4s.<\/p>\n\n\n\n<p>\u201cEnh\u00e4i min\u00e4 sinuu j\u00e4t\u00e4. Terv\u00e4h n\u00e4imm\u00f6kseh, ei h\u00e4tkembi\u00e4 mene kui ned\u00e4li. Soittele sit, konzu tiij\u00e4t tarkazeh. Olen sit Piiteris sinuu ottamas. Ver\u00e4ikelloine soittau. N\u2019oppuloi.\u201d<\/p>\n\n\n\n<p>Seppy seizoi kynnyksel da vuotti minun \u0161uorivundua.<\/p>\n\n\n\n<p>\u201cMenemm\u00f6 sinun ma\u0161inal. Emmo my\u00f6 sua niil\u00f6i b\u00f6nd\u00f6l\u00f6i t\u00e4nne py\u00f6r\u00e4l\u201d, h\u00e4i sanoi. \u201cKonzu hy\u00f6 uskaldettih tulla?\u201d<\/p>\n\n\n\n<p>\u201cRuadop\u00e4iv\u00e4n j\u00e4lgeh.\u201d<\/p>\n\n\n\n<p>\u201cVikse pid\u00e4s ottua ruadobrujat pajasp\u00e4i, kaiken varakse. Hy\u00f6 yksikai mid\u00e4gi pahoi luajitah.\u201d<\/p>\n\n\n\n<p>Konzu ajoimmo pihalp\u00e4i uuli\u010dale, trolleibusoin azetundukohtan rinnal, migi kolahtih asfal\u2019tah, kuului krid\u017einehty da ma\u0161in azetui buitegu \u00f6nt\u00e4styjen, hos mouhtoru kirguigi. Seppy hypp\u00e4i ma\u0161inasp\u00e4i pihale da ka\u010dahtih alle.<\/p>\n\n\n\n<p>\u201cGuazubutki irdavui keskel\u201d, h\u00e4i kirgai. \u201cSe on kiini dorogas da kogonah ku\u010distuksis. Pid\u00e4y ravvat juottua.\u201d<\/p>\n\n\n\n<p>\u201cVoi kehnon keg\u00e4leh.\u201d<\/p>\n\n\n\n<p>\u201cMuga t\u00e4m\u00e4 t\u00e4s men\u00f6y. Aigua on vaste kaksitostu \u010duassuu. Suannemmo ma\u0161inan perile, pari \u010duassuu onnuako on kyll\u00e4l.\u201d<\/p>\n\n\n\n<p>H\u00e4i l\u00e4hti ottamah py\u00f6ri\u00e4. Py\u00f6r\u00e4l suuren pricepan ker voibi vedi\u00e4 ma\u0161inua. H\u00e4i ry\u00f6mi ma\u0161inan alle da pani irdavunnuon butken raudulangal kiini pohjah. Konzu dorogalp\u00e4i pi\u00e4stih i\u00e4re, kai meni hyvin. Seppy ajoi hil\u2019l\u2019ah py\u00f6r\u00e4l, min\u00e4 ohjain ma\u0161inua.<\/p>\n\n\n\n<p>Sep\u00e4n paja oli pitk\u00e4s gara\u017eurivis, vahnan kaivandon rinnal. H\u00e4nel oli kaksi boksua, toizes h\u00e4i hommaili \u201creduhistu\u201d ruaduo, ravvan juottamistu dai mouhtoroin kohendamistu. Parembile ruadoloile h\u00e4nel oli rinnal toine boksu, sie h\u00e4i tagoi miekkua da kohendi oru\u017eua.<\/p>\n\n\n\n<p>Peril \u00e4hk\u00e4imm\u00f6 ma\u0161inan havvalluo da Seppy meni alah.<\/p>\n\n\n\n<p>\u201cNo muga, raudua on katkennuh. T\u00e4m\u00e4 vie suajah ruadamah. Mene e\u010dittelem\u00e4h sid\u00e4 s\u00e4ilivy\u00f6. Osta kai da zvoni minule, ku tied\u00e4zin<strong>,<\/strong> kunne tulen sinuu ottamah. T\u00e4m\u00e4 on kolmekse valmis.\u201d<\/p>\n\n\n\n<p>Astuin azetuskohtale da ajoin trolleibusal butkiniekoin ozutettuh raudulaukkah. My\u00f6jy py\u00f6ritteli lippustu da omua pi\u00e4dy: \u201cTuliel ned\u00e4lil roih mostu.\u201d<\/p>\n\n\n\n<p>Laukoin kierdely oli putin ruaduo. Tarvittavu s\u00e4iliv\u00f6 l\u00f6ydyi pikkarazes podvualulaukkkazes, kudamas butket da ravvat l\u00e4s kuavuttih pi\u00e4le. Samas kohtas sain se\u017eo ventil\u00e4n, s\u00e4iliv\u00f6n butken dai pezopertin kruanan. Aigua oli puoli kolme. Zvoniin Sep\u00e4le.<\/p>\n\n\n\n<p>Seppy vastai ilo\u017eal i\u00e4nel. H\u00e4i oli jo suannuh ma\u0161inan valmehekse. Sie oli kengi toine h\u00e4nenke, er\u00e4s klijentu oli tuonnuh butilkan konjakkua.<\/p>\n\n\n\n<p>\u201cVoitgo ajua? Minul on nyg\u00f6i kai n\u00e4mm\u00e4 p\u00f6nn\u00f6t t\u00e4s keral.\u201d<\/p>\n\n\n\n<p>\u010cetvert<strong>i<\/strong>n per\u00e4s Seppy viuhkahtih veri\u00e4n edeh.<\/p>\n\n\n\n<p>\u201cUvvele<strong> <\/strong>p\u00f6nn\u00f6le! H\u00e4i hihkai da vedi kormanisp\u00e4i avatun konjakkubutilkan.<\/p>\n\n\n\n<p>Butkiniekat tuldih kuvven aigah. Hy\u00f6 kolaitettih nuuzniekas, sil aigua ehtiimm\u00f6 algua Sep\u00e4n ker Stoli\u010dnajan. Muasteri tuli keit\u00e4ndypertih muheloittajen<strong>:<\/strong><\/p>\n\n\n\n<p>\u201cValmis on, i\u017e\u00e4ndy. Tuhat rubl\u2019ua.\u201d<\/p>\n\n\n\n<p>Ka\u010dahtin Sepp\u00e4h.<\/p>\n\n\n\n<p>\u201cMid\u00e4\u201d, h\u00e4i h\u00f6lmistyi.<\/p>\n\n\n\n<p>\u201cDengat lopiettihes.\u201d<\/p>\n\n\n\n<p>\u201cVoi ga kehno\u201d, h\u00e4i burbetti dai e\u010ditteli kormanilois. \u201cGa, seh\u00e4i konjakan li\u017e\u00e4kse toi er\u00e4h\u00e4n tuhanden sit kin\u017eualas.\u201d<\/p>\n\n\n\n<p>H\u00e4i vedi m\u00e4d\u017e\u00f6tetyt banknotat kormanisp\u00e4i da ker\u00e4i niil\u00f6in keskes kaksi fiolietovoidu viizisadastu.<\/p>\n\n\n\n<p>\u201cOlisgo tabakkua\u201d, vahnembi butkiniekku sanoi da koppai dengat stolalp\u00e4i.<\/p>\n\n\n\n<p>Oijendin h\u00e4nele pua\u010dkan, mu\u017eikku otti sigarietan, pani korvan tuakse ruokkoh, otti toizen, sytytti sen, ga ei l\u00e4htenyh nikunne. Kodvazen oli hil\u2019l\u2019u, kuni en ellend\u00e4nnyh.<\/p>\n\n\n\n<p>\u201cOttaugo abuniekkugi?\u201d<\/p>\n\n\n\n<p>\u201cH\u00e4i ei juo.\u201d<\/p>\n\n\n\n<p>I\u0161kin silmi\u00e4 brihale da valoin muasterile puoli stokanallistu viinua. T\u00f6ll\u00f6tin ahnahah liikkujua kulkuu.<\/p>\n\n\n\n<p>Konzu butkiniekat j\u00e4lgim\u00e4i h\u00e4ivyttih, menin ka\u010d\u010domah. \u010c\u00e4ll\u00e4v\u00f6 oli tuaste ylen paha. Opittelin kruanoi, mollembat ruattih hyvin. Tahtoin opittelukse vedi\u00e4 uvven s\u00e4iliv\u00f6n n\u2019apukas, ga ies oligi butki. Se kierdi s\u00e4iliv\u00f6n iesp\u00e4i da kiinnittyi uudeh ventil\u00e4h pi\u00e4n korgevuol. Opin vi\u00e4ndi\u00e4 butken p\u00f6nn\u00f6n tuakse, ga se oli j\u00e4mpi\u0161k\u00f6 da potkahtihes j\u00e4rilleh. Sid\u00e4 ei suannuh taivuttua, se oli moizen raudukuvoksen syd\u00e4mes.<\/p>\n\n\n\n<p>\u201cVittu!\u201d kirgain. \u201cHy\u00f6 viettih tuan butken nenga, ku ni \u0161itale t\u00e4h ei synny!\u201d<\/p>\n\n\n\n<p>Seppy ka\u010dahtih uksel.<\/p>\n\n\n\n<p>\u201cIdiotat.\u201d<\/p>\n\n\n\n<p>\u201cMin\u00e4 juoksen per\u00e4h.\u201d<\/p>\n\n\n\n<p>\u201cEt ni mist\u00e4h. Hy\u00f6 vie s\u00e4iliv\u00f6n murendetah. I\u010de azun. Tuas pid\u00e4y irdavuttua tai butki da jatkua sid\u00e4. Min\u00e4 ga otin metrin palazen kerale, kaiken varakse.\u201d<\/p>\n","protected":false},"excerpt":{"rendered":"<p>Kielentarkistus:\u00a0Natalia Giloeva, karjalan opettaja, kielentarkistaja ja k\u00e4\u00e4nt\u00e4j\u00e4 Butkiniekkua oli kaksi. Net buitegu oldih eziniekku da opastui briha, muga kui sit \u0161uutkas, kudamas butkiniekku \u010dukeldahes viem\u00e4rikaivosp\u00e4i da sanou abuniekale: \u201cOpi opastuo, muite kaikekse igi\u00e4 puutut kaivon agjal seizomah dai gaikkuavaindu oijendamah.\u201d \u201cTeilgo se nuuzniekku\u201d, sanoi vahnembi mu\u017eikku. \u201cOn ti\u00e4 muudugi.\u201d Mu\u017eikat mar\u0161ittih pezopertih. \u201cVoi kehno! Ti\u00e4h\u00e4i [&hellip;]<\/p>\n","protected":false},"author":580,"featured_media":0,"parent":0,"menu_order":0,"comment_status":"closed","ping_status":"closed","template":"","meta":{"_acf_changed":false,"footnotes":""},"class_list":["post-13087","page","type-page","status-publish","hentry"],"acf":[],"yoast_head":"<!-- This site is optimized with the Yoast SEO plugin v27.3 - https:\/\/yoast.com\/product\/yoast-seo-wordpress\/ -->\n<title>Skumbria (Sanna Myll\u00e4rin k\u00e4\u00e4nn\u00f6s) - Karjalan kielen elvytt\u00e4minen<\/title>\n<meta name=\"robots\" content=\"index, follow, max-snippet:-1, max-image-preview:large, max-video-preview:-1\" \/>\n<link rel=\"canonical\" href=\"https:\/\/blogs.uef.fi\/karjalanelvytys\/skumbria-sanna-myllarin-kaannos\/\" \/>\n<meta property=\"og:locale\" content=\"fi_FI\" \/>\n<meta property=\"og:type\" content=\"article\" \/>\n<meta property=\"og:title\" content=\"Skumbria (Sanna Myll\u00e4rin k\u00e4\u00e4nn\u00f6s) - Karjalan kielen elvytt\u00e4minen\" \/>\n<meta property=\"og:description\" content=\"Kielentarkistus:\u00a0Natalia Giloeva, karjalan opettaja, kielentarkistaja ja k\u00e4\u00e4nt\u00e4j\u00e4 Butkiniekkua oli kaksi. Net buitegu oldih eziniekku da opastui briha, muga kui sit \u0161uutkas, kudamas butkiniekku \u010dukeldahes viem\u00e4rikaivosp\u00e4i da sanou abuniekale: \u201cOpi opastuo, muite kaikekse igi\u00e4 puutut kaivon agjal seizomah dai gaikkuavaindu oijendamah.\u201d \u201cTeilgo se nuuzniekku\u201d, sanoi vahnembi mu\u017eikku. \u201cOn ti\u00e4 muudugi.\u201d Mu\u017eikat mar\u0161ittih pezopertih. \u201cVoi kehno! Ti\u00e4h\u00e4i [&hellip;]\" \/>\n<meta property=\"og:url\" content=\"https:\/\/blogs.uef.fi\/karjalanelvytys\/skumbria-sanna-myllarin-kaannos\/\" \/>\n<meta property=\"og:site_name\" content=\"Karjalan kielen elvytt\u00e4minen\" \/>\n<meta property=\"article:modified_time\" content=\"2023-11-01T09:25:35+00:00\" \/>\n<meta name=\"twitter:card\" content=\"summary_large_image\" \/>\n<meta name=\"twitter:label1\" content=\"Arvioitu lukuaika\" \/>\n\t<meta name=\"twitter:data1\" content=\"6 minuuttia\" \/>\n<script type=\"application\/ld+json\" class=\"yoast-schema-graph\">{\"@context\":\"https:\\\/\\\/schema.org\",\"@graph\":[{\"@type\":\"WebPage\",\"@id\":\"https:\\\/\\\/blogs.uef.fi\\\/karjalanelvytys\\\/skumbria-sanna-myllarin-kaannos\\\/\",\"url\":\"https:\\\/\\\/blogs.uef.fi\\\/karjalanelvytys\\\/skumbria-sanna-myllarin-kaannos\\\/\",\"name\":\"Skumbria (Sanna Myll\u00e4rin k\u00e4\u00e4nn\u00f6s) - Karjalan kielen elvytt\u00e4minen\",\"isPartOf\":{\"@id\":\"https:\\\/\\\/blogs.uef.fi\\\/karjalanelvytys\\\/#website\"},\"datePublished\":\"2023-11-01T08:13:42+00:00\",\"dateModified\":\"2023-11-01T09:25:35+00:00\",\"breadcrumb\":{\"@id\":\"https:\\\/\\\/blogs.uef.fi\\\/karjalanelvytys\\\/skumbria-sanna-myllarin-kaannos\\\/#breadcrumb\"},\"inLanguage\":\"fi\",\"potentialAction\":[{\"@type\":\"ReadAction\",\"target\":[\"https:\\\/\\\/blogs.uef.fi\\\/karjalanelvytys\\\/skumbria-sanna-myllarin-kaannos\\\/\"]}]},{\"@type\":\"BreadcrumbList\",\"@id\":\"https:\\\/\\\/blogs.uef.fi\\\/karjalanelvytys\\\/skumbria-sanna-myllarin-kaannos\\\/#breadcrumb\",\"itemListElement\":[{\"@type\":\"ListItem\",\"position\":1,\"name\":\"Home\",\"item\":\"https:\\\/\\\/blogs.uef.fi\\\/karjalanelvytys\\\/\"},{\"@type\":\"ListItem\",\"position\":2,\"name\":\"Skumbria (Sanna Myll\u00e4rin k\u00e4\u00e4nn\u00f6s)\"}]},{\"@type\":\"WebSite\",\"@id\":\"https:\\\/\\\/blogs.uef.fi\\\/karjalanelvytys\\\/#website\",\"url\":\"https:\\\/\\\/blogs.uef.fi\\\/karjalanelvytys\\\/\",\"name\":\"Karjalan kielen elvytt\u00e4minen\",\"description\":\"\",\"potentialAction\":[{\"@type\":\"SearchAction\",\"target\":{\"@type\":\"EntryPoint\",\"urlTemplate\":\"https:\\\/\\\/blogs.uef.fi\\\/karjalanelvytys\\\/?s={search_term_string}\"},\"query-input\":{\"@type\":\"PropertyValueSpecification\",\"valueRequired\":true,\"valueName\":\"search_term_string\"}}],\"inLanguage\":\"fi\"}]}<\/script>\n<!-- \/ Yoast SEO plugin. -->","yoast_head_json":{"title":"Skumbria (Sanna Myll\u00e4rin k\u00e4\u00e4nn\u00f6s) - Karjalan kielen elvytt\u00e4minen","robots":{"index":"index","follow":"follow","max-snippet":"max-snippet:-1","max-image-preview":"max-image-preview:large","max-video-preview":"max-video-preview:-1"},"canonical":"https:\/\/blogs.uef.fi\/karjalanelvytys\/skumbria-sanna-myllarin-kaannos\/","og_locale":"fi_FI","og_type":"article","og_title":"Skumbria (Sanna Myll\u00e4rin k\u00e4\u00e4nn\u00f6s) - Karjalan kielen elvytt\u00e4minen","og_description":"Kielentarkistus:\u00a0Natalia Giloeva, karjalan opettaja, kielentarkistaja ja k\u00e4\u00e4nt\u00e4j\u00e4 Butkiniekkua oli kaksi. Net buitegu oldih eziniekku da opastui briha, muga kui sit \u0161uutkas, kudamas butkiniekku \u010dukeldahes viem\u00e4rikaivosp\u00e4i da sanou abuniekale: \u201cOpi opastuo, muite kaikekse igi\u00e4 puutut kaivon agjal seizomah dai gaikkuavaindu oijendamah.\u201d \u201cTeilgo se nuuzniekku\u201d, sanoi vahnembi mu\u017eikku. \u201cOn ti\u00e4 muudugi.\u201d Mu\u017eikat mar\u0161ittih pezopertih. \u201cVoi kehno! Ti\u00e4h\u00e4i [&hellip;]","og_url":"https:\/\/blogs.uef.fi\/karjalanelvytys\/skumbria-sanna-myllarin-kaannos\/","og_site_name":"Karjalan kielen elvytt\u00e4minen","article_modified_time":"2023-11-01T09:25:35+00:00","twitter_card":"summary_large_image","twitter_misc":{"Arvioitu lukuaika":"6 minuuttia"},"schema":{"@context":"https:\/\/schema.org","@graph":[{"@type":"WebPage","@id":"https:\/\/blogs.uef.fi\/karjalanelvytys\/skumbria-sanna-myllarin-kaannos\/","url":"https:\/\/blogs.uef.fi\/karjalanelvytys\/skumbria-sanna-myllarin-kaannos\/","name":"Skumbria (Sanna Myll\u00e4rin k\u00e4\u00e4nn\u00f6s) - Karjalan kielen elvytt\u00e4minen","isPartOf":{"@id":"https:\/\/blogs.uef.fi\/karjalanelvytys\/#website"},"datePublished":"2023-11-01T08:13:42+00:00","dateModified":"2023-11-01T09:25:35+00:00","breadcrumb":{"@id":"https:\/\/blogs.uef.fi\/karjalanelvytys\/skumbria-sanna-myllarin-kaannos\/#breadcrumb"},"inLanguage":"fi","potentialAction":[{"@type":"ReadAction","target":["https:\/\/blogs.uef.fi\/karjalanelvytys\/skumbria-sanna-myllarin-kaannos\/"]}]},{"@type":"BreadcrumbList","@id":"https:\/\/blogs.uef.fi\/karjalanelvytys\/skumbria-sanna-myllarin-kaannos\/#breadcrumb","itemListElement":[{"@type":"ListItem","position":1,"name":"Home","item":"https:\/\/blogs.uef.fi\/karjalanelvytys\/"},{"@type":"ListItem","position":2,"name":"Skumbria (Sanna Myll\u00e4rin k\u00e4\u00e4nn\u00f6s)"}]},{"@type":"WebSite","@id":"https:\/\/blogs.uef.fi\/karjalanelvytys\/#website","url":"https:\/\/blogs.uef.fi\/karjalanelvytys\/","name":"Karjalan kielen elvytt\u00e4minen","description":"","potentialAction":[{"@type":"SearchAction","target":{"@type":"EntryPoint","urlTemplate":"https:\/\/blogs.uef.fi\/karjalanelvytys\/?s={search_term_string}"},"query-input":{"@type":"PropertyValueSpecification","valueRequired":true,"valueName":"search_term_string"}}],"inLanguage":"fi"}]}},"_links":{"self":[{"href":"https:\/\/blogs.uef.fi\/karjalanelvytys\/wp-json\/wp\/v2\/pages\/13087","targetHints":{"allow":["GET"]}}],"collection":[{"href":"https:\/\/blogs.uef.fi\/karjalanelvytys\/wp-json\/wp\/v2\/pages"}],"about":[{"href":"https:\/\/blogs.uef.fi\/karjalanelvytys\/wp-json\/wp\/v2\/types\/page"}],"author":[{"embeddable":true,"href":"https:\/\/blogs.uef.fi\/karjalanelvytys\/wp-json\/wp\/v2\/users\/580"}],"replies":[{"embeddable":true,"href":"https:\/\/blogs.uef.fi\/karjalanelvytys\/wp-json\/wp\/v2\/comments?post=13087"}],"version-history":[{"count":2,"href":"https:\/\/blogs.uef.fi\/karjalanelvytys\/wp-json\/wp\/v2\/pages\/13087\/revisions"}],"predecessor-version":[{"id":13138,"href":"https:\/\/blogs.uef.fi\/karjalanelvytys\/wp-json\/wp\/v2\/pages\/13087\/revisions\/13138"}],"wp:attachment":[{"href":"https:\/\/blogs.uef.fi\/karjalanelvytys\/wp-json\/wp\/v2\/media?parent=13087"}],"curies":[{"name":"wp","href":"https:\/\/api.w.org\/{rel}","templated":true}]}}