{"id":12195,"date":"2023-09-18T10:45:03","date_gmt":"2023-09-18T07:45:03","guid":{"rendered":"https:\/\/blogs.uef.fi\/karjalanelvytys\/?page_id=12195"},"modified":"2023-09-18T10:45:04","modified_gmt":"2023-09-18T07:45:04","slug":"karjalan-kielen-netali-2021","status":"publish","type":"page","link":"https:\/\/blogs.uef.fi\/karjalanelvytys\/karjalan-kielen-netali-2021\/","title":{"rendered":"Karjalan kielen net\u00e4li (2021)"},"content":{"rendered":"\n<p>T\u00e4lle sivulle on ker\u00e4tty linkkej\u00e4 vuoden 2021 karjalan kielen viikolla julkaistuihin teksteihin ja tietoa viikon aikana pidetyist\u00e4 tempauksista. Vuoden 2021 teema oli <strong>vuodenajat<\/strong>.<\/p>\n\n\n\n<p><a href=\"https:\/\/blogs.uef.fi\/karjalanelvytys\/karjalan-kielen-nedalin-2021-tekstat\/\">Linkki vuoden 2021 teksteihin.<\/a><\/p>\n\n\n\n<h2 class=\"wp-block-heading\">Tapahtumat <\/h2>\n\n\n\n<p><strong>Karjalan kielikotvani toisarkena 23.11.21 Joven\u0161uun p\u00e4iv\u00e4kotilaisie varoin<\/strong><\/p>\n\n\n\n<p>Joven\u0161uun lap\u0161ukkaiset tuttavu\u0161\u0161utah karjalan kieleh kisaten ta musiikkie kuunnellen. Sateenkaari-ryhm\u00e4l\u00e4iset \u0161uahah tiety\u00e4, jotta heij\u00e4n ryhm\u00e4n nimi onki karjalak\u0161i Ukonkuari!<\/p>\n\n\n\n<p><strong>Pikkujoulujuhla keskiviikkona 24.11.21 klo 18\u201319<\/strong><\/p>\n\n\n\n<p>Karjalan kielen abuniekoin rastavaine (rastavanielline pruazniekku) piet\u00e4h Zooma\u010di kolmanpi\u00e4n 24. kylmykuudu 18 aigah<strong> <\/strong>karjalan kielen ned\u00e4lil. Pido kest\u00e4y \u00e4ij\u00e4llizen \u010duasun da se todevutetah yhtehizes ruavos <em>Karjalan kielen koin, Karjalan kielen koin abuniekoin, Iloman\u010din rahvahanopiston dai kanzoinv\u00e4lizen vastavundupaikan Trapezan ker<\/em>. Pivos roih vesseli\u00e4, rastavallistu programmua da v\u00e4h\u00e4ine se\u017eo muudugi. Li\u017ei\u00e4 tieduo da Zoom-linkan suat Karjalan kielen koin abuniekat ry:n paginanved\u00e4j\u00e4l Hannu Lappalazel, hala@kopala.fi, +358 405841 995. Tervehtulemua ker\u00e4le! Tule sin\u00e4gi rastavastu pid\u00e4m\u00e4h!<\/p>\n\n\n\n<p><strong>Karjalan musiikin illa\u010d\u010du Kontiolahdella to 25.11. klo 18 alkaen, Kontiotupa, Koulukuja 4 A<\/strong><\/p>\n\n\n\n<p>Parempi pajot 2020-2021 ta Karelia Folk ry j\u00e4rje\u0161\u0161et\u00e4h illa\u010d\u010duo Kontielahella nell\u00e4n\u00e4pi\u00e4n\u00e4 25.11. 18 aikah. Karaokie karjalakse tuottaja Jussi Sinkkonen \u0161anelou karaoketallentehen \u0161ynny\u0161t\u00e4 ta laulattau ihmisie. KarjalaBrihat pajatetah karjalankielisie hittipajoloita. \u010c\u00e4ijy\u00f6, kahvie ta pient\u00e4 niep\u0161iemp\u00e4ist\u00e4.<\/p>\n\n\n\n<p><strong>Karjalan kielen p\u00e4iv\u00e4: Loimolan voima, 27.11. klo 18\u201319<\/strong><\/p>\n\n\n\n<p>Loimolan voima pid\u00e4y Karjalan kielen p\u00e4iv\u00e4n konsertan 27.11. 18 aigah Tuusulas.<\/p>\n\n\n\n<p><strong>Timoi Munne: Unis da Mierol<\/strong><\/p>\n\n\n\n<p>Liperil\u00e4isen n\u00e4ytt\u00e4m\u00f6taiteilija Timoi Munnen k\u00e4sikirjoittama ja ohjaama Unis da mierol (Unissa ja vierailla mailla) n\u00e4hd\u00e4\u00e4n karjalan kielen viikolla 22-28.11. Pohjois-Karjalassa joka p\u00e4iv\u00e4. Lis\u00e4ksi se esitet\u00e4\u00e4n viel\u00e4 talvisodan alkamisp\u00e4iv\u00e4n\u00e4 ja itsen\u00e4isyysp\u00e4iv\u00e4n tienoilla sek\u00e4 v\u00e4h\u00e4n siell\u00e4 t\u00e4\u00e4ll\u00e4.<\/p>\n\n\n\n<p><strong>Pi\u00e4tin\u010d\u010d\u00e4n\u00e4 26.11. Kiteell\u00e4<\/strong><\/p>\n\n\n\n<p>Karjalan kielen net\u00e4lin kunnivok\u0161i Kitien p\u00e4iv\u00e4kotilaiset vietet\u00e4h karjalan kielen ta kulttuurin p\u00e4ivy\u00e4 pikkaraisissa joukkoloissa kantelehella \u0161oitellen, kisaten, ka\u010d\u010duon karjalankielist\u00e4 kinuo \u0161ek\u00e4 \u0161ankija sri\u00e4ppien. J\u00e4rjest\u00e4j\u00e4t: Kiteen varhaiskasvatus, Hutsin eskari.<\/p>\n\n\n\n<p><strong>Paginapertti \u2013 Paginperti \u2013 Pakinapirtti, 27.11.2021 16 aigah<\/strong><\/p>\n\n\n\n<p>Karjalan kielen p\u00e4ivy roih suovattan 27.11.2021, da sin\u00e4 pi\u00e4n 16 aigah ker\u00e4vymm\u00f6 Paginpertih. Piemm\u00f6 sengi hibridannu. Vastavummo Jovensuus JoMonin tilois (Randukadu 23, luandalkerros, suom. Rantakatu 23, kellarikerros) da Zooma\u010di. Tule sin\u00e4gi da ota i\u010d\u010des lapset ker\u00e4le!<\/p>\n\n\n\n<p><strong>Karjalaine kruugu, Piirairuadopajo, 28.11.2021 12 aigah<\/strong><\/p>\n\n\n\n<p>Karjalan kielen ned\u00e4lil Karjalaine kruugu organizui\u010d\u010dou piirairuadopajua da kul\u2019tuuruprogrammua Helsingis. Pido algau pyh\u00e4npi\u00e4n 28. kylmykuudu 12 aigah. Pidoh voibi liitty\u00f6 Zoomas. Linkan voibi kyzy\u00f6: miikul.pahomov@helsinki.fi&nbsp; Tulgua terveh!<\/p>\n\n\n\n<h2 class=\"wp-block-heading\">Tiedotusv\u00e4lineiden juttuja karjalan kielen viikosta<\/h2>\n\n\n\n<p><a href=\"https:\/\/www.kaleva.fi\/oululaissisarukset-vaalivat-uhanalaista-vienankarj\/4125166\">Linkki: Kaleva 22.11.2021<\/a><\/p>\n\n\n\n<p><a href=\"https:\/\/www.maaseuduntulevaisuus.fi\/ihmiset-kulttuuri\/artikkeli-1.1646771\">Linkki: Maaseudun tulevaisuus 22.11.2021<\/a><\/p>\n\n\n\n<p><a href=\"https:\/\/www.kuhmolainen.fi\/artikkeli\/karjala-on-uhanalainen-kieli-karjalan-kielen-viikko-jarjestetaan-toisen-kerran-207924531\/\">Linkki: Kuhmolainen 22.11.2021<\/a><\/p>\n\n\n\n<p><a href=\"https:\/\/www.ylakainuu.fi\/artikkeli\/karjala-on-uhanalainen-kieli-karjalan-kielen-viikko-jarjestetaan-toisen-kerran-207962745\/\">Linkki: Yl\u00e4-Kainuu 22.11.2021<\/a><\/p>\n\n\n\n<p><a href=\"https:\/\/omamedia.ru\/news\/suomi_karjalan_kielen_viikko_alkaa_t_n_n\/?fbclid=IwAR3IAQfo1q6lyUoFwmtHenXPcYfwFWeWE0xM01sbX7WpF012y3iS-BkF9vA\">Linkki: Oma Media, Karjalan Sanomat 22.11.2021<\/a><\/p>\n\n\n\n<p><a href=\"https:\/\/www.oulu.fi\/fi\/uutiset\/mobiilipelit-houkuttelevat-opettelemaan-karjalan-kielta-ja-kulttuuria\">Linkki: Oulun yliopisto (mobiilipelit karjalaksi) 23.11.2021<\/a><\/p>\n\n\n\n<p><a href=\"https:\/\/www.youtube.com\/watch?v=2bjp3d1MMhI\">Linkki: Viestit Karjala, TV-uutiset 23.11.2021<\/a><\/p>\n\n\n\n<p><a href=\"https:\/\/kulttuuritoimitus.fi\/artikkelit-kolumnit\/kolumnit-parasta-juuri-nyt\/parasta-juuri-nyt-24-11-2021-karjalan-kieli-elay-joulu-tiernapojat-kauneimmat-joululaulut-ukkoshuilu\/\">Linkki: Kulttuuritoimitus 24.11.2021<\/a><\/p>\n\n\n\n<p><a href=\"https:\/\/www.iisalmensanomat.fi\/paikalliset\/4379177?fbclid=IwAR2dY_OeFuY4gBCAp3p3igVbGDAU0RFE9rN8T4Q8gy7csHhto5JekiyDrf0\">Linkki: Iisalmen Sanomat 24.11.2021<\/a><\/p>\n\n\n\n<p><a href=\"https:\/\/suomenkuvalehti.fi\/jutut\/kotimaa\/tyoryhman-luonnos-karjalan-kielelle-elvytyssuunnitelma-edelleen-napertelya-sanoo-aktivisti\/?shared=1202477-9c225a6f-4&amp;fbclid=IwAR2kUwkd7hsck06s5CrJ_PJ5gGv7M62FqtSXvDPFvyvMsDj9JLfRZqCXwD8\">Linkki: Suomen Kuvalehti 25.11.2021<\/a><\/p>\n\n\n\n<p><a href=\"https:\/\/areena.yle.fi\/audio\/1-50072788\">Linkki: Yle Uudizet karjalakse 26.11.2021<\/a><\/p>\n\n\n\n<p><a href=\"https:\/\/yle.fi\/uutiset\/3-12206014\">Linkki: Yle Uutiset 27.11.2021<\/a><\/p>\n\n\n\n<p><a href=\"https:\/\/areena.yle.fi\/1-50628009\">Linkki: Yle Uutiset 20.30 27.11.2021<\/a><\/p>\n","protected":false},"excerpt":{"rendered":"<p>T\u00e4lle sivulle on ker\u00e4tty linkkej\u00e4 vuoden 2021 karjalan kielen viikolla julkaistuihin teksteihin ja tietoa viikon aikana pidetyist\u00e4 tempauksista. Vuoden 2021 teema oli vuodenajat. Linkki vuoden 2021 teksteihin. Tapahtumat Karjalan kielikotvani toisarkena 23.11.21 Joven\u0161uun p\u00e4iv\u00e4kotilaisie varoin Joven\u0161uun lap\u0161ukkaiset tuttavu\u0161\u0161utah karjalan kieleh kisaten ta musiikkie kuunnellen. Sateenkaari-ryhm\u00e4l\u00e4iset \u0161uahah tiety\u00e4, jotta heij\u00e4n ryhm\u00e4n nimi onki karjalak\u0161i Ukonkuari! Pikkujoulujuhla [&hellip;]<\/p>\n","protected":false},"author":580,"featured_media":0,"parent":0,"menu_order":0,"comment_status":"closed","ping_status":"closed","template":"","meta":{"_acf_changed":false,"footnotes":""},"class_list":["post-12195","page","type-page","status-publish","hentry"],"acf":[],"yoast_head":"<!-- This site is optimized with the Yoast SEO plugin v27.1.1 - https:\/\/yoast.com\/product\/yoast-seo-wordpress\/ -->\n<title>Karjalan kielen net\u00e4li (2021) - Karjalan kielen elvytt\u00e4minen<\/title>\n<meta name=\"robots\" content=\"index, follow, max-snippet:-1, max-image-preview:large, max-video-preview:-1\" \/>\n<link rel=\"canonical\" href=\"https:\/\/blogs.uef.fi\/karjalanelvytys\/karjalan-kielen-netali-2021\/\" \/>\n<meta property=\"og:locale\" content=\"fi_FI\" \/>\n<meta property=\"og:type\" content=\"article\" \/>\n<meta property=\"og:title\" content=\"Karjalan kielen net\u00e4li (2021) - Karjalan kielen elvytt\u00e4minen\" \/>\n<meta property=\"og:description\" content=\"T\u00e4lle sivulle on ker\u00e4tty linkkej\u00e4 vuoden 2021 karjalan kielen viikolla julkaistuihin teksteihin ja tietoa viikon aikana pidetyist\u00e4 tempauksista. Vuoden 2021 teema oli vuodenajat. Linkki vuoden 2021 teksteihin. Tapahtumat Karjalan kielikotvani toisarkena 23.11.21 Joven\u0161uun p\u00e4iv\u00e4kotilaisie varoin Joven\u0161uun lap\u0161ukkaiset tuttavu\u0161\u0161utah karjalan kieleh kisaten ta musiikkie kuunnellen. Sateenkaari-ryhm\u00e4l\u00e4iset \u0161uahah tiety\u00e4, jotta heij\u00e4n ryhm\u00e4n nimi onki karjalak\u0161i Ukonkuari! Pikkujoulujuhla [&hellip;]\" \/>\n<meta property=\"og:url\" content=\"https:\/\/blogs.uef.fi\/karjalanelvytys\/karjalan-kielen-netali-2021\/\" \/>\n<meta property=\"og:site_name\" content=\"Karjalan kielen elvytt\u00e4minen\" \/>\n<meta property=\"article:modified_time\" content=\"2023-09-18T07:45:04+00:00\" \/>\n<meta name=\"twitter:card\" content=\"summary_large_image\" \/>\n<script type=\"application\/ld+json\" class=\"yoast-schema-graph\">{\"@context\":\"https:\/\/schema.org\",\"@graph\":[{\"@type\":\"WebPage\",\"@id\":\"https:\/\/blogs.uef.fi\/karjalanelvytys\/karjalan-kielen-netali-2021\/\",\"url\":\"https:\/\/blogs.uef.fi\/karjalanelvytys\/karjalan-kielen-netali-2021\/\",\"name\":\"Karjalan kielen net\u00e4li (2021) - Karjalan kielen elvytt\u00e4minen\",\"isPartOf\":{\"@id\":\"https:\/\/blogs.uef.fi\/karjalanelvytys\/#website\"},\"datePublished\":\"2023-09-18T07:45:03+00:00\",\"dateModified\":\"2023-09-18T07:45:04+00:00\",\"breadcrumb\":{\"@id\":\"https:\/\/blogs.uef.fi\/karjalanelvytys\/karjalan-kielen-netali-2021\/#breadcrumb\"},\"inLanguage\":\"fi\",\"potentialAction\":[{\"@type\":\"ReadAction\",\"target\":[\"https:\/\/blogs.uef.fi\/karjalanelvytys\/karjalan-kielen-netali-2021\/\"]}]},{\"@type\":\"BreadcrumbList\",\"@id\":\"https:\/\/blogs.uef.fi\/karjalanelvytys\/karjalan-kielen-netali-2021\/#breadcrumb\",\"itemListElement\":[{\"@type\":\"ListItem\",\"position\":1,\"name\":\"Home\",\"item\":\"https:\/\/blogs.uef.fi\/karjalanelvytys\/\"},{\"@type\":\"ListItem\",\"position\":2,\"name\":\"Karjalan kielen net\u00e4li (2021)\"}]},{\"@type\":\"WebSite\",\"@id\":\"https:\/\/blogs.uef.fi\/karjalanelvytys\/#website\",\"url\":\"https:\/\/blogs.uef.fi\/karjalanelvytys\/\",\"name\":\"Karjalan kielen elvytt\u00e4minen\",\"description\":\"\",\"potentialAction\":[{\"@type\":\"SearchAction\",\"target\":{\"@type\":\"EntryPoint\",\"urlTemplate\":\"https:\/\/blogs.uef.fi\/karjalanelvytys\/?s={search_term_string}\"},\"query-input\":{\"@type\":\"PropertyValueSpecification\",\"valueRequired\":true,\"valueName\":\"search_term_string\"}}],\"inLanguage\":\"fi\"}]}<\/script>\n<!-- \/ Yoast SEO plugin. -->","yoast_head_json":{"title":"Karjalan kielen net\u00e4li (2021) - Karjalan kielen elvytt\u00e4minen","robots":{"index":"index","follow":"follow","max-snippet":"max-snippet:-1","max-image-preview":"max-image-preview:large","max-video-preview":"max-video-preview:-1"},"canonical":"https:\/\/blogs.uef.fi\/karjalanelvytys\/karjalan-kielen-netali-2021\/","og_locale":"fi_FI","og_type":"article","og_title":"Karjalan kielen net\u00e4li (2021) - Karjalan kielen elvytt\u00e4minen","og_description":"T\u00e4lle sivulle on ker\u00e4tty linkkej\u00e4 vuoden 2021 karjalan kielen viikolla julkaistuihin teksteihin ja tietoa viikon aikana pidetyist\u00e4 tempauksista. Vuoden 2021 teema oli vuodenajat. Linkki vuoden 2021 teksteihin. Tapahtumat Karjalan kielikotvani toisarkena 23.11.21 Joven\u0161uun p\u00e4iv\u00e4kotilaisie varoin Joven\u0161uun lap\u0161ukkaiset tuttavu\u0161\u0161utah karjalan kieleh kisaten ta musiikkie kuunnellen. Sateenkaari-ryhm\u00e4l\u00e4iset \u0161uahah tiety\u00e4, jotta heij\u00e4n ryhm\u00e4n nimi onki karjalak\u0161i Ukonkuari! Pikkujoulujuhla [&hellip;]","og_url":"https:\/\/blogs.uef.fi\/karjalanelvytys\/karjalan-kielen-netali-2021\/","og_site_name":"Karjalan kielen elvytt\u00e4minen","article_modified_time":"2023-09-18T07:45:04+00:00","twitter_card":"summary_large_image","schema":{"@context":"https:\/\/schema.org","@graph":[{"@type":"WebPage","@id":"https:\/\/blogs.uef.fi\/karjalanelvytys\/karjalan-kielen-netali-2021\/","url":"https:\/\/blogs.uef.fi\/karjalanelvytys\/karjalan-kielen-netali-2021\/","name":"Karjalan kielen net\u00e4li (2021) - Karjalan kielen elvytt\u00e4minen","isPartOf":{"@id":"https:\/\/blogs.uef.fi\/karjalanelvytys\/#website"},"datePublished":"2023-09-18T07:45:03+00:00","dateModified":"2023-09-18T07:45:04+00:00","breadcrumb":{"@id":"https:\/\/blogs.uef.fi\/karjalanelvytys\/karjalan-kielen-netali-2021\/#breadcrumb"},"inLanguage":"fi","potentialAction":[{"@type":"ReadAction","target":["https:\/\/blogs.uef.fi\/karjalanelvytys\/karjalan-kielen-netali-2021\/"]}]},{"@type":"BreadcrumbList","@id":"https:\/\/blogs.uef.fi\/karjalanelvytys\/karjalan-kielen-netali-2021\/#breadcrumb","itemListElement":[{"@type":"ListItem","position":1,"name":"Home","item":"https:\/\/blogs.uef.fi\/karjalanelvytys\/"},{"@type":"ListItem","position":2,"name":"Karjalan kielen net\u00e4li (2021)"}]},{"@type":"WebSite","@id":"https:\/\/blogs.uef.fi\/karjalanelvytys\/#website","url":"https:\/\/blogs.uef.fi\/karjalanelvytys\/","name":"Karjalan kielen elvytt\u00e4minen","description":"","potentialAction":[{"@type":"SearchAction","target":{"@type":"EntryPoint","urlTemplate":"https:\/\/blogs.uef.fi\/karjalanelvytys\/?s={search_term_string}"},"query-input":{"@type":"PropertyValueSpecification","valueRequired":true,"valueName":"search_term_string"}}],"inLanguage":"fi"}]}},"_links":{"self":[{"href":"https:\/\/blogs.uef.fi\/karjalanelvytys\/wp-json\/wp\/v2\/pages\/12195","targetHints":{"allow":["GET"]}}],"collection":[{"href":"https:\/\/blogs.uef.fi\/karjalanelvytys\/wp-json\/wp\/v2\/pages"}],"about":[{"href":"https:\/\/blogs.uef.fi\/karjalanelvytys\/wp-json\/wp\/v2\/types\/page"}],"author":[{"embeddable":true,"href":"https:\/\/blogs.uef.fi\/karjalanelvytys\/wp-json\/wp\/v2\/users\/580"}],"replies":[{"embeddable":true,"href":"https:\/\/blogs.uef.fi\/karjalanelvytys\/wp-json\/wp\/v2\/comments?post=12195"}],"version-history":[{"count":2,"href":"https:\/\/blogs.uef.fi\/karjalanelvytys\/wp-json\/wp\/v2\/pages\/12195\/revisions"}],"predecessor-version":[{"id":12210,"href":"https:\/\/blogs.uef.fi\/karjalanelvytys\/wp-json\/wp\/v2\/pages\/12195\/revisions\/12210"}],"wp:attachment":[{"href":"https:\/\/blogs.uef.fi\/karjalanelvytys\/wp-json\/wp\/v2\/media?parent=12195"}],"curies":[{"name":"wp","href":"https:\/\/api.w.org\/{rel}","templated":true}]}}