{"id":11515,"date":"2023-08-21T09:58:35","date_gmt":"2023-08-21T06:58:35","guid":{"rendered":"https:\/\/blogs.uef.fi\/karjalanelvytys\/?page_id=11515"},"modified":"2023-08-21T09:58:35","modified_gmt":"2023-08-21T06:58:35","slug":"kieliyhteison-kirjoitukset","status":"publish","type":"page","link":"https:\/\/blogs.uef.fi\/karjalanelvytys\/kieliyhteison-kirjoitukset\/","title":{"rendered":"Kieliyhteis\u00f6n kirjoitukset"},"content":{"rendered":"\n<p>Elvytyshankkeen blogissa voidaan julkaista my\u00f6s kieliyhteis\u00f6n j\u00e4senten kirjoittamia tekstej\u00e4. Julkaisemme t\u00e4llaisia tekstej\u00e4 etenkin marraskuussa karjalan kielen viikolla.<\/p>\n\n\n\n<p>Karjalazet kirjutetah: <a href=\"https:\/\/blogs.uef.fi\/karjalanelvytys\/karjalazet-kirjutetah\/\" target=\"_blank\" rel=\"noreferrer noopener\">linkki kieliyhteis\u00f6n j\u00e4senten elvytyshankkeelle l\u00e4hett\u00e4miin teksteihin<\/a><\/p>\n\n\n\n<p>Karjalan kielen viikko: <a href=\"https:\/\/blogs.uef.fi\/karjalanelvytys\/karjalan-kielen-netali\/\" target=\"_blank\" rel=\"noreferrer noopener\">linkki karjalan kielen viikoilla julkaistuihin teksteihin<\/a><\/p>\n","protected":false},"excerpt":{"rendered":"<p>Elvytyshankkeen blogissa voidaan julkaista my\u00f6s kieliyhteis\u00f6n j\u00e4senten kirjoittamia tekstej\u00e4. Julkaisemme t\u00e4llaisia tekstej\u00e4 etenkin marraskuussa karjalan kielen viikolla. Karjalazet kirjutetah: linkki kieliyhteis\u00f6n j\u00e4senten elvytyshankkeelle l\u00e4hett\u00e4miin teksteihin Karjalan kielen viikko: linkki karjalan kielen viikoilla julkaistuihin teksteihin<\/p>\n","protected":false},"author":580,"featured_media":0,"parent":0,"menu_order":0,"comment_status":"closed","ping_status":"closed","template":"","meta":{"_acf_changed":false,"footnotes":""},"class_list":["post-11515","page","type-page","status-publish","hentry"],"acf":[],"yoast_head":"<!-- This site is optimized with the Yoast SEO plugin v27.1.1 - https:\/\/yoast.com\/product\/yoast-seo-wordpress\/ -->\n<title>Kieliyhteis\u00f6n kirjoitukset - Karjalan kielen elvytt\u00e4minen<\/title>\n<meta name=\"robots\" content=\"index, follow, max-snippet:-1, max-image-preview:large, max-video-preview:-1\" \/>\n<link rel=\"canonical\" href=\"https:\/\/blogs.uef.fi\/karjalanelvytys\/kieliyhteison-kirjoitukset\/\" \/>\n<meta property=\"og:locale\" content=\"fi_FI\" \/>\n<meta property=\"og:type\" content=\"article\" \/>\n<meta property=\"og:title\" content=\"Kieliyhteis\u00f6n kirjoitukset - Karjalan kielen elvytt\u00e4minen\" \/>\n<meta property=\"og:description\" content=\"Elvytyshankkeen blogissa voidaan julkaista my\u00f6s kieliyhteis\u00f6n j\u00e4senten kirjoittamia tekstej\u00e4. Julkaisemme t\u00e4llaisia tekstej\u00e4 etenkin marraskuussa karjalan kielen viikolla. Karjalazet kirjutetah: linkki kieliyhteis\u00f6n j\u00e4senten elvytyshankkeelle l\u00e4hett\u00e4miin teksteihin Karjalan kielen viikko: linkki karjalan kielen viikoilla julkaistuihin teksteihin\" \/>\n<meta property=\"og:url\" content=\"https:\/\/blogs.uef.fi\/karjalanelvytys\/kieliyhteison-kirjoitukset\/\" \/>\n<meta property=\"og:site_name\" content=\"Karjalan kielen elvytt\u00e4minen\" \/>\n<meta name=\"twitter:card\" content=\"summary_large_image\" \/>\n<script type=\"application\/ld+json\" class=\"yoast-schema-graph\">{\"@context\":\"https:\/\/schema.org\",\"@graph\":[{\"@type\":\"WebPage\",\"@id\":\"https:\/\/blogs.uef.fi\/karjalanelvytys\/kieliyhteison-kirjoitukset\/\",\"url\":\"https:\/\/blogs.uef.fi\/karjalanelvytys\/kieliyhteison-kirjoitukset\/\",\"name\":\"Kieliyhteis\u00f6n kirjoitukset - Karjalan kielen elvytt\u00e4minen\",\"isPartOf\":{\"@id\":\"https:\/\/blogs.uef.fi\/karjalanelvytys\/#website\"},\"datePublished\":\"2023-08-21T06:58:35+00:00\",\"breadcrumb\":{\"@id\":\"https:\/\/blogs.uef.fi\/karjalanelvytys\/kieliyhteison-kirjoitukset\/#breadcrumb\"},\"inLanguage\":\"fi\",\"potentialAction\":[{\"@type\":\"ReadAction\",\"target\":[\"https:\/\/blogs.uef.fi\/karjalanelvytys\/kieliyhteison-kirjoitukset\/\"]}]},{\"@type\":\"BreadcrumbList\",\"@id\":\"https:\/\/blogs.uef.fi\/karjalanelvytys\/kieliyhteison-kirjoitukset\/#breadcrumb\",\"itemListElement\":[{\"@type\":\"ListItem\",\"position\":1,\"name\":\"Home\",\"item\":\"https:\/\/blogs.uef.fi\/karjalanelvytys\/\"},{\"@type\":\"ListItem\",\"position\":2,\"name\":\"Kieliyhteis\u00f6n kirjoitukset\"}]},{\"@type\":\"WebSite\",\"@id\":\"https:\/\/blogs.uef.fi\/karjalanelvytys\/#website\",\"url\":\"https:\/\/blogs.uef.fi\/karjalanelvytys\/\",\"name\":\"Karjalan kielen elvytt\u00e4minen\",\"description\":\"\",\"potentialAction\":[{\"@type\":\"SearchAction\",\"target\":{\"@type\":\"EntryPoint\",\"urlTemplate\":\"https:\/\/blogs.uef.fi\/karjalanelvytys\/?s={search_term_string}\"},\"query-input\":{\"@type\":\"PropertyValueSpecification\",\"valueRequired\":true,\"valueName\":\"search_term_string\"}}],\"inLanguage\":\"fi\"}]}<\/script>\n<!-- \/ Yoast SEO plugin. -->","yoast_head_json":{"title":"Kieliyhteis\u00f6n kirjoitukset - Karjalan kielen elvytt\u00e4minen","robots":{"index":"index","follow":"follow","max-snippet":"max-snippet:-1","max-image-preview":"max-image-preview:large","max-video-preview":"max-video-preview:-1"},"canonical":"https:\/\/blogs.uef.fi\/karjalanelvytys\/kieliyhteison-kirjoitukset\/","og_locale":"fi_FI","og_type":"article","og_title":"Kieliyhteis\u00f6n kirjoitukset - Karjalan kielen elvytt\u00e4minen","og_description":"Elvytyshankkeen blogissa voidaan julkaista my\u00f6s kieliyhteis\u00f6n j\u00e4senten kirjoittamia tekstej\u00e4. Julkaisemme t\u00e4llaisia tekstej\u00e4 etenkin marraskuussa karjalan kielen viikolla. Karjalazet kirjutetah: linkki kieliyhteis\u00f6n j\u00e4senten elvytyshankkeelle l\u00e4hett\u00e4miin teksteihin Karjalan kielen viikko: linkki karjalan kielen viikoilla julkaistuihin teksteihin","og_url":"https:\/\/blogs.uef.fi\/karjalanelvytys\/kieliyhteison-kirjoitukset\/","og_site_name":"Karjalan kielen elvytt\u00e4minen","twitter_card":"summary_large_image","schema":{"@context":"https:\/\/schema.org","@graph":[{"@type":"WebPage","@id":"https:\/\/blogs.uef.fi\/karjalanelvytys\/kieliyhteison-kirjoitukset\/","url":"https:\/\/blogs.uef.fi\/karjalanelvytys\/kieliyhteison-kirjoitukset\/","name":"Kieliyhteis\u00f6n kirjoitukset - Karjalan kielen elvytt\u00e4minen","isPartOf":{"@id":"https:\/\/blogs.uef.fi\/karjalanelvytys\/#website"},"datePublished":"2023-08-21T06:58:35+00:00","breadcrumb":{"@id":"https:\/\/blogs.uef.fi\/karjalanelvytys\/kieliyhteison-kirjoitukset\/#breadcrumb"},"inLanguage":"fi","potentialAction":[{"@type":"ReadAction","target":["https:\/\/blogs.uef.fi\/karjalanelvytys\/kieliyhteison-kirjoitukset\/"]}]},{"@type":"BreadcrumbList","@id":"https:\/\/blogs.uef.fi\/karjalanelvytys\/kieliyhteison-kirjoitukset\/#breadcrumb","itemListElement":[{"@type":"ListItem","position":1,"name":"Home","item":"https:\/\/blogs.uef.fi\/karjalanelvytys\/"},{"@type":"ListItem","position":2,"name":"Kieliyhteis\u00f6n kirjoitukset"}]},{"@type":"WebSite","@id":"https:\/\/blogs.uef.fi\/karjalanelvytys\/#website","url":"https:\/\/blogs.uef.fi\/karjalanelvytys\/","name":"Karjalan kielen elvytt\u00e4minen","description":"","potentialAction":[{"@type":"SearchAction","target":{"@type":"EntryPoint","urlTemplate":"https:\/\/blogs.uef.fi\/karjalanelvytys\/?s={search_term_string}"},"query-input":{"@type":"PropertyValueSpecification","valueRequired":true,"valueName":"search_term_string"}}],"inLanguage":"fi"}]}},"_links":{"self":[{"href":"https:\/\/blogs.uef.fi\/karjalanelvytys\/wp-json\/wp\/v2\/pages\/11515","targetHints":{"allow":["GET"]}}],"collection":[{"href":"https:\/\/blogs.uef.fi\/karjalanelvytys\/wp-json\/wp\/v2\/pages"}],"about":[{"href":"https:\/\/blogs.uef.fi\/karjalanelvytys\/wp-json\/wp\/v2\/types\/page"}],"author":[{"embeddable":true,"href":"https:\/\/blogs.uef.fi\/karjalanelvytys\/wp-json\/wp\/v2\/users\/580"}],"replies":[{"embeddable":true,"href":"https:\/\/blogs.uef.fi\/karjalanelvytys\/wp-json\/wp\/v2\/comments?post=11515"}],"version-history":[{"count":1,"href":"https:\/\/blogs.uef.fi\/karjalanelvytys\/wp-json\/wp\/v2\/pages\/11515\/revisions"}],"predecessor-version":[{"id":11524,"href":"https:\/\/blogs.uef.fi\/karjalanelvytys\/wp-json\/wp\/v2\/pages\/11515\/revisions\/11524"}],"wp:attachment":[{"href":"https:\/\/blogs.uef.fi\/karjalanelvytys\/wp-json\/wp\/v2\/media?parent=11515"}],"curies":[{"name":"wp","href":"https:\/\/api.w.org\/{rel}","templated":true}]}}