{"id":11458,"date":"2023-08-21T10:29:24","date_gmt":"2023-08-21T07:29:24","guid":{"rendered":"https:\/\/blogs.uef.fi\/karjalanelvytys\/?page_id=11458"},"modified":"2026-01-21T15:33:46","modified_gmt":"2026-01-21T13:33:46","slug":"karjalankieliset-materiaalit","status":"publish","type":"page","link":"https:\/\/blogs.uef.fi\/karjalanelvytys\/karjalankieliset-materiaalit\/","title":{"rendered":"Karjalankieliset materiaalit"},"content":{"rendered":"<p>T\u00e4lle sivulle on koottu linkkej\u00e4 elvytyshankkeen blogissa julkaistuihin karjalankielisiin materiaaleihin. Materiaalit on ryhmitelty muodon mukaan, mutta niit\u00e4 voi halutessaan selata my\u00f6s jaoteltuina karjalan kielen eri murteisiin: <a href=\"https:\/\/blogs.uef.fi\/karjalanelvytys\/materiaalit-murteittain\/\">linkki materiaaleihin murteittain<\/a>.<\/p>\n<h1>Audio ja video<\/h1>\n<p><a href=\"https:\/\/blogs.uef.fi\/karjalanelvytys\/videot\/\" rel=\"noopener\">Videot<\/a><\/p>\n<p><a href=\"https:\/\/blogs.uef.fi\/karjalanelvytys\/audio\/\">\u00c4\u00e4nimateriaalit<\/a><\/p>\n<h1>Sanastot<\/h1>\n<p><a href=\"https:\/\/blogs.uef.fi\/karjalanelvytys\/sanastoryhman-sanastoja\/\">Sanastoryhm\u00e4n sanastot<\/a><\/p>\n<p><a href=\"https:\/\/blogs.uef.fi\/karjalanelvytys\/muita-sanastoja\/\">Muut sanastot<\/a><\/p>\n<h1>Tekstit<\/h1>\n<p><a href=\"https:\/\/blogs.uef.fi\/karjalanelvytys\/kurssien-kirjoitukset\/\">Kurssien kirjoitukset<\/a><\/p>\n<p><a href=\"https:\/\/blogs.uef.fi\/karjalanelvytys\/kieliyhteison-kirjoitukset\/\">Kieliyhteis\u00f6n kirjoitukset<\/a><\/p>\n<p><a href=\"https:\/\/blogs.uef.fi\/karjalanelvytys\/sananen-karjalaksi\/\">Sanaine karjalakse<\/a><\/p>\n<p><a href=\"https:\/\/blogs.uef.fi\/karjalanelvytys\/meidy-on-olemas-kirja-karjalaisista-nuorista\/\">Meidy on olemas -kirja karjalaisista nuorista<\/a><\/p>\n<p><a href=\"https:\/\/blogs.uef.fi\/karjalanelvytys\/karjalaini-nimisto\/\">Karjalaini nimist\u00f6 -sivu<\/a><\/p>\n<p><a href=\"https:\/\/blogs.uef.fi\/karjalanelvytys\/koirien-elostu-koirien-elamaa\/\">Koirien elostu \u2013 Koirien el\u00e4m\u00e4\u00e4 -tekstit<\/a><\/p>\n<p><a href=\"https:\/\/blogs.uef.fi\/karjalanelvytys\/taitonayttely-olemma-elamma-pakajamma-kieli-matkuau-mian-keralla\/\">Olemma, el\u00e4mm\u00e4, pakajamma \u2013 Kieli matkuau mi\u00e4n keralla -taiden\u00e4yttely<\/a><\/p>\n<p><a href=\"https:\/\/blogs.uef.fi\/karjalanelvytys\/suojarven-pitajaseuran-kokoama-naytelmatekstikorpus\/\">Suoj\u00e4rven Pit\u00e4j\u00e4seuran kokoama n\u00e4ytelm\u00e4tekstikorpus<\/a><\/p>\n<p><a href=\"https:\/\/blogs.uef.fi\/karjalanelvytys\/suojarven-pitajaseuran-paavo-harakan-lehtikirjoituskorpus\/\">Suoj\u00e4rven Pit\u00e4j\u00e4seuran kokoama Paavo Harakan lehtikirjoituskorpus<\/a><\/p>\n<p><a href=\"https:\/\/blogs.uef.fi\/karjalanelvytys\/omah-kieleh-tekstakogomus\/\">Helsingin Suoj\u00e4rvi-seuran Kielikerahmon tekstikokoelma<\/a><\/p>\n<p><a href=\"https:\/\/blogs.uef.fi\/karjalanelvytys\/paavo-harakan-starinakiannokset\/\">Paavo Harakan starinaki\u00e4nn\u00f6kset<\/a><\/p>\n<p><a href=\"https:\/\/blogs.uef.fi\/karjalanelvytys\/karjalankielisia-lauluja-aikuisille\/\">Karjalankielisi\u00e4 lauluja aikuisille<\/a><\/p>\n<p><a href=\"https:\/\/blogs.uef.fi\/karjalanelvytys\/joulukalenterit\/\">Joulu- ja muut kalenterit<\/a><\/p>\n<p><a href=\"https:\/\/blogs.uef.fi\/karjalanelvytys\/karjalankielizet-retseptat\/\">Reseptat karjalakse<\/a><\/p>\n<p><a href=\"https:\/\/blogs.uef.fi\/karjalanelvytys\/loruhetket-karjalaksi\/\">Karjalankieliset lorukortit<\/a><\/p>\n<p><a href=\"https:\/\/blogs.uef.fi\/karjalanelvytys\/rostuonlaulut-karjalaksi\/\" target=\"_blank\" rel=\"noopener\">Ro\u0161tuonlaulut vienankarjalak\u0161i<\/a><\/p>\n<p><a href=\"https:\/\/blogs.uef.fi\/karjalanelvytys\/koykan-outin-pakinat-kuuntelet-kacot-opassut\/\" target=\"_blank\" rel=\"noopener\">K\u00f6yk\u00e4n Outin starinat: kuuntelet, ka\u010dot, opa\u0161\u0161ut<\/a><\/p>\n\n\n<h1 class=\"wp-block-heading\">Opetusresurssit<\/h1>\n\n\n\n<p><a href=\"https:\/\/blogs.uef.fi\/karjalanelvytys\/opetusresurssit\/\">Oppimateriaalit ja harjoitukset<\/a><\/p>\n\n\n\n<p><a href=\"https:\/\/blogs.uef.fi\/karjalanelvytys\/lapsien-cuppu\/\">Materiaalit lapsille (Lapsien \u010duppu)<\/a><\/p>\n","protected":false},"excerpt":{"rendered":"<p>T\u00e4lle sivulle on koottu linkkej\u00e4 elvytyshankkeen blogissa julkaistuihin karjalankielisiin materiaaleihin. Materiaalit on ryhmitelty muodon mukaan, mutta niit\u00e4 voi halutessaan selata my\u00f6s jaoteltuina karjalan kielen eri murteisiin: linkki materiaaleihin murteittain. Audio ja video Videot \u00c4\u00e4nimateriaalit Sanastot Sanastoryhm\u00e4n sanastot Muut sanastot Tekstit Kurssien kirjoitukset Kieliyhteis\u00f6n kirjoitukset Sanaine karjalakse Meidy on olemas -kirja karjalaisista nuorista Karjalaini nimist\u00f6 -sivu [&hellip;]<\/p>\n","protected":false},"author":580,"featured_media":0,"parent":0,"menu_order":0,"comment_status":"closed","ping_status":"closed","template":"","meta":{"_acf_changed":false,"footnotes":""},"class_list":["post-11458","page","type-page","status-publish","hentry"],"acf":[],"yoast_head":"<!-- This site is optimized with the Yoast SEO plugin v27.1.1 - https:\/\/yoast.com\/product\/yoast-seo-wordpress\/ -->\n<title>Karjalankieliset materiaalit - Karjalan kielen elvytt\u00e4minen<\/title>\n<meta name=\"robots\" content=\"index, follow, max-snippet:-1, max-image-preview:large, max-video-preview:-1\" \/>\n<link rel=\"canonical\" href=\"https:\/\/blogs.uef.fi\/karjalanelvytys\/karjalankieliset-materiaalit\/\" \/>\n<meta property=\"og:locale\" content=\"fi_FI\" \/>\n<meta property=\"og:type\" content=\"article\" \/>\n<meta property=\"og:title\" content=\"Karjalankieliset materiaalit - Karjalan kielen elvytt\u00e4minen\" \/>\n<meta property=\"og:description\" content=\"T\u00e4lle sivulle on koottu linkkej\u00e4 elvytyshankkeen blogissa julkaistuihin karjalankielisiin materiaaleihin. Materiaalit on ryhmitelty muodon mukaan, mutta niit\u00e4 voi halutessaan selata my\u00f6s jaoteltuina karjalan kielen eri murteisiin: linkki materiaaleihin murteittain. Audio ja video Videot \u00c4\u00e4nimateriaalit Sanastot Sanastoryhm\u00e4n sanastot Muut sanastot Tekstit Kurssien kirjoitukset Kieliyhteis\u00f6n kirjoitukset Sanaine karjalakse Meidy on olemas -kirja karjalaisista nuorista Karjalaini nimist\u00f6 -sivu [&hellip;]\" \/>\n<meta property=\"og:url\" content=\"https:\/\/blogs.uef.fi\/karjalanelvytys\/karjalankieliset-materiaalit\/\" \/>\n<meta property=\"og:site_name\" content=\"Karjalan kielen elvytt\u00e4minen\" \/>\n<meta property=\"article:modified_time\" content=\"2026-01-21T13:33:46+00:00\" \/>\n<meta name=\"twitter:card\" content=\"summary_large_image\" \/>\n<meta name=\"twitter:label1\" content=\"Arvioitu lukuaika\" \/>\n\t<meta name=\"twitter:data1\" content=\"1 minuutti\" \/>\n<script type=\"application\/ld+json\" class=\"yoast-schema-graph\">{\"@context\":\"https:\/\/schema.org\",\"@graph\":[{\"@type\":\"WebPage\",\"@id\":\"https:\/\/blogs.uef.fi\/karjalanelvytys\/karjalankieliset-materiaalit\/\",\"url\":\"https:\/\/blogs.uef.fi\/karjalanelvytys\/karjalankieliset-materiaalit\/\",\"name\":\"Karjalankieliset materiaalit - Karjalan kielen elvytt\u00e4minen\",\"isPartOf\":{\"@id\":\"https:\/\/blogs.uef.fi\/karjalanelvytys\/#website\"},\"datePublished\":\"2023-08-21T07:29:24+00:00\",\"dateModified\":\"2026-01-21T13:33:46+00:00\",\"breadcrumb\":{\"@id\":\"https:\/\/blogs.uef.fi\/karjalanelvytys\/karjalankieliset-materiaalit\/#breadcrumb\"},\"inLanguage\":\"fi\",\"potentialAction\":[{\"@type\":\"ReadAction\",\"target\":[\"https:\/\/blogs.uef.fi\/karjalanelvytys\/karjalankieliset-materiaalit\/\"]}]},{\"@type\":\"BreadcrumbList\",\"@id\":\"https:\/\/blogs.uef.fi\/karjalanelvytys\/karjalankieliset-materiaalit\/#breadcrumb\",\"itemListElement\":[{\"@type\":\"ListItem\",\"position\":1,\"name\":\"Home\",\"item\":\"https:\/\/blogs.uef.fi\/karjalanelvytys\/\"},{\"@type\":\"ListItem\",\"position\":2,\"name\":\"Karjalankieliset materiaalit\"}]},{\"@type\":\"WebSite\",\"@id\":\"https:\/\/blogs.uef.fi\/karjalanelvytys\/#website\",\"url\":\"https:\/\/blogs.uef.fi\/karjalanelvytys\/\",\"name\":\"Karjalan kielen elvytt\u00e4minen\",\"description\":\"\",\"potentialAction\":[{\"@type\":\"SearchAction\",\"target\":{\"@type\":\"EntryPoint\",\"urlTemplate\":\"https:\/\/blogs.uef.fi\/karjalanelvytys\/?s={search_term_string}\"},\"query-input\":{\"@type\":\"PropertyValueSpecification\",\"valueRequired\":true,\"valueName\":\"search_term_string\"}}],\"inLanguage\":\"fi\"}]}<\/script>\n<!-- \/ Yoast SEO plugin. -->","yoast_head_json":{"title":"Karjalankieliset materiaalit - Karjalan kielen elvytt\u00e4minen","robots":{"index":"index","follow":"follow","max-snippet":"max-snippet:-1","max-image-preview":"max-image-preview:large","max-video-preview":"max-video-preview:-1"},"canonical":"https:\/\/blogs.uef.fi\/karjalanelvytys\/karjalankieliset-materiaalit\/","og_locale":"fi_FI","og_type":"article","og_title":"Karjalankieliset materiaalit - Karjalan kielen elvytt\u00e4minen","og_description":"T\u00e4lle sivulle on koottu linkkej\u00e4 elvytyshankkeen blogissa julkaistuihin karjalankielisiin materiaaleihin. Materiaalit on ryhmitelty muodon mukaan, mutta niit\u00e4 voi halutessaan selata my\u00f6s jaoteltuina karjalan kielen eri murteisiin: linkki materiaaleihin murteittain. Audio ja video Videot \u00c4\u00e4nimateriaalit Sanastot Sanastoryhm\u00e4n sanastot Muut sanastot Tekstit Kurssien kirjoitukset Kieliyhteis\u00f6n kirjoitukset Sanaine karjalakse Meidy on olemas -kirja karjalaisista nuorista Karjalaini nimist\u00f6 -sivu [&hellip;]","og_url":"https:\/\/blogs.uef.fi\/karjalanelvytys\/karjalankieliset-materiaalit\/","og_site_name":"Karjalan kielen elvytt\u00e4minen","article_modified_time":"2026-01-21T13:33:46+00:00","twitter_card":"summary_large_image","twitter_misc":{"Arvioitu lukuaika":"1 minuutti"},"schema":{"@context":"https:\/\/schema.org","@graph":[{"@type":"WebPage","@id":"https:\/\/blogs.uef.fi\/karjalanelvytys\/karjalankieliset-materiaalit\/","url":"https:\/\/blogs.uef.fi\/karjalanelvytys\/karjalankieliset-materiaalit\/","name":"Karjalankieliset materiaalit - Karjalan kielen elvytt\u00e4minen","isPartOf":{"@id":"https:\/\/blogs.uef.fi\/karjalanelvytys\/#website"},"datePublished":"2023-08-21T07:29:24+00:00","dateModified":"2026-01-21T13:33:46+00:00","breadcrumb":{"@id":"https:\/\/blogs.uef.fi\/karjalanelvytys\/karjalankieliset-materiaalit\/#breadcrumb"},"inLanguage":"fi","potentialAction":[{"@type":"ReadAction","target":["https:\/\/blogs.uef.fi\/karjalanelvytys\/karjalankieliset-materiaalit\/"]}]},{"@type":"BreadcrumbList","@id":"https:\/\/blogs.uef.fi\/karjalanelvytys\/karjalankieliset-materiaalit\/#breadcrumb","itemListElement":[{"@type":"ListItem","position":1,"name":"Home","item":"https:\/\/blogs.uef.fi\/karjalanelvytys\/"},{"@type":"ListItem","position":2,"name":"Karjalankieliset materiaalit"}]},{"@type":"WebSite","@id":"https:\/\/blogs.uef.fi\/karjalanelvytys\/#website","url":"https:\/\/blogs.uef.fi\/karjalanelvytys\/","name":"Karjalan kielen elvytt\u00e4minen","description":"","potentialAction":[{"@type":"SearchAction","target":{"@type":"EntryPoint","urlTemplate":"https:\/\/blogs.uef.fi\/karjalanelvytys\/?s={search_term_string}"},"query-input":{"@type":"PropertyValueSpecification","valueRequired":true,"valueName":"search_term_string"}}],"inLanguage":"fi"}]}},"_links":{"self":[{"href":"https:\/\/blogs.uef.fi\/karjalanelvytys\/wp-json\/wp\/v2\/pages\/11458","targetHints":{"allow":["GET"]}}],"collection":[{"href":"https:\/\/blogs.uef.fi\/karjalanelvytys\/wp-json\/wp\/v2\/pages"}],"about":[{"href":"https:\/\/blogs.uef.fi\/karjalanelvytys\/wp-json\/wp\/v2\/types\/page"}],"author":[{"embeddable":true,"href":"https:\/\/blogs.uef.fi\/karjalanelvytys\/wp-json\/wp\/v2\/users\/580"}],"replies":[{"embeddable":true,"href":"https:\/\/blogs.uef.fi\/karjalanelvytys\/wp-json\/wp\/v2\/comments?post=11458"}],"version-history":[{"count":2,"href":"https:\/\/blogs.uef.fi\/karjalanelvytys\/wp-json\/wp\/v2\/pages\/11458\/revisions"}],"predecessor-version":[{"id":23204,"href":"https:\/\/blogs.uef.fi\/karjalanelvytys\/wp-json\/wp\/v2\/pages\/11458\/revisions\/23204"}],"wp:attachment":[{"href":"https:\/\/blogs.uef.fi\/karjalanelvytys\/wp-json\/wp\/v2\/media?parent=11458"}],"curies":[{"name":"wp","href":"https:\/\/api.w.org\/{rel}","templated":true}]}}