{"id":11047,"date":"2023-06-16T14:48:59","date_gmt":"2023-06-16T11:48:59","guid":{"rendered":"https:\/\/blogs.uef.fi\/karjalanelvytys\/?page_id=11047"},"modified":"2023-06-16T14:48:59","modified_gmt":"2023-06-16T11:48:59","slug":"karjalan-kielen-painetut-sanakirjat","status":"publish","type":"page","link":"https:\/\/blogs.uef.fi\/karjalanelvytys\/karjalan-kielen-painetut-sanakirjat\/","title":{"rendered":"Karjalan kielen painetut sanakirjat"},"content":{"rendered":"<p>T\u00e4lle sivulle on ker\u00e4tty luettelo painetuista karjalan kielen sanakirjoista. Luettelossa on mukana sek\u00e4 yksi- ett\u00e4 monikielisi\u00e4 sanakirjoja. Useimmissa monikielisiss\u00e4 sanakirjoissa k\u00e4ytet\u00e4\u00e4n karjalan lis\u00e4ksi suomea tai ven\u00e4j\u00e4\u00e4.<\/p>\n<p>Listalla on useita sanakirjoja, joita ei t\u00e4ll\u00e4 hetkell\u00e4 ole mahdollista ostaa mist\u00e4\u00e4n. N\u00e4it\u00e4 vanhempiakin sanakirjoja voi kuitenkin l\u00f6yt\u00e4\u00e4 esimerkiksi kirpputoreilta tai antikvariaateista. Sanakirjoista useimmat, my\u00f6s harvinaisimmat ja vanhimmat, kuuluvat useiden eri kirjastojen valikoimiin.<\/p>\n<hr \/>\n<p><strong>Fedotova, V. P., Bojko, T. P.<\/strong> 2009: Slovar&#8217; sobstvenno-karel&#8217;skih govorov Karelii\u00a0 = Karjalan var\u0161inaismurtehien \u0161anakirja. Petrozavodsk : U\u010dre\u017edenie Rossijskoj akademii nauk, Insitut \u00e2zyka, literatury i istorii Karel&#8217;skogo nau\u010dnogo centra RAN 2009.<\/p>\n<p><strong>Fedotova, V. P.<\/strong> Rossijska\u00e2 akademi\u00e2 nauk. Karel&#8217;skij nau\u010dnyj centr. Institut\u00e2zyka, literatury i istorii 2002: Deskriptivnye glagoly v karel&#8217;skom \u00e2zyke : slovar&#8217; = Karlalan kielen deskriptiiviverbit. Petrozavodsk : Periodika.<\/p>\n<p><strong>Fedotova, V. P.<\/strong> Rossijska\u00e2 Akademi\u00e2 nauk, Karel&#8217;skij Nau\u010dnyj Centr. Institut\u00e2zyka, literatury i istorii 2001: Kratkij frazeologi\u010deskij slovar&#8217; karel&#8217;skogo \u00e2zyka : sobstvenno- karel&#8217;skoe i livvikovskoe nare\u010di\u00e2 = Vienan karjalan fraseologini sanakirja = Livvin karjalan frazeologine sanakniigu. Petrozavodsk : Periodika.<\/p>\n<p><strong>Fedotova, V. P.<\/strong> 2000: Frazeologi\u010deskij slovar&#8217; karel&#8217;skogo \u00e2zyka. Petrozavodsk : Kareli\u00e2.<\/p>\n<p><strong>Filippova, E.<\/strong> 2009: Russko-karel&#8217;skij razgovornik : Ven&#8217;alas-karjalaine paginsanakirju. Petrozavodsk : Periodika.<\/p>\n<p><strong>Filippova, E.<\/strong>, <strong>Knuuttila, S.<\/strong> 2011: K\u00e4yt\u00e4nn\u00f6n karjalaa. Karjalan Kielen Seura ry.<\/p>\n<p><strong>Genetz, A.<\/strong> 1887: Tutkimus Aunuksen kielest\u00e4 : kielenn\u00e4ytteit\u00e4, sanakirja ja kielioppi. Helsinki.<\/p>\n<p><strong>Genetz, A.<\/strong> 1880: Tutkimus Ven\u00e4j\u00e4n kielest\u00e4 : kielenn\u00e4ytteit\u00e4, sanakirja ja kielioppi. Helsinki.<\/p>\n<p><strong>Hakulinen, L.<\/strong>,<strong> Kalima, J.<\/strong>,<strong> Uotila, T. E.<\/strong> 1942: It\u00e4-Karjalan murreopas. \u00c4\u00e4nne- ja muoto-oppia, tekstej\u00e4 sek\u00e4 sanastoa. Helsinki: Otava.<\/p>\n<p><strong>Jahn, E. <\/strong>Sanari: karjala-suomi. Lohja: Suoj\u00e4rven Pit\u00e4j\u00e4seura Ry.<\/p>\n<p><strong>Kalima, J.<\/strong> 1952: Slaavilaisper\u00e4inen sanastomme. Tutkimus it\u00e4merensuomalaisten kielten slaavilaisista lainoista. Suomalaisen Kirjallisuuden Seuran toimituksia 234. Helsinki: Suomalaisen Kirjallisuuden Seura.<\/p>\n<p><strong>Kujola, J.<\/strong> 1910: \u00c4\u00e4nneopillinen tutkimus Salmin murteesta. Helsinki: Suomalaisen Kirjallisuuden Seura.<\/p>\n<p><strong>Kukk, T.<\/strong> 1987: Slovoobrazovanie nare\u010dii v karel&#8217;skom \u00e2zyke. Tartu : Tartuskij gosudarstvennyj universitet.<\/p>\n<p><strong>Makarov, G. N.<\/strong>,<strong> Salo, I. V.<\/strong>,<strong> Eliseev, Ju. S.<\/strong> 1990: Slovar&#8217; karel&#8217;skogo jazyka : livvikovskij dialekt. Petrozavodsk : Karelija.<\/p>\n<p><strong>Makarov, G. N.<\/strong> 1975: Russko-karel&#8217;skij slovar&#8217;. Petrozavodsk : Karelija.<\/p>\n<p><strong>Mamontova, N.<\/strong>, <strong>Mullonen, I.<\/strong> 1991: Pribaltijsko-finskaja geografi\u010deskaja leksika Karelii. Petrozavodsk : Karel&#8217;skij nau\u010dnyj centr RAN.<\/p>\n<p>\u0160kolasanasto 2000 (<strong>L. F. Markianova<\/strong>) \/ Koulu\u0161ana\u0161to 2001\/2015 (<strong>V. I. Karakina<\/strong>, t\u00e4ydent\u00e4nyt <strong>J. Karakina<\/strong>)<\/p>\n<p>Yhteiskunnallis-poliittine sanasto A-O 2003 (<strong>L. F. Markianova<\/strong>) \/ Yhteiskunnallis-poliittini \u0161ana\u0161to A-O 2003 (<strong>V. I. Karakina<\/strong>)<\/p>\n<p>Yhteiskunnallis-poliittine sanasto P-\u00d6 2004 (<strong>L. F. Markianova<\/strong>) \/ Yhteiskunnallis-poliittini \u0161ana\u0161to P\u2013\u00d6 2005 (<strong>V. I. Karakina<\/strong>)<\/p>\n<p>Fauna- da florasanasto 2005 (<strong>L.F. Markianova<\/strong>) \/ Flora- ta fauna\u0161ana\u0161to 2005 (<strong>V. I. Karakina<\/strong>)<\/p>\n<p><strong>Markianova, L. F.<\/strong>, <strong>Py\u00f6li, R.<\/strong>, <strong>Salmi-s\u00e4\u00e4ti\u00f6<\/strong> 2008: Sanakirja suomi-karjala. Kuopio : Salmi-S\u00e4\u00e4ti\u00f6.<\/p>\n<p><strong>Markianova, L.<\/strong>, <strong>Boiko. T<\/strong>. 1996: Karjal-venalaine sanakniigu (Li\u00fcgi) : l\u00e4s 8000 sanua = Karel&#8217;sko-russkij slovar&#8217; (livvikovskoe nare\u010die) : okolo 800 slov. Petroskoi : Karjala.<\/p>\n<p><strong>Markianova, L.<\/strong> 1985: Glagol&#8217;noe slovoobrazovanie v karel&#8217;skom \u00e2zyke. Petrozavodsk : Kareli\u00e2.<\/p>\n<p><strong>Mensonen, A. <\/strong>2018. Sanondoi. Helsinki: Karjalan Kielen Seura Ry.<\/p>\n<p><strong>Mensonen, A. <\/strong>2018. Sananpolvii da sanoi. Helsinki: Karjalan Kielen Seura Ry.<\/p>\n<p><strong>Mullonen, I.<\/strong> 2008: Toponimi\u00e2 Zaonez&#8217;\u030ca : slovar&#8217; s istoriko-kul&#8217;turnymi kommentari\u00e2mi. Petrozavodsk : Karel&#8217;skij nau\u010dnyj centr RAN.<\/p>\n<p><strong>O\u0303ispuu, J.<\/strong> 1988: Djor\u017ea-karjalan nominisanasto. Tallinna : Eestin SNT:n tiedeakatemia.<\/p>\n<p><strong>\u00d5ispuu, J.<\/strong> 1994: Karjala keelesaarte s\u00f5namuutmiss\u00fcsteem. Tallinn.<\/p>\n<p><strong>O\u0303ispuu, J.<\/strong> 1995: Djor\u017ea karjala vormis\u00f5nastik : Morphological dictionary of Djor\u017ea Karelian. Tallinn : Tallinna Pedagoogika\u00fclikool.<\/p>\n<p>Oma Mua \u2013lehden uudissanastoa 1990-1997 1999 I-II (<strong>J. \u00d5ispuu<\/strong>)<\/p>\n<p><strong>Ojansuu, H.<\/strong> [1905] 1907: Karjalan kielen opas : kielenn\u00e4ytteit\u00e4, sanakirja ja \u00e4\u00e4nneopillisia esimerkkej\u00e4. Helsinki.<\/p>\n<p><strong>Pamilo, K.<\/strong> 2000: Uuzi abun\u2019iekka.<\/p>\n<p><strong>Penttonen, M.<\/strong> 2007: Karjal-Suomi-Karjal Sanakniigu. Karjalan Kielen Seura ry.<\/p>\n<p><strong>Penttonen, M.<\/strong>, <strong>Kuznetsova, T<\/strong>. 2010: Kuvasanakniigaine. Karjalan Kielen Seura ry.<\/p>\n<p><strong>Pohjanvalo, P. <\/strong>1947: Salmin murteen sanakirja. Suomalaisen Kirjallisuuden Seuran toimituksia, 233. osa. Helsinki: Suomalaisen Kirjallisuuden Seura.<\/p>\n<p><strong>Punttila, M.<\/strong> 1998: Impilahden karjalan sanakirja. Helsinki : Suomalais-ugrilainen seura : Kotimaisten kielten tutkimuskeskus.<\/p>\n<p><strong>Pun\u017eina A. V.<\/strong> 1994: Slovar\u2019 karel\u2019skogo jazyka: tverskije govory. Petrozavodsk.<\/p>\n<p><strong>Py\u00f6li, R.<\/strong> 2016: Sanakirja karjala-suomi. Lahti: N-Paino Oy.<\/p>\n<p><strong>Stepanova, A.<\/strong> 2012: Karjalaisen itkuvirsikielen sanakirja. Helsinki : Suomalaisen Kirjallisuuden Seura.<\/p>\n<p><strong>Tast, J.<\/strong> 2000: Omua t\u0161omua : karjalan kielen sanakniigu anuksen karjalan murdehen libo livvin kielen mugah. Aunuksenkarjalan murteen sanakirja. Helsinki : WSOY.<\/p>\n<p><strong>Turi\u010deva Z.<\/strong>, <strong>Turi\u010dev N.<\/strong> 2011: \u0160y\u00f6mizet tverin karielazin. Kuhnja tverskih karel. Tver.<\/p>\n<p><strong>Turi\u010deva Z.<\/strong> 2001: Arma\u0161 \u0161ana. Luvendakniiga Tverin karielazilla laps?illa. Tver.<\/p>\n<p><strong>Zajkov, P. M.<\/strong> 2015: Russko-karel\u02b9skij slovar\u02b9 (severnokarel\u02b9skie dialekty) : Ven\u00e4j\u00e4-viena \u0161anakirja. Petrozavodsk: Periodika<\/p>\n<p><strong>Zaikov, P.<\/strong>, <strong>Rugojeva, L.<\/strong> 1999: Karjalais-ven\u00e4l\u00e4ini sanakirja : pohjois-karjalaiset murtehet : l\u00e4ss\u00e4 9 tuhatta sanua. Petroskoi : Periodika.<\/p>\n","protected":false},"excerpt":{"rendered":"<p>T\u00e4lle sivulle on ker\u00e4tty luettelo painetuista karjalan kielen sanakirjoista. Luettelossa on mukana sek\u00e4 yksi- ett\u00e4 monikielisi\u00e4 sanakirjoja. Useimmissa monikielisiss\u00e4 sanakirjoissa k\u00e4ytet\u00e4\u00e4n karjalan lis\u00e4ksi suomea tai ven\u00e4j\u00e4\u00e4. Listalla on useita sanakirjoja, joita ei t\u00e4ll\u00e4 hetkell\u00e4 ole mahdollista ostaa mist\u00e4\u00e4n. N\u00e4it\u00e4 vanhempiakin sanakirjoja voi kuitenkin l\u00f6yt\u00e4\u00e4 esimerkiksi kirpputoreilta tai antikvariaateista. Sanakirjoista useimmat, my\u00f6s harvinaisimmat ja vanhimmat, kuuluvat [&hellip;]<\/p>\n","protected":false},"author":580,"featured_media":0,"parent":0,"menu_order":0,"comment_status":"closed","ping_status":"closed","template":"","meta":{"_acf_changed":false,"footnotes":""},"class_list":["post-11047","page","type-page","status-publish","hentry"],"acf":[],"yoast_head":"<!-- This site is optimized with the Yoast SEO plugin v27.3 - https:\/\/yoast.com\/product\/yoast-seo-wordpress\/ -->\n<title>Karjalan kielen painetut sanakirjat - Karjalan kielen elvytt\u00e4minen<\/title>\n<meta name=\"robots\" content=\"index, follow, max-snippet:-1, max-image-preview:large, max-video-preview:-1\" \/>\n<link rel=\"canonical\" href=\"https:\/\/blogs.uef.fi\/karjalanelvytys\/karjalan-kielen-painetut-sanakirjat\/\" \/>\n<meta property=\"og:locale\" content=\"fi_FI\" \/>\n<meta property=\"og:type\" content=\"article\" \/>\n<meta property=\"og:title\" content=\"Karjalan kielen painetut sanakirjat - Karjalan kielen elvytt\u00e4minen\" \/>\n<meta property=\"og:description\" content=\"T\u00e4lle sivulle on ker\u00e4tty luettelo painetuista karjalan kielen sanakirjoista. Luettelossa on mukana sek\u00e4 yksi- ett\u00e4 monikielisi\u00e4 sanakirjoja. Useimmissa monikielisiss\u00e4 sanakirjoissa k\u00e4ytet\u00e4\u00e4n karjalan lis\u00e4ksi suomea tai ven\u00e4j\u00e4\u00e4. Listalla on useita sanakirjoja, joita ei t\u00e4ll\u00e4 hetkell\u00e4 ole mahdollista ostaa mist\u00e4\u00e4n. N\u00e4it\u00e4 vanhempiakin sanakirjoja voi kuitenkin l\u00f6yt\u00e4\u00e4 esimerkiksi kirpputoreilta tai antikvariaateista. Sanakirjoista useimmat, my\u00f6s harvinaisimmat ja vanhimmat, kuuluvat [&hellip;]\" \/>\n<meta property=\"og:url\" content=\"https:\/\/blogs.uef.fi\/karjalanelvytys\/karjalan-kielen-painetut-sanakirjat\/\" \/>\n<meta property=\"og:site_name\" content=\"Karjalan kielen elvytt\u00e4minen\" \/>\n<meta name=\"twitter:card\" content=\"summary_large_image\" \/>\n<meta name=\"twitter:label1\" content=\"Arvioitu lukuaika\" \/>\n\t<meta name=\"twitter:data1\" content=\"5 minuuttia\" \/>\n<script type=\"application\/ld+json\" class=\"yoast-schema-graph\">{\"@context\":\"https:\\\/\\\/schema.org\",\"@graph\":[{\"@type\":\"WebPage\",\"@id\":\"https:\\\/\\\/blogs.uef.fi\\\/karjalanelvytys\\\/karjalan-kielen-painetut-sanakirjat\\\/\",\"url\":\"https:\\\/\\\/blogs.uef.fi\\\/karjalanelvytys\\\/karjalan-kielen-painetut-sanakirjat\\\/\",\"name\":\"Karjalan kielen painetut sanakirjat - Karjalan kielen elvytt\u00e4minen\",\"isPartOf\":{\"@id\":\"https:\\\/\\\/blogs.uef.fi\\\/karjalanelvytys\\\/#website\"},\"datePublished\":\"2023-06-16T11:48:59+00:00\",\"breadcrumb\":{\"@id\":\"https:\\\/\\\/blogs.uef.fi\\\/karjalanelvytys\\\/karjalan-kielen-painetut-sanakirjat\\\/#breadcrumb\"},\"inLanguage\":\"fi\",\"potentialAction\":[{\"@type\":\"ReadAction\",\"target\":[\"https:\\\/\\\/blogs.uef.fi\\\/karjalanelvytys\\\/karjalan-kielen-painetut-sanakirjat\\\/\"]}]},{\"@type\":\"BreadcrumbList\",\"@id\":\"https:\\\/\\\/blogs.uef.fi\\\/karjalanelvytys\\\/karjalan-kielen-painetut-sanakirjat\\\/#breadcrumb\",\"itemListElement\":[{\"@type\":\"ListItem\",\"position\":1,\"name\":\"Home\",\"item\":\"https:\\\/\\\/blogs.uef.fi\\\/karjalanelvytys\\\/\"},{\"@type\":\"ListItem\",\"position\":2,\"name\":\"Karjalan kielen painetut sanakirjat\"}]},{\"@type\":\"WebSite\",\"@id\":\"https:\\\/\\\/blogs.uef.fi\\\/karjalanelvytys\\\/#website\",\"url\":\"https:\\\/\\\/blogs.uef.fi\\\/karjalanelvytys\\\/\",\"name\":\"Karjalan kielen elvytt\u00e4minen\",\"description\":\"\",\"potentialAction\":[{\"@type\":\"SearchAction\",\"target\":{\"@type\":\"EntryPoint\",\"urlTemplate\":\"https:\\\/\\\/blogs.uef.fi\\\/karjalanelvytys\\\/?s={search_term_string}\"},\"query-input\":{\"@type\":\"PropertyValueSpecification\",\"valueRequired\":true,\"valueName\":\"search_term_string\"}}],\"inLanguage\":\"fi\"}]}<\/script>\n<!-- \/ Yoast SEO plugin. -->","yoast_head_json":{"title":"Karjalan kielen painetut sanakirjat - Karjalan kielen elvytt\u00e4minen","robots":{"index":"index","follow":"follow","max-snippet":"max-snippet:-1","max-image-preview":"max-image-preview:large","max-video-preview":"max-video-preview:-1"},"canonical":"https:\/\/blogs.uef.fi\/karjalanelvytys\/karjalan-kielen-painetut-sanakirjat\/","og_locale":"fi_FI","og_type":"article","og_title":"Karjalan kielen painetut sanakirjat - Karjalan kielen elvytt\u00e4minen","og_description":"T\u00e4lle sivulle on ker\u00e4tty luettelo painetuista karjalan kielen sanakirjoista. Luettelossa on mukana sek\u00e4 yksi- ett\u00e4 monikielisi\u00e4 sanakirjoja. Useimmissa monikielisiss\u00e4 sanakirjoissa k\u00e4ytet\u00e4\u00e4n karjalan lis\u00e4ksi suomea tai ven\u00e4j\u00e4\u00e4. Listalla on useita sanakirjoja, joita ei t\u00e4ll\u00e4 hetkell\u00e4 ole mahdollista ostaa mist\u00e4\u00e4n. N\u00e4it\u00e4 vanhempiakin sanakirjoja voi kuitenkin l\u00f6yt\u00e4\u00e4 esimerkiksi kirpputoreilta tai antikvariaateista. Sanakirjoista useimmat, my\u00f6s harvinaisimmat ja vanhimmat, kuuluvat [&hellip;]","og_url":"https:\/\/blogs.uef.fi\/karjalanelvytys\/karjalan-kielen-painetut-sanakirjat\/","og_site_name":"Karjalan kielen elvytt\u00e4minen","twitter_card":"summary_large_image","twitter_misc":{"Arvioitu lukuaika":"5 minuuttia"},"schema":{"@context":"https:\/\/schema.org","@graph":[{"@type":"WebPage","@id":"https:\/\/blogs.uef.fi\/karjalanelvytys\/karjalan-kielen-painetut-sanakirjat\/","url":"https:\/\/blogs.uef.fi\/karjalanelvytys\/karjalan-kielen-painetut-sanakirjat\/","name":"Karjalan kielen painetut sanakirjat - Karjalan kielen elvytt\u00e4minen","isPartOf":{"@id":"https:\/\/blogs.uef.fi\/karjalanelvytys\/#website"},"datePublished":"2023-06-16T11:48:59+00:00","breadcrumb":{"@id":"https:\/\/blogs.uef.fi\/karjalanelvytys\/karjalan-kielen-painetut-sanakirjat\/#breadcrumb"},"inLanguage":"fi","potentialAction":[{"@type":"ReadAction","target":["https:\/\/blogs.uef.fi\/karjalanelvytys\/karjalan-kielen-painetut-sanakirjat\/"]}]},{"@type":"BreadcrumbList","@id":"https:\/\/blogs.uef.fi\/karjalanelvytys\/karjalan-kielen-painetut-sanakirjat\/#breadcrumb","itemListElement":[{"@type":"ListItem","position":1,"name":"Home","item":"https:\/\/blogs.uef.fi\/karjalanelvytys\/"},{"@type":"ListItem","position":2,"name":"Karjalan kielen painetut sanakirjat"}]},{"@type":"WebSite","@id":"https:\/\/blogs.uef.fi\/karjalanelvytys\/#website","url":"https:\/\/blogs.uef.fi\/karjalanelvytys\/","name":"Karjalan kielen elvytt\u00e4minen","description":"","potentialAction":[{"@type":"SearchAction","target":{"@type":"EntryPoint","urlTemplate":"https:\/\/blogs.uef.fi\/karjalanelvytys\/?s={search_term_string}"},"query-input":{"@type":"PropertyValueSpecification","valueRequired":true,"valueName":"search_term_string"}}],"inLanguage":"fi"}]}},"_links":{"self":[{"href":"https:\/\/blogs.uef.fi\/karjalanelvytys\/wp-json\/wp\/v2\/pages\/11047","targetHints":{"allow":["GET"]}}],"collection":[{"href":"https:\/\/blogs.uef.fi\/karjalanelvytys\/wp-json\/wp\/v2\/pages"}],"about":[{"href":"https:\/\/blogs.uef.fi\/karjalanelvytys\/wp-json\/wp\/v2\/types\/page"}],"author":[{"embeddable":true,"href":"https:\/\/blogs.uef.fi\/karjalanelvytys\/wp-json\/wp\/v2\/users\/580"}],"replies":[{"embeddable":true,"href":"https:\/\/blogs.uef.fi\/karjalanelvytys\/wp-json\/wp\/v2\/comments?post=11047"}],"version-history":[{"count":2,"href":"https:\/\/blogs.uef.fi\/karjalanelvytys\/wp-json\/wp\/v2\/pages\/11047\/revisions"}],"predecessor-version":[{"id":11067,"href":"https:\/\/blogs.uef.fi\/karjalanelvytys\/wp-json\/wp\/v2\/pages\/11047\/revisions\/11067"}],"wp:attachment":[{"href":"https:\/\/blogs.uef.fi\/karjalanelvytys\/wp-json\/wp\/v2\/media?parent=11047"}],"curies":[{"name":"wp","href":"https:\/\/api.w.org\/{rel}","templated":true}]}}